{"id":57313,"date":"2020-05-25T09:37:39","date_gmt":"2020-05-25T07:37:39","guid":{"rendered":"https:\/\/rivierabarcrawltours.com\/a-propos-de-nous\/"},"modified":"2026-02-16T12:02:58","modified_gmt":"2026-02-16T11:02:58","slug":"a-propos-de-nous","status":"publish","type":"page","link":"https:\/\/rivierabarcrawltours.com\/fr\/a-propos-de-nous\/","title":{"rendered":"A propos"},"content":{"rendered":"<div class=\"wpb-content-wrapper\"><p>[vc_row full_width=\u00a0\u00bbstretch_row_content_no_spaces\u00a0\u00bb row_fullwidth=\u00a0\u00bbyes\u00a0\u00bb][vc_column][vc_column_text]<strong>RIVIERA BAR CRAWL TOURS \u00c0 PROPOS DE NOUS :<\/strong>[\/vc_column_text][vc_column_text css=\u00a0\u00bb\u00a0\u00bb]<strong>VISION (pourquoi) :<\/strong><\/p>\n<p>Des exp\u00e9riences sociales amusantes qui aident les gens \u00e0 cr\u00e9er des liens et \u00e0 c\u00e9l\u00e9brer la vie de chacun dans le monde.<\/p>\n<p><strong>MISSIONS (comment) :<\/strong><\/p>\n<ul>\n<li>D\u00e9velopper des exp\u00e9riences ludiques pour le divertissement, les loisirs et le bien-\u00eatre<\/li>\n<li>Rassembler des personnes de toutes les nationalit\u00e9s et de tous les milieux socio-\u00e9conomiques<\/li>\n<li>Favoriser la d\u00e9couverte des destinations touristiques et promouvoir la culture et le patrimoine locaux<\/li>\n<li>Participer au d\u00e9veloppement d&rsquo;une \u00e9conomie sociale et solidaire<\/li>\n<li>Respecter les personnes, l&rsquo;environnement et les modes de vie locaux<\/li>\n<li>D\u00e9velopper le concept dans le monde entier<\/li>\n<\/ul>\n<p><strong>LA CULTURE D&rsquo;ENTREPRISE LES VALEURS :  <\/strong><\/p>\n<p>1) <strong>Cr\u00e9er une \u00e9quipe cr\u00e9ative :<\/strong> Nous encourageons la diversit\u00e9 des id\u00e9es, des opinions et des points de vue constructifs. Nous soutenons les membres de l&rsquo;\u00e9quipe qui prennent l&rsquo;initiative de r\u00e9soudre les probl\u00e8mes et participent activement \u00e0 la r\u00e9ussite de leur \u00e9quipe et de l&rsquo;entreprise. Ils s&rsquo;approprient les situations et travaillent avec l&rsquo;\u00e9quipe pour relever les d\u00e9fis.  <\/p>\n<p>2) <strong>Communication non violente :<\/strong> exprimer ses sentiments et ses besoins plut\u00f4t que de porter des jugements. Empathie : \u00e9couter avec bienveillance ce que dit l&rsquo;autre personne, \u00eatre attentif \u00e0 son point de vue. Il s&rsquo;agit de comprendre ses sentiments et ses besoins. Responsabilit\u00e9 : assumer la responsabilit\u00e9 de ce que nous disons, de ce que nous faisons et de nos intentions.   <\/p>\n<p>3) <strong>Apprendre et s&rsquo;am\u00e9liorer :<\/strong> Nous devenons nos propres experts \u00e0 chaque fois que nous pratiquons. La plus grande expertise que nous demandons \u00e0 nos recrues est celle d&rsquo;apprendre, de s&rsquo;adapter et de trouver des solutions. Afin d&rsquo;aider l&rsquo;entreprise \u00e0 grandir et, par l\u00e0 m\u00eame, \u00e0 grandir elle-m\u00eame. Nous apprenons de nos erreurs.   <\/p>\n<p>4) <strong>Innovez et impulsez le changement :<\/strong> Apportez une am\u00e9lioration au moins une fois par semaine pour \u00eatre une meilleure entreprise. Le g\u00e9nie est dans les d\u00e9tails et c&rsquo;est dans les d\u00e9tails que nous innovons. Innovez et am\u00e9liorez continuellement.  <\/p>\n<p>5)<strong> Stimuler la joie de vivre :<\/strong> Cr\u00e9ez des exp\u00e9riences amusantes et jouez comme des enfants<\/p>\n<p>6) <strong>Passion et d\u00e9termination : <\/strong>La passion est ce qui nous motive parce que nous aimons ce que nous faisons et que nous sommes d\u00e9termin\u00e9s \u00e0 atteindre nos objectifs. La passion nous anime parce que nous aimons ce que nous faisons et que nous sommes d\u00e9termin\u00e9s \u00e0 atteindre nos objectifs. <\/p>\n<p>7) L&rsquo;<strong>humilit\u00e9 :<\/strong> Soyez fiers de nos succ\u00e8s individuels et collectifs, mais cela ne nous donne pas le droit d&rsquo;\u00eatre arrogants et de traiter les autres diff\u00e9remment de ce que nous voulons \u00eatre trait\u00e9s nous-m\u00eames. Nous sommes une \u00e9quipe et nous savons que notre succ\u00e8s d\u00e9pend des autres. <\/p>\n<p>8) <strong>Simplicit\u00e9 :<\/strong> La simplicit\u00e9 est la base de la rapidit\u00e9 d&rsquo;ex\u00e9cution et de la confiance. La simplicit\u00e9 de l&rsquo;organisation et des processus internes de l&rsquo;entreprise est cruciale pour la performance et procure un sentiment d&rsquo;utilit\u00e9 et de motivation aux collaborateurs et aux partenaires. <\/p>\n<p>9) <strong>La discipline :<\/strong> La discipline, c&rsquo;est-\u00e0-dire le respect des r\u00e8gles, est une valeur importante pour exceller dans son travail ! Elle est indispensable \u00e0 l&rsquo;exercice d&rsquo;une activit\u00e9 professionnelle. Elle implique l&rsquo;\u00e9coute, le respect des r\u00e8gles et le respect des responsables et de l&rsquo;\u00e9quipe.  <\/p>\n<p><strong>10) L&rsquo;authenticit\u00e9 : <\/strong>Oser dire sa v\u00e9rit\u00e9 est un art qui s&rsquo;apprend et qui permet d&rsquo;offrir un \u00e9clairage pr\u00e9cieux sur ce qui se passe en soi et au sein des \u00e9quipes professionnelles, afin de construire des relations bas\u00e9es sur la confiance et le respect.<\/p>\n<p><strong>SERVICES (Quoi) :  <\/strong><\/p>\n<ul>\n<li>\n<p data-path-to-node=\"3,0,0\">Bar Crawls<\/p>\n<\/li>\n<li>\n<p data-path-to-node=\"3,1,0\">F\u00eate du bateau<\/p>\n<\/li>\n<li>\n<p data-path-to-node=\"3,2,0\">Exp\u00e9riences de cocktails<\/p>\n<\/li>\n<li>\n<p data-path-to-node=\"3,3,0\">Visites et exp\u00e9riences personnalis\u00e9es<\/p>\n<\/li>\n<li>\n<p data-path-to-node=\"3,4,0\">Excursions d&rsquo;une journ\u00e9e<\/p>\n<\/li>\n<li>\n<p data-path-to-node=\"3,5,0\">Visites guid\u00e9es de l&rsquo;alimentation<\/p>\n<\/li>\n<li>\n<p data-path-to-node=\"3,6,0\">F\u00eate de la piscine<\/p>\n<\/li>\n<li>\n<p data-path-to-node=\"3,7,0\">Exp\u00e9riences sur le toit<\/p>\n<\/li>\n<li>\n<p data-path-to-node=\"3,8,0\">Visites autoguid\u00e9es<\/p>\n<\/li>\n<li>\n<p data-path-to-node=\"3,9,0\">Visites guid\u00e9es<\/p>\n<\/li>\n<li>\n<p data-path-to-node=\"3,10,0\">Exp\u00e9riences dans les bars clandestins<\/p>\n<\/li>\n<li>\n<p data-path-to-node=\"3,11,0\">Exp\u00e9riences sportives<\/p>\n<\/li>\n<li>\n<p data-path-to-node=\"3,12,0\">Visites \u00e0 pied<\/p>\n<\/li>\n<\/ul>\n<p>[\/vc_column_text][vc_column_text css=\u00a0\u00bb.vc_custom_1765379558764{background-color: #ffffff !important;}\u00a0\u00bb]<\/p>\n<p style=\"text-align: center;\"><strong>LES MARQUES : RIVIERA BAR CRAWL TOURS  <\/strong><\/p>\n<p>[\/vc_column_text][\/vc_column][\/vc_row][vc_row full_width=\u00a0\u00bbstretch_row_content_no_spaces\u00a0\u00bb row_fullwidth=\u00a0\u00bbyes\u00a0\u00bb css=\u00a0\u00bb.vc_custom_1708623409474{background-color: #ffffff !important;}\u00a0\u00bb][vc_column][vc_row_inner][vc_column_inner width=\u00a0\u00bb1\/4&Prime;][vc_column_text]<strong>F\u00caTES DE LA C\u00d4TE D&rsquo;AZUR \/ <\/strong><\/p>\n<p><strong>Services de gestion d&rsquo;\u00e9v\u00e9nements<\/strong>[\/vc_column_text][vc_single_image image=\u00a0\u00bb58737&Prime; img_size=\u00a0\u00bb200X100&Prime; onclick=\u00a0\u00bbcustom_link\u00a0\u00bb link=\u00a0\u00bbhttps:\/\/frenchrivieraparties.com\/\u00a0\u00bb][\/vc_column_inner][vc_column_inner width=\u00a0\u00bb1\/4&Prime;][vc_column_text]<strong>RIVIERA BOAT PARTY\/ <\/strong><\/p>\n<p><b>Ev\u00e9nements<\/b>[\/vc_column_text][vc_single_image image=\u00a0\u00bb111456&Prime; img_size=\u00a0\u00bb200X100&Prime; onclick=\u00a0\u00bbcustom_link\u00a0\u00bb link=\u00a0\u00bbhttps:\/\/rivieraboatparty.com\/\u00a0\u00bb][\/vc_column_inner][vc_column_inner width=\u00a0\u00bb1\/4&Prime;][\/vc_column_inner][vc_column_inner width=\u00a0\u00bb1\/4&Prime;][\/vc_column_inner][\/vc_row_inner][\/vc_column][\/vc_row][vc_row full_width=\u00a0\u00bbstretch_row_content_no_spaces\u00a0\u00bb row_fullwidth=\u00a0\u00bbyes\u00a0\u00bb css=\u00a0\u00bb.vc_custom_1708622869571{background-color: #000000 !important;}\u00a0\u00bb][vc_column][\/vc_column][vc_column css=\u00a0\u00bb.vc_custom_1543386510262{padding-right: 0px !important;padding-left: 0px !important;}\u00a0\u00bb][vc_column_text css=\u00a0\u00bb.vc_custom_1708623651663{background-color: #ffffff !important;}\u00a0\u00bb]<\/p>\n<p style=\"text-align: center;\"><strong>L&rsquo;\u00c9QUIPE RIVIERA<\/strong><\/p>\n<p>[\/vc_column_text]<div class=\"st-aboutus-gallery\">\r\n            <div class=\"st-flickity st-gallery\">\r\n            <div class=\"carousel\"\r\n                 data-flickity='{ \"wrapAround\": true, \"pageDots\": true , \"autoPlay\" : true}'>\r\n                                    <div class=\"item\" style=\"background-image: url('https:\/\/rivierabarcrawltours.com\/wp-content\/uploads\/2021\/07\/Riviera-Bar-Crawl-Tours-3-1.jpg')\"><\/div>\r\n                                        <div class=\"item\" style=\"background-image: url('https:\/\/rivierabarcrawltours.com\/wp-content\/uploads\/2021\/07\/Riviera-Bar-Crawl-Tours-4-1.jpg')\"><\/div>\r\n                                        <div class=\"item\" style=\"background-image: url('https:\/\/rivierabarcrawltours.com\/wp-content\/uploads\/2021\/07\/Riviera-Bar-Crawl-Tours-6.jpg')\"><\/div>\r\n                                        <div class=\"item\" style=\"background-image: url('https:\/\/rivierabarcrawltours.com\/wp-content\/uploads\/2021\/07\/Riviera-Bar-Crawl-Tours-10.jpg')\"><\/div>\r\n                                <\/div>\r\n            <div class=\"slogan\">\r\n                <h4>Riviera Bar Crawl &amp; Tours<\/h4>\r\n                                        <a href=\"https:\/\/docs.google.com\/forms\/d\/1wrOAWtR5YT3r7BEd8X_1ErwMDUDnBaJjHPQtQTlzxR4\/viewform?edit_requested=true\" target=\"_blank\" class=\"btn btn-primary\">Join Our Team<\/a>\r\n                                <\/div>\r\n        <\/div>\r\n    <\/div>\r\n[vc_empty_space height=\u00a0\u00bb140px\u00a0\u00bb][\/vc_column][\/vc_row][vc_row][vc_column]\n<div class=\"wpcf7 no-js\" id=\"wpcf7-f62606-o1\" lang=\"en-US\" dir=\"ltr\" data-wpcf7-id=\"62606\">\n<div class=\"screen-reader-response\"><p role=\"status\" aria-live=\"polite\" aria-atomic=\"true\"><\/p> <ul><\/ul><\/div>\n<form action=\"\/fr\/wp-json\/wp\/v2\/pages\/57313#wpcf7-f62606-o1\" method=\"post\" class=\"wpcf7-form init\" aria-label=\"Contact form\" novalidate=\"novalidate\" data-status=\"init\">\n<fieldset class=\"hidden-fields-container\"><input type=\"hidden\" name=\"_wpcf7\" value=\"62606\" \/><input type=\"hidden\" name=\"_wpcf7_version\" value=\"6.1.5\" \/><input type=\"hidden\" name=\"_wpcf7_locale\" value=\"en_US\" \/><input type=\"hidden\" name=\"_wpcf7_unit_tag\" value=\"wpcf7-f62606-o1\" \/><input type=\"hidden\" name=\"_wpcf7_container_post\" value=\"0\" \/><input type=\"hidden\" name=\"_wpcf7_posted_data_hash\" value=\"\" \/><input type=\"hidden\" name=\"_wpcf7_recaptcha_response\" value=\"\" \/>\n<\/fieldset>\n<div class=\"st-contact-form\">\n\t<div class=\"contact-header\">\n\t\t<h3>We'd love to hear from you\n\t\t<\/h3>\n\t\t<p>Send us a message and we'll respond as soon as possible\n\t\t<\/p>\n\t<\/div>\n\t<div class=\"contact-form\">\n\t\t<div class=\"form-group\">\n\t\t\t<p><span class=\"wpcf7-form-control-wrap\" data-name=\"your-name\"><input size=\"40\" maxlength=\"400\" class=\"wpcf7-form-control wpcf7-text wpcf7-validates-as-required form-control\" aria-required=\"true\" aria-invalid=\"false\" placeholder=\"Name\" value=\"\" type=\"text\" name=\"your-name\" \/><\/span>\n\t\t\t<\/p>\n\t\t<\/div>\n\t\t<div class=\"form-group\">\n\t\t\t<p><span class=\"wpcf7-form-control-wrap\" data-name=\"your-email\"><input size=\"40\" maxlength=\"400\" class=\"wpcf7-form-control wpcf7-email wpcf7-validates-as-required wpcf7-text wpcf7-validates-as-email form-control\" aria-required=\"true\" aria-invalid=\"false\" placeholder=\"Email\" value=\"\" type=\"email\" name=\"your-email\" \/><\/span>\n\t\t\t<\/p>\n\t\t<\/div>\n\t\t<div class=\"form-group\">\n\t\t\t<p><span class=\"wpcf7-form-control-wrap\" data-name=\"your-message\"><textarea cols=\"40\" rows=\"10\" maxlength=\"2000\" class=\"wpcf7-form-control wpcf7-textarea form-control\" aria-invalid=\"false\" placeholder=\"Message\" name=\"your-message\"><\/textarea><\/span>\n\t\t\t<\/p>\n\t\t<\/div>\n\t<span class=\"wpcf7-form-control-wrap recaptcha\" data-name=\"recaptcha\"><span data-sitekey=\"6LdJz1AaAAAAACdpzuGXVjdcRmpNNTMel9zmPCUG\" class=\"wpcf7-form-control wpcf7-recaptcha g-recaptcha\"><\/span>\r\n<noscript>\r\n\t<div class=\"grecaptcha-noscript\">\r\n\t\t<iframe loading=\"lazy\" src=\"https:\/\/www.google.com\/recaptcha\/api\/fallback?k=6LdJz1AaAAAAACdpzuGXVjdcRmpNNTMel9zmPCUG\" frameborder=\"0\" scrolling=\"no\" width=\"310\" height=\"430\">\r\n\t\t<\/iframe>\r\n\t\t<textarea name=\"g-recaptcha-response\" rows=\"3\" cols=\"40\" placeholder=\"reCaptcha Response Here\">\r\n\t\t<\/textarea>\r\n\t<\/div>\r\n<\/noscript>\r\n<\/span>\n\t\t<p><input class=\"wpcf7-form-control wpcf7-submit has-spinner btn btn-primary\" type=\"submit\" value=\"SEND MESSAGE\" \/>\n\t\t<\/p>\n\t<\/div>\n<\/div><div class=\"wpcf7-response-output\" aria-hidden=\"true\"><\/div>\n<\/form>\n<\/div>\n[\/vc_column][\/vc_row]<\/p>\n<\/div>","protected":false},"excerpt":{"rendered":"<p>[vc_row full_width=\u00a0\u00bbstretch_row_content_no_spaces\u00a0\u00bb row_fullwidth=\u00a0\u00bbyes\u00a0\u00bb][vc_column][vc_column_text]RIVIERA BAR CRAWL TOURS \u00c0 PROPOS DE NOUS :[\/vc_column_text][vc_column_text css=\u00a0\u00bb\u00a0\u00bb]VISION (pourquoi) : Des exp\u00e9riences sociales amusantes qui aident les gens \u00e0 cr\u00e9er des liens et \u00e0 c\u00e9l\u00e9brer la vie de chacun dans le monde. MISSIONS (comment) : D\u00e9velopper des exp\u00e9riences ludiques pour le divertissement, les loisirs et le bien-\u00eatre Rassembler des personnes de [&hellip;]<\/p>\n","protected":false},"author":2,"featured_media":111559,"parent":0,"menu_order":0,"comment_status":"closed","ping_status":"closed","template":"template-home-modern.php","meta":{"_acf_changed":false,"footnotes":""},"class_list":["post-57313","page","type-page","status-publish","has-post-thumbnail","hentry"],"acf":[],"yoast_head":"<!-- This site is optimized with the Yoast SEO plugin v27.5 - https:\/\/yoast.com\/product\/yoast-seo-wordpress\/ -->\n<title>Riviera Bar Crawl &amp; Tours Exp\u00e9riences amusantes de jour et de nuit<\/title>\n<meta name=\"description\" content=\"Amusez-vous, d\u00e9couvrez de nouvelles exp\u00e9riences de jour comme de nuit et faites-vous de nouveaux amis. Rejoignez Riviera Bar Crawl &amp; Tours Exp\u00e9riences amusantes de jour et de nuit\" \/>\n<meta name=\"robots\" content=\"index, follow, max-snippet:-1, max-image-preview:large, max-video-preview:-1\" \/>\n<link rel=\"canonical\" href=\"https:\/\/rivierabarcrawltours.com\/fr\/a-propos-de-nous\/\" \/>\n<meta property=\"og:locale\" content=\"fr_FR\" \/>\n<meta property=\"og:type\" content=\"article\" \/>\n<meta property=\"og:title\" content=\"Riviera Bar Crawl &amp; Tours Exp\u00e9riences amusantes de jour et de nuit\" \/>\n<meta property=\"og:description\" content=\"Amusez-vous, d\u00e9couvrez de nouvelles exp\u00e9riences de jour comme de nuit et faites-vous de nouveaux amis. Rejoignez Riviera Bar Crawl &amp; Tours Exp\u00e9riences amusantes de jour et de nuit\" \/>\n<meta property=\"og:url\" content=\"https:\/\/rivierabarcrawltours.com\/fr\/a-propos-de-nous\/\" \/>\n<meta property=\"og:site_name\" content=\"Riviera Bar Crawl Tours\" \/>\n<meta property=\"article:publisher\" content=\"https:\/\/www.facebook.com\/RivieraBarCrawltours\/\" \/>\n<meta property=\"article:modified_time\" content=\"2026-02-16T11:02:58+00:00\" \/>\n<meta property=\"og:image\" content=\"https:\/\/rivierabarcrawltours.com\/wp-content\/uploads\/2024\/02\/faq-Riviera-bar-crawl-tours.jpg\" \/>\n\t<meta property=\"og:image:width\" content=\"1920\" \/>\n\t<meta property=\"og:image:height\" content=\"1080\" \/>\n\t<meta property=\"og:image:type\" content=\"image\/jpeg\" \/>\n<meta name=\"twitter:card\" content=\"summary_large_image\" \/>\n<meta name=\"twitter:site\" content=\"@rivierabarcrawl\" \/>\n<meta name=\"twitter:label1\" content=\"Dur\u00e9e de lecture estim\u00e9e\" \/>\n\t<meta name=\"twitter:data1\" content=\"5 minutes\" \/>\n<!-- \/ Yoast SEO plugin. -->","yoast_head_json":{"title":"Riviera Bar Crawl & Tours Exp\u00e9riences amusantes de jour et de nuit","description":"Amusez-vous, d\u00e9couvrez de nouvelles exp\u00e9riences de jour comme de nuit et faites-vous de nouveaux amis. Rejoignez Riviera Bar Crawl & Tours Exp\u00e9riences amusantes de jour et de nuit","robots":{"index":"index","follow":"follow","max-snippet":"max-snippet:-1","max-image-preview":"max-image-preview:large","max-video-preview":"max-video-preview:-1"},"canonical":"https:\/\/rivierabarcrawltours.com\/fr\/a-propos-de-nous\/","og_locale":"fr_FR","og_type":"article","og_title":"Riviera Bar Crawl & Tours Exp\u00e9riences amusantes de jour et de nuit","og_description":"Amusez-vous, d\u00e9couvrez de nouvelles exp\u00e9riences de jour comme de nuit et faites-vous de nouveaux amis. Rejoignez Riviera Bar Crawl & Tours Exp\u00e9riences amusantes de jour et de nuit","og_url":"https:\/\/rivierabarcrawltours.com\/fr\/a-propos-de-nous\/","og_site_name":"Riviera Bar Crawl Tours","article_publisher":"https:\/\/www.facebook.com\/RivieraBarCrawltours\/","article_modified_time":"2026-02-16T11:02:58+00:00","og_image":[{"width":1920,"height":1080,"url":"https:\/\/rivierabarcrawltours.com\/wp-content\/uploads\/2024\/02\/faq-Riviera-bar-crawl-tours.jpg","type":"image\/jpeg"}],"twitter_card":"summary_large_image","twitter_site":"@rivierabarcrawl","twitter_misc":{"Dur\u00e9e de lecture estim\u00e9e":"5 minutes"},"schema":{"@context":"https:\/\/schema.org","@graph":[{"@type":"WebPage","@id":"https:\/\/rivierabarcrawltours.com\/fr\/a-propos-de-nous\/","url":"https:\/\/rivierabarcrawltours.com\/fr\/a-propos-de-nous\/","name":"Riviera Bar Crawl & Tours Exp\u00e9riences amusantes de jour et de nuit","isPartOf":{"@id":"https:\/\/rivierabarcrawltours.com\/#website"},"primaryImageOfPage":{"@id":"https:\/\/rivierabarcrawltours.com\/fr\/a-propos-de-nous\/#primaryimage"},"image":{"@id":"https:\/\/rivierabarcrawltours.com\/fr\/a-propos-de-nous\/#primaryimage"},"thumbnailUrl":"https:\/\/rivierabarcrawltours.com\/wp-content\/uploads\/2024\/02\/faq-Riviera-bar-crawl-tours.jpg","datePublished":"2020-05-25T07:37:39+00:00","dateModified":"2026-02-16T11:02:58+00:00","description":"Amusez-vous, d\u00e9couvrez de nouvelles exp\u00e9riences de jour comme de nuit et faites-vous de nouveaux amis. Rejoignez Riviera Bar Crawl & Tours Exp\u00e9riences amusantes de jour et de nuit","breadcrumb":{"@id":"https:\/\/rivierabarcrawltours.com\/fr\/a-propos-de-nous\/#breadcrumb"},"inLanguage":"fr-FR","potentialAction":[{"@type":"ReadAction","target":["https:\/\/rivierabarcrawltours.com\/fr\/a-propos-de-nous\/"]}]},{"@type":"ImageObject","inLanguage":"fr-FR","@id":"https:\/\/rivierabarcrawltours.com\/fr\/a-propos-de-nous\/#primaryimage","url":"https:\/\/rivierabarcrawltours.com\/wp-content\/uploads\/2024\/02\/faq-Riviera-bar-crawl-tours.jpg","contentUrl":"https:\/\/rivierabarcrawltours.com\/wp-content\/uploads\/2024\/02\/faq-Riviera-bar-crawl-tours.jpg","width":1920,"height":1080},{"@type":"BreadcrumbList","@id":"https:\/\/rivierabarcrawltours.com\/fr\/a-propos-de-nous\/#breadcrumb","itemListElement":[{"@type":"ListItem","position":1,"name":"Home","item":"https:\/\/rivierabarcrawltours.com\/fr\/"},{"@type":"ListItem","position":2,"name":"A propos"}]},{"@type":"WebSite","@id":"https:\/\/rivierabarcrawltours.com\/#website","url":"https:\/\/rivierabarcrawltours.com\/","name":"Riviera Bar Crawl Tours","description":"Fun Day &amp; Night Experiences I Tour operator I Guided Tours I Bar Crawls I Food Tours I","publisher":{"@id":"https:\/\/rivierabarcrawltours.com\/#organization"},"potentialAction":[{"@type":"SearchAction","target":{"@type":"EntryPoint","urlTemplate":"https:\/\/rivierabarcrawltours.com\/?s={search_term_string}"},"query-input":{"@type":"PropertyValueSpecification","valueRequired":true,"valueName":"search_term_string"}}],"inLanguage":"fr-FR"},{"@type":"Organization","@id":"https:\/\/rivierabarcrawltours.com\/#organization","name":"Riviera Bar Crawl Tours","url":"https:\/\/rivierabarcrawltours.com\/","logo":{"@type":"ImageObject","inLanguage":"fr-FR","@id":"https:\/\/rivierabarcrawltours.com\/#\/schema\/logo\/image\/","url":"https:\/\/rivierabarcrawltours.com\/wp-content\/uploads\/2019\/07\/logo.png","contentUrl":"https:\/\/rivierabarcrawltours.com\/wp-content\/uploads\/2019\/07\/logo.png","width":479,"height":453,"caption":"Riviera Bar Crawl Tours"},"image":{"@id":"https:\/\/rivierabarcrawltours.com\/#\/schema\/logo\/image\/"},"sameAs":["https:\/\/www.facebook.com\/RivieraBarCrawltours\/","https:\/\/x.com\/rivierabarcrawl"]}]}},"_links":{"self":[{"href":"https:\/\/rivierabarcrawltours.com\/fr\/wp-json\/wp\/v2\/pages\/57313","targetHints":{"allow":["GET"]}}],"collection":[{"href":"https:\/\/rivierabarcrawltours.com\/fr\/wp-json\/wp\/v2\/pages"}],"about":[{"href":"https:\/\/rivierabarcrawltours.com\/fr\/wp-json\/wp\/v2\/types\/page"}],"author":[{"embeddable":true,"href":"https:\/\/rivierabarcrawltours.com\/fr\/wp-json\/wp\/v2\/users\/2"}],"replies":[{"embeddable":true,"href":"https:\/\/rivierabarcrawltours.com\/fr\/wp-json\/wp\/v2\/comments?post=57313"}],"version-history":[{"count":33,"href":"https:\/\/rivierabarcrawltours.com\/fr\/wp-json\/wp\/v2\/pages\/57313\/revisions"}],"predecessor-version":[{"id":125529,"href":"https:\/\/rivierabarcrawltours.com\/fr\/wp-json\/wp\/v2\/pages\/57313\/revisions\/125529"}],"wp:featuredmedia":[{"embeddable":true,"href":"https:\/\/rivierabarcrawltours.com\/fr\/wp-json\/wp\/v2\/media\/111559"}],"wp:attachment":[{"href":"https:\/\/rivierabarcrawltours.com\/fr\/wp-json\/wp\/v2\/media?parent=57313"}],"curies":[{"name":"wp","href":"https:\/\/api.w.org\/{rel}","templated":true}]}}