{"id":24178,"date":"2019-07-25T19:10:20","date_gmt":"2019-07-25T17:10:20","guid":{"rendered":"https:\/\/rivierabarcrawltours.com\/nous-contacter\/"},"modified":"2026-02-16T10:25:26","modified_gmt":"2026-02-16T09:25:26","slug":"nous-contacter","status":"publish","type":"page","link":"https:\/\/rivierabarcrawltours.com\/fr\/nous-contacter\/","title":{"rendered":"Contactez nous"},"content":{"rendered":"<div class=\"wpb-content-wrapper\"><p>[vc_row][vc_column][vc_empty_space height=\u00a0\u00bb75px\u00a0\u00bb][\/vc_column][\/vc_row][vc_row][vc_column]<a href=\"\/faq\/\" class=\"btn btn-success btn-normal btn-ghost\">FREQUENTLY ASKED QUESTIONS<\/a>[vc_column_text css=\u00a0\u00bb.vc_custom_1765121520013{margin-top: 65px !important;}\u00a0\u00bb]<\/p>\n<h2 data-path-to-node=\"2\"><strong>\ud83d\udcde Besoin d&rsquo;aide ? Contactez nous ! <\/strong><\/h2>\n<p data-path-to-node=\"3\">Notre objectif est de rendre la recherche d&rsquo;informations simple et directe. Veuillez prendre connaissance des informations suivantes avant de contacter notre \u00e9quipe : <\/p>\n<h2 data-path-to-node=\"4\">\u2753 <b>R\u00e9ponses rapides et FAQ<\/b><\/h2>\n<ul data-path-to-node=\"5\">\n<li>\n<p data-path-to-node=\"5,0,0\"><b>Assistance 24\/7 :<\/b> Vous pouvez obtenir des r\u00e9ponses instantan\u00e9es et une assistance 24 heures sur 24, 7 jours sur 7, via notre <b>chatbot IA<\/b> disponible sur notre site web.<\/p>\n<\/li>\n<li>\n<p data-path-to-node=\"5,1,0\"><b>Questions g\u00e9n\u00e9rales :<\/b> Si vous avez une question concernant l&rsquo;un des circuits que vous avez r\u00e9serv\u00e9s, veuillez consulter notre rubrique <a href=\"https:\/\/rivierabarcrawltours.com\/fr\/faq\/\" target=\"_blank\" rel=\"noopener\"><b>section FAQ<\/b><\/a> Vous y trouverez la plupart des r\u00e9ponses instantan\u00e9ment !<\/p>\n<\/li>\n<\/ul>\n<h2 data-path-to-node=\"2\">\ud83d\udccd <b>Coordonn\u00e9es et heures de bureau<\/b><\/h2>\n<p data-path-to-node=\"3\">Notre \u00e9quipe est disponible pendant les heures ci-dessous, mais veuillez noter que notre <b>chatbot AI<\/b> fournit une assistance instantan\u00e9e en dehors de ces heures.<\/p>\n<ul>\n<li data-path-to-node=\"4\"><b>Adresse du bureau<\/b> 8 rue Chauvain, 06000 Nice, France<\/li>\n<li data-path-to-node=\"5\"><b>T\u00e9l\u00e9phone WhatsApp<\/b> +33 649 244 407<\/li>\n<li data-path-to-node=\"6\"><b>Envoyez un courriel \u00e0<\/b> info@rivierabarcrawltours.com<\/li>\n<\/ul>\n<h3 data-path-to-node=\"6\">\ud83d\udcc5 <b>Changer la date de votre tourn\u00e9e<\/b><\/h3>\n<p data-path-to-node=\"7\">Si vous avez besoin de reporter ou de modifier la date de votre voyage, veuillez nous envoyer une demande formelle par <b>courrier \u00e9lectronique.<\/b><\/p>\n<ul data-path-to-node=\"8\">\n<li>\n<p data-path-to-node=\"8,0,0\">La demande doit \u00eatre faite au moins <b>48 heures avant l&rsquo;\u00e9v\u00e9nement<\/b>.<\/p>\n<\/li>\n<li>\n<p data-path-to-node=\"8,1,0\">Nous ferons de notre mieux pour tenir compte de ce changement, mais cela d\u00e9pendra toujours de la disponibilit\u00e9 de la nouvelle date.<\/p>\n<\/li>\n<\/ul>\n<p>[\/vc_column_text]\n<div class=\"wpcf7 no-js\" id=\"wpcf7-f62606-o1\" lang=\"en-US\" dir=\"ltr\" data-wpcf7-id=\"62606\">\n<div class=\"screen-reader-response\"><p role=\"status\" aria-live=\"polite\" aria-atomic=\"true\"><\/p> <ul><\/ul><\/div>\n<form action=\"\/fr\/wp-json\/wp\/v2\/pages\/24178#wpcf7-f62606-o1\" method=\"post\" class=\"wpcf7-form init\" aria-label=\"Contact form\" novalidate=\"novalidate\" data-status=\"init\">\n<fieldset class=\"hidden-fields-container\"><input type=\"hidden\" name=\"_wpcf7\" value=\"62606\" \/><input type=\"hidden\" name=\"_wpcf7_version\" value=\"6.1.5\" \/><input type=\"hidden\" name=\"_wpcf7_locale\" value=\"en_US\" \/><input type=\"hidden\" name=\"_wpcf7_unit_tag\" value=\"wpcf7-f62606-o1\" \/><input type=\"hidden\" name=\"_wpcf7_container_post\" value=\"0\" \/><input type=\"hidden\" name=\"_wpcf7_posted_data_hash\" value=\"\" \/><input type=\"hidden\" name=\"_wpcf7_recaptcha_response\" value=\"\" \/>\n<\/fieldset>\n<div class=\"st-contact-form\">\n\t<div class=\"contact-header\">\n\t\t<h3>We'd love to hear from you\n\t\t<\/h3>\n\t\t<p>Send us a message and we'll respond as soon as possible\n\t\t<\/p>\n\t<\/div>\n\t<div class=\"contact-form\">\n\t\t<div class=\"form-group\">\n\t\t\t<p><span class=\"wpcf7-form-control-wrap\" data-name=\"your-name\"><input size=\"40\" maxlength=\"400\" class=\"wpcf7-form-control wpcf7-text wpcf7-validates-as-required form-control\" aria-required=\"true\" aria-invalid=\"false\" placeholder=\"Name\" value=\"\" type=\"text\" name=\"your-name\" \/><\/span>\n\t\t\t<\/p>\n\t\t<\/div>\n\t\t<div class=\"form-group\">\n\t\t\t<p><span class=\"wpcf7-form-control-wrap\" data-name=\"your-email\"><input size=\"40\" maxlength=\"400\" class=\"wpcf7-form-control wpcf7-email wpcf7-validates-as-required wpcf7-text wpcf7-validates-as-email form-control\" aria-required=\"true\" aria-invalid=\"false\" placeholder=\"Email\" value=\"\" type=\"email\" name=\"your-email\" \/><\/span>\n\t\t\t<\/p>\n\t\t<\/div>\n\t\t<div class=\"form-group\">\n\t\t\t<p><span class=\"wpcf7-form-control-wrap\" data-name=\"your-message\"><textarea cols=\"40\" rows=\"10\" maxlength=\"2000\" class=\"wpcf7-form-control wpcf7-textarea form-control\" aria-invalid=\"false\" placeholder=\"Message\" name=\"your-message\"><\/textarea><\/span>\n\t\t\t<\/p>\n\t\t<\/div>\n\t<span class=\"wpcf7-form-control-wrap recaptcha\" data-name=\"recaptcha\"><span data-sitekey=\"6LdJz1AaAAAAACdpzuGXVjdcRmpNNTMel9zmPCUG\" class=\"wpcf7-form-control wpcf7-recaptcha g-recaptcha\"><\/span>\r\n<noscript>\r\n\t<div class=\"grecaptcha-noscript\">\r\n\t\t<iframe loading=\"lazy\" src=\"https:\/\/www.google.com\/recaptcha\/api\/fallback?k=6LdJz1AaAAAAACdpzuGXVjdcRmpNNTMel9zmPCUG\" frameborder=\"0\" scrolling=\"no\" width=\"310\" height=\"430\">\r\n\t\t<\/iframe>\r\n\t\t<textarea name=\"g-recaptcha-response\" rows=\"3\" cols=\"40\" placeholder=\"reCaptcha Response Here\">\r\n\t\t<\/textarea>\r\n\t<\/div>\r\n<\/noscript>\r\n<\/span>\n\t\t<p><input class=\"wpcf7-form-control wpcf7-submit has-spinner btn btn-primary\" type=\"submit\" value=\"SEND MESSAGE\" \/>\n\t\t<\/p>\n\t<\/div>\n<\/div><p style=\"display: none !important;\" class=\"akismet-fields-container\" data-prefix=\"_wpcf7_ak_\"><label>&#916;<textarea name=\"_wpcf7_ak_hp_textarea\" cols=\"45\" rows=\"8\" maxlength=\"100\"><\/textarea><\/label><input type=\"hidden\" id=\"ak_js_1\" name=\"_wpcf7_ak_js\" value=\"25\"\/><script>document.getElementById( \"ak_js_1\" ).setAttribute( \"value\", ( new Date() ).getTime() );<\/script><\/p><div class=\"wpcf7-response-output\" aria-hidden=\"true\"><\/div>\n<\/form>\n<\/div>\n[vc_empty_space height=\u00a0\u00bb25px\u00a0\u00bb][vc_empty_space height=\u00a0\u00bb75px\u00a0\u00bb][\/vc_column][\/vc_row][vc_row full_width=\u00a0\u00bbstretch_row_content_no_spaces\u00a0\u00bb row_fullwidth=\u00a0\u00bbyes\u00a0\u00bb css=\u00a0\u00bb.vc_custom_1543398264656{margin-bottom: -100px !important;}\u00a0\u00bb][vc_column css=\u00a0\u00bb.vc_custom_1543213048580{padding-right: 0px !important;padding-left: 0px !important;}\u00a0\u00bb]\t\t<div id=\"contact-map-new\" data-lat=\"43.69780731201172\" data-lng=\"7.276341915130615\" style=\"width: 100%; height: 500px;\"><\/div>\r\n\t[\/vc_column][\/vc_row]<\/p>\n<\/div>","protected":false},"excerpt":{"rendered":"<p>[vc_row][vc_column][vc_empty_space height=\u00a0\u00bb75px\u00a0\u00bb][\/vc_column][\/vc_row][vc_row][vc_column][vc_column_text css=\u00a0\u00bb.vc_custom_1765121520013{margin-top: 65px !important;}\u00a0\u00bb] \ud83d\udcde Besoin d&rsquo;aide ? Contactez nous ! Notre objectif est de rendre la recherche d&rsquo;informations simple et directe. Veuillez prendre connaissance des informations suivantes avant de contacter notre \u00e9quipe : \u2753 R\u00e9ponses rapides et FAQ Assistance 24\/7 : Vous pouvez obtenir des r\u00e9ponses instantan\u00e9es et une assistance 24 heures sur [&hellip;]<\/p>\n","protected":false},"author":2,"featured_media":111559,"parent":0,"menu_order":0,"comment_status":"closed","ping_status":"closed","template":"template-home-modern.php","meta":{"_acf_changed":false,"footnotes":""},"class_list":["post-24178","page","type-page","status-publish","has-post-thumbnail","hentry"],"acf":[],"yoast_head":"<!-- This site is optimized with the Yoast SEO plugin v27.4 - https:\/\/yoast.com\/product\/yoast-seo-wordpress\/ -->\n<title>Contactez-nous I Riviera Bar Crawl and Tours | Ici pour vous aider<\/title>\n<meta name=\"description\" content=\"Si vous avez des questions sp\u00e9cifiques sur nos circuits ou si vous avez besoin d&#039;aide, n&#039;h\u00e9sitez pas \u00e0 nous contacter, nous serons heureux de vous aider.\" \/>\n<meta name=\"robots\" content=\"index, follow, max-snippet:-1, max-image-preview:large, max-video-preview:-1\" \/>\n<link rel=\"canonical\" href=\"https:\/\/rivierabarcrawltours.com\/fr\/nous-contacter\/\" \/>\n<meta property=\"og:locale\" content=\"fr_FR\" \/>\n<meta property=\"og:type\" content=\"article\" \/>\n<meta property=\"og:title\" content=\"Contactez-nous I Riviera Bar Crawl and Tours | Ici pour vous aider\" \/>\n<meta property=\"og:description\" content=\"Si vous avez des questions sp\u00e9cifiques sur nos circuits ou si vous avez besoin d&#039;aide, n&#039;h\u00e9sitez pas \u00e0 nous contacter, nous serons heureux de vous aider.\" \/>\n<meta property=\"og:url\" content=\"https:\/\/rivierabarcrawltours.com\/fr\/nous-contacter\/\" \/>\n<meta property=\"og:site_name\" content=\"Riviera Bar Crawl Tours\" \/>\n<meta property=\"article:publisher\" content=\"https:\/\/www.facebook.com\/RivieraBarCrawltours\/\" \/>\n<meta property=\"article:modified_time\" content=\"2026-02-16T09:25:26+00:00\" \/>\n<meta property=\"og:image\" content=\"https:\/\/rivierabarcrawltours.com\/wp-content\/uploads\/2019\/07\/logo.png\" \/>\n\t<meta property=\"og:image:width\" content=\"479\" \/>\n\t<meta property=\"og:image:height\" content=\"453\" \/>\n\t<meta property=\"og:image:type\" content=\"image\/png\" \/>\n<meta name=\"twitter:card\" content=\"summary_large_image\" \/>\n<meta name=\"twitter:site\" content=\"@rivierabarcrawl\" \/>\n<meta name=\"twitter:label1\" content=\"Dur\u00e9e de lecture estim\u00e9e\" \/>\n\t<meta name=\"twitter:data1\" content=\"2 minutes\" \/>\n<!-- \/ Yoast SEO plugin. -->","yoast_head_json":{"title":"Contactez-nous I Riviera Bar Crawl and Tours | Ici pour vous aider","description":"Si vous avez des questions sp\u00e9cifiques sur nos circuits ou si vous avez besoin d'aide, n'h\u00e9sitez pas \u00e0 nous contacter, nous serons heureux de vous aider.","robots":{"index":"index","follow":"follow","max-snippet":"max-snippet:-1","max-image-preview":"max-image-preview:large","max-video-preview":"max-video-preview:-1"},"canonical":"https:\/\/rivierabarcrawltours.com\/fr\/nous-contacter\/","og_locale":"fr_FR","og_type":"article","og_title":"Contactez-nous I Riviera Bar Crawl and Tours | Ici pour vous aider","og_description":"Si vous avez des questions sp\u00e9cifiques sur nos circuits ou si vous avez besoin d'aide, n'h\u00e9sitez pas \u00e0 nous contacter, nous serons heureux de vous aider.","og_url":"https:\/\/rivierabarcrawltours.com\/fr\/nous-contacter\/","og_site_name":"Riviera Bar Crawl Tours","article_publisher":"https:\/\/www.facebook.com\/RivieraBarCrawltours\/","article_modified_time":"2026-02-16T09:25:26+00:00","og_image":[{"width":479,"height":453,"url":"https:\/\/rivierabarcrawltours.com\/wp-content\/uploads\/2019\/07\/logo.png","type":"image\/png"}],"twitter_card":"summary_large_image","twitter_site":"@rivierabarcrawl","twitter_misc":{"Dur\u00e9e de lecture estim\u00e9e":"2 minutes"},"schema":{"@context":"https:\/\/schema.org","@graph":[{"@type":"WebPage","@id":"https:\/\/rivierabarcrawltours.com\/fr\/nous-contacter\/","url":"https:\/\/rivierabarcrawltours.com\/fr\/nous-contacter\/","name":"Contactez-nous I Riviera Bar Crawl and Tours | Ici pour vous aider","isPartOf":{"@id":"https:\/\/rivierabarcrawltours.com\/#website"},"primaryImageOfPage":{"@id":"https:\/\/rivierabarcrawltours.com\/fr\/nous-contacter\/#primaryimage"},"image":{"@id":"https:\/\/rivierabarcrawltours.com\/fr\/nous-contacter\/#primaryimage"},"thumbnailUrl":"https:\/\/rivierabarcrawltours.com\/wp-content\/uploads\/2024\/02\/faq-Riviera-bar-crawl-tours.jpg","datePublished":"2019-07-25T17:10:20+00:00","dateModified":"2026-02-16T09:25:26+00:00","description":"Si vous avez des questions sp\u00e9cifiques sur nos circuits ou si vous avez besoin d'aide, n'h\u00e9sitez pas \u00e0 nous contacter, nous serons heureux de vous aider.","breadcrumb":{"@id":"https:\/\/rivierabarcrawltours.com\/fr\/nous-contacter\/#breadcrumb"},"inLanguage":"fr-FR","potentialAction":[{"@type":"ReadAction","target":["https:\/\/rivierabarcrawltours.com\/fr\/nous-contacter\/"]}]},{"@type":"ImageObject","inLanguage":"fr-FR","@id":"https:\/\/rivierabarcrawltours.com\/fr\/nous-contacter\/#primaryimage","url":"https:\/\/rivierabarcrawltours.com\/wp-content\/uploads\/2024\/02\/faq-Riviera-bar-crawl-tours.jpg","contentUrl":"https:\/\/rivierabarcrawltours.com\/wp-content\/uploads\/2024\/02\/faq-Riviera-bar-crawl-tours.jpg","width":1920,"height":1080},{"@type":"BreadcrumbList","@id":"https:\/\/rivierabarcrawltours.com\/fr\/nous-contacter\/#breadcrumb","itemListElement":[{"@type":"ListItem","position":1,"name":"Home","item":"https:\/\/rivierabarcrawltours.com\/fr\/"},{"@type":"ListItem","position":2,"name":"Contactez nous"}]},{"@type":"WebSite","@id":"https:\/\/rivierabarcrawltours.com\/#website","url":"https:\/\/rivierabarcrawltours.com\/","name":"Riviera Bar Crawl Tours","description":"Fun Day &amp; Night Experiences I Tour operator I Guided Tours I Bar Crawls I Food Tours I","publisher":{"@id":"https:\/\/rivierabarcrawltours.com\/#organization"},"potentialAction":[{"@type":"SearchAction","target":{"@type":"EntryPoint","urlTemplate":"https:\/\/rivierabarcrawltours.com\/?s={search_term_string}"},"query-input":{"@type":"PropertyValueSpecification","valueRequired":true,"valueName":"search_term_string"}}],"inLanguage":"fr-FR"},{"@type":"Organization","@id":"https:\/\/rivierabarcrawltours.com\/#organization","name":"Riviera Bar Crawl Tours","url":"https:\/\/rivierabarcrawltours.com\/","logo":{"@type":"ImageObject","inLanguage":"fr-FR","@id":"https:\/\/rivierabarcrawltours.com\/#\/schema\/logo\/image\/","url":"https:\/\/rivierabarcrawltours.com\/wp-content\/uploads\/2019\/07\/logo.png","contentUrl":"https:\/\/rivierabarcrawltours.com\/wp-content\/uploads\/2019\/07\/logo.png","width":479,"height":453,"caption":"Riviera Bar Crawl Tours"},"image":{"@id":"https:\/\/rivierabarcrawltours.com\/#\/schema\/logo\/image\/"},"sameAs":["https:\/\/www.facebook.com\/RivieraBarCrawltours\/","https:\/\/x.com\/rivierabarcrawl"]}]}},"_links":{"self":[{"href":"https:\/\/rivierabarcrawltours.com\/fr\/wp-json\/wp\/v2\/pages\/24178","targetHints":{"allow":["GET"]}}],"collection":[{"href":"https:\/\/rivierabarcrawltours.com\/fr\/wp-json\/wp\/v2\/pages"}],"about":[{"href":"https:\/\/rivierabarcrawltours.com\/fr\/wp-json\/wp\/v2\/types\/page"}],"author":[{"embeddable":true,"href":"https:\/\/rivierabarcrawltours.com\/fr\/wp-json\/wp\/v2\/users\/2"}],"replies":[{"embeddable":true,"href":"https:\/\/rivierabarcrawltours.com\/fr\/wp-json\/wp\/v2\/comments?post=24178"}],"version-history":[{"count":20,"href":"https:\/\/rivierabarcrawltours.com\/fr\/wp-json\/wp\/v2\/pages\/24178\/revisions"}],"predecessor-version":[{"id":125469,"href":"https:\/\/rivierabarcrawltours.com\/fr\/wp-json\/wp\/v2\/pages\/24178\/revisions\/125469"}],"wp:featuredmedia":[{"embeddable":true,"href":"https:\/\/rivierabarcrawltours.com\/fr\/wp-json\/wp\/v2\/media\/111559"}],"wp:attachment":[{"href":"https:\/\/rivierabarcrawltours.com\/fr\/wp-json\/wp\/v2\/media?parent=24178"}],"curies":[{"name":"wp","href":"https:\/\/api.w.org\/{rel}","templated":true}]}}