{"id":125993,"date":"2026-02-16T14:07:58","date_gmt":"2026-02-16T13:07:58","guid":{"rendered":"https:\/\/rivierabarcrawltours.com\/party-bus-experience\/"},"modified":"2026-02-16T14:08:00","modified_gmt":"2026-02-16T13:08:00","slug":"party-bus-experience","status":"publish","type":"page","link":"https:\/\/rivierabarcrawltours.com\/fr\/party-bus-experience\/","title":{"rendered":"Party Bus Experience"},"content":{"rendered":"<div class=\"wpb-content-wrapper\"><p>[vc_row][vc_column]<h3>Our Party Bus Tours <\/h3><div class='list_tours'>   <div class=\"concept-listings owl-carousel owl-theme\">\n          <div class=\"style_box\">\n           <div class=\"feature_class st_featured featured\">Featured<\/div>           <div class=\"thumb\">\n               <header class=\"thumb-header st_avatar_fix\">\n                                      <a href=\"https:\/\/rivierabarcrawltours.com\/fr\/tour\/party-bus-paris-france\/\" class=\"hover-img\">\n                       <img decoding=\"async\" width=\"260\" height=\"190\" src=\"https:\/\/rivierabarcrawltours.com\/wp-content\/uploads\/2022\/03\/party-bus-paris-1-260x190.jpg\" class=\"attachment-260x190x1 size-260x190x1 wp-post-image\" alt=\"party bus paris\" \/>                       <h5 class=\"hover-title hover-hold text-center\">\n                           Party Bus Paris France\u00a0et Bar Crawl                       <\/h5>\n                   <\/a>\n                                  <\/header>\n           <\/div>\n       <\/div>\n   <\/div>\n\n    \n<script type=\"text\/javascript\">\n$(document).ready(function() {\n       $(\".concept-listings\").owlCarousel({\n        margin:20,\n                dots:true,\n        responsiveClass:true,\n        responsive:{\n            0:{\n                items:1,\n                nav:false\n            },\n            600:{\n                items:3,\n                nav:false\n            },\n            1000:{\n                items:4,\n                nav:true\n            }\n        }\n       });\n}); \n\n<\/script>\n\n<style type=\"text\/css\">\n.concept-listings .owl-stage {\n    display: -webkit-box !important;\n    display: -moz-box !important;\n    display: -ms-box !important;\n    display: box !important;\n}\n.concept-listings .owl-dots {\n    margin-top: 10px;\n    text-align: center;\n}\n.concept-listings .owl-dots .owl-dot {\n    display: inline-block;\n    background: 0 0;\n    color: inherit;\n    border: none;\n    padding: 0 !important;\n}\n.concept-listings .owl-dots .owl-dot.active span {\n    background: var(--link-color, #5191FA);\n}\n.concept-listings .owl-dots .owl-dot span {\n    width: 10px;\n    height: 10px;\n    margin: 5px 7px;\n    background: var(--light-grey-color, #EAEEF3);\n    display: block;\n    transition: opacity 0.2s ease;\n    border-radius: 30px;\n}\n.city-tours-custom .feature_class{\n  left: 0 !important;\n}\n.concept-listings .owl-nav {\n    position: absolute;\n    height: 100%;\n    top: 0;\n    width: 100%;\n    z-index: -1;\n}\n.concept-listings .owl-nav button {\n    position: absolute;\n    top: 50%;\n    margin-top: -18px;\n}\n.concept-listings .owl-nav button.owl-next {\n    right: -66px;\n}\n.concept-listings .owl-nav button.owl-prev {\n    left: -66px;\n}\n.concept-listings .owl-nav button.owl-next span {\n    width: 36px;\n    height: 36px;\n    display: block;\n    background: url(https:\/\/rivierabarcrawltours.com\/wp-content\/uploads\/2021\/06\/arrow-right.png) center center no-repeat;\n    background-size: 100% auto;\n    color: transparent;\n}\n.concept-listings .owl-nav button.owl-prev span {\n    width: 36px;\n    height: 36px;\n    display: block;\n    background: url(https:\/\/rivierabarcrawltours.com\/wp-content\/uploads\/2021\/02\/arrow-left.png) center center no-repeat;\n    background-size: 100% auto;\n    color: transparent;\n}\n\n.city-tours-custom .thumb{\n    border: none !important;\n}\n<\/style><\/div>[vc_column_text]<\/p>\n<h1>Qu&rsquo;est-ce qu&rsquo;un Party Bus ?<\/h1>\n<p>C&rsquo;est exactement ce qu&rsquo;il semble \u00eatre et la MEILLEURE exp\u00e9rience de transport de votre vie ! Notre Party Bus est le moyen de transport id\u00e9al pour les c\u00e9l\u00e9brations et les \u00e9v\u00e9nements de toutes sortes. Vous aurez l&rsquo;impression d&rsquo;\u00eatre une c\u00e9l\u00e9brit\u00e9 lorsque vous serez pris en charge et transport\u00e9 vers la destination de votre choix. Votre bus de f\u00eate sera accompagn\u00e9 de votre groupe et de votre chauffeur priv\u00e9. Dansez sur la meilleure musique de f\u00eate avec des lumi\u00e8res disco, et n&rsquo;h\u00e9sitez pas \u00e0 apporter une bouteille de bulles pour porter un toast. Il n&rsquo;y a pas mieux ! Cette exp\u00e9rience sera sans aucun doute un voyage inoubliable.      <\/p>\n<h2>Comment se d\u00e9roule une soir\u00e9e en bus \u00e0 <a href=\"https:\/\/rivierabarcrawltours.com\/fr\/city\/europe\/france\/paris\/\" target=\"_blank\" rel=\"noopener\">Paris<\/a> et \u00e0 <a href=\"https:\/\/visitthefrenchriviera.com\/location\/nice\/\" target=\"_blank\" rel=\"noopener\">Nice<\/a>?<\/h2>\n<p>La premi\u00e8re \u00e9tape consiste \u00e0 d\u00e9terminer le nombre de personnes qui participeront \u00e0 votre f\u00eate\/\u00e9v\u00e9nement et qui se joindront \u00e0 vous dans le bus de f\u00eate ! Nous avons des bus de f\u00eate pour les petits groupes de 9 personnes, jusqu&rsquo;aux grands groupes de 65 personnes. Vous avez plus de 65 personnes ? Vous pouvez toujours en r\u00e9server plusieurs ! Une fois que nous savons combien de personnes participeront \u00e0 votre \u00e9v\u00e9nement, vous devez nous indiquer o\u00f9 vous souhaitez que l&rsquo;on vienne vous chercher et o\u00f9 l&rsquo;on vous d\u00e9pose. Votre trajet dure-t-il 1 heure ? 4 heures ? Nous nous adapterons \u00e0 vos besoins ! Bien entendu, le co\u00fbt d\u00e9pend de la dur\u00e9e de votre voyage. Une fois que nous vous avons pris en charge, montez \u00e0 bord et pr\u00e9parez-vous \u00e0 vivre la meilleure exp\u00e9rience de transport de votre vie ! Nous aurons de la musique et des lumi\u00e8res disco pour que vous puissiez montrer vos pas de danse. Vous souhaitez que nous venions vous chercher \u00e0 la fin de votre \u00e9v\u00e9nement ? Nous pouvons \u00e9galement le faire ! Faites-nous confiance, le bus de f\u00eate est la solution id\u00e9ale.             <\/p>\n<p><a href=\"https:\/\/rivierabarcrawltours.com\/tour\/party-bus-paris-france\/\" target=\"_blank\" rel=\"noopener\">Party Bus Paris<\/a><\/p>\n<p>Party Bus Nice<\/p>\n<p>&nbsp;<\/p>\n<p>[\/vc_column_text][\/vc_column][\/vc_row]<\/p>\n<\/div>","protected":false},"excerpt":{"rendered":"<p>[vc_row][vc_column][vc_column_text] Qu&rsquo;est-ce qu&rsquo;un Party Bus ? C&rsquo;est exactement ce qu&rsquo;il semble \u00eatre et la MEILLEURE exp\u00e9rience de transport de votre vie ! Notre Party Bus est le moyen de transport id\u00e9al pour les c\u00e9l\u00e9brations et les \u00e9v\u00e9nements de toutes sortes. Vous aurez l&rsquo;impression d&rsquo;\u00eatre une c\u00e9l\u00e9brit\u00e9 lorsque vous serez pris en charge et transport\u00e9 vers [&hellip;]<\/p>\n","protected":false},"author":2,"featured_media":92466,"parent":0,"menu_order":0,"comment_status":"closed","ping_status":"closed","template":"template-home-modern.php","meta":{"_acf_changed":false,"footnotes":""},"class_list":["post-125993","page","type-page","status-publish","has-post-thumbnail","hentry"],"acf":[],"yoast_head":"<!-- This site is optimized with the Yoast SEO plugin v27.4 - https:\/\/yoast.com\/product\/yoast-seo-wordpress\/ -->\n<title>Party Bus Experience | Riviera Bar Crawl Tours<\/title>\n<meta name=\"description\" content=\"R\u00e9servez l&#039;un de nos bus de f\u00eate pour une nuit que vous n&#039;oublierez pas ! Ils sont parfaits pour les anniversaires, les f\u00eates et autres \u00e9v\u00e9nements.\" \/>\n<meta name=\"robots\" content=\"index, follow, max-snippet:-1, max-image-preview:large, max-video-preview:-1\" \/>\n<link rel=\"canonical\" href=\"https:\/\/rivierabarcrawltours.com\/fr\/party-bus-experience\/\" \/>\n<meta property=\"og:locale\" content=\"fr_FR\" \/>\n<meta property=\"og:type\" content=\"article\" \/>\n<meta property=\"og:title\" content=\"Party Bus Experience | Riviera Bar Crawl Tours\" \/>\n<meta property=\"og:description\" content=\"R\u00e9servez l&#039;un de nos bus de f\u00eate pour une nuit que vous n&#039;oublierez pas ! Ils sont parfaits pour les anniversaires, les f\u00eates et autres \u00e9v\u00e9nements.\" \/>\n<meta property=\"og:url\" content=\"https:\/\/rivierabarcrawltours.com\/fr\/party-bus-experience\/\" \/>\n<meta property=\"og:site_name\" content=\"Riviera Bar Crawl Tours\" \/>\n<meta property=\"article:publisher\" content=\"https:\/\/www.facebook.com\/RivieraBarCrawltours\/\" \/>\n<meta property=\"article:modified_time\" content=\"2026-02-16T13:08:00+00:00\" \/>\n<meta property=\"og:image\" content=\"https:\/\/rivierabarcrawltours.com\/wp-content\/uploads\/2022\/03\/Party-Bus-Experience.jpeg\" \/>\n\t<meta property=\"og:image:width\" content=\"1024\" \/>\n\t<meta property=\"og:image:height\" content=\"684\" \/>\n\t<meta property=\"og:image:type\" content=\"image\/jpeg\" \/>\n<meta name=\"twitter:card\" content=\"summary_large_image\" \/>\n<meta name=\"twitter:site\" content=\"@rivierabarcrawl\" \/>\n<meta name=\"twitter:label1\" content=\"Dur\u00e9e de lecture estim\u00e9e\" \/>\n\t<meta name=\"twitter:data1\" content=\"2 minutes\" \/>\n<!-- \/ Yoast SEO plugin. -->","yoast_head_json":{"title":"Party Bus Experience | Riviera Bar Crawl Tours","description":"R\u00e9servez l'un de nos bus de f\u00eate pour une nuit que vous n'oublierez pas ! Ils sont parfaits pour les anniversaires, les f\u00eates et autres \u00e9v\u00e9nements.","robots":{"index":"index","follow":"follow","max-snippet":"max-snippet:-1","max-image-preview":"max-image-preview:large","max-video-preview":"max-video-preview:-1"},"canonical":"https:\/\/rivierabarcrawltours.com\/fr\/party-bus-experience\/","og_locale":"fr_FR","og_type":"article","og_title":"Party Bus Experience | Riviera Bar Crawl Tours","og_description":"R\u00e9servez l'un de nos bus de f\u00eate pour une nuit que vous n'oublierez pas ! Ils sont parfaits pour les anniversaires, les f\u00eates et autres \u00e9v\u00e9nements.","og_url":"https:\/\/rivierabarcrawltours.com\/fr\/party-bus-experience\/","og_site_name":"Riviera Bar Crawl Tours","article_publisher":"https:\/\/www.facebook.com\/RivieraBarCrawltours\/","article_modified_time":"2026-02-16T13:08:00+00:00","og_image":[{"width":1024,"height":684,"url":"https:\/\/rivierabarcrawltours.com\/wp-content\/uploads\/2022\/03\/Party-Bus-Experience.jpeg","type":"image\/jpeg"}],"twitter_card":"summary_large_image","twitter_site":"@rivierabarcrawl","twitter_misc":{"Dur\u00e9e de lecture estim\u00e9e":"2 minutes"},"schema":{"@context":"https:\/\/schema.org","@graph":[{"@type":"WebPage","@id":"https:\/\/rivierabarcrawltours.com\/fr\/party-bus-experience\/","url":"https:\/\/rivierabarcrawltours.com\/fr\/party-bus-experience\/","name":"Party Bus Experience | Riviera Bar Crawl Tours","isPartOf":{"@id":"https:\/\/rivierabarcrawltours.com\/#website"},"primaryImageOfPage":{"@id":"https:\/\/rivierabarcrawltours.com\/fr\/party-bus-experience\/#primaryimage"},"image":{"@id":"https:\/\/rivierabarcrawltours.com\/fr\/party-bus-experience\/#primaryimage"},"thumbnailUrl":"https:\/\/rivierabarcrawltours.com\/wp-content\/uploads\/2022\/03\/Party-Bus-Experience.jpeg","datePublished":"2026-02-16T13:07:58+00:00","dateModified":"2026-02-16T13:08:00+00:00","description":"R\u00e9servez l'un de nos bus de f\u00eate pour une nuit que vous n'oublierez pas ! Ils sont parfaits pour les anniversaires, les f\u00eates et autres \u00e9v\u00e9nements.","breadcrumb":{"@id":"https:\/\/rivierabarcrawltours.com\/fr\/party-bus-experience\/#breadcrumb"},"inLanguage":"fr-FR","potentialAction":[{"@type":"ReadAction","target":["https:\/\/rivierabarcrawltours.com\/fr\/party-bus-experience\/"]}]},{"@type":"ImageObject","inLanguage":"fr-FR","@id":"https:\/\/rivierabarcrawltours.com\/fr\/party-bus-experience\/#primaryimage","url":"https:\/\/rivierabarcrawltours.com\/wp-content\/uploads\/2022\/03\/Party-Bus-Experience.jpeg","contentUrl":"https:\/\/rivierabarcrawltours.com\/wp-content\/uploads\/2022\/03\/Party-Bus-Experience.jpeg","width":1024,"height":684,"caption":"Propri\u00e9taire : ajpscs"},{"@type":"BreadcrumbList","@id":"https:\/\/rivierabarcrawltours.com\/fr\/party-bus-experience\/#breadcrumb","itemListElement":[{"@type":"ListItem","position":1,"name":"Home","item":"https:\/\/rivierabarcrawltours.com\/fr\/"},{"@type":"ListItem","position":2,"name":"Party Bus Experience"}]},{"@type":"WebSite","@id":"https:\/\/rivierabarcrawltours.com\/#website","url":"https:\/\/rivierabarcrawltours.com\/","name":"Riviera Bar Crawl Tours","description":"Fun Day &amp; Night Experiences I Tour operator I Guided Tours I Bar Crawls I Food Tours I","publisher":{"@id":"https:\/\/rivierabarcrawltours.com\/#organization"},"potentialAction":[{"@type":"SearchAction","target":{"@type":"EntryPoint","urlTemplate":"https:\/\/rivierabarcrawltours.com\/?s={search_term_string}"},"query-input":{"@type":"PropertyValueSpecification","valueRequired":true,"valueName":"search_term_string"}}],"inLanguage":"fr-FR"},{"@type":"Organization","@id":"https:\/\/rivierabarcrawltours.com\/#organization","name":"Riviera Bar Crawl Tours","url":"https:\/\/rivierabarcrawltours.com\/","logo":{"@type":"ImageObject","inLanguage":"fr-FR","@id":"https:\/\/rivierabarcrawltours.com\/#\/schema\/logo\/image\/","url":"https:\/\/rivierabarcrawltours.com\/wp-content\/uploads\/2019\/07\/logo.png","contentUrl":"https:\/\/rivierabarcrawltours.com\/wp-content\/uploads\/2019\/07\/logo.png","width":479,"height":453,"caption":"Riviera Bar Crawl Tours"},"image":{"@id":"https:\/\/rivierabarcrawltours.com\/#\/schema\/logo\/image\/"},"sameAs":["https:\/\/www.facebook.com\/RivieraBarCrawltours\/","https:\/\/x.com\/rivierabarcrawl"]}]}},"_links":{"self":[{"href":"https:\/\/rivierabarcrawltours.com\/fr\/wp-json\/wp\/v2\/pages\/125993","targetHints":{"allow":["GET"]}}],"collection":[{"href":"https:\/\/rivierabarcrawltours.com\/fr\/wp-json\/wp\/v2\/pages"}],"about":[{"href":"https:\/\/rivierabarcrawltours.com\/fr\/wp-json\/wp\/v2\/types\/page"}],"author":[{"embeddable":true,"href":"https:\/\/rivierabarcrawltours.com\/fr\/wp-json\/wp\/v2\/users\/2"}],"replies":[{"embeddable":true,"href":"https:\/\/rivierabarcrawltours.com\/fr\/wp-json\/wp\/v2\/comments?post=125993"}],"version-history":[{"count":4,"href":"https:\/\/rivierabarcrawltours.com\/fr\/wp-json\/wp\/v2\/pages\/125993\/revisions"}],"predecessor-version":[{"id":125997,"href":"https:\/\/rivierabarcrawltours.com\/fr\/wp-json\/wp\/v2\/pages\/125993\/revisions\/125997"}],"wp:featuredmedia":[{"embeddable":true,"href":"https:\/\/rivierabarcrawltours.com\/fr\/wp-json\/wp\/v2\/media\/92466"}],"wp:attachment":[{"href":"https:\/\/rivierabarcrawltours.com\/fr\/wp-json\/wp\/v2\/media?parent=125993"}],"curies":[{"name":"wp","href":"https:\/\/api.w.org\/{rel}","templated":true}]}}