{"id":125558,"date":"2026-02-16T12:23:05","date_gmt":"2026-02-16T11:23:05","guid":{"rendered":"https:\/\/rivierabarcrawltours.com\/visites-et-experiences-2\/"},"modified":"2026-02-19T15:51:11","modified_gmt":"2026-02-19T14:51:11","slug":"visites-et-experiences-2","status":"publish","type":"page","link":"https:\/\/rivierabarcrawltours.com\/fr\/visites-et-experiences-2\/","title":{"rendered":"Visites et exp\u00e9riences"},"content":{"rendered":"<div class=\"wpb-content-wrapper\"><p>[vc_row css=\u00a0\u00bb.vc_custom_1612431259800{margin-top: 40px !important;}\u00a0\u00bb][vc_column][vc_column_text css=\u00a0\u00bb\u00a0\u00bb]<\/p>\n<h2>Visites et exp\u00e9riences<\/h2>\n<p>[\/vc_column_text][vc_column_text css=\u00a0\u00bb\u00a0\u00bb]<\/p>\n<div>\n<h2>D\u00e9couvrez l&rsquo;Europe (et au-del\u00e0) avec Riviera Bar Crawl &amp; Tours<\/h2>\n<p>D\u00e9couvrez les destinations comme un local avec <strong>Riviera Bar Crawl &amp; Tours &#8211; des<\/strong>exp\u00e9riences <strong>amusantes<\/strong>, amicales et anim\u00e9es par des experts, con\u00e7ues pour les <strong>voyageurs, les croisi\u00e9ristes, les groupes d&rsquo;amis et les entreprises<\/strong> \u00e0 la recherche de quelque chose de vraiment m\u00e9morable. Que vous soyez ici pour la <strong>culture, la vie nocturne ou les saveurs incroyables<\/strong>, nous rendons les choses faciles : <strong>de bons guides, de bons lieux, de bonnes vibrations &#8211; avec une<\/strong>organisation sans probl\u00e8me et sans stress du d\u00e9but \u00e0 la fin.<\/p>\n<h3>Nos exp\u00e9riences<\/h3>\n<ul>\n<li><strong>Visites priv\u00e9es<\/strong> &#8211; Une exp\u00e9rience sur mesure pour les couples, les amis, les anniversaires ou les visites VIP. Choisissez votre rythme, votre style et vos lieux incontournables. <\/li>\n<li><strong>Team Building<\/strong> &#8211; Rassemblez votre \u00e9quipe autour de moments interactifs, de d\u00e9fis partag\u00e9s et d&rsquo;une atmosph\u00e8re sociale amusante. Parfait pour les groupes d&rsquo;entreprises. <\/li>\n<li><strong>Visites \u00e0 pied<\/strong> &#8211; Explorez \u00e0 pied avec des r\u00e9cits captivants, des informations locales et des joyaux cach\u00e9s.<\/li>\n<li><strong>Visites touristiques<\/strong> &#8211; Profitez des points forts avec un h\u00f4te local et un itin\u00e9raire intelligent qui vous permet d&rsquo;optimiser votre temps.<\/li>\n<li><strong>Pub Crawls<\/strong> &#8211; Rencontrez de nouvelles personnes, profitez de bars tri\u00e9s sur le volet et d\u00e9couvrez la vie nocturne en compagnie d&rsquo;un h\u00f4te qui veille au bon d\u00e9roulement de la soir\u00e9e.<\/li>\n<li><strong>Party Bus<\/strong> &#8211; Transformez le trajet en f\u00eate : musique, \u00e9nergie et un itin\u00e9raire con\u00e7u pour une soir\u00e9e inoubliable.<\/li>\n<li><strong>Food Tours<\/strong> &#8211; Go\u00fbtez \u00e0 chaque destination gr\u00e2ce \u00e0 des arr\u00eats authentiques et des sp\u00e9cialit\u00e9s locales. Id\u00e9al pour les amateurs de cuisine qui veulent en avoir le c\u0153ur net. <\/li>\n<li><strong>D\u00e9gustation de vins<\/strong> &#8211; Sirotez, apprenez et profitez de d\u00e9gustations s\u00e9lectionn\u00e9es qui mettent en valeur le terroir et les traditions locales.<\/li>\n<li><strong>Promenade photographique<\/strong> &#8211; Explorez des lieux pittoresques tout en immortalisant vos meilleurs moments &#8211; id\u00e9al pour les couples, les amis et les cr\u00e9ateurs.<\/li>\n<li><strong>Chasse au tr\u00e9sor<\/strong> &#8211; Une fa\u00e7on ludique et sociale de d\u00e9couvrir une ville \u00e0 travers des indices, des mini-d\u00e9fis et des arr\u00eats surprises.<\/li>\n<li><strong>Escape Game<\/strong> &#8211; Une aventure d&rsquo;\u00e9vasion dans le monde r\u00e9el con\u00e7ue pour le travail d&rsquo;\u00e9quipe, les rires et la d\u00e9couverte &#8211; id\u00e9ale pour les groupes et les sorties d&rsquo;entreprise.<\/li>\n<li><strong>Boat Party<\/strong> &#8211; Le soleil, la mer, la musique et de bonnes personnes &#8211; une exp\u00e9rience faite pour des c\u00e9l\u00e9brations et des souvenirs inoubliables.<\/li>\n<li><strong>Cours de fabrication de cocktails<\/strong> &#8211; Secouez, remuez et apprenez les secrets des cocktails embl\u00e9matiques lors d&rsquo;une session pratique et amusante.<\/li>\n<\/ul>\n<h3>Pourquoi r\u00e9server avec nous ?<\/h3>\n<ul>\n<li>L&rsquo;<strong>expertise locale, o\u00f9 que vous alliez<\/strong> &#8211; De vraies recommandations, de vraies adresses, une vraie atmosph\u00e8re<\/li>\n<li><strong>Planification facile<\/strong> &#8211; Nous nous occupons des d\u00e9tails pour que vous puissiez profiter du moment.<\/li>\n<li><strong>Des exp\u00e9riences pour tous les groupes<\/strong> &#8211; des voyageurs solitaires aux groupes priv\u00e9s en passant par les \u00e9quipes d&rsquo;entreprises.<\/li>\n<li><strong>Hosted &amp; seamless<\/strong> &#8211; Vous arrivez, nous nous occupons de tout.<\/li>\n<\/ul>\n<h3>Pr\u00eat \u00e0 r\u00e9server votre prochaine exp\u00e9rience ?<\/h3>\n<p>Les dates se remplissent rapidement &#8211; envoyez-nous un message pour v\u00e9rifier la disponibilit\u00e9 et laissez-nous \u00e9laborer le plan parfait pour votre voyage.<\/p>\n<\/div>\n<div><strong>WhatsApp \/ T\u00e9l\u00e9phone :<\/strong> +33 649 244 407<\/div>\n<div>Courriel : info@rivierabarcrawltours.com<\/div>\n<p>[\/vc_column_text][\/vc_column][\/vc_row][vc_row][vc_column width=\u00a0\u00bb1\/4&Prime; el_class=\u00a0\u00bbmain-col\u00a0\u00bb css=\u00a0\u00bb.vc_custom_1612431923475{margin-bottom: 20px !important;}\u00a0\u00bb][vc_column_text css=\u00a0\u00bb.vc_custom_1612433291524{background-image: url(https:\/\/rivierabarcrawltours.com\/wp-content\/uploads\/2020\/04\/private-tours-paris-france-1-1.jpg?id=53673) !important;}\u00a0\u00bb]<a href=\"\/concept\/riviera-private-tours\">Visites priv\u00e9es<\/a>[\/vc_column_text][\/vc_column][vc_column width=\u00a0\u00bb1\/4&Prime; el_class=\u00a0\u00bbmain-col\u00a0\u00bb css=\u00a0\u00bb.vc_custom_1612432008756{margin-bottom: 20px !important;}\u00a0\u00bb][vc_column_text css=\u00a0\u00bb.vc_custom_1612433943747{background-image: url(https:\/\/rivierabarcrawltours.com\/wp-content\/uploads\/2021\/01\/teambuilding-nice.jpg?id=63064) !important;}\u00a0\u00bb]<a href=\"\/concept\/riviera-team-building\">Renforcement de l&rsquo;esprit d&rsquo;\u00e9quipe<\/a>[\/vc_column_text][\/vc_column][vc_column width=\u00a0\u00bb1\/4&Prime; el_class=\u00a0\u00bbmain-col\u00a0\u00bb css=\u00a0\u00bb.vc_custom_1613118716288{margin-bottom: 20px !important;}\u00a0\u00bb][vc_column_text css=\u00a0\u00bb.vc_custom_1712854665597{background-image: url(https:\/\/rivierabarcrawltours.com\/wp-content\/uploads\/2024\/04\/walking-tours.jpg?id=111976) !important;}\u00a0\u00bb]<a href=\"\/concept\/riviera-walking-tours\">Visites \u00e0 pied<\/a>[\/vc_column_text][\/vc_column][vc_column width=\u00a0\u00bb1\/4&Prime; el_class=\u00a0\u00bbmain-col\u00a0\u00bb css=\u00a0\u00bb.vc_custom_1612432062266{margin-bottom: 20px !important;}\u00a0\u00bb][vc_column_text css=\u00a0\u00bb.vc_custom_1712924583170{background-image: url(https:\/\/rivierabarcrawltours.com\/wp-content\/uploads\/2021\/02\/nice-pub-crawls-300&#215;300-1.jpg?id=106823) !important;}\u00a0\u00bb]<a href=\"https:\/\/rivierabarcrawltours.com\/fr\/?attachment_id=108041\">F\u00eates de fin d&rsquo;ann\u00e9e<\/a>[\/vc_column_text][\/vc_column][\/vc_row][vc_row][vc_column width=\u00a0\u00bb1\/4&Prime; el_class=\u00a0\u00bbmain-col\u00a0\u00bb css=\u00a0\u00bb.vc_custom_1612431923475{margin-bottom: 20px !important;}\u00a0\u00bb][vc_column_text css=\u00a0\u00bb.vc_custom_1712924798017{background-image: url(https:\/\/rivierabarcrawltours.com\/wp-content\/uploads\/2022\/01\/Cannes-Food-Tours-2022.mp4_000037866.png?id=106646) !important;}\u00a0\u00bb]<a href=\"\/concept\/riviera-food-tours\">Visites guid\u00e9es de l&rsquo;alimentation<\/a>[\/vc_column_text][\/vc_column][vc_column width=\u00a0\u00bb1\/4&Prime; el_class=\u00a0\u00bbmain-col\u00a0\u00bb css=\u00a0\u00bb.vc_custom_1612432008756{margin-bottom: 20px !important;}\u00a0\u00bb][vc_column_text css=\u00a0\u00bb.vc_custom_1612437069872{background-image: url(https:\/\/rivierabarcrawltours.com\/wp-content\/uploads\/2020\/03\/vineyard-tours-nice-france.pic-2.jpg?id=51786) !important;}\u00a0\u00bb]<\/p>\n<p><a href=\"\/concept\/riviera-wine-tasting\">D\u00e9gustation de vin<\/a><\/p>\n<p>[\/vc_column_text][\/vc_column][vc_column width=\u00a0\u00bb1\/4&Prime; el_class=\u00a0\u00bbmain-col\u00a0\u00bb css=\u00a0\u00bb.vc_custom_1613118716288{margin-bottom: 20px !important;}\u00a0\u00bb][vc_column_text css=\u00a0\u00bb.vc_custom_1770904298989{background-image: url(https:\/\/rivierabarcrawltours.com\/wp-content\/uploads\/2026\/02\/Sightseeing-tours.jpg?id=125346) !important;}\u00a0\u00bb]<a href=\"https:\/\/rivierabarcrawltours.com\/tour\/sightseeing-tour%E2%80%A6o-antibes-cannes\/\">Visites guid\u00e9es<\/a>[\/vc_column_text][\/vc_column][vc_column width=\u00a0\u00bb1\/4&Prime; el_class=\u00a0\u00bbmain-col\u00a0\u00bb css=\u00a0\u00bb.vc_custom_1612432062266{margin-bottom: 20px !important;}\u00a0\u00bb][vc_column_text css=\u00a0\u00bb.vc_custom_1771495644174{background-image: url(https:\/\/rivierabarcrawltours.com\/wp-content\/uploads\/2026\/02\/Party-bus-.webp?id=125347) !important;}\u00a0\u00bb]<a href=\"https:\/\/rivierabarcrawltours.com\/fr\/tour\/party-bus-paris-france\/\">Party Bus<\/a>[\/vc_column_text][\/vc_column][\/vc_row][vc_row][vc_column width=\u00a0\u00bb1\/4&Prime; el_class=\u00a0\u00bbmain-col\u00a0\u00bb css=\u00a0\u00bb.vc_custom_1612431923475{margin-bottom: 20px !important;}\u00a0\u00bb][vc_column_text css=\u00a0\u00bb.vc_custom_1770972442520{background-image: url(https:\/\/rivierabarcrawltours.com\/wp-content\/uploads\/2026\/02\/Photo-walk-scaled.jpg?id=125348) !important;}\u00a0\u00bb]<a href=\"https:\/\/rivierabarcrawltours.com\/fr\/tour\/capturez-paris-une-promenade-photo-inoubliable-dans-le-quartier-latin\/\">Promenade photographique<\/a>[\/vc_column_text][\/vc_column][vc_column width=\u00a0\u00bb1\/4&Prime; el_class=\u00a0\u00bbmain-col\u00a0\u00bb css=\u00a0\u00bb.vc_custom_1612432008756{margin-bottom: 20px !important;}\u00a0\u00bb][vc_column_text css=\u00a0\u00bb.vc_custom_1770972476163{background-image: url(https:\/\/rivierabarcrawltours.com\/wp-content\/uploads\/2026\/02\/Treasure-Hunt-.webp?id=125349) !important;}\u00a0\u00bb]<a href=\"https:\/\/rivierabarcrawltours.com\/tour\/treasure-hunting\/\">Chasse au tr\u00e9sor<\/a>[\/vc_column_text][\/vc_column][vc_column width=\u00a0\u00bb1\/4&Prime; el_class=\u00a0\u00bbmain-col\u00a0\u00bb css=\u00a0\u00bb.vc_custom_1613118716288{margin-bottom: 20px !important;}\u00a0\u00bb][vc_column_text css=\u00a0\u00bb.vc_custom_1771512526046{background-image: url(https:\/\/rivierabarcrawltours.com\/wp-content\/uploads\/2026\/02\/Outdoor-escape-game-.jpg?id=125350) !important;}\u00a0\u00bb]<a href=\"https:\/\/rivierabarcrawltours.com\/tour\/heist-of-the-cen%E2%80%A6y-escape-game-38\/\">Jeu d&rsquo;\u00e9vasion<\/a>[\/vc_column_text][\/vc_column][vc_column width=\u00a0\u00bb1\/4&Prime; el_class=\u00a0\u00bbmain-col\u00a0\u00bb css=\u00a0\u00bb.vc_custom_1612432062266{margin-bottom: 20px !important;}\u00a0\u00bb][vc_column_text css=\u00a0\u00bb.vc_custom_1770973038691{background-image: url(https:\/\/rivierabarcrawltours.com\/wp-content\/uploads\/2023\/05\/Riviera-boat-party-1.jpg?id=109905) !important;}\u00a0\u00bb]<a href=\"https:\/\/rivierabarcrawltours.com\/fr\/tour\/boat-party-nice\/\">F\u00eate du bateau<\/a>[\/vc_column_text][\/vc_column][\/vc_row][vc_row][vc_column width=\u00a0\u00bb1\/4&Prime; el_class=\u00a0\u00bbmain-col\u00a0\u00bb css=\u00a0\u00bb.vc_custom_1612431923475{margin-bottom: 20px !important;}\u00a0\u00bb][vc_column_text css=\u00a0\u00bb.vc_custom_1770973071243{background-image: url(https:\/\/rivierabarcrawltours.com\/wp-content\/uploads\/2021\/08\/Cocktail-Masterclass-Niza-4.jpg?id=107887) !important;}\u00a0\u00bb]<a href=\"https:\/\/rivierabarcrawltours.com\/tour\/cocktail-making-%E2%80%A6e-french-riviera\/\">Cours de pr\u00e9paration de cocktails<\/a>[\/vc_column_text][\/vc_column][vc_column width=\u00a0\u00bb1\/4&Prime; el_class=\u00a0\u00bbmain-col\u00a0\u00bb css=\u00a0\u00bb.vc_custom_1612432008756{margin-bottom: 20px !important;}\u00a0\u00bb][\/vc_column][vc_column width=\u00a0\u00bb1\/4&Prime; el_class=\u00a0\u00bbmain-col\u00a0\u00bb css=\u00a0\u00bb.vc_custom_1613118716288{margin-bottom: 20px !important;}\u00a0\u00bb][\/vc_column][vc_column width=\u00a0\u00bb1\/4&Prime; el_class=\u00a0\u00bbmain-col\u00a0\u00bb css=\u00a0\u00bb.vc_custom_1612432062266{margin-bottom: 20px !important;}\u00a0\u00bb][\/vc_column][\/vc_row]<\/p>\n<\/div>","protected":false},"excerpt":{"rendered":"<p>[vc_row css=\u00a0\u00bb.vc_custom_1612431259800{margin-top: 40px !important;}\u00a0\u00bb][vc_column][vc_column_text css=\u00a0\u00bb\u00a0\u00bb] Visites et exp\u00e9riences [\/vc_column_text][vc_column_text css=\u00a0\u00bb\u00a0\u00bb] D\u00e9couvrez l&rsquo;Europe (et au-del\u00e0) avec Riviera Bar Crawl &amp; Tours D\u00e9couvrez les destinations comme un local avec Riviera Bar Crawl &amp; Tours &#8211; desexp\u00e9riences amusantes, amicales et anim\u00e9es par des experts, con\u00e7ues pour les voyageurs, les croisi\u00e9ristes, les groupes d&rsquo;amis et les entreprises \u00e0 la [&hellip;]<\/p>\n","protected":false},"author":2,"featured_media":125557,"parent":0,"menu_order":0,"comment_status":"closed","ping_status":"closed","template":"template-home-modern.php","meta":{"_acf_changed":false,"footnotes":""},"class_list":["post-125558","page","type-page","status-publish","has-post-thumbnail","hentry"],"acf":[],"yoast_head":"<!-- This site is optimized with the Yoast SEO plugin v27.3 - https:\/\/yoast.com\/product\/yoast-seo-wordpress\/ -->\n<title>Visites et exp\u00e9riences | Riviera Bar Crawl Tours<\/title>\n<meta name=\"description\" content=\"Riviera Bar Crawl &amp; Tours donne vie \u00e0 la C\u00f4te d&#039;Azur. Nous sommes sp\u00e9cialis\u00e9s dans les grandes activit\u00e9s, les f\u00eates super amusantes et les circuits rapides sur la C\u00f4te d&#039;Azur.\" \/>\n<meta name=\"robots\" content=\"index, follow, max-snippet:-1, max-image-preview:large, max-video-preview:-1\" \/>\n<link rel=\"canonical\" href=\"https:\/\/rivierabarcrawltours.com\/fr\/visites-et-experiences-2\/\" \/>\n<meta property=\"og:locale\" content=\"fr_FR\" \/>\n<meta property=\"og:type\" content=\"article\" \/>\n<meta property=\"og:title\" content=\"Visites et exp\u00e9riences | Riviera Bar Crawl Tours\" \/>\n<meta property=\"og:description\" content=\"Riviera Bar Crawl &amp; Tours donne vie \u00e0 la C\u00f4te d&#039;Azur. Nous sommes sp\u00e9cialis\u00e9s dans les grandes activit\u00e9s, les f\u00eates super amusantes et les circuits rapides sur la C\u00f4te d&#039;Azur.\" \/>\n<meta property=\"og:url\" content=\"https:\/\/rivierabarcrawltours.com\/fr\/visites-et-experiences-2\/\" \/>\n<meta property=\"og:site_name\" content=\"Riviera Bar Crawl Tours\" \/>\n<meta property=\"article:publisher\" content=\"https:\/\/www.facebook.com\/RivieraBarCrawltours\/\" \/>\n<meta property=\"article:modified_time\" content=\"2026-02-19T14:51:11+00:00\" \/>\n<meta property=\"og:image\" content=\"https:\/\/rivierabarcrawltours.com\/wp-content\/uploads\/2024\/07\/riviera-pub-crawls-1024x1024.jpg\" \/>\n<meta name=\"twitter:card\" content=\"summary_large_image\" \/>\n<meta name=\"twitter:site\" content=\"@rivierabarcrawl\" \/>\n<meta name=\"twitter:label1\" content=\"Dur\u00e9e de lecture estim\u00e9e\" \/>\n\t<meta name=\"twitter:data1\" content=\"6 minutes\" \/>\n<!-- \/ Yoast SEO plugin. -->","yoast_head_json":{"title":"Visites et exp\u00e9riences | Riviera Bar Crawl Tours","description":"Riviera Bar Crawl & Tours donne vie \u00e0 la C\u00f4te d'Azur. Nous sommes sp\u00e9cialis\u00e9s dans les grandes activit\u00e9s, les f\u00eates super amusantes et les circuits rapides sur la C\u00f4te d'Azur.","robots":{"index":"index","follow":"follow","max-snippet":"max-snippet:-1","max-image-preview":"max-image-preview:large","max-video-preview":"max-video-preview:-1"},"canonical":"https:\/\/rivierabarcrawltours.com\/fr\/visites-et-experiences-2\/","og_locale":"fr_FR","og_type":"article","og_title":"Visites et exp\u00e9riences | Riviera Bar Crawl Tours","og_description":"Riviera Bar Crawl & Tours donne vie \u00e0 la C\u00f4te d'Azur. Nous sommes sp\u00e9cialis\u00e9s dans les grandes activit\u00e9s, les f\u00eates super amusantes et les circuits rapides sur la C\u00f4te d'Azur.","og_url":"https:\/\/rivierabarcrawltours.com\/fr\/visites-et-experiences-2\/","og_site_name":"Riviera Bar Crawl Tours","article_publisher":"https:\/\/www.facebook.com\/RivieraBarCrawltours\/","article_modified_time":"2026-02-19T14:51:11+00:00","og_image":[{"url":"https:\/\/rivierabarcrawltours.com\/wp-content\/uploads\/2024\/07\/riviera-pub-crawls-1024x1024.jpg","type":"","width":"","height":""}],"twitter_card":"summary_large_image","twitter_site":"@rivierabarcrawl","twitter_misc":{"Dur\u00e9e de lecture estim\u00e9e":"6 minutes"},"schema":{"@context":"https:\/\/schema.org","@graph":[{"@type":"WebPage","@id":"https:\/\/rivierabarcrawltours.com\/fr\/visites-et-experiences-2\/","url":"https:\/\/rivierabarcrawltours.com\/fr\/visites-et-experiences-2\/","name":"Visites et exp\u00e9riences | Riviera Bar Crawl Tours","isPartOf":{"@id":"https:\/\/rivierabarcrawltours.com\/#website"},"primaryImageOfPage":{"@id":"https:\/\/rivierabarcrawltours.com\/fr\/visites-et-experiences-2\/#primaryimage"},"image":{"@id":"https:\/\/rivierabarcrawltours.com\/fr\/visites-et-experiences-2\/#primaryimage"},"thumbnailUrl":"https:\/\/rivierabarcrawltours.com\/wp-content\/uploads\/2026\/02\/french-riviera.jpeg","datePublished":"2026-02-16T11:23:05+00:00","dateModified":"2026-02-19T14:51:11+00:00","description":"Riviera Bar Crawl & Tours donne vie \u00e0 la C\u00f4te d'Azur. Nous sommes sp\u00e9cialis\u00e9s dans les grandes activit\u00e9s, les f\u00eates super amusantes et les circuits rapides sur la C\u00f4te d'Azur.","breadcrumb":{"@id":"https:\/\/rivierabarcrawltours.com\/fr\/visites-et-experiences-2\/#breadcrumb"},"inLanguage":"fr-FR","potentialAction":[{"@type":"ReadAction","target":["https:\/\/rivierabarcrawltours.com\/fr\/visites-et-experiences-2\/"]}]},{"@type":"ImageObject","inLanguage":"fr-FR","@id":"https:\/\/rivierabarcrawltours.com\/fr\/visites-et-experiences-2\/#primaryimage","url":"https:\/\/rivierabarcrawltours.com\/wp-content\/uploads\/2026\/02\/french-riviera.jpeg","contentUrl":"https:\/\/rivierabarcrawltours.com\/wp-content\/uploads\/2026\/02\/french-riviera.jpeg","width":1440,"height":764},{"@type":"BreadcrumbList","@id":"https:\/\/rivierabarcrawltours.com\/fr\/visites-et-experiences-2\/#breadcrumb","itemListElement":[{"@type":"ListItem","position":1,"name":"Home","item":"https:\/\/rivierabarcrawltours.com\/fr\/"},{"@type":"ListItem","position":2,"name":"Visites et exp\u00e9riences"}]},{"@type":"WebSite","@id":"https:\/\/rivierabarcrawltours.com\/#website","url":"https:\/\/rivierabarcrawltours.com\/","name":"Riviera Bar Crawl Tours","description":"Fun Day &amp; Night Experiences I Tour operator I Guided Tours I Bar Crawls I Food Tours I","publisher":{"@id":"https:\/\/rivierabarcrawltours.com\/#organization"},"potentialAction":[{"@type":"SearchAction","target":{"@type":"EntryPoint","urlTemplate":"https:\/\/rivierabarcrawltours.com\/?s={search_term_string}"},"query-input":{"@type":"PropertyValueSpecification","valueRequired":true,"valueName":"search_term_string"}}],"inLanguage":"fr-FR"},{"@type":"Organization","@id":"https:\/\/rivierabarcrawltours.com\/#organization","name":"Riviera Bar Crawl Tours","url":"https:\/\/rivierabarcrawltours.com\/","logo":{"@type":"ImageObject","inLanguage":"fr-FR","@id":"https:\/\/rivierabarcrawltours.com\/#\/schema\/logo\/image\/","url":"https:\/\/rivierabarcrawltours.com\/wp-content\/uploads\/2019\/07\/logo.png","contentUrl":"https:\/\/rivierabarcrawltours.com\/wp-content\/uploads\/2019\/07\/logo.png","width":479,"height":453,"caption":"Riviera Bar Crawl Tours"},"image":{"@id":"https:\/\/rivierabarcrawltours.com\/#\/schema\/logo\/image\/"},"sameAs":["https:\/\/www.facebook.com\/RivieraBarCrawltours\/","https:\/\/x.com\/rivierabarcrawl"]}]}},"_links":{"self":[{"href":"https:\/\/rivierabarcrawltours.com\/fr\/wp-json\/wp\/v2\/pages\/125558","targetHints":{"allow":["GET"]}}],"collection":[{"href":"https:\/\/rivierabarcrawltours.com\/fr\/wp-json\/wp\/v2\/pages"}],"about":[{"href":"https:\/\/rivierabarcrawltours.com\/fr\/wp-json\/wp\/v2\/types\/page"}],"author":[{"embeddable":true,"href":"https:\/\/rivierabarcrawltours.com\/fr\/wp-json\/wp\/v2\/users\/2"}],"replies":[{"embeddable":true,"href":"https:\/\/rivierabarcrawltours.com\/fr\/wp-json\/wp\/v2\/comments?post=125558"}],"version-history":[{"count":7,"href":"https:\/\/rivierabarcrawltours.com\/fr\/wp-json\/wp\/v2\/pages\/125558\/revisions"}],"predecessor-version":[{"id":126909,"href":"https:\/\/rivierabarcrawltours.com\/fr\/wp-json\/wp\/v2\/pages\/125558\/revisions\/126909"}],"wp:featuredmedia":[{"embeddable":true,"href":"https:\/\/rivierabarcrawltours.com\/fr\/wp-json\/wp\/v2\/media\/125557"}],"wp:attachment":[{"href":"https:\/\/rivierabarcrawltours.com\/fr\/wp-json\/wp\/v2\/media?parent=125558"}],"curies":[{"name":"wp","href":"https:\/\/api.w.org\/{rel}","templated":true}]}}