{"id":125533,"date":"2026-02-16T12:04:04","date_gmt":"2026-02-16T11:04:04","guid":{"rendered":"https:\/\/rivierabarcrawltours.com\/bar-crawls\/"},"modified":"2026-02-16T12:04:04","modified_gmt":"2026-02-16T11:04:04","slug":"bar-crawls","status":"publish","type":"page","link":"https:\/\/rivierabarcrawltours.com\/fr\/bar-crawls\/","title":{"rendered":"Bar Crawls"},"content":{"rendered":"<div class=\"wpb-content-wrapper\"><p>[vc_row css=\u00a0\u00bb.vc_custom_1612431259800{margin-top: 40px !important;}\u00a0\u00bb][vc_column][vc_column_text css=\u00a0\u00bb\u00a0\u00bb]<\/p>\n<h1><strong>Aventures \u00e9piques dans les bars d&rsquo;Europe et du monde entier<\/strong><\/h1>\n<p>[\/vc_column_text][vc_column_text css=\u00a0\u00bb\u00a0\u00bb]<strong>D\u00e9couvrez les meilleurs pubs dans les villes les plus branch\u00e9es d&rsquo;Europe<\/strong><\/p>\n<p>Pr\u00eat \u00e0 vivre une vie nocturne l\u00e9gendaire ? Riviera Bar Crawl &amp; Tours vous propose des exp\u00e9riences inoubliables de tourn\u00e9e des bars \u00e0 travers la France, l&rsquo;Italie et la Belgique. Depuis 2012, nous avons accueilli plus de 100 000 voyageurs \u00e0 la recherche d&rsquo;aventures nocturnes europ\u00e9ennes authentiques.  <\/p>\n<p><strong>Ce qui est inclus dans chaque tourn\u00e9e des bars :<\/strong><\/p>\n<ul>\n<li><strong>Acc\u00e8s au club VIP<\/strong> &#8211; \u00c9vitez les files d&rsquo;attente et entrez dans les meilleures salles sans souci.<\/li>\n<li><strong>Welcome Shots &amp; Drink Specials<\/strong> &#8211; Offres exclusives \u00e0 chaque arr\u00eat<\/li>\n<li><strong>Guides locaux experts<\/strong> &#8211; Des h\u00f4tes sympathiques et comp\u00e9tents qui connaissent les meilleurs endroits.<\/li>\n<li><strong>Foule internationale<\/strong> &#8211; Rencontrez des voyageurs du monde entier<\/li>\n<li><b>R\u00e9servez votre visite <\/b>&#8211; avec un groupe public ou priv\u00e9<\/li>\n<\/ul>\n<p>Que vous exploriez la C\u00f4te d&rsquo;Azur glamour, d\u00e9couvriez la vie nocturne italienne ou plongiez dans la culture festive belge, nos tourn\u00e9es des bars vous offrent des exp\u00e9riences de premier ordre \u00e0 des prix abordables. Profitez d&rsquo;une soir\u00e9e inoubliable avec des aventuriers qui vous ressemblent. <\/p>\n<p><strong>Rejoignez les milliers d&rsquo;h\u00f4tes satisfaits qui ont re\u00e7u la mention \u00ab\u00a0EXCELLENT\u00a0\u00bb avec plus de 1 291 commentaires cinq \u00e9toiles. Votre soir\u00e9e europ\u00e9enne \u00e9pique commence ici. <\/strong><\/p>\n<p><strong>Choisissez votre aventure dans les bars :<\/strong>[\/vc_column_text][\/vc_column][\/vc_row][vc_row][vc_column width=\u00a0\u00bb1\/4&Prime; el_class=\u00a0\u00bbmain-col\u00a0\u00bb css=\u00a0\u00bb.vc_custom_1612431923475{margin-bottom: 20px !important;}\u00a0\u00bb][vc_column_text css=\u00a0\u00bb.vc_custom_1770901483761{background-image: url(https:\/\/rivierabarcrawltours.com\/wp-content\/uploads\/2023\/02\/RBCT-Friday-night-in-Paris.jpeg?id=105557) !important;}\u00a0\u00bb]<a href=\"https:\/\/rivierabarcrawltours.com\/fr\/france-bar-crawls\/\">France Bar Crawl<\/a>[\/vc_column_text][\/vc_column][vc_column width=\u00a0\u00bb1\/4&Prime; el_class=\u00a0\u00bbmain-col\u00a0\u00bb css=\u00a0\u00bb.vc_custom_1612432008756{margin-bottom: 20px !important;}\u00a0\u00bb][vc_column_text css=\u00a0\u00bb.vc_custom_1770901538292{background-image: url(https:\/\/rivierabarcrawltours.com\/wp-content\/uploads\/2020\/09\/Colosseum-Rome-Italy-1.jpg?id=61082) !important;}\u00a0\u00bb]<a href=\"https:\/\/rivierabarcrawltours.com\/fr\/italie-bar-crawls\/\">Tourn\u00e9e des bars en Italie<\/a>[\/vc_column_text][\/vc_column][vc_column width=\u00a0\u00bb1\/4&Prime; el_class=\u00a0\u00bbmain-col\u00a0\u00bb css=\u00a0\u00bb.vc_custom_1613118716288{margin-bottom: 20px !important;}\u00a0\u00bb][vc_column_text css=\u00a0\u00bb.vc_custom_1770901576537{background-image: url(https:\/\/rivierabarcrawltours.com\/wp-content\/uploads\/2026\/02\/Brussels-by-night-.jpg?id=125280) !important;}\u00a0\u00bb]<a href=\"https:\/\/rivierabarcrawltours.com\/fr\/belgique-bar-crawls\/\">Tourn\u00e9e des bars en Belgique<\/a>[\/vc_column_text][\/vc_column][vc_column width=\u00a0\u00bb1\/4&Prime; el_class=\u00a0\u00bbmain-col\u00a0\u00bb css=\u00a0\u00bb.vc_custom_1612432062266{margin-bottom: 20px !important;}\u00a0\u00bb][vc_column_text css=\u00a0\u00bb.vc_custom_1770901609224{background-image: url(https:\/\/rivierabarcrawltours.com\/wp-content\/uploads\/2026\/02\/instagram-post-Nice-NYE-2027.jpg?id=125284) !important;}\u00a0\u00bb]<a href=\"https:\/\/rivierabarcrawltours.com\/fr\/soirees-speciales-dans-les-bars\/\">Tourn\u00e9e sp\u00e9ciale des bars<\/a>[\/vc_column_text][\/vc_column][\/vc_row][vc_row][vc_column][vc_column_text css=\u00a0\u00bb\u00a0\u00bb]<a href=\"https:\/\/rivierabarcrawltours.com\/fr\/nous-contacter\/\">Contactez-nous pour une demande sp\u00e9cifique <\/a><\/p>\n<p><b>WhatsApp Phone<\/b> +33 649 244 407<\/p>\n<p><b>Email<\/b> info@rivierabarcrawltours.com[\/vc_column_text][\/vc_column][\/vc_row]<\/p>\n<\/div>","protected":false},"excerpt":{"rendered":"<p>[vc_row css=\u00a0\u00bb.vc_custom_1612431259800{margin-top: 40px !important;}\u00a0\u00bb][vc_column][vc_column_text css=\u00a0\u00bb\u00a0\u00bb] Aventures \u00e9piques dans les bars d&rsquo;Europe et du monde entier [\/vc_column_text][vc_column_text css=\u00a0\u00bb\u00a0\u00bb]D\u00e9couvrez les meilleurs pubs dans les villes les plus branch\u00e9es d&rsquo;Europe Pr\u00eat \u00e0 vivre une vie nocturne l\u00e9gendaire ? Riviera Bar Crawl &amp; Tours vous propose des exp\u00e9riences inoubliables de tourn\u00e9e des bars \u00e0 travers la France, l&rsquo;Italie et [&hellip;]<\/p>\n","protected":false},"author":2,"featured_media":108041,"parent":0,"menu_order":0,"comment_status":"closed","ping_status":"closed","template":"template-home-modern.php","meta":{"_acf_changed":false,"footnotes":""},"class_list":["post-125533","page","type-page","status-publish","has-post-thumbnail","hentry"],"acf":[],"yoast_head":"<!-- This site is optimized with the Yoast SEO plugin v27.3 - https:\/\/yoast.com\/product\/yoast-seo-wordpress\/ -->\n<title>Riviera Bar Crawl Tours I R\u00e9servez vos visites de bars amusantes<\/title>\n<meta name=\"description\" content=\"Envie de passer un bon moment ? Rejoignez les Riviera Bar Crawls et profitez des meilleures tourn\u00e9es des bars en Europe et dans le monde entier.\" \/>\n<meta name=\"robots\" content=\"index, follow, max-snippet:-1, max-image-preview:large, max-video-preview:-1\" \/>\n<link rel=\"canonical\" href=\"https:\/\/rivierabarcrawltours.com\/fr\/bar-crawls\/\" \/>\n<meta property=\"og:locale\" content=\"fr_FR\" \/>\n<meta property=\"og:type\" content=\"article\" \/>\n<meta property=\"og:title\" content=\"Tourn\u00e9e des bars sp\u00e9ciale\" \/>\n<meta property=\"og:description\" content=\"Tourn\u00e9e des bars sp\u00e9ciale\" \/>\n<meta property=\"og:url\" content=\"https:\/\/rivierabarcrawltours.com\/fr\/bar-crawls\/\" \/>\n<meta property=\"og:site_name\" content=\"Riviera Bar Crawl Tours\" \/>\n<meta property=\"article:publisher\" content=\"https:\/\/www.facebook.com\/RivieraBarCrawltours\/\" \/>\n<meta property=\"og:image\" content=\"https:\/\/rivierabarcrawltours.com\/wp-content\/uploads\/2024\/07\/riviera-pub-crawls-1024x1024.jpg\" \/>\n<meta name=\"twitter:card\" content=\"summary_large_image\" \/>\n<meta name=\"twitter:site\" content=\"@rivierabarcrawl\" \/>\n<meta name=\"twitter:label1\" content=\"Dur\u00e9e de lecture estim\u00e9e\" \/>\n\t<meta name=\"twitter:data1\" content=\"2 minutes\" \/>\n<!-- \/ Yoast SEO plugin. -->","yoast_head_json":{"title":"Riviera Bar Crawl Tours I R\u00e9servez vos visites de bars amusantes","description":"Envie de passer un bon moment ? Rejoignez les Riviera Bar Crawls et profitez des meilleures tourn\u00e9es des bars en Europe et dans le monde entier.","robots":{"index":"index","follow":"follow","max-snippet":"max-snippet:-1","max-image-preview":"max-image-preview:large","max-video-preview":"max-video-preview:-1"},"canonical":"https:\/\/rivierabarcrawltours.com\/fr\/bar-crawls\/","og_locale":"fr_FR","og_type":"article","og_title":"Tourn\u00e9e des bars sp\u00e9ciale","og_description":"Tourn\u00e9e des bars sp\u00e9ciale","og_url":"https:\/\/rivierabarcrawltours.com\/fr\/bar-crawls\/","og_site_name":"Riviera Bar Crawl Tours","article_publisher":"https:\/\/www.facebook.com\/RivieraBarCrawltours\/","og_image":[{"url":"https:\/\/rivierabarcrawltours.com\/wp-content\/uploads\/2024\/07\/riviera-pub-crawls-1024x1024.jpg","type":"","width":"","height":""}],"twitter_card":"summary_large_image","twitter_site":"@rivierabarcrawl","twitter_misc":{"Dur\u00e9e de lecture estim\u00e9e":"2 minutes"},"schema":{"@context":"https:\/\/schema.org","@graph":[{"@type":"WebPage","@id":"https:\/\/rivierabarcrawltours.com\/fr\/bar-crawls\/","url":"https:\/\/rivierabarcrawltours.com\/fr\/bar-crawls\/","name":"Riviera Bar Crawl Tours I R\u00e9servez vos visites de bars amusantes","isPartOf":{"@id":"https:\/\/rivierabarcrawltours.com\/#website"},"primaryImageOfPage":{"@id":"https:\/\/rivierabarcrawltours.com\/fr\/bar-crawls\/#primaryimage"},"image":{"@id":"https:\/\/rivierabarcrawltours.com\/fr\/bar-crawls\/#primaryimage"},"thumbnailUrl":"https:\/\/rivierabarcrawltours.com\/wp-content\/uploads\/2023\/06\/riviera-pub-crawls.jpg","datePublished":"2026-02-16T11:04:04+00:00","description":"Envie de passer un bon moment ? Rejoignez les Riviera Bar Crawls et profitez des meilleures tourn\u00e9es des bars en Europe et dans le monde entier.","breadcrumb":{"@id":"https:\/\/rivierabarcrawltours.com\/fr\/bar-crawls\/#breadcrumb"},"inLanguage":"fr-FR","potentialAction":[{"@type":"ReadAction","target":["https:\/\/rivierabarcrawltours.com\/fr\/bar-crawls\/"]}]},{"@type":"ImageObject","inLanguage":"fr-FR","@id":"https:\/\/rivierabarcrawltours.com\/fr\/bar-crawls\/#primaryimage","url":"https:\/\/rivierabarcrawltours.com\/wp-content\/uploads\/2023\/06\/riviera-pub-crawls.jpg","contentUrl":"https:\/\/rivierabarcrawltours.com\/wp-content\/uploads\/2023\/06\/riviera-pub-crawls.jpg","width":1920,"height":1113,"caption":"belles exp\u00e9riences de vie nocturne"},{"@type":"BreadcrumbList","@id":"https:\/\/rivierabarcrawltours.com\/fr\/bar-crawls\/#breadcrumb","itemListElement":[{"@type":"ListItem","position":1,"name":"Home","item":"https:\/\/rivierabarcrawltours.com\/fr\/"},{"@type":"ListItem","position":2,"name":"Bar Crawls"}]},{"@type":"WebSite","@id":"https:\/\/rivierabarcrawltours.com\/#website","url":"https:\/\/rivierabarcrawltours.com\/","name":"Riviera Bar Crawl Tours","description":"Fun Day &amp; Night Experiences I Tour operator I Guided Tours I Bar Crawls I Food Tours I","publisher":{"@id":"https:\/\/rivierabarcrawltours.com\/#organization"},"potentialAction":[{"@type":"SearchAction","target":{"@type":"EntryPoint","urlTemplate":"https:\/\/rivierabarcrawltours.com\/?s={search_term_string}"},"query-input":{"@type":"PropertyValueSpecification","valueRequired":true,"valueName":"search_term_string"}}],"inLanguage":"fr-FR"},{"@type":"Organization","@id":"https:\/\/rivierabarcrawltours.com\/#organization","name":"Riviera Bar Crawl Tours","url":"https:\/\/rivierabarcrawltours.com\/","logo":{"@type":"ImageObject","inLanguage":"fr-FR","@id":"https:\/\/rivierabarcrawltours.com\/#\/schema\/logo\/image\/","url":"https:\/\/rivierabarcrawltours.com\/wp-content\/uploads\/2019\/07\/logo.png","contentUrl":"https:\/\/rivierabarcrawltours.com\/wp-content\/uploads\/2019\/07\/logo.png","width":479,"height":453,"caption":"Riviera Bar Crawl Tours"},"image":{"@id":"https:\/\/rivierabarcrawltours.com\/#\/schema\/logo\/image\/"},"sameAs":["https:\/\/www.facebook.com\/RivieraBarCrawltours\/","https:\/\/x.com\/rivierabarcrawl"]}]}},"_links":{"self":[{"href":"https:\/\/rivierabarcrawltours.com\/fr\/wp-json\/wp\/v2\/pages\/125533","targetHints":{"allow":["GET"]}}],"collection":[{"href":"https:\/\/rivierabarcrawltours.com\/fr\/wp-json\/wp\/v2\/pages"}],"about":[{"href":"https:\/\/rivierabarcrawltours.com\/fr\/wp-json\/wp\/v2\/types\/page"}],"author":[{"embeddable":true,"href":"https:\/\/rivierabarcrawltours.com\/fr\/wp-json\/wp\/v2\/users\/2"}],"replies":[{"embeddable":true,"href":"https:\/\/rivierabarcrawltours.com\/fr\/wp-json\/wp\/v2\/comments?post=125533"}],"version-history":[{"count":2,"href":"https:\/\/rivierabarcrawltours.com\/fr\/wp-json\/wp\/v2\/pages\/125533\/revisions"}],"predecessor-version":[{"id":125535,"href":"https:\/\/rivierabarcrawltours.com\/fr\/wp-json\/wp\/v2\/pages\/125533\/revisions\/125535"}],"wp:featuredmedia":[{"embeddable":true,"href":"https:\/\/rivierabarcrawltours.com\/fr\/wp-json\/wp\/v2\/media\/108041"}],"wp:attachment":[{"href":"https:\/\/rivierabarcrawltours.com\/fr\/wp-json\/wp\/v2\/media?parent=125533"}],"curies":[{"name":"wp","href":"https:\/\/api.w.org\/{rel}","templated":true}]}}