{"id":123327,"date":"2026-01-27T15:09:28","date_gmt":"2026-01-27T14:09:28","guid":{"rendered":"https:\/\/rivierabarcrawltours.com\/belgique-bar-crawls\/"},"modified":"2026-02-16T12:29:11","modified_gmt":"2026-02-16T11:29:11","slug":"belgique-bar-crawls","status":"publish","type":"page","link":"https:\/\/rivierabarcrawltours.com\/fr\/belgique-bar-crawls\/","title":{"rendered":"Belgique Bar Crawls"},"content":{"rendered":"<div class=\"wpb-content-wrapper\"><p>[vc_row css=\u00a0\u00bb.vc_custom_1612431259800{margin-top: 40px !important;}\u00a0\u00bb][vc_column][vc_column_text css=\u00a0\u00bb\u00a0\u00bb]<\/p>\n<h2>Faites l&rsquo;exp\u00e9rience des meilleures tourn\u00e9es de bars et de pubs en Belgique<\/h2>\n<p>[\/vc_column_text][vc_column_text css=\u00a0\u00bb\u00a0\u00bb]D\u00e9couvrez les meilleures <strong>tourn\u00e9es des bars en Belgique<\/strong>, avec des <strong>tourn\u00e9es des bars publics<\/strong> pour des soir\u00e9es conviviales et des <strong>tourn\u00e9es des bars priv\u00e9s<\/strong> adapt\u00e9es \u00e0 votre groupe. Que vous souhaitiez f\u00eater <strong>le Nouvel An<\/strong>, organiser un <strong>enterrement de vie de jeune fille<\/strong>, une <strong>tourn\u00e9e des bars pour un anniversaire<\/strong> ou une soir\u00e9e d&rsquo;<strong>entreprise<\/strong>, nous rendons les choses faciles, amusantes et transparentes du d\u00e9but \u00e0 la fin. <\/p>\n<p><strong>Pourquoi r\u00e9server avec nous ?<\/strong><\/p>\n<ul>\n<li><strong>Options publiques ou priv\u00e9es<\/strong>: rejoignez un groupe anim\u00e9 ou optez pour une solution enti\u00e8rement personnalis\u00e9e pour votre \u00e9quipage.<\/li>\n<li><strong>Con\u00e7u pour les c\u00e9l\u00e9brations<\/strong>: enterrement de vie de jeune fille, anniversaires, groupes d&rsquo;entreprises &#8211; trait\u00e9 comme un professionnel<\/li>\n<li>Un <strong>tour-op\u00e9rateur convivial<\/strong>: une planification fiable, une coordination sans faille et des exp\u00e9riences adapt\u00e9es aux groupes.<\/li>\n<\/ul>\n<p>Vous \u00eates pr\u00e9occup\u00e9 par la logistique, le timing ou la coh\u00e9sion du groupe ? Nous nous occupons de l&rsquo;organisation pour que vous puissiez vous concentrer sur le plus important : une soir\u00e9e inoubliable. <\/p>\n<p><strong>R\u00e9servez votre tourn\u00e9e des bars en Belgique d\u00e8s aujourd&rsquo;hui<\/strong> &#8211; choisissez une tourn\u00e9e publique ou demandez un <a href=\"https:\/\/rivierabarcrawltours.com\/fr\/nous-contacter\/\">devis pour un groupe priv\u00e9 d\u00e8s maintenant.<\/a><\/p>\n<p><b>T\u00e9l\u00e9phone WhatsApp<\/b> +33 649 244 407<\/p>\n<p><b>Envoyez un courriel \u00e0<\/b> info@rivierabarcrawltours.com[\/vc_column_text][\/vc_column][\/vc_row][vc_row][vc_column width=\u00a0\u00bb1\/4&Prime; el_class=\u00a0\u00bbmain-col\u00a0\u00bb css=\u00a0\u00bb.vc_custom_1613118716288{margin-bottom: 20px !important;}\u00a0\u00bb][vc_column_text css=\u00a0\u00bb.vc_custom_1770892641580{background-image: url(https:\/\/rivierabarcrawltours.com\/wp-content\/uploads\/2026\/02\/Brussels-by-night-.jpg?id=125280) !important;}\u00a0\u00bb]<a href=\"https:\/\/rivierabarcrawltours.com\/fr\/tour\/riviera-bar-crawl-bruxelles\/\">Bruxelles<\/a>[\/vc_column_text][\/vc_column][\/vc_row]<\/p>\n<\/div>","protected":false},"excerpt":{"rendered":"<p>[vc_row css=\u00a0\u00bb.vc_custom_1612431259800{margin-top: 40px !important;}\u00a0\u00bb][vc_column][vc_column_text css=\u00a0\u00bb\u00a0\u00bb] Faites l&rsquo;exp\u00e9rience des meilleures tourn\u00e9es de bars et de pubs en Belgique [\/vc_column_text][vc_column_text css=\u00a0\u00bb\u00a0\u00bb]D\u00e9couvrez les meilleures tourn\u00e9es des bars en Belgique, avec des tourn\u00e9es des bars publics pour des soir\u00e9es conviviales et des tourn\u00e9es des bars priv\u00e9s adapt\u00e9es \u00e0 votre groupe. Que vous souhaitiez f\u00eater le Nouvel An, organiser un [&hellip;]<\/p>\n","protected":false},"author":2,"featured_media":108041,"parent":0,"menu_order":0,"comment_status":"closed","ping_status":"closed","template":"template-home-modern.php","meta":{"_acf_changed":false,"footnotes":""},"class_list":["post-123327","page","type-page","status-publish","has-post-thumbnail","hentry"],"acf":[],"yoast_head":"<!-- This site is optimized with the Yoast SEO plugin v27.5 - https:\/\/yoast.com\/product\/yoast-seo-wordpress\/ -->\n<title>Belgique Bar Crawls | Riviera Bar Crawl Tours<\/title>\n<meta name=\"description\" content=\"Riviera Bar Crawl Tours : Tourn\u00e9e des bars en Belgique - Tourn\u00e9e des bars publics et priv\u00e9s pour les bachelorettes, les anniversaires, les groupes d&#039;entreprises et les tour-op\u00e9rateurs.\" \/>\n<meta name=\"robots\" content=\"index, follow, max-snippet:-1, max-image-preview:large, max-video-preview:-1\" \/>\n<link rel=\"canonical\" href=\"https:\/\/rivierabarcrawltours.com\/fr\/belgique-bar-crawls\/\" \/>\n<meta property=\"og:locale\" content=\"fr_FR\" \/>\n<meta property=\"og:type\" content=\"article\" \/>\n<meta property=\"og:title\" content=\"Soir\u00e9e publique et priv\u00e9e de bar crawl en Belgique\" \/>\n<meta property=\"og:description\" content=\"Soir\u00e9e publique et priv\u00e9e de bar crawl en Belgique\" \/>\n<meta property=\"og:url\" content=\"https:\/\/rivierabarcrawltours.com\/fr\/belgique-bar-crawls\/\" \/>\n<meta property=\"og:site_name\" content=\"Riviera Bar Crawl Tours\" \/>\n<meta property=\"article:publisher\" content=\"https:\/\/www.facebook.com\/RivieraBarCrawltours\/\" \/>\n<meta property=\"article:modified_time\" content=\"2026-02-16T11:29:11+00:00\" \/>\n<meta property=\"og:image\" content=\"https:\/\/rivierabarcrawltours.com\/wp-content\/uploads\/2024\/07\/riviera-pub-crawls-1024x1024.jpg\" \/>\n<meta name=\"twitter:card\" content=\"summary_large_image\" \/>\n<meta name=\"twitter:site\" content=\"@rivierabarcrawl\" \/>\n<meta name=\"twitter:label1\" content=\"Dur\u00e9e de lecture estim\u00e9e\" \/>\n\t<meta name=\"twitter:data1\" content=\"1 minute\" \/>\n<!-- \/ Yoast SEO plugin. -->","yoast_head_json":{"title":"Belgique Bar Crawls | Riviera Bar Crawl Tours","description":"Riviera Bar Crawl Tours : Tourn\u00e9e des bars en Belgique - Tourn\u00e9e des bars publics et priv\u00e9s pour les bachelorettes, les anniversaires, les groupes d'entreprises et les tour-op\u00e9rateurs.","robots":{"index":"index","follow":"follow","max-snippet":"max-snippet:-1","max-image-preview":"max-image-preview:large","max-video-preview":"max-video-preview:-1"},"canonical":"https:\/\/rivierabarcrawltours.com\/fr\/belgique-bar-crawls\/","og_locale":"fr_FR","og_type":"article","og_title":"Soir\u00e9e publique et priv\u00e9e de bar crawl en Belgique","og_description":"Soir\u00e9e publique et priv\u00e9e de bar crawl en Belgique","og_url":"https:\/\/rivierabarcrawltours.com\/fr\/belgique-bar-crawls\/","og_site_name":"Riviera Bar Crawl Tours","article_publisher":"https:\/\/www.facebook.com\/RivieraBarCrawltours\/","article_modified_time":"2026-02-16T11:29:11+00:00","og_image":[{"url":"https:\/\/rivierabarcrawltours.com\/wp-content\/uploads\/2024\/07\/riviera-pub-crawls-1024x1024.jpg","type":"","width":"","height":""}],"twitter_card":"summary_large_image","twitter_site":"@rivierabarcrawl","twitter_misc":{"Dur\u00e9e de lecture estim\u00e9e":"1 minute"},"schema":{"@context":"https:\/\/schema.org","@graph":[{"@type":"WebPage","@id":"https:\/\/rivierabarcrawltours.com\/fr\/belgique-bar-crawls\/","url":"https:\/\/rivierabarcrawltours.com\/fr\/belgique-bar-crawls\/","name":"Belgique Bar Crawls | Riviera Bar Crawl Tours","isPartOf":{"@id":"https:\/\/rivierabarcrawltours.com\/#website"},"primaryImageOfPage":{"@id":"https:\/\/rivierabarcrawltours.com\/fr\/belgique-bar-crawls\/#primaryimage"},"image":{"@id":"https:\/\/rivierabarcrawltours.com\/fr\/belgique-bar-crawls\/#primaryimage"},"thumbnailUrl":"https:\/\/rivierabarcrawltours.com\/wp-content\/uploads\/2023\/06\/riviera-pub-crawls.jpg","datePublished":"2026-01-27T14:09:28+00:00","dateModified":"2026-02-16T11:29:11+00:00","description":"Riviera Bar Crawl Tours : Tourn\u00e9e des bars en Belgique - Tourn\u00e9e des bars publics et priv\u00e9s pour les bachelorettes, les anniversaires, les groupes d'entreprises et les tour-op\u00e9rateurs.","breadcrumb":{"@id":"https:\/\/rivierabarcrawltours.com\/fr\/belgique-bar-crawls\/#breadcrumb"},"inLanguage":"fr-FR","potentialAction":[{"@type":"ReadAction","target":["https:\/\/rivierabarcrawltours.com\/fr\/belgique-bar-crawls\/"]}]},{"@type":"ImageObject","inLanguage":"fr-FR","@id":"https:\/\/rivierabarcrawltours.com\/fr\/belgique-bar-crawls\/#primaryimage","url":"https:\/\/rivierabarcrawltours.com\/wp-content\/uploads\/2023\/06\/riviera-pub-crawls.jpg","contentUrl":"https:\/\/rivierabarcrawltours.com\/wp-content\/uploads\/2023\/06\/riviera-pub-crawls.jpg","width":1920,"height":1113,"caption":"belles exp\u00e9riences de vie nocturne"},{"@type":"BreadcrumbList","@id":"https:\/\/rivierabarcrawltours.com\/fr\/belgique-bar-crawls\/#breadcrumb","itemListElement":[{"@type":"ListItem","position":1,"name":"Home","item":"https:\/\/rivierabarcrawltours.com\/fr\/"},{"@type":"ListItem","position":2,"name":"Belgique Bar Crawls"}]},{"@type":"WebSite","@id":"https:\/\/rivierabarcrawltours.com\/#website","url":"https:\/\/rivierabarcrawltours.com\/","name":"Riviera Bar Crawl Tours","description":"Fun Day &amp; Night Experiences I Tour operator I Guided Tours I Bar Crawls I Food Tours I","publisher":{"@id":"https:\/\/rivierabarcrawltours.com\/#organization"},"potentialAction":[{"@type":"SearchAction","target":{"@type":"EntryPoint","urlTemplate":"https:\/\/rivierabarcrawltours.com\/?s={search_term_string}"},"query-input":{"@type":"PropertyValueSpecification","valueRequired":true,"valueName":"search_term_string"}}],"inLanguage":"fr-FR"},{"@type":"Organization","@id":"https:\/\/rivierabarcrawltours.com\/#organization","name":"Riviera Bar Crawl Tours","url":"https:\/\/rivierabarcrawltours.com\/","logo":{"@type":"ImageObject","inLanguage":"fr-FR","@id":"https:\/\/rivierabarcrawltours.com\/#\/schema\/logo\/image\/","url":"https:\/\/rivierabarcrawltours.com\/wp-content\/uploads\/2019\/07\/logo.png","contentUrl":"https:\/\/rivierabarcrawltours.com\/wp-content\/uploads\/2019\/07\/logo.png","width":479,"height":453,"caption":"Riviera Bar Crawl Tours"},"image":{"@id":"https:\/\/rivierabarcrawltours.com\/#\/schema\/logo\/image\/"},"sameAs":["https:\/\/www.facebook.com\/RivieraBarCrawltours\/","https:\/\/x.com\/rivierabarcrawl"]}]}},"_links":{"self":[{"href":"https:\/\/rivierabarcrawltours.com\/fr\/wp-json\/wp\/v2\/pages\/123327","targetHints":{"allow":["GET"]}}],"collection":[{"href":"https:\/\/rivierabarcrawltours.com\/fr\/wp-json\/wp\/v2\/pages"}],"about":[{"href":"https:\/\/rivierabarcrawltours.com\/fr\/wp-json\/wp\/v2\/types\/page"}],"author":[{"embeddable":true,"href":"https:\/\/rivierabarcrawltours.com\/fr\/wp-json\/wp\/v2\/users\/2"}],"replies":[{"embeddable":true,"href":"https:\/\/rivierabarcrawltours.com\/fr\/wp-json\/wp\/v2\/comments?post=123327"}],"version-history":[{"count":6,"href":"https:\/\/rivierabarcrawltours.com\/fr\/wp-json\/wp\/v2\/pages\/123327\/revisions"}],"predecessor-version":[{"id":125587,"href":"https:\/\/rivierabarcrawltours.com\/fr\/wp-json\/wp\/v2\/pages\/123327\/revisions\/125587"}],"wp:featuredmedia":[{"embeddable":true,"href":"https:\/\/rivierabarcrawltours.com\/fr\/wp-json\/wp\/v2\/media\/108041"}],"wp:attachment":[{"href":"https:\/\/rivierabarcrawltours.com\/fr\/wp-json\/wp\/v2\/media?parent=123327"}],"curies":[{"name":"wp","href":"https:\/\/api.w.org\/{rel}","templated":true}]}}