{"id":123286,"date":"2026-01-27T14:55:19","date_gmt":"2026-01-27T13:55:19","guid":{"rendered":"https:\/\/rivierabarcrawltours.com\/soirees-speciales-dans-les-bars\/"},"modified":"2026-02-16T12:59:52","modified_gmt":"2026-02-16T11:59:52","slug":"soirees-speciales-dans-les-bars","status":"publish","type":"page","link":"https:\/\/rivierabarcrawltours.com\/fr\/soirees-speciales-dans-les-bars\/","title":{"rendered":"Soir\u00e9es sp\u00e9ciales dans les bars"},"content":{"rendered":"<div class=\"wpb-content-wrapper\"><p>[vc_row css=\u00a0\u00bb.vc_custom_1612431259800{margin-top: 40px !important;}\u00a0\u00bb][vc_column][vc_column_text css=\u00a0\u00bb\u00a0\u00bb]<\/p>\n<h2><strong>Tourn\u00e9e des bars : r\u00e9veillon du Nouvel An, Halloween, St Patrick et St Valentin<\/strong><\/h2>\n<p>[\/vc_column_text][vc_column_text css=\u00a0\u00bb\u00a0\u00bb]<\/p>\n<h2 data-start=\"115\" data-end=\"192\"><strong data-start=\"115\" data-end=\"192\">Bar Crawls sp\u00e9ciaux : des nuits inoubliables pour les plus grandes occasions<\/strong><\/h2>\n<p data-start=\"194\" data-end=\"550\">Vous cherchez une soir\u00e9e qui sorte de l&rsquo;ordinaire ? D\u00e9couvrez nos <strong data-start=\"250\" data-end=\"282\">tourn\u00e9es de bars sp\u00e9ciales<\/strong>, con\u00e7ues pour les dates les plus excitantes de l&rsquo;ann\u00e9e : <strong data-start=\"334\" data-end=\"403\">Saint-Sylvestre, Halloween, Saint-Patrick et Saint-Valentin<\/strong>. Que vous soyez \u00e0 la recherche d&rsquo;une <strong data-start=\"431\" data-end=\"452\">ambiance de f\u00eate<\/strong> ou d&rsquo;une <strong data-start=\"458\" data-end=\"494\">exp\u00e9rience enti\u00e8rement priv\u00e9e<\/strong>, nous nous occupons de tout &#8211; vous n&rsquo;avez plus qu&rsquo;\u00e0 profiter de la soir\u00e9e.  <\/p>\n<h3 data-start=\"552\" data-end=\"600\">Tourn\u00e9e des bars pour l&rsquo;ambiance&#8230; ou 100% sur mesure<\/h3>\n<p data-start=\"602\" data-end=\"856\"><strong data-start=\"602\" data-end=\"622\">Tourn\u00e9e des bars publics<\/strong>: rejoignez un groupe amusant, parfait pour rencontrer de nouvelles personnes et profiter d&rsquo;une v\u00e9ritable ambiance nocturne.<br data-start=\"714\" data-end=\"717\"><strong data-start=\"717\" data-end=\"738\">Tourn\u00e9e des bars priv\u00e9s<\/strong>: un <strong data-start=\"742\" data-end=\"778\">format personnalis\u00e9 pour votre groupe<\/strong> (amis, couples, coll\u00e8gues), avec un horaire adapt\u00e9 \u00e0 vos pr\u00e9f\u00e9rences.<\/p>\n<h3 data-start=\"858\" data-end=\"909\">Parfait pour vos \u00e9v\u00e9nements : trait\u00e9 de mani\u00e8re professionnelle<\/h3>\n<p data-start=\"911\" data-end=\"984\">Nos <strong data-start=\"915\" data-end=\"937\">tourn\u00e9es de bars sp\u00e9ciales<\/strong> sont con\u00e7ues pour vous permettre de f\u00eater l&rsquo;\u00e9v\u00e9nement sans stress :<\/p>\n<ul data-start=\"986\" data-end=\"1431\">\n<li data-start=\"986\" data-end=\"1084\">\n<p data-start=\"988\" data-end=\"1084\"><strong data-start=\"988\" data-end=\"1006\">R\u00e9veillon du Nouvel An<\/strong>: commencez l&rsquo;ann\u00e9e par une soir\u00e9e festive bien organis\u00e9e &#8211; sans tracas, juste pour le plaisir.<\/p>\n<\/li>\n<li data-start=\"1085\" data-end=\"1185\">\n<p data-start=\"1087\" data-end=\"1185\"><strong data-start=\"1087\" data-end=\"1110\">Halloween Bar Crawl<\/strong>: une nuit immersive, id\u00e9ale pour les groupes en qu\u00eate d&rsquo;\u00e9nergie et d&rsquo;excitation.<\/p>\n<\/li>\n<li data-start=\"1186\" data-end=\"1305\">\n<p data-start=\"1188\" data-end=\"1305\"><strong data-start=\"1188\" data-end=\"1219\">Tourn\u00e9e des bars de la Saint-Patrick<\/strong>: haute \u00e9nergie garantie &#8211; nous g\u00e9rons l&rsquo;itin\u00e9raire et le timing pour une soir\u00e9e qui tient toutes ses promesses.<\/p>\n<\/li>\n<li data-start=\"1306\" data-end=\"1431\">\n<p data-start=\"1308\" data-end=\"1431\"><strong data-start=\"1308\" data-end=\"1327\">Saint-Valentin<\/strong>: une soir\u00e9e diff\u00e9rente, plus \u00e9l\u00e9gante ou plus festive selon votre style (couple ou groupe).<\/p>\n<\/li>\n<\/ul>\n<h3 data-start=\"1433\" data-end=\"1478\">\u00ab\u00a0Qu&rsquo;en est-il de la logistique ?\u00a0\u00bb Laissez-nous nous en charger. <\/h3>\n<p data-start=\"1480\" data-end=\"1704\">Horaires serr\u00e9s, transport, r\u00e9servations, coordination du groupe&#8230; c&rsquo;est exactement l\u00e0 que nous intervenons. <strong data-start=\"1580\" data-end=\"1630\">Nous planifions, coordonnons et rationalisons tout<\/strong> pour que votre tourn\u00e9e des bars soit <strong data-start=\"1652\" data-end=\"1682\">facile, amusante et sans stress<\/strong> du d\u00e9but \u00e0 la fin.<\/p>\n<h3 data-start=\"1706\" data-end=\"1763\">Groupes et professionnels du tourisme : une coordination fiable<\/h3>\n<p data-start=\"1765\" data-end=\"1943\">Vous \u00eates une agence, un tour op\u00e9rateur ou un responsable de groupe ? Nous vous proposons des <strong data-start=\"1826\" data-end=\"1853\">exp\u00e9riences adapt\u00e9es aux groupes<\/strong>, avec une organisation claire et une communication efficace, afin de garantir des nuits fluides et sans heurts. <\/p>\n<h3 data-start=\"1945\" data-end=\"1986\">R\u00e9servez votre tourn\u00e9e des bars<\/h3>\n<p data-start=\"1988\" data-end=\"2128\">Choisissez une <strong data-start=\"1997\" data-end=\"2017\">tourn\u00e9e des bars publics<\/strong> ou <strong data-start=\"2021\" data-end=\"2048\">demandez un devis priv\u00e9<\/strong> pour votre groupe (r\u00e9veillon, Halloween, Saint-Patrick, Saint-Valentin).<\/p>\n<p data-start=\"2130\" data-end=\"2210\"><strong data-start=\"2130\" data-end=\"2151\">WhatsApp \/ T\u00e9l\u00e9phone :<\/strong> +33 649 244 407<br data-start=\"2167\" data-end=\"2170\"><strong data-start=\"2170\" data-end=\"2180\">Courriel :<\/strong> <a class=\"decorated-link cursor-pointer\" rel=\"noopener\" data-start=\"2181\" data-end=\"2210\">info@rivierabarcrawltours.com<\/a><\/p>\n<p>[\/vc_column_text][\/vc_column][\/vc_row][vc_row][vc_column width=\u00a0\u00bb1\/4&Prime; el_class=\u00a0\u00bbmain-col\u00a0\u00bb css=\u00a0\u00bb.vc_custom_1612431923475{margin-bottom: 20px !important;}\u00a0\u00bb][vc_column_text css=\u00a0\u00bb.vc_custom_1770892806967{background-image: url(https:\/\/rivierabarcrawltours.com\/wp-content\/uploads\/2026\/02\/instagram-post-Nice-NYE-2027.jpg?id=125284) !important;}\u00a0\u00bb]<a href=\"https:\/\/rivierabarcrawltours.com\/fr\/tournee-des-bars-de-la-saint-sylvestre\/\">R\u00e9veillon du Nouvel An<\/a>[\/vc_column_text][\/vc_column][vc_column width=\u00a0\u00bb1\/4&Prime; el_class=\u00a0\u00bbmain-col\u00a0\u00bb css=\u00a0\u00bb.vc_custom_1612432008756{margin-bottom: 20px !important;}\u00a0\u00bb][vc_column_text css=\u00a0\u00bb.vc_custom_1770902930828{background-image: url(https:\/\/rivierabarcrawltours.com\/wp-content\/uploads\/2026\/02\/Halloween-bar-crawl.jpg?id=125285) !important;}\u00a0\u00bb]<a href=\"https:\/\/rivierabarcrawltours.com\/fr\/soiree-dhalloween-dans-un-bar\/\">Halloween<\/a>[\/vc_column_text][\/vc_column][vc_column width=\u00a0\u00bb1\/4&Prime; el_class=\u00a0\u00bbmain-col\u00a0\u00bb css=\u00a0\u00bb.vc_custom_1613118716288{margin-bottom: 20px !important;}\u00a0\u00bb][vc_column_text css=\u00a0\u00bb.vc_custom_1769509882813{background-image: url(https:\/\/rivierabarcrawltours.com\/wp-content\/uploads\/2021\/12\/Saint-patricks-day-bar-crawl-nice-france.jpg?id=86234) !important;}\u00a0\u00bb]<a href=\"https:\/\/rivierabarcrawltours.com\/fr\/tour\/soiree-saint-patrick-bar-crawl-nice\/\">Saint Patrick<\/a>[\/vc_column_text][\/vc_column][vc_column width=\u00a0\u00bb1\/4&Prime; el_class=\u00a0\u00bbmain-col\u00a0\u00bb css=\u00a0\u00bb.vc_custom_1612432062266{margin-bottom: 20px !important;}\u00a0\u00bb][vc_column_text css=\u00a0\u00bb.vc_custom_1769510166860{background-image: url(https:\/\/rivierabarcrawltours.com\/wp-content\/uploads\/2023\/01\/Valentines-Day-Bar-Crawl-Paris.png?id=111219) !important;}\u00a0\u00bb]<a href=\"https:\/\/rivierabarcrawltours.com\/fr\/tour\/tournee-des-bars-de-la-saint-valentin-nice-france\/\">Saint-Valentin<\/a>[\/vc_column_text][\/vc_column][\/vc_row]<\/p>\n<\/div>","protected":false},"excerpt":{"rendered":"<p>[vc_row css=\u00a0\u00bb.vc_custom_1612431259800{margin-top: 40px !important;}\u00a0\u00bb][vc_column][vc_column_text css=\u00a0\u00bb\u00a0\u00bb] Tourn\u00e9e des bars : r\u00e9veillon du Nouvel An, Halloween, St Patrick et St Valentin [\/vc_column_text][vc_column_text css=\u00a0\u00bb\u00a0\u00bb] Bar Crawls sp\u00e9ciaux : des nuits inoubliables pour les plus grandes occasions Vous cherchez une soir\u00e9e qui sorte de l&rsquo;ordinaire ? D\u00e9couvrez nos tourn\u00e9es de bars sp\u00e9ciales, con\u00e7ues pour les dates les plus excitantes [&hellip;]<\/p>\n","protected":false},"author":2,"featured_media":108041,"parent":0,"menu_order":0,"comment_status":"closed","ping_status":"closed","template":"template-home-modern.php","meta":{"_acf_changed":false,"footnotes":""},"class_list":["post-123286","page","type-page","status-publish","has-post-thumbnail","hentry"],"acf":[],"yoast_head":"<!-- This site is optimized with the Yoast SEO plugin v27.5 - https:\/\/yoast.com\/product\/yoast-seo-wordpress\/ -->\n<title>Soir\u00e9es sp\u00e9ciales dans les bars | Riviera Bar Crawl Tours<\/title>\n<meta name=\"description\" content=\"Riviera Bar Crawl Tours : Tourn\u00e9e des bars sp\u00e9ciaux - Tourn\u00e9e des bars publics pour NYE, Halloween, St Patrick et la St Valentin.\" \/>\n<meta name=\"robots\" content=\"index, follow, max-snippet:-1, max-image-preview:large, max-video-preview:-1\" \/>\n<link rel=\"canonical\" href=\"https:\/\/rivierabarcrawltours.com\/fr\/soirees-speciales-dans-les-bars\/\" \/>\n<meta property=\"og:locale\" content=\"fr_FR\" \/>\n<meta property=\"og:type\" content=\"article\" \/>\n<meta property=\"og:title\" content=\"Tourn\u00e9e des bars sp\u00e9ciale\" \/>\n<meta property=\"og:description\" content=\"Tourn\u00e9e des bars sp\u00e9ciale\" \/>\n<meta property=\"og:url\" content=\"https:\/\/rivierabarcrawltours.com\/fr\/soirees-speciales-dans-les-bars\/\" \/>\n<meta property=\"og:site_name\" content=\"Riviera Bar Crawl Tours\" \/>\n<meta property=\"article:publisher\" content=\"https:\/\/www.facebook.com\/RivieraBarCrawltours\/\" \/>\n<meta property=\"article:modified_time\" content=\"2026-02-16T11:59:52+00:00\" \/>\n<meta property=\"og:image\" content=\"https:\/\/rivierabarcrawltours.com\/wp-content\/uploads\/2024\/07\/riviera-pub-crawls-1024x1024.jpg\" \/>\n<meta name=\"twitter:card\" content=\"summary_large_image\" \/>\n<meta name=\"twitter:site\" content=\"@rivierabarcrawl\" \/>\n<meta name=\"twitter:label1\" content=\"Dur\u00e9e de lecture estim\u00e9e\" \/>\n\t<meta name=\"twitter:data1\" content=\"3 minutes\" \/>\n<!-- \/ Yoast SEO plugin. -->","yoast_head_json":{"title":"Soir\u00e9es sp\u00e9ciales dans les bars | Riviera Bar Crawl Tours","description":"Riviera Bar Crawl Tours : Tourn\u00e9e des bars sp\u00e9ciaux - Tourn\u00e9e des bars publics pour NYE, Halloween, St Patrick et la St Valentin.","robots":{"index":"index","follow":"follow","max-snippet":"max-snippet:-1","max-image-preview":"max-image-preview:large","max-video-preview":"max-video-preview:-1"},"canonical":"https:\/\/rivierabarcrawltours.com\/fr\/soirees-speciales-dans-les-bars\/","og_locale":"fr_FR","og_type":"article","og_title":"Tourn\u00e9e des bars sp\u00e9ciale","og_description":"Tourn\u00e9e des bars sp\u00e9ciale","og_url":"https:\/\/rivierabarcrawltours.com\/fr\/soirees-speciales-dans-les-bars\/","og_site_name":"Riviera Bar Crawl Tours","article_publisher":"https:\/\/www.facebook.com\/RivieraBarCrawltours\/","article_modified_time":"2026-02-16T11:59:52+00:00","og_image":[{"url":"https:\/\/rivierabarcrawltours.com\/wp-content\/uploads\/2024\/07\/riviera-pub-crawls-1024x1024.jpg","type":"","width":"","height":""}],"twitter_card":"summary_large_image","twitter_site":"@rivierabarcrawl","twitter_misc":{"Dur\u00e9e de lecture estim\u00e9e":"3 minutes"},"schema":{"@context":"https:\/\/schema.org","@graph":[{"@type":"WebPage","@id":"https:\/\/rivierabarcrawltours.com\/fr\/soirees-speciales-dans-les-bars\/","url":"https:\/\/rivierabarcrawltours.com\/fr\/soirees-speciales-dans-les-bars\/","name":"Soir\u00e9es sp\u00e9ciales dans les bars | Riviera Bar Crawl Tours","isPartOf":{"@id":"https:\/\/rivierabarcrawltours.com\/#website"},"primaryImageOfPage":{"@id":"https:\/\/rivierabarcrawltours.com\/fr\/soirees-speciales-dans-les-bars\/#primaryimage"},"image":{"@id":"https:\/\/rivierabarcrawltours.com\/fr\/soirees-speciales-dans-les-bars\/#primaryimage"},"thumbnailUrl":"https:\/\/rivierabarcrawltours.com\/wp-content\/uploads\/2023\/06\/riviera-pub-crawls.jpg","datePublished":"2026-01-27T13:55:19+00:00","dateModified":"2026-02-16T11:59:52+00:00","description":"Riviera Bar Crawl Tours : Tourn\u00e9e des bars sp\u00e9ciaux - Tourn\u00e9e des bars publics pour NYE, Halloween, St Patrick et la St Valentin.","breadcrumb":{"@id":"https:\/\/rivierabarcrawltours.com\/fr\/soirees-speciales-dans-les-bars\/#breadcrumb"},"inLanguage":"fr-FR","potentialAction":[{"@type":"ReadAction","target":["https:\/\/rivierabarcrawltours.com\/fr\/soirees-speciales-dans-les-bars\/"]}]},{"@type":"ImageObject","inLanguage":"fr-FR","@id":"https:\/\/rivierabarcrawltours.com\/fr\/soirees-speciales-dans-les-bars\/#primaryimage","url":"https:\/\/rivierabarcrawltours.com\/wp-content\/uploads\/2023\/06\/riviera-pub-crawls.jpg","contentUrl":"https:\/\/rivierabarcrawltours.com\/wp-content\/uploads\/2023\/06\/riviera-pub-crawls.jpg","width":1920,"height":1113,"caption":"belles exp\u00e9riences de vie nocturne"},{"@type":"BreadcrumbList","@id":"https:\/\/rivierabarcrawltours.com\/fr\/soirees-speciales-dans-les-bars\/#breadcrumb","itemListElement":[{"@type":"ListItem","position":1,"name":"Home","item":"https:\/\/rivierabarcrawltours.com\/fr\/"},{"@type":"ListItem","position":2,"name":"Soir\u00e9es sp\u00e9ciales dans les bars"}]},{"@type":"WebSite","@id":"https:\/\/rivierabarcrawltours.com\/#website","url":"https:\/\/rivierabarcrawltours.com\/","name":"Riviera Bar Crawl Tours","description":"Fun Day &amp; Night Experiences I Tour operator I Guided Tours I Bar Crawls I Food Tours I","publisher":{"@id":"https:\/\/rivierabarcrawltours.com\/#organization"},"potentialAction":[{"@type":"SearchAction","target":{"@type":"EntryPoint","urlTemplate":"https:\/\/rivierabarcrawltours.com\/?s={search_term_string}"},"query-input":{"@type":"PropertyValueSpecification","valueRequired":true,"valueName":"search_term_string"}}],"inLanguage":"fr-FR"},{"@type":"Organization","@id":"https:\/\/rivierabarcrawltours.com\/#organization","name":"Riviera Bar Crawl Tours","url":"https:\/\/rivierabarcrawltours.com\/","logo":{"@type":"ImageObject","inLanguage":"fr-FR","@id":"https:\/\/rivierabarcrawltours.com\/#\/schema\/logo\/image\/","url":"https:\/\/rivierabarcrawltours.com\/wp-content\/uploads\/2019\/07\/logo.png","contentUrl":"https:\/\/rivierabarcrawltours.com\/wp-content\/uploads\/2019\/07\/logo.png","width":479,"height":453,"caption":"Riviera Bar Crawl Tours"},"image":{"@id":"https:\/\/rivierabarcrawltours.com\/#\/schema\/logo\/image\/"},"sameAs":["https:\/\/www.facebook.com\/RivieraBarCrawltours\/","https:\/\/x.com\/rivierabarcrawl"]}]}},"_links":{"self":[{"href":"https:\/\/rivierabarcrawltours.com\/fr\/wp-json\/wp\/v2\/pages\/123286","targetHints":{"allow":["GET"]}}],"collection":[{"href":"https:\/\/rivierabarcrawltours.com\/fr\/wp-json\/wp\/v2\/pages"}],"about":[{"href":"https:\/\/rivierabarcrawltours.com\/fr\/wp-json\/wp\/v2\/types\/page"}],"author":[{"embeddable":true,"href":"https:\/\/rivierabarcrawltours.com\/fr\/wp-json\/wp\/v2\/users\/2"}],"replies":[{"embeddable":true,"href":"https:\/\/rivierabarcrawltours.com\/fr\/wp-json\/wp\/v2\/comments?post=123286"}],"version-history":[{"count":4,"href":"https:\/\/rivierabarcrawltours.com\/fr\/wp-json\/wp\/v2\/pages\/123286\/revisions"}],"predecessor-version":[{"id":125949,"href":"https:\/\/rivierabarcrawltours.com\/fr\/wp-json\/wp\/v2\/pages\/123286\/revisions\/125949"}],"wp:featuredmedia":[{"embeddable":true,"href":"https:\/\/rivierabarcrawltours.com\/fr\/wp-json\/wp\/v2\/media\/108041"}],"wp:attachment":[{"href":"https:\/\/rivierabarcrawltours.com\/fr\/wp-json\/wp\/v2\/media?parent=123286"}],"curies":[{"name":"wp","href":"https:\/\/api.w.org\/{rel}","templated":true}]}}