{"id":123173,"date":"2026-01-27T10:53:08","date_gmt":"2026-01-27T09:53:08","guid":{"rendered":"https:\/\/rivierabarcrawltours.com\/italie-bar-crawls\/"},"modified":"2026-02-16T12:42:30","modified_gmt":"2026-02-16T11:42:30","slug":"italie-bar-crawls","status":"publish","type":"page","link":"https:\/\/rivierabarcrawltours.com\/fr\/italie-bar-crawls\/","title":{"rendered":"Italie Bar Crawls"},"content":{"rendered":"<div class=\"wpb-content-wrapper\"><p>[vc_row css=\u00a0\u00bb.vc_custom_1612431259800{margin-top: 40px !important;}\u00a0\u00bb][vc_column][vc_column_text css=\u00a0\u00bb\u00a0\u00bb]<\/p>\n<h1>D\u00e9couvrez les meilleures soir\u00e9es dans les bars et les pubs d&rsquo;Italie<\/h1>\n<p>[\/vc_column_text][vc_column_text css=\u00a0\u00bb\u00a0\u00bb]<\/p>\n<h2>Italy Private Bar Crawl &#8211; 3 Bars + 1 Club dans les meilleures villes d&rsquo;Italie \ud83c\uddee\ud83c\uddf9\ud83c\udf78\ud83d\udd25\ud83d\udd25<\/h2>\n<p>Bienvenue \u00e0 <strong>Riviera Bar Crawl &amp; Tour<\/strong> en Italie ! Que vous vous rendiez \u00e0 Rome, Florence, Naples ou dans l&rsquo;une des destinations l\u00e9gendaires de l&rsquo;Italie, nous vous proposons des <strong>tourn\u00e9es des bars priv\u00e9es<\/strong> con\u00e7ues pour les groupes qui veulent une nuit facile \u00e0 planifier et impossible \u00e0 oublier. \ud83c\udf89 <\/p>\n<p>Simple et transparent :<\/p>\n<ul>\n<li><strong>A partir de 35\u20ac par personne<\/strong><\/li>\n<li><strong>Minimum 10 participants<\/strong> (visites priv\u00e9es uniquement)<\/li>\n<li><strong>Barathon publique de Milan \u00e0 partir de 25\u20ac.<\/strong><\/li>\n<\/ul>\n<p>Cela fonctionne parfaitement pour :<\/p>\n<ul>\n<li><strong>Enterrements de vie de gar\u00e7on ou de jeune fille<\/strong> \ud83e\udd42<\/li>\n<li><strong>Anniversaires<\/strong> \ud83c\udf82<\/li>\n<li><strong>Voyages d&rsquo;amis<\/strong> \ud83d\udc6f<\/li>\n<li><strong>Soir\u00e9e d&rsquo;entreprise<\/strong> \ud83d\udcbc<\/li>\n<\/ul>\n<h2>Pourquoi r\u00e9server une tourn\u00e9e priv\u00e9e des bars en Italie avec Riviera ?<\/h2>\n<p>Parce que planifier une soir\u00e9e en groupe dans une ville \u00e9trang\u00e8re peut \u00eatre un cauchemar. Opinions divergentes, barri\u00e8res linguistiques, et le probl\u00e8me classique \u00ab\u00a0O\u00f9 allons-nous ensuite ? <\/p>\n<p><strong>Nous corrigeons tout cela :<\/strong><\/p>\n<ol>\n<li><strong>Pas de stress li\u00e9 \u00e0 la planification<\/strong> &#8211; nous avons trac\u00e9 le meilleur itin\u00e9raire de la vie nocturne dans chaque ville. Vous n&rsquo;avez plus qu&rsquo;\u00e0 vous pr\u00e9senter. <\/li>\n<li><strong>Le groupe reste uni<\/strong> &#8211; pas de s\u00e9paration, pas d&rsquo;attente, pas d&rsquo;amis perdus. \ud83d\ude4c<\/li>\n<li><strong>Connaissance de la r\u00e9gion<\/strong> &#8211; nous savons o\u00f9 se trouve l&rsquo;ambiance, ce qui vous \u00e9vite de perdre du temps dans les pi\u00e8ges \u00e0 touristes.<\/li>\n<li><strong>A Proper Finale<\/strong> &#8211; le club stop transforme une bonne soir\u00e9e en <em>\u00e9v\u00e9nement<\/em>. \ud83d\udd25 <\/li>\n<\/ol>\n<h2>\u00ab\u00a0Quelle ville italienne a la meilleure vie nocturne ?<\/h2>\n<p>Honn\u00eatement ? Ils sont tous \u00e9tonnants de diff\u00e9rentes mani\u00e8res : <\/p>\n<ul>\n<li>Vous voulez de <strong>l&rsquo;histoire et de la vie nocturne<\/strong>? \u2192 <strong>Rome<\/strong> ou <strong>Florence<\/strong> <\/li>\n<li>Envie de <strong>faire la f\u00eate sur la plage<\/strong>? \u2192 <strong>Rimini<\/strong> <\/li>\n<li>Envie d&rsquo;une <strong>authentique \u00e9nergie m\u00e9ridionale<\/strong>? \u2192 <strong>Naples<\/strong> ou <strong>Palerme<\/strong> <\/li>\n<li>Vous voulez du <strong>sous-estim\u00e9 et de l&rsquo;\u00e9l\u00e9gant<\/strong>? \u2192 <strong>Turin<\/strong> <\/li>\n<li>Envie de <strong>romantisme et d&rsquo;amusement<\/strong>? \u2192 <strong>V\u00e9rone<\/strong> <\/li>\n<\/ul>\n<p>O\u00f9 que votre voyage vous m\u00e8ne, nous avons pr\u00e9par\u00e9 une tourn\u00e9e des bars. \ud83d\ude0e<\/p>\n<h2>Comment \u00e7a marche<\/h2>\n<ol>\n<li><strong>Choisissez votre ville<\/strong> \ud83d\udccd<\/li>\n<li><strong>Envoyez-nous votre date, la taille du groupe et l&rsquo;occasion<\/strong> \ud83d\udce9<\/li>\n<li><strong>Nous confirmons votre tourn\u00e9e priv\u00e9e des bars<\/strong> \u2705<\/li>\n<li><strong>Pr\u00e9sentez-vous et profitez de la nuit<\/strong> \ud83c\udf89<\/li>\n<\/ol>\n<p>C&rsquo;est tout. C&rsquo;est simple. <\/p>\n<h2>R\u00e9servez d\u00e8s maintenant votre tourn\u00e9e priv\u00e9e des bars italiens \ud83d\ude80<\/h2>\n<p>Les week-ends et les jours f\u00e9ri\u00e9s se remplissent rapidement, surtout en \u00e9t\u00e9 et pendant les grands \u00e9v\u00e9nements.<\/p>\n<p><a href=\"https:\/\/rivierabarcrawltours.com\/fr\/nous-contacter\/\"><strong>Contactez nous avec :<\/strong><\/a><\/p>\n<ul>\n<li>votre ville<\/li>\n<li>votre date<\/li>\n<li>la taille de votre groupe (10+)<\/li>\n<li>votre occasion<\/li>\n<\/ul>\n<p>&#8230;et nous r\u00e9serverons votre <strong>visite priv\u00e9e des bars italiens (3 bars + 1 club)<\/strong>.<\/p>\n<p><b>T\u00e9l\u00e9phone WhatsApp<\/b> +33 649 244 407<\/p>\n<p><b>Envoyez un courriel \u00e0<\/b> info@rivierabarcrawltours.com<\/p>\n<p>Nous pouvons \u00e9galement proposer des destinations personnalis\u00e9es, il vous suffit de nous le demander.<\/p>\n<p>\ud83c\uddee\ud83c\uddf9  <strong>Votre aventure italienne m\u00e9rite une soir\u00e9e l\u00e9gendaire. Faisons en sorte que ce soit le cas. <\/strong>[\/vc_column_text][\/vc_column][\/vc_row][vc_row][vc_column width=\u00a0\u00bb1\/4&Prime; el_class=\u00a0\u00bbmain-col\u00a0\u00bb css=\u00a0\u00bb.vc_custom_1612431923475{margin-bottom: 20px !important;}\u00a0\u00bb][vc_column_text css=\u00a0\u00bb.vc_custom_1770892014081{background-image: url(https:\/\/rivierabarcrawltours.com\/wp-content\/uploads\/2026\/02\/Milan-by-night.jpg?id=125268) !important;}\u00a0\u00bb]<a href=\"https:\/\/rivierabarcrawltours.com\/fr\/tour\/bar-crawl-milan\/\">Milan<\/a>[\/vc_column_text][\/vc_column][vc_column width=\u00a0\u00bb1\/4&Prime; el_class=\u00a0\u00bbmain-col\u00a0\u00bb css=\u00a0\u00bb.vc_custom_1612432008756{margin-bottom: 20px !important;}\u00a0\u00bb][vc_column_text css=\u00a0\u00bb.vc_custom_1770892039863{background-image: url(https:\/\/rivierabarcrawltours.com\/wp-content\/uploads\/2026\/02\/Florence-Night-Italy.jpg?id=125269) !important;}\u00a0\u00bb]<a href=\"https:\/\/rivierabarcrawltours.com\/fr\/tour\/tournee-des-bars-prives-de-florence\/\">Florence<\/a>[\/vc_column_text][\/vc_column][vc_column width=\u00a0\u00bb1\/4&Prime; el_class=\u00a0\u00bbmain-col\u00a0\u00bb css=\u00a0\u00bb.vc_custom_1613118716288{margin-bottom: 20px !important;}\u00a0\u00bb][vc_column_text css=\u00a0\u00bb.vc_custom_1770892073096{background-image: url(https:\/\/rivierabarcrawltours.com\/wp-content\/uploads\/2026\/02\/Rome-by-night.jpg?id=125270) !important;}\u00a0\u00bb]<a href=\"https:\/\/rivierabarcrawltours.com\/fr\/tour\/visite-privee-des-bars-de-rome\/\">Rome<\/a>[\/vc_column_text][\/vc_column][vc_column width=\u00a0\u00bb1\/4&Prime; el_class=\u00a0\u00bbmain-col\u00a0\u00bb css=\u00a0\u00bb.vc_custom_1612432062266{margin-bottom: 20px !important;}\u00a0\u00bb][vc_column_text css=\u00a0\u00bb.vc_custom_1770892101914{background-image: url(https:\/\/rivierabarcrawltours.com\/wp-content\/uploads\/2026\/02\/palermo-by-night.jpg?id=125271) !important;}\u00a0\u00bb]<a href=\"https:\/\/rivierabarcrawltours.com\/fr\/tour\/tournee-des-bars-prives-de-palermo\/\">Palerme<\/a>[\/vc_column_text][\/vc_column][\/vc_row][vc_row][vc_column width=\u00a0\u00bb1\/4&Prime; el_class=\u00a0\u00bbmain-col\u00a0\u00bb css=\u00a0\u00bb.vc_custom_1612431923475{margin-bottom: 20px !important;}\u00a0\u00bb][vc_column_text css=\u00a0\u00bb.vc_custom_1770892195648{background-image: url(https:\/\/rivierabarcrawltours.com\/wp-content\/uploads\/2026\/02\/Turin-by-night.webp?id=125273) !important;}\u00a0\u00bb]<a href=\"https:\/\/rivierabarcrawltours.com\/fr\/tour\/tournee-des-bars-prives-de-turin\/\">Turin<\/a>[\/vc_column_text][\/vc_column][vc_column width=\u00a0\u00bb1\/4&Prime; el_class=\u00a0\u00bbmain-col\u00a0\u00bb css=\u00a0\u00bb.vc_custom_1612432008756{margin-bottom: 20px !important;}\u00a0\u00bb][vc_column_text css=\u00a0\u00bb.vc_custom_1770892261863{background-image: url(https:\/\/rivierabarcrawltours.com\/wp-content\/uploads\/2026\/02\/Napoli-by-night.jpg?id=125275) !important;}\u00a0\u00bb]<a href=\"https:\/\/rivierabarcrawltours.com\/fr\/tour\/tournee-des-bars-prives-de-naples\/\">Naples<\/a>[\/vc_column_text][\/vc_column][vc_column width=\u00a0\u00bb1\/4&Prime; el_class=\u00a0\u00bbmain-col\u00a0\u00bb css=\u00a0\u00bb.vc_custom_1613118716288{margin-bottom: 20px !important;}\u00a0\u00bb][vc_column_text css=\u00a0\u00bb.vc_custom_1770892396862{background-image: url(https:\/\/rivierabarcrawltours.com\/wp-content\/uploads\/2026\/02\/rimini-by-night.jpg?id=125276) !important;}\u00a0\u00bb]<a href=\"https:\/\/rivierabarcrawltours.com\/fr\/tour\/rimini-private-bar-crawl-tournee-des-bars-prives\/\">Rimini<\/a>[\/vc_column_text][\/vc_column][vc_column width=\u00a0\u00bb1\/4&Prime; el_class=\u00a0\u00bbmain-col\u00a0\u00bb css=\u00a0\u00bb.vc_custom_1612432062266{margin-bottom: 20px !important;}\u00a0\u00bb][vc_column_text css=\u00a0\u00bb.vc_custom_1770892463990{background-image: url(https:\/\/rivierabarcrawltours.com\/wp-content\/uploads\/2026\/02\/Verone-by-night-.jpg?id=125277) !important;}\u00a0\u00bb]<a href=\"https:\/\/rivierabarcrawltours.com\/fr\/tour\/tournee-des-bars-prives-de-verone\/\">V\u00e9rone<\/a>[\/vc_column_text][\/vc_column][\/vc_row]<\/p>\n<\/div>","protected":false},"excerpt":{"rendered":"<p>[vc_row css=\u00a0\u00bb.vc_custom_1612431259800{margin-top: 40px !important;}\u00a0\u00bb][vc_column][vc_column_text css=\u00a0\u00bb\u00a0\u00bb] D\u00e9couvrez les meilleures soir\u00e9es dans les bars et les pubs d&rsquo;Italie [\/vc_column_text][vc_column_text css=\u00a0\u00bb\u00a0\u00bb] Italy Private Bar Crawl &#8211; 3 Bars + 1 Club dans les meilleures villes d&rsquo;Italie \ud83c\uddee\ud83c\uddf9\ud83c\udf78\ud83d\udd25\ud83d\udd25 Bienvenue \u00e0 Riviera Bar Crawl &amp; Tour en Italie ! Que vous vous rendiez \u00e0 Rome, Florence, Naples ou dans l&rsquo;une [&hellip;]<\/p>\n","protected":false},"author":2,"featured_media":108041,"parent":0,"menu_order":0,"comment_status":"closed","ping_status":"closed","template":"template-home-modern.php","meta":{"_acf_changed":false,"footnotes":""},"class_list":["post-123173","page","type-page","status-publish","has-post-thumbnail","hentry"],"acf":[],"yoast_head":"<!-- This site is optimized with the Yoast SEO plugin v27.5 - https:\/\/yoast.com\/product\/yoast-seo-wordpress\/ -->\n<title>Italie Bar Crawls | Riviera Bar Crawl Tours<\/title>\n<meta name=\"description\" content=\"Riviera Bar Crawl Tours : Bar Crawls en France - visites de bars publics et priv\u00e9s pour les bachelorettes, les anniversaires, les groupes d&#039;entreprises et les tour-op\u00e9rateurs.\" \/>\n<meta name=\"robots\" content=\"index, follow, max-snippet:-1, max-image-preview:large, max-video-preview:-1\" \/>\n<link rel=\"canonical\" href=\"https:\/\/rivierabarcrawltours.com\/fr\/italie-bar-crawls\/\" \/>\n<meta property=\"og:locale\" content=\"fr_FR\" \/>\n<meta property=\"og:type\" content=\"article\" \/>\n<meta property=\"og:title\" content=\"Italie Bar Crawls | Riviera Bar Crawl Tours\" \/>\n<meta property=\"og:description\" content=\"Riviera Bar Crawl Tours : Bar Crawls en France - visites de bars publics et priv\u00e9s pour les bachelorettes, les anniversaires, les groupes d&#039;entreprises et les tour-op\u00e9rateurs.\" \/>\n<meta property=\"og:url\" content=\"https:\/\/rivierabarcrawltours.com\/fr\/italie-bar-crawls\/\" \/>\n<meta property=\"og:site_name\" content=\"Riviera Bar Crawl Tours\" \/>\n<meta property=\"article:publisher\" content=\"https:\/\/www.facebook.com\/RivieraBarCrawltours\/\" \/>\n<meta property=\"article:modified_time\" content=\"2026-02-16T11:42:30+00:00\" \/>\n<meta property=\"og:image\" content=\"https:\/\/rivierabarcrawltours.com\/wp-content\/uploads\/2024\/07\/riviera-pub-crawls-1024x1024.jpg\" \/>\n<meta name=\"twitter:card\" content=\"summary_large_image\" \/>\n<meta name=\"twitter:site\" content=\"@rivierabarcrawl\" \/>\n<meta name=\"twitter:label1\" content=\"Dur\u00e9e de lecture estim\u00e9e\" \/>\n\t<meta name=\"twitter:data1\" content=\"4 minutes\" \/>\n<!-- \/ Yoast SEO plugin. -->","yoast_head_json":{"title":"Italie Bar Crawls | Riviera Bar Crawl Tours","description":"Riviera Bar Crawl Tours : Bar Crawls en France - visites de bars publics et priv\u00e9s pour les bachelorettes, les anniversaires, les groupes d'entreprises et les tour-op\u00e9rateurs.","robots":{"index":"index","follow":"follow","max-snippet":"max-snippet:-1","max-image-preview":"max-image-preview:large","max-video-preview":"max-video-preview:-1"},"canonical":"https:\/\/rivierabarcrawltours.com\/fr\/italie-bar-crawls\/","og_locale":"fr_FR","og_type":"article","og_title":"Italie Bar Crawls | Riviera Bar Crawl Tours","og_description":"Riviera Bar Crawl Tours : Bar Crawls en France - visites de bars publics et priv\u00e9s pour les bachelorettes, les anniversaires, les groupes d'entreprises et les tour-op\u00e9rateurs.","og_url":"https:\/\/rivierabarcrawltours.com\/fr\/italie-bar-crawls\/","og_site_name":"Riviera Bar Crawl Tours","article_publisher":"https:\/\/www.facebook.com\/RivieraBarCrawltours\/","article_modified_time":"2026-02-16T11:42:30+00:00","og_image":[{"url":"https:\/\/rivierabarcrawltours.com\/wp-content\/uploads\/2024\/07\/riviera-pub-crawls-1024x1024.jpg","type":"","width":"","height":""}],"twitter_card":"summary_large_image","twitter_site":"@rivierabarcrawl","twitter_misc":{"Dur\u00e9e de lecture estim\u00e9e":"4 minutes"},"schema":{"@context":"https:\/\/schema.org","@graph":[{"@type":"WebPage","@id":"https:\/\/rivierabarcrawltours.com\/fr\/italie-bar-crawls\/","url":"https:\/\/rivierabarcrawltours.com\/fr\/italie-bar-crawls\/","name":"Italie Bar Crawls | Riviera Bar Crawl Tours","isPartOf":{"@id":"https:\/\/rivierabarcrawltours.com\/#website"},"primaryImageOfPage":{"@id":"https:\/\/rivierabarcrawltours.com\/fr\/italie-bar-crawls\/#primaryimage"},"image":{"@id":"https:\/\/rivierabarcrawltours.com\/fr\/italie-bar-crawls\/#primaryimage"},"thumbnailUrl":"https:\/\/rivierabarcrawltours.com\/wp-content\/uploads\/2023\/06\/riviera-pub-crawls.jpg","datePublished":"2026-01-27T09:53:08+00:00","dateModified":"2026-02-16T11:42:30+00:00","description":"Riviera Bar Crawl Tours : Bar Crawls en France - visites de bars publics et priv\u00e9s pour les bachelorettes, les anniversaires, les groupes d'entreprises et les tour-op\u00e9rateurs.","breadcrumb":{"@id":"https:\/\/rivierabarcrawltours.com\/fr\/italie-bar-crawls\/#breadcrumb"},"inLanguage":"fr-FR","potentialAction":[{"@type":"ReadAction","target":["https:\/\/rivierabarcrawltours.com\/fr\/italie-bar-crawls\/"]}]},{"@type":"ImageObject","inLanguage":"fr-FR","@id":"https:\/\/rivierabarcrawltours.com\/fr\/italie-bar-crawls\/#primaryimage","url":"https:\/\/rivierabarcrawltours.com\/wp-content\/uploads\/2023\/06\/riviera-pub-crawls.jpg","contentUrl":"https:\/\/rivierabarcrawltours.com\/wp-content\/uploads\/2023\/06\/riviera-pub-crawls.jpg","width":1920,"height":1113,"caption":"belles exp\u00e9riences de vie nocturne"},{"@type":"BreadcrumbList","@id":"https:\/\/rivierabarcrawltours.com\/fr\/italie-bar-crawls\/#breadcrumb","itemListElement":[{"@type":"ListItem","position":1,"name":"Home","item":"https:\/\/rivierabarcrawltours.com\/fr\/"},{"@type":"ListItem","position":2,"name":"Italie Bar Crawls"}]},{"@type":"WebSite","@id":"https:\/\/rivierabarcrawltours.com\/#website","url":"https:\/\/rivierabarcrawltours.com\/","name":"Riviera Bar Crawl Tours","description":"Fun Day &amp; Night Experiences I Tour operator I Guided Tours I Bar Crawls I Food Tours I","publisher":{"@id":"https:\/\/rivierabarcrawltours.com\/#organization"},"potentialAction":[{"@type":"SearchAction","target":{"@type":"EntryPoint","urlTemplate":"https:\/\/rivierabarcrawltours.com\/?s={search_term_string}"},"query-input":{"@type":"PropertyValueSpecification","valueRequired":true,"valueName":"search_term_string"}}],"inLanguage":"fr-FR"},{"@type":"Organization","@id":"https:\/\/rivierabarcrawltours.com\/#organization","name":"Riviera Bar Crawl Tours","url":"https:\/\/rivierabarcrawltours.com\/","logo":{"@type":"ImageObject","inLanguage":"fr-FR","@id":"https:\/\/rivierabarcrawltours.com\/#\/schema\/logo\/image\/","url":"https:\/\/rivierabarcrawltours.com\/wp-content\/uploads\/2019\/07\/logo.png","contentUrl":"https:\/\/rivierabarcrawltours.com\/wp-content\/uploads\/2019\/07\/logo.png","width":479,"height":453,"caption":"Riviera Bar Crawl Tours"},"image":{"@id":"https:\/\/rivierabarcrawltours.com\/#\/schema\/logo\/image\/"},"sameAs":["https:\/\/www.facebook.com\/RivieraBarCrawltours\/","https:\/\/x.com\/rivierabarcrawl"]}]}},"_links":{"self":[{"href":"https:\/\/rivierabarcrawltours.com\/fr\/wp-json\/wp\/v2\/pages\/123173","targetHints":{"allow":["GET"]}}],"collection":[{"href":"https:\/\/rivierabarcrawltours.com\/fr\/wp-json\/wp\/v2\/pages"}],"about":[{"href":"https:\/\/rivierabarcrawltours.com\/fr\/wp-json\/wp\/v2\/types\/page"}],"author":[{"embeddable":true,"href":"https:\/\/rivierabarcrawltours.com\/fr\/wp-json\/wp\/v2\/users\/2"}],"replies":[{"embeddable":true,"href":"https:\/\/rivierabarcrawltours.com\/fr\/wp-json\/wp\/v2\/comments?post=123173"}],"version-history":[{"count":24,"href":"https:\/\/rivierabarcrawltours.com\/fr\/wp-json\/wp\/v2\/pages\/123173\/revisions"}],"predecessor-version":[{"id":125794,"href":"https:\/\/rivierabarcrawltours.com\/fr\/wp-json\/wp\/v2\/pages\/123173\/revisions\/125794"}],"wp:featuredmedia":[{"embeddable":true,"href":"https:\/\/rivierabarcrawltours.com\/fr\/wp-json\/wp\/v2\/media\/108041"}],"wp:attachment":[{"href":"https:\/\/rivierabarcrawltours.com\/fr\/wp-json\/wp\/v2\/media?parent=123173"}],"curies":[{"name":"wp","href":"https:\/\/api.w.org\/{rel}","templated":true}]}}