{"id":122950,"date":"2026-01-23T14:46:44","date_gmt":"2026-01-23T13:46:44","guid":{"rendered":"https:\/\/rivierabarcrawltours.com\/soiree-dhalloween-dans-un-bar\/"},"modified":"2026-02-17T09:43:44","modified_gmt":"2026-02-17T08:43:44","slug":"soiree-dhalloween-dans-un-bar","status":"publish","type":"page","link":"https:\/\/rivierabarcrawltours.com\/fr\/soiree-dhalloween-dans-un-bar\/","title":{"rendered":"Soir\u00e9e d&rsquo;Halloween dans un bar"},"content":{"rendered":"<div class=\"wpb-content-wrapper\"><p>[vc_row css=\u00a0\u00bb.vc_custom_1612431259800{margin-top: 40px !important;}\u00a0\u00bb][vc_column][vc_column_text css=\u00a0\u00bb\u00a0\u00bb]<\/p>\n<h1><strong>Halloween Bar Crawl (2026) &#8211; Une ambiance de f\u00eate, de nouveaux amis, z\u00e9ro stress<\/strong><\/h1>\n<p>[\/vc_column_text][vc_column_text css=\u00a0\u00bb\u00a0\u00bb]<\/p>\n<h2>Halloween Bar Crawl in France &#8211; Costumes en place, mode nuit activ\u00e9<\/h2>\n<p>Vous cherchez la <strong>meilleure tourn\u00e9e des bars pour Halloween en France<\/strong>? C&rsquo;est l&rsquo;occasion de vous mettre en valeur : d\u00e9guisements, grande \u00e9nergie sociale, et une soir\u00e9e qui se passe bien. Au lieu de perdre Halloween \u00e0 chercher o\u00f9 aller ensuite, participez \u00e0 une <strong>tourn\u00e9e des bars d&rsquo;Halloween<\/strong> con\u00e7ue pour faire monter l&rsquo;ambiance et faciliter la logistique.  <\/p>\n<p>Que vous voyagiez, que vous veniez avec des amis ou que vous vous pr\u00e9sentiez en solo, il s&rsquo;agit d&rsquo;une <strong>tourn\u00e9e des bars en groupe<\/strong>, destin\u00e9e \u00e0 rencontrer des gens et \u00e0 f\u00eater Halloween de mani\u00e8re amusante.<\/p>\n<h3>Pourquoi participer \u00e0 la Tourn\u00e9e des bars d&rsquo;Halloween ?<\/h3>\n<p><strong>1) L&rsquo;ambiance pure d&rsquo;Halloween &#8211; sociale, bruyante, inoubliable<\/strong><br \/>\nHalloween est meilleure avec une foule. Attendez-vous \u00e0 une atmosph\u00e8re de groupe anim\u00e9e o\u00f9 il est facile d&rsquo;\u00e9tablir des liens, de rire et de transformer \u00ab\u00a0une simple soir\u00e9e\u00a0\u00bb en une v\u00e9ritable f\u00eate. <\/p>\n<p><strong>2) Pas de stress li\u00e9 \u00e0 la planification (nous organisons la soir\u00e9e)<\/strong><br \/>\nLes soir\u00e9es d&rsquo;Halloween peuvent \u00eatre chaotiques &#8211; rues encombr\u00e9es, salles bond\u00e9es, temps perdu \u00e0 d\u00e9cider. Nous nous occupons de la structure pour que vous passiez plus de temps \u00e0 faire la f\u00eate et moins de temps \u00e0 organiser. <\/p>\n<p><strong>3) Parfait pour les groupes et les voyageurs<\/strong><br \/>\nVous venez en groupe ? C&rsquo;est parfait. Vous venez seul ? Encore mieux : ce site est con\u00e7u pour \u00eatre social, accueillant et facile \u00e0 rejoindre.   <\/p>\n<h3>La logistique vous pr\u00e9occupe ? Vous n&rsquo;\u00eates pas seul. <\/h3>\n<ul>\n<li><strong>\u00ab\u00a0Halloween, c&rsquo;est la cohue, \u00e7a va \u00eatre le bazar ?<\/strong>  Nous \u00e9tablissons un plan pr\u00e9cis pour que la nuit se d\u00e9roule sans encombre.<\/li>\n<li><strong>\u00ab\u00a0Vais-je vraiment rencontrer des gens ?\u00a0\u00bb<\/strong>  C&rsquo;est l\u00e0 tout l&rsquo;int\u00e9r\u00eat : il s&rsquo;agit d&rsquo;une exp\u00e9rience de groupe con\u00e7ue pour des f\u00eates sociales.<\/li>\n<li><strong>\u00ab\u00a0Je ne veux pas passer la nuit \u00e0 prendre des d\u00e9cisions.\u00a0\u00bb<\/strong>  Vous ne le ferez pas. Il suffit de se pr\u00e9senter pr\u00eat. <\/li>\n<\/ul>\n<h2><a href=\"https:\/\/rivierabarcrawltours.com\/fr\/nous-contacter\/\">R\u00e9servez votre tourn\u00e9e des bars pour Halloween en France<\/a><\/h2>\n<p>Les places se remplissent rapidement pour Halloween. Envoyez-nous un message d\u00e8s maintenant pour obtenir les d\u00e9tails et r\u00e9server votre place. <\/p>\n<p><strong>WhatsApp \/ T\u00e9l\u00e9phone :<\/strong> +33 649 244 407<br \/>\n<strong>Courriel :<\/strong> <a class=\"not-prose group inline break-all rounded-md px-1 text-sm font-medium text-blue-600 focus-visible:outline-none focus-visible:ring-1 focus-visible:ring-ring dark:text-blue-400 md:text-base\" href=\"mailto:info@rivierabarcrawltours.com\"><span class=\"underline\">info@rivierabarcrawltours.com<\/span><\/a>[\/vc_column_text][\/vc_column][\/vc_row][vc_row][vc_column width=\u00a0\u00bb1\/4&Prime; el_class=\u00a0\u00bbmain-col\u00a0\u00bb css=\u00a0\u00bb.vc_custom_1612431923475{margin-bottom: 20px !important;}\u00a0\u00bb][vc_column_text css=\u00a0\u00bb.vc_custom_1770902281515{background-image: url(https:\/\/rivierabarcrawltours.com\/wp-content\/uploads\/2026\/02\/Halloween-bar-crawl-Nice.jpg?id=125320) !important;}\u00a0\u00bb]<a href=\"https:\/\/rivierabarcrawltours.com\/fr\/tour\/soiree-halloween-nice\/\">Nice<\/a>[\/vc_column_text][\/vc_column][vc_column width=\u00a0\u00bb1\/4&Prime; el_class=\u00a0\u00bbmain-col\u00a0\u00bb css=\u00a0\u00bb.vc_custom_1612432008756{margin-bottom: 20px !important;}\u00a0\u00bb][vc_column_text css=\u00a0\u00bb.vc_custom_1770902372623{background-image: url(https:\/\/rivierabarcrawltours.com\/wp-content\/uploads\/2026\/02\/Halloween-bar-crawl-Paris.jpg?id=125321) !important;}\u00a0\u00bb]<a href=\"https:\/\/rivierabarcrawltours.com\/fr\/tour\/soiree-halloween-paris\/\">Paris<\/a>[\/vc_column_text][\/vc_column][vc_column width=\u00a0\u00bb1\/4&Prime; el_class=\u00a0\u00bbmain-col\u00a0\u00bb css=\u00a0\u00bb.vc_custom_1613118716288{margin-bottom: 20px !important;}\u00a0\u00bb][vc_column_text css=\u00a0\u00bb.vc_custom_1770902425652{background-image: url(https:\/\/rivierabarcrawltours.com\/wp-content\/uploads\/2026\/02\/Halloween-bar-crawl-Marseille.jpg?id=125322) !important;}\u00a0\u00bb]<a href=\"https:\/\/rivierabarcrawltours.com\/fr\/tour\/halloween-bar-crawl-party-a-marseille-2026\/\">Marseille<\/a>[\/vc_column_text][\/vc_column][vc_column width=\u00a0\u00bb1\/4&Prime; el_class=\u00a0\u00bbmain-col\u00a0\u00bb css=\u00a0\u00bb.vc_custom_1612432062266{margin-bottom: 20px !important;}\u00a0\u00bb][vc_column_text css=\u00a0\u00bb.vc_custom_1770902461054{background-image: url(https:\/\/rivierabarcrawltours.com\/wp-content\/uploads\/2026\/02\/Halloween-bar-crawl-Milan.jpg?id=125323) !important;}\u00a0\u00bb]<a href=\"https:\/\/rivierabarcrawltours.com\/fr\/tour\/halloween-bar-crawl-party-a-milan-2026\/\">Milan<\/a>[\/vc_column_text][\/vc_column][\/vc_row][vc_row][vc_column width=\u00a0\u00bb1\/4&Prime; el_class=\u00a0\u00bbmain-col\u00a0\u00bb css=\u00a0\u00bb.vc_custom_1612431923475{margin-bottom: 20px !important;}\u00a0\u00bb][vc_column_text css=\u00a0\u00bb.vc_custom_1770902498269{background-image: url(https:\/\/rivierabarcrawltours.com\/wp-content\/uploads\/2026\/02\/Halloween-bar-crawl-Lyon.jpg?id=125324) !important;}\u00a0\u00bb]<a href=\"https:\/\/rivierabarcrawltours.com\/fr\/tour\/halloween-bar-crawl-party-a-lyon-2026\/\">Lyon<\/a>[\/vc_column_text][\/vc_column][vc_column width=\u00a0\u00bb1\/4&Prime; el_class=\u00a0\u00bbmain-col\u00a0\u00bb css=\u00a0\u00bb.vc_custom_1612432008756{margin-bottom: 20px !important;}\u00a0\u00bb][vc_column_text css=\u00a0\u00bb.vc_custom_1770902518348{background-image: url(https:\/\/rivierabarcrawltours.com\/wp-content\/uploads\/2026\/02\/Halloween-bar-crawl-Lille.jpg?id=125325) !important;}\u00a0\u00bb]<a href=\"https:\/\/rivierabarcrawltours.com\/fr\/tour\/halloween-bar-crawl-party-a-lille-2026\/\">Lille<\/a>[\/vc_column_text][\/vc_column][vc_column width=\u00a0\u00bb1\/4&Prime; el_class=\u00a0\u00bbmain-col\u00a0\u00bb css=\u00a0\u00bb.vc_custom_1613118716288{margin-bottom: 20px !important;}\u00a0\u00bb][vc_column_text css=\u00a0\u00bb.vc_custom_1770902539488{background-image: url(https:\/\/rivierabarcrawltours.com\/wp-content\/uploads\/2026\/02\/Halloween-bar-crawl-Brussels.jpg?id=125326) !important;}\u00a0\u00bb]<a href=\"https:\/\/rivierabarcrawltours.com\/fr\/tour\/halloween-bar-crawl-party-a-bruxelles-2026\/\">Bruxelles<\/a>[\/vc_column_text][\/vc_column][vc_column width=\u00a0\u00bb1\/4&Prime; el_class=\u00a0\u00bbmain-col\u00a0\u00bb css=\u00a0\u00bb.vc_custom_1612432062266{margin-bottom: 20px !important;}\u00a0\u00bb][vc_column_text css=\u00a0\u00bb.vc_custom_1770902567102{background-image: url(https:\/\/rivierabarcrawltours.com\/wp-content\/uploads\/2026\/02\/Halloween-bar-crawl-Strasbourg.jpg?id=125327) !important;}\u00a0\u00bb]<a href=\"https:\/\/rivierabarcrawltours.com\/fr\/tour\/halloween-bar-crawl-party-a-strasbourg-2026\/\">Strasbourg<\/a>[\/vc_column_text][\/vc_column][\/vc_row][vc_row][vc_column width=\u00a0\u00bb1\/4&Prime; el_class=\u00a0\u00bbmain-col\u00a0\u00bb css=\u00a0\u00bb.vc_custom_1612432008756{margin-bottom: 20px !important;}\u00a0\u00bb][vc_column_text css=\u00a0\u00bb.vc_custom_1770902591754{background-image: url(https:\/\/rivierabarcrawltours.com\/wp-content\/uploads\/2026\/02\/Halloween-bar-crawl-Toulouse.jpg?id=125328) !important;}\u00a0\u00bb]<a href=\"https:\/\/rivierabarcrawltours.com\/fr\/tour\/halloween-bar-crawl-party-a-toulouse-2026\/\">Toulouse<\/a>[\/vc_column_text][\/vc_column][vc_column width=\u00a0\u00bb1\/4&Prime; el_class=\u00a0\u00bbmain-col\u00a0\u00bb css=\u00a0\u00bb.vc_custom_1613118716288{margin-bottom: 20px !important;}\u00a0\u00bb][vc_column_text css=\u00a0\u00bb.vc_custom_1770902820001{background-image: url(https:\/\/rivierabarcrawltours.com\/wp-content\/uploads\/2026\/02\/Halloween-bar-crawl-Bordeaux.jpg?id=125329) !important;}\u00a0\u00bb]<a href=\"https:\/\/rivierabarcrawltours.com\/fr\/tour\/halloween-bar-crawl-party-a-bordeaux-2026\/\">Bordeaux<\/a>[\/vc_column_text][\/vc_column][\/vc_row]<\/p>\n<\/div>","protected":false},"excerpt":{"rendered":"<p>[vc_row css=\u00a0\u00bb.vc_custom_1612431259800{margin-top: 40px !important;}\u00a0\u00bb][vc_column][vc_column_text css=\u00a0\u00bb\u00a0\u00bb] Halloween Bar Crawl (2026) &#8211; Une ambiance de f\u00eate, de nouveaux amis, z\u00e9ro stress [\/vc_column_text][vc_column_text css=\u00a0\u00bb\u00a0\u00bb] Halloween Bar Crawl in France &#8211; Costumes en place, mode nuit activ\u00e9 Vous cherchez la meilleure tourn\u00e9e des bars pour Halloween en France? C&rsquo;est l&rsquo;occasion de vous mettre en valeur : d\u00e9guisements, grande \u00e9nergie [&hellip;]<\/p>\n","protected":false},"author":2,"featured_media":94202,"parent":0,"menu_order":0,"comment_status":"closed","ping_status":"closed","template":"template-home-modern.php","meta":{"_acf_changed":false,"footnotes":""},"class_list":["post-122950","page","type-page","status-publish","has-post-thumbnail","hentry"],"acf":[],"yoast_head":"<!-- This site is optimized with the Yoast SEO plugin v27.4 - https:\/\/yoast.com\/product\/yoast-seo-wordpress\/ -->\n<title>Soir\u00e9e d&#039;Halloween dans un bar 2026 | Riviera Bar Crawl Tours.<\/title>\n<meta name=\"description\" content=\"Rendez votre soir\u00e9e Halloween Bar Crawls 2026 inoubliable en organisant une soir\u00e9e pleine d&#039;\u00e9nergie et de c\u00e9l\u00e9brations.\" \/>\n<meta name=\"robots\" content=\"index, follow, max-snippet:-1, max-image-preview:large, max-video-preview:-1\" \/>\n<link rel=\"canonical\" href=\"https:\/\/rivierabarcrawltours.com\/fr\/soiree-dhalloween-dans-un-bar\/\" \/>\n<meta property=\"og:locale\" content=\"fr_FR\" \/>\n<meta property=\"og:type\" content=\"article\" \/>\n<meta property=\"og:title\" content=\"Soir\u00e9e d&#039;Halloween dans un bar 2026 | Riviera Bar Crawl Tours.\" \/>\n<meta property=\"og:description\" content=\"Rendez votre soir\u00e9e Halloween Bar Crawls 2026 inoubliable en organisant une soir\u00e9e pleine d&#039;\u00e9nergie et de c\u00e9l\u00e9brations.\" \/>\n<meta property=\"og:url\" content=\"https:\/\/rivierabarcrawltours.com\/fr\/soiree-dhalloween-dans-un-bar\/\" \/>\n<meta property=\"og:site_name\" content=\"Riviera Bar Crawl Tours\" \/>\n<meta property=\"article:publisher\" content=\"https:\/\/www.facebook.com\/RivieraBarCrawltours\/\" \/>\n<meta property=\"article:modified_time\" content=\"2026-02-17T08:43:44+00:00\" \/>\n<meta property=\"og:image\" content=\"https:\/\/rivierabarcrawltours.com\/wp-content\/uploads\/2024\/07\/riviera-pub-crawls-1024x1024.jpg\" \/>\n<meta name=\"twitter:card\" content=\"summary_large_image\" \/>\n<meta name=\"twitter:site\" content=\"@rivierabarcrawl\" \/>\n<meta name=\"twitter:label1\" content=\"Dur\u00e9e de lecture estim\u00e9e\" \/>\n\t<meta name=\"twitter:data1\" content=\"4 minutes\" \/>\n<!-- \/ Yoast SEO plugin. -->","yoast_head_json":{"title":"Soir\u00e9e d'Halloween dans un bar 2026 | Riviera Bar Crawl Tours.","description":"Rendez votre soir\u00e9e Halloween Bar Crawls 2026 inoubliable en organisant une soir\u00e9e pleine d'\u00e9nergie et de c\u00e9l\u00e9brations.","robots":{"index":"index","follow":"follow","max-snippet":"max-snippet:-1","max-image-preview":"max-image-preview:large","max-video-preview":"max-video-preview:-1"},"canonical":"https:\/\/rivierabarcrawltours.com\/fr\/soiree-dhalloween-dans-un-bar\/","og_locale":"fr_FR","og_type":"article","og_title":"Soir\u00e9e d'Halloween dans un bar 2026 | Riviera Bar Crawl Tours.","og_description":"Rendez votre soir\u00e9e Halloween Bar Crawls 2026 inoubliable en organisant une soir\u00e9e pleine d'\u00e9nergie et de c\u00e9l\u00e9brations.","og_url":"https:\/\/rivierabarcrawltours.com\/fr\/soiree-dhalloween-dans-un-bar\/","og_site_name":"Riviera Bar Crawl Tours","article_publisher":"https:\/\/www.facebook.com\/RivieraBarCrawltours\/","article_modified_time":"2026-02-17T08:43:44+00:00","og_image":[{"url":"https:\/\/rivierabarcrawltours.com\/wp-content\/uploads\/2024\/07\/riviera-pub-crawls-1024x1024.jpg","type":"","width":"","height":""}],"twitter_card":"summary_large_image","twitter_site":"@rivierabarcrawl","twitter_misc":{"Dur\u00e9e de lecture estim\u00e9e":"4 minutes"},"schema":{"@context":"https:\/\/schema.org","@graph":[{"@type":"WebPage","@id":"https:\/\/rivierabarcrawltours.com\/fr\/soiree-dhalloween-dans-un-bar\/","url":"https:\/\/rivierabarcrawltours.com\/fr\/soiree-dhalloween-dans-un-bar\/","name":"Soir\u00e9e d'Halloween dans un bar 2026 | Riviera Bar Crawl Tours.","isPartOf":{"@id":"https:\/\/rivierabarcrawltours.com\/#website"},"primaryImageOfPage":{"@id":"https:\/\/rivierabarcrawltours.com\/fr\/soiree-dhalloween-dans-un-bar\/#primaryimage"},"image":{"@id":"https:\/\/rivierabarcrawltours.com\/fr\/soiree-dhalloween-dans-un-bar\/#primaryimage"},"thumbnailUrl":"https:\/\/rivierabarcrawltours.com\/wp-content\/uploads\/2021\/12\/halloween-bar-crawl-Nice.jpg","datePublished":"2026-01-23T13:46:44+00:00","dateModified":"2026-02-17T08:43:44+00:00","description":"Rendez votre soir\u00e9e Halloween Bar Crawls 2026 inoubliable en organisant une soir\u00e9e pleine d'\u00e9nergie et de c\u00e9l\u00e9brations.","breadcrumb":{"@id":"https:\/\/rivierabarcrawltours.com\/fr\/soiree-dhalloween-dans-un-bar\/#breadcrumb"},"inLanguage":"fr-FR","potentialAction":[{"@type":"ReadAction","target":["https:\/\/rivierabarcrawltours.com\/fr\/soiree-dhalloween-dans-un-bar\/"]}]},{"@type":"ImageObject","inLanguage":"fr-FR","@id":"https:\/\/rivierabarcrawltours.com\/fr\/soiree-dhalloween-dans-un-bar\/#primaryimage","url":"https:\/\/rivierabarcrawltours.com\/wp-content\/uploads\/2021\/12\/halloween-bar-crawl-Nice.jpg","contentUrl":"https:\/\/rivierabarcrawltours.com\/wp-content\/uploads\/2021\/12\/halloween-bar-crawl-Nice.jpg","width":1920,"height":1080,"caption":"Les femmes \u00e0 l'Halloween \u00e0 Niza"},{"@type":"BreadcrumbList","@id":"https:\/\/rivierabarcrawltours.com\/fr\/soiree-dhalloween-dans-un-bar\/#breadcrumb","itemListElement":[{"@type":"ListItem","position":1,"name":"Home","item":"https:\/\/rivierabarcrawltours.com\/fr\/"},{"@type":"ListItem","position":2,"name":"Soir\u00e9e d&#8217;Halloween dans un bar"}]},{"@type":"WebSite","@id":"https:\/\/rivierabarcrawltours.com\/#website","url":"https:\/\/rivierabarcrawltours.com\/","name":"Riviera Bar Crawl Tours","description":"Fun Day &amp; Night Experiences I Tour operator I Guided Tours I Bar Crawls I Food Tours I","publisher":{"@id":"https:\/\/rivierabarcrawltours.com\/#organization"},"potentialAction":[{"@type":"SearchAction","target":{"@type":"EntryPoint","urlTemplate":"https:\/\/rivierabarcrawltours.com\/?s={search_term_string}"},"query-input":{"@type":"PropertyValueSpecification","valueRequired":true,"valueName":"search_term_string"}}],"inLanguage":"fr-FR"},{"@type":"Organization","@id":"https:\/\/rivierabarcrawltours.com\/#organization","name":"Riviera Bar Crawl Tours","url":"https:\/\/rivierabarcrawltours.com\/","logo":{"@type":"ImageObject","inLanguage":"fr-FR","@id":"https:\/\/rivierabarcrawltours.com\/#\/schema\/logo\/image\/","url":"https:\/\/rivierabarcrawltours.com\/wp-content\/uploads\/2019\/07\/logo.png","contentUrl":"https:\/\/rivierabarcrawltours.com\/wp-content\/uploads\/2019\/07\/logo.png","width":479,"height":453,"caption":"Riviera Bar Crawl Tours"},"image":{"@id":"https:\/\/rivierabarcrawltours.com\/#\/schema\/logo\/image\/"},"sameAs":["https:\/\/www.facebook.com\/RivieraBarCrawltours\/","https:\/\/x.com\/rivierabarcrawl"]}]}},"_links":{"self":[{"href":"https:\/\/rivierabarcrawltours.com\/fr\/wp-json\/wp\/v2\/pages\/122950","targetHints":{"allow":["GET"]}}],"collection":[{"href":"https:\/\/rivierabarcrawltours.com\/fr\/wp-json\/wp\/v2\/pages"}],"about":[{"href":"https:\/\/rivierabarcrawltours.com\/fr\/wp-json\/wp\/v2\/types\/page"}],"author":[{"embeddable":true,"href":"https:\/\/rivierabarcrawltours.com\/fr\/wp-json\/wp\/v2\/users\/2"}],"replies":[{"embeddable":true,"href":"https:\/\/rivierabarcrawltours.com\/fr\/wp-json\/wp\/v2\/comments?post=122950"}],"version-history":[{"count":20,"href":"https:\/\/rivierabarcrawltours.com\/fr\/wp-json\/wp\/v2\/pages\/122950\/revisions"}],"predecessor-version":[{"id":126651,"href":"https:\/\/rivierabarcrawltours.com\/fr\/wp-json\/wp\/v2\/pages\/122950\/revisions\/126651"}],"wp:featuredmedia":[{"embeddable":true,"href":"https:\/\/rivierabarcrawltours.com\/fr\/wp-json\/wp\/v2\/media\/94202"}],"wp:attachment":[{"href":"https:\/\/rivierabarcrawltours.com\/fr\/wp-json\/wp\/v2\/media?parent=122950"}],"curies":[{"name":"wp","href":"https:\/\/api.w.org\/{rel}","templated":true}]}}