{"id":122805,"date":"2026-01-23T12:59:27","date_gmt":"2026-01-23T11:59:27","guid":{"rendered":"https:\/\/rivierabarcrawltours.com\/tournee-des-bars-de-la-saint-sylvestre\/"},"modified":"2026-02-16T12:53:11","modified_gmt":"2026-02-16T11:53:11","slug":"tournee-des-bars-de-la-saint-sylvestre","status":"publish","type":"page","link":"https:\/\/rivierabarcrawltours.com\/fr\/tournee-des-bars-de-la-saint-sylvestre\/","title":{"rendered":"Tourn\u00e9e des bars de la Saint-Sylvestre"},"content":{"rendered":"<div class=\"wpb-content-wrapper\"><p>[vc_row css=\u00a0\u00bb.vc_custom_1612431259800{margin-top: 40px !important;}\u00a0\u00bb][vc_column][vc_column_text css=\u00a0\u00bb\u00a0\u00bb]<\/p>\n<h1><strong>  Bar Crawl de la Saint-Sylvestre &#8211; Soir\u00e9e compte \u00e0 rebours<\/strong><\/h1>\n<p>[\/vc_column_text][vc_column_text css=\u00a0\u00bb\u00a0\u00bb]<\/p>\n<h2>La tourn\u00e9e des bars de la Saint-Sylvestre en France &#8211; Le compte \u00e0 rebours commence ici<\/h2>\n<p>Oubliez le chaos de derni\u00e8re minute et participez \u00e0 une <strong>tourn\u00e9e des bars de France<\/strong> pour <strong>le r\u00e9veillon du Nouvel An,<\/strong> con\u00e7ue pour la f\u00eate pure. Il s&rsquo;agit d&rsquo;une <strong>soir\u00e9e de groupe sociale et pleine d&rsquo;\u00e9nergie<\/strong>, avec un plan pr\u00e9cis, pour que vous puissiez vous concentrer sur l&rsquo;amusement, les photos et le moment de minuit. <\/p>\n<p>Si vous \u00eates en voyage, si vous rendez visite \u00e0 des amis ou si vous voulez simplement une ambiance de f\u00eate garantie, cette tourn\u00e9e des bars du Nouvel An est con\u00e7ue pour rendre votre nuit <strong>facile, douce et inoubliable<\/strong>.<\/p>\n<h3>Pourquoi participer \u00e0 la tourn\u00e9e des bars de la Saint-Sylvestre ?<\/h3>\n<p><strong>Un vrai plan pour le<\/strong> r\u00e9veillon <strong>(pas une tourn\u00e9e des bars au hasard)<\/strong><br \/>\nLe r\u00e9veillon du Nouvel An est tr\u00e8s charg\u00e9 &#8211; les files d&rsquo;attente, le timing et la coordination peuvent tuer l&rsquo;ambiance. Nous faisons en sorte que la soir\u00e9e se d\u00e9roule de mani\u00e8re structur\u00e9e, afin que vous passiez moins de temps \u00e0 chercher des solutions et plus de temps \u00e0 faire la f\u00eate. <\/p>\n<p><strong>Con\u00e7ue pour les f\u00eates sociales<\/strong><br \/>\nC&rsquo;est la soir\u00e9e pour rencontrer des gens. Attendez-vous \u00e0 une atmosph\u00e8re de groupe anim\u00e9e qui ressemble \u00e0 une f\u00eate, du premier arr\u00eat au compte \u00e0 rebours. <\/p>\n<p><strong>Moins de stress, plus de souvenirs<\/strong><br \/>\nVous vous inqui\u00e9tez de la logistique, du calendrier ou de l&rsquo;alignement de tous les participants ? Nous nous occupons de l&rsquo;organisation pour que vous puissiez profiter du meilleur : une soir\u00e9e dont vous parlerez toute l&rsquo;ann\u00e9e. <\/p>\n<h3>Questions fr\u00e9quentes (et pourquoi c&rsquo;est facile)<\/h3>\n<ul>\n<li><strong>\u00ab\u00a0Allons-nous perdre du temps \u00e0 d\u00e9cider o\u00f9 aller ?\u00a0\u00bb<\/strong>  Non, votre nuit suit un plan pr\u00e9cis.<\/li>\n<li><strong>\u00ab\u00a0Est-ce que je peux venir avec un petit groupe ou en tant que voyageur ?<\/strong>  Oui, ce site est con\u00e7u pour \u00eatre social et accueillant.<\/li>\n<li><strong>\u00ab\u00a0Le r\u00e9veillon de No\u00ebl est d\u00e9sordonn\u00e9&#8230; est-ce que ce sera organis\u00e9 ?\u00a0\u00bb<\/strong>  C&rsquo;est l\u00e0 tout l&rsquo;int\u00e9r\u00eat : nous veillons \u00e0 ce que les choses se d\u00e9roulent sans heurts, afin que la f\u00eate reste amusante.<\/li>\n<\/ul>\n<h2><a href=\"https:\/\/rivierabarcrawltours.com\/fr\/nous-contacter\/\">R\u00e9servez votre tourn\u00e9e des bars pour le r\u00e9veillon du Nouvel An en France<\/a><\/h2>\n<p>Les places se lib\u00e8rent rapidement pour le r\u00e9veillon du Nouvel An. Envoyez-nous un message d\u00e8s maintenant pour r\u00e9server votre place et obtenir les d\u00e9tails. <\/p>\n<p><strong>WhatsApp \/ T\u00e9l\u00e9phone :<\/strong> +33 6 49 24 44 07<br \/>\n<strong>Courriel :<\/strong> <a class=\"not-prose group inline break-all rounded-md px-1 text-sm font-medium text-blue-600 focus-visible:outline-none focus-visible:ring-1 focus-visible:ring-ring dark:text-blue-400 md:text-base\" href=\"mailto:info@rivierabarcrawltours.com\"><span class=\"underline\">info@rivierabarcrawltours.com<\/span><\/a>[\/vc_column_text][\/vc_column][\/vc_row][vc_row][vc_column width=\u00a0\u00bb1\/4&Prime; el_class=\u00a0\u00bbmain-col\u00a0\u00bb css=\u00a0\u00bb.vc_custom_1612431923475{margin-bottom: 20px !important;}\u00a0\u00bb][vc_column_text css=\u00a0\u00bb.vc_custom_1770903103377{background-image: url(https:\/\/rivierabarcrawltours.com\/wp-content\/uploads\/2026\/02\/instagram-post-Nice-NYE-2027-1.jpg?id=125332) !important;}\u00a0\u00bb]<a href=\"https:\/\/rivierabarcrawltours.com\/fr\/tour\/soiree-du-nouvel-an-nice-france-2026\/\">Nice<\/a>[\/vc_column_text][\/vc_column][vc_column width=\u00a0\u00bb1\/4&Prime; el_class=\u00a0\u00bbmain-col\u00a0\u00bb css=\u00a0\u00bb.vc_custom_1612432008756{margin-bottom: 20px !important;}\u00a0\u00bb][vc_column_text css=\u00a0\u00bb.vc_custom_1770903158459{background-image: url(https:\/\/rivierabarcrawltours.com\/wp-content\/uploads\/2026\/02\/Instagram-post-Paris-NYE-2027.jpg?id=125333) !important;}\u00a0\u00bb]<a href=\"https:\/\/rivierabarcrawltours.com\/fr\/tour\/soiree-nouvel-an-paris\/\">Paris<\/a>[\/vc_column_text][\/vc_column][vc_column width=\u00a0\u00bb1\/4&Prime; el_class=\u00a0\u00bbmain-col\u00a0\u00bb css=\u00a0\u00bb.vc_custom_1613118716288{margin-bottom: 20px !important;}\u00a0\u00bb][vc_column_text css=\u00a0\u00bb.vc_custom_1770903190390{background-image: url(https:\/\/rivierabarcrawltours.com\/wp-content\/uploads\/2026\/02\/Instagram-post-Marseille-NYE-2027-1.jpg?id=125334) !important;}\u00a0\u00bb]<a href=\"https:\/\/rivierabarcrawltours.com\/fr\/tour\/soiree-du-nouvel-an-bar-crawl-marseille-france\/\">Marseille<\/a>[\/vc_column_text][\/vc_column][vc_column width=\u00a0\u00bb1\/4&Prime; el_class=\u00a0\u00bbmain-col\u00a0\u00bb css=\u00a0\u00bb.vc_custom_1612432062266{margin-bottom: 20px !important;}\u00a0\u00bb][vc_column_text css=\u00a0\u00bb.vc_custom_1770903223040{background-image: url(https:\/\/rivierabarcrawltours.com\/wp-content\/uploads\/2026\/02\/Instagram-post-Milan-NYE-2027.jpg?id=125335) !important;}\u00a0\u00bb]<a href=\"https:\/\/rivierabarcrawltours.com\/fr\/tour\/reveillon-du-nouvel-an-bar-crawl-party-milan-italie-2027\/\">Milan<\/a>[\/vc_column_text][\/vc_column][\/vc_row][vc_row][vc_column width=\u00a0\u00bb1\/4&Prime; el_class=\u00a0\u00bbmain-col\u00a0\u00bb css=\u00a0\u00bb.vc_custom_1612431923475{margin-bottom: 20px !important;}\u00a0\u00bb][vc_column_text css=\u00a0\u00bb.vc_custom_1770903434523{background-image: url(https:\/\/rivierabarcrawltours.com\/wp-content\/uploads\/2026\/02\/Instagram-post-Lyon-NYE-2027.png?id=125338) !important;}\u00a0\u00bb]<a href=\"https:\/\/rivierabarcrawltours.com\/fr\/tour\/soiree-du-nouvel-an-a-lyon-riviera-bar-crawl-lyon\/\">Lyon<\/a>[\/vc_column_text][\/vc_column][vc_column width=\u00a0\u00bb1\/4&Prime; el_class=\u00a0\u00bbmain-col\u00a0\u00bb css=\u00a0\u00bb.vc_custom_1612432008756{margin-bottom: 20px !important;}\u00a0\u00bb][vc_column_text css=\u00a0\u00bb.vc_custom_1770903453950{background-image: url(https:\/\/rivierabarcrawltours.com\/wp-content\/uploads\/2026\/02\/Instagram-post-Lille-NYE-2027.jpg?id=125336) !important;}\u00a0\u00bb]<a href=\"https:\/\/rivierabarcrawltours.com\/fr\/tour\/reveillon-du-nouvel-an-a-lille-riviera-bar-crawl-lille\/\">Lille<\/a>[\/vc_column_text][\/vc_column][vc_column width=\u00a0\u00bb1\/4&Prime; el_class=\u00a0\u00bbmain-col\u00a0\u00bb css=\u00a0\u00bb.vc_custom_1613118716288{margin-bottom: 20px !important;}\u00a0\u00bb][vc_column_text css=\u00a0\u00bb.vc_custom_1770903592246{background-image: url(https:\/\/rivierabarcrawltours.com\/wp-content\/uploads\/2026\/02\/Instagram-post-Bruxelles-NYE-2027.jpg?id=125339) !important;}\u00a0\u00bb]<a href=\"https:\/\/rivierabarcrawltours.com\/fr\/tour\/reveillon-du-nouvel-an-bar-crawl-party-bruxelles-2027\/\">Bruxelles<\/a>[\/vc_column_text][\/vc_column][vc_column width=\u00a0\u00bb1\/4&Prime; el_class=\u00a0\u00bbmain-col\u00a0\u00bb css=\u00a0\u00bb.vc_custom_1612432062266{margin-bottom: 20px !important;}\u00a0\u00bb][vc_column_text css=\u00a0\u00bb.vc_custom_1770903541253{background-image: url(https:\/\/rivierabarcrawltours.com\/wp-content\/uploads\/2026\/02\/Instagram-post-Strasbourg-NYE-2027.jpg?id=125340) !important;}\u00a0\u00bb]<a href=\"https:\/\/rivierabarcrawltours.com\/fr\/tour\/soiree-nouvel-an-nice-france\/\">Strasbourg<\/a>[\/vc_column_text][\/vc_column][\/vc_row][vc_row][vc_column width=\u00a0\u00bb1\/4&Prime; el_class=\u00a0\u00bbmain-col\u00a0\u00bb css=\u00a0\u00bb.vc_custom_1612432008756{margin-bottom: 20px !important;}\u00a0\u00bb][vc_column_text css=\u00a0\u00bb.vc_custom_1770903581215{background-image: url(https:\/\/rivierabarcrawltours.com\/wp-content\/uploads\/2026\/02\/Instagram-post-Toulouse-NYE-2027.jpg?id=125341) !important;}\u00a0\u00bb]<a href=\"https:\/\/rivierabarcrawltours.com\/fr\/tour\/soiree-du-nouvel-an-a-toulouse-riviera-bar-crawl-toulouse\/\">Toulouse<\/a>[\/vc_column_text][\/vc_column][vc_column width=\u00a0\u00bb1\/4&Prime; el_class=\u00a0\u00bbmain-col\u00a0\u00bb css=\u00a0\u00bb.vc_custom_1613118716288{margin-bottom: 20px !important;}\u00a0\u00bb][vc_column_text css=\u00a0\u00bb.vc_custom_1770903614983{background-image: url(https:\/\/rivierabarcrawltours.com\/wp-content\/uploads\/2026\/02\/Instagram-post-Bordeaux-NYE-2027.jpg?id=125342) !important;}\u00a0\u00bb]<a href=\"https:\/\/rivierabarcrawltours.com\/tour\/new-years-eve-bordeux-pub-crawl\/\">Bordeaux<\/a>[\/vc_column_text][\/vc_column][\/vc_row]<\/p>\n<\/div>","protected":false},"excerpt":{"rendered":"<p>[vc_row css=\u00a0\u00bb.vc_custom_1612431259800{margin-top: 40px !important;}\u00a0\u00bb][vc_column][vc_column_text css=\u00a0\u00bb\u00a0\u00bb] Bar Crawl de la Saint-Sylvestre &#8211; Soir\u00e9e compte \u00e0 rebours [\/vc_column_text][vc_column_text css=\u00a0\u00bb\u00a0\u00bb] La tourn\u00e9e des bars de la Saint-Sylvestre en France &#8211; Le compte \u00e0 rebours commence ici Oubliez le chaos de derni\u00e8re minute et participez \u00e0 une tourn\u00e9e des bars de France pour le r\u00e9veillon du Nouvel An, con\u00e7ue [&hellip;]<\/p>\n","protected":false},"author":2,"featured_media":103402,"parent":0,"menu_order":0,"comment_status":"closed","ping_status":"closed","template":"template-home-modern.php","meta":{"_acf_changed":false,"footnotes":""},"class_list":["post-122805","page","type-page","status-publish","has-post-thumbnail","hentry"],"acf":[],"yoast_head":"<!-- This site is optimized with the Yoast SEO plugin v27.5 - https:\/\/yoast.com\/product\/yoast-seo-wordpress\/ -->\n<title>Tourn\u00e9e des bars de la Saint-Sylvestre 2027 | Riviera Bar Crawl Tours.<\/title>\n<meta name=\"description\" content=\"Faites de votre r\u00e9veillon du Nouvel An 2027 un moment inoubliable en organisant une soir\u00e9e pleine d&#039;\u00e9nergie et de c\u00e9l\u00e9brations.\" \/>\n<meta name=\"robots\" content=\"index, follow, max-snippet:-1, max-image-preview:large, max-video-preview:-1\" \/>\n<link rel=\"canonical\" href=\"https:\/\/rivierabarcrawltours.com\/fr\/tournee-des-bars-de-la-saint-sylvestre\/\" \/>\n<meta property=\"og:locale\" content=\"fr_FR\" \/>\n<meta property=\"og:type\" content=\"article\" \/>\n<meta property=\"og:title\" content=\"Tourn\u00e9e des bars de la Saint-Sylvestre 2027 | Riviera Bar Crawl Tours.\" \/>\n<meta property=\"og:description\" content=\"Faites de votre r\u00e9veillon du Nouvel An 2027 un moment inoubliable en organisant une soir\u00e9e pleine d&#039;\u00e9nergie et de c\u00e9l\u00e9brations.\" \/>\n<meta property=\"og:url\" content=\"https:\/\/rivierabarcrawltours.com\/fr\/tournee-des-bars-de-la-saint-sylvestre\/\" \/>\n<meta property=\"og:site_name\" content=\"Riviera Bar Crawl Tours\" \/>\n<meta property=\"article:publisher\" content=\"https:\/\/www.facebook.com\/RivieraBarCrawltours\/\" \/>\n<meta property=\"article:modified_time\" content=\"2026-02-16T11:53:11+00:00\" \/>\n<meta property=\"og:image\" content=\"https:\/\/rivierabarcrawltours.com\/wp-content\/uploads\/2024\/07\/riviera-pub-crawls-1024x1024.jpg\" \/>\n<meta name=\"twitter:card\" content=\"summary_large_image\" \/>\n<meta name=\"twitter:site\" content=\"@rivierabarcrawl\" \/>\n<meta name=\"twitter:label1\" content=\"Dur\u00e9e de lecture estim\u00e9e\" \/>\n\t<meta name=\"twitter:data1\" content=\"4 minutes\" \/>\n<!-- \/ Yoast SEO plugin. -->","yoast_head_json":{"title":"Tourn\u00e9e des bars de la Saint-Sylvestre 2027 | Riviera Bar Crawl Tours.","description":"Faites de votre r\u00e9veillon du Nouvel An 2027 un moment inoubliable en organisant une soir\u00e9e pleine d'\u00e9nergie et de c\u00e9l\u00e9brations.","robots":{"index":"index","follow":"follow","max-snippet":"max-snippet:-1","max-image-preview":"max-image-preview:large","max-video-preview":"max-video-preview:-1"},"canonical":"https:\/\/rivierabarcrawltours.com\/fr\/tournee-des-bars-de-la-saint-sylvestre\/","og_locale":"fr_FR","og_type":"article","og_title":"Tourn\u00e9e des bars de la Saint-Sylvestre 2027 | Riviera Bar Crawl Tours.","og_description":"Faites de votre r\u00e9veillon du Nouvel An 2027 un moment inoubliable en organisant une soir\u00e9e pleine d'\u00e9nergie et de c\u00e9l\u00e9brations.","og_url":"https:\/\/rivierabarcrawltours.com\/fr\/tournee-des-bars-de-la-saint-sylvestre\/","og_site_name":"Riviera Bar Crawl Tours","article_publisher":"https:\/\/www.facebook.com\/RivieraBarCrawltours\/","article_modified_time":"2026-02-16T11:53:11+00:00","og_image":[{"url":"https:\/\/rivierabarcrawltours.com\/wp-content\/uploads\/2024\/07\/riviera-pub-crawls-1024x1024.jpg","type":"","width":"","height":""}],"twitter_card":"summary_large_image","twitter_site":"@rivierabarcrawl","twitter_misc":{"Dur\u00e9e de lecture estim\u00e9e":"4 minutes"},"schema":{"@context":"https:\/\/schema.org","@graph":[{"@type":"WebPage","@id":"https:\/\/rivierabarcrawltours.com\/fr\/tournee-des-bars-de-la-saint-sylvestre\/","url":"https:\/\/rivierabarcrawltours.com\/fr\/tournee-des-bars-de-la-saint-sylvestre\/","name":"Tourn\u00e9e des bars de la Saint-Sylvestre 2027 | Riviera Bar Crawl Tours.","isPartOf":{"@id":"https:\/\/rivierabarcrawltours.com\/#website"},"primaryImageOfPage":{"@id":"https:\/\/rivierabarcrawltours.com\/fr\/tournee-des-bars-de-la-saint-sylvestre\/#primaryimage"},"image":{"@id":"https:\/\/rivierabarcrawltours.com\/fr\/tournee-des-bars-de-la-saint-sylvestre\/#primaryimage"},"thumbnailUrl":"https:\/\/rivierabarcrawltours.com\/wp-content\/uploads\/2022\/11\/New-Years-Eve-party-in-Paris-Fireworks-e1669967522806.jpg","datePublished":"2026-01-23T11:59:27+00:00","dateModified":"2026-02-16T11:53:11+00:00","description":"Faites de votre r\u00e9veillon du Nouvel An 2027 un moment inoubliable en organisant une soir\u00e9e pleine d'\u00e9nergie et de c\u00e9l\u00e9brations.","breadcrumb":{"@id":"https:\/\/rivierabarcrawltours.com\/fr\/tournee-des-bars-de-la-saint-sylvestre\/#breadcrumb"},"inLanguage":"fr-FR","potentialAction":[{"@type":"ReadAction","target":["https:\/\/rivierabarcrawltours.com\/fr\/tournee-des-bars-de-la-saint-sylvestre\/"]}]},{"@type":"ImageObject","inLanguage":"fr-FR","@id":"https:\/\/rivierabarcrawltours.com\/fr\/tournee-des-bars-de-la-saint-sylvestre\/#primaryimage","url":"https:\/\/rivierabarcrawltours.com\/wp-content\/uploads\/2022\/11\/New-Years-Eve-party-in-Paris-Fireworks-e1669967522806.jpg","contentUrl":"https:\/\/rivierabarcrawltours.com\/wp-content\/uploads\/2022\/11\/New-Years-Eve-party-in-Paris-Fireworks-e1669967522806.jpg","width":4372,"height":2567,"caption":"Fond de vacances - Tour Eiffel avec feux d'artifice, c\u00e9l\u00e9bration du Nouvel An \u00e0 Paris, France"},{"@type":"BreadcrumbList","@id":"https:\/\/rivierabarcrawltours.com\/fr\/tournee-des-bars-de-la-saint-sylvestre\/#breadcrumb","itemListElement":[{"@type":"ListItem","position":1,"name":"Home","item":"https:\/\/rivierabarcrawltours.com\/fr\/"},{"@type":"ListItem","position":2,"name":"Tourn\u00e9e des bars de la Saint-Sylvestre"}]},{"@type":"WebSite","@id":"https:\/\/rivierabarcrawltours.com\/#website","url":"https:\/\/rivierabarcrawltours.com\/","name":"Riviera Bar Crawl Tours","description":"Fun Day &amp; Night Experiences I Tour operator I Guided Tours I Bar Crawls I Food Tours I","publisher":{"@id":"https:\/\/rivierabarcrawltours.com\/#organization"},"potentialAction":[{"@type":"SearchAction","target":{"@type":"EntryPoint","urlTemplate":"https:\/\/rivierabarcrawltours.com\/?s={search_term_string}"},"query-input":{"@type":"PropertyValueSpecification","valueRequired":true,"valueName":"search_term_string"}}],"inLanguage":"fr-FR"},{"@type":"Organization","@id":"https:\/\/rivierabarcrawltours.com\/#organization","name":"Riviera Bar Crawl Tours","url":"https:\/\/rivierabarcrawltours.com\/","logo":{"@type":"ImageObject","inLanguage":"fr-FR","@id":"https:\/\/rivierabarcrawltours.com\/#\/schema\/logo\/image\/","url":"https:\/\/rivierabarcrawltours.com\/wp-content\/uploads\/2019\/07\/logo.png","contentUrl":"https:\/\/rivierabarcrawltours.com\/wp-content\/uploads\/2019\/07\/logo.png","width":479,"height":453,"caption":"Riviera Bar Crawl Tours"},"image":{"@id":"https:\/\/rivierabarcrawltours.com\/#\/schema\/logo\/image\/"},"sameAs":["https:\/\/www.facebook.com\/RivieraBarCrawltours\/","https:\/\/x.com\/rivierabarcrawl"]}]}},"_links":{"self":[{"href":"https:\/\/rivierabarcrawltours.com\/fr\/wp-json\/wp\/v2\/pages\/122805","targetHints":{"allow":["GET"]}}],"collection":[{"href":"https:\/\/rivierabarcrawltours.com\/fr\/wp-json\/wp\/v2\/pages"}],"about":[{"href":"https:\/\/rivierabarcrawltours.com\/fr\/wp-json\/wp\/v2\/types\/page"}],"author":[{"embeddable":true,"href":"https:\/\/rivierabarcrawltours.com\/fr\/wp-json\/wp\/v2\/users\/2"}],"replies":[{"embeddable":true,"href":"https:\/\/rivierabarcrawltours.com\/fr\/wp-json\/wp\/v2\/comments?post=122805"}],"version-history":[{"count":20,"href":"https:\/\/rivierabarcrawltours.com\/fr\/wp-json\/wp\/v2\/pages\/122805\/revisions"}],"predecessor-version":[{"id":125876,"href":"https:\/\/rivierabarcrawltours.com\/fr\/wp-json\/wp\/v2\/pages\/122805\/revisions\/125876"}],"wp:featuredmedia":[{"embeddable":true,"href":"https:\/\/rivierabarcrawltours.com\/fr\/wp-json\/wp\/v2\/media\/103402"}],"wp:attachment":[{"href":"https:\/\/rivierabarcrawltours.com\/fr\/wp-json\/wp\/v2\/media?parent=122805"}],"curies":[{"name":"wp","href":"https:\/\/api.w.org\/{rel}","templated":true}]}}