{"id":83980,"date":"2021-12-15T18:39:54","date_gmt":"2021-12-15T17:39:54","guid":{"rendered":"https:\/\/rivierabarcrawltours.com\/esperienza-di-canyoning\/"},"modified":"2021-12-16T09:40:06","modified_gmt":"2021-12-16T08:40:06","slug":"esperienza-di-canyoning","status":"publish","type":"page","link":"https:\/\/rivierabarcrawltours.com\/es\/esperienza-di-canyoning\/","title":{"rendered":"Esperienza di canyoning"},"content":{"rendered":"<div class=\"wpb-content-wrapper\"><p>[vc_row][vc_column]<hExperiencia de barranquismo style='font-weight: bold; color: white ;text-align:center'>Esperienza di canyoning<\/hExperiencia de barranquismo>[\/vc_column][vc_column]<div class='list_tours'>   <div class=\"concept-listings owl-carousel owl-theme\">\n          <div class=\"style_box\">\n           <div class=\"feature_class st_featured featured\">Featured<\/div>           <div class=\"thumb\">\n               <header class=\"thumb-header st_avatar_fix\">\n                                      <a href=\"https:\/\/rivierabarcrawltours.com\/es\/tour\/barranquismo-actividades-en-la-costa-azul-francia\/\" class=\"hover-img\">\n                       <img loading=\"lazy\" decoding=\"async\" width=\"260\" height=\"190\" src=\"https:\/\/rivierabarcrawltours.com\/wp-content\/uploads\/2020\/12\/canyoning-nice-260x190.jpg\" class=\"attachment-260x190x1 size-260x190x1 wp-post-image\" alt=\"canyoning nice\" \/>                       <h5 class=\"hover-title hover-hold text-center\">\n                           BARRANQUISMO &amp; ACTIVIDADES EN LA COSTA AZUL \u2013 FRANCIA                       <\/h5>\n                   <\/a>\n                                  <\/header>\n           <\/div>\n       <\/div>\n   <\/div>\n\n    \n<script type=\"text\/javascript\">\n$(document).ready(function() {\n       $(\".concept-listings\").owlCarousel({\n        margin:20,\n                dots:true,\n        responsiveClass:true,\n        responsive:{\n            0:{\n                items:1,\n                nav:false\n            },\n            600:{\n                items:3,\n                nav:false\n            },\n            1000:{\n                items:4,\n                nav:true\n            }\n        }\n       });\n}); \n\n<\/script>\n\n<style type=\"text\/css\">\n.concept-listings .owl-stage {\n    display: -webkit-box !important;\n    display: -moz-box !important;\n    display: -ms-box !important;\n    display: box !important;\n}\n.concept-listings .owl-dots {\n    margin-top: 10px;\n    text-align: center;\n}\n.concept-listings .owl-dots .owl-dot {\n    display: inline-block;\n    background: 0 0;\n    color: inherit;\n    border: none;\n    padding: 0 !important;\n}\n.concept-listings .owl-dots .owl-dot.active span {\n    background: var(--link-color, #5191FA);\n}\n.concept-listings .owl-dots .owl-dot span {\n    width: 10px;\n    height: 10px;\n    margin: 5px 7px;\n    background: var(--light-grey-color, #EAEEF3);\n    display: block;\n    transition: opacity 0.2s ease;\n    border-radius: 30px;\n}\n.city-tours-custom .feature_class{\n  left: 0 !important;\n}\n.concept-listings .owl-nav {\n    position: absolute;\n    height: 100%;\n    top: 0;\n    width: 100%;\n    z-index: -1;\n}\n.concept-listings .owl-nav button {\n    position: absolute;\n    top: 50%;\n    margin-top: -18px;\n}\n.concept-listings .owl-nav button.owl-next {\n    right: -66px;\n}\n.concept-listings .owl-nav button.owl-prev {\n    left: -66px;\n}\n.concept-listings .owl-nav button.owl-next span {\n    width: 36px;\n    height: 36px;\n    display: block;\n    background: url(https:\/\/rivierabarcrawltours.com\/wp-content\/uploads\/2021\/06\/arrow-right.png) center center no-repeat;\n    background-size: 100% auto;\n    color: transparent;\n}\n.concept-listings .owl-nav button.owl-prev span {\n    width: 36px;\n    height: 36px;\n    display: block;\n    background: url(https:\/\/rivierabarcrawltours.com\/wp-content\/uploads\/2021\/02\/arrow-left.png) center center no-repeat;\n    background-size: 100% auto;\n    color: transparent;\n}\n\n.city-tours-custom .thumb{\n    border: none !important;\n}\n<\/style><\/div>[\/vc_column][vc_column][vc_column_text]<\/p>\n<h2>Sobre el barranquismo<\/h2>\n<h2>\u00bfQu\u00e9 es una experiencia de barranquismo ?<\/h2>\n<p>El barranquismo es uno de los deportes de aventura que m\u00e1s r\u00e1pidamente se est\u00e1 desarrollando en el planeta y es una verdadera emoci\u00f3n.<\/p>\n<p>El barranquismo ha pasado en pocos a\u00f1os de ser una actividad poco com\u00fan en verano a serlo durante todo el a\u00f1o.<\/p>\n<p>Si le gustan las actividades al aire libre, sin duda disfrutar\u00e1 de esta experiencia. Utilizar\u00e1 trajes de neopreno para explorar arroyos, ca\u00f1ones y otras zonas incre\u00edbles en la naturaleza que normalmente se consideran inaccesibles.<\/p>\n<p>Algunas personas lo hacen por pura emoci\u00f3n, mientras que otras lo hacen porque quieren descubrir estas magn\u00edficas zonas y obtener acceso a enormes desfiladeros que la mayor\u00eda de la gente nunca llega a ver.<\/p>\n<p>Tambi\u00e9n se puede esperar que haya muchos saltos, caminatas, nataci\u00f3n y escalada, por lo que es una verdadera experiencia deportiva.<\/p>\n<p>Hay que decir que una actividad de barranquismo propiamente dicha siempre implica un poco de adrenalina. Pero si le gusta la aventura, est\u00e1 en buena forma f\u00edsica y no tiene miedo a las alturas, el barranquismo es una actividad imprescindible para usted.<\/p>\n<p>Hay muy diferentes tipos de barrancos. Algunos son relativamente f\u00e1ciles y le permiten salir de ellos cuando quiera con pocos saltos. Algunos barrancos son incluso ideales para los ni\u00f1os. Sin embargo, otros ca\u00f1ones tardan d\u00edas en escalarse y contienen enormes cascadas.<\/p>\n<p>En cualquier caso, tanto si rebota en una cascada como si se desliza por aguas transparentes, la diversi\u00f3n est\u00e1 garantizada.<\/p>\n<h3>\u00bfQu\u00e9 significa Ca\u00f1\u00f3n?<\/h3>\n<p>Canyon es un t\u00e9rmino espa\u00f1ol que tiene el mismo significado. En Am\u00e9rica del Norte se suele utilizar el nombre de \u00abca\u00f1\u00f3n\u00bb, pero en Europa y Ocean\u00eda se emplean con m\u00e1s frecuencia los t\u00e9rminos \u00abgarganta\u00bb y \u00abbarranco\u00bb.<\/p>\n<p>Dictionary.com se refiere a un ca\u00f1\u00f3n como \u00abun valle profundo con lados escarpados y un arroyo que fluye a trav\u00e9s de \u00e9l\u00bb.<\/p>\n<p>Seg\u00fan el Cambridge Dictionary la palabra Canyoning se define como \u00abun deporte que consiste en saltar a un arroyo de monta\u00f1a que fluye muy r\u00e1pido y ser arrastrado por la corriente mientras flotas sobre tu espalda\u00bb.<\/p>\n<p>B\u00e1sicamente, el barranquismo (o canyoneering) es un deporte de aventura al aire libre que combina el senderismo, la escalada, la nataci\u00f3n y\/o el rappel para cruzar un ca\u00f1\u00f3n o desfiladero. Sigue un camino acu\u00e1tico formado por rocas para explorar las zonas sinuosas de un entorno natural.<\/p>\n<p>Los participantes en el barranquismo se deslizan, saltan y se dejan caer por el ca\u00f1\u00f3n, utilizando a menudo equipos t\u00e9cnicos para recorrer caminos a trav\u00e9s de arroyos, pozas y cascadas.<\/p>\n<h3>\u00bfC\u00f3mo funciona el barranquismo?<\/h3>\n<p>Por lo general, se requiere una caminata para llegar a un ca\u00f1\u00f3n. Puede ser tan larga o tan corta como un trekking. El nivel de dificultad vendr\u00e1 determinado por la posici\u00f3n del ca\u00f1\u00f3n en el paisaje y su proximidad a las carreteras.<\/p>\n<p>Ponte un traje de neopreno al llegar. En el agua fr\u00eda, los trajes de neopreno te mantienen caliente. Puede ser perjudicial si no los tienes ya que corres el riesgo de sufrir hipotermia. Tambi\u00e9n hay ca\u00f1ones secos, aunque la mayor\u00eda de los ca\u00f1ones del mundo incluyen agua.<\/p>\n<p>Tambi\u00e9n necesitar\u00e1s un arn\u00e9s, un casco y una cuerda para estar seguro. Las cuerdas de rappel se utilizan para descender las cascadas y los acantilados. Una vez que comienzas, es tu m\u00e9todo para salir. Para completar un ca\u00f1\u00f3n, hay que llegar al final, que es el punto en el que el ca\u00f1\u00f3n se vuelve a abrir. Los ca\u00f1ones suelen ser viajes de ida.<\/p>\n<p>Durante una excursi\u00f3n de barranquismo, saltar\u00e1 por las rocas, vadear\u00e1, nadar\u00e1 y realizar\u00e1 breves trepadas por las partes rocosas de todo el ca\u00f1\u00f3n. Luego har\u00e1s rappel. Al principio, esto puede asustar, pero superar\u00e1 r\u00e1pidamente sus miedos porque la adrenalina hace efecto. Siempre que tengas cuidado, utilices las t\u00e9cnicas adecuadas y te acompa\u00f1es de personas m\u00e1s experimentadas hasta que entiendas lo que est\u00e1s haciendo, \u00a1estar\u00e1s bien!<\/p>\n<p>Lo mejor de todo es que es una actividad que todo el mundo puede practicar. Siempre que tenga una buena condici\u00f3n f\u00edsica y no tenga miedo a las alturas. Hay barrancos f\u00e1ciles para principiantes e incluso para ni\u00f1os. Si eres m\u00e1s avanzado, puedes probar barrancos m\u00e1s dif\u00edciles con enormes cascadas. Sea cual sea el barranco que escale, la diversi\u00f3n est\u00e1 garantizada.<\/p>\n<h3>\u00bfQu\u00e9 equipo se necesita para una experiencia de barranquismo?<\/h3>\n<p>Si contratas una excursi\u00f3n de barranquismo, lo cual es muy recomendable si es la primera vez que lo haces, la mayor parte del equipo te lo ofrecer\u00e1 la empresa de la excursi\u00f3n y est\u00e1 incluido en el precio. Si intenta ir por su cuenta, sin profesionales, necesitar\u00e1 las siguientes cosas:<\/p>\n<p>Traje de neopreno: el traje de neopreno es lo m\u00e1s importante para una experiencia de barranquismo segura. No puedes hacerlo sin \u00e9l. El agua de los ca\u00f1ones suele estar bastante fr\u00eda y el traje de neopreno te mantiene caliente y te ayuda a fluir. Y lo que es m\u00e1s importante, tambi\u00e9n te protege cuando golpeas una roca.<\/p>\n<p>Casco: adentrarse en estas aguas sin protecci\u00f3n para la cabeza es una amenaza para la vida. La velocidad del agua puede ser muy peligrosa y es habitual resbalar y caer. Sin embargo, con un casco resistente, su cabeza deber\u00eda estar bien protegida contra las lesiones.<\/p>\n<p>Calzado de barranquismo: un calzado s\u00f3lido y de gran agarre es una de las cosas m\u00e1s importantes en t\u00e9rminos de seguridad cuando se practica barranquismo. Si no quieres gastar mucho dinero en unas zapatillas de barranquismo de alta calidad, unas viejas zapatillas de correr tambi\u00e9n son buenas si siguen teniendo un buen agarre y mucha amortiguaci\u00f3n alrededor del pie.<\/p>\n<p>Cuerda est\u00e1tica &#8211; El rappel requiere el uso de una cuerda est\u00e1tica. Las cuerdas deben ser duraderas, fuertes y resistentes al agua. Debes asegurarte de que la longitud de la cuerda que tienes es la adecuada para los retos de tu barranco. Si vas a ir sin un gu\u00eda experto, \u00a1aseg\u00farate de que sabes utilizarla!<\/p>\n<p>Bolsa(s) de cuerda para barranquismo &#8211; Una bolsa de cuerda impermeable y drenable hace que sea f\u00e1cil y c\u00f3modo transportar tus cuerdas a la vez que te permite escalar, nadar y explorar de forma segura con las manos libres.<\/p>\n<p>Dispositivo de descenso &#8211; un sistema de aseguramiento de descenso es otra caracter\u00edstica de seguridad importante. Se utiliza como freno de erosi\u00f3n para ayudarle a afrontar de forma segura y eficaz su ca\u00edda cuando practica el r\u00e1pel.<\/p>\n<p>Arn\u00e9s de escalada: para el descenso en r\u00e1pel o la escalada, este sistema de aseguramiento se utiliza de forma sistem\u00e1tica y est\u00e1 unido a una cuerda.<\/p>\n<p>Contenedor impermeable con kit de tratamiento de emergencia &#8211; para la unidad de ayuda m\u00e9dica, el tel\u00e9fono y otros art\u00edculos b\u00e1sicos de seguridad que caben en su saco de cuerda para barrancos.<\/p>\n<p>Cuchillo-para todas las expediciones de barranquismo, un cuchillo de barranquismo seguro para el agua es una herramienta de seguridad imprescindible.<\/p>\n<p>Eslingas, mosquetones y aseguramiento &#8211; conozca los dispositivos de aseguramiento y seguridad que necesitar\u00e1 para su barranco y tenga siempre algunas eslingas y mosquetones adicionales.<\/p>\n<h3>\u00bfDestinos famosos del barranquismo en Francia?<\/h3>\n<p>Cada verano, la gente est\u00e1 deseando probar nuevas actividades acu\u00e1ticas como el rafting, el pirag\u00fcismo y el remo. El barranquismo se ha convertido en una actividad imprescindible entre ellos. El barranquismo es una forma estupenda de pasar tiempo con la familia o los amigos mientras se divierten. Si nunca ha hecho barranquismo y no tiene el equipo necesario, le recomendamos que programe una excursi\u00f3n guiada de barranquismo.<\/p>\n<p>De todos modos, si est\u00e1 en Francia, hay varios destionamientos de barranquismo populares para elegir:<\/p>\n<p><strong>Gargantas de Besorgues y Gargantas de Borne (Ard\u00e8che)<\/strong><\/p>\n<p>La Ard\u00e8che, y en particular el Parque Natural Regional de los Montes de Ard\u00e8che, es un lugar incre\u00edble para una primera experiencia de barranquismo. Esta antigua zona volc\u00e1nica le encantar\u00e1 por su m\u00e1gico paisaje. Ambos ca\u00f1ones son f\u00e1ciles de recorrer y perfectos para las familias, ya que son muy adecuados para los principiantes.<\/p>\n<p><strong>Garganta de Furon y Garganta de Ecouges (Vercors)<\/strong><\/p>\n<p>El desfiladero de Furon y el desfiladero de Ecouges son dos ca\u00f1ones de renombre en esta zona natural, a los que se puede llegar f\u00e1cilmente desde Lyon, Grenoble o Ginebra y que son uno de los destinos m\u00e1s populares para el barranquismo. Especialmente para los principiantes, son perfectamente adecuados.<\/p>\n<p><strong>Las gargantas del Piton des Neiges (Isla de la Reuni\u00f3n)<\/strong><\/p>\n<p>En esta hermosa isla se puede descubrir una gran variedad de impresionantes desfiladeros, especialmente en el centro, hacia el Piton des Neiges. Una vez m\u00e1s, los desfiladeros de la isla de la Reuni\u00f3n son desfiladeros f\u00e1ciles, muy adecuados para los principiantes.<\/p>\n<p><strong>Canyon de Llech, Canyon du Taurinya y Canyon du Cady: Pirineos.<\/strong><\/p>\n<p>Los Pirineos son populares por sus pistas de esqu\u00ed, pero los aficionados al barranquismo tambi\u00e9n acuden a ellos. El Llech es sin duda uno de los recorridos de barranquismo m\u00e1s emocionantes de Francia. Toboganes de agua, descensos emocionantes, un panorama \u00fanico. Sin embargo, a los adictos al barranquismo les gustar\u00e1 el desfiladero de Taurinya, apropiado para un nivel de dificultad intermedio.<\/p>\n<p><strong>Las Gargantas del Verdon<\/strong><\/p>\n<p>El Verdon, conocido por sus gargantas, es un lugar ideal para hacer barranquismo en Francia. Sus exuberantes paisajes y su mar azul intenso son el s\u00edmbolo del territorio y no dejan de sorprender. A los aficionados al barranquismo les encanta aprovechar las gargantas del Verdon, una de las m\u00e1s profundas de Europa, para explorar caminos incre\u00edbles. Los pasajes de barranquismo est\u00e1n tallados en la piedra caliza por la madre naturaleza. Las gargantas del Verdon son perfectas para todos los niveles, tanto para los expertos como para los principiantes.<\/p>\n<p>El barranquismo es una actividad cada vez m\u00e1s popular en Francia. Experimente este viaje aventurero lleno de sensaciones intensas y momentos incre\u00edbles garantizados por su cuenta o en una excursi\u00f3n guiada con profesionales.<\/p>\n<p>[\/vc_column_text][\/vc_column][\/vc_row]<\/p>\n<\/div>","protected":false},"excerpt":{"rendered":"<p>[vc_row][vc_column][\/vc_column][vc_column][\/vc_column][vc_column][vc_column_text] Sobre el barranquismo \u00bfQu\u00e9 es una experiencia de barranquismo ? El barranquismo es uno de los deportes de aventura que m\u00e1s r\u00e1pidamente se est\u00e1 desarrollando en el planeta y es una verdadera emoci\u00f3n. El barranquismo ha pasado en pocos a\u00f1os de ser una actividad poco com\u00fan en verano a serlo durante todo el a\u00f1o. [&hellip;]<\/p>\n","protected":false},"author":2,"featured_media":33542,"parent":0,"menu_order":0,"comment_status":"closed","ping_status":"closed","template":"template-home-modern.php","meta":{"_acf_changed":false,"footnotes":""},"class_list":["post-83980","page","type-page","status-publish","has-post-thumbnail","hentry"],"acf":[],"yoast_head":"<!-- This site is optimized with the Yoast SEO plugin v27.6 - https:\/\/yoast.com\/product\/yoast-seo-wordpress\/ -->\n<title>Canyoning Experience<\/title>\n<meta name=\"description\" content=\"Canyoning Experience French Riviera | Riviera Bar Crawl Tours\" \/>\n<meta name=\"robots\" content=\"index, follow, max-snippet:-1, max-image-preview:large, max-video-preview:-1\" \/>\n<link rel=\"canonical\" href=\"https:\/\/rivierabarcrawltours.com\/es\/esperienza-di-canyoning\/\" \/>\n<meta property=\"og:locale\" content=\"es_ES\" \/>\n<meta property=\"og:type\" content=\"article\" \/>\n<meta property=\"og:title\" content=\"Canyoning Experience\" \/>\n<meta property=\"og:description\" content=\"Canyoning Experience French Riviera | Riviera Bar Crawl Tours\" \/>\n<meta property=\"og:url\" content=\"https:\/\/rivierabarcrawltours.com\/es\/esperienza-di-canyoning\/\" \/>\n<meta property=\"og:site_name\" content=\"Riviera Bar Crawl Tours\" \/>\n<meta property=\"article:publisher\" content=\"https:\/\/www.facebook.com\/RivieraBarCrawltours\/\" \/>\n<meta property=\"article:modified_time\" content=\"2021-12-16T08:40:06+00:00\" \/>\n<meta name=\"twitter:card\" content=\"summary_large_image\" \/>\n<meta name=\"twitter:image\" content=\"https:\/\/rivierabarcrawltours.com\/wp-content\/uploads\/2018\/11\/nice-cote-azur-canyoning.jpg\" \/>\n<meta name=\"twitter:site\" content=\"@rivierabarcrawl\" \/>\n<meta name=\"twitter:label1\" content=\"Tiempo de lectura\" \/>\n\t<meta name=\"twitter:data1\" content=\"9 minutos\" \/>\n<!-- \/ Yoast SEO plugin. -->","yoast_head_json":{"title":"Canyoning Experience","description":"Canyoning Experience French Riviera | Riviera Bar Crawl Tours","robots":{"index":"index","follow":"follow","max-snippet":"max-snippet:-1","max-image-preview":"max-image-preview:large","max-video-preview":"max-video-preview:-1"},"canonical":"https:\/\/rivierabarcrawltours.com\/es\/esperienza-di-canyoning\/","og_locale":"es_ES","og_type":"article","og_title":"Canyoning Experience","og_description":"Canyoning Experience French Riviera | Riviera Bar Crawl Tours","og_url":"https:\/\/rivierabarcrawltours.com\/es\/esperienza-di-canyoning\/","og_site_name":"Riviera Bar Crawl Tours","article_publisher":"https:\/\/www.facebook.com\/RivieraBarCrawltours\/","article_modified_time":"2021-12-16T08:40:06+00:00","twitter_card":"summary_large_image","twitter_image":"https:\/\/rivierabarcrawltours.com\/wp-content\/uploads\/2018\/11\/nice-cote-azur-canyoning.jpg","twitter_site":"@rivierabarcrawl","twitter_misc":{"Tiempo de lectura":"9 minutos"},"schema":{"@context":"https:\/\/schema.org","@graph":[{"@type":"WebPage","@id":"https:\/\/rivierabarcrawltours.com\/es\/esperienza-di-canyoning\/","url":"https:\/\/rivierabarcrawltours.com\/es\/esperienza-di-canyoning\/","name":"Canyoning Experience","isPartOf":{"@id":"https:\/\/rivierabarcrawltours.com\/#website"},"primaryImageOfPage":{"@id":"https:\/\/rivierabarcrawltours.com\/es\/esperienza-di-canyoning\/#primaryimage"},"image":{"@id":"https:\/\/rivierabarcrawltours.com\/es\/esperienza-di-canyoning\/#primaryimage"},"thumbnailUrl":"https:\/\/rivierabarcrawltours.com\/wp-content\/uploads\/2018\/11\/nice-cote-azur-canyoning.jpg","datePublished":"2021-12-15T17:39:54+00:00","dateModified":"2021-12-16T08:40:06+00:00","description":"Canyoning Experience French Riviera | Riviera Bar Crawl Tours","breadcrumb":{"@id":"https:\/\/rivierabarcrawltours.com\/es\/esperienza-di-canyoning\/#breadcrumb"},"inLanguage":"es","potentialAction":[{"@type":"ReadAction","target":["https:\/\/rivierabarcrawltours.com\/es\/esperienza-di-canyoning\/"]}]},{"@type":"ImageObject","inLanguage":"es","@id":"https:\/\/rivierabarcrawltours.com\/es\/esperienza-di-canyoning\/#primaryimage","url":"https:\/\/rivierabarcrawltours.com\/wp-content\/uploads\/2018\/11\/nice-cote-azur-canyoning.jpg","contentUrl":"https:\/\/rivierabarcrawltours.com\/wp-content\/uploads\/2018\/11\/nice-cote-azur-canyoning.jpg","width":1920,"height":1080,"caption":"nice-cote-azur-canyoning"},{"@type":"BreadcrumbList","@id":"https:\/\/rivierabarcrawltours.com\/es\/esperienza-di-canyoning\/#breadcrumb","itemListElement":[{"@type":"ListItem","position":1,"name":"Home","item":"https:\/\/rivierabarcrawltours.com\/es\/"},{"@type":"ListItem","position":2,"name":"Esperienza di canyoning"}]},{"@type":"WebSite","@id":"https:\/\/rivierabarcrawltours.com\/#website","url":"https:\/\/rivierabarcrawltours.com\/","name":"Riviera Bar Crawl Tours","description":"Fun Day &amp; Night Experiences I Tour operator I Guided Tours I Bar Crawls I Food Tours I","publisher":{"@id":"https:\/\/rivierabarcrawltours.com\/#organization"},"potentialAction":[{"@type":"SearchAction","target":{"@type":"EntryPoint","urlTemplate":"https:\/\/rivierabarcrawltours.com\/?s={search_term_string}"},"query-input":{"@type":"PropertyValueSpecification","valueRequired":true,"valueName":"search_term_string"}}],"inLanguage":"es"},{"@type":"Organization","@id":"https:\/\/rivierabarcrawltours.com\/#organization","name":"Riviera Bar Crawl Tours","url":"https:\/\/rivierabarcrawltours.com\/","logo":{"@type":"ImageObject","inLanguage":"es","@id":"https:\/\/rivierabarcrawltours.com\/#\/schema\/logo\/image\/","url":"https:\/\/rivierabarcrawltours.com\/wp-content\/uploads\/2019\/07\/logo.png","contentUrl":"https:\/\/rivierabarcrawltours.com\/wp-content\/uploads\/2019\/07\/logo.png","width":479,"height":453,"caption":"Riviera Bar Crawl Tours"},"image":{"@id":"https:\/\/rivierabarcrawltours.com\/#\/schema\/logo\/image\/"},"sameAs":["https:\/\/www.facebook.com\/RivieraBarCrawltours\/","https:\/\/x.com\/rivierabarcrawl"]}]}},"_links":{"self":[{"href":"https:\/\/rivierabarcrawltours.com\/es\/wp-json\/wp\/v2\/pages\/83980","targetHints":{"allow":["GET"]}}],"collection":[{"href":"https:\/\/rivierabarcrawltours.com\/es\/wp-json\/wp\/v2\/pages"}],"about":[{"href":"https:\/\/rivierabarcrawltours.com\/es\/wp-json\/wp\/v2\/types\/page"}],"author":[{"embeddable":true,"href":"https:\/\/rivierabarcrawltours.com\/es\/wp-json\/wp\/v2\/users\/2"}],"replies":[{"embeddable":true,"href":"https:\/\/rivierabarcrawltours.com\/es\/wp-json\/wp\/v2\/comments?post=83980"}],"version-history":[{"count":6,"href":"https:\/\/rivierabarcrawltours.com\/es\/wp-json\/wp\/v2\/pages\/83980\/revisions"}],"predecessor-version":[{"id":84249,"href":"https:\/\/rivierabarcrawltours.com\/es\/wp-json\/wp\/v2\/pages\/83980\/revisions\/84249"}],"wp:featuredmedia":[{"embeddable":true,"href":"https:\/\/rivierabarcrawltours.com\/es\/wp-json\/wp\/v2\/media\/33542"}],"wp:attachment":[{"href":"https:\/\/rivierabarcrawltours.com\/es\/wp-json\/wp\/v2\/media?parent=83980"}],"curies":[{"name":"wp","href":"https:\/\/api.w.org\/{rel}","templated":true}]}}