{"id":70944,"date":"2021-03-01T16:30:19","date_gmt":"2021-03-01T15:30:19","guid":{"rendered":"https:\/\/rivierabarcrawltours.com\/partners-de-ressellers-riviera-bar-crawl-tours\/"},"modified":"2026-01-09T12:52:16","modified_gmt":"2026-01-09T11:52:16","slug":"partners-de-ressellers-riviera-bar-crawl-tours","status":"publish","type":"page","link":"https:\/\/rivierabarcrawltours.com\/es\/partners-de-ressellers-riviera-bar-crawl-tours\/","title":{"rendered":"Programa de Afiliaci\u00f3n"},"content":{"rendered":"<h1 data-path-to-node=\"3\"><strong>\ud83d\ude80 Programa de Afiliaci\u00f3n de Riviera Bar Crawl &amp; Tours: Convierte los clics en dinero<\/strong><\/h1>\n<h3 data-path-to-node=\"4\"><strong>As\u00f3ciate con los mejores expertos en viajes de Europa y aumenta tus ingresos<\/strong><\/h3>\n<p data-path-to-node=\"5\">\u00bfDiriges un blog de viajes, un sitio web o una plataforma social de \u00e9xito? Transforma tu pasi\u00f3n por los viajes y la vida nocturna en un lucrativo flujo de ingresos pasivos asoci\u00e1ndote con Riviera Bar Crawl &amp; Tours. <\/p>\n<p data-path-to-node=\"6\">Ofrecemos experiencias inolvidables y altamente valoradas en <b>m\u00e1s de 10 vibrantes ciudades europeas, desde<\/b>la Riviera Francesa hasta Par\u00eds Y ahora en <b style=\"font-family: Raleway, sans-serif;\">los principales destinos de fiesta de todo el mundo <\/b> Ofrecea tu p\u00fablico los mejores momentos de viaje, y recibe un buen sueldo por ello.<\/p>\n<h3 data-path-to-node=\"8\"><b>\ud83d\udcb0 \u00bfPor qu\u00e9 asociarse con nosotros? Ganancias atractivas y sencillas <\/b><\/h3>\n<ul data-path-to-node=\"9\">\n<li>\n<p data-path-to-node=\"9,0,0\"><b>Comisiones competitivas:<\/b> Gana una comisi\u00f3n generosa y claramente definida por cada reserva confirmada realizada a trav\u00e9s de tu plataforma.<\/p>\n<\/li>\n<li>\n<p data-path-to-node=\"9,1,0\"><b>Pagos sin complicaciones:<\/b> Recibe <b>pagos mensuales<\/b>fiables y puntuales <b>: sin<\/b>comisiones ocultas, sin confusiones, s\u00f3lo ingresos claros y constantes.<\/p>\n<\/li>\n<li>\n<p data-path-to-node=\"9,2,0\"><b>Unirse es GRATIS:<\/b> Empieza a ganar hoy mismo <b>sin cuotas de inscripci\u00f3n<\/b> ni compromisos a largo plazo.<\/p>\n<\/li>\n<\/ul>\n<h3 data-path-to-node=\"10\"><b>\u2728 Integraci\u00f3n perfecta y asistencia inigualable<\/b><\/h3>\n<p data-path-to-node=\"11\">Hacemos que la configuraci\u00f3n no te suponga ning\u00fan esfuerzo, para que puedas centrarte en crear grandes contenidos.<\/p>\n<ul data-path-to-node=\"12\">\n<li>\n<p data-path-to-node=\"12,0,0\"><b>Configuraci\u00f3n por ti:<\/b> Nuestro equipo especializado puede encargarse de <b>toda la integraci\u00f3n del widget<\/b> en tu sitio web, garantizando una configuraci\u00f3n fluida, bonita y sin esfuerzo.<\/p>\n<\/li>\n<li>\n<p data-path-to-node=\"12,1,0\"><b>Personalizados para tu marca:<\/b> Elige entre una selecci\u00f3n de atractivos widgets que se integran de forma natural con la est\u00e9tica de tu sitio, preservando la armon\u00eda de tu contenido.<\/p>\n<\/li>\n<li>\n<p data-path-to-node=\"12,2,0\"><b>Optimizaci\u00f3n personalizada:<\/b> Recibe asesoramiento personalizado y estrategias probadas de nuestros expertos para optimizar la colocaci\u00f3n de los widgets, <b>aumentando<\/b> significativamente <b>tus tasas de conversi\u00f3n<\/b> y maximizando tus beneficios.<\/p>\n<\/li>\n<\/ul>\n<h3 data-path-to-node=\"13\"><b>\ud83d\udcc8 Desbloquea el Crecimiento y la Transparencia<\/b><\/h3>\n<ul data-path-to-node=\"14\">\n<li>\n<p data-path-to-node=\"14,0,0\"><b>Alto \u00edndice de conversi\u00f3n:<\/b> Promociona recorridos muy recomendados y demandados (\u00a1consulta nuestras rese\u00f1as de TripAdvisor!) que a tu p\u00fablico le encantar\u00e1n de verdad, lo que conducir\u00e1 a una mayor tasa de conversi\u00f3n de reservas.<\/p>\n<\/li>\n<li>\n<p data-path-to-node=\"14,1,0\"><b>Soporte t\u00e9cnico dedicado:<\/b> Nuestro equipo t\u00e9cnico simplifica todo el proceso, haciendo que la integraci\u00f3n y el mantenimiento sean pan comido.<\/p>\n<\/li>\n<li>\n<p data-path-to-node=\"14,2,0\"><b>Claridad total:<\/b> Disfruta de una transparencia total en los informes y las ganancias. Siempre sabr\u00e1s exactamente lo que has ganado. <\/p>\n<\/li>\n<\/ul>\n<h3 data-path-to-node=\"16\"><b>\u00bfPreparado para elevar tus ingresos?<\/b><\/h3>\n<p data-path-to-node=\"17\">No dejes dinero sobre la mesa. \u00a1\u00danete ahora al <b>Programa de Afiliaci\u00f3n de Riviera Bar Crawl &amp; Tours<\/b> y empieza a generar ingresos conectando a tus visitantes con las mejores experiencias de ocio nocturno de Europa! <\/p>\n","protected":false},"excerpt":{"rendered":"<p>\ud83d\ude80 Programa de Afiliaci\u00f3n de Riviera Bar Crawl &amp; Tours: Convierte los clics en dinero As\u00f3ciate con los mejores expertos en viajes de Europa y aumenta tus ingresos \u00bfDiriges un blog de viajes, un sitio web o una plataforma social de \u00e9xito? Transforma tu pasi\u00f3n por los viajes y la vida nocturna en un lucrativo [&hellip;]<\/p>\n","protected":false},"author":2,"featured_media":111564,"parent":0,"menu_order":0,"comment_status":"closed","ping_status":"closed","template":"template-home-modern.php","meta":{"_acf_changed":false,"footnotes":""},"class_list":["post-70944","page","type-page","status-publish","has-post-thumbnail","hentry"],"acf":[],"yoast_head":"<!-- This site is optimized with the Yoast SEO plugin v27.3 - https:\/\/yoast.com\/product\/yoast-seo-wordpress\/ -->\n<title>Programa de Afiliados - Riviera Bar Crawl Tours<\/title>\n<meta name=\"description\" content=\"Gana hasta un 20% de comisi\u00f3n promocionando los mejores Bar Crawls y tours por Europa con Riviera Bar Crawl &amp; Tours\" \/>\n<meta name=\"robots\" content=\"index, follow, max-snippet:-1, max-image-preview:large, max-video-preview:-1\" \/>\n<link rel=\"canonical\" href=\"https:\/\/rivierabarcrawltours.com\/es\/partners-de-ressellers-riviera-bar-crawl-tours\/\" \/>\n<meta property=\"og:locale\" content=\"es_ES\" \/>\n<meta property=\"og:type\" content=\"article\" \/>\n<meta property=\"og:title\" content=\"Programa de Afiliados - Riviera Bar Crawl Tours\" \/>\n<meta property=\"og:description\" content=\"Gana hasta un 20% de comisi\u00f3n promocionando los mejores Bar Crawls y tours por Europa con Riviera Bar Crawl &amp; Tours\" \/>\n<meta property=\"og:url\" content=\"https:\/\/rivierabarcrawltours.com\/es\/partners-de-ressellers-riviera-bar-crawl-tours\/\" \/>\n<meta property=\"og:site_name\" content=\"Riviera Bar Crawl Tours\" \/>\n<meta property=\"article:publisher\" content=\"https:\/\/www.facebook.com\/RivieraBarCrawltours\/\" \/>\n<meta property=\"article:modified_time\" content=\"2026-01-09T11:52:16+00:00\" \/>\n<meta property=\"og:image\" content=\"https:\/\/rivierabarcrawltours.com\/wp-content\/uploads\/2024\/02\/faq-Riviera-bar-crawl-tours.jpg\" \/>\n\t<meta property=\"og:image:width\" content=\"1920\" \/>\n\t<meta property=\"og:image:height\" content=\"1080\" \/>\n\t<meta property=\"og:image:type\" content=\"image\/jpeg\" \/>\n<meta name=\"twitter:card\" content=\"summary_large_image\" \/>\n<meta name=\"twitter:site\" content=\"@rivierabarcrawl\" \/>\n<meta name=\"twitter:label1\" content=\"Tiempo de lectura\" \/>\n\t<meta name=\"twitter:data1\" content=\"2 minutos\" \/>\n<!-- \/ Yoast SEO plugin. -->","yoast_head_json":{"title":"Programa de Afiliados - Riviera Bar Crawl Tours","description":"Gana hasta un 20% de comisi\u00f3n promocionando los mejores Bar Crawls y tours por Europa con Riviera Bar Crawl & Tours","robots":{"index":"index","follow":"follow","max-snippet":"max-snippet:-1","max-image-preview":"max-image-preview:large","max-video-preview":"max-video-preview:-1"},"canonical":"https:\/\/rivierabarcrawltours.com\/es\/partners-de-ressellers-riviera-bar-crawl-tours\/","og_locale":"es_ES","og_type":"article","og_title":"Programa de Afiliados - Riviera Bar Crawl Tours","og_description":"Gana hasta un 20% de comisi\u00f3n promocionando los mejores Bar Crawls y tours por Europa con Riviera Bar Crawl & Tours","og_url":"https:\/\/rivierabarcrawltours.com\/es\/partners-de-ressellers-riviera-bar-crawl-tours\/","og_site_name":"Riviera Bar Crawl Tours","article_publisher":"https:\/\/www.facebook.com\/RivieraBarCrawltours\/","article_modified_time":"2026-01-09T11:52:16+00:00","og_image":[{"width":1920,"height":1080,"url":"https:\/\/rivierabarcrawltours.com\/wp-content\/uploads\/2024\/02\/faq-Riviera-bar-crawl-tours.jpg","type":"image\/jpeg"}],"twitter_card":"summary_large_image","twitter_site":"@rivierabarcrawl","twitter_misc":{"Tiempo de lectura":"2 minutos"},"schema":{"@context":"https:\/\/schema.org","@graph":[{"@type":"WebPage","@id":"https:\/\/rivierabarcrawltours.com\/es\/partners-de-ressellers-riviera-bar-crawl-tours\/","url":"https:\/\/rivierabarcrawltours.com\/es\/partners-de-ressellers-riviera-bar-crawl-tours\/","name":"Programa de Afiliados - Riviera Bar Crawl Tours","isPartOf":{"@id":"https:\/\/rivierabarcrawltours.com\/#website"},"primaryImageOfPage":{"@id":"https:\/\/rivierabarcrawltours.com\/es\/partners-de-ressellers-riviera-bar-crawl-tours\/#primaryimage"},"image":{"@id":"https:\/\/rivierabarcrawltours.com\/es\/partners-de-ressellers-riviera-bar-crawl-tours\/#primaryimage"},"thumbnailUrl":"https:\/\/rivierabarcrawltours.com\/wp-content\/uploads\/2024\/02\/faq-Riviera-bar-crawl-tours.jpg","datePublished":"2021-03-01T15:30:19+00:00","dateModified":"2026-01-09T11:52:16+00:00","description":"Gana hasta un 20% de comisi\u00f3n promocionando los mejores Bar Crawls y tours por Europa con Riviera Bar Crawl & Tours","breadcrumb":{"@id":"https:\/\/rivierabarcrawltours.com\/es\/partners-de-ressellers-riviera-bar-crawl-tours\/#breadcrumb"},"inLanguage":"es","potentialAction":[{"@type":"ReadAction","target":["https:\/\/rivierabarcrawltours.com\/es\/partners-de-ressellers-riviera-bar-crawl-tours\/"]}]},{"@type":"ImageObject","inLanguage":"es","@id":"https:\/\/rivierabarcrawltours.com\/es\/partners-de-ressellers-riviera-bar-crawl-tours\/#primaryimage","url":"https:\/\/rivierabarcrawltours.com\/wp-content\/uploads\/2024\/02\/faq-Riviera-bar-crawl-tours.jpg","contentUrl":"https:\/\/rivierabarcrawltours.com\/wp-content\/uploads\/2024\/02\/faq-Riviera-bar-crawl-tours.jpg","width":1920,"height":1080},{"@type":"BreadcrumbList","@id":"https:\/\/rivierabarcrawltours.com\/es\/partners-de-ressellers-riviera-bar-crawl-tours\/#breadcrumb","itemListElement":[{"@type":"ListItem","position":1,"name":"Home","item":"https:\/\/rivierabarcrawltours.com\/es\/"},{"@type":"ListItem","position":2,"name":"Programa de Afiliaci\u00f3n"}]},{"@type":"WebSite","@id":"https:\/\/rivierabarcrawltours.com\/#website","url":"https:\/\/rivierabarcrawltours.com\/","name":"Riviera Bar Crawl Tours","description":"Fun Day &amp; Night Experiences I Tour operator I Guided Tours I Bar Crawls I Food Tours I","publisher":{"@id":"https:\/\/rivierabarcrawltours.com\/#organization"},"potentialAction":[{"@type":"SearchAction","target":{"@type":"EntryPoint","urlTemplate":"https:\/\/rivierabarcrawltours.com\/?s={search_term_string}"},"query-input":{"@type":"PropertyValueSpecification","valueRequired":true,"valueName":"search_term_string"}}],"inLanguage":"es"},{"@type":"Organization","@id":"https:\/\/rivierabarcrawltours.com\/#organization","name":"Riviera Bar Crawl Tours","url":"https:\/\/rivierabarcrawltours.com\/","logo":{"@type":"ImageObject","inLanguage":"es","@id":"https:\/\/rivierabarcrawltours.com\/#\/schema\/logo\/image\/","url":"https:\/\/rivierabarcrawltours.com\/wp-content\/uploads\/2019\/07\/logo.png","contentUrl":"https:\/\/rivierabarcrawltours.com\/wp-content\/uploads\/2019\/07\/logo.png","width":479,"height":453,"caption":"Riviera Bar Crawl Tours"},"image":{"@id":"https:\/\/rivierabarcrawltours.com\/#\/schema\/logo\/image\/"},"sameAs":["https:\/\/www.facebook.com\/RivieraBarCrawltours\/","https:\/\/x.com\/rivierabarcrawl"]}]}},"_links":{"self":[{"href":"https:\/\/rivierabarcrawltours.com\/es\/wp-json\/wp\/v2\/pages\/70944","targetHints":{"allow":["GET"]}}],"collection":[{"href":"https:\/\/rivierabarcrawltours.com\/es\/wp-json\/wp\/v2\/pages"}],"about":[{"href":"https:\/\/rivierabarcrawltours.com\/es\/wp-json\/wp\/v2\/types\/page"}],"author":[{"embeddable":true,"href":"https:\/\/rivierabarcrawltours.com\/es\/wp-json\/wp\/v2\/users\/2"}],"replies":[{"embeddable":true,"href":"https:\/\/rivierabarcrawltours.com\/es\/wp-json\/wp\/v2\/comments?post=70944"}],"version-history":[{"count":3,"href":"https:\/\/rivierabarcrawltours.com\/es\/wp-json\/wp\/v2\/pages\/70944\/revisions"}],"predecessor-version":[{"id":122371,"href":"https:\/\/rivierabarcrawltours.com\/es\/wp-json\/wp\/v2\/pages\/70944\/revisions\/122371"}],"wp:featuredmedia":[{"embeddable":true,"href":"https:\/\/rivierabarcrawltours.com\/es\/wp-json\/wp\/v2\/media\/111564"}],"wp:attachment":[{"href":"https:\/\/rivierabarcrawltours.com\/es\/wp-json\/wp\/v2\/media?parent=70944"}],"curies":[{"name":"wp","href":"https:\/\/api.w.org\/{rel}","templated":true}]}}