{"id":70858,"date":"2021-03-01T14:12:33","date_gmt":"2021-03-01T13:12:33","guid":{"rendered":"https:\/\/rivierabarcrawltours.com\/politica-de-cookies-de-riviera-bar-crawl\/"},"modified":"2026-02-16T14:04:57","modified_gmt":"2026-02-16T13:04:57","slug":"politica-de-cookies-de-riviera-bar-crawl","status":"publish","type":"page","link":"https:\/\/rivierabarcrawltours.com\/es\/politica-de-cookies-de-riviera-bar-crawl\/","title":{"rendered":"Pol\u00edtica de cookies de Riviera Bar Crawl"},"content":{"rendered":"<div class=\"wpb-content-wrapper\"><p>[vc_row][vc_column][vc_column_text css=\u00bb\u00bb]<span style=\"font-weight: 400;\">POL\u00cdTICA DE COOKIES DE RIVIERA BAR CRAWL TOURS<\/span><\/p>\n<p><span style=\"font-weight: 400;\">Fecha de entrada en vigor: 02\/12\/2025<\/span><\/p>\n<p><span style=\"font-weight: 400;\">Bienvenido a rivierabarcrawltours.com. Esta Pol\u00edtica de Cookies explica qu\u00e9 son las cookies y tecnolog\u00edas similares, c\u00f3mo las utilizamos y cu\u00e1les son sus opciones al respecto.<\/span><\/p>\n<ol>\n<li style=\"font-weight: 400;\" aria-level=\"1\"><span style=\"font-weight: 400;\">\u00bfQU\u00c9 ES UNA COOKIE?<\/span><\/li>\n<\/ol>\n<p><span style=\"font-weight: 400;\">Una cookie es un peque\u00f1o archivo de texto que se almacena en su ordenador o dispositivo m\u00f3vil cuando visita un sitio web. Las cookies se utilizan ampliamente para permitir que los sitios web funcionen de manera m\u00e1s eficiente, as\u00ed como para proporcionar informaci\u00f3n a los propietarios del sitio.<\/span><\/p>\n<p><span style=\"font-weight: 400;\">Para rivierabarcrawltours.com, nos permiten recordar sus acciones y preferencias (como el inicio de sesi\u00f3n, el idioma, la moneda, etc.) para que no tenga que volver a introducirlas cuando regrese al sitio o navegue entre p\u00e1ginas.<\/span><\/p>\n<ol>\n<li style=\"font-weight: 400;\" aria-level=\"1\"><span style=\"font-weight: 400;\">C\u00d3MO UTILIZAMOS LAS COOKIES<\/span><\/li>\n<\/ol>\n<p><span style=\"font-weight: 400;\">Utilizamos cookies y otras tecnolog\u00edas de seguimiento por las siguientes razones:<\/span><\/p>\n<ul>\n<li style=\"font-weight: 400;\" aria-level=\"1\"><span style=\"font-weight: 400;\">Garantizar el correcto funcionamiento del sitio web y la seguridad de sus transacciones (ej.: proceso de reserva y pago).<\/span><\/li>\n<li style=\"font-weight: 400;\" aria-level=\"1\"><span style=\"font-weight: 400;\">Analizar c\u00f3mo se utiliza el sitio (medici\u00f3n de audiencia y rendimiento).<\/span><\/li>\n<li style=\"font-weight: 400;\" aria-level=\"1\"><span style=\"font-weight: 400;\">Mejorar su experiencia de usuario memorizando sus preferencias.<\/span><\/li>\n<li style=\"font-weight: 400;\" aria-level=\"1\"><span style=\"font-weight: 400;\">Proponerle publicidad dirigida y ofertas relevantes para nuestros tours y eventos.<\/span><\/li>\n<\/ul>\n<ol>\n<li style=\"font-weight: 400;\" aria-level=\"1\"><span style=\"font-weight: 400;\">TIPOS DE COOKIES UTILIZADAS<\/span><\/li>\n<\/ol>\n<p><span style=\"font-weight: 400;\">Clasificamos las cookies utilizadas en nuestro sitio en las siguientes categor\u00edas:<\/span><\/p>\n<ol>\n<li><span style=\"font-weight: 400;\"> Cookies estrictamente necesarias (Esenciales) Descripci\u00f3n: Estas cookies son indispensables para el funcionamiento b\u00e1sico del sitio web y no se pueden desactivar. Permiten funcionalidades como el acceso al espacio personal, la gesti\u00f3n del carrito de reserva y la seguridad. No requieren su consentimiento. Ejemplo: Mantener su sesi\u00f3n activa, registrar los productos en su carrito, garantizar la seguridad del pago.<\/span><\/li>\n<li><span style=\"font-weight: 400;\"> Cookies de Rendimiento y An\u00e1lisis Descripci\u00f3n: Estas cookies nos ayudan a comprender c\u00f3mo interact\u00faan los visitantes con nuestro sitio recopilando informaci\u00f3n de forma an\u00f3nima. Nos permiten medir el n\u00famero de visitantes, las p\u00e1ginas m\u00e1s visitadas e identificar errores. (Requieren su consentimiento) Ejemplo: Google Analytics (para el seguimiento del tr\u00e1fico), tasa de conversi\u00f3n de las p\u00e1ginas de reserva.<\/span><\/li>\n<li><span style=\"font-weight: 400;\"> Cookies de Funcionalidad Descripci\u00f3n: Estas cookies permiten al sitio recordar las elecciones que realiza (como su nombre de usuario, el idioma o la regi\u00f3n) para ofrecerle funcionalidades mejoradas y m\u00e1s personales. (Requieren su consentimiento) Ejemplo: Recordar el idioma seleccionado, recordar sus preferencias de moneda para los precios de los tours.<\/span><\/li>\n<li><span style=\"font-weight: 400;\"> Cookies de Orientaci\u00f3n y Publicitarias Descripci\u00f3n: Estas cookies se utilizan para presentarle publicidad y ofertas m\u00e1s relevantes, tanto en nuestro sitio como en sitios de terceros. Rastrean su navegaci\u00f3n y recopilan informaci\u00f3n para construir un perfil de sus intereses. (Requieren su consentimiento) Ejemplo: Retargeting a trav\u00e9s de Facebook Ads o Google Ads despu\u00e9s de consultar una p\u00e1gina de tour espec\u00edfica.<\/span><\/li>\n<\/ol>\n<p><span style=\"font-weight: 400;\">COOKIES DE TERCEROS Tambi\u00e9n utilizamos servicios de terceros que pueden colocar cookies en nuestro nombre. Estos servicios incluyen en particular: Google Analytics, Plataformas de reserva\/pago y Redes Sociales (a trav\u00e9s de botones para compartir o p\u00edxeles de seguimiento).<\/span><\/p>\n<ol>\n<li style=\"font-weight: 400;\" aria-level=\"1\"><span style=\"font-weight: 400;\">SUS OPCIONES Y GESTI\u00d3N DE COOKIES<\/span><\/li>\n<\/ol>\n<p><span style=\"font-weight: 400;\">A excepci\u00f3n de las cookies estrictamente necesarias, el dep\u00f3sito de cookies requiere su consentimiento previo.<\/span><\/p>\n<ol>\n<li><span style=\"font-weight: 400;\"> Plataforma de Gesti\u00f3n del Consentimiento (CMP) Durante su primera visita a rivierabarcrawltours.com, un banner de consentimiento le permite aceptar o rechazar las cookies por categor\u00eda. Puede modificar o retirar su consentimiento en cualquier momento haciendo clic en el enlace \u00abGestionar cookies\u00bb (generalmente ubicado en el pie de p\u00e1gina del sitio).<\/span><\/li>\n<li><span style=\"font-weight: 400;\"> Configuraci\u00f3n del navegador Puede configurar su navegador para aceptar o rechazar todas las cookies, aceptarlas solo para ciertos sitios o avisarle cuando se coloque una cookie. La desactivaci\u00f3n de las cookies esenciales puede afectar la capacidad de nuestro sitio para funcionar correctamente, especialmente al impedir el proceso de reserva.<\/span><\/li>\n<\/ol>\n<ol>\n<li style=\"font-weight: 400;\" aria-level=\"1\"><span style=\"font-weight: 400;\">MODIFICACIONES DE LA POL\u00cdTICA DE COOKIES<\/span><\/li>\n<\/ol>\n<p><span style=\"font-weight: 400;\">Podremos actualizar esta Pol\u00edtica de Cookies peri\u00f3dicamente para reflejar los cambios en nuestras pr\u00e1cticas en materia de cookies o por otras razones operativas, legales o reglamentarias. La fecha de entrada en vigor en la parte superior de esta p\u00e1gina indica cu\u00e1ndo se actualiz\u00f3 por \u00faltima vez.<\/span><\/p>\n<ol>\n<li style=\"font-weight: 400;\" aria-level=\"1\"><span style=\"font-weight: 400;\">CONTACTO<\/span><\/li>\n<\/ol>\n<p><span style=\"font-weight: 400;\">Si tiene preguntas sobre el uso de cookies en nuestro sitio, cont\u00e1ctenos:<\/span><\/p>\n<p><span style=\"font-weight: 400;\">Riviera Bar Crawl Tours E-mail : info@rivierabarcrawltours.com Direcci\u00f3n Postal : 8 rue chauvain 06000 Nice, France<\/span>[\/vc_column_text][\/vc_column][\/vc_row]<\/p>\n<\/div>","protected":false},"excerpt":{"rendered":"<p>[vc_row][vc_column][vc_column_text css=\u00bb\u00bb]POL\u00cdTICA DE COOKIES DE RIVIERA BAR CRAWL TOURS Fecha de entrada en vigor: 02\/12\/2025 Bienvenido a rivierabarcrawltours.com. Esta Pol\u00edtica de Cookies explica qu\u00e9 son las cookies y tecnolog\u00edas similares, c\u00f3mo las utilizamos y cu\u00e1les son sus opciones al respecto. \u00bfQU\u00c9 ES UNA COOKIE? Una cookie es un peque\u00f1o archivo de texto que se almacena [&hellip;]<\/p>\n","protected":false},"author":2,"featured_media":111564,"parent":0,"menu_order":0,"comment_status":"closed","ping_status":"closed","template":"template-home-modern.php","meta":{"_acf_changed":false,"footnotes":""},"class_list":["post-70858","page","type-page","status-publish","has-post-thumbnail","hentry"],"acf":[],"yoast_head":"<!-- This site is optimized with the Yoast SEO plugin v27.5 - https:\/\/yoast.com\/product\/yoast-seo-wordpress\/ -->\n<title>Pol\u00edtica de cookies de Riviera Bar Crawl | Riviera Bar Crawl Tours<\/title>\n<meta name=\"description\" content=\"Esta es la Pol\u00edtica de Cookies de French Riviera Parties, accesible desde www.rivierabarcrawl.com\" \/>\n<meta name=\"robots\" content=\"index, follow, max-snippet:-1, max-image-preview:large, max-video-preview:-1\" \/>\n<link rel=\"canonical\" href=\"https:\/\/rivierabarcrawltours.com\/es\/politica-de-cookies-de-riviera-bar-crawl\/\" \/>\n<meta property=\"og:locale\" content=\"es_ES\" \/>\n<meta property=\"og:type\" content=\"article\" \/>\n<meta property=\"og:title\" content=\"Pol\u00edtica de cookies de Riviera Bar Crawl | Riviera Bar Crawl Tours\" \/>\n<meta property=\"og:description\" content=\"Esta es la Pol\u00edtica de Cookies de French Riviera Parties, accesible desde www.rivierabarcrawl.com\" \/>\n<meta property=\"og:url\" content=\"https:\/\/rivierabarcrawltours.com\/es\/politica-de-cookies-de-riviera-bar-crawl\/\" \/>\n<meta property=\"og:site_name\" content=\"Riviera Bar Crawl Tours\" \/>\n<meta property=\"article:publisher\" content=\"https:\/\/www.facebook.com\/RivieraBarCrawltours\/\" \/>\n<meta property=\"article:modified_time\" content=\"2026-02-16T13:04:57+00:00\" \/>\n<meta property=\"og:image\" content=\"https:\/\/rivierabarcrawltours.com\/wp-content\/uploads\/2024\/02\/faq-Riviera-bar-crawl-tours.jpg\" \/>\n\t<meta property=\"og:image:width\" content=\"1920\" \/>\n\t<meta property=\"og:image:height\" content=\"1080\" \/>\n\t<meta property=\"og:image:type\" content=\"image\/jpeg\" \/>\n<meta name=\"twitter:card\" content=\"summary_large_image\" \/>\n<meta name=\"twitter:site\" content=\"@rivierabarcrawl\" \/>\n<meta name=\"twitter:label1\" content=\"Tiempo de lectura\" \/>\n\t<meta name=\"twitter:data1\" content=\"4 minutos\" \/>\n<!-- \/ Yoast SEO plugin. -->","yoast_head_json":{"title":"Pol\u00edtica de cookies de Riviera Bar Crawl | Riviera Bar Crawl Tours","description":"Esta es la Pol\u00edtica de Cookies de French Riviera Parties, accesible desde www.rivierabarcrawl.com","robots":{"index":"index","follow":"follow","max-snippet":"max-snippet:-1","max-image-preview":"max-image-preview:large","max-video-preview":"max-video-preview:-1"},"canonical":"https:\/\/rivierabarcrawltours.com\/es\/politica-de-cookies-de-riviera-bar-crawl\/","og_locale":"es_ES","og_type":"article","og_title":"Pol\u00edtica de cookies de Riviera Bar Crawl | Riviera Bar Crawl Tours","og_description":"Esta es la Pol\u00edtica de Cookies de French Riviera Parties, accesible desde www.rivierabarcrawl.com","og_url":"https:\/\/rivierabarcrawltours.com\/es\/politica-de-cookies-de-riviera-bar-crawl\/","og_site_name":"Riviera Bar Crawl Tours","article_publisher":"https:\/\/www.facebook.com\/RivieraBarCrawltours\/","article_modified_time":"2026-02-16T13:04:57+00:00","og_image":[{"width":1920,"height":1080,"url":"https:\/\/rivierabarcrawltours.com\/wp-content\/uploads\/2024\/02\/faq-Riviera-bar-crawl-tours.jpg","type":"image\/jpeg"}],"twitter_card":"summary_large_image","twitter_site":"@rivierabarcrawl","twitter_misc":{"Tiempo de lectura":"4 minutos"},"schema":{"@context":"https:\/\/schema.org","@graph":[{"@type":"WebPage","@id":"https:\/\/rivierabarcrawltours.com\/es\/politica-de-cookies-de-riviera-bar-crawl\/","url":"https:\/\/rivierabarcrawltours.com\/es\/politica-de-cookies-de-riviera-bar-crawl\/","name":"Pol\u00edtica de cookies de Riviera Bar Crawl | Riviera Bar Crawl Tours","isPartOf":{"@id":"https:\/\/rivierabarcrawltours.com\/#website"},"primaryImageOfPage":{"@id":"https:\/\/rivierabarcrawltours.com\/es\/politica-de-cookies-de-riviera-bar-crawl\/#primaryimage"},"image":{"@id":"https:\/\/rivierabarcrawltours.com\/es\/politica-de-cookies-de-riviera-bar-crawl\/#primaryimage"},"thumbnailUrl":"https:\/\/rivierabarcrawltours.com\/wp-content\/uploads\/2024\/02\/faq-Riviera-bar-crawl-tours.jpg","datePublished":"2021-03-01T13:12:33+00:00","dateModified":"2026-02-16T13:04:57+00:00","description":"Esta es la Pol\u00edtica de Cookies de French Riviera Parties, accesible desde www.rivierabarcrawl.com","breadcrumb":{"@id":"https:\/\/rivierabarcrawltours.com\/es\/politica-de-cookies-de-riviera-bar-crawl\/#breadcrumb"},"inLanguage":"es","potentialAction":[{"@type":"ReadAction","target":["https:\/\/rivierabarcrawltours.com\/es\/politica-de-cookies-de-riviera-bar-crawl\/"]}]},{"@type":"ImageObject","inLanguage":"es","@id":"https:\/\/rivierabarcrawltours.com\/es\/politica-de-cookies-de-riviera-bar-crawl\/#primaryimage","url":"https:\/\/rivierabarcrawltours.com\/wp-content\/uploads\/2024\/02\/faq-Riviera-bar-crawl-tours.jpg","contentUrl":"https:\/\/rivierabarcrawltours.com\/wp-content\/uploads\/2024\/02\/faq-Riviera-bar-crawl-tours.jpg","width":1920,"height":1080},{"@type":"BreadcrumbList","@id":"https:\/\/rivierabarcrawltours.com\/es\/politica-de-cookies-de-riviera-bar-crawl\/#breadcrumb","itemListElement":[{"@type":"ListItem","position":1,"name":"Home","item":"https:\/\/rivierabarcrawltours.com\/es\/"},{"@type":"ListItem","position":2,"name":"Pol\u00edtica de cookies de Riviera Bar Crawl"}]},{"@type":"WebSite","@id":"https:\/\/rivierabarcrawltours.com\/#website","url":"https:\/\/rivierabarcrawltours.com\/","name":"Riviera Bar Crawl Tours","description":"Fun Day &amp; Night Experiences I Tour operator I Guided Tours I Bar Crawls I Food Tours I","publisher":{"@id":"https:\/\/rivierabarcrawltours.com\/#organization"},"potentialAction":[{"@type":"SearchAction","target":{"@type":"EntryPoint","urlTemplate":"https:\/\/rivierabarcrawltours.com\/?s={search_term_string}"},"query-input":{"@type":"PropertyValueSpecification","valueRequired":true,"valueName":"search_term_string"}}],"inLanguage":"es"},{"@type":"Organization","@id":"https:\/\/rivierabarcrawltours.com\/#organization","name":"Riviera Bar Crawl Tours","url":"https:\/\/rivierabarcrawltours.com\/","logo":{"@type":"ImageObject","inLanguage":"es","@id":"https:\/\/rivierabarcrawltours.com\/#\/schema\/logo\/image\/","url":"https:\/\/rivierabarcrawltours.com\/wp-content\/uploads\/2019\/07\/logo.png","contentUrl":"https:\/\/rivierabarcrawltours.com\/wp-content\/uploads\/2019\/07\/logo.png","width":479,"height":453,"caption":"Riviera Bar Crawl Tours"},"image":{"@id":"https:\/\/rivierabarcrawltours.com\/#\/schema\/logo\/image\/"},"sameAs":["https:\/\/www.facebook.com\/RivieraBarCrawltours\/","https:\/\/x.com\/rivierabarcrawl"]}]}},"_links":{"self":[{"href":"https:\/\/rivierabarcrawltours.com\/es\/wp-json\/wp\/v2\/pages\/70858","targetHints":{"allow":["GET"]}}],"collection":[{"href":"https:\/\/rivierabarcrawltours.com\/es\/wp-json\/wp\/v2\/pages"}],"about":[{"href":"https:\/\/rivierabarcrawltours.com\/es\/wp-json\/wp\/v2\/types\/page"}],"author":[{"embeddable":true,"href":"https:\/\/rivierabarcrawltours.com\/es\/wp-json\/wp\/v2\/users\/2"}],"replies":[{"embeddable":true,"href":"https:\/\/rivierabarcrawltours.com\/es\/wp-json\/wp\/v2\/comments?post=70858"}],"version-history":[{"count":2,"href":"https:\/\/rivierabarcrawltours.com\/es\/wp-json\/wp\/v2\/pages\/70858\/revisions"}],"predecessor-version":[{"id":122194,"href":"https:\/\/rivierabarcrawltours.com\/es\/wp-json\/wp\/v2\/pages\/70858\/revisions\/122194"}],"wp:featuredmedia":[{"embeddable":true,"href":"https:\/\/rivierabarcrawltours.com\/es\/wp-json\/wp\/v2\/media\/111564"}],"wp:attachment":[{"href":"https:\/\/rivierabarcrawltours.com\/es\/wp-json\/wp\/v2\/media?parent=70858"}],"curies":[{"name":"wp","href":"https:\/\/api.w.org\/{rel}","templated":true}]}}