{"id":70837,"date":"2021-03-01T11:58:39","date_gmt":"2021-03-01T10:58:39","guid":{"rendered":"https:\/\/rivierabarcrawltours.com\/concepto\/degustacion-de-vino\/"},"modified":"2026-02-17T20:05:48","modified_gmt":"2026-02-17T19:05:48","slug":"degustacion-de-vino","status":"publish","type":"page","link":"https:\/\/rivierabarcrawltours.com\/es\/degustacion-de-vino\/","title":{"rendered":"Cata de vinos"},"content":{"rendered":"<div class=\"wpb-content-wrapper\"><p>[vc_row el_class=\u00bbcity-tours-custom\u00bb css=\u00bb.vc_custom_1624697767930{margin-top: 40px !important;margin-bottom: 20px !important;}\u00bb][vc_column][vc_column_text]<\/p>\n<h2>  Tus catas y rutas del vino<\/h2>\n<p>[\/vc_column_text]<div class='list_tours'>   <div class=\"concept-listings owl-carousel owl-theme\">\n          <div class=\"style_box\">\n                      <div class=\"thumb\">\n               <header class=\"thumb-header st_avatar_fix\">\n                                      <a href=\"https:\/\/rivierabarcrawltours.com\/es\/tour\/degustacion-de-vinos-en-niza\/\" class=\"hover-img\">\n                       <img decoding=\"async\" width=\"260\" height=\"190\" src=\"https:\/\/rivierabarcrawltours.com\/wp-content\/uploads\/2020\/07\/rsz_2unnamed-260x190.jpg\" class=\"attachment-260x190x1 size-260x190x1 wp-post-image\" alt=\"Degustaci\u00f3n de vinos en Niza\" \/>                       <h5 class=\"hover-title hover-hold text-center\">\n                           Degustaci\u00f3n de vinos en Niza                       <\/h5>\n                   <\/a>\n                                  <\/header>\n           <\/div>\n       <\/div>\n   <\/div>\n\n    \n<script type=\"text\/javascript\">\n$(document).ready(function() {\n       $(\".concept-listings\").owlCarousel({\n        margin:20,\n                dots:true,\n        responsiveClass:true,\n        responsive:{\n            0:{\n                items:1,\n                nav:false\n            },\n            600:{\n                items:3,\n                nav:false\n            },\n            1000:{\n                items:4,\n                nav:true\n            }\n        }\n       });\n}); \n\n<\/script>\n\n<style type=\"text\/css\">\n.concept-listings .owl-stage {\n    display: -webkit-box !important;\n    display: -moz-box !important;\n    display: -ms-box !important;\n    display: box !important;\n}\n.concept-listings .owl-dots {\n    margin-top: 10px;\n    text-align: center;\n}\n.concept-listings .owl-dots .owl-dot {\n    display: inline-block;\n    background: 0 0;\n    color: inherit;\n    border: none;\n    padding: 0 !important;\n}\n.concept-listings .owl-dots .owl-dot.active span {\n    background: var(--link-color, #5191FA);\n}\n.concept-listings .owl-dots .owl-dot span {\n    width: 10px;\n    height: 10px;\n    margin: 5px 7px;\n    background: var(--light-grey-color, #EAEEF3);\n    display: block;\n    transition: opacity 0.2s ease;\n    border-radius: 30px;\n}\n.city-tours-custom .feature_class{\n  left: 0 !important;\n}\n.concept-listings .owl-nav {\n    position: absolute;\n    height: 100%;\n    top: 0;\n    width: 100%;\n    z-index: -1;\n}\n.concept-listings .owl-nav button {\n    position: absolute;\n    top: 50%;\n    margin-top: -18px;\n}\n.concept-listings .owl-nav button.owl-next {\n    right: -66px;\n}\n.concept-listings .owl-nav button.owl-prev {\n    left: -66px;\n}\n.concept-listings .owl-nav button.owl-next span {\n    width: 36px;\n    height: 36px;\n    display: block;\n    background: url(https:\/\/rivierabarcrawltours.com\/wp-content\/uploads\/2021\/06\/arrow-right.png) center center no-repeat;\n    background-size: 100% auto;\n    color: transparent;\n}\n.concept-listings .owl-nav button.owl-prev span {\n    width: 36px;\n    height: 36px;\n    display: block;\n    background: url(https:\/\/rivierabarcrawltours.com\/wp-content\/uploads\/2021\/02\/arrow-left.png) center center no-repeat;\n    background-size: 100% auto;\n    color: transparent;\n}\n\n.city-tours-custom .thumb{\n    border: none !important;\n}\n<\/style><\/div>[vc_separator][\/vc_column][\/vc_row][vc_row][vc_column][vc_row_inner][vc_column_inner][vc_column_text]<\/p>\n<h2>About our Wine Tasting<\/h2>\n<p>[\/vc_column_text][\/vc_column_inner][\/vc_row_inner][vc_row_inner][vc_column_inner width=\u00bb1\/2&#8243;][vc_column_text]Las catas de vino, esos conceptos innovadores para descubrir el vino, los productores de vino, el vi\u00f1edo y la bodega, crecen cada vez m\u00e1s en Francia y en todo el mundo. Los aficionados al vino, los sumilleres, los propietarios de restaurantes y los amantes del vino tienen nuevas ideas y nuevos enfoques para descubrir y promocionar sus vinos y compartir su pasi\u00f3n con otros amantes del vino en una sala de catas, una bodega, un bar o un restaurante que sirva buen vino. <\/p>\n<p>La imagen del vino franc\u00e9s en el extranjero representa el lujo franc\u00e9s, y los grandes profesionales y conocedores lo aprovechan para proponer algunas de las mejores y m\u00e1s singulares catas de vino. Vinos tintos como un premiado Pinot noir, un delicado Cabernet Sauvignon, las afrutadas notas de cata de los vinos blancos, o un experimento de cata con vinos espumosos. \u00c9stas son algunas de las muchas cosas de las que puedes disfrutar degustando vinos en algunas de las mejores catas de vino cuando pases tus vacaciones en la regi\u00f3n vin\u00edcola.  <\/p>\n<p>Ya sea en Par\u00eds, en la regi\u00f3n de Burdeos o en la Costa Azul, siempre encontrar\u00e1s a los mejores organizadores de catas de vino, para aprender sobre el vino durante tus vacaciones en Francia. Las catas de vino generan un entusiasmo positivo entre profesionales y particulares. Durante las catas de vino o una cata a ciegas, se promociona el \u00abflair\u00bb franc\u00e9s a trav\u00e9s de los numerosos vinos j\u00f3venes y vinos locales. Son acontecimientos significativos para conocer gente nueva y compartir conocimientos sobre el vino en general.   <\/p>\n<p>&nbsp;<\/p>\n<h3>\u00bfPor qu\u00e9 una cata de vinos? \u00a1Razones no te faltan! <\/h3>\n<p>En la comunidad del vino, est\u00e1n los creadores, los artistas, los perfeccionistas y, al final de la cadena, los oradores. Los ponentes hablan, catan y seleccionan sus formas. Luego, seg\u00fan su criterio, eligen las botellas de los viticultores para compartirlas, catarlas y afinarlas en diferentes acuerdos gastron\u00f3micos. \u00a1Son las personas clave que tendr\u00e1s la oportunidad de conocer en tu cata de vinos!   <\/p>\n<h3><strong>Your choice will always be right because it&#8217;s yours!<\/strong><\/h3>\n<p>Como todos sabemos, catar una copa de vino para formarte tu propia opini\u00f3n es el mejor paso para no equivocarte y hacer la elecci\u00f3n correcta. La raz\u00f3n es muy sencilla: \u00a1todos tenemos nuestro gusto personal, y todos podemos disfrutar del mismo vino de forma diferente! Pero no me hagas decir lo que no he dicho: \u00ab\u00a1Tu elecci\u00f3n siempre ser\u00e1 buena porque es tuya!\u00bb.[\/vc_column_text][\/vc_column_inner][vc_column_inner width=\u00bb1\/2&#8243;][vc_column_text]<\/p>\n<h3><strong>The same wine will be rated differently depending on the environment<\/strong><\/h3>\n<p>A menudo tenemos grandes oportunidades de probar nuevos vinos. \u00a1No debemos privarnos! A menudo son momentos \u00fanicos para descubrir una nueva regi\u00f3n, una nueva variedad de uva, una peque\u00f1a finca o simplemente una nueva a\u00f1ada.  <\/p>\n<p>Sin embargo, debes saber que dependiendo de cu\u00e1ndo y d\u00f3nde lo pruebes, no apreciar\u00e1s el vino de la misma manera. El entorno juega en tu juicio. Tambi\u00e9n juegan tu forma f\u00edsica y tu predisposici\u00f3n psicol\u00f3gica.  <\/p>\n<p>Ya nos ha pasado a todos que un d\u00eda determinado apreciamos mucho una copa de vino&#8230; y tener un juicio distinto unos d\u00edas despu\u00e9s. Es perfectamente normal. <\/p>\n<h3><strong>Suitable crockery is key <\/strong><\/h3>\n<p>Para aprender a catar el vino, es preferible utilizar una copa de vino ajustada, idealmente una copa en forma de tulip\u00e1n. Permitir\u00e1 que el vino se airee mientras concentra los aromas en la parte superior. Una copa para cada uno de los vinos es la mejor forma de descubrir el olor del vino, si tienes que catar varios al mismo tiempo es lo ideal. Permite comparar mejor los vinos entre s\u00ed.   <\/p>\n<p>Antes de empezar a catar, deja que el vino se enfr\u00ede durante un minuto. Depender\u00e1 del vino, pero necesita airearse tras largos meses en botella. <\/p>\n<h3><strong>In which order to taste the wines<\/strong><\/h3>\n<p>Es mejor empezar con vinos menos potentes. No hablamos necesariamente de alcohol, sino de un vino con mucha ligereza. La raz\u00f3n es, de nuevo, bastante sencilla. Si empiezas con un vino demasiado potente, los siguientes no podr\u00e1n expresar su riqueza y su complejidad.   <\/p>\n<p>En general, cuanto m\u00e1s al sur, m\u00e1s potentes ser\u00e1n los vinos&#8230; \u00a1pero eso es s\u00f3lo la teor\u00eda! De hecho, cada variedad de uva, cada vi\u00f1edo, cada parcela puede revelar caracter\u00edsticas espec\u00edficas de vinos excelentes. <\/p>\n<h3><strong>Wine tasting tips: how to evaluate the wine?<\/strong><\/h3>\n<p>Hay tantas formas de saborear como catadores. Abordar esta cuesti\u00f3n es, por tanto, precipitarse en un universo muy vasto. Pero tambi\u00e9n es mucho m\u00e1s f\u00e1cil de lo que parece. Si sientes placer al catar, \u00a1es que tu m\u00e9todo es el correcto!   <\/p>\n<p>De todos modos, no es necesario dominar todos los l\u00e9xicos del sumiller. Basta con que tengas en mente algunas ideas para descodificar mejor un vino. Y como con cualquier m\u00e9todo, la experiencia te permitir\u00e1 forjar el tuyo.  <\/p>\n<p>&nbsp;<\/p>\n<ol>\n<li><strong>The eye<\/strong><\/li>\n<\/ol>\n<p>Puedes admirar las burbujas de una copa de champ\u00e1n o el color de un Sauternes a\u00f1ejo. Pero olv\u00eddate de esas historias sobre la enorme importancia del aspecto de la copa de vino que est\u00e1s degustando. <\/p>\n<p>El examen visual nos da poca informaci\u00f3n. El vestido del vino (es decir, su color) puede indicar que un vino es m\u00e1s o menos concentrado. Pero los contraejemplos son legi\u00f3n. Algunas variedades de uva (como la Pinot Noir) pueden ser menos tintas y dar vinos con m\u00e1s cuerpo. S\u00f3lo en el contexto de una cata a ciegas esta fase es beneficiosa: puede indicar la edad del vino. Nos fijamos entonces, no en el color, sino en los reflejos.     <\/p>\n<p>Para el vino blanco, nos fijaremos en los reflejos del disco colocando el ojo en la copa. Un vino blanco tiene primero reflejos verdes, luego plateados, despu\u00e9s dorados y bronceados. Un blanco con reflejos plateados es probable que sea un vino joven, como un vino de uno o dos a\u00f1os.  <\/p>\n<p>Para el vino tinto, ponemos la copa delante de una s\u00e1bana blanca y la miramos. Los reflejos son primero de color cereza o frambuesa, para evolucionar hacia el teja. <\/p>\n<ol start=\"2\">\n<li><strong>The nose<\/strong><\/li>\n<\/ol>\n<p>The nose is analyzed in two stages: the first and second noses.<\/p>\n<p>La Primera nariz: sentimos el vino sin airearlo, es decir, sin mover la copa. Generalmente, esta nariz no es muy potente. As\u00ed identificamos los defectos del vino. Los aromas a\u00fan no est\u00e1n presentes, los defectos \u00absaltan en la nariz\u00bb, como el famoso \u00absabor a corcho\u00bb, tambi\u00e9n muy perceptible en la nariz.   <\/p>\n<p>La segunda nariz: aireamos el vino y, al abrirse, sus aromas se multiplican por diez. El vino es un producto vivo que reacciona con la aireaci\u00f3n. Si no notas nada, puede ser que el vino a\u00fan necesite aireaci\u00f3n (en la botella o en la jarra). Es interesante mover la nariz en la copa para detectar nuevos aromas.   <\/p>\n<p>Pero reconocer que un vino huele a peon\u00eda no es imprescindible, ni mucho menos. Algunos puntos que debes conocer: <\/p>\n<ul>\n<li>The winemaker does not add the aromas (well usually).<\/li>\n<li>A wine that smells of rose did not macerate with petals.<\/li>\n<\/ul>\n<p>And precisely, we can group 3 families of flavors:<\/p>\n<ul>\n<li>The primary aromas that come from the grape (a wine made with Gewurztraminer, often expresses aromas of rose and lychee)<\/li>\n<li>Secondary aromas: they come from fermentation.<\/li>\n<li>Tertiary aromas: those are the aromas that come from breeding.<\/li>\n<\/ul>\n<ol start=\"3\">\n<li><strong>The mouth<\/strong><\/li>\n<\/ol>\n<p>Es probablemente la fase m\u00e1s cr\u00edtica. Es esencial sujetar la copa por el pie. Porque el agarre de la copa afectar\u00e1 al lugar donde el vino llegar\u00e1 a nuestra boca. Pero los sensores de acidez, dulzor, amargor y acidez no est\u00e1n situados en las mismas zonas de la boca. Ser\u00e1 necesario girar el vino en la boca para descifrarlo completamente.    <\/p>\n<p>Incluso es aconsejable aspirar aire al mismo tiempo (hablamos de vino gru\u00f1\u00f3n) que disfrutamos al airearlo. \u00a1No es de mala educaci\u00f3n hacer ruido mientras se disfruta del vino! <\/p>\n<p>Finally, we will pay particular attention to the 3 phases:<\/p>\n<ul>\n<li>The attack: we look mainly at its power: is it frank, flexible.<\/li>\n<li>El paladar medio: es cuando se despliegan los sabores en el paladar con la acidez para los blancos y los taninos para los tintos. En este momento, podemos analizar la textura del vino. <\/li>\n<li>El final: \u00bfa qu\u00e9 sabores evoluciona el vino? Y, sobre todo, \u00bfcu\u00e1nto tiempo persiste el vino en la boca? <\/li>\n<\/ul>\n<p>Durante una cata, reconocer\u00e1s un gran vino premiado a su capacidad de evolucionar en boca y de persistir incluso una vez que lo hemos tragado. Recuerda que es perfectamente razonable escupir un gran vino durante una cata. <\/p>\n<p>So, if you want to know more about the many wine tasting events available in your area, get in touch with some of the best wine tasting event organizers and enjoy some fun evening with other wine enthusiasts.<\/p>\n<p>Just keep in mind that a wine tasting evaluation is very personal, and you will each have a different appreciation, it is normal.[\/vc_column_text][\/vc_column_inner][\/vc_row_inner][\/vc_column][\/vc_row]<\/p>\n<\/div>","protected":false},"excerpt":{"rendered":"<p>[vc_row el_class=\u00bbcity-tours-custom\u00bb css=\u00bb.vc_custom_1624697767930{margin-top: 40px !important;margin-bottom: 20px !important;}\u00bb][vc_column][vc_column_text] Tus catas y rutas del vino [\/vc_column_text][vc_separator][\/vc_column][\/vc_row][vc_row][vc_column][vc_row_inner][vc_column_inner][vc_column_text] About our Wine Tasting [\/vc_column_text][\/vc_column_inner][\/vc_row_inner][vc_row_inner][vc_column_inner width=\u00bb1\/2&#8243;][vc_column_text]Las catas de vino, esos conceptos innovadores para descubrir el vino, los productores de vino, el vi\u00f1edo y la bodega, crecen cada vez m\u00e1s en Francia y en todo el mundo. Los aficionados al vino, los [&hellip;]<\/p>\n","protected":false},"author":2,"featured_media":62802,"parent":0,"menu_order":0,"comment_status":"closed","ping_status":"closed","template":"template-home-modern.php","meta":{"_acf_changed":false,"footnotes":""},"class_list":["post-70837","page","type-page","status-publish","has-post-thumbnail","hentry"],"acf":[],"yoast_head":"<!-- This site is optimized with the Yoast SEO plugin v27.3 - https:\/\/yoast.com\/product\/yoast-seo-wordpress\/ -->\n<title>Archives des  | Riviera Bar Crawl Tours<\/title>\n<meta name=\"description\" content=\"Las catas de vino, estos conceptos innovadores para descubrir el vino, los productores de vino, los vi\u00f1edos y las bodegas, est\u00e1n creciendo cada vez m\u00e1s en Francia y en todo el mundo\" \/>\n<meta name=\"robots\" content=\"index, follow, max-snippet:-1, max-image-preview:large, max-video-preview:-1\" \/>\n<link rel=\"canonical\" href=\"https:\/\/rivierabarcrawltours.com\/es\/degustacion-de-vino\/\" \/>\n<meta property=\"og:locale\" content=\"es_ES\" \/>\n<meta property=\"og:type\" content=\"article\" \/>\n<meta property=\"og:title\" content=\"Archives des  | Riviera Bar Crawl Tours\" \/>\n<meta property=\"og:description\" content=\"Las catas de vino, estos conceptos innovadores para descubrir el vino, los productores de vino, los vi\u00f1edos y las bodegas, est\u00e1n creciendo cada vez m\u00e1s en Francia y en todo el mundo\" \/>\n<meta property=\"og:url\" content=\"https:\/\/rivierabarcrawltours.com\/es\/degustacion-de-vino\/\" \/>\n<meta property=\"og:site_name\" content=\"Riviera Bar Crawl Tours\" \/>\n<meta property=\"article:publisher\" content=\"https:\/\/www.facebook.com\/RivieraBarCrawltours\/\" \/>\n<meta property=\"article:modified_time\" content=\"2026-02-17T19:05:48+00:00\" \/>\n<meta property=\"og:image\" content=\"https:\/\/rivierabarcrawltours.com\/wp-content\/uploads\/2020\/12\/Wine-tasting-in-nice.jpg\" \/>\n\t<meta property=\"og:image:width\" content=\"1920\" \/>\n\t<meta property=\"og:image:height\" content=\"1281\" \/>\n\t<meta property=\"og:image:type\" content=\"image\/jpeg\" \/>\n<meta name=\"twitter:card\" content=\"summary_large_image\" \/>\n<meta name=\"twitter:site\" content=\"@rivierabarcrawl\" \/>\n<meta name=\"twitter:label1\" content=\"Tiempo de lectura\" \/>\n\t<meta name=\"twitter:data1\" content=\"8 minutos\" \/>\n<!-- \/ Yoast SEO plugin. -->","yoast_head_json":{"title":"Archives des  | Riviera Bar Crawl Tours","description":"Las catas de vino, estos conceptos innovadores para descubrir el vino, los productores de vino, los vi\u00f1edos y las bodegas, est\u00e1n creciendo cada vez m\u00e1s en Francia y en todo el mundo","robots":{"index":"index","follow":"follow","max-snippet":"max-snippet:-1","max-image-preview":"max-image-preview:large","max-video-preview":"max-video-preview:-1"},"canonical":"https:\/\/rivierabarcrawltours.com\/es\/degustacion-de-vino\/","og_locale":"es_ES","og_type":"article","og_title":"Archives des  | Riviera Bar Crawl Tours","og_description":"Las catas de vino, estos conceptos innovadores para descubrir el vino, los productores de vino, los vi\u00f1edos y las bodegas, est\u00e1n creciendo cada vez m\u00e1s en Francia y en todo el mundo","og_url":"https:\/\/rivierabarcrawltours.com\/es\/degustacion-de-vino\/","og_site_name":"Riviera Bar Crawl Tours","article_publisher":"https:\/\/www.facebook.com\/RivieraBarCrawltours\/","article_modified_time":"2026-02-17T19:05:48+00:00","og_image":[{"width":1920,"height":1281,"url":"https:\/\/rivierabarcrawltours.com\/wp-content\/uploads\/2020\/12\/Wine-tasting-in-nice.jpg","type":"image\/jpeg"}],"twitter_card":"summary_large_image","twitter_site":"@rivierabarcrawl","twitter_misc":{"Tiempo de lectura":"8 minutos"},"schema":{"@context":"https:\/\/schema.org","@graph":[{"@type":"WebPage","@id":"https:\/\/rivierabarcrawltours.com\/es\/degustacion-de-vino\/","url":"https:\/\/rivierabarcrawltours.com\/es\/degustacion-de-vino\/","name":"Archives des | Riviera Bar Crawl Tours","isPartOf":{"@id":"https:\/\/rivierabarcrawltours.com\/#website"},"primaryImageOfPage":{"@id":"https:\/\/rivierabarcrawltours.com\/es\/degustacion-de-vino\/#primaryimage"},"image":{"@id":"https:\/\/rivierabarcrawltours.com\/es\/degustacion-de-vino\/#primaryimage"},"thumbnailUrl":"https:\/\/rivierabarcrawltours.com\/wp-content\/uploads\/2020\/12\/Wine-tasting-in-nice.jpg","datePublished":"2021-03-01T10:58:39+00:00","dateModified":"2026-02-17T19:05:48+00:00","description":"Las catas de vino, estos conceptos innovadores para descubrir el vino, los productores de vino, los vi\u00f1edos y las bodegas, est\u00e1n creciendo cada vez m\u00e1s en Francia y en todo el mundo","breadcrumb":{"@id":"https:\/\/rivierabarcrawltours.com\/es\/degustacion-de-vino\/#breadcrumb"},"inLanguage":"es","potentialAction":[{"@type":"ReadAction","target":["https:\/\/rivierabarcrawltours.com\/es\/degustacion-de-vino\/"]}]},{"@type":"ImageObject","inLanguage":"es","@id":"https:\/\/rivierabarcrawltours.com\/es\/degustacion-de-vino\/#primaryimage","url":"https:\/\/rivierabarcrawltours.com\/wp-content\/uploads\/2020\/12\/Wine-tasting-in-nice.jpg","contentUrl":"https:\/\/rivierabarcrawltours.com\/wp-content\/uploads\/2020\/12\/Wine-tasting-in-nice.jpg","width":1920,"height":1281,"caption":"degustaci\u00f3n de vino"},{"@type":"BreadcrumbList","@id":"https:\/\/rivierabarcrawltours.com\/es\/degustacion-de-vino\/#breadcrumb","itemListElement":[{"@type":"ListItem","position":1,"name":"Home","item":"https:\/\/rivierabarcrawltours.com\/es\/"},{"@type":"ListItem","position":2,"name":"Cata de vinos"}]},{"@type":"WebSite","@id":"https:\/\/rivierabarcrawltours.com\/#website","url":"https:\/\/rivierabarcrawltours.com\/","name":"Riviera Bar Crawl Tours","description":"Fun Day &amp; Night Experiences I Tour operator I Guided Tours I Bar Crawls I Food Tours I","publisher":{"@id":"https:\/\/rivierabarcrawltours.com\/#organization"},"potentialAction":[{"@type":"SearchAction","target":{"@type":"EntryPoint","urlTemplate":"https:\/\/rivierabarcrawltours.com\/?s={search_term_string}"},"query-input":{"@type":"PropertyValueSpecification","valueRequired":true,"valueName":"search_term_string"}}],"inLanguage":"es"},{"@type":"Organization","@id":"https:\/\/rivierabarcrawltours.com\/#organization","name":"Riviera Bar Crawl Tours","url":"https:\/\/rivierabarcrawltours.com\/","logo":{"@type":"ImageObject","inLanguage":"es","@id":"https:\/\/rivierabarcrawltours.com\/#\/schema\/logo\/image\/","url":"https:\/\/rivierabarcrawltours.com\/wp-content\/uploads\/2019\/07\/logo.png","contentUrl":"https:\/\/rivierabarcrawltours.com\/wp-content\/uploads\/2019\/07\/logo.png","width":479,"height":453,"caption":"Riviera Bar Crawl Tours"},"image":{"@id":"https:\/\/rivierabarcrawltours.com\/#\/schema\/logo\/image\/"},"sameAs":["https:\/\/www.facebook.com\/RivieraBarCrawltours\/","https:\/\/x.com\/rivierabarcrawl"]}]}},"_links":{"self":[{"href":"https:\/\/rivierabarcrawltours.com\/es\/wp-json\/wp\/v2\/pages\/70837","targetHints":{"allow":["GET"]}}],"collection":[{"href":"https:\/\/rivierabarcrawltours.com\/es\/wp-json\/wp\/v2\/pages"}],"about":[{"href":"https:\/\/rivierabarcrawltours.com\/es\/wp-json\/wp\/v2\/types\/page"}],"author":[{"embeddable":true,"href":"https:\/\/rivierabarcrawltours.com\/es\/wp-json\/wp\/v2\/users\/2"}],"replies":[{"embeddable":true,"href":"https:\/\/rivierabarcrawltours.com\/es\/wp-json\/wp\/v2\/comments?post=70837"}],"version-history":[{"count":8,"href":"https:\/\/rivierabarcrawltours.com\/es\/wp-json\/wp\/v2\/pages\/70837\/revisions"}],"predecessor-version":[{"id":126744,"href":"https:\/\/rivierabarcrawltours.com\/es\/wp-json\/wp\/v2\/pages\/70837\/revisions\/126744"}],"wp:featuredmedia":[{"embeddable":true,"href":"https:\/\/rivierabarcrawltours.com\/es\/wp-json\/wp\/v2\/media\/62802"}],"wp:attachment":[{"href":"https:\/\/rivierabarcrawltours.com\/es\/wp-json\/wp\/v2\/media?parent=70837"}],"curies":[{"name":"wp","href":"https:\/\/api.w.org\/{rel}","templated":true}]}}