{"id":70834,"date":"2021-03-01T11:42:47","date_gmt":"2021-03-01T10:42:47","guid":{"rendered":"https:\/\/rivierabarcrawltours.com\/concepto\/visitas-a-pie\/"},"modified":"2021-06-26T11:19:02","modified_gmt":"2021-06-26T09:19:02","slug":"visitas-a-pie","status":"publish","type":"page","link":"https:\/\/rivierabarcrawltours.com\/es\/visitas-a-pie\/","title":{"rendered":"Visitas a pie"},"content":{"rendered":"<div class=\"wpb-content-wrapper\"><p>[vc_row el_class=\u00bbcity-tours-custom\u00bb css=\u00bb.vc_custom_1624699120510{margin-top: 40px !important;margin-bottom: 20px !important;}\u00bb][vc_column][vc_column_text]<\/p>\n<h2>Todos nuestros recorridos a pie<\/h2>\n<p>[\/vc_column_text]<div class='list_tours'>   <div class=\"concept-listings owl-carousel owl-theme\">\n          <div class=\"style_box\">\n                      <div class=\"thumb\">\n               <header class=\"thumb-header st_avatar_fix\">\n                                      <a href=\"https:\/\/rivierabarcrawltours.com\/es\/tour\/captura-paris-un-paseo-fotografico-inolvidable-por-el-barrio-latino\/\" class=\"hover-img\">\n                       <img decoding=\"async\" width=\"260\" height=\"190\" src=\"https:\/\/rivierabarcrawltours.com\/wp-content\/uploads\/2024\/10\/paris-photo-walk-latin-quarter-260x190.jpg\" class=\"attachment-260x190x1 size-260x190x1 wp-post-image\" alt=\"paris-photo-walk-latin-quarter\" \/>                       <h5 class=\"hover-title hover-hold text-center\">\n                           Captura Par\u00eds : Un paseo fotogr\u00e1fico inolvidable por el Barrio Latino                       <\/h5>\n                   <\/a>\n                                  <\/header>\n           <\/div>\n       <\/div>\n          <div class=\"style_box\">\n                      <div class=\"thumb\">\n               <header class=\"thumb-header st_avatar_fix\">\n                                      <a href=\"https:\/\/rivierabarcrawltours.com\/es\/tour\/visita-autoguiada-a-pie-por-cannes\/\" class=\"hover-img\">\n                       <img decoding=\"async\" width=\"260\" height=\"190\" src=\"https:\/\/rivierabarcrawltours.com\/wp-content\/uploads\/2025\/12\/Selg-Guided-walking-tours-Cannes-23-1-260x190.jpg\" class=\"attachment-260x190x1 size-260x190x1 wp-post-image\" alt=\"Selg Guided walking tours Cannes 23\" \/>                       <h5 class=\"hover-title hover-hold text-center\">\n                           Visita autoguiada a pie por Cannes                       <\/h5>\n                   <\/a>\n                                  <\/header>\n           <\/div>\n       <\/div>\n          <div class=\"style_box\">\n           <div class=\"feature_class st_featured featured\">Featured<\/div>           <div class=\"thumb\">\n               <header class=\"thumb-header st_avatar_fix\">\n                                      <a href=\"https:\/\/rivierabarcrawltours.com\/es\/tour\/recorrido-privado-a-pie-por-marsella\/\" class=\"hover-img\">\n                       <img decoding=\"async\" width=\"260\" height=\"190\" src=\"https:\/\/rivierabarcrawltours.com\/wp-content\/uploads\/2021\/02\/Marseille-private-walking-tour-e1744292700122-260x190.jpg\" class=\"attachment-260x190x1 size-260x190x1 wp-post-image\" alt=\"Recorrido privado a pie por Marsella\" \/>                       <h5 class=\"hover-title hover-hold text-center\">\n                           Recorrido privado a pie por Marsella                       <\/h5>\n                   <\/a>\n                                  <\/header>\n           <\/div>\n       <\/div>\n          <div class=\"style_box\">\n           <div class=\"feature_class st_featured featured\">Featured<\/div>           <div class=\"thumb\">\n               <header class=\"thumb-header st_avatar_fix\">\n                                      <a href=\"https:\/\/rivierabarcrawltours.com\/es\/tour\/visita-guiada-a-pie-por-monaco\/\" class=\"hover-img\">\n                       <img decoding=\"async\" width=\"260\" height=\"190\" src=\"https:\/\/rivierabarcrawltours.com\/wp-content\/uploads\/2024\/10\/monaco-walking-tour-1-260x190.jpg\" class=\"attachment-260x190x1 size-260x190x1 wp-post-image\" alt=\"Trip from nice to monaco-walking-tour\" \/>                       <h5 class=\"hover-title hover-hold text-center\">\n                           Visita guiada a pie por M\u00f3naco                       <\/h5>\n                   <\/a>\n                                  <\/header>\n           <\/div>\n       <\/div>\n          <div class=\"style_box\">\n                      <div class=\"thumb\">\n               <header class=\"thumb-header st_avatar_fix\">\n                                      <a href=\"https:\/\/rivierabarcrawltours.com\/es\/tour\/tour-gastronomico-de-monaco\/\" class=\"hover-img\">\n                       <img decoding=\"async\" width=\"260\" height=\"190\" src=\"https:\/\/rivierabarcrawltours.com\/wp-content\/uploads\/2016\/03\/Food-tasting-tour-Nice-260x190.jpg\" class=\"attachment-260x190x1 size-260x190x1 wp-post-image\" alt=\"buenas rutas gastron\u00f3micas\" \/>                       <h5 class=\"hover-title hover-hold text-center\">\n                           Los Sabores de M\u00f3naco Visita gastron\u00f3mica privada                       <\/h5>\n                   <\/a>\n                                  <\/header>\n           <\/div>\n       <\/div>\n          <div class=\"style_box\">\n                      <div class=\"thumb\">\n               <header class=\"thumb-header st_avatar_fix\">\n                                      <a href=\"https:\/\/rivierabarcrawltours.com\/es\/tour\/circuito-del-gran-premio-de-monaco-de-f1\/\" class=\"hover-img\">\n                       <img decoding=\"async\" width=\"260\" height=\"190\" src=\"https:\/\/rivierabarcrawltours.com\/wp-content\/uploads\/2024\/02\/monaco-grand-Prix-Gp-private-tour24-1-260x190.jpeg\" class=\"attachment-260x190x1 size-260x190x1 wp-post-image\" alt=\"gran premio de m\u00f3naco Gp tour privado\" \/>                       <h5 class=\"hover-title hover-hold text-center\">\n                           Circuito del Gran Premio de F1 de M\u00f3naco Visita guiada privada                       <\/h5>\n                   <\/a>\n                                  <\/header>\n           <\/div>\n       <\/div>\n          <div class=\"style_box\">\n                      <div class=\"thumb\">\n               <header class=\"thumb-header st_avatar_fix\">\n                                      <a href=\"https:\/\/rivierabarcrawltours.com\/es\/tour\/visita-guiada-gratuita-a-pie-por-marsella\/\" class=\"hover-img\">\n                       <img decoding=\"async\" width=\"260\" height=\"190\" src=\"https:\/\/rivierabarcrawltours.com\/wp-content\/uploads\/2023\/05\/Free-walking-tour-marseille-260x190.jpg\" class=\"attachment-260x190x1 size-260x190x1 wp-post-image\" alt=\"Free walking tour marseille\" \/>                       <h5 class=\"hover-title hover-hold text-center\">\n                           Visita guiada gratuita a pie por Marsella                       <\/h5>\n                   <\/a>\n                                  <\/header>\n           <\/div>\n       <\/div>\n          <div class=\"style_box\">\n                      <div class=\"thumb\">\n               <header class=\"thumb-header st_avatar_fix\">\n                                      <a href=\"https:\/\/rivierabarcrawltours.com\/es\/tour\/visita-autoguiada-a-pie-por-niza-francia\/\" class=\"hover-img\">\n                       <img decoding=\"async\" width=\"260\" height=\"190\" src=\"https:\/\/rivierabarcrawltours.com\/wp-content\/uploads\/2023\/01\/self-guided-tour-in-Nice-260x190.jpeg\" class=\"attachment-260x190x1 size-260x190x1 wp-post-image\" alt=\"visita autoguiada en Niza\" \/>                       <h5 class=\"hover-title hover-hold text-center\">\n                           Visita autoguiada a pie por Niza (Francia)                       <\/h5>\n                   <\/a>\n                                  <\/header>\n           <\/div>\n       <\/div>\n          <div class=\"style_box\">\n                      <div class=\"thumb\">\n               <header class=\"thumb-header st_avatar_fix\">\n                                      <a href=\"https:\/\/rivierabarcrawltours.com\/es\/tour\/visita-autoguiada-a-pie-por-monaco\/\" class=\"hover-img\">\n                       <img decoding=\"async\" width=\"260\" height=\"190\" src=\"https:\/\/rivierabarcrawltours.com\/wp-content\/uploads\/2023\/01\/self-guided-tour-in-Monaco-260x190.jpg\" class=\"attachment-260x190x1 size-260x190x1 wp-post-image\" alt=\"Visita autoguiada a pie por M\u00f3naco\" \/>                       <h5 class=\"hover-title hover-hold text-center\">\n                           Visita autoguiada a pie por M\u00f3naco                       <\/h5>\n                   <\/a>\n                                  <\/header>\n           <\/div>\n       <\/div>\n          <div class=\"style_box\">\n           <div class=\"feature_class st_featured featured\">Featured<\/div>           <div class=\"thumb\">\n               <header class=\"thumb-header st_avatar_fix\">\n                                      <a href=\"https:\/\/rivierabarcrawltours.com\/es\/tour\/visita-magica-a-pie-de-montmartre-en-paris\/\" class=\"hover-img\">\n                       <img decoding=\"async\" width=\"260\" height=\"190\" src=\"https:\/\/rivierabarcrawltours.com\/wp-content\/uploads\/2021\/12\/walking-tour-montmartre-paris-1-260x190.jpg\" class=\"attachment-260x190x1 size-260x190x1 wp-post-image\" alt=\"visita privada a pie montmartre paris (1)\" \/>                       <h5 class=\"hover-title hover-hold text-center\">\n                           Visita privada a pie de Montmartre Par\u00eds                       <\/h5>\n                   <\/a>\n                                  <\/header>\n           <\/div>\n       <\/div>\n   <\/div>\n\n            <style type=\"text\/css\">\n            .concept-listings .owl-dots.disabled,\n            .concept-listings .owl-nav.disabled{\n                display: block !important;\n            }\n        <\/style>\n    \n<script type=\"text\/javascript\">\n$(document).ready(function() {\n       $(\".concept-listings\").owlCarousel({\n        margin:20,\n                loop:true,\n                dots:true,\n        responsiveClass:true,\n        responsive:{\n            0:{\n                items:1,\n                nav:false\n            },\n            600:{\n                items:3,\n                nav:false\n            },\n            1000:{\n                items:4,\n                nav:true\n            }\n        }\n       });\n}); \n\n<\/script>\n\n<style type=\"text\/css\">\n.concept-listings .owl-stage {\n    display: -webkit-box !important;\n    display: -moz-box !important;\n    display: -ms-box !important;\n    display: box !important;\n}\n.concept-listings .owl-dots {\n    margin-top: 10px;\n    text-align: center;\n}\n.concept-listings .owl-dots .owl-dot {\n    display: inline-block;\n    background: 0 0;\n    color: inherit;\n    border: none;\n    padding: 0 !important;\n}\n.concept-listings .owl-dots .owl-dot.active span {\n    background: var(--link-color, #5191FA);\n}\n.concept-listings .owl-dots .owl-dot span {\n    width: 10px;\n    height: 10px;\n    margin: 5px 7px;\n    background: var(--light-grey-color, #EAEEF3);\n    display: block;\n    transition: opacity 0.2s ease;\n    border-radius: 30px;\n}\n.city-tours-custom .feature_class{\n  left: 0 !important;\n}\n.concept-listings .owl-nav {\n    position: absolute;\n    height: 100%;\n    top: 0;\n    width: 100%;\n    z-index: -1;\n}\n.concept-listings .owl-nav button {\n    position: absolute;\n    top: 50%;\n    margin-top: -18px;\n}\n.concept-listings .owl-nav button.owl-next {\n    right: -66px;\n}\n.concept-listings .owl-nav button.owl-prev {\n    left: -66px;\n}\n.concept-listings .owl-nav button.owl-next span {\n    width: 36px;\n    height: 36px;\n    display: block;\n    background: url(https:\/\/rivierabarcrawltours.com\/wp-content\/uploads\/2021\/06\/arrow-right.png) center center no-repeat;\n    background-size: 100% auto;\n    color: transparent;\n}\n.concept-listings .owl-nav button.owl-prev span {\n    width: 36px;\n    height: 36px;\n    display: block;\n    background: url(https:\/\/rivierabarcrawltours.com\/wp-content\/uploads\/2021\/02\/arrow-left.png) center center no-repeat;\n    background-size: 100% auto;\n    color: transparent;\n}\n\n.city-tours-custom .thumb{\n    border: none !important;\n}\n<\/style><\/div>[vc_separator][\/vc_column][\/vc_row][vc_row][vc_column][vc_row_inner][vc_column_inner width=\u00bb1\/2&#8243;][vc_column_text]<\/p>\n<h2>Acerca de nuestros recorridos a pie<\/h2>\n<p>La mejor manera de explorar cualquier ciudad es a pie. Y los recorridos a pie definitivamente le proporcionan el mejor conocimiento y experiencia de la nueva ciudad. Y, la mejor manera de descubrir todo lo que una nueva ciudad tiene que ofrecer es con un gu\u00eda local bien informado. Al participar en los recorridos a pie, estar\u00e1 en manos de un experto local de confianza con a\u00f1os de experiencia y amplios conocimientos que est\u00e1 dispuesto a compartir con usted toda la informaci\u00f3n interesante y necesaria sobre la ciudad. Las ventajas de los recorridos a pie son infinitas.<\/p>\n<p>Unirse a un tour a pie es una gran oportunidad para conocer a otros viajeros. Y el hecho de unirse a un grupo con un idioma com\u00fan tambi\u00e9n crea familiaridad, especialmente cuando se viaja por un pa\u00eds extranjero.<\/p>\n<p>Los recorridos no s\u00f3lo son una gran manera de conocer a otros viajeros, especialmente si viajas solo, sino que tambi\u00e9n te dan informaci\u00f3n detallada, datos curiosos, consejos y recomendaciones como qu\u00e9 hacer en la ciudad, d\u00f3nde comer o tomar la mejor bebida. Adem\u00e1s, al caminar, puedes hacer un gran ejercicio durante el d\u00eda, y no te perder\u00e1s joyas y detalles ocultos como el arte callejero o restaurantes interesantes. Podr\u00e1 ver las cosas m\u00e1s de cerca, experimentar con el transporte p\u00fablico y apretujarse en las peque\u00f1as callejuelas. En resumen, sus gu\u00edas quieren asegurarse de que se lo pasa bien durante el recorrido.<\/p>\n<p>Toda la ruta est\u00e1 planificada de forma eficiente, para que no se pierda los principales lugares de inter\u00e9s y tenga tiempo de conocer los secretos de la ciudad que s\u00f3lo los lugare\u00f1os conocen. Nuestros recorridos a pie tambi\u00e9n incluyen una pausa en el medio para descansar, ir al ba\u00f1o, conocer los mercados locales e incluso satisfacer sus papilas gustativas probando algunas delicias locales.[\/vc_column_text][\/vc_column_inner][vc_column_inner width=\u00bb1\/2&#8243;][vc_column_text]<\/p>\n<h2>Visitas a pie gratuitas \/ Visitas a pie de pago<\/h2>\n<p>\u00bfC\u00f3mo funcionan los recorridos gratuitos a pie?<br \/>\n\u00bfC\u00f3mo es posible que los recorridos sean gratuitos? Los recorridos son \u00abgratuitos\u00bb porque no hay un precio establecido para realizar un recorrido, ni para hacer una reserva, adem\u00e1s puede presentarse en el punto de encuentro incluso sin hacer una reserva. Por lo tanto, no tiene que pagar ninguna cuota prescrita antes de tener su experiencia en el tour. Por el contrario, es libre de pagar al gu\u00eda lo que considere oportuno despu\u00e9s de la visita. El concepto de la palabra \u00ablibre\u00bb significa que en caso de que sienta que el tour no es lo que esperaba<br \/>\nque no es lo que esperabas, tambi\u00e9n eres libre de marcharte en cualquier momento.<\/p>\n<p>La propina: algo que hay que tener en cuenta al hacer un tour gratuito<br \/>\nComo los gu\u00edas tur\u00edsticos no reciben ning\u00fan otro ingreso por dar estos recorridos a pie (de ninguna organizaci\u00f3n), esto significa que deben ganarse realmente sus propinas. Como sus ingresos tienden a fluctuar de una visita a otra, los gu\u00edas est\u00e1n muy motivados para ofrecer una visita de gran calidad. Adem\u00e1s, dar una propina a su gu\u00eda al final del tour significa que el poder es suyo. Aunque no es obligatorio, usted decide lo que ha valido la visita o lo que puede pagar, si es que puede hacerlo.<\/p>\n<p>Visitas guiadas de pago<br \/>\nEn general, cuando se realiza un tour de pago se suelen garantizar grupos peque\u00f1os. Tienes m\u00e1s atenci\u00f3n personal del gu\u00eda tur\u00edstico y m\u00e1s espacio para preguntas y recomendaciones. Adem\u00e1s, no tiene que pelearse para o\u00edr al gu\u00eda, ponerse a la sombra, etc. Aunque estas visitas tienen un precio fijo que se paga por adelantado, siempre es bueno dar al gu\u00eda una peque\u00f1a propina, si crees que ha hecho un buen trabajo.[\/vc_column_text][\/vc_column_inner][\/vc_row_inner][\/vc_column][\/vc_row]<\/p>\n<\/div>","protected":false},"excerpt":{"rendered":"<p>[vc_row el_class=\u00bbcity-tours-custom\u00bb css=\u00bb.vc_custom_1624699120510{margin-top: 40px !important;margin-bottom: 20px !important;}\u00bb][vc_column][vc_column_text] Todos nuestros recorridos a pie [\/vc_column_text][vc_separator][\/vc_column][\/vc_row][vc_row][vc_column][vc_row_inner][vc_column_inner width=\u00bb1\/2&#8243;][vc_column_text] Acerca de nuestros recorridos a pie La mejor manera de explorar cualquier ciudad es a pie. Y los recorridos a pie definitivamente le proporcionan el mejor conocimiento y experiencia de la nueva ciudad. Y, la mejor manera de descubrir todo lo [&hellip;]<\/p>\n","protected":false},"author":2,"featured_media":36079,"parent":0,"menu_order":0,"comment_status":"closed","ping_status":"closed","template":"template-home-modern.php","meta":{"_acf_changed":false,"footnotes":""},"class_list":["post-70834","page","type-page","status-publish","has-post-thumbnail","hentry"],"acf":[],"yoast_head":"<!-- This site is optimized with the Yoast SEO plugin v27.5 - https:\/\/yoast.com\/product\/yoast-seo-wordpress\/ -->\n<title>Venga a descubrir todos nuestros recorridos a pie gratuitos | Riviera<\/title>\n<meta name=\"description\" content=\"La visita a pie es la mejor manera de descubrir una nueva ciudad cuando la visitas por primera vez. Tanto las joyas principales como las ocultas y los consejos locales... \u00a1todo eso te espera!\" \/>\n<meta name=\"robots\" content=\"index, follow, max-snippet:-1, max-image-preview:large, max-video-preview:-1\" \/>\n<link rel=\"canonical\" href=\"https:\/\/rivierabarcrawltours.com\/es\/visitas-a-pie\/\" \/>\n<meta property=\"og:locale\" content=\"es_ES\" \/>\n<meta property=\"og:type\" content=\"article\" \/>\n<meta property=\"og:title\" content=\"Venga a descubrir todos nuestros recorridos a pie gratuitos | Riviera\" \/>\n<meta property=\"og:description\" content=\"La visita a pie es la mejor manera de descubrir una nueva ciudad cuando la visitas por primera vez. Tanto las joyas principales como las ocultas y los consejos locales... \u00a1todo eso te espera!\" \/>\n<meta property=\"og:url\" content=\"https:\/\/rivierabarcrawltours.com\/es\/visitas-a-pie\/\" \/>\n<meta property=\"og:site_name\" content=\"Riviera Bar Crawl Tours\" \/>\n<meta property=\"article:publisher\" content=\"https:\/\/www.facebook.com\/RivieraBarCrawltours\/\" \/>\n<meta property=\"article:modified_time\" content=\"2021-06-26T09:19:02+00:00\" \/>\n<meta property=\"og:image\" content=\"https:\/\/rivierabarcrawltours.com\/wp-content\/uploads\/2019\/07\/walking-tours-riviera-bar-crawl-tours.jpg\" \/>\n\t<meta property=\"og:image:width\" content=\"1920\" \/>\n\t<meta property=\"og:image:height\" content=\"1156\" \/>\n\t<meta property=\"og:image:type\" content=\"image\/jpeg\" \/>\n<meta name=\"twitter:card\" content=\"summary_large_image\" \/>\n<meta name=\"twitter:site\" content=\"@rivierabarcrawl\" \/>\n<meta name=\"twitter:label1\" content=\"Tiempo de lectura\" \/>\n\t<meta name=\"twitter:data1\" content=\"4 minutos\" \/>\n<!-- \/ Yoast SEO plugin. -->","yoast_head_json":{"title":"Venga a descubrir todos nuestros recorridos a pie gratuitos | Riviera","description":"La visita a pie es la mejor manera de descubrir una nueva ciudad cuando la visitas por primera vez. Tanto las joyas principales como las ocultas y los consejos locales... \u00a1todo eso te espera!","robots":{"index":"index","follow":"follow","max-snippet":"max-snippet:-1","max-image-preview":"max-image-preview:large","max-video-preview":"max-video-preview:-1"},"canonical":"https:\/\/rivierabarcrawltours.com\/es\/visitas-a-pie\/","og_locale":"es_ES","og_type":"article","og_title":"Venga a descubrir todos nuestros recorridos a pie gratuitos | Riviera","og_description":"La visita a pie es la mejor manera de descubrir una nueva ciudad cuando la visitas por primera vez. Tanto las joyas principales como las ocultas y los consejos locales... \u00a1todo eso te espera!","og_url":"https:\/\/rivierabarcrawltours.com\/es\/visitas-a-pie\/","og_site_name":"Riviera Bar Crawl Tours","article_publisher":"https:\/\/www.facebook.com\/RivieraBarCrawltours\/","article_modified_time":"2021-06-26T09:19:02+00:00","og_image":[{"width":1920,"height":1156,"url":"https:\/\/rivierabarcrawltours.com\/wp-content\/uploads\/2019\/07\/walking-tours-riviera-bar-crawl-tours.jpg","type":"image\/jpeg"}],"twitter_card":"summary_large_image","twitter_site":"@rivierabarcrawl","twitter_misc":{"Tiempo de lectura":"4 minutos"},"schema":{"@context":"https:\/\/schema.org","@graph":[{"@type":"WebPage","@id":"https:\/\/rivierabarcrawltours.com\/es\/visitas-a-pie\/","url":"https:\/\/rivierabarcrawltours.com\/es\/visitas-a-pie\/","name":"Venga a descubrir todos nuestros recorridos a pie gratuitos | Riviera","isPartOf":{"@id":"https:\/\/rivierabarcrawltours.com\/#website"},"primaryImageOfPage":{"@id":"https:\/\/rivierabarcrawltours.com\/es\/visitas-a-pie\/#primaryimage"},"image":{"@id":"https:\/\/rivierabarcrawltours.com\/es\/visitas-a-pie\/#primaryimage"},"thumbnailUrl":"https:\/\/rivierabarcrawltours.com\/wp-content\/uploads\/2019\/07\/walking-tours-riviera-bar-crawl-tours.jpg","datePublished":"2021-03-01T10:42:47+00:00","dateModified":"2021-06-26T09:19:02+00:00","description":"La visita a pie es la mejor manera de descubrir una nueva ciudad cuando la visitas por primera vez. Tanto las joyas principales como las ocultas y los consejos locales... \u00a1todo eso te espera!","breadcrumb":{"@id":"https:\/\/rivierabarcrawltours.com\/es\/visitas-a-pie\/#breadcrumb"},"inLanguage":"es","potentialAction":[{"@type":"ReadAction","target":["https:\/\/rivierabarcrawltours.com\/es\/visitas-a-pie\/"]}]},{"@type":"ImageObject","inLanguage":"es","@id":"https:\/\/rivierabarcrawltours.com\/es\/visitas-a-pie\/#primaryimage","url":"https:\/\/rivierabarcrawltours.com\/wp-content\/uploads\/2019\/07\/walking-tours-riviera-bar-crawl-tours.jpg","contentUrl":"https:\/\/rivierabarcrawltours.com\/wp-content\/uploads\/2019\/07\/walking-tours-riviera-bar-crawl-tours.jpg","width":1920,"height":1156,"caption":"Visitas a pie"},{"@type":"BreadcrumbList","@id":"https:\/\/rivierabarcrawltours.com\/es\/visitas-a-pie\/#breadcrumb","itemListElement":[{"@type":"ListItem","position":1,"name":"Home","item":"https:\/\/rivierabarcrawltours.com\/es\/"},{"@type":"ListItem","position":2,"name":"Concepto","item":"https:\/\/rivierabarcrawltours.com\/es\/experiences\/"},{"@type":"ListItem","position":3,"name":"Visitas a pie"}]},{"@type":"WebSite","@id":"https:\/\/rivierabarcrawltours.com\/#website","url":"https:\/\/rivierabarcrawltours.com\/","name":"Riviera Bar Crawl Tours","description":"Fun Day &amp; Night Experiences I Tour operator I Guided Tours I Bar Crawls I Food Tours I","publisher":{"@id":"https:\/\/rivierabarcrawltours.com\/#organization"},"potentialAction":[{"@type":"SearchAction","target":{"@type":"EntryPoint","urlTemplate":"https:\/\/rivierabarcrawltours.com\/?s={search_term_string}"},"query-input":{"@type":"PropertyValueSpecification","valueRequired":true,"valueName":"search_term_string"}}],"inLanguage":"es"},{"@type":"Organization","@id":"https:\/\/rivierabarcrawltours.com\/#organization","name":"Riviera Bar Crawl Tours","url":"https:\/\/rivierabarcrawltours.com\/","logo":{"@type":"ImageObject","inLanguage":"es","@id":"https:\/\/rivierabarcrawltours.com\/#\/schema\/logo\/image\/","url":"https:\/\/rivierabarcrawltours.com\/wp-content\/uploads\/2019\/07\/logo.png","contentUrl":"https:\/\/rivierabarcrawltours.com\/wp-content\/uploads\/2019\/07\/logo.png","width":479,"height":453,"caption":"Riviera Bar Crawl Tours"},"image":{"@id":"https:\/\/rivierabarcrawltours.com\/#\/schema\/logo\/image\/"},"sameAs":["https:\/\/www.facebook.com\/RivieraBarCrawltours\/","https:\/\/x.com\/rivierabarcrawl"]}]}},"_links":{"self":[{"href":"https:\/\/rivierabarcrawltours.com\/es\/wp-json\/wp\/v2\/pages\/70834","targetHints":{"allow":["GET"]}}],"collection":[{"href":"https:\/\/rivierabarcrawltours.com\/es\/wp-json\/wp\/v2\/pages"}],"about":[{"href":"https:\/\/rivierabarcrawltours.com\/es\/wp-json\/wp\/v2\/types\/page"}],"author":[{"embeddable":true,"href":"https:\/\/rivierabarcrawltours.com\/es\/wp-json\/wp\/v2\/users\/2"}],"replies":[{"embeddable":true,"href":"https:\/\/rivierabarcrawltours.com\/es\/wp-json\/wp\/v2\/comments?post=70834"}],"version-history":[{"count":3,"href":"https:\/\/rivierabarcrawltours.com\/es\/wp-json\/wp\/v2\/pages\/70834\/revisions"}],"predecessor-version":[{"id":77665,"href":"https:\/\/rivierabarcrawltours.com\/es\/wp-json\/wp\/v2\/pages\/70834\/revisions\/77665"}],"wp:featuredmedia":[{"embeddable":true,"href":"https:\/\/rivierabarcrawltours.com\/es\/wp-json\/wp\/v2\/media\/36079"}],"wp:attachment":[{"href":"https:\/\/rivierabarcrawltours.com\/es\/wp-json\/wp\/v2\/media?parent=70834"}],"curies":[{"name":"wp","href":"https:\/\/api.w.org\/{rel}","templated":true}]}}