{"id":70825,"date":"2021-03-01T11:27:49","date_gmt":"2021-03-01T10:27:49","guid":{"rendered":"https:\/\/rivierabarcrawltours.com\/concepto\/creacion-de-equipos\/"},"modified":"2026-02-17T09:23:35","modified_gmt":"2026-02-17T08:23:35","slug":"creacion-de-equipos","status":"publish","type":"page","link":"https:\/\/rivierabarcrawltours.com\/es\/creacion-de-equipos\/","title":{"rendered":"Team Building"},"content":{"rendered":"<div class=\"wpb-content-wrapper\"><p>[vc_row el_class=\u00bbcity-tours-custom\u00bb css=\u00bb.vc_custom_1624698957580{margin-top: 40px !important;margin-bottom: 20px !important;}\u00bb][vc_column][vc_column_text]<\/p>\n<h2>Todos nuestros Team Building<\/h2>\n<p>[\/vc_column_text]<div class='list_tours'>   <div class=\"concept-listings owl-carousel owl-theme\">\n   <\/div>\n\n    \n<script type=\"text\/javascript\">\n$(document).ready(function() {\n       $(\".concept-listings\").owlCarousel({\n        margin:20,\n                dots:true,\n        responsiveClass:true,\n        responsive:{\n            0:{\n                items:1,\n                nav:false\n            },\n            600:{\n                items:3,\n                nav:false\n            },\n            1000:{\n                items:4,\n                nav:true\n            }\n        }\n       });\n}); \n\n<\/script>\n\n<style type=\"text\/css\">\n.concept-listings .owl-stage {\n    display: -webkit-box !important;\n    display: -moz-box !important;\n    display: -ms-box !important;\n    display: box !important;\n}\n.concept-listings .owl-dots {\n    margin-top: 10px;\n    text-align: center;\n}\n.concept-listings .owl-dots .owl-dot {\n    display: inline-block;\n    background: 0 0;\n    color: inherit;\n    border: none;\n    padding: 0 !important;\n}\n.concept-listings .owl-dots .owl-dot.active span {\n    background: var(--link-color, #5191FA);\n}\n.concept-listings .owl-dots .owl-dot span {\n    width: 10px;\n    height: 10px;\n    margin: 5px 7px;\n    background: var(--light-grey-color, #EAEEF3);\n    display: block;\n    transition: opacity 0.2s ease;\n    border-radius: 30px;\n}\n.city-tours-custom .feature_class{\n  left: 0 !important;\n}\n.concept-listings .owl-nav {\n    position: absolute;\n    height: 100%;\n    top: 0;\n    width: 100%;\n    z-index: -1;\n}\n.concept-listings .owl-nav button {\n    position: absolute;\n    top: 50%;\n    margin-top: -18px;\n}\n.concept-listings .owl-nav button.owl-next {\n    right: -66px;\n}\n.concept-listings .owl-nav button.owl-prev {\n    left: -66px;\n}\n.concept-listings .owl-nav button.owl-next span {\n    width: 36px;\n    height: 36px;\n    display: block;\n    background: url(https:\/\/rivierabarcrawltours.com\/wp-content\/uploads\/2021\/06\/arrow-right.png) center center no-repeat;\n    background-size: 100% auto;\n    color: transparent;\n}\n.concept-listings .owl-nav button.owl-prev span {\n    width: 36px;\n    height: 36px;\n    display: block;\n    background: url(https:\/\/rivierabarcrawltours.com\/wp-content\/uploads\/2021\/02\/arrow-left.png) center center no-repeat;\n    background-size: 100% auto;\n    color: transparent;\n}\n\n.city-tours-custom .thumb{\n    border: none !important;\n}\n<\/style><\/div>[vc_separator][\/vc_column][\/vc_row][vc_row][vc_column][vc_row_inner][vc_column_inner][vc_column_text]<\/p>\n<h2>Sobre nuestro Team Building<\/h2>\n<p>[\/vc_column_text][\/vc_column_inner][\/vc_row_inner][vc_row_inner][vc_column_inner width=\u00bb1\/2&#8243;][vc_column_text]<\/p>\n<h3>LA IMPORTANCIA DEL TEAM BUILDING PARA SU EMPRESA<\/h3>\n<p>Habr\u00e1 o\u00eddo hablar de ello, quiz\u00e1 por sus colegas, en la televisi\u00f3n o en las revistas, el \u00abteam building\u00bb est\u00e1 de moda en el mundo laboral desde hace varios a\u00f1os. Pero, \u00bfqu\u00e9 es el team building? \u00bfQu\u00e9 sentido tiene? \u00bfPara qui\u00e9n es y c\u00f3mo funciona?<\/p>\n<p>En cualquier estructura que incluya un gran n\u00famero de personas, a veces es necesario e incluso vital realizar actividades con los compa\u00f1eros fuera del marco profesional. Es una forma de romper la rutina, de crear equipos, de conocerse mejor a nivel personal&#8230; porque al fin y al cabo, \u00a1pasamos mucho tiempo con ellos!<\/p>\n<p>Es ah\u00ed donde entra en juego el team building. El team building es una actividad l\u00fadica, deportiva, cultural, destinada a los empleados de una empresa, llevada a cabo de forma colectiva por todo el grupo cuya finalidad es fortalecer y vincular a las personas en torno al proyecto de la empresa. Vamos a ver en este art\u00edculo en qu\u00e9 consiste y te daremos algunas ideas de team building para desarrollar m\u00e1s la uni\u00f3n del equipo y compartir objetivos comunes.<\/p>\n<p><strong>\u00bfCu\u00e1l es el objetivo del team building?<\/strong><\/p>\n<p>El team building responde a una pregunta fundamental para cualquier proyecto empresarial: \u00bfc\u00f3mo crear un grupo, motivar a los equipos y reunir a un equipo fuerte y a sus miembros en torno a una misi\u00f3n, un objetivo com\u00fan, y esto a largo plazo?<\/p>\n<p>El team building, gracias a un conjunto de actividades l\u00fadicas, deportivas o creativas, reforzar\u00e1 la cohesi\u00f3n entre los miembros de la empresa.<\/p>\n<p>\u00bfEl objetivo? Fomentar el esp\u00edritu de equipo, establecer relaciones, mejorar la comunicaci\u00f3n y el ambiente de trabajo. Tiende al conocimiento del otro y a la solidaridad entre las personas. Al mismo tiempo, ayuda a integrar r\u00e1pidamente a un nuevo miembro en el \u00abc\u00edrculo\u00bb de la empresa.<\/p>\n<p>Sin embargo, las actividades de team building no son puramente recreativas. Al final de cada taller, actividad de team building, o al final de cada reto, se busca la ayuda mutua y la consideraci\u00f3n de los dem\u00e1s. Es una excelente manera de entender a cada miembro del equipo en sus cualidades y sus debilidades, simplemente la cohesi\u00f3n del grupo. Por ello, la mayor\u00eda de las actividades deben realizarse en grupo. Al participar en el team building, los miembros se conocen entre s\u00ed, y un equipo que se conoce es m\u00e1s eficiente y m\u00e1s divertido de trabajar.<\/p>\n<p>\u00bfPor qu\u00e9 hacer team building en la Costa Azul?<br \/>\nUn lugar c\u00e1lido y glamuroso es bueno para la moral de sus colegas<br \/>\nNada como un sabroso plato provenzal para reforzar la cohesi\u00f3n del equipo<br \/>\nUn mont\u00f3n de oportunidades para realizar actividades y retos junto a su equipo<br \/>\nNiza, Cannes, Antibes y algunas de las mejores ciudades de la Riviera Francesa y la Costa Azul son una visita obligada en la regi\u00f3n Con una excelente gastronom\u00eda local y el mar Mediterr\u00e1neo, ciudades como M\u00f3naco, Villefranche sur Mer, Niza o Cannes atraen a muchos turistas. Pero las empresas locales no se quedan al margen.<\/p>\n<p>Al\u00e9jese de sus salas de reuniones y federe la cohesi\u00f3n de su equipo con una actividad de team building.<\/p>\n<p>Organice un seminario, nada mejor para reforzar el esp\u00edritu de equipo, con una b\u00fasqueda del tesoro, una fiesta de asesinatos en una mansi\u00f3n, golf, deportes acu\u00e1ticos o actividades gastron\u00f3micas y visitas a la ciudad. Un momento distinto a las reuniones de trabajo para separar el trabajo de la relajaci\u00f3n, para impulsar la cohesi\u00f3n del grupo y recompensar a su equipo con actividades deportivas.<\/p>\n<p>Seleccionando a los mejores organizadores y gestores de proyectos de team building, podr\u00e1 privatizar un catering para organizar un c\u00f3ctel creativo. Podr\u00e1 organizar las actividades adecuadas, originales y \u00fanicas, que demostrar\u00e1n el cari\u00f1o que siente por su personal y los miembros de su equipo, e incluso tener cubierto todo el alojamiento y el transporte.<\/p>\n<p>En la Costa Azul, encontrar\u00e1 una amplia gama de actividades especialmente dise\u00f1adas para la creaci\u00f3n de equipos. Desde peque\u00f1os equipos hasta retos de incentivo o seminarios de empresa, es una zona ideal para crear un verdadero v\u00ednculo de equipo y compartir objetivos comunes. Con las actividades de team building adecuadas, se puede desarrollar la resoluci\u00f3n de problemas, encontrar la acci\u00f3n adecuada que motive a los equipos. Los ejercicios de creaci\u00f3n de equipos son reconocidos para crear un equipo fuerte. Mejorar su equipo es hacer surgir a los l\u00edderes del equipo; el team building adecuado fomentar\u00e1 la confianza, adem\u00e1s de mejorar la comunicaci\u00f3n y el rendimiento del equipo. Y gracias a las actividades de team building, podr\u00e1 hacer que sus equipos se diviertan.<\/p>\n<p>As\u00ed que, para organizar un evento corporativo, conf\u00ede s\u00f3lo en los mejores organizadores de team building y empresas de eventos y descubra nuestra selecci\u00f3n de las mejores actividades cerca de Niza, Cannes y Antibes.[\/vc_column_text][\/vc_column_inner][vc_column_inner width=\u00bb1\/2&#8243;][vc_column_text]<\/p>\n<h3>Algunas ideas de actividades de team building<\/h3>\n<p>El team building suele proponerse por iniciativa del Departamento de Recursos Humanos, el director de la empresa, el jefe de equipo o incluso el director. Puede encajar perfectamente en un fin de semana de seminario y es perfecto para crear ambiente, reunir a la gente y crear buenos recuerdos.<\/p>\n<p>El concepto de reto es fundamental en el team building, el objetivo es que cada uno d\u00e9 lo mejor de s\u00ed mismo pero con un esp\u00edritu positivo y relajado.<\/p>\n<p><strong>He aqu\u00ed algunas ideas modernas de team building:<\/strong><\/p>\n<ul>\n<li>B\u00fasqueda del tesoro: El equipo se divide en un peque\u00f1o grupo, cada uno con un mapa que lleva a un tesoro. Con pistas escondidas y acertijos por resolver, el primero que encuentre el tesoro gana la partida.<\/li>\n<li>Creaci\u00f3n de un cortometraje: en torno a un escenario improvisado, los participantes tendr\u00e1n que hacer de comediantes para interpretar un papel en una minipel\u00edcula.<\/li>\n<li>Carrera de canoa-kayak o stand up paddle en el agua, donde los participantes deber\u00e1n trabajar en equipo mientras disfrutan de unas actividades divertidas y \u00fanicas.<\/li>\n<li>Juego de paintball o l\u00e1ser con dos grupos equipados con pistolas l\u00e1ser que se enfrentan en un campo de batalla lleno de escondites.<\/li>\n<li>Taller culinario y clases de cocina, a trav\u00e9s de un chef, permite descubrir sabores dignos de las mejores mesas.<\/li>\n<li>Las visitas gastron\u00f3micas y las catas de vino a nuevas ciudades y regiones son estupendas para crear emoci\u00f3n.<\/li>\n<li>Las olimpiadas son un reto deportivo por excelencia; la olimpiada es un cl\u00e1sico de las actividades de team building.<\/li>\n<li>Hay tantas oportunidades para crear un excelente team-building en Niza y en la Costa Azul, que las opciones y elecciones son infinitas.<\/li>\n<li>Visitas a pie. Descubrir una ciudad a pie<\/li>\n<\/ul>\n<p>El team building contribuye al buen humor colectivo. Y cuanto mejor sea la persona, m\u00e1s se motivar\u00e1 la gente del mismo grupo para lograr un objetivo com\u00fan. En Francia, hay muchas empresas especializadas en team building. \u00a1Es una forma estupenda de soldar a los miembros de tu equipo!<\/p>\n<p><strong>Lo que necesita para el \u00e9xito del team building<\/strong><\/p>\n<p>En nuestra turbulenta econom\u00eda basada en el conocimiento, en la que la guerra del talento est\u00e1 en auge, contar con equipos de alto rendimiento y muy unidos es la ventaja competitiva de los tiempos modernos.<\/p>\n<p>La gesti\u00f3n no consiste en invertir en dos o tres estrellas. Siempre tendemos a valorar al \u00abcampe\u00f3n\u00bb de tal o cual proyecto y a los jefes de equipo, pero los que \u00abrealmente\u00bb aseguran la continuidad de las operaciones a diario son TODOS los miembros del equipo.<\/p>\n<p>As\u00ed que, para motivar a toda su tropa, y con los buenos d\u00edas que se avecinan, los directivos dejan germinar ideas de team building para el verano. Al fin y al cabo, hacer un merecido retiro de equipo antes de las vacaciones es una opci\u00f3n realmente atractiva. El team building est\u00e1 pensado para \u00absacar\u00bb a los empleados y fomentar la creatividad, la cohesi\u00f3n del equipo. Pero, \u00bfc\u00f3mo asegurarse de que el evento sea un \u00e9xito?<\/p>\n<p>Te damos algunas preguntas que debes hacerte antes de organizar tu team building, una experiencia que agrade a los participantes y obtenga los resultados esperados para la empresa.<\/p>\n<p><strong>\u00bfEst\u00e1 bien enmarcado su proyecto de team building?<\/strong><\/p>\n<p>Recomiendo siempre recurrir a una empresa externa para organizar sus eventos de team building. Consulte con algunos organizadores locales de eventos y excursiones reconocidos para sus jornadas de team building. Todo proyecto debe comenzar con un motivo bien definido:<\/p>\n<ul>\n<li>\u00bfPor qu\u00e9 quiere organizar un team building?<\/li>\n<li>\u00bfEs la mejor opci\u00f3n desde el punto de vista de los resultados\/inversi\u00f3n?<\/li>\n<li>\u00bfQu\u00e9 objetivo SMART persigue?<\/li>\n<li>\u00bfQu\u00e9 indicadores de \u00e9xito medibles le permitir\u00e1n saber si la iniciativa ha sido un \u00e9xito o un fracaso?<\/li>\n<li>Aseg\u00farese de que su alta direcci\u00f3n conoce las respuestas a estas preguntas y apoya su iniciativa de creaci\u00f3n de equipos.<\/li>\n<\/ul>\n<p>Con su direcci\u00f3n, asegure un presupuesto dedicado a la iniciativa. Entre los costes log\u00edsticos, el alquiler, el catering y los gastos relacionados con las propias actividades de grupo, hay que prever una dotaci\u00f3n. Debes hacer las cuentas y determinar en euros los recursos que puedes\/quieres poner en tu team building.<\/p>\n<p>Por supuesto, tambi\u00e9n tendr\u00e1s que pensar en la naturaleza de las actividades que quieres realizar durante el team building:<\/p>\n<ul>\n<li>\u00bfNecesitas instalaciones deportivas?<\/li>\n<li>\u00bfOrganizar conferencias?<\/li>\n<li>\u00bfReservar un lugar concreto?<\/li>\n<li>\u00bfPoner a disposici\u00f3n de los participantes oradores o proveedores espec\u00edficos?<\/li>\n<\/ul>\n<p><strong>\u00bfInternar o externalizar la organizaci\u00f3n del team building?<\/strong><\/p>\n<p>Puede parecer trivial, pero el hecho es que si quieres materializar tus ideas, ser\u00e1 necesario que alguien organice el evento. Una de las preguntas que podemos hacernos: \u00bfdebemos hacerlo internamente o subcontratar a una agencia especializada en team building?<\/p>\n<p>Instintivamente, queremos delegar en un empleado interno. Pero la organizaci\u00f3n de eventos es un verdadero trabajo y puede llegar a consumir mucho tiempo. No es raro que la persona encargada de organizar el team building dedique un total de varias semanas a la preparaci\u00f3n del evento. En cambio, \u00e9l o ella podr\u00eda haber hecho otra cosa en lugar de responder a las preguntas: dar soporte a los clientes, ayudar a crear mejores productos, optimizar los procesos de trabajo para obtener m\u00e1s productividad, etc.<\/p>\n<p>Por eso hay que plantearse la cuesti\u00f3n de la externalizaci\u00f3n.<\/p>\n<p>Le sorprender\u00eda enumerar todas las ventajas de obtener el trabajo de un socio, a veces mucho m\u00e1s barato que hacerlo internamente.[\/vc_column_text][\/vc_column_inner][\/vc_row_inner][\/vc_column][\/vc_row]<\/p>\n<\/div>","protected":false},"excerpt":{"rendered":"<p>[vc_row el_class=\u00bbcity-tours-custom\u00bb css=\u00bb.vc_custom_1624698957580{margin-top: 40px !important;margin-bottom: 20px !important;}\u00bb][vc_column][vc_column_text] Todos nuestros Team Building [\/vc_column_text][vc_separator][\/vc_column][\/vc_row][vc_row][vc_column][vc_row_inner][vc_column_inner][vc_column_text] Sobre nuestro Team Building [\/vc_column_text][\/vc_column_inner][\/vc_row_inner][vc_row_inner][vc_column_inner width=\u00bb1\/2&#8243;][vc_column_text] LA IMPORTANCIA DEL TEAM BUILDING PARA SU EMPRESA Habr\u00e1 o\u00eddo hablar de ello, quiz\u00e1 por sus colegas, en la televisi\u00f3n o en las revistas, el \u00abteam building\u00bb est\u00e1 de moda en el mundo laboral desde hace varios [&hellip;]<\/p>\n","protected":false},"author":2,"featured_media":63073,"parent":0,"menu_order":0,"comment_status":"closed","ping_status":"closed","template":"template-home-modern.php","meta":{"_acf_changed":false,"footnotes":""},"class_list":["post-70825","page","type-page","status-publish","has-post-thumbnail","hentry"],"acf":[],"yoast_head":"<!-- This site is optimized with the Yoast SEO plugin v27.3 - https:\/\/yoast.com\/product\/yoast-seo-wordpress\/ -->\n<title>Team building - Eventos de empresa Francia y Costa Azul<\/title>\n<meta name=\"description\" content=\"La creaci\u00f3n de equipos suele proponerse por iniciativa del Departamento de Recursos Humanos, el director de la empresa, el jefe de equipo o incluso el director\" \/>\n<meta name=\"robots\" content=\"index, follow, max-snippet:-1, max-image-preview:large, max-video-preview:-1\" \/>\n<link rel=\"canonical\" href=\"https:\/\/rivierabarcrawltours.com\/es\/creacion-de-equipos\/\" \/>\n<meta property=\"og:locale\" content=\"es_ES\" \/>\n<meta property=\"og:type\" content=\"article\" \/>\n<meta property=\"og:title\" content=\"Team building - Eventos de empresa Francia y Costa Azul\" \/>\n<meta property=\"og:description\" content=\"La creaci\u00f3n de equipos suele proponerse por iniciativa del Departamento de Recursos Humanos, el director de la empresa, el jefe de equipo o incluso el director\" \/>\n<meta property=\"og:url\" content=\"https:\/\/rivierabarcrawltours.com\/es\/creacion-de-equipos\/\" \/>\n<meta property=\"og:site_name\" content=\"Riviera Bar Crawl Tours\" \/>\n<meta property=\"article:publisher\" content=\"https:\/\/www.facebook.com\/RivieraBarCrawltours\/\" \/>\n<meta property=\"article:modified_time\" content=\"2026-02-17T08:23:35+00:00\" \/>\n<meta property=\"og:image\" content=\"https:\/\/rivierabarcrawltours.com\/wp-content\/uploads\/2021\/01\/teambuilding-nice.jpg\" \/>\n\t<meta property=\"og:image:width\" content=\"1600\" \/>\n\t<meta property=\"og:image:height\" content=\"1200\" \/>\n\t<meta property=\"og:image:type\" content=\"image\/jpeg\" \/>\n<meta name=\"twitter:card\" content=\"summary_large_image\" \/>\n<meta name=\"twitter:site\" content=\"@rivierabarcrawl\" \/>\n<meta name=\"twitter:label1\" content=\"Tiempo de lectura\" \/>\n\t<meta name=\"twitter:data1\" content=\"9 minutos\" \/>\n<!-- \/ Yoast SEO plugin. -->","yoast_head_json":{"title":"Team building - Eventos de empresa Francia y Costa Azul","description":"La creaci\u00f3n de equipos suele proponerse por iniciativa del Departamento de Recursos Humanos, el director de la empresa, el jefe de equipo o incluso el director","robots":{"index":"index","follow":"follow","max-snippet":"max-snippet:-1","max-image-preview":"max-image-preview:large","max-video-preview":"max-video-preview:-1"},"canonical":"https:\/\/rivierabarcrawltours.com\/es\/creacion-de-equipos\/","og_locale":"es_ES","og_type":"article","og_title":"Team building - Eventos de empresa Francia y Costa Azul","og_description":"La creaci\u00f3n de equipos suele proponerse por iniciativa del Departamento de Recursos Humanos, el director de la empresa, el jefe de equipo o incluso el director","og_url":"https:\/\/rivierabarcrawltours.com\/es\/creacion-de-equipos\/","og_site_name":"Riviera Bar Crawl Tours","article_publisher":"https:\/\/www.facebook.com\/RivieraBarCrawltours\/","article_modified_time":"2026-02-17T08:23:35+00:00","og_image":[{"width":1600,"height":1200,"url":"https:\/\/rivierabarcrawltours.com\/wp-content\/uploads\/2021\/01\/teambuilding-nice.jpg","type":"image\/jpeg"}],"twitter_card":"summary_large_image","twitter_site":"@rivierabarcrawl","twitter_misc":{"Tiempo de lectura":"9 minutos"},"schema":{"@context":"https:\/\/schema.org","@graph":[{"@type":"WebPage","@id":"https:\/\/rivierabarcrawltours.com\/es\/creacion-de-equipos\/","url":"https:\/\/rivierabarcrawltours.com\/es\/creacion-de-equipos\/","name":"Team building - Eventos de empresa Francia y Costa Azul","isPartOf":{"@id":"https:\/\/rivierabarcrawltours.com\/#website"},"primaryImageOfPage":{"@id":"https:\/\/rivierabarcrawltours.com\/es\/creacion-de-equipos\/#primaryimage"},"image":{"@id":"https:\/\/rivierabarcrawltours.com\/es\/creacion-de-equipos\/#primaryimage"},"thumbnailUrl":"https:\/\/rivierabarcrawltours.com\/wp-content\/uploads\/2021\/01\/teambuilding-nice.jpg","datePublished":"2021-03-01T10:27:49+00:00","dateModified":"2026-02-17T08:23:35+00:00","description":"La creaci\u00f3n de equipos suele proponerse por iniciativa del Departamento de Recursos Humanos, el director de la empresa, el jefe de equipo o incluso el director","breadcrumb":{"@id":"https:\/\/rivierabarcrawltours.com\/es\/creacion-de-equipos\/#breadcrumb"},"inLanguage":"es","potentialAction":[{"@type":"ReadAction","target":["https:\/\/rivierabarcrawltours.com\/es\/creacion-de-equipos\/"]}]},{"@type":"ImageObject","inLanguage":"es","@id":"https:\/\/rivierabarcrawltours.com\/es\/creacion-de-equipos\/#primaryimage","url":"https:\/\/rivierabarcrawltours.com\/wp-content\/uploads\/2021\/01\/teambuilding-nice.jpg","contentUrl":"https:\/\/rivierabarcrawltours.com\/wp-content\/uploads\/2021\/01\/teambuilding-nice.jpg","width":1600,"height":1200,"caption":"Creaci\u00f3n de equipos"},{"@type":"BreadcrumbList","@id":"https:\/\/rivierabarcrawltours.com\/es\/creacion-de-equipos\/#breadcrumb","itemListElement":[{"@type":"ListItem","position":1,"name":"Home","item":"https:\/\/rivierabarcrawltours.com\/es\/"},{"@type":"ListItem","position":2,"name":"Concepto","item":"https:\/\/rivierabarcrawltours.com\/es\/experiences\/"},{"@type":"ListItem","position":3,"name":"Team Building"}]},{"@type":"WebSite","@id":"https:\/\/rivierabarcrawltours.com\/#website","url":"https:\/\/rivierabarcrawltours.com\/","name":"Riviera Bar Crawl Tours","description":"Fun Day &amp; Night Experiences I Tour operator I Guided Tours I Bar Crawls I Food Tours I","publisher":{"@id":"https:\/\/rivierabarcrawltours.com\/#organization"},"potentialAction":[{"@type":"SearchAction","target":{"@type":"EntryPoint","urlTemplate":"https:\/\/rivierabarcrawltours.com\/?s={search_term_string}"},"query-input":{"@type":"PropertyValueSpecification","valueRequired":true,"valueName":"search_term_string"}}],"inLanguage":"es"},{"@type":"Organization","@id":"https:\/\/rivierabarcrawltours.com\/#organization","name":"Riviera Bar Crawl Tours","url":"https:\/\/rivierabarcrawltours.com\/","logo":{"@type":"ImageObject","inLanguage":"es","@id":"https:\/\/rivierabarcrawltours.com\/#\/schema\/logo\/image\/","url":"https:\/\/rivierabarcrawltours.com\/wp-content\/uploads\/2019\/07\/logo.png","contentUrl":"https:\/\/rivierabarcrawltours.com\/wp-content\/uploads\/2019\/07\/logo.png","width":479,"height":453,"caption":"Riviera Bar Crawl Tours"},"image":{"@id":"https:\/\/rivierabarcrawltours.com\/#\/schema\/logo\/image\/"},"sameAs":["https:\/\/www.facebook.com\/RivieraBarCrawltours\/","https:\/\/x.com\/rivierabarcrawl"]}]}},"_links":{"self":[{"href":"https:\/\/rivierabarcrawltours.com\/es\/wp-json\/wp\/v2\/pages\/70825","targetHints":{"allow":["GET"]}}],"collection":[{"href":"https:\/\/rivierabarcrawltours.com\/es\/wp-json\/wp\/v2\/pages"}],"about":[{"href":"https:\/\/rivierabarcrawltours.com\/es\/wp-json\/wp\/v2\/types\/page"}],"author":[{"embeddable":true,"href":"https:\/\/rivierabarcrawltours.com\/es\/wp-json\/wp\/v2\/users\/2"}],"replies":[{"embeddable":true,"href":"https:\/\/rivierabarcrawltours.com\/es\/wp-json\/wp\/v2\/comments?post=70825"}],"version-history":[{"count":4,"href":"https:\/\/rivierabarcrawltours.com\/es\/wp-json\/wp\/v2\/pages\/70825\/revisions"}],"predecessor-version":[{"id":126621,"href":"https:\/\/rivierabarcrawltours.com\/es\/wp-json\/wp\/v2\/pages\/70825\/revisions\/126621"}],"wp:featuredmedia":[{"embeddable":true,"href":"https:\/\/rivierabarcrawltours.com\/es\/wp-json\/wp\/v2\/media\/63073"}],"wp:attachment":[{"href":"https:\/\/rivierabarcrawltours.com\/es\/wp-json\/wp\/v2\/media?parent=70825"}],"curies":[{"name":"wp","href":"https:\/\/api.w.org\/{rel}","templated":true}]}}