{"id":70809,"date":"2021-03-01T10:17:50","date_gmt":"2021-03-01T09:17:50","guid":{"rendered":"https:\/\/rivierabarcrawltours.com\/concepto\/excursiones-en-tierra\/"},"modified":"2022-04-06T13:06:09","modified_gmt":"2022-04-06T11:06:09","slug":"excursiones-en-tierra","status":"publish","type":"page","link":"https:\/\/rivierabarcrawltours.com\/es\/excursiones-en-tierra\/","title":{"rendered":"Excursiones en tierra"},"content":{"rendered":"<div class=\"wpb-content-wrapper\"><p>[vc_row el_class=\u00bbcity-tours-custom\u00bb css=\u00bb.vc_custom_1624699065262{margin-top: 40px !important;margin-bottom: 20px !important;}\u00bb][vc_column][vc_column_text]<\/p>\n<h2>Todas nuestras excursiones en tierra<\/h2>\n<p>[\/vc_column_text]<div class='list_tours'>   <div class=\"concept-listings owl-carousel owl-theme\">\n   <\/div>\n\n    \n<script type=\"text\/javascript\">\n$(document).ready(function() {\n       $(\".concept-listings\").owlCarousel({\n        margin:20,\n                dots:true,\n        responsiveClass:true,\n        responsive:{\n            0:{\n                items:1,\n                nav:false\n            },\n            600:{\n                items:3,\n                nav:false\n            },\n            1000:{\n                items:4,\n                nav:true\n            }\n        }\n       });\n}); \n\n<\/script>\n\n<style type=\"text\/css\">\n.concept-listings .owl-stage {\n    display: -webkit-box !important;\n    display: -moz-box !important;\n    display: -ms-box !important;\n    display: box !important;\n}\n.concept-listings .owl-dots {\n    margin-top: 10px;\n    text-align: center;\n}\n.concept-listings .owl-dots .owl-dot {\n    display: inline-block;\n    background: 0 0;\n    color: inherit;\n    border: none;\n    padding: 0 !important;\n}\n.concept-listings .owl-dots .owl-dot.active span {\n    background: var(--link-color, #5191FA);\n}\n.concept-listings .owl-dots .owl-dot span {\n    width: 10px;\n    height: 10px;\n    margin: 5px 7px;\n    background: var(--light-grey-color, #EAEEF3);\n    display: block;\n    transition: opacity 0.2s ease;\n    border-radius: 30px;\n}\n.city-tours-custom .feature_class{\n  left: 0 !important;\n}\n.concept-listings .owl-nav {\n    position: absolute;\n    height: 100%;\n    top: 0;\n    width: 100%;\n    z-index: -1;\n}\n.concept-listings .owl-nav button {\n    position: absolute;\n    top: 50%;\n    margin-top: -18px;\n}\n.concept-listings .owl-nav button.owl-next {\n    right: -66px;\n}\n.concept-listings .owl-nav button.owl-prev {\n    left: -66px;\n}\n.concept-listings .owl-nav button.owl-next span {\n    width: 36px;\n    height: 36px;\n    display: block;\n    background: url(https:\/\/rivierabarcrawltours.com\/wp-content\/uploads\/2021\/06\/arrow-right.png) center center no-repeat;\n    background-size: 100% auto;\n    color: transparent;\n}\n.concept-listings .owl-nav button.owl-prev span {\n    width: 36px;\n    height: 36px;\n    display: block;\n    background: url(https:\/\/rivierabarcrawltours.com\/wp-content\/uploads\/2021\/02\/arrow-left.png) center center no-repeat;\n    background-size: 100% auto;\n    color: transparent;\n}\n\n.city-tours-custom .thumb{\n    border: none !important;\n}\n<\/style><\/div>[vc_separator][\/vc_column][\/vc_row][vc_row][vc_column][vc_row_inner][vc_column_inner][vc_column_text]<\/p>\n<h2>Acerca de nuestras excursiones en tierra<\/h2>\n<p>[\/vc_column_text][\/vc_column_inner][\/vc_row_inner][vc_row_inner][vc_column_inner][vc_column_text]La Costa Azul es el destino so\u00f1ado por cualquier turista. \u00bfY es realmente una sorpresa? Al fin y al cabo, la regi\u00f3n est\u00e1 repleta de atractivos maravillosos. Tanto si quiere tomar el sol en la playa, como si quiere degustar lo mejor de la cocina local, explorar las joyas ocultas de la Riviera o disfrutar de una experiencia vin\u00edcola, seguro que lo encontrar\u00e1 aqu\u00ed, en la Costa Azul.<\/p>\n<p>Al haber trabajado en el sector del turismo durante tantos a\u00f1os, hemos llegado a comprender lo que hace que una experiencia sea memorable. Y tratamos de aplicarlo a todas nuestras excursiones y actividades. Durante cualquiera de nuestras excursiones en tierra, estar\u00e1 en manos de un experto local de confianza con a\u00f1os de experiencia y un amplio conocimiento de la regi\u00f3n. Conocen la Costa Azul como la palma de su mano, por lo que puede estar seguro de que aprender\u00e1 todos los mejores consejos y trucos para aprovechar al m\u00e1ximo su estancia. Nuestros gu\u00edas tambi\u00e9n est\u00e1n aqu\u00ed porque les encanta trabajar con la gente y compartir nuestra cultura \u00fanica con ellos. As\u00ed que no tenga miedo de interactuar y hacer preguntas, \u00a1nuestros gu\u00edas estar\u00e1n encantados de ayudarle!<\/p>\n<p>S\u00ed, ofrecemos una buena cantidad de excursiones y actividades generales. Sin embargo, te pierdes las ventajas de un tour privado personalizado. Si viaja con un grupo, es l\u00f3gico que quiera disfrutar de la experiencia y crear recuerdos entre vosotros. Algo que puede ser dif\u00edcil de hacer si est\u00e1 atrapado en un grupo de otros 50 turistas alborotados. Adem\u00e1s, con nuestras excursiones y actividades privadas, podr\u00e1 personalizar su d\u00eda. \u00bfDesea parar en alg\u00fan lugar para almorzar u organizar el transporte para que le recoja en su hotel? Entonces s\u00f3lo tiene que dec\u00edrnoslo con antelaci\u00f3n y organizaremos el d\u00eda ideal para usted y su grupo en tan s\u00f3lo 72 horas. Por no hablar de la atenci\u00f3n personal que recibir\u00e1 de nuestros expertos gu\u00edas. Esc\u00e1pese de los cuervos y conozca la ciudad m\u00e1s \u00edntimamente.<\/p>\n<p>Organizar sus vacaciones m\u00e1s memorables nunca ha sido tan f\u00e1cil como con nuestros paquetes de excursiones en tierra. As\u00ed que empiece a reservar y no dude en ponerse en contacto con nosotros para cualquier petici\u00f3n o consulta. Al fin y al cabo, su satisfacci\u00f3n es nuestra m\u00e1xima prioridad.[\/vc_column_text][vc_column_text][\/vc_column_text][\/vc_column_inner][\/vc_row_inner][\/vc_column][\/vc_row]<\/p>\n<\/div>","protected":false},"excerpt":{"rendered":"<p>[vc_row el_class=\u00bbcity-tours-custom\u00bb css=\u00bb.vc_custom_1624699065262{margin-top: 40px !important;margin-bottom: 20px !important;}\u00bb][vc_column][vc_column_text] Todas nuestras excursiones en tierra [\/vc_column_text][vc_separator][\/vc_column][\/vc_row][vc_row][vc_column][vc_row_inner][vc_column_inner][vc_column_text] Acerca de nuestras excursiones en tierra [\/vc_column_text][\/vc_column_inner][\/vc_row_inner][vc_row_inner][vc_column_inner][vc_column_text]La Costa Azul es el destino so\u00f1ado por cualquier turista. \u00bfY es realmente una sorpresa? Al fin y al cabo, la regi\u00f3n est\u00e1 repleta de atractivos maravillosos. Tanto si quiere tomar el sol en la playa, [&hellip;]<\/p>\n","protected":false},"author":2,"featured_media":63628,"parent":0,"menu_order":0,"comment_status":"closed","ping_status":"closed","template":"template-home-modern.php","meta":{"_acf_changed":false,"footnotes":""},"class_list":["post-70809","page","type-page","status-publish","has-post-thumbnail","hentry"],"acf":[],"yoast_head":"<!-- This site is optimized with the Yoast SEO plugin v27.3 - https:\/\/yoast.com\/product\/yoast-seo-wordpress\/ -->\n<title>Archives des  | Riviera Bar Crawl Tours<\/title>\n<meta name=\"description\" content=\"La Costa Azul se asocia con un clima estupendo, hermosas playas y paisajes incre\u00edbles. Independientemente de si se aloja aqu\u00ed de vacaciones o simplemente est\u00e1 de paso.\" \/>\n<meta name=\"robots\" content=\"index, follow, max-snippet:-1, max-image-preview:large, max-video-preview:-1\" \/>\n<link rel=\"canonical\" href=\"https:\/\/rivierabarcrawltours.com\/es\/excursiones-en-tierra\/\" \/>\n<meta property=\"og:locale\" content=\"es_ES\" \/>\n<meta property=\"og:type\" content=\"article\" \/>\n<meta property=\"og:title\" content=\"Archives des  | Riviera Bar Crawl Tours\" \/>\n<meta property=\"og:description\" content=\"La Costa Azul se asocia con un clima estupendo, hermosas playas y paisajes incre\u00edbles. Independientemente de si se aloja aqu\u00ed de vacaciones o simplemente est\u00e1 de paso.\" \/>\n<meta property=\"og:url\" content=\"https:\/\/rivierabarcrawltours.com\/es\/excursiones-en-tierra\/\" \/>\n<meta property=\"og:site_name\" content=\"Riviera Bar Crawl Tours\" \/>\n<meta property=\"article:publisher\" content=\"https:\/\/www.facebook.com\/RivieraBarCrawltours\/\" \/>\n<meta property=\"article:modified_time\" content=\"2022-04-06T11:06:09+00:00\" \/>\n<meta property=\"og:image\" content=\"https:\/\/rivierabarcrawltours.com\/wp-content\/uploads\/2021\/02\/shore-excursions-pic6.jpg\" \/>\n\t<meta property=\"og:image:width\" content=\"1920\" \/>\n\t<meta property=\"og:image:height\" content=\"1825\" \/>\n\t<meta property=\"og:image:type\" content=\"image\/jpeg\" \/>\n<meta name=\"twitter:card\" content=\"summary_large_image\" \/>\n<meta name=\"twitter:site\" content=\"@rivierabarcrawl\" \/>\n<meta name=\"twitter:label1\" content=\"Tiempo de lectura\" \/>\n\t<meta name=\"twitter:data1\" content=\"3 minutos\" \/>\n<!-- \/ Yoast SEO plugin. -->","yoast_head_json":{"title":"Archives des  | Riviera Bar Crawl Tours","description":"La Costa Azul se asocia con un clima estupendo, hermosas playas y paisajes incre\u00edbles. Independientemente de si se aloja aqu\u00ed de vacaciones o simplemente est\u00e1 de paso.","robots":{"index":"index","follow":"follow","max-snippet":"max-snippet:-1","max-image-preview":"max-image-preview:large","max-video-preview":"max-video-preview:-1"},"canonical":"https:\/\/rivierabarcrawltours.com\/es\/excursiones-en-tierra\/","og_locale":"es_ES","og_type":"article","og_title":"Archives des  | Riviera Bar Crawl Tours","og_description":"La Costa Azul se asocia con un clima estupendo, hermosas playas y paisajes incre\u00edbles. Independientemente de si se aloja aqu\u00ed de vacaciones o simplemente est\u00e1 de paso.","og_url":"https:\/\/rivierabarcrawltours.com\/es\/excursiones-en-tierra\/","og_site_name":"Riviera Bar Crawl Tours","article_publisher":"https:\/\/www.facebook.com\/RivieraBarCrawltours\/","article_modified_time":"2022-04-06T11:06:09+00:00","og_image":[{"width":1920,"height":1825,"url":"https:\/\/rivierabarcrawltours.com\/wp-content\/uploads\/2021\/02\/shore-excursions-pic6.jpg","type":"image\/jpeg"}],"twitter_card":"summary_large_image","twitter_site":"@rivierabarcrawl","twitter_misc":{"Tiempo de lectura":"3 minutos"},"schema":{"@context":"https:\/\/schema.org","@graph":[{"@type":"WebPage","@id":"https:\/\/rivierabarcrawltours.com\/es\/excursiones-en-tierra\/","url":"https:\/\/rivierabarcrawltours.com\/es\/excursiones-en-tierra\/","name":"Archives des | Riviera Bar Crawl Tours","isPartOf":{"@id":"https:\/\/rivierabarcrawltours.com\/#website"},"primaryImageOfPage":{"@id":"https:\/\/rivierabarcrawltours.com\/es\/excursiones-en-tierra\/#primaryimage"},"image":{"@id":"https:\/\/rivierabarcrawltours.com\/es\/excursiones-en-tierra\/#primaryimage"},"thumbnailUrl":"https:\/\/rivierabarcrawltours.com\/wp-content\/uploads\/2021\/02\/shore-excursions-pic6.jpg","datePublished":"2021-03-01T09:17:50+00:00","dateModified":"2022-04-06T11:06:09+00:00","description":"La Costa Azul se asocia con un clima estupendo, hermosas playas y paisajes incre\u00edbles. Independientemente de si se aloja aqu\u00ed de vacaciones o simplemente est\u00e1 de paso.","breadcrumb":{"@id":"https:\/\/rivierabarcrawltours.com\/es\/excursiones-en-tierra\/#breadcrumb"},"inLanguage":"es","potentialAction":[{"@type":"ReadAction","target":["https:\/\/rivierabarcrawltours.com\/es\/excursiones-en-tierra\/"]}]},{"@type":"ImageObject","inLanguage":"es","@id":"https:\/\/rivierabarcrawltours.com\/es\/excursiones-en-tierra\/#primaryimage","url":"https:\/\/rivierabarcrawltours.com\/wp-content\/uploads\/2021\/02\/shore-excursions-pic6.jpg","contentUrl":"https:\/\/rivierabarcrawltours.com\/wp-content\/uploads\/2021\/02\/shore-excursions-pic6.jpg","width":1920,"height":1825,"caption":"Excursiones en tierra"},{"@type":"BreadcrumbList","@id":"https:\/\/rivierabarcrawltours.com\/es\/excursiones-en-tierra\/#breadcrumb","itemListElement":[{"@type":"ListItem","position":1,"name":"Home","item":"https:\/\/rivierabarcrawltours.com\/es\/"},{"@type":"ListItem","position":2,"name":"Concepto","item":"https:\/\/rivierabarcrawltours.com\/es\/experiences\/"},{"@type":"ListItem","position":3,"name":"Excursiones en tierra"}]},{"@type":"WebSite","@id":"https:\/\/rivierabarcrawltours.com\/#website","url":"https:\/\/rivierabarcrawltours.com\/","name":"Riviera Bar Crawl Tours","description":"Fun Day &amp; Night Experiences I Tour operator I Guided Tours I Bar Crawls I Food Tours I","publisher":{"@id":"https:\/\/rivierabarcrawltours.com\/#organization"},"potentialAction":[{"@type":"SearchAction","target":{"@type":"EntryPoint","urlTemplate":"https:\/\/rivierabarcrawltours.com\/?s={search_term_string}"},"query-input":{"@type":"PropertyValueSpecification","valueRequired":true,"valueName":"search_term_string"}}],"inLanguage":"es"},{"@type":"Organization","@id":"https:\/\/rivierabarcrawltours.com\/#organization","name":"Riviera Bar Crawl Tours","url":"https:\/\/rivierabarcrawltours.com\/","logo":{"@type":"ImageObject","inLanguage":"es","@id":"https:\/\/rivierabarcrawltours.com\/#\/schema\/logo\/image\/","url":"https:\/\/rivierabarcrawltours.com\/wp-content\/uploads\/2019\/07\/logo.png","contentUrl":"https:\/\/rivierabarcrawltours.com\/wp-content\/uploads\/2019\/07\/logo.png","width":479,"height":453,"caption":"Riviera Bar Crawl Tours"},"image":{"@id":"https:\/\/rivierabarcrawltours.com\/#\/schema\/logo\/image\/"},"sameAs":["https:\/\/www.facebook.com\/RivieraBarCrawltours\/","https:\/\/x.com\/rivierabarcrawl"]}]}},"_links":{"self":[{"href":"https:\/\/rivierabarcrawltours.com\/es\/wp-json\/wp\/v2\/pages\/70809","targetHints":{"allow":["GET"]}}],"collection":[{"href":"https:\/\/rivierabarcrawltours.com\/es\/wp-json\/wp\/v2\/pages"}],"about":[{"href":"https:\/\/rivierabarcrawltours.com\/es\/wp-json\/wp\/v2\/types\/page"}],"author":[{"embeddable":true,"href":"https:\/\/rivierabarcrawltours.com\/es\/wp-json\/wp\/v2\/users\/2"}],"replies":[{"embeddable":true,"href":"https:\/\/rivierabarcrawltours.com\/es\/wp-json\/wp\/v2\/comments?post=70809"}],"version-history":[{"count":4,"href":"https:\/\/rivierabarcrawltours.com\/es\/wp-json\/wp\/v2\/pages\/70809\/revisions"}],"predecessor-version":[{"id":93923,"href":"https:\/\/rivierabarcrawltours.com\/es\/wp-json\/wp\/v2\/pages\/70809\/revisions\/93923"}],"wp:featuredmedia":[{"embeddable":true,"href":"https:\/\/rivierabarcrawltours.com\/es\/wp-json\/wp\/v2\/media\/63628"}],"wp:attachment":[{"href":"https:\/\/rivierabarcrawltours.com\/es\/wp-json\/wp\/v2\/media?parent=70809"}],"curies":[{"name":"wp","href":"https:\/\/api.w.org\/{rel}","templated":true}]}}