{"id":126789,"date":"2026-02-18T12:19:30","date_gmt":"2026-02-18T11:19:30","guid":{"rendered":"https:\/\/rivierabarcrawltours.com\/hazte-socio-nuevo\/"},"modified":"2026-02-18T12:19:30","modified_gmt":"2026-02-18T11:19:30","slug":"hazte-socio-nuevo","status":"publish","type":"page","link":"https:\/\/rivierabarcrawltours.com\/es\/hazte-socio-nuevo\/","title":{"rendered":"Hazte socio Nuevo"},"content":{"rendered":"<div class=\"wpb-content-wrapper\"><p>[vc_row full_width=\u00bbstretch_row_content_no_spaces\u00bb css=\u00bb.vc_custom_1768572290285{padding-top: 100px !important;padding-bottom: 100px !important;background-image: url(https:\/\/rivierabarcrawltours.com\/wp-content\/uploads\/2024\/04\/pub-crawl-nice-1-1.jpg?id=112063) !important;}\u00bb el_class=\u00bbtext-center st-become-banner\u00bb][vc_column][vc_column_text css=\u00bb\u00bb]<\/p>\n<h1 style=\"text-align: center; color: #ffffff;\">Transforma tu pasi\u00f3n en un imperio: convi\u00e9rtete en socio de Riviera Bar Crawl &amp; Tours ?<\/h1>\n<p style=\"text-align: center; color: #ffffff;\">15 a\u00f1os de experiencia &#8211; IA y automatizaci\u00f3n &#8211; Exclusividad territorial<\/p>\n<p>[\/vc_column_text][vc_column_text css=\u00bb.vc_custom_1768582216890{background-position: center !important;background-repeat: no-repeat !important;background-size: contain !important;}\u00bb]<a class=\"signup btn btn-danger btn-lg\" style=\"display: none;\" data-toggle=\"modal\" data-target=\"#st-register-form\">Reg\u00edstrate ahora<\/a><\/p>\n<p><a class=\"signup btn btn-danger btn-lg\" href=\"https:\/\/docs.google.com\/forms\/d\/1iAIpiWnmkwC0OE1gNtyRe7L_jGifWTH6dJrOp1AJuFM\/edit\" target=\"_blank\" rel=\"noopener noreferrer\">Reg\u00edstrate ahora<\/a>[\/vc_column_text][\/vc_column][\/vc_row][vc_row][vc_column][vc_empty_space height=\u00bb45px\u00bb][vc_column_text css=\u00bb\u00bb]<\/p>\n<h2 style=\"text-align: center;\">\ud83d\udc8e \u00bfPor qu\u00e9 Riviera? \u00bfEl poder de 15 a\u00f1os de excelencia? <\/h2>\n<p>[\/vc_column_text][vc_empty_space height=\u00bb20px\u00bb][vc_column_text css=\u00bb\u00bb]<\/p>\n<p data-path-to-node=\"7\">Emprender un negocio en solitario es una apuesta arriesgada. Con nosotros, evitar\u00e1s los errores fatales que cuestan tiempo y capital. <\/p>\n<ul data-path-to-node=\"8\">\n<li>\n<p data-path-to-node=\"8,0,0\"><b data-path-to-node=\"8,0,0\" data-index-in-node=\"0\">Modelo probado:<\/b> Hemos optimizado cada detalle, desde la psicolog\u00eda de los hu\u00e9spedes hasta los costes de vertido precisos.<\/p>\n<\/li>\n<li>\n<p data-path-to-node=\"8,1,0\"><b data-path-to-node=\"8,1,0\" data-index-in-node=\"0\">Lanzamiento expr\u00e9s:<\/b> Estar operativo y generar ingresos en menos de <b data-path-to-node=\"8,1,0\" data-index-in-node=\"67\">45 d\u00edas<\/b>.<\/p>\n<\/li>\n<li>\n<p data-path-to-node=\"8,2,0\"><b data-path-to-node=\"8,2,0\" data-index-in-node=\"0\">Activo financiero, no s\u00f3lo un trabajo:<\/b> Nuestro sistema est\u00e1 dise\u00f1ado para que puedas dirigir tu empresa a distancia mediante la delegaci\u00f3n de alto nivel y la IA.<\/p>\n<\/li>\n<\/ul>\n<p>[\/vc_column_text][vc_column_text css=\u00bb\u00bb]<\/p>\n<h2 style=\"text-align: center;\">Ventajas exclusivas reci\u00e9n desbloqueadas para ti: ?<\/h2>\n<p>[\/vc_column_text][vc_empty_space height=\u00bb20px\u00bb][vc_column_text css=\u00bb\u00bb]Construido sobre 15 a\u00f1os de datos: El modelo de negocio Plug and Play definitivo[\/vc_column_text][vc_empty_space height=\u00bb10px\u00bb][\/vc_column][\/vc_row][vc_row el_class=\u00bbst-become-feature-wrapper text-center\u00bb][vc_column][vc_row_inner equal_height=\u00bbyes\u00bb el_class=\u00bbst-become-feature text-center\u00bb css=\u00bb.vc_custom_1611486005850{margin-top: 10px !important;margin-bottom: 10px !important;}\u00bb][vc_column_inner el_class=\u00bbcolumn1&#8243; width=\u00bb1\/3&#8243;][vc_column_text css=\u00bb\u00bb]<\/p>\n<h3 data-path-to-node=\"4\"><b data-path-to-node=\"4\" data-index-in-node=\"0\">\ud83e\udd1d Las ventajas principales de la asociaci\u00f3n:<\/b><\/h3>\n<ul data-path-to-node=\"5\">\n<li>\n<p style=\"text-align: left;\" data-path-to-node=\"5,0,0\"><b data-path-to-node=\"5,0,0\" data-index-in-node=\"0\">\ud83c\udfaf El modelo de \u00e9xito probado:<\/b> Deja de adivinar. Llevamos 1,5 d\u00e9cadas optimizando cada microdetalle, desde <b data-path-to-node=\"5,0,0\" data-index-in-node=\"107\">la psicolog\u00eda de los clientes<\/b> y el flujo de p\u00fablico hasta los <b data-path-to-node=\"5,0,0\" data-index-in-node=\"142\">costes de vertido<\/b> y los m\u00e1rgenes de beneficio <b data-path-to-node=\"5,0,0\" data-index-in-node=\"142\">precisos<\/b>. Heredas una f\u00f3rmula que ya es ganadora. \ud83c\udfc6 <\/p>\n<\/li>\n<li style=\"text-align: left;\">\n<p data-path-to-node=\"5,1,0\"><b data-path-to-node=\"5,1,0\" data-index-in-node=\"0\">\u26a1 Entrada expr\u00e9s en el mercado (lanzamiento en &lt;45 d\u00edas):<\/b> El tiempo es oro. Nuestra incorporaci\u00f3n \u00abPlug-and-Play\u00bb te permite estar plenamente operativo y <b data-path-to-node=\"5,1,0\" data-index-in-node=\"130\">generar ingresos en menos de 45 d\u00edas<\/b>. Nosotros ponemos la infraestructura; t\u00fa s\u00f3lo tienes que darle al interruptor. \ud83d\udd0c <\/p>\n<\/li>\n<li style=\"text-align: left;\">\n<p data-path-to-node=\"5,2,0\"><b data-path-to-node=\"5,2,0\" data-index-in-node=\"0\">\ud83d\udcb0 Un modelo de negocio que da prioridad a los activos:<\/b> Esto no es un \u00abtrabajo\u00bb, es un activo financiero escalable. Nuestro sistema est\u00e1 dise\u00f1ado para el <b data-path-to-node=\"5,2,0\" data-index-in-node=\"114\">liderazgo remoto<\/b>. Mediante una delegaci\u00f3n de alto nivel y nuestras herramientas de IA, puedes gestionar tu imperio desde cualquier lugar del mundo. \ud83c\udf0e <\/p>\n<\/li>\n<li style=\"text-align: left;\">\n<p data-path-to-node=\"5,3,0\"><b data-path-to-node=\"5,3,0\" data-index-in-node=\"0\">\ud83d\udcc8 Dominio basado en datos:<\/b> Aprovecha 15 a\u00f1os de reputaci\u00f3n mundial y dominio SEO. Cuando abras tus puertas, no ser\u00e1s un \u00abnovato\u00bb: ser\u00e1s la sucursal local de un l\u00edder mundial con los datos que respaldan cada movimiento. \ud83d\udc8e<\/p>\n<\/li>\n<li>\n<p style=\"text-align: left;\" data-path-to-node=\"5,4,0\"><b data-path-to-node=\"5,4,0\" data-index-in-node=\"0\">\ud83d\udcc9 Garant\u00eda de Mitigaci\u00f3n de Riesgos:<\/b> Al utilizar nuestros <b data-path-to-node=\"5,4,0\" data-index-in-node=\"56\">PNT (Procedimientos Operativos Est\u00e1ndar<\/b> ) estandarizados y m\u00e9tricas hist\u00f3ricas, eliminas la fase de prueba y error que hace fracasar al 90% de las startups independientes. \ud83d\uded1<\/p>\n<\/li>\n<\/ul>\n<p>[\/vc_column_text][\/vc_column_inner][vc_column_inner width=\u00bb1\/3&#8243;][vc_column_text css=\u00bb\u00bb]<\/p>\n<h3>\ud83e\udd16 El Arsenal de la \u00abUltra-Automatizaci\u00f3n\u00bb (Tu Ventaja Competitiva)<\/h3>\n<p>[\/vc_column_text][vc_column_text css=\u00bb\u00bb]<\/p>\n<p style=\"text-align: left;\" data-path-to-node=\"11\">Ponemos la tecnolog\u00eda punta al servicio de tu rentabilidad:<\/p>\n<ul data-path-to-node=\"12\">\n<li style=\"text-align: left;\">\n<p data-path-to-node=\"12,0,0\"><b data-path-to-node=\"12,0,0\" data-index-in-node=\"0\">Agente IA y Bot de WhatsApp 24\/7:<\/b> Tu agente virtual gestiona correos electr\u00f3nicos y califica clientes potenciales en WhatsApp al instante. Atenci\u00f3n al cliente profesional sin costes de n\u00f3mina. <\/p>\n<\/li>\n<li style=\"text-align: left;\">\n<p data-path-to-node=\"12,1,0\"><b data-path-to-node=\"12,1,0\" data-index-in-node=\"0\">Sincronizaci\u00f3n multiplataforma:<\/b> Sincronizaci\u00f3n del inventario en tiempo real con <b data-path-to-node=\"12,1,0\" data-index-in-node=\"62\">Viator, GetYourGuide, Airbnb Experiences y Expedia<\/b>. Cero overbooking, 100% de ocupaci\u00f3n. <\/p>\n<\/li>\n<li>\n<p style=\"text-align: left;\" data-path-to-node=\"12,2,0\"><b data-path-to-node=\"12,2,0\" data-index-in-node=\"0\">Herramienta de Programaci\u00f3n Automatizada de Equipos:<\/b> Planifica los turnos de tus gu\u00edas y personal en s\u00f3lo dos clics. Incluye notificaciones autom\u00e1ticas y seguimiento integrado del rendimiento. <\/p>\n<\/li>\n<\/ul>\n<p>[\/vc_column_text][\/vc_column_inner][vc_column_inner width=\u00bb1\/3&#8243;][vc_column_text css=\u00bb\u00bb]<\/p>\n<h3>\ud83c\udfaf Dominaci\u00f3n del Marketing 360<\/h3>\n<p>[\/vc_column_text][vc_column_text css=\u00bb\u00bb]<\/p>\n<p style=\"text-align: left;\" data-path-to-node=\"15\">Proporcionamos algo m\u00e1s que un logotipo; entregamos una m\u00e1quina de captaci\u00f3n de clientes:<\/p>\n<ul data-path-to-node=\"16\">\n<li style=\"text-align: left;\">\n<p data-path-to-node=\"16,0,0\"><b data-path-to-node=\"16,0,0\" data-index-in-node=\"0\">Social Ads Power:<\/b> Estrategias y audiencias listas para usar para <b data-path-to-node=\"16,0,0\" data-index-in-node=\"59\">Google Ads (B\u00fasqueda\/Mapas), Meta (Facebook\/Instagram) y TikTok<\/b>.<\/p>\n<\/li>\n<li style=\"text-align: left;\">\n<p data-path-to-node=\"16,1,0\"><b data-path-to-node=\"16,1,0\" data-index-in-node=\"0\">SEO local:<\/b> Domina los resultados de b\u00fasqueda de Google en tu ciudad desde el primer d\u00eda.<\/p>\n<\/li>\n<li>\n<p style=\"text-align: left;\" data-path-to-node=\"16,2,0\"><b data-path-to-node=\"16,2,0\" data-index-in-node=\"0\">Biblioteca de dise\u00f1o y gr\u00e1ficos:<\/b> Acceso ilimitado a miles de plantillas premium (Canva\/Adobe) para carteles, folletos, pancartas y redes sociales. Marca profesional sin costes de agencia. <\/p>\n<\/li>\n<\/ul>\n<p>[\/vc_column_text][\/vc_column_inner][\/vc_row_inner][vc_row_inner equal_height=\u00bbyes\u00bb el_class=\u00bbst-become-feature text-center\u00bb css=\u00bb.vc_custom_1611485996885{margin-top: 10px !important;margin-bottom: 10px !important;}\u00bb][vc_column_inner el_class=\u00bbcolumn1&#8243; width=\u00bb1\/3&#8243;][vc_column_text css=\u00bb\u00bb]<\/p>\n<h3>\ud83d\udc65 Recursos Humanos y Formaci\u00f3n Online<\/h3>\n<p>[\/vc_column_text][vc_column_text css=\u00bb\u00bb]<\/p>\n<p style=\"text-align: left;\" data-path-to-node=\"19\">El \u00e9xito depende de las personas, pero la gesti\u00f3n debe automatizarse:<\/p>\n<ul data-path-to-node=\"20\">\n<li style=\"text-align: left;\">\n<p data-path-to-node=\"20,0,0\"><b data-path-to-node=\"20,0,0\" data-index-in-node=\"0\">Academia de Formaci\u00f3n Online:<\/b> Una plataforma digital de aprendizaje para tus equipos. Tus gu\u00edas y promotores reciben formaci\u00f3n independiente para cumplir los est\u00e1ndares globales de Riviera. <\/p>\n<\/li>\n<li style=\"text-align: left;\">\n<p data-path-to-node=\"20,1,0\"><b data-path-to-node=\"20,1,0\" data-index-in-node=\"0\">Caja de herramientas de RRHH:<\/b> Plantillas de puestos optimizadas, muestras de contratos y procesos de contrataci\u00f3n para atraer a los mejores talentos locales.<\/p>\n<\/li>\n<li>\n<p style=\"text-align: left;\" data-path-to-node=\"20,2,0\"><b data-path-to-node=\"20,2,0\" data-index-in-node=\"0\">Panel de control del propietario:<\/b> Controla tu rentabilidad, el Coste de Adquisici\u00f3n de Clientes (CAC) y los m\u00e1rgenes a trav\u00e9s de una interfaz \u00fanica e intuitiva.<\/p>\n<\/li>\n<\/ul>\n<p>[\/vc_column_text][\/vc_column_inner][vc_column_inner width=\u00bb1\/3&#8243;][vc_column_text css=\u00bb\u00bb]<\/p>\n<h3>\ud83d\udee0\ufe0f Asistencia continua: Nunca est\u00e1s solo<\/h3>\n<p>[\/vc_column_text][vc_column_text css=\u00bb\u00bb]<\/p>\n<p style=\"text-align: left;\" data-path-to-node=\"23\">Nuestro apoyo es la columna vertebral de tu crecimiento continuo:<\/p>\n<ul data-path-to-node=\"24\">\n<li style=\"text-align: left;\">\n<p data-path-to-node=\"24,0,0\"><b data-path-to-node=\"24,0,0\" data-index-in-node=\"0\">Manual exhaustivo de operaciones (SOP):<\/b> La \u00abBiblia empresarial\u00bb que detalla todos los procesos, desde los protocolos de seguridad hasta las redes locales.<\/p>\n<\/li>\n<li style=\"text-align: left;\">\n<p data-path-to-node=\"24,1,0\"><b data-path-to-node=\"24,1,0\" data-index-in-node=\"0\">Apoyo estrat\u00e9gico de la oficina central:<\/b> Inmersiones profundas mensuales con nuestros expertos para analizar tus datos y aumentar el rendimiento.<\/p>\n<\/li>\n<li>\n<p style=\"text-align: left;\" data-path-to-node=\"24,2,0\"><b data-path-to-node=\"24,2,0\" data-index-in-node=\"0\">Red de franquiciados:<\/b> Acceso en tiempo real a nuestra comunidad global de socios para compartir consejos y estrategias ganadoras.<\/p>\n<\/li>\n<\/ul>\n<p>[\/vc_column_text][\/vc_column_inner][vc_column_inner width=\u00bb1\/3&#8243;][vc_column_text css=\u00bb\u00bb]<\/p>\n<h3>\ud83d\udc55 Equipamiento de primera: V\u00edstete para el \u00e9xito<\/h3>\n<p>[\/vc_column_text][vc_column_text css=\u00bb\u00bb]<\/p>\n<p style=\"text-align: left;\" data-path-to-node=\"5\">Una marca profesional se reconoce por su aspecto. Ofrecemos una gama completa de equipos de alta calidad para que tu equipo destaque entre la multitud: <\/p>\n<ul data-path-to-node=\"6\">\n<li style=\"text-align: left;\">\n<p data-path-to-node=\"6,0,0\"><b data-path-to-node=\"6,0,0\" data-index-in-node=\"0\">Ropa Oficial del Personal:<\/b> <b data-path-to-node=\"6,0,0\" data-index-in-node=\"57\">Camisetas, sudaderas y sudaderas con capucha<\/b> de alta visibilidad y calidad, con la ic\u00f3nica marca Riviera. Dise\u00f1adas para ofrecer comodidad y durabilidad durante las largas noches. <\/p>\n<\/li>\n<li style=\"text-align: left;\">\n<p data-path-to-node=\"6,1,0\"><b data-path-to-node=\"6,1,0\" data-index-in-node=\"0\">Equipamiento de seguridad y visibilidad:<\/b> Cordones de marca, brazaletes de alta visibilidad y herramientas de identificaci\u00f3n LED para garantizar que tus gu\u00edas sean f\u00e1cilmente localizables por los invitados.<\/p>\n<\/li>\n<li style=\"text-align: left;\">\n<p data-path-to-node=\"6,2,0\"><b data-path-to-node=\"6,2,0\" data-index-in-node=\"0\">Equipo operativo:<\/b> Fundas de marca para tabletas de facturaci\u00f3n, esc\u00e1neres port\u00e1tiles y banderas\/banners para los puntos de encuentro.<\/p>\n<\/li>\n<li>\n<p style=\"text-align: left;\" data-path-to-node=\"6,3,0\"><b data-path-to-node=\"6,3,0\" data-index-in-node=\"0\">Merchandising para invitados:<\/b> Acceso a nuestra cadena de suministro de pulseras de marca, barritas luminosas y accesorios para fiestas a precios al por mayor, maximizando tus fuentes de ingresos secundarias.<\/p>\n<\/li>\n<\/ul>\n<p>[\/vc_column_text][\/vc_column_inner][\/vc_row_inner]    <div class=\"st-video style-1 youtube-video not-play\"\r\n         style=\"background: #f1f1f1 url(https:\/\/rivierabarcrawltours.com\/wp-content\/uploads\/2024\/07\/Pub-Crawl-Nice-1.jpg) no-repeat center; \">\r\n        <div id=\"bgndVideo\" class=\"player\" data-property=\"{videoURL:'#',containment:'.youtube-video',autoPlay:true, showControls:false, showYTLogo: false, mute:false, startAt:0, opacity:1, useOnMobile: true}\"><\/div>\r\n        <div class=\"d-table\">\r\n            <div class=\"table-cell\">\r\n                <div class=\"caption\">\r\n                                            <div class=\"title-video\"><p>Riviera Bar Crawl &amp; Tours Business opportunity<\/p>\n<\/div>\r\n                                        <div class=\"st-play\">\r\n                        <a class=\"btn-play-video play\" href=\"#\"><i class=\"fa fa-play\"><\/i><i\r\n                                    class=\"fa fa-pause\"><\/i><\/a>\r\n                    <\/div>\r\n                <\/div>\r\n            <\/div>\r\n        <\/div>\r\n    <\/div>\r\n    [vc_empty_space height=\u00bb40px\u00bb][vc_column_text css=\u00bb\u00bb]<\/p>\n<h2 style=\"text-align: center;\"><strong>\ud83c\udd9a \u00bfEmpezar solo vs. Asociaci\u00f3n Riviera?<\/strong><\/h2>\n<p>[\/vc_column_text][vc_empty_space height=\u00bb15px\u00bb][\/vc_column][\/vc_row][vc_row][vc_column width=\u00bb1\/3&#8243;][vc_column_text css=\u00bb\u00bb]<strong>Caracter\u00edsticas<\/strong><\/p>\n<p>\ud83d\ude80 Tiempo de lanzamiento<\/p>\n<p>\ud83d\udc65 Recursos Humanos<\/p>\n<p>\ud83c\udf93 Formaci\u00f3n del personal<\/p>\n<p>.\ud83d\uddd3\ufe0f Programaci\u00f3n<\/p>\n<p>\ud83e\udd16 Tecnolog\u00eda e IA<\/p>\n<p>\ud83d\udce2 Marketing y Publicidad<\/p>\n<p>\ud83c\udfc6 Experiencia y riesgo<\/p>\n<p>\ud83e\udd1d Apoyo continuo<\/p>\n<p>\ud83d\udcb0 Salida y reventa[\/vc_column_text][\/vc_column][vc_column width=\u00bb1\/3&#8243;][vc_column_text css=\u00bb\u00bb]<strong>Empezar solo<\/strong><\/p>\n<p>De 6 a 12 meses de prueba y error.<\/p>\n<p>Contrataci\u00f3n a dedo. Alto riesgo de rotaci\u00f3n. <\/p>\n<p>Manual, repetitivo y lento.<\/p>\n<p>Hojas de c\u00e1lculo complejas y errores de turno.<\/p>\n<p>Correo electr\u00f3nico\/WhatsApp manual (requiere mucho trabajo).<\/p>\n<p>Dif\u00edcil de vender; el valor est\u00e1 ligado a ti.<\/p>\n<p>Presupuesto malgastado en pruebas no probadas.<\/p>\n<p>Cero experiencia. Cada error se paga caro. <\/p>\n<p>Solo cuando surgen problemas.[\/vc_column_text][\/vc_column][vc_column width=\u00bb1\/3&#8243;][vc_column_text css=\u00bb\u00bb]<strong>Asociaci\u00f3n Riviera<\/strong><\/p>\n<p><strong>De 4 a 6 semanas<\/strong> hasta la plena operatividad.<\/p>\n<p><strong>Caja de herramientas de RRHH<\/strong>: Plantillas probadas para contratar ganadores.<\/p>\n<p><strong>Academia online<\/strong>: Formaci\u00f3n digital automatizada.<\/p>\n<p><strong>Herramienta de automatizaci\u00f3n<\/strong>: Programaci\u00f3n inteligente con 1 clic.<\/p>\n<p><strong>Agente IA 24\/7<\/strong>: Vende mientras duermes.<\/p>\n<p><strong>Google\/Meta\/TikTok<\/strong>: Estrategias de ROI probadas.<\/p>\n<p><strong>15 a\u00f1os de excelencia<\/strong>: Un modelo \u00abPlug &amp; Play\u00bb.<\/p>\n<p><strong>Soporte dedicado<\/strong> y llamadas estrat\u00e9gicas mensuales.<\/p>\n<p><strong>Alto valor del activo<\/strong>: Un activo vendible y de marca.[\/vc_column_text][\/vc_column][\/vc_row][vc_row el_class=\u00bbst-become-feature-wrapper text-center\u00bb][vc_column][vc_empty_space height=\u00bb40px\u00bb][vc_empty_space height=\u00bb15px\u00bb][vc_column_text css=\u00bb\u00bb]<\/p>\n<h3><strong>\ud83d\ude80 \u00bfListo para ser due\u00f1o de tu ciudad?<\/strong><\/h3>\n<p>Los territorios son limitados. Una vez asegurada una ciudad, la exclusividad es total.[\/vc_column_text][vc_column_text]<a class=\"signup btn btn-danger btn-lg\" href=\"https:\/\/docs.google.com\/forms\/d\/1iAIpiWnmkwC0OE1gNtyRe7L_jGifWTH6dJrOp1AJuFM\/\" target=\"_blank\" rel=\"noopener noreferrer\">Reg\u00edstrate ahora<\/a>[\/vc_column_text][vc_empty_space height=\u00bb15px\u00bb][\/vc_column][\/vc_row]<\/p>\n<\/div>","protected":false},"excerpt":{"rendered":"<p>[vc_row full_width=\u00bbstretch_row_content_no_spaces\u00bb css=\u00bb.vc_custom_1768572290285{padding-top: 100px !important;padding-bottom: 100px !important;background-image: url(https:\/\/rivierabarcrawltours.com\/wp-content\/uploads\/2024\/04\/pub-crawl-nice-1-1.jpg?id=112063) !important;}\u00bb el_class=\u00bbtext-center st-become-banner\u00bb][vc_column][vc_column_text css=\u00bb\u00bb] Transforma tu pasi\u00f3n en un imperio: convi\u00e9rtete en socio de Riviera Bar Crawl &amp; Tours ? 15 a\u00f1os de experiencia &#8211; IA y automatizaci\u00f3n &#8211; Exclusividad territorial [\/vc_column_text][vc_column_text css=\u00bb.vc_custom_1768582216890{background-position: center !important;background-repeat: no-repeat !important;background-size: contain !important;}\u00bb]Reg\u00edstrate ahora Reg\u00edstrate ahora[\/vc_column_text][\/vc_column][\/vc_row][vc_row][vc_column][vc_empty_space height=\u00bb45px\u00bb][vc_column_text css=\u00bb\u00bb] \ud83d\udc8e \u00bfPor qu\u00e9 [&hellip;]<\/p>\n","protected":false},"author":2,"featured_media":0,"parent":0,"menu_order":0,"comment_status":"closed","ping_status":"closed","template":"template-home-modern.php","meta":{"_acf_changed":false,"footnotes":""},"class_list":["post-126789","page","type-page","status-publish","has-post-thumbnail","hentry"],"acf":[],"yoast_head":"<!-- This site is optimized with the Yoast SEO plugin v27.5 - https:\/\/yoast.com\/product\/yoast-seo-wordpress\/ -->\n<title>Empieza tu negocio Bares y pubs | Riviera Bar Crawl Tours<\/title>\n<meta name=\"description\" content=\"Descubre la ruta definitiva para establecer contactos, conocer la realidad local y disfrutar del esp\u00edritu emprendedor. Planifica hoy tu viaje perfecto para emprendedores\" \/>\n<meta name=\"robots\" content=\"index, follow, max-snippet:-1, max-image-preview:large, max-video-preview:-1\" \/>\n<link rel=\"canonical\" href=\"https:\/\/rivierabarcrawltours.com\/es\/hazte-socio-nuevo\/\" \/>\n<meta property=\"og:locale\" content=\"es_ES\" \/>\n<meta property=\"og:type\" content=\"article\" \/>\n<meta property=\"og:title\" content=\"Empieza tu negocio Bares y pubs | Riviera Bar Crawl Tours\" \/>\n<meta property=\"og:description\" content=\"Descubre la ruta definitiva para establecer contactos, conocer la realidad local y disfrutar del esp\u00edritu emprendedor. Planifica hoy tu viaje perfecto para emprendedores\" \/>\n<meta property=\"og:url\" content=\"https:\/\/rivierabarcrawltours.com\/es\/hazte-socio-nuevo\/\" \/>\n<meta property=\"og:site_name\" content=\"Riviera Bar Crawl Tours\" \/>\n<meta property=\"article:publisher\" content=\"https:\/\/www.facebook.com\/RivieraBarCrawltours\/\" \/>\n<meta name=\"twitter:card\" content=\"summary_large_image\" \/>\n<meta name=\"twitter:site\" content=\"@rivierabarcrawl\" \/>\n<meta name=\"twitter:label1\" content=\"Tiempo de lectura\" \/>\n\t<meta name=\"twitter:data1\" content=\"8 minutos\" \/>\n<!-- \/ Yoast SEO plugin. -->","yoast_head_json":{"title":"Empieza tu negocio Bares y pubs | Riviera Bar Crawl Tours","description":"Descubre la ruta definitiva para establecer contactos, conocer la realidad local y disfrutar del esp\u00edritu emprendedor. Planifica hoy tu viaje perfecto para emprendedores","robots":{"index":"index","follow":"follow","max-snippet":"max-snippet:-1","max-image-preview":"max-image-preview:large","max-video-preview":"max-video-preview:-1"},"canonical":"https:\/\/rivierabarcrawltours.com\/es\/hazte-socio-nuevo\/","og_locale":"es_ES","og_type":"article","og_title":"Empieza tu negocio Bares y pubs | Riviera Bar Crawl Tours","og_description":"Descubre la ruta definitiva para establecer contactos, conocer la realidad local y disfrutar del esp\u00edritu emprendedor. Planifica hoy tu viaje perfecto para emprendedores","og_url":"https:\/\/rivierabarcrawltours.com\/es\/hazte-socio-nuevo\/","og_site_name":"Riviera Bar Crawl Tours","article_publisher":"https:\/\/www.facebook.com\/RivieraBarCrawltours\/","twitter_card":"summary_large_image","twitter_site":"@rivierabarcrawl","twitter_misc":{"Tiempo de lectura":"8 minutos"},"schema":{"@context":"https:\/\/schema.org","@graph":[{"@type":"WebPage","@id":"https:\/\/rivierabarcrawltours.com\/es\/hazte-socio-nuevo\/","url":"https:\/\/rivierabarcrawltours.com\/es\/hazte-socio-nuevo\/","name":"Empieza tu negocio Bares y pubs | Riviera Bar Crawl Tours","isPartOf":{"@id":"https:\/\/rivierabarcrawltours.com\/#website"},"datePublished":"2026-02-18T11:19:30+00:00","description":"Descubre la ruta definitiva para establecer contactos, conocer la realidad local y disfrutar del esp\u00edritu emprendedor. Planifica hoy tu viaje perfecto para emprendedores","breadcrumb":{"@id":"https:\/\/rivierabarcrawltours.com\/es\/hazte-socio-nuevo\/#breadcrumb"},"inLanguage":"es","potentialAction":[{"@type":"ReadAction","target":["https:\/\/rivierabarcrawltours.com\/es\/hazte-socio-nuevo\/"]}]},{"@type":"BreadcrumbList","@id":"https:\/\/rivierabarcrawltours.com\/es\/hazte-socio-nuevo\/#breadcrumb","itemListElement":[{"@type":"ListItem","position":1,"name":"Home","item":"https:\/\/rivierabarcrawltours.com\/es\/"},{"@type":"ListItem","position":2,"name":"Hazte socio Nuevo"}]},{"@type":"WebSite","@id":"https:\/\/rivierabarcrawltours.com\/#website","url":"https:\/\/rivierabarcrawltours.com\/","name":"Riviera Bar Crawl Tours","description":"Fun Day &amp; Night Experiences I Tour operator I Guided Tours I Bar Crawls I Food Tours I","publisher":{"@id":"https:\/\/rivierabarcrawltours.com\/#organization"},"potentialAction":[{"@type":"SearchAction","target":{"@type":"EntryPoint","urlTemplate":"https:\/\/rivierabarcrawltours.com\/?s={search_term_string}"},"query-input":{"@type":"PropertyValueSpecification","valueRequired":true,"valueName":"search_term_string"}}],"inLanguage":"es"},{"@type":"Organization","@id":"https:\/\/rivierabarcrawltours.com\/#organization","name":"Riviera Bar Crawl Tours","url":"https:\/\/rivierabarcrawltours.com\/","logo":{"@type":"ImageObject","inLanguage":"es","@id":"https:\/\/rivierabarcrawltours.com\/#\/schema\/logo\/image\/","url":"https:\/\/rivierabarcrawltours.com\/wp-content\/uploads\/2019\/07\/logo.png","contentUrl":"https:\/\/rivierabarcrawltours.com\/wp-content\/uploads\/2019\/07\/logo.png","width":479,"height":453,"caption":"Riviera Bar Crawl Tours"},"image":{"@id":"https:\/\/rivierabarcrawltours.com\/#\/schema\/logo\/image\/"},"sameAs":["https:\/\/www.facebook.com\/RivieraBarCrawltours\/","https:\/\/x.com\/rivierabarcrawl"]}]}},"_links":{"self":[{"href":"https:\/\/rivierabarcrawltours.com\/es\/wp-json\/wp\/v2\/pages\/126789","targetHints":{"allow":["GET"]}}],"collection":[{"href":"https:\/\/rivierabarcrawltours.com\/es\/wp-json\/wp\/v2\/pages"}],"about":[{"href":"https:\/\/rivierabarcrawltours.com\/es\/wp-json\/wp\/v2\/types\/page"}],"author":[{"embeddable":true,"href":"https:\/\/rivierabarcrawltours.com\/es\/wp-json\/wp\/v2\/users\/2"}],"replies":[{"embeddable":true,"href":"https:\/\/rivierabarcrawltours.com\/es\/wp-json\/wp\/v2\/comments?post=126789"}],"version-history":[{"count":2,"href":"https:\/\/rivierabarcrawltours.com\/es\/wp-json\/wp\/v2\/pages\/126789\/revisions"}],"predecessor-version":[{"id":126791,"href":"https:\/\/rivierabarcrawltours.com\/es\/wp-json\/wp\/v2\/pages\/126789\/revisions\/126791"}],"wp:attachment":[{"href":"https:\/\/rivierabarcrawltours.com\/es\/wp-json\/wp\/v2\/media?parent=126789"}],"curies":[{"name":"wp","href":"https:\/\/api.w.org\/{rel}","templated":true}]}}