{"id":126128,"date":"2026-02-16T14:31:54","date_gmt":"2026-02-16T13:31:54","guid":{"rendered":"https:\/\/rivierabarcrawltours.com\/destinos\/"},"modified":"2026-02-16T14:31:57","modified_gmt":"2026-02-16T13:31:57","slug":"destinos","status":"publish","type":"page","link":"https:\/\/rivierabarcrawltours.com\/es\/destinos\/","title":{"rendered":"Destinos"},"content":{"rendered":"<div class=\"wpb-content-wrapper\"><p>[vc_row][vc_column][vc_column_text]<\/p>\n<h2>\u00a1Gracias por acompa\u00f1arnos hoy!<\/h2>\n<p>Haz clic en tu ubicaci\u00f3n para obtener m\u00e1s informaci\u00f3n sobre tu recorrido.[\/vc_column_text][\/vc_column][\/vc_row][vc_row][vc_column][vc_column_text]<\/p>\n<h2 style=\"text-align: center;\">Costa Azul<\/h2>\n<p>[\/vc_column_text][\/vc_column][\/vc_row][vc_row][vc_column width=\u00bb1\/3&#8243;][vc_hoverbox image=\u00bb106038&#8243; primary_title=\u00bbNICE\u00bb primary_title_font_container=\u00bbcolor:%23ffffff\u00bb primary_title_use_theme_fonts=\u00bbyes\u00bb hover_title=\u00bbNICE\u00bb hover_background_color=\u00bbjuicy-pink\u00bb hover_btn_title=\u00bbIR A\u00bb use_custom_fonts_primary_title=\u00bbtrue\u00bb hover_add_button=\u00bbtrue\u00bb primary_title_link=\u00bburl:https%3A%2F%2Frivierabarcrawltours.com%2Fhello-nice-day-tours%2F|title:Tus%20Visitas%20del%20D%C3%ADa%20de%20Niza|\u00bb hover_btn_link=\u00bburl:https%3A%2F%2Frivierabarcrawltours.com%2Fhello-nice-tours%2F|\u00bb][\/vc_hoverbox][\/vc_column][vc_column width=\u00bb1\/3&#8243;][vc_hoverbox image=\u00bb106030&#8243; primary_title=\u00bbMONACO\u00bb primary_title_font_container=\u00bbcolor:%23ffffff\u00bb primary_title_use_theme_fonts=\u00bbyes\u00bb hover_title=\u00bbMONACO\u00bb hover_background_color=\u00bbjuicy-pink\u00bb hover_btn_title=\u00bbIR A\u00bb hover_btn_color=\u00bbwhite\u00bb use_custom_fonts_primary_title=\u00bbtrue\u00bb hover_add_button=\u00bbtrue\u00bb hover_btn_link=\u00bburl:https%3A%2F%2Frivierabarcrawltours.com%2Fyour-monaco-tours%2F|\u00bb][\/vc_hoverbox][\/vc_column][vc_column width=\u00bb1\/3&#8243;][vc_hoverbox image=\u00bb106022&#8243; primary_title=\u00bbCANNES\u00bb primary_title_font_container=\u00bbcolor:%23ffffff\u00bb primary_title_use_theme_fonts=\u00bbyes\u00bb hover_title=\u00bbCANNES\u00bb hover_background_color=\u00bbjuicy-pink\u00bb hover_btn_title=\u00bbIR A\u00bb hover_btn_color=\u00bbwhite\u00bb use_custom_fonts_primary_title=\u00bbtrue\u00bb hover_add_button=\u00bbtrue\u00bb hover_btn_link=\u00bburl:https%3A%2F%2Frivierabarcrawltours.com%2Fhello-cannes-tours%2F|\u00bb][\/vc_hoverbox][\/vc_column][\/vc_row][vc_row][vc_column][vc_column_text]<\/p>\n<h2 style=\"text-align: center;\">Otras ciudades<\/h2>\n<p>[\/vc_column_text][\/vc_column][\/vc_row][vc_row][vc_column width=\u00bb1\/4&#8243;][vc_hoverbox image=\u00bb106059&#8243; primary_title=\u00bbPAR\u00cdS\u00bb primary_title_font_container=\u00bbcolor:%23ffffff\u00bb primary_title_use_theme_fonts=\u00bbyes\u00bb hover_title=\u00bbPAR\u00cdS\u00bb hover_background_color=\u00bbsky\u00bb hover_btn_title=\u00bbIR A\u00bb hover_btn_color=\u00bbwhite\u00bb use_custom_fonts_primary_title=\u00bbtrue\u00bb hover_add_button=\u00bbtrue\u00bb hover_btn_link=\u00bburl:https%3A%2F%2Frivierabarcrawltours.com%2Fyour-tours-in-paris%2F|\u00bb][\/vc_hoverbox][\/vc_column][vc_column width=\u00bb1\/4&#8243;][vc_hoverbox image=\u00bb107313&#8243; primary_title=\u00bbMARSELLA\u00bb primary_title_font_container=\u00bbcolor:%23ffffff\u00bb primary_title_use_theme_fonts=\u00bbyes\u00bb hover_title=\u00bbMarsella\u00bb hover_background_color=\u00bbsky\u00bb hover_btn_title=\u00bbIR A\u00bb hover_btn_color=\u00bbwhite\u00bb use_custom_fonts_primary_title=\u00bbtrue\u00bb hover_add_button=\u00bbtrue\u00bb hover_btn_link=\u00bburl:https%3A%2F%2Frivierabarcrawltours.com%2Fyour-tours-in-marseille%2F|target:_blank|\u00bb][\/vc_hoverbox][\/vc_column][vc_column width=\u00bb1\/4&#8243;][vc_hoverbox image=\u00bb107261&#8243; primary_title=\u00bbLYON\u00bb primary_title_font_container=\u00bbcolor:%23ffffff\u00bb primary_title_use_theme_fonts=\u00bbyes\u00bb hover_title=\u00bbLyon\u00bb hover_background_color=\u00bbsky\u00bb hover_btn_title=\u00bbIR A\u00bb hover_btn_color=\u00bbwhite\u00bb use_custom_fonts_primary_title=\u00bbtrue\u00bb hover_add_button=\u00bbtrue\u00bb hover_btn_link=\u00bburl:https%3A%2F%2Frivierabarcrawltours.com%2Fyour-tours-in-lyon%2F|\u00bb][\/vc_hoverbox][\/vc_column][vc_column width=\u00bb1\/4&#8243;][vc_hoverbox image=\u00bb43791&#8243; primary_title=\u00bbMIL\u00c1N\u00bb primary_title_font_container=\u00bbcolor:%23ffffff\u00bb primary_title_use_theme_fonts=\u00bbyes\u00bb hover_title=\u00bbMIL\u00c1N\u00bb hover_background_color=\u00bbsky\u00bb hover_btn_title=\u00bbIR A\u00bb hover_btn_color=\u00bbwhite\u00bb use_custom_fonts_primary_title=\u00bbtrue\u00bb hover_add_button=\u00bbtrue\u00bb hover_btn_link=\u00bburl:https%3A%2F%2Frivierabarcrawltours.com%2Fyour-tours-in-milan%2F|\u00bb][\/vc_hoverbox][\/vc_column][\/vc_row][vc_row][vc_column][\/vc_column][vc_column][vc_separator color=\u00bbwhite\u00bb][vc_column_text]<\/p>\n<h2 style=\"text-align: center;\">Experiencias divertidas de d\u00eda y de noche<\/h2>\n<p>[\/vc_column_text][vc_separator color=\u00bbwhite\u00bb][\/vc_column][\/vc_row][vc_row][vc_column][vc_single_image image=\u00bb103684&#8243; alignment=\u00bbcenter\u00bb][\/vc_column][\/vc_row]<\/p>\n<\/div>","protected":false},"excerpt":{"rendered":"<p>[vc_row][vc_column][vc_column_text] \u00a1Gracias por acompa\u00f1arnos hoy! Haz clic en tu ubicaci\u00f3n para obtener m\u00e1s informaci\u00f3n sobre tu recorrido.[\/vc_column_text][\/vc_column][\/vc_row][vc_row][vc_column][vc_column_text] Costa Azul [\/vc_column_text][\/vc_column][\/vc_row][vc_row][vc_column width=\u00bb1\/3&#8243;][vc_hoverbox image=\u00bb106038&#8243; primary_title=\u00bbNICE\u00bb primary_title_font_container=\u00bbcolor:%23ffffff\u00bb primary_title_use_theme_fonts=\u00bbyes\u00bb hover_title=\u00bbNICE\u00bb hover_background_color=\u00bbjuicy-pink\u00bb hover_btn_title=\u00bbIR A\u00bb use_custom_fonts_primary_title=\u00bbtrue\u00bb hover_add_button=\u00bbtrue\u00bb primary_title_link=\u00bburl:https%3A%2F%2Frivierabarcrawltours.com%2Fhello-nice-day-tours%2F|title:Tus%20Visitas%20del%20D%C3%ADa%20de%20Niza|\u00bb hover_btn_link=\u00bburl:https%3A%2F%2Frivierabarcrawltours.com%2Fhello-nice-tours%2F|\u00bb][\/vc_hoverbox][\/vc_column][vc_column width=\u00bb1\/3&#8243;][vc_hoverbox image=\u00bb106030&#8243; primary_title=\u00bbMONACO\u00bb primary_title_font_container=\u00bbcolor:%23ffffff\u00bb primary_title_use_theme_fonts=\u00bbyes\u00bb hover_title=\u00bbMONACO\u00bb hover_background_color=\u00bbjuicy-pink\u00bb hover_btn_title=\u00bbIR A\u00bb hover_btn_color=\u00bbwhite\u00bb use_custom_fonts_primary_title=\u00bbtrue\u00bb hover_add_button=\u00bbtrue\u00bb hover_btn_link=\u00bburl:https%3A%2F%2Frivierabarcrawltours.com%2Fyour-monaco-tours%2F|\u00bb][\/vc_hoverbox][\/vc_column][vc_column width=\u00bb1\/3&#8243;][vc_hoverbox image=\u00bb106022&#8243; primary_title=\u00bbCANNES\u00bb primary_title_font_container=\u00bbcolor:%23ffffff\u00bb primary_title_use_theme_fonts=\u00bbyes\u00bb hover_title=\u00bbCANNES\u00bb hover_background_color=\u00bbjuicy-pink\u00bb hover_btn_title=\u00bbIR A\u00bb [&hellip;]<\/p>\n","protected":false},"author":208,"featured_media":107253,"parent":0,"menu_order":0,"comment_status":"closed","ping_status":"closed","template":"template-home-modern.php","meta":{"_acf_changed":false,"footnotes":""},"class_list":["post-126128","page","type-page","status-publish","has-post-thumbnail","hentry"],"acf":[],"yoast_head":"<!-- This site is optimized with the Yoast SEO plugin v27.5 - https:\/\/yoast.com\/product\/yoast-seo-wordpress\/ -->\n<title>Destinos | Riviera Bar Crawl Tours<\/title>\n<meta name=\"description\" content=\"Todos nuestros destinos de Riviera Bar Crawl &amp; Tours en un solo lugar. Haz clic en tu ubicaci\u00f3n para obtener m\u00e1s informaci\u00f3n sobre tu ruta.\" \/>\n<meta name=\"robots\" content=\"index, follow, max-snippet:-1, max-image-preview:large, max-video-preview:-1\" \/>\n<link rel=\"canonical\" href=\"https:\/\/rivierabarcrawltours.com\/es\/destinos\/\" \/>\n<meta property=\"og:locale\" content=\"es_ES\" \/>\n<meta property=\"og:type\" content=\"article\" \/>\n<meta property=\"og:title\" content=\"Destinos | Riviera Bar Crawl Tours\" \/>\n<meta property=\"og:description\" content=\"Todos nuestros destinos de Riviera Bar Crawl &amp; Tours en un solo lugar. Haz clic en tu ubicaci\u00f3n para obtener m\u00e1s informaci\u00f3n sobre tu ruta.\" \/>\n<meta property=\"og:url\" content=\"https:\/\/rivierabarcrawltours.com\/es\/destinos\/\" \/>\n<meta property=\"og:site_name\" content=\"Riviera Bar Crawl Tours\" \/>\n<meta property=\"article:publisher\" content=\"https:\/\/www.facebook.com\/RivieraBarCrawltours\/\" \/>\n<meta property=\"article:modified_time\" content=\"2026-02-16T13:31:57+00:00\" \/>\n<meta property=\"og:image\" content=\"https:\/\/rivierabarcrawltours.com\/wp-content\/uploads\/2023\/05\/Riviera-Boat-Party-cannes.jpeg\" \/>\n\t<meta property=\"og:image:width\" content=\"1920\" \/>\n\t<meta property=\"og:image:height\" content=\"785\" \/>\n\t<meta property=\"og:image:type\" content=\"image\/jpeg\" \/>\n<meta name=\"twitter:card\" content=\"summary_large_image\" \/>\n<meta name=\"twitter:site\" content=\"@rivierabarcrawl\" \/>\n<meta name=\"twitter:label1\" content=\"Tiempo de lectura\" \/>\n\t<meta name=\"twitter:data1\" content=\"3 minutos\" \/>\n<!-- \/ Yoast SEO plugin. -->","yoast_head_json":{"title":"Destinos | Riviera Bar Crawl Tours","description":"Todos nuestros destinos de Riviera Bar Crawl & Tours en un solo lugar. Haz clic en tu ubicaci\u00f3n para obtener m\u00e1s informaci\u00f3n sobre tu ruta.","robots":{"index":"index","follow":"follow","max-snippet":"max-snippet:-1","max-image-preview":"max-image-preview:large","max-video-preview":"max-video-preview:-1"},"canonical":"https:\/\/rivierabarcrawltours.com\/es\/destinos\/","og_locale":"es_ES","og_type":"article","og_title":"Destinos | Riviera Bar Crawl Tours","og_description":"Todos nuestros destinos de Riviera Bar Crawl & Tours en un solo lugar. Haz clic en tu ubicaci\u00f3n para obtener m\u00e1s informaci\u00f3n sobre tu ruta.","og_url":"https:\/\/rivierabarcrawltours.com\/es\/destinos\/","og_site_name":"Riviera Bar Crawl Tours","article_publisher":"https:\/\/www.facebook.com\/RivieraBarCrawltours\/","article_modified_time":"2026-02-16T13:31:57+00:00","og_image":[{"width":1920,"height":785,"url":"https:\/\/rivierabarcrawltours.com\/wp-content\/uploads\/2023\/05\/Riviera-Boat-Party-cannes.jpeg","type":"image\/jpeg"}],"twitter_card":"summary_large_image","twitter_site":"@rivierabarcrawl","twitter_misc":{"Tiempo de lectura":"3 minutos"},"schema":{"@context":"https:\/\/schema.org","@graph":[{"@type":"WebPage","@id":"https:\/\/rivierabarcrawltours.com\/es\/destinos\/","url":"https:\/\/rivierabarcrawltours.com\/es\/destinos\/","name":"Destinos | Riviera Bar Crawl Tours","isPartOf":{"@id":"https:\/\/rivierabarcrawltours.com\/#website"},"primaryImageOfPage":{"@id":"https:\/\/rivierabarcrawltours.com\/es\/destinos\/#primaryimage"},"image":{"@id":"https:\/\/rivierabarcrawltours.com\/es\/destinos\/#primaryimage"},"thumbnailUrl":"https:\/\/rivierabarcrawltours.com\/wp-content\/uploads\/2023\/05\/Riviera-Boat-Party-cannes.jpeg","datePublished":"2026-02-16T13:31:54+00:00","dateModified":"2026-02-16T13:31:57+00:00","description":"Todos nuestros destinos de Riviera Bar Crawl & Tours en un solo lugar. Haz clic en tu ubicaci\u00f3n para obtener m\u00e1s informaci\u00f3n sobre tu ruta.","breadcrumb":{"@id":"https:\/\/rivierabarcrawltours.com\/es\/destinos\/#breadcrumb"},"inLanguage":"es","potentialAction":[{"@type":"ReadAction","target":["https:\/\/rivierabarcrawltours.com\/es\/destinos\/"]}]},{"@type":"ImageObject","inLanguage":"es","@id":"https:\/\/rivierabarcrawltours.com\/es\/destinos\/#primaryimage","url":"https:\/\/rivierabarcrawltours.com\/wp-content\/uploads\/2023\/05\/Riviera-Boat-Party-cannes.jpeg","contentUrl":"https:\/\/rivierabarcrawltours.com\/wp-content\/uploads\/2023\/05\/Riviera-Boat-Party-cannes.jpeg","width":1920,"height":785,"caption":"Fiesta en barco en Cannes: Un fant\u00e1stico viaje en barco para descubrir la Costa Azul"},{"@type":"BreadcrumbList","@id":"https:\/\/rivierabarcrawltours.com\/es\/destinos\/#breadcrumb","itemListElement":[{"@type":"ListItem","position":1,"name":"Home","item":"https:\/\/rivierabarcrawltours.com\/es\/"},{"@type":"ListItem","position":2,"name":"Destinos"}]},{"@type":"WebSite","@id":"https:\/\/rivierabarcrawltours.com\/#website","url":"https:\/\/rivierabarcrawltours.com\/","name":"Riviera Bar Crawl Tours","description":"Fun Day &amp; Night Experiences I Tour operator I Guided Tours I Bar Crawls I Food Tours I","publisher":{"@id":"https:\/\/rivierabarcrawltours.com\/#organization"},"potentialAction":[{"@type":"SearchAction","target":{"@type":"EntryPoint","urlTemplate":"https:\/\/rivierabarcrawltours.com\/?s={search_term_string}"},"query-input":{"@type":"PropertyValueSpecification","valueRequired":true,"valueName":"search_term_string"}}],"inLanguage":"es"},{"@type":"Organization","@id":"https:\/\/rivierabarcrawltours.com\/#organization","name":"Riviera Bar Crawl Tours","url":"https:\/\/rivierabarcrawltours.com\/","logo":{"@type":"ImageObject","inLanguage":"es","@id":"https:\/\/rivierabarcrawltours.com\/#\/schema\/logo\/image\/","url":"https:\/\/rivierabarcrawltours.com\/wp-content\/uploads\/2019\/07\/logo.png","contentUrl":"https:\/\/rivierabarcrawltours.com\/wp-content\/uploads\/2019\/07\/logo.png","width":479,"height":453,"caption":"Riviera Bar Crawl Tours"},"image":{"@id":"https:\/\/rivierabarcrawltours.com\/#\/schema\/logo\/image\/"},"sameAs":["https:\/\/www.facebook.com\/RivieraBarCrawltours\/","https:\/\/x.com\/rivierabarcrawl"]}]}},"_links":{"self":[{"href":"https:\/\/rivierabarcrawltours.com\/es\/wp-json\/wp\/v2\/pages\/126128","targetHints":{"allow":["GET"]}}],"collection":[{"href":"https:\/\/rivierabarcrawltours.com\/es\/wp-json\/wp\/v2\/pages"}],"about":[{"href":"https:\/\/rivierabarcrawltours.com\/es\/wp-json\/wp\/v2\/types\/page"}],"author":[{"embeddable":true,"href":"https:\/\/rivierabarcrawltours.com\/es\/wp-json\/wp\/v2\/users\/208"}],"replies":[{"embeddable":true,"href":"https:\/\/rivierabarcrawltours.com\/es\/wp-json\/wp\/v2\/comments?post=126128"}],"version-history":[{"count":3,"href":"https:\/\/rivierabarcrawltours.com\/es\/wp-json\/wp\/v2\/pages\/126128\/revisions"}],"predecessor-version":[{"id":126131,"href":"https:\/\/rivierabarcrawltours.com\/es\/wp-json\/wp\/v2\/pages\/126128\/revisions\/126131"}],"wp:featuredmedia":[{"embeddable":true,"href":"https:\/\/rivierabarcrawltours.com\/es\/wp-json\/wp\/v2\/media\/107253"}],"wp:attachment":[{"href":"https:\/\/rivierabarcrawltours.com\/es\/wp-json\/wp\/v2\/media?parent=126128"}],"curies":[{"name":"wp","href":"https:\/\/api.w.org\/{rel}","templated":true}]}}