{"id":126063,"date":"2026-02-16T14:09:54","date_gmt":"2026-02-16T13:09:54","guid":{"rendered":"https:\/\/rivierabarcrawltours.com\/experiencia-party-bus\/"},"modified":"2026-02-16T14:09:56","modified_gmt":"2026-02-16T13:09:56","slug":"experiencia-party-bus","status":"publish","type":"page","link":"https:\/\/rivierabarcrawltours.com\/es\/experiencia-party-bus\/","title":{"rendered":"Experiencia Party Bus"},"content":{"rendered":"<div class=\"wpb-content-wrapper\"><p>[vc_row][vc_column]<h3>Our Party Bus Tours <\/h3><div class='list_tours'>   <div class=\"concept-listings owl-carousel owl-theme\">\n          <div class=\"style_box\">\n           <div class=\"feature_class st_featured featured\">Featured<\/div>           <div class=\"thumb\">\n               <header class=\"thumb-header st_avatar_fix\">\n                                      <a href=\"https:\/\/rivierabarcrawltours.com\/es\/tour\/party-bus-paris-francia\/\" class=\"hover-img\">\n                       <img decoding=\"async\" width=\"260\" height=\"190\" src=\"https:\/\/rivierabarcrawltours.com\/wp-content\/uploads\/2022\/03\/party-bus-paris-1-260x190.jpg\" class=\"attachment-260x190x1 size-260x190x1 wp-post-image\" alt=\"party bus paris\" \/>                       <h5 class=\"hover-title hover-hold text-center\">\n                           Party Bus &#038; Bar Crawl Par\u00eds Francia\u00a0                       <\/h5>\n                   <\/a>\n                                  <\/header>\n           <\/div>\n       <\/div>\n   <\/div>\n\n    \n<script type=\"text\/javascript\">\n$(document).ready(function() {\n       $(\".concept-listings\").owlCarousel({\n        margin:20,\n                dots:true,\n        responsiveClass:true,\n        responsive:{\n            0:{\n                items:1,\n                nav:false\n            },\n            600:{\n                items:3,\n                nav:false\n            },\n            1000:{\n                items:4,\n                nav:true\n            }\n        }\n       });\n}); \n\n<\/script>\n\n<style type=\"text\/css\">\n.concept-listings .owl-stage {\n    display: -webkit-box !important;\n    display: -moz-box !important;\n    display: -ms-box !important;\n    display: box !important;\n}\n.concept-listings .owl-dots {\n    margin-top: 10px;\n    text-align: center;\n}\n.concept-listings .owl-dots .owl-dot {\n    display: inline-block;\n    background: 0 0;\n    color: inherit;\n    border: none;\n    padding: 0 !important;\n}\n.concept-listings .owl-dots .owl-dot.active span {\n    background: var(--link-color, #5191FA);\n}\n.concept-listings .owl-dots .owl-dot span {\n    width: 10px;\n    height: 10px;\n    margin: 5px 7px;\n    background: var(--light-grey-color, #EAEEF3);\n    display: block;\n    transition: opacity 0.2s ease;\n    border-radius: 30px;\n}\n.city-tours-custom .feature_class{\n  left: 0 !important;\n}\n.concept-listings .owl-nav {\n    position: absolute;\n    height: 100%;\n    top: 0;\n    width: 100%;\n    z-index: -1;\n}\n.concept-listings .owl-nav button {\n    position: absolute;\n    top: 50%;\n    margin-top: -18px;\n}\n.concept-listings .owl-nav button.owl-next {\n    right: -66px;\n}\n.concept-listings .owl-nav button.owl-prev {\n    left: -66px;\n}\n.concept-listings .owl-nav button.owl-next span {\n    width: 36px;\n    height: 36px;\n    display: block;\n    background: url(https:\/\/rivierabarcrawltours.com\/wp-content\/uploads\/2021\/06\/arrow-right.png) center center no-repeat;\n    background-size: 100% auto;\n    color: transparent;\n}\n.concept-listings .owl-nav button.owl-prev span {\n    width: 36px;\n    height: 36px;\n    display: block;\n    background: url(https:\/\/rivierabarcrawltours.com\/wp-content\/uploads\/2021\/02\/arrow-left.png) center center no-repeat;\n    background-size: 100% auto;\n    color: transparent;\n}\n\n.city-tours-custom .thumb{\n    border: none !important;\n}\n<\/style><\/div>[vc_column_text]<\/p>\n<h1>\u00bfQu\u00e9 es una Experiencia Party Bus?<\/h1>\n<p>\u00a1Es tal y como suena y la MEJOR experiencia de transporte de tu vida! Nuestra Experiencia Party Bus es el m\u00e9todo de transporte perfecto para celebraciones y eventos de todo tipo. Te sentir\u00e1s como una celebridad mientras te recogen y te transportan al destino que elijas. Tu autob\u00fas de fiesta contar\u00e1 con tu grupo y tu propio ch\u00f3fer privado. Baila al ritmo de la mejor m\u00fasica de fiesta con luces de discoteca, y no dudes en llevar una botella de champ\u00e1n para brindar. \u00a1No hay nada mejor! Esta experiencia ser\u00e1 sin duda un viaje para recordar.      <\/p>\n<h2>\u00bfC\u00f3mo funciona una fiesta en autob\u00fas en <a href=\"https:\/\/rivierabarcrawltours.com\/es\/city\/europa\/francia\/paris\/\" target=\"_blank\" rel=\"noopener\">Par\u00eds<\/a> y <a href=\"https:\/\/visitthefrenchriviera.com\/location\/nice\/\" target=\"_blank\" rel=\"noopener\">Niza<\/a>?<\/h2>\n<p>El primer paso es que determines cu\u00e1ntas personas asistir\u00e1n a tu celebraci\u00f3n\/evento y te acompa\u00f1ar\u00e1n en el autob\u00fas de fiesta. Tenemos autobuses de fiesta para grupos peque\u00f1os de 9 personas, hasta grupos grandes de 65 personas. \u00bfTienes m\u00e1s de 65 personas? \u00a1Siempre puedes reservar m\u00e1s de uno! Una vez que sepamos cu\u00e1ntas personas asistir\u00e1n a tu evento, lo siguiente que tienes que decirnos es d\u00f3nde quieres que te recojamos y te dejemos. \u00bfTu trayecto es de 1 hora? \u00bf4 horas? Nos adaptaremos a tus necesidades. Por supuesto, el coste depende de la duraci\u00f3n de tu viaje. Cuando te hayamos recogido, sube a bordo y prep\u00e1rate para la mejor experiencia de transporte de tu vida. Tendremos m\u00fasica y luces de discoteca para que puedas lucir tus pasos de baile. \u00bfQuieres que te recojamos al final de tu evento? \u00a1Tambi\u00e9n podemos hacerlo! Conf\u00eda en nosotros, el autob\u00fas de fiesta es lo mejor.             <\/p>\n<p><a href=\"https:\/\/rivierabarcrawltours.com\/tour\/party-bus-paris-france\/\" target=\"_blank\" rel=\"noopener\">Party Bus Par\u00eds<\/a><\/p>\n<p>Party Bus Niza<\/p>\n<p>&nbsp;<\/p>\n<p>[\/vc_column_text][\/vc_column][\/vc_row]<\/p>\n<\/div>","protected":false},"excerpt":{"rendered":"<p>[vc_row][vc_column][vc_column_text] \u00bfQu\u00e9 es una Experiencia Party Bus? \u00a1Es tal y como suena y la MEJOR experiencia de transporte de tu vida! Nuestra Experiencia Party Bus es el m\u00e9todo de transporte perfecto para celebraciones y eventos de todo tipo. Te sentir\u00e1s como una celebridad mientras te recogen y te transportan al destino que elijas. Tu autob\u00fas [&hellip;]<\/p>\n","protected":false},"author":2,"featured_media":92471,"parent":0,"menu_order":0,"comment_status":"closed","ping_status":"closed","template":"template-home-modern.php","meta":{"_acf_changed":false,"footnotes":""},"class_list":["post-126063","page","type-page","status-publish","has-post-thumbnail","hentry"],"acf":[],"yoast_head":"<!-- This site is optimized with the Yoast SEO plugin v27.4 - https:\/\/yoast.com\/product\/yoast-seo-wordpress\/ -->\n<title>Experiencia Party Bus | Riviera Bar Crawl Tours<\/title>\n<meta name=\"description\" content=\"\u00a1Reserva una de nuestras experiencias en party bus para una noche que no olvidar\u00e1s! Son perfectos para cumplea\u00f1os, fiestas y otros eventos.\" \/>\n<meta name=\"robots\" content=\"index, follow, max-snippet:-1, max-image-preview:large, max-video-preview:-1\" \/>\n<link rel=\"canonical\" href=\"https:\/\/rivierabarcrawltours.com\/es\/experiencia-party-bus\/\" \/>\n<meta property=\"og:locale\" content=\"es_ES\" \/>\n<meta property=\"og:type\" content=\"article\" \/>\n<meta property=\"og:title\" content=\"Experiencia Party Bus | Riviera Bar Crawl Tours\" \/>\n<meta property=\"og:description\" content=\"\u00a1Reserva una de nuestras experiencias en party bus para una noche que no olvidar\u00e1s! Son perfectos para cumplea\u00f1os, fiestas y otros eventos.\" \/>\n<meta property=\"og:url\" content=\"https:\/\/rivierabarcrawltours.com\/es\/experiencia-party-bus\/\" \/>\n<meta property=\"og:site_name\" content=\"Riviera Bar Crawl Tours\" \/>\n<meta property=\"article:publisher\" content=\"https:\/\/www.facebook.com\/RivieraBarCrawltours\/\" \/>\n<meta property=\"article:modified_time\" content=\"2026-02-16T13:09:56+00:00\" \/>\n<meta property=\"og:image\" content=\"https:\/\/rivierabarcrawltours.com\/wp-content\/uploads\/2022\/03\/Party-Bus-Experience.jpeg\" \/>\n\t<meta property=\"og:image:width\" content=\"1024\" \/>\n\t<meta property=\"og:image:height\" content=\"684\" \/>\n\t<meta property=\"og:image:type\" content=\"image\/jpeg\" \/>\n<meta name=\"twitter:card\" content=\"summary_large_image\" \/>\n<meta name=\"twitter:site\" content=\"@rivierabarcrawl\" \/>\n<meta name=\"twitter:label1\" content=\"Tiempo de lectura\" \/>\n\t<meta name=\"twitter:data1\" content=\"2 minutos\" \/>\n<!-- \/ Yoast SEO plugin. -->","yoast_head_json":{"title":"Experiencia Party Bus | Riviera Bar Crawl Tours","description":"\u00a1Reserva una de nuestras experiencias en party bus para una noche que no olvidar\u00e1s! Son perfectos para cumplea\u00f1os, fiestas y otros eventos.","robots":{"index":"index","follow":"follow","max-snippet":"max-snippet:-1","max-image-preview":"max-image-preview:large","max-video-preview":"max-video-preview:-1"},"canonical":"https:\/\/rivierabarcrawltours.com\/es\/experiencia-party-bus\/","og_locale":"es_ES","og_type":"article","og_title":"Experiencia Party Bus | Riviera Bar Crawl Tours","og_description":"\u00a1Reserva una de nuestras experiencias en party bus para una noche que no olvidar\u00e1s! Son perfectos para cumplea\u00f1os, fiestas y otros eventos.","og_url":"https:\/\/rivierabarcrawltours.com\/es\/experiencia-party-bus\/","og_site_name":"Riviera Bar Crawl Tours","article_publisher":"https:\/\/www.facebook.com\/RivieraBarCrawltours\/","article_modified_time":"2026-02-16T13:09:56+00:00","og_image":[{"width":1024,"height":684,"url":"https:\/\/rivierabarcrawltours.com\/wp-content\/uploads\/2022\/03\/Party-Bus-Experience.jpeg","type":"image\/jpeg"}],"twitter_card":"summary_large_image","twitter_site":"@rivierabarcrawl","twitter_misc":{"Tiempo de lectura":"2 minutos"},"schema":{"@context":"https:\/\/schema.org","@graph":[{"@type":"WebPage","@id":"https:\/\/rivierabarcrawltours.com\/es\/experiencia-party-bus\/","url":"https:\/\/rivierabarcrawltours.com\/es\/experiencia-party-bus\/","name":"Experiencia Party Bus | Riviera Bar Crawl Tours","isPartOf":{"@id":"https:\/\/rivierabarcrawltours.com\/#website"},"primaryImageOfPage":{"@id":"https:\/\/rivierabarcrawltours.com\/es\/experiencia-party-bus\/#primaryimage"},"image":{"@id":"https:\/\/rivierabarcrawltours.com\/es\/experiencia-party-bus\/#primaryimage"},"thumbnailUrl":"https:\/\/rivierabarcrawltours.com\/wp-content\/uploads\/2022\/03\/Party-Bus-Experience.jpeg","datePublished":"2026-02-16T13:09:54+00:00","dateModified":"2026-02-16T13:09:56+00:00","description":"\u00a1Reserva una de nuestras experiencias en party bus para una noche que no olvidar\u00e1s! Son perfectos para cumplea\u00f1os, fiestas y otros eventos.","breadcrumb":{"@id":"https:\/\/rivierabarcrawltours.com\/es\/experiencia-party-bus\/#breadcrumb"},"inLanguage":"es","potentialAction":[{"@type":"ReadAction","target":["https:\/\/rivierabarcrawltours.com\/es\/experiencia-party-bus\/"]}]},{"@type":"ImageObject","inLanguage":"es","@id":"https:\/\/rivierabarcrawltours.com\/es\/experiencia-party-bus\/#primaryimage","url":"https:\/\/rivierabarcrawltours.com\/wp-content\/uploads\/2022\/03\/Party-Bus-Experience.jpeg","contentUrl":"https:\/\/rivierabarcrawltours.com\/wp-content\/uploads\/2022\/03\/Party-Bus-Experience.jpeg","width":1024,"height":684,"caption":"Propietario: ajpscs"},{"@type":"BreadcrumbList","@id":"https:\/\/rivierabarcrawltours.com\/es\/experiencia-party-bus\/#breadcrumb","itemListElement":[{"@type":"ListItem","position":1,"name":"Home","item":"https:\/\/rivierabarcrawltours.com\/es\/"},{"@type":"ListItem","position":2,"name":"Experiencia Party Bus"}]},{"@type":"WebSite","@id":"https:\/\/rivierabarcrawltours.com\/#website","url":"https:\/\/rivierabarcrawltours.com\/","name":"Riviera Bar Crawl Tours","description":"Fun Day &amp; Night Experiences I Tour operator I Guided Tours I Bar Crawls I Food Tours I","publisher":{"@id":"https:\/\/rivierabarcrawltours.com\/#organization"},"potentialAction":[{"@type":"SearchAction","target":{"@type":"EntryPoint","urlTemplate":"https:\/\/rivierabarcrawltours.com\/?s={search_term_string}"},"query-input":{"@type":"PropertyValueSpecification","valueRequired":true,"valueName":"search_term_string"}}],"inLanguage":"es"},{"@type":"Organization","@id":"https:\/\/rivierabarcrawltours.com\/#organization","name":"Riviera Bar Crawl Tours","url":"https:\/\/rivierabarcrawltours.com\/","logo":{"@type":"ImageObject","inLanguage":"es","@id":"https:\/\/rivierabarcrawltours.com\/#\/schema\/logo\/image\/","url":"https:\/\/rivierabarcrawltours.com\/wp-content\/uploads\/2019\/07\/logo.png","contentUrl":"https:\/\/rivierabarcrawltours.com\/wp-content\/uploads\/2019\/07\/logo.png","width":479,"height":453,"caption":"Riviera Bar Crawl Tours"},"image":{"@id":"https:\/\/rivierabarcrawltours.com\/#\/schema\/logo\/image\/"},"sameAs":["https:\/\/www.facebook.com\/RivieraBarCrawltours\/","https:\/\/x.com\/rivierabarcrawl"]}]}},"_links":{"self":[{"href":"https:\/\/rivierabarcrawltours.com\/es\/wp-json\/wp\/v2\/pages\/126063","targetHints":{"allow":["GET"]}}],"collection":[{"href":"https:\/\/rivierabarcrawltours.com\/es\/wp-json\/wp\/v2\/pages"}],"about":[{"href":"https:\/\/rivierabarcrawltours.com\/es\/wp-json\/wp\/v2\/types\/page"}],"author":[{"embeddable":true,"href":"https:\/\/rivierabarcrawltours.com\/es\/wp-json\/wp\/v2\/users\/2"}],"replies":[{"embeddable":true,"href":"https:\/\/rivierabarcrawltours.com\/es\/wp-json\/wp\/v2\/comments?post=126063"}],"version-history":[{"count":4,"href":"https:\/\/rivierabarcrawltours.com\/es\/wp-json\/wp\/v2\/pages\/126063\/revisions"}],"predecessor-version":[{"id":126067,"href":"https:\/\/rivierabarcrawltours.com\/es\/wp-json\/wp\/v2\/pages\/126063\/revisions\/126067"}],"wp:featuredmedia":[{"embeddable":true,"href":"https:\/\/rivierabarcrawltours.com\/es\/wp-json\/wp\/v2\/media\/92471"}],"wp:attachment":[{"href":"https:\/\/rivierabarcrawltours.com\/es\/wp-json\/wp\/v2\/media?parent=126063"}],"curies":[{"name":"wp","href":"https:\/\/api.w.org\/{rel}","templated":true}]}}