{"id":125578,"date":"2026-02-16T12:28:00","date_gmt":"2026-02-16T11:28:00","guid":{"rendered":"https:\/\/rivierabarcrawltours.com\/visitas-y-experiencias-2\/"},"modified":"2026-02-19T15:54:29","modified_gmt":"2026-02-19T14:54:29","slug":"visitas-y-experiencias-2","status":"publish","type":"page","link":"https:\/\/rivierabarcrawltours.com\/es\/visitas-y-experiencias-2\/","title":{"rendered":"Visitas y experiencias"},"content":{"rendered":"<div class=\"wpb-content-wrapper\"><p>[vc_row css=\u00bb.vc_custom_1612431259800{margin-top: 40px !important;}\u00bb][vc_column][vc_column_text css=\u00bb\u00bb]<\/p>\n<h2>Visitas y experiencias<\/h2>\n<p>[\/vc_column_text][vc_column_text css=\u00bb\u00bb]<\/p>\n<div>\n<h2>Descubre Europa (y m\u00e1s all\u00e1) con Riviera Bar Crawl &amp; Tours<\/h2>\n<p>Experimenta los destinos como un lugare\u00f1o m\u00e1s con <strong>Riviera Bar Crawl &amp; Tours:<\/strong>experiencias <strong>divertidas<\/strong>, amistosas y organizadas por expertos <strong>,<\/strong>dise\u00f1adas para <strong>viajeros<\/strong> <strong>,<\/strong> <strong>hu\u00e9spedes de cruceros, grupos de amigos y empresas<\/strong> que buscan algo realmente memorable.<\/p>\n<h3>Nuestras experiencias<\/h3>\n<ul>\n<li><strong>Visitas privadas<\/strong> &#8211; Una experiencia a medida para parejas, amigos, cumplea\u00f1os o visitas VIP. Elige tu ritmo, tu estilo y tus lugares imprescindibles. <\/li>\n<li><strong>Team Building<\/strong> &#8211; Re\u00fane a tu equipo con momentos interactivos, retos compartidos y un divertido ambiente social. Perfecto para grupos de empresa. <\/li>\n<li><strong>Recorridos a pie<\/strong> &#8211; Explora a pie con atractivas narraciones, puntos de vista locales y joyas ocultas.<\/li>\n<li><strong>Recorridos tur\u00edsticos<\/strong>: visita los lugares m\u00e1s destacados con un anfitri\u00f3n local y un itinerario inteligente que aproveche al m\u00e1ximo tu tiempo.<\/li>\n<li><strong>Pub Crawls<\/strong> &#8211; Conoce gente nueva, disfruta de bares elegidos a dedo y descubre la vida nocturna con un anfitri\u00f3n que hace que la noche fluya.<\/li>\n<li><strong>Party Bus<\/strong> &#8211; Convierte el viaje en una fiesta: m\u00fasica, energ\u00eda y una ruta pensada para una noche inolvidable.<\/li>\n<li><strong>Rutas gastron\u00f3micas<\/strong> &#8211; Saborea cada destino a trav\u00e9s de aut\u00e9nticas paradas y especialidades locales. Ideal para los amantes de la comida que quieren lo aut\u00e9ntico. <\/li>\n<li><strong>Cata de vinos<\/strong> &#8211; Saborea, aprende y disfruta de catas seleccionadas que muestran el terru\u00f1o y las tradiciones locales.<\/li>\n<li><strong>Paseo fotogr\u00e1fico<\/strong> &#8211; Explora lugares pintorescos mientras capturas tus mejores momentos: perfecto para parejas, amigos y creadores.<\/li>\n<li><strong>B\u00fasqueda del Tesoro<\/strong> &#8211; Una forma l\u00fadica y social de descubrir una ciudad a trav\u00e9s de pistas, mini-retos y paradas sorpresa.<\/li>\n<li><strong>Juego de Escape<\/strong> &#8211; Una aventura de escape del mundo real creada para el trabajo en equipo, las risas y el descubrimiento, ideal para grupos y salidas de empresa.<\/li>\n<li><strong>Fiesta en barco<\/strong> &#8211; Sol, mar, m\u00fasica y buena gente: una experiencia hecha para celebraciones y recuerdos inolvidables.<\/li>\n<li><strong>Clase de preparaci\u00f3n de c\u00f3cteles<\/strong> &#8211; Agita, remueve y aprende los secretos de c\u00f3cteles emblem\u00e1ticos con una sesi\u00f3n pr\u00e1ctica y divertida.<\/li>\n<\/ul>\n<h3>\u00bfPor qu\u00e9 reservar con nosotros?<\/h3>\n<ul>\n<li><strong>Experiencia local, vayas donde vayas<\/strong> &#8211; Recomendaciones reales, direcciones reales, ambiente real<\/li>\n<li><strong>Planificaci\u00f3n sencilla<\/strong> &#8211; Nos ocupamos de los detalles para que puedas disfrutar del momento<\/li>\n<li><strong>Experiencias para todos los grupos<\/strong> &#8211; Desde viajeros en solitario hasta grupos privados y equipos corporativos<\/li>\n<li><strong>Con anfitri\u00f3n y sin fisuras<\/strong> &#8211; T\u00fa apareces, nosotros hacemos que todo fluya<\/li>\n<\/ul>\n<h3>\u00bfListo para reservar tu pr\u00f3xima experiencia?<\/h3>\n<p>Las fechas se llenan r\u00e1pido: env\u00edanos un mensaje para comprobar la disponibilidad y deja que dise\u00f1emos el plan perfecto para tu viaje.<\/p>\n<\/div>\n<div><strong>WhatsApp \/ Tel\u00e9fono:<\/strong> +33 649 244 407<\/div>\n<div>Correo electr\u00f3nico: info@rivierabarcrawltours.com<\/div>\n<p>[\/vc_column_text][\/vc_column][\/vc_row][vc_row][vc_column width=\u00bb1\/4&#8243; el_class=\u00bbmain-col\u00bb css=\u00bb.vc_custom_1612431923475{margin-bottom: 20px !important;}\u00bb][vc_column_text css=\u00bb.vc_custom_1612433291524{background-image: url(https:\/\/rivierabarcrawltours.com\/wp-content\/uploads\/2020\/04\/private-tours-paris-france-1-1.jpg?id=53673) !important;}\u00bb]<a href=\"\/concept\/riviera-private-tours\">Tours privados<\/a>[\/vc_column_text][\/vc_column][vc_column width=\u00bb1\/4&#8243; el_class=\u00bbmain-col\u00bb css=\u00bb.vc_custom_1612432008756{margin-bottom: 20px !important;}\u00bb][vc_column_text css=\u00bb.vc_custom_1612433943747{background-image: url(https:\/\/rivierabarcrawltours.com\/wp-content\/uploads\/2021\/01\/teambuilding-nice.jpg?id=63064) !important;}\u00bb]<a href=\"\/concept\/riviera-team-building\">Team Building<\/a>[\/vc_column_text][\/vc_column][vc_column width=\u00bb1\/4&#8243; el_class=\u00bbmain-col\u00bb css=\u00bb.vc_custom_1613118716288{margin-bottom: 20px !important;}\u00bb][vc_column_text css=\u00bb.vc_custom_1712854665597{background-image: url(https:\/\/rivierabarcrawltours.com\/wp-content\/uploads\/2024\/04\/walking-tours.jpg?id=111976) !important;}\u00bb]<a href=\"\/concept\/riviera-walking-tours\">Tours de caminata<\/a>[\/vc_column_text][\/vc_column][vc_column width=\u00bb1\/4&#8243; el_class=\u00bbmain-col\u00bb css=\u00bb.vc_custom_1612432062266{margin-bottom: 20px !important;}\u00bb][vc_column_text css=\u00bb.vc_custom_1712924583170{background-image: url(https:\/\/rivierabarcrawltours.com\/wp-content\/uploads\/2021\/02\/nice-pub-crawls-300&#215;300-1.jpg?id=106823) !important;}\u00bb]<a href=\"https:\/\/rivierabarcrawltours.com\/es\/?attachment_id=108046\">Pub Crawls<\/a>[\/vc_column_text][\/vc_column][\/vc_row][vc_row][vc_column width=\u00bb1\/4&#8243; el_class=\u00bbmain-col\u00bb css=\u00bb.vc_custom_1612431923475{margin-bottom: 20px !important;}\u00bb][vc_column_text css=\u00bb.vc_custom_1712924798017{background-image: url(https:\/\/rivierabarcrawltours.com\/wp-content\/uploads\/2022\/01\/Cannes-Food-Tours-2022.mp4_000037866.png?id=106646) !important;}\u00bb]<a href=\"\/concept\/riviera-food-tours\">Tours gastron\u00f3micos<\/a>[\/vc_column_text][\/vc_column][vc_column width=\u00bb1\/4&#8243; el_class=\u00bbmain-col\u00bb css=\u00bb.vc_custom_1612432008756{margin-bottom: 20px !important;}\u00bb][vc_column_text css=\u00bb.vc_custom_1612437069872{background-image: url(https:\/\/rivierabarcrawltours.com\/wp-content\/uploads\/2020\/03\/vineyard-tours-nice-france.pic-2.jpg?id=51786) !important;}\u00bb]<\/p>\n<p><a href=\"\/concept\/riviera-wine-tasting\">Cata de vinos<\/a><\/p>\n<p>[\/vc_column_text][\/vc_column][vc_column width=\u00bb1\/4&#8243; el_class=\u00bbmain-col\u00bb css=\u00bb.vc_custom_1613118716288{margin-bottom: 20px !important;}\u00bb][vc_column_text css=\u00bb.vc_custom_1770904298989{background-image: url(https:\/\/rivierabarcrawltours.com\/wp-content\/uploads\/2026\/02\/Sightseeing-tours.jpg?id=125346) !important;}\u00bb]<a href=\"https:\/\/rivierabarcrawltours.com\/tour\/sightseeing-tour%E2%80%A6o-antibes-cannes\/\">Visitas tur\u00edsticas<\/a>[\/vc_column_text][\/vc_column][vc_column width=\u00bb1\/4&#8243; el_class=\u00bbmain-col\u00bb css=\u00bb.vc_custom_1612432062266{margin-bottom: 20px !important;}\u00bb][vc_column_text css=\u00bb.vc_custom_1771495644174{background-image: url(https:\/\/rivierabarcrawltours.com\/wp-content\/uploads\/2026\/02\/Party-bus-.webp?id=125347) !important;}\u00bb]<a href=\"https:\/\/rivierabarcrawltours.com\/es\/tour\/party-bus-paris-francia\/\">Autob\u00fas de fiesta<\/a>[\/vc_column_text][\/vc_column][\/vc_row][vc_row][vc_column width=\u00bb1\/4&#8243; el_class=\u00bbmain-col\u00bb css=\u00bb.vc_custom_1612431923475{margin-bottom: 20px !important;}\u00bb][vc_column_text css=\u00bb.vc_custom_1770972442520{background-image: url(https:\/\/rivierabarcrawltours.com\/wp-content\/uploads\/2026\/02\/Photo-walk-scaled.jpg?id=125348) !important;}\u00bb]<a href=\"https:\/\/rivierabarcrawltours.com\/es\/tour\/captura-paris-un-paseo-fotografico-inolvidable-por-el-barrio-latino\/\">Paseo fotogr\u00e1fico<\/a>[\/vc_column_text][\/vc_column][vc_column width=\u00bb1\/4&#8243; el_class=\u00bbmain-col\u00bb css=\u00bb.vc_custom_1612432008756{margin-bottom: 20px !important;}\u00bb][vc_column_text css=\u00bb.vc_custom_1770972476163{background-image: url(https:\/\/rivierabarcrawltours.com\/wp-content\/uploads\/2026\/02\/Treasure-Hunt-.webp?id=125349) !important;}\u00bb]<a href=\"https:\/\/rivierabarcrawltours.com\/tour\/treasure-hunting\/\">B\u00fasqueda del Tesoro<\/a>[\/vc_column_text][\/vc_column][vc_column width=\u00bb1\/4&#8243; el_class=\u00bbmain-col\u00bb css=\u00bb.vc_custom_1613118716288{margin-bottom: 20px !important;}\u00bb][vc_column_text css=\u00bb.vc_custom_1771512526046{background-image: url(https:\/\/rivierabarcrawltours.com\/wp-content\/uploads\/2026\/02\/Outdoor-escape-game-.jpg?id=125350) !important;}\u00bb]<a href=\"https:\/\/rivierabarcrawltours.com\/tour\/heist-of-the-cen%E2%80%A6y-escape-game-38\/\">Juego de escape<\/a>[\/vc_column_text][\/vc_column][vc_column width=\u00bb1\/4&#8243; el_class=\u00bbmain-col\u00bb css=\u00bb.vc_custom_1612432062266{margin-bottom: 20px !important;}\u00bb][vc_column_text css=\u00bb.vc_custom_1770973038691{background-image: url(https:\/\/rivierabarcrawltours.com\/wp-content\/uploads\/2023\/05\/Riviera-boat-party-1.jpg?id=109905) !important;}\u00bb]<a href=\"https:\/\/rivierabarcrawltours.com\/es\/tour\/fiesta-en-barco-niza-francia\/\">Fiesta en el barco<\/a>[\/vc_column_text][\/vc_column][\/vc_row][vc_row][vc_column width=\u00bb1\/4&#8243; el_class=\u00bbmain-col\u00bb css=\u00bb.vc_custom_1612431923475{margin-bottom: 20px !important;}\u00bb][vc_column_text css=\u00bb.vc_custom_1770973071243{background-image: url(https:\/\/rivierabarcrawltours.com\/wp-content\/uploads\/2021\/08\/Cocktail-Masterclass-Niza-4.jpg?id=107887) !important;}\u00bb]<a href=\"https:\/\/rivierabarcrawltours.com\/tour\/cocktail-making-%E2%80%A6e-french-riviera\/\">Clase de preparaci\u00f3n de c\u00f3cteles<\/a>[\/vc_column_text][\/vc_column][vc_column width=\u00bb1\/4&#8243; el_class=\u00bbmain-col\u00bb css=\u00bb.vc_custom_1612432008756{margin-bottom: 20px !important;}\u00bb][\/vc_column][vc_column width=\u00bb1\/4&#8243; el_class=\u00bbmain-col\u00bb css=\u00bb.vc_custom_1613118716288{margin-bottom: 20px !important;}\u00bb][\/vc_column][vc_column width=\u00bb1\/4&#8243; el_class=\u00bbmain-col\u00bb css=\u00bb.vc_custom_1612432062266{margin-bottom: 20px !important;}\u00bb][\/vc_column][\/vc_row]<\/p>\n<\/div>","protected":false},"excerpt":{"rendered":"<p>[vc_row css=\u00bb.vc_custom_1612431259800{margin-top: 40px !important;}\u00bb][vc_column][vc_column_text css=\u00bb\u00bb] Visitas y experiencias [\/vc_column_text][vc_column_text css=\u00bb\u00bb] Descubre Europa (y m\u00e1s all\u00e1) con Riviera Bar Crawl &amp; Tours Experimenta los destinos como un lugare\u00f1o m\u00e1s con Riviera Bar Crawl &amp; Tours:experiencias divertidas, amistosas y organizadas por expertos ,dise\u00f1adas para viajeros , hu\u00e9spedes de cruceros, grupos de amigos y empresas que buscan algo [&hellip;]<\/p>\n","protected":false},"author":2,"featured_media":125577,"parent":0,"menu_order":0,"comment_status":"closed","ping_status":"closed","template":"template-home-modern.php","meta":{"_acf_changed":false,"footnotes":""},"class_list":["post-125578","page","type-page","status-publish","has-post-thumbnail","hentry"],"acf":[],"yoast_head":"<!-- This site is optimized with the Yoast SEO plugin v27.3 - https:\/\/yoast.com\/product\/yoast-seo-wordpress\/ -->\n<title>Visitas y experiencias | Riviera Bar Crawl Tours<\/title>\n<meta name=\"description\" content=\"Riviera Bar Crawl &amp; Tours dan vida a la Riviera. Nos especializamos en excelentes actividades, fiestas s\u00faper divertidas y recorridos r\u00e1pidos por la Riviera francesa.\" \/>\n<meta name=\"robots\" content=\"index, follow, max-snippet:-1, max-image-preview:large, max-video-preview:-1\" \/>\n<link rel=\"canonical\" href=\"https:\/\/rivierabarcrawltours.com\/es\/visitas-y-experiencias-2\/\" \/>\n<meta property=\"og:locale\" content=\"es_ES\" \/>\n<meta property=\"og:type\" content=\"article\" \/>\n<meta property=\"og:title\" content=\"Visitas y experiencias | Riviera Bar Crawl Tours\" \/>\n<meta property=\"og:description\" content=\"Riviera Bar Crawl &amp; Tours dan vida a la Riviera. Nos especializamos en excelentes actividades, fiestas s\u00faper divertidas y recorridos r\u00e1pidos por la Riviera francesa.\" \/>\n<meta property=\"og:url\" content=\"https:\/\/rivierabarcrawltours.com\/es\/visitas-y-experiencias-2\/\" \/>\n<meta property=\"og:site_name\" content=\"Riviera Bar Crawl Tours\" \/>\n<meta property=\"article:publisher\" content=\"https:\/\/www.facebook.com\/RivieraBarCrawltours\/\" \/>\n<meta property=\"article:modified_time\" content=\"2026-02-19T14:54:29+00:00\" \/>\n<meta property=\"og:image\" content=\"https:\/\/rivierabarcrawltours.com\/wp-content\/uploads\/2024\/07\/riviera-pub-crawls-1024x1024.jpg\" \/>\n<meta name=\"twitter:card\" content=\"summary_large_image\" \/>\n<meta name=\"twitter:site\" content=\"@rivierabarcrawl\" \/>\n<meta name=\"twitter:label1\" content=\"Tiempo de lectura\" \/>\n\t<meta name=\"twitter:data1\" content=\"5 minutos\" \/>\n<!-- \/ Yoast SEO plugin. -->","yoast_head_json":{"title":"Visitas y experiencias | Riviera Bar Crawl Tours","description":"Riviera Bar Crawl & Tours dan vida a la Riviera. Nos especializamos en excelentes actividades, fiestas s\u00faper divertidas y recorridos r\u00e1pidos por la Riviera francesa.","robots":{"index":"index","follow":"follow","max-snippet":"max-snippet:-1","max-image-preview":"max-image-preview:large","max-video-preview":"max-video-preview:-1"},"canonical":"https:\/\/rivierabarcrawltours.com\/es\/visitas-y-experiencias-2\/","og_locale":"es_ES","og_type":"article","og_title":"Visitas y experiencias | Riviera Bar Crawl Tours","og_description":"Riviera Bar Crawl & Tours dan vida a la Riviera. Nos especializamos en excelentes actividades, fiestas s\u00faper divertidas y recorridos r\u00e1pidos por la Riviera francesa.","og_url":"https:\/\/rivierabarcrawltours.com\/es\/visitas-y-experiencias-2\/","og_site_name":"Riviera Bar Crawl Tours","article_publisher":"https:\/\/www.facebook.com\/RivieraBarCrawltours\/","article_modified_time":"2026-02-19T14:54:29+00:00","og_image":[{"url":"https:\/\/rivierabarcrawltours.com\/wp-content\/uploads\/2024\/07\/riviera-pub-crawls-1024x1024.jpg","type":"","width":"","height":""}],"twitter_card":"summary_large_image","twitter_site":"@rivierabarcrawl","twitter_misc":{"Tiempo de lectura":"5 minutos"},"schema":{"@context":"https:\/\/schema.org","@graph":[{"@type":"WebPage","@id":"https:\/\/rivierabarcrawltours.com\/es\/visitas-y-experiencias-2\/","url":"https:\/\/rivierabarcrawltours.com\/es\/visitas-y-experiencias-2\/","name":"Visitas y experiencias | Riviera Bar Crawl Tours","isPartOf":{"@id":"https:\/\/rivierabarcrawltours.com\/#website"},"primaryImageOfPage":{"@id":"https:\/\/rivierabarcrawltours.com\/es\/visitas-y-experiencias-2\/#primaryimage"},"image":{"@id":"https:\/\/rivierabarcrawltours.com\/es\/visitas-y-experiencias-2\/#primaryimage"},"thumbnailUrl":"https:\/\/rivierabarcrawltours.com\/wp-content\/uploads\/2026\/02\/french-riviera.jpeg","datePublished":"2026-02-16T11:28:00+00:00","dateModified":"2026-02-19T14:54:29+00:00","description":"Riviera Bar Crawl & Tours dan vida a la Riviera. Nos especializamos en excelentes actividades, fiestas s\u00faper divertidas y recorridos r\u00e1pidos por la Riviera francesa.","breadcrumb":{"@id":"https:\/\/rivierabarcrawltours.com\/es\/visitas-y-experiencias-2\/#breadcrumb"},"inLanguage":"es","potentialAction":[{"@type":"ReadAction","target":["https:\/\/rivierabarcrawltours.com\/es\/visitas-y-experiencias-2\/"]}]},{"@type":"ImageObject","inLanguage":"es","@id":"https:\/\/rivierabarcrawltours.com\/es\/visitas-y-experiencias-2\/#primaryimage","url":"https:\/\/rivierabarcrawltours.com\/wp-content\/uploads\/2026\/02\/french-riviera.jpeg","contentUrl":"https:\/\/rivierabarcrawltours.com\/wp-content\/uploads\/2026\/02\/french-riviera.jpeg","width":1440,"height":764},{"@type":"BreadcrumbList","@id":"https:\/\/rivierabarcrawltours.com\/es\/visitas-y-experiencias-2\/#breadcrumb","itemListElement":[{"@type":"ListItem","position":1,"name":"Home","item":"https:\/\/rivierabarcrawltours.com\/es\/"},{"@type":"ListItem","position":2,"name":"Visitas y experiencias"}]},{"@type":"WebSite","@id":"https:\/\/rivierabarcrawltours.com\/#website","url":"https:\/\/rivierabarcrawltours.com\/","name":"Riviera Bar Crawl Tours","description":"Fun Day &amp; Night Experiences I Tour operator I Guided Tours I Bar Crawls I Food Tours I","publisher":{"@id":"https:\/\/rivierabarcrawltours.com\/#organization"},"potentialAction":[{"@type":"SearchAction","target":{"@type":"EntryPoint","urlTemplate":"https:\/\/rivierabarcrawltours.com\/?s={search_term_string}"},"query-input":{"@type":"PropertyValueSpecification","valueRequired":true,"valueName":"search_term_string"}}],"inLanguage":"es"},{"@type":"Organization","@id":"https:\/\/rivierabarcrawltours.com\/#organization","name":"Riviera Bar Crawl Tours","url":"https:\/\/rivierabarcrawltours.com\/","logo":{"@type":"ImageObject","inLanguage":"es","@id":"https:\/\/rivierabarcrawltours.com\/#\/schema\/logo\/image\/","url":"https:\/\/rivierabarcrawltours.com\/wp-content\/uploads\/2019\/07\/logo.png","contentUrl":"https:\/\/rivierabarcrawltours.com\/wp-content\/uploads\/2019\/07\/logo.png","width":479,"height":453,"caption":"Riviera Bar Crawl Tours"},"image":{"@id":"https:\/\/rivierabarcrawltours.com\/#\/schema\/logo\/image\/"},"sameAs":["https:\/\/www.facebook.com\/RivieraBarCrawltours\/","https:\/\/x.com\/rivierabarcrawl"]}]}},"_links":{"self":[{"href":"https:\/\/rivierabarcrawltours.com\/es\/wp-json\/wp\/v2\/pages\/125578","targetHints":{"allow":["GET"]}}],"collection":[{"href":"https:\/\/rivierabarcrawltours.com\/es\/wp-json\/wp\/v2\/pages"}],"about":[{"href":"https:\/\/rivierabarcrawltours.com\/es\/wp-json\/wp\/v2\/types\/page"}],"author":[{"embeddable":true,"href":"https:\/\/rivierabarcrawltours.com\/es\/wp-json\/wp\/v2\/users\/2"}],"replies":[{"embeddable":true,"href":"https:\/\/rivierabarcrawltours.com\/es\/wp-json\/wp\/v2\/comments?post=125578"}],"version-history":[{"count":7,"href":"https:\/\/rivierabarcrawltours.com\/es\/wp-json\/wp\/v2\/pages\/125578\/revisions"}],"predecessor-version":[{"id":126919,"href":"https:\/\/rivierabarcrawltours.com\/es\/wp-json\/wp\/v2\/pages\/125578\/revisions\/126919"}],"wp:featuredmedia":[{"embeddable":true,"href":"https:\/\/rivierabarcrawltours.com\/es\/wp-json\/wp\/v2\/media\/125577"}],"wp:attachment":[{"href":"https:\/\/rivierabarcrawltours.com\/es\/wp-json\/wp\/v2\/media?parent=125578"}],"curies":[{"name":"wp","href":"https:\/\/api.w.org\/{rel}","templated":true}]}}