{"id":125550,"date":"2026-02-16T12:20:51","date_gmt":"2026-02-16T11:20:51","guid":{"rendered":"https:\/\/rivierabarcrawltours.com\/bares\/"},"modified":"2026-02-16T12:20:52","modified_gmt":"2026-02-16T11:20:52","slug":"bares","status":"publish","type":"page","link":"https:\/\/rivierabarcrawltours.com\/es\/bares\/","title":{"rendered":"Bares"},"content":{"rendered":"<div class=\"wpb-content-wrapper\"><p>[vc_row css=\u00bb.vc_custom_1612431259800{margin-top: 40px !important;}\u00bb][vc_column][vc_column_text css=\u00bb\u00bb]<\/p>\n<h1><strong>Aventuras \u00e9picas de bares por Europa y el mundo<\/strong><\/h1>\n<p>[\/vc_column_text][vc_column_text css=\u00bb\u00bb]<strong>Descubre los Mejores Pub Crawls de las Ciudades m\u00e1s Animadas de Europa<\/strong><\/p>\n<p>\u00bfListo para vivir una vida nocturna legendaria? Riviera Bar Crawl &amp; Tours te ofrece experiencias inolvidables en Francia, Italia y B\u00e9lgica. Desde 2012, hemos acogido a m\u00e1s de 100.000 viajeros en busca de aut\u00e9nticas aventuras nocturnas en Europa.  <\/p>\n<p><strong>Qu\u00e9 se incluye en cada Bar Crawl:<\/strong><\/p>\n<ul>\n<li><strong>Acceso al Club VIP<\/strong> &#8211; S\u00e1ltate las colas y entra sin problemas en los mejores locales<\/li>\n<li><strong>Chupitos de bienvenida y bebidas especiales<\/strong> &#8211; Ofertas exclusivas en cada parada<\/li>\n<li><strong>Gu\u00edas locales expertos<\/strong> &#8211; Anfitriones divertidos y bien informados que conocen los mejores lugares<\/li>\n<li><strong>Multitud internacional<\/strong> &#8211; Conoce a viajeros de todo el mundo<\/li>\n<li><b>Reserva tu visita <\/b>&#8211; con grupo p\u00fablico o tambi\u00e9n privada<\/li>\n<\/ul>\n<p>Ya est\u00e9s explorando la glamurosa Riviera Francesa, descubriendo la vida nocturna italiana o sumergi\u00e9ndote en la cultura festiva belga, nuestros rastreos de bares ofrecen experiencias de primera a precios asequibles. Disfruta de la noche definitiva con aventureros de ideas afines. <\/p>\n<p><strong>\u00danete a miles de clientes satisfechos calificados de \u00abEXCELENTE\u00bb con m\u00e1s de 1.291 opiniones de cinco estrellas. Tu \u00e9pica noche europea empieza aqu\u00ed. <\/strong><\/p>\n<p><strong>Elige tu aventura de Bar Crawl:<\/strong>[\/vc_column_text][\/vc_column][\/vc_row][vc_row][vc_column width=\u00bb1\/4&#8243; el_class=\u00bbmain-col\u00bb css=\u00bb.vc_custom_1612431923475{margin-bottom: 20px !important;}\u00bb][vc_column_text css=\u00bb.vc_custom_1770901483761{background-image: url(https:\/\/rivierabarcrawltours.com\/wp-content\/uploads\/2023\/02\/RBCT-Friday-night-in-Paris.jpeg?id=105557) !important;}\u00bb]<a href=\"https:\/\/rivierabarcrawltours.com\/es\/francia-bares\/\">Francia Bar Crawl<\/a>[\/vc_column_text][\/vc_column][vc_column width=\u00bb1\/4&#8243; el_class=\u00bbmain-col\u00bb css=\u00bb.vc_custom_1612432008756{margin-bottom: 20px !important;}\u00bb][vc_column_text css=\u00bb.vc_custom_1770901538292{background-image: url(https:\/\/rivierabarcrawltours.com\/wp-content\/uploads\/2020\/09\/Colosseum-Rome-Italy-1.jpg?id=61082) !important;}\u00bb]<a href=\"https:\/\/rivierabarcrawltours.com\/es\/italia-bar-crawls\/\">Italia Bar Crawl<\/a>[\/vc_column_text][\/vc_column][vc_column width=\u00bb1\/4&#8243; el_class=\u00bbmain-col\u00bb css=\u00bb.vc_custom_1613118716288{margin-bottom: 20px !important;}\u00bb][vc_column_text css=\u00bb.vc_custom_1770901576537{background-image: url(https:\/\/rivierabarcrawltours.com\/wp-content\/uploads\/2026\/02\/Brussels-by-night-.jpg?id=125280) !important;}\u00bb]<a href=\"https:\/\/rivierabarcrawltours.com\/es\/bares-en-belgica\/\">Ruta de bares por B\u00e9lgica<\/a>[\/vc_column_text][\/vc_column][vc_column width=\u00bb1\/4&#8243; el_class=\u00bbmain-col\u00bb css=\u00bb.vc_custom_1612432062266{margin-bottom: 20px !important;}\u00bb][vc_column_text css=\u00bb.vc_custom_1770901609224{background-image: url(https:\/\/rivierabarcrawltours.com\/wp-content\/uploads\/2026\/02\/instagram-post-Nice-NYE-2027.jpg?id=125284) !important;}\u00bb]<a href=\"https:\/\/rivierabarcrawltours.com\/es\/bares-especiales\/\">Especial Bar Crawl<\/a>[\/vc_column_text][\/vc_column][\/vc_row][vc_row][vc_column][vc_column_text css=\u00bb\u00bb]<a href=\"https:\/\/rivierabarcrawltours.com\/es\/contacto\/\">Contacta con nosotros para una solicitud espec\u00edfica <\/a><\/p>\n<p><b>WhatsApp Tel\u00e9fono<\/b> +33 649 244 407<\/p>\n<p><b>Correo electr\u00f3nico<\/b> info@rivierabarcrawltours.com[\/vc_column_text][\/vc_column][\/vc_row]<\/p>\n<\/div>","protected":false},"excerpt":{"rendered":"<p>[vc_row css=\u00bb.vc_custom_1612431259800{margin-top: 40px !important;}\u00bb][vc_column][vc_column_text css=\u00bb\u00bb] Aventuras \u00e9picas de bares por Europa y el mundo [\/vc_column_text][vc_column_text css=\u00bb\u00bb]Descubre los Mejores Pub Crawls de las Ciudades m\u00e1s Animadas de Europa \u00bfListo para vivir una vida nocturna legendaria? Riviera Bar Crawl &amp; Tours te ofrece experiencias inolvidables en Francia, Italia y B\u00e9lgica. Desde 2012, hemos acogido a m\u00e1s de [&hellip;]<\/p>\n","protected":false},"author":2,"featured_media":108046,"parent":0,"menu_order":0,"comment_status":"closed","ping_status":"closed","template":"template-home-modern.php","meta":{"_acf_changed":false,"footnotes":""},"class_list":["post-125550","page","type-page","status-publish","has-post-thumbnail","hentry"],"acf":[],"yoast_head":"<!-- This site is optimized with the Yoast SEO plugin v27.3 - https:\/\/yoast.com\/product\/yoast-seo-wordpress\/ -->\n<title>Riviera Bar Crawl Tours I Reserva tu Bar Crawl Divertido<\/title>\n<meta name=\"description\" content=\"\u00bfBuscas Pasarlo Bien? \u00danete a los Bar Crawls de la Riviera y disfruta de los mejores pub crawls de Europa y tambi\u00e9n de todo el mundo\" \/>\n<meta name=\"robots\" content=\"index, follow, max-snippet:-1, max-image-preview:large, max-video-preview:-1\" \/>\n<link rel=\"canonical\" href=\"https:\/\/rivierabarcrawltours.com\/es\/bares\/\" \/>\n<meta property=\"og:locale\" content=\"es_ES\" \/>\n<meta property=\"og:type\" content=\"article\" \/>\n<meta property=\"og:title\" content=\"Rastreo especial de bares\" \/>\n<meta property=\"og:description\" content=\"Rastreo especial de bares\" \/>\n<meta property=\"og:url\" content=\"https:\/\/rivierabarcrawltours.com\/es\/bares\/\" \/>\n<meta property=\"og:site_name\" content=\"Riviera Bar Crawl Tours\" \/>\n<meta property=\"article:publisher\" content=\"https:\/\/www.facebook.com\/RivieraBarCrawltours\/\" \/>\n<meta property=\"article:modified_time\" content=\"2026-02-16T11:20:52+00:00\" \/>\n<meta property=\"og:image\" content=\"https:\/\/rivierabarcrawltours.com\/wp-content\/uploads\/2024\/07\/riviera-pub-crawls-1024x1024.jpg\" \/>\n<meta name=\"twitter:card\" content=\"summary_large_image\" \/>\n<meta name=\"twitter:site\" content=\"@rivierabarcrawl\" \/>\n<meta name=\"twitter:label1\" content=\"Tiempo de lectura\" \/>\n\t<meta name=\"twitter:data1\" content=\"2 minutos\" \/>\n<!-- \/ Yoast SEO plugin. -->","yoast_head_json":{"title":"Riviera Bar Crawl Tours I Reserva tu Bar Crawl Divertido","description":"\u00bfBuscas Pasarlo Bien? \u00danete a los Bar Crawls de la Riviera y disfruta de los mejores pub crawls de Europa y tambi\u00e9n de todo el mundo","robots":{"index":"index","follow":"follow","max-snippet":"max-snippet:-1","max-image-preview":"max-image-preview:large","max-video-preview":"max-video-preview:-1"},"canonical":"https:\/\/rivierabarcrawltours.com\/es\/bares\/","og_locale":"es_ES","og_type":"article","og_title":"Rastreo especial de bares","og_description":"Rastreo especial de bares","og_url":"https:\/\/rivierabarcrawltours.com\/es\/bares\/","og_site_name":"Riviera Bar Crawl Tours","article_publisher":"https:\/\/www.facebook.com\/RivieraBarCrawltours\/","article_modified_time":"2026-02-16T11:20:52+00:00","og_image":[{"url":"https:\/\/rivierabarcrawltours.com\/wp-content\/uploads\/2024\/07\/riviera-pub-crawls-1024x1024.jpg","type":"","width":"","height":""}],"twitter_card":"summary_large_image","twitter_site":"@rivierabarcrawl","twitter_misc":{"Tiempo de lectura":"2 minutos"},"schema":{"@context":"https:\/\/schema.org","@graph":[{"@type":"WebPage","@id":"https:\/\/rivierabarcrawltours.com\/es\/bares\/","url":"https:\/\/rivierabarcrawltours.com\/es\/bares\/","name":"Riviera Bar Crawl Tours I Reserva tu Bar Crawl Divertido","isPartOf":{"@id":"https:\/\/rivierabarcrawltours.com\/#website"},"primaryImageOfPage":{"@id":"https:\/\/rivierabarcrawltours.com\/es\/bares\/#primaryimage"},"image":{"@id":"https:\/\/rivierabarcrawltours.com\/es\/bares\/#primaryimage"},"thumbnailUrl":"https:\/\/rivierabarcrawltours.com\/wp-content\/uploads\/2023\/06\/riviera-pub-crawls.jpg","datePublished":"2026-02-16T11:20:51+00:00","dateModified":"2026-02-16T11:20:52+00:00","description":"\u00bfBuscas Pasarlo Bien? \u00danete a los Bar Crawls de la Riviera y disfruta de los mejores pub crawls de Europa y tambi\u00e9n de todo el mundo","breadcrumb":{"@id":"https:\/\/rivierabarcrawltours.com\/es\/bares\/#breadcrumb"},"inLanguage":"es","potentialAction":[{"@type":"ReadAction","target":["https:\/\/rivierabarcrawltours.com\/es\/bares\/"]}]},{"@type":"ImageObject","inLanguage":"es","@id":"https:\/\/rivierabarcrawltours.com\/es\/bares\/#primaryimage","url":"https:\/\/rivierabarcrawltours.com\/wp-content\/uploads\/2023\/06\/riviera-pub-crawls.jpg","contentUrl":"https:\/\/rivierabarcrawltours.com\/wp-content\/uploads\/2023\/06\/riviera-pub-crawls.jpg","width":1920,"height":1113,"caption":"agradables experiencias nocturnas"},{"@type":"BreadcrumbList","@id":"https:\/\/rivierabarcrawltours.com\/es\/bares\/#breadcrumb","itemListElement":[{"@type":"ListItem","position":1,"name":"Home","item":"https:\/\/rivierabarcrawltours.com\/es\/"},{"@type":"ListItem","position":2,"name":"Bares"}]},{"@type":"WebSite","@id":"https:\/\/rivierabarcrawltours.com\/#website","url":"https:\/\/rivierabarcrawltours.com\/","name":"Riviera Bar Crawl Tours","description":"Fun Day &amp; Night Experiences I Tour operator I Guided Tours I Bar Crawls I Food Tours I","publisher":{"@id":"https:\/\/rivierabarcrawltours.com\/#organization"},"potentialAction":[{"@type":"SearchAction","target":{"@type":"EntryPoint","urlTemplate":"https:\/\/rivierabarcrawltours.com\/?s={search_term_string}"},"query-input":{"@type":"PropertyValueSpecification","valueRequired":true,"valueName":"search_term_string"}}],"inLanguage":"es"},{"@type":"Organization","@id":"https:\/\/rivierabarcrawltours.com\/#organization","name":"Riviera Bar Crawl Tours","url":"https:\/\/rivierabarcrawltours.com\/","logo":{"@type":"ImageObject","inLanguage":"es","@id":"https:\/\/rivierabarcrawltours.com\/#\/schema\/logo\/image\/","url":"https:\/\/rivierabarcrawltours.com\/wp-content\/uploads\/2019\/07\/logo.png","contentUrl":"https:\/\/rivierabarcrawltours.com\/wp-content\/uploads\/2019\/07\/logo.png","width":479,"height":453,"caption":"Riviera Bar Crawl Tours"},"image":{"@id":"https:\/\/rivierabarcrawltours.com\/#\/schema\/logo\/image\/"},"sameAs":["https:\/\/www.facebook.com\/RivieraBarCrawltours\/","https:\/\/x.com\/rivierabarcrawl"]}]}},"_links":{"self":[{"href":"https:\/\/rivierabarcrawltours.com\/es\/wp-json\/wp\/v2\/pages\/125550","targetHints":{"allow":["GET"]}}],"collection":[{"href":"https:\/\/rivierabarcrawltours.com\/es\/wp-json\/wp\/v2\/pages"}],"about":[{"href":"https:\/\/rivierabarcrawltours.com\/es\/wp-json\/wp\/v2\/types\/page"}],"author":[{"embeddable":true,"href":"https:\/\/rivierabarcrawltours.com\/es\/wp-json\/wp\/v2\/users\/2"}],"replies":[{"embeddable":true,"href":"https:\/\/rivierabarcrawltours.com\/es\/wp-json\/wp\/v2\/comments?post=125550"}],"version-history":[{"count":2,"href":"https:\/\/rivierabarcrawltours.com\/es\/wp-json\/wp\/v2\/pages\/125550\/revisions"}],"predecessor-version":[{"id":125552,"href":"https:\/\/rivierabarcrawltours.com\/es\/wp-json\/wp\/v2\/pages\/125550\/revisions\/125552"}],"wp:featuredmedia":[{"embeddable":true,"href":"https:\/\/rivierabarcrawltours.com\/es\/wp-json\/wp\/v2\/media\/108046"}],"wp:attachment":[{"href":"https:\/\/rivierabarcrawltours.com\/es\/wp-json\/wp\/v2\/media?parent=125550"}],"curies":[{"name":"wp","href":"https:\/\/api.w.org\/{rel}","templated":true}]}}