{"id":125427,"date":"2026-02-16T10:17:03","date_gmt":"2026-02-16T09:17:03","guid":{"rendered":"https:\/\/rivierabarcrawltours.com\/despedida-de-soltera\/"},"modified":"2026-02-16T10:17:27","modified_gmt":"2026-02-16T09:17:27","slug":"despedida-de-soltera","status":"publish","type":"page","link":"https:\/\/rivierabarcrawltours.com\/es\/despedida-de-soltera\/","title":{"rendered":"Despedida de soltera"},"content":{"rendered":"<div class=\"wpb-content-wrapper\"><p>[vc_row css=\u00bb.vc_custom_1612431259800{margin-top: 40px !important;}\u00bb][vc_column][vc_column_text css=\u00bb\u00bb]<\/p>\n<h1>Todos nuestros Destinos Despedidas de Soltera Despedidas de Soltero<\/h1>\n<p>[\/vc_column_text][vc_column_text css=\u00bb\u00bb]<\/p>\n<h2><strong>Despedidas de soltera en el extranjero<\/strong><\/h2>\n<p><strong>Planifica una despedida de soltera \u00fanica en la vida, con cero estr\u00e9s y 100% de momentos inolvidables.<\/strong><\/p>\n<p>Planificar una despedida de soltera o soltero en el extranjero debe ser emocionante, no abrumador. En <strong>Riviera Bar Crawl &amp;<\/strong> Tours, te ayudamos a crear el tipo de celebraci\u00f3n de la que tu grupo hablar\u00e1 durante a\u00f1os, tanto si so\u00f1\u00e1is con una noche glamurosa en la <strong>Riviera Francesa<\/strong> como con una escapada urbana llena de energ\u00eda. <\/p>\n<p>Desde lugares emblem\u00e1ticos para salir de fiesta hasta destinos m\u00e1s lujosos como <strong>Saint-Tropez<\/strong>, creamos experiencias que se adaptan a tu ambiente: c\u00f3cteles con clase, vida nocturna salvaje o una mezcla perfecta de ambos. \u00bfQuieres mover el esqueleto? Elige entre una serie de ideas divertidas y entretenimientos para grupos -como <strong>recorridos privados por bares<\/strong>, experiencias nocturnas y mucho m\u00e1s- adaptados a tu destino y a tu agenda.  <\/p>\n<h3><strong>\u00bfPor qu\u00e9 planificar tu despedida de soltera con nosotros?<\/strong><\/h3>\n<ul>\n<li><strong>Hecho para grupos:<\/strong> f\u00e1cil planificaci\u00f3n, coordinaci\u00f3n fluida y un programa que todos disfrutan<\/li>\n<li><strong>Experiencia local:<\/strong> sabemos d\u00f3nde ir, cu\u00e1ndo ir y c\u00f3mo hacer que la noche fluya<\/li>\n<li><strong>Vibraciones flexibles:<\/strong> de celebraciones elegantes a modo de fiesta total<\/li>\n<li><strong>Primero los recuerdos:<\/strong> el objetivo es sencillo: ofrecer a la futura novia la mejor noche (o fin de semana) del viaje<\/li>\n<\/ul>\n<h3><strong>C\u00f3mo funciona<\/strong><\/h3>\n<p>Dinos tu <strong>destino<\/strong>, <strong>el tama\u00f1o del grupo<\/strong> y el tipo de celebraci\u00f3n que quieres (relajada, premium, fiesta o todo lo anterior). Te guiaremos hacia las mejores opciones y te ayudaremos a fijar el plan r\u00e1pidamente, para que puedas centrarte en los trajes, las listas de reproducci\u00f3n y en aprovechar al m\u00e1ximo el momento. <\/p>\n<p><strong>Elige tu destino a continuaci\u00f3n<\/strong> para descubrir las mejores opciones de despedidas de soltera y soltero, y empieza a preparar ya tu celebraci\u00f3n perfecta.<\/p>\n<p><a href=\"https:\/\/rivierabarcrawltours.com\/es\/contacto\/\">Para pedidos especiales :  <\/a><\/p>\n<p><b>Tel\u00e9fono WhatsApp<\/b> +33 649 244 407<\/p>\n<p><b>Env\u00eda un correo electr\u00f3nico<\/b> a info@rivierabarcrawltours.com[\/vc_column_text][\/vc_column][\/vc_row][vc_row][vc_column width=\u00bb1\/4&#8243; el_class=\u00bbmain-col\u00bb css=\u00bb.vc_custom_1612431923475{margin-bottom: 20px !important;}\u00bb][vc_column_text css=\u00bb.vc_custom_1771231985934{background-image: url(https:\/\/rivierabarcrawltours.com\/wp-content\/uploads\/2021\/08\/antibes.jpg?id=79220) !important;}\u00bb]<a href=\"https:\/\/rivierabarcrawltours.com\/hen-do-bachelorette-party\/in-antibes\/\">Antibes<\/a>[\/vc_column_text][\/vc_column][vc_column width=\u00bb1\/4&#8243; el_class=\u00bbmain-col\u00bb css=\u00bb.vc_custom_1612432008756{margin-bottom: 20px !important;}\u00bb][vc_column_text css=\u00bb.vc_custom_1771232055030{background-image: url(https:\/\/rivierabarcrawltours.com\/wp-content\/uploads\/2026\/02\/Cannes-by-night.jpg?id=125263) !important;}\u00bb]<a href=\"https:\/\/rivierabarcrawltours.com\/hen-do-bachelorette-party\/in-cannes\/\">Cannes<\/a>[\/vc_column_text][\/vc_column][vc_column width=\u00bb1\/4&#8243; el_class=\u00bbmain-col\u00bb css=\u00bb.vc_custom_1613118716288{margin-bottom: 20px !important;}\u00bb][vc_column_text css=\u00bb.vc_custom_1771232172813{background-image: url(https:\/\/rivierabarcrawltours.com\/wp-content\/uploads\/2021\/02\/excursions-a-terre-monaco-1.jpg?id=81495) !important;}\u00bb]<a href=\"https:\/\/rivierabarcrawltours.com\/hen-do-bachelorette-party\/in-monaco\/\">M\u00f3naco<\/a>[\/vc_column_text][\/vc_column][vc_column width=\u00bb1\/4&#8243; el_class=\u00bbmain-col\u00bb css=\u00bb.vc_custom_1612432062266{margin-bottom: 20px !important;}\u00bb][vc_column_text css=\u00bb.vc_custom_1771232274220{background-image: url(https:\/\/rivierabarcrawltours.com\/wp-content\/uploads\/2026\/02\/paris-by-night.jpg?id=125255) !important;}\u00bb]<a href=\"https:\/\/rivierabarcrawltours.com\/hen-do-bachelorette-party\/in-paris\/\">Par\u00eds<\/a>[\/vc_column_text][\/vc_column][\/vc_row][vc_row][vc_column width=\u00bb1\/4&#8243; el_class=\u00bbmain-col\u00bb css=\u00bb.vc_custom_1612431923475{margin-bottom: 20px !important;}\u00bb][vc_column_text css=\u00bb.vc_custom_1771232367233{background-image: url(https:\/\/rivierabarcrawltours.com\/wp-content\/uploads\/2021\/08\/visite-touristique-privee-saint-tropez-port-grimaud-2.jpg?id=82248) !important;}\u00bb]<a href=\"https:\/\/rivierabarcrawltours.com\/hen-do-bachelorette-party\/in-saint-tropez\/\">Saint-Tropez<\/a>[\/vc_column_text][\/vc_column][vc_column width=\u00bb1\/4&#8243; el_class=\u00bbmain-col\u00bb css=\u00bb.vc_custom_1612432008756{margin-bottom: 20px !important;}\u00bb][vc_column_text css=\u00bb.vc_custom_1771232709521{background-image: url(https:\/\/rivierabarcrawltours.com\/wp-content\/uploads\/2025\/03\/Nice-France-1.jpeg?id=115748) !important;}\u00bb]<a href=\"https:\/\/rivierabarcrawltours.com\/hen-do-bachelorette-party\/hen-do-in-nice-france\/\">Nice<\/a>[\/vc_column_text][\/vc_column][\/vc_row]<\/p>\n<\/div>","protected":false},"excerpt":{"rendered":"<p>[vc_row css=\u00bb.vc_custom_1612431259800{margin-top: 40px !important;}\u00bb][vc_column][vc_column_text css=\u00bb\u00bb] Todos nuestros Destinos Despedidas de Soltera Despedidas de Soltero [\/vc_column_text][vc_column_text css=\u00bb\u00bb] Despedidas de soltera en el extranjero Planifica una despedida de soltera \u00fanica en la vida, con cero estr\u00e9s y 100% de momentos inolvidables. Planificar una despedida de soltera o soltero en el extranjero debe ser emocionante, no abrumador. En [&hellip;]<\/p>\n","protected":false},"author":2,"featured_media":103234,"parent":0,"menu_order":0,"comment_status":"closed","ping_status":"closed","template":"template-home-modern.php","meta":{"_acf_changed":false,"footnotes":""},"class_list":["post-125427","page","type-page","status-publish","has-post-thumbnail","hentry"],"acf":[],"yoast_head":"<!-- This site is optimized with the Yoast SEO plugin v27.6 - https:\/\/yoast.com\/product\/yoast-seo-wordpress\/ -->\n<title>Organiza la despedida de soltera perfecta - \u00a1Despedida de soltera en el extranjero con nosotros!<\/title>\n<meta name=\"description\" content=\"\u00bfQuieres escaparte a la playa? \u00bfUn loco &quot;brindis final&quot;? \u00bfUna experiencia vin\u00edcola? \u00a1Estamos aqu\u00ed para inspirarte con los mejores destinos e ideas para despedidas de soltera!\" \/>\n<meta name=\"robots\" content=\"index, follow, max-snippet:-1, max-image-preview:large, max-video-preview:-1\" \/>\n<link rel=\"canonical\" href=\"https:\/\/rivierabarcrawltours.com\/es\/despedida-de-soltera\/\" \/>\n<meta property=\"og:locale\" content=\"es_ES\" \/>\n<meta property=\"og:type\" content=\"article\" \/>\n<meta property=\"og:title\" content=\"Despedida de soltera\" \/>\n<meta property=\"og:description\" content=\"Despedida de soltera\" \/>\n<meta property=\"og:url\" content=\"https:\/\/rivierabarcrawltours.com\/es\/despedida-de-soltera\/\" \/>\n<meta property=\"og:site_name\" content=\"Riviera Bar Crawl Tours\" \/>\n<meta property=\"article:publisher\" content=\"https:\/\/www.facebook.com\/RivieraBarCrawltours\/\" \/>\n<meta property=\"article:modified_time\" content=\"2026-02-16T09:17:27+00:00\" \/>\n<meta property=\"og:image\" content=\"https:\/\/rivierabarcrawltours.com\/wp-content\/uploads\/2022\/10\/Hen-Do-Bachelorette-Party-e1666621066263-1024x1024.jpeg\" \/>\n<meta name=\"twitter:card\" content=\"summary_large_image\" \/>\n<meta name=\"twitter:site\" content=\"@rivierabarcrawl\" \/>\n<meta name=\"twitter:label1\" content=\"Tiempo de lectura\" \/>\n\t<meta name=\"twitter:data1\" content=\"3 minutos\" \/>\n<!-- \/ Yoast SEO plugin. -->","yoast_head_json":{"title":"Organiza la despedida de soltera perfecta - \u00a1Despedida de soltera en el extranjero con nosotros!","description":"\u00bfQuieres escaparte a la playa? \u00bfUn loco \"brindis final\"? \u00bfUna experiencia vin\u00edcola? \u00a1Estamos aqu\u00ed para inspirarte con los mejores destinos e ideas para despedidas de soltera!","robots":{"index":"index","follow":"follow","max-snippet":"max-snippet:-1","max-image-preview":"max-image-preview:large","max-video-preview":"max-video-preview:-1"},"canonical":"https:\/\/rivierabarcrawltours.com\/es\/despedida-de-soltera\/","og_locale":"es_ES","og_type":"article","og_title":"Despedida de soltera","og_description":"Despedida de soltera","og_url":"https:\/\/rivierabarcrawltours.com\/es\/despedida-de-soltera\/","og_site_name":"Riviera Bar Crawl Tours","article_publisher":"https:\/\/www.facebook.com\/RivieraBarCrawltours\/","article_modified_time":"2026-02-16T09:17:27+00:00","og_image":[{"url":"https:\/\/rivierabarcrawltours.com\/wp-content\/uploads\/2022\/10\/Hen-Do-Bachelorette-Party-e1666621066263-1024x1024.jpeg","type":"","width":"","height":""}],"twitter_card":"summary_large_image","twitter_site":"@rivierabarcrawl","twitter_misc":{"Tiempo de lectura":"3 minutos"},"schema":{"@context":"https:\/\/schema.org","@graph":[{"@type":"WebPage","@id":"https:\/\/rivierabarcrawltours.com\/es\/despedida-de-soltera\/","url":"https:\/\/rivierabarcrawltours.com\/es\/despedida-de-soltera\/","name":"Organiza la despedida de soltera perfecta - \u00a1Despedida de soltera en el extranjero con nosotros!","isPartOf":{"@id":"https:\/\/rivierabarcrawltours.com\/#website"},"primaryImageOfPage":{"@id":"https:\/\/rivierabarcrawltours.com\/es\/despedida-de-soltera\/#primaryimage"},"image":{"@id":"https:\/\/rivierabarcrawltours.com\/es\/despedida-de-soltera\/#primaryimage"},"thumbnailUrl":"https:\/\/rivierabarcrawltours.com\/wp-content\/uploads\/2022\/10\/Hen-Do-Bachelorette-Party-e1666621066263.jpeg","datePublished":"2026-02-16T09:17:03+00:00","dateModified":"2026-02-16T09:17:27+00:00","description":"\u00bfQuieres escaparte a la playa? \u00bfUn loco \"brindis final\"? \u00bfUna experiencia vin\u00edcola? \u00a1Estamos aqu\u00ed para inspirarte con los mejores destinos e ideas para despedidas de soltera!","breadcrumb":{"@id":"https:\/\/rivierabarcrawltours.com\/es\/despedida-de-soltera\/#breadcrumb"},"inLanguage":"es","potentialAction":[{"@type":"ReadAction","target":["https:\/\/rivierabarcrawltours.com\/es\/despedida-de-soltera\/"]}]},{"@type":"ImageObject","inLanguage":"es","@id":"https:\/\/rivierabarcrawltours.com\/es\/despedida-de-soltera\/#primaryimage","url":"https:\/\/rivierabarcrawltours.com\/wp-content\/uploads\/2022\/10\/Hen-Do-Bachelorette-Party-e1666621066263.jpeg","contentUrl":"https:\/\/rivierabarcrawltours.com\/wp-content\/uploads\/2022\/10\/Hen-Do-Bachelorette-Party-e1666621066263.jpeg","width":1620,"height":1080,"caption":"happy beautiful girlfriends having a great time at the hen party. Attractive young women bride floating on a big inflatable swan in pool."},{"@type":"BreadcrumbList","@id":"https:\/\/rivierabarcrawltours.com\/es\/despedida-de-soltera\/#breadcrumb","itemListElement":[{"@type":"ListItem","position":1,"name":"Home","item":"https:\/\/rivierabarcrawltours.com\/es\/"},{"@type":"ListItem","position":2,"name":"Despedida de soltera"}]},{"@type":"WebSite","@id":"https:\/\/rivierabarcrawltours.com\/#website","url":"https:\/\/rivierabarcrawltours.com\/","name":"Riviera Bar Crawl Tours","description":"Fun Day &amp; Night Experiences I Tour operator I Guided Tours I Bar Crawls I Food Tours I","publisher":{"@id":"https:\/\/rivierabarcrawltours.com\/#organization"},"potentialAction":[{"@type":"SearchAction","target":{"@type":"EntryPoint","urlTemplate":"https:\/\/rivierabarcrawltours.com\/?s={search_term_string}"},"query-input":{"@type":"PropertyValueSpecification","valueRequired":true,"valueName":"search_term_string"}}],"inLanguage":"es"},{"@type":"Organization","@id":"https:\/\/rivierabarcrawltours.com\/#organization","name":"Riviera Bar Crawl Tours","url":"https:\/\/rivierabarcrawltours.com\/","logo":{"@type":"ImageObject","inLanguage":"es","@id":"https:\/\/rivierabarcrawltours.com\/#\/schema\/logo\/image\/","url":"https:\/\/rivierabarcrawltours.com\/wp-content\/uploads\/2019\/07\/logo.png","contentUrl":"https:\/\/rivierabarcrawltours.com\/wp-content\/uploads\/2019\/07\/logo.png","width":479,"height":453,"caption":"Riviera Bar Crawl Tours"},"image":{"@id":"https:\/\/rivierabarcrawltours.com\/#\/schema\/logo\/image\/"},"sameAs":["https:\/\/www.facebook.com\/RivieraBarCrawltours\/","https:\/\/x.com\/rivierabarcrawl"]}]}},"_links":{"self":[{"href":"https:\/\/rivierabarcrawltours.com\/es\/wp-json\/wp\/v2\/pages\/125427","targetHints":{"allow":["GET"]}}],"collection":[{"href":"https:\/\/rivierabarcrawltours.com\/es\/wp-json\/wp\/v2\/pages"}],"about":[{"href":"https:\/\/rivierabarcrawltours.com\/es\/wp-json\/wp\/v2\/types\/page"}],"author":[{"embeddable":true,"href":"https:\/\/rivierabarcrawltours.com\/es\/wp-json\/wp\/v2\/users\/2"}],"replies":[{"embeddable":true,"href":"https:\/\/rivierabarcrawltours.com\/es\/wp-json\/wp\/v2\/comments?post=125427"}],"version-history":[{"count":6,"href":"https:\/\/rivierabarcrawltours.com\/es\/wp-json\/wp\/v2\/pages\/125427\/revisions"}],"predecessor-version":[{"id":125452,"href":"https:\/\/rivierabarcrawltours.com\/es\/wp-json\/wp\/v2\/pages\/125427\/revisions\/125452"}],"wp:featuredmedia":[{"embeddable":true,"href":"https:\/\/rivierabarcrawltours.com\/es\/wp-json\/wp\/v2\/media\/103234"}],"wp:attachment":[{"href":"https:\/\/rivierabarcrawltours.com\/es\/wp-json\/wp\/v2\/media?parent=125427"}],"curies":[{"name":"wp","href":"https:\/\/api.w.org\/{rel}","templated":true}]}}