{"id":123302,"date":"2026-01-27T15:02:24","date_gmt":"2026-01-27T14:02:24","guid":{"rendered":"https:\/\/rivierabarcrawltours.com\/bares-especiales\/"},"modified":"2026-02-16T13:02:15","modified_gmt":"2026-02-16T12:02:15","slug":"bares-especiales","status":"publish","type":"page","link":"https:\/\/rivierabarcrawltours.com\/es\/bares-especiales\/","title":{"rendered":"Bares especiales"},"content":{"rendered":"<div class=\"wpb-content-wrapper\"><p>[vc_row css=\u00bb.vc_custom_1612431259800{margin-top: 40px !important;}\u00bb][vc_column][vc_column_text css=\u00bb\u00bb]<\/p>\n<h2><strong>Bar Crawl Especial: Nochevieja, Halloween, San Patricio y San Valent\u00edn<\/strong><\/h2>\n<p>[\/vc_column_text][vc_column_text css=\u00bb\u00bb]<\/p>\n<h2 data-start=\"115\" data-end=\"192\"><strong data-start=\"115\" data-end=\"192\">Bares especiales: noches inolvidables para las grandes ocasiones<\/strong><\/h2>\n<p data-start=\"194\" data-end=\"550\">\u00bfBuscas una noche que realmente destaque? Descubre nuestros <strong data-start=\"250\" data-end=\"282\">rastreos de bares especiales<\/strong>, dise\u00f1ados para las fechas m\u00e1s emocionantes del a\u00f1o: <strong data-start=\"334\" data-end=\"403\">Nochevieja, Halloween, San Patricio y San Valent\u00edn<\/strong>. Tanto si buscas un <strong data-start=\"431\" data-end=\"452\">ambiente de fiesta social<\/strong> como una <strong data-start=\"458\" data-end=\"494\">experiencia tranquila y totalmente privada<\/strong>, nosotros nos encargamos de todo: t\u00fa s\u00f3lo disfruta de la noche.  <\/p>\n<h3 data-start=\"552\" data-end=\"600\">Rutas de bares por el ambiente&#8230; o 100% a medida<\/h3>\n<p data-start=\"602\" data-end=\"856\"><strong data-start=\"717\" data-end=\"738\">Bar c<\/strong><strong data-start=\"602\" data-end=\"622\">rawl p\u00fablico<\/strong>: \u00fanete a un grupo divertido, perfecto para conocer gente nueva y disfrutar de un aut\u00e9ntico ambiente nocturno.<br data-start=\"714\" data-end=\"717\"><strong data-start=\"717\" data-end=\"738\">Bar crawl privado<\/strong>: un <strong data-start=\"742\" data-end=\"778\">formato personalizado para tu grupo<\/strong> (amigos, parejas, colegas), con un horario adaptado a vuestras preferencias.<\/p>\n<h3 data-start=\"858\" data-end=\"909\">Perfecto para tus eventos: gestionado con profesionalidad<\/h3>\n<p data-start=\"911\" data-end=\"984\">Nuestros <strong data-start=\"915\" data-end=\"937\">recorridos especiales por los bares<\/strong> est\u00e1n dise\u00f1ados para que puedas celebrarlo sin estr\u00e9s:<\/p>\n<ul data-start=\"986\" data-end=\"1431\">\n<li data-start=\"986\" data-end=\"1084\">\n<p data-start=\"988\" data-end=\"1084\"><strong data-start=\"988\" data-end=\"1006\">Nochevieja<\/strong>: empieza el a\u00f1o con una noche festiva y bien organizada: sin complicaciones, s\u00f3lo diversi\u00f3n.<\/p>\n<\/li>\n<li data-start=\"1085\" data-end=\"1185\">\n<p data-start=\"1087\" data-end=\"1185\"><strong data-start=\"1087\" data-end=\"1110\">Halloween Bar Crawl<\/strong>: una noche envolvente, ideal para grupos que buscan energ\u00eda y emoci\u00f3n.<\/p>\n<\/li>\n<li data-start=\"1186\" data-end=\"1305\">\n<p data-start=\"1188\" data-end=\"1305\"><strong data-start=\"1188\" data-end=\"1219\">Bar Crawl del D\u00eda de San Patricio<\/strong>: alta energ\u00eda garantizada &#8211; gestionamos la ruta y el horario para una noche que cumple.<\/p>\n<\/li>\n<li data-start=\"1306\" data-end=\"1431\">\n<p data-start=\"1308\" data-end=\"1431\"><strong data-start=\"1308\" data-end=\"1327\">San Valent\u00edn<\/strong>: una salida nocturna diferente, m\u00e1s elegante o m\u00e1s festiva seg\u00fan tu estilo (pareja o grupo).<\/p>\n<\/li>\n<\/ul>\n<h3 data-start=\"1433\" data-end=\"1478\">\u00ab\u00bfY la log\u00edstica?\u00bb D\u00e9janoslo a nosotros. <\/h3>\n<p data-start=\"1480\" data-end=\"1704\">Horarios apretados, transporte, reservas, coordinaci\u00f3n de grupos&#8230; ah\u00ed es exactamente donde entramos nosotros. <strong data-start=\"1580\" data-end=\"1630\">Planificamos, coordinamos y agilizamos todo<\/strong> para que tu bar crawl sea <strong data-start=\"1652\" data-end=\"1682\">f\u00e1cil, divertido y sin estr\u00e9s<\/strong> de principio a fin.<\/p>\n<h3 data-start=\"1706\" data-end=\"1763\">Grupos y profesionales del turismo: coordinaci\u00f3n fiable<\/h3>\n<p data-start=\"1765\" data-end=\"1943\">\u00bfEres una agencia, un operador tur\u00edstico o un gestor de grupos? Ofrecemos <strong data-start=\"1826\" data-end=\"1853\">experiencias preparadas para grupos<\/strong> con una organizaci\u00f3n clara y una comunicaci\u00f3n eficaz, que garantizan noches fluidas y sin contratiempos. <\/p>\n<h3 data-start=\"1945\" data-end=\"1986\">Reserva tu Bar Crawl Especial<\/h3>\n<p data-start=\"1988\" data-end=\"2128\">Elige un <strong data-start=\"1997\" data-end=\"2017\">bar crawl p\u00fablico<\/strong> o <strong data-start=\"2021\" data-end=\"2048\">solicita una cita privada<\/strong> para tu grupo (Nochevieja, Halloween, San Patricio, San Valent\u00edn).<\/p>\n<p data-start=\"2130\" data-end=\"2210\"><strong data-start=\"2130\" data-end=\"2151\">WhatsApp \/ Tel\u00e9fono:<\/strong> +33 649 244 407<br data-start=\"2167\" data-end=\"2170\"><strong data-start=\"2170\" data-end=\"2180\">Correo electr\u00f3nico:<\/strong> <a class=\"decorated-link cursor-pointer\" rel=\"noopener\" data-start=\"2181\" data-end=\"2210\">info@rivierabarcrawltours.com<\/a><\/p>\n<p>[\/vc_column_text][\/vc_column][\/vc_row][vc_row][vc_column width=\u00bb1\/4&#8243; el_class=\u00bbmain-col\u00bb css=\u00bb.vc_custom_1612431923475{margin-bottom: 20px !important;}\u00bb][vc_column_text css=\u00bb.vc_custom_1770892806967{background-image: url(https:\/\/rivierabarcrawltours.com\/wp-content\/uploads\/2026\/02\/instagram-post-Nice-NYE-2027.jpg?id=125284) !important;}\u00bb]<a href=\"https:\/\/rivierabarcrawltours.com\/es\/rutas-de-bares-en-nochevieja\/\">Nochevieja<\/a>[\/vc_column_text][\/vc_column][vc_column width=\u00bb1\/4&#8243; el_class=\u00bbmain-col\u00bb css=\u00bb.vc_custom_1612432008756{margin-bottom: 20px !important;}\u00bb][vc_column_text css=\u00bb.vc_custom_1770902930828{background-image: url(https:\/\/rivierabarcrawltours.com\/wp-content\/uploads\/2026\/02\/Halloween-bar-crawl.jpg?id=125285) !important;}\u00bb]<a href=\"https:\/\/rivierabarcrawltours.com\/es\/halloween-en-bares\/\">Halloween<\/a>[\/vc_column_text][\/vc_column][vc_column width=\u00bb1\/4&#8243; el_class=\u00bbmain-col\u00bb css=\u00bb.vc_custom_1613118716288{margin-bottom: 20px !important;}\u00bb][vc_column_text css=\u00bb.vc_custom_1769509882813{background-image: url(https:\/\/rivierabarcrawltours.com\/wp-content\/uploads\/2021\/12\/Saint-patricks-day-bar-crawl-nice-france.jpg?id=86234) !important;}\u00bb]<a href=\"https:\/\/rivierabarcrawltours.com\/es\/tour\/fiesta-de-san-patricio-bar-crawl-niza-riviera-francesa\/\">San Patricio<\/a>[\/vc_column_text][\/vc_column][vc_column width=\u00bb1\/4&#8243; el_class=\u00bbmain-col\u00bb css=\u00bb.vc_custom_1612432062266{margin-bottom: 20px !important;}\u00bb][vc_column_text css=\u00bb.vc_custom_1769510166860{background-image: url(https:\/\/rivierabarcrawltours.com\/wp-content\/uploads\/2023\/01\/Valentines-Day-Bar-Crawl-Paris.png?id=111219) !important;}\u00bb]<a href=\"https:\/\/rivierabarcrawltours.com\/es\/tour\/bar-crawl-de-san-valentin-en-niza\/\">San Valent\u00edn<\/a>[\/vc_column_text][\/vc_column][\/vc_row]<\/p>\n<\/div>","protected":false},"excerpt":{"rendered":"<p>[vc_row css=\u00bb.vc_custom_1612431259800{margin-top: 40px !important;}\u00bb][vc_column][vc_column_text css=\u00bb\u00bb] Bar Crawl Especial: Nochevieja, Halloween, San Patricio y San Valent\u00edn [\/vc_column_text][vc_column_text css=\u00bb\u00bb] Bares especiales: noches inolvidables para las grandes ocasiones \u00bfBuscas una noche que realmente destaque? Descubre nuestros rastreos de bares especiales, dise\u00f1ados para las fechas m\u00e1s emocionantes del a\u00f1o: Nochevieja, Halloween, San Patricio y San Valent\u00edn. Tanto si buscas [&hellip;]<\/p>\n","protected":false},"author":2,"featured_media":108046,"parent":0,"menu_order":0,"comment_status":"closed","ping_status":"closed","template":"template-home-modern.php","meta":{"_acf_changed":false,"footnotes":""},"class_list":["post-123302","page","type-page","status-publish","has-post-thumbnail","hentry"],"acf":[],"yoast_head":"<!-- This site is optimized with the Yoast SEO plugin v27.5 - https:\/\/yoast.com\/product\/yoast-seo-wordpress\/ -->\n<title>Bares especiales | Riviera Bar Crawl Tours<\/title>\n<meta name=\"description\" content=\"Riviera Bar Crawl Tours: Recorridos especiales por bares -recorridos por bares p\u00fablicos en Nochevieja, Halloween, San Patricio y San Valent\u00edn.\" \/>\n<meta name=\"robots\" content=\"index, follow, max-snippet:-1, max-image-preview:large, max-video-preview:-1\" \/>\n<link rel=\"canonical\" href=\"https:\/\/rivierabarcrawltours.com\/es\/bares-especiales\/\" \/>\n<meta property=\"og:locale\" content=\"es_ES\" \/>\n<meta property=\"og:type\" content=\"article\" \/>\n<meta property=\"og:title\" content=\"Rastreo especial de bares\" \/>\n<meta property=\"og:description\" content=\"Rastreo especial de bares\" \/>\n<meta property=\"og:url\" content=\"https:\/\/rivierabarcrawltours.com\/es\/bares-especiales\/\" \/>\n<meta property=\"og:site_name\" content=\"Riviera Bar Crawl Tours\" \/>\n<meta property=\"article:publisher\" content=\"https:\/\/www.facebook.com\/RivieraBarCrawltours\/\" \/>\n<meta property=\"article:modified_time\" content=\"2026-02-16T12:02:15+00:00\" \/>\n<meta property=\"og:image\" content=\"https:\/\/rivierabarcrawltours.com\/wp-content\/uploads\/2024\/07\/riviera-pub-crawls-1024x1024.jpg\" \/>\n<meta name=\"twitter:card\" content=\"summary_large_image\" \/>\n<meta name=\"twitter:site\" content=\"@rivierabarcrawl\" \/>\n<meta name=\"twitter:label1\" content=\"Tiempo de lectura\" \/>\n\t<meta name=\"twitter:data1\" content=\"3 minutos\" \/>\n<!-- \/ Yoast SEO plugin. -->","yoast_head_json":{"title":"Bares especiales | Riviera Bar Crawl Tours","description":"Riviera Bar Crawl Tours: Recorridos especiales por bares -recorridos por bares p\u00fablicos en Nochevieja, Halloween, San Patricio y San Valent\u00edn.","robots":{"index":"index","follow":"follow","max-snippet":"max-snippet:-1","max-image-preview":"max-image-preview:large","max-video-preview":"max-video-preview:-1"},"canonical":"https:\/\/rivierabarcrawltours.com\/es\/bares-especiales\/","og_locale":"es_ES","og_type":"article","og_title":"Rastreo especial de bares","og_description":"Rastreo especial de bares","og_url":"https:\/\/rivierabarcrawltours.com\/es\/bares-especiales\/","og_site_name":"Riviera Bar Crawl Tours","article_publisher":"https:\/\/www.facebook.com\/RivieraBarCrawltours\/","article_modified_time":"2026-02-16T12:02:15+00:00","og_image":[{"url":"https:\/\/rivierabarcrawltours.com\/wp-content\/uploads\/2024\/07\/riviera-pub-crawls-1024x1024.jpg","type":"","width":"","height":""}],"twitter_card":"summary_large_image","twitter_site":"@rivierabarcrawl","twitter_misc":{"Tiempo de lectura":"3 minutos"},"schema":{"@context":"https:\/\/schema.org","@graph":[{"@type":"WebPage","@id":"https:\/\/rivierabarcrawltours.com\/es\/bares-especiales\/","url":"https:\/\/rivierabarcrawltours.com\/es\/bares-especiales\/","name":"Bares especiales | Riviera Bar Crawl Tours","isPartOf":{"@id":"https:\/\/rivierabarcrawltours.com\/#website"},"primaryImageOfPage":{"@id":"https:\/\/rivierabarcrawltours.com\/es\/bares-especiales\/#primaryimage"},"image":{"@id":"https:\/\/rivierabarcrawltours.com\/es\/bares-especiales\/#primaryimage"},"thumbnailUrl":"https:\/\/rivierabarcrawltours.com\/wp-content\/uploads\/2023\/06\/riviera-pub-crawls.jpg","datePublished":"2026-01-27T14:02:24+00:00","dateModified":"2026-02-16T12:02:15+00:00","description":"Riviera Bar Crawl Tours: Recorridos especiales por bares -recorridos por bares p\u00fablicos en Nochevieja, Halloween, San Patricio y San Valent\u00edn.","breadcrumb":{"@id":"https:\/\/rivierabarcrawltours.com\/es\/bares-especiales\/#breadcrumb"},"inLanguage":"es","potentialAction":[{"@type":"ReadAction","target":["https:\/\/rivierabarcrawltours.com\/es\/bares-especiales\/"]}]},{"@type":"ImageObject","inLanguage":"es","@id":"https:\/\/rivierabarcrawltours.com\/es\/bares-especiales\/#primaryimage","url":"https:\/\/rivierabarcrawltours.com\/wp-content\/uploads\/2023\/06\/riviera-pub-crawls.jpg","contentUrl":"https:\/\/rivierabarcrawltours.com\/wp-content\/uploads\/2023\/06\/riviera-pub-crawls.jpg","width":1920,"height":1113,"caption":"agradables experiencias nocturnas"},{"@type":"BreadcrumbList","@id":"https:\/\/rivierabarcrawltours.com\/es\/bares-especiales\/#breadcrumb","itemListElement":[{"@type":"ListItem","position":1,"name":"Home","item":"https:\/\/rivierabarcrawltours.com\/es\/"},{"@type":"ListItem","position":2,"name":"Bares especiales"}]},{"@type":"WebSite","@id":"https:\/\/rivierabarcrawltours.com\/#website","url":"https:\/\/rivierabarcrawltours.com\/","name":"Riviera Bar Crawl Tours","description":"Fun Day &amp; Night Experiences I Tour operator I Guided Tours I Bar Crawls I Food Tours I","publisher":{"@id":"https:\/\/rivierabarcrawltours.com\/#organization"},"potentialAction":[{"@type":"SearchAction","target":{"@type":"EntryPoint","urlTemplate":"https:\/\/rivierabarcrawltours.com\/?s={search_term_string}"},"query-input":{"@type":"PropertyValueSpecification","valueRequired":true,"valueName":"search_term_string"}}],"inLanguage":"es"},{"@type":"Organization","@id":"https:\/\/rivierabarcrawltours.com\/#organization","name":"Riviera Bar Crawl Tours","url":"https:\/\/rivierabarcrawltours.com\/","logo":{"@type":"ImageObject","inLanguage":"es","@id":"https:\/\/rivierabarcrawltours.com\/#\/schema\/logo\/image\/","url":"https:\/\/rivierabarcrawltours.com\/wp-content\/uploads\/2019\/07\/logo.png","contentUrl":"https:\/\/rivierabarcrawltours.com\/wp-content\/uploads\/2019\/07\/logo.png","width":479,"height":453,"caption":"Riviera Bar Crawl Tours"},"image":{"@id":"https:\/\/rivierabarcrawltours.com\/#\/schema\/logo\/image\/"},"sameAs":["https:\/\/www.facebook.com\/RivieraBarCrawltours\/","https:\/\/x.com\/rivierabarcrawl"]}]}},"_links":{"self":[{"href":"https:\/\/rivierabarcrawltours.com\/es\/wp-json\/wp\/v2\/pages\/123302","targetHints":{"allow":["GET"]}}],"collection":[{"href":"https:\/\/rivierabarcrawltours.com\/es\/wp-json\/wp\/v2\/pages"}],"about":[{"href":"https:\/\/rivierabarcrawltours.com\/es\/wp-json\/wp\/v2\/types\/page"}],"author":[{"embeddable":true,"href":"https:\/\/rivierabarcrawltours.com\/es\/wp-json\/wp\/v2\/users\/2"}],"replies":[{"embeddable":true,"href":"https:\/\/rivierabarcrawltours.com\/es\/wp-json\/wp\/v2\/comments?post=123302"}],"version-history":[{"count":4,"href":"https:\/\/rivierabarcrawltours.com\/es\/wp-json\/wp\/v2\/pages\/123302\/revisions"}],"predecessor-version":[{"id":125969,"href":"https:\/\/rivierabarcrawltours.com\/es\/wp-json\/wp\/v2\/pages\/123302\/revisions\/125969"}],"wp:featuredmedia":[{"embeddable":true,"href":"https:\/\/rivierabarcrawltours.com\/es\/wp-json\/wp\/v2\/media\/108046"}],"wp:attachment":[{"href":"https:\/\/rivierabarcrawltours.com\/es\/wp-json\/wp\/v2\/media?parent=123302"}],"curies":[{"name":"wp","href":"https:\/\/api.w.org\/{rel}","templated":true}]}}