{"id":123015,"date":"2026-01-23T14:51:14","date_gmt":"2026-01-23T13:51:14","guid":{"rendered":"https:\/\/rivierabarcrawltours.com\/halloween-en-bares\/"},"modified":"2026-02-17T09:45:43","modified_gmt":"2026-02-17T08:45:43","slug":"halloween-en-bares","status":"publish","type":"page","link":"https:\/\/rivierabarcrawltours.com\/es\/halloween-en-bares\/","title":{"rendered":"Halloween en bares"},"content":{"rendered":"<div class=\"wpb-content-wrapper\"><p>[vc_row css=\u00bb.vc_custom_1612431259800{margin-top: 40px !important;}\u00bb][vc_column][vc_column_text css=\u00bb\u00bb]<\/p>\n<h1><strong>Halloween Bar Crawl (2026) &#8211; Grandes Vibraciones de Fiesta, Nuevos Amigos, Cero Estr\u00e9s<\/strong><\/h1>\n<p>[\/vc_column_text][vc_column_text css=\u00bb\u00bb]<\/p>\n<h2>Halloween Bar Crawl en Francia &#8211; Disfraces Encendidos, Modo Noche Activado<\/h2>\n<p>\u00bfBuscas la <strong>mejor ruta de bares de Halloween en Francia<\/strong>? Esta es tu excusa para ir a por todas: disfraces, gran energ\u00eda social y una noche de fiesta que realmente fluya. En lugar de malgastar Halloween pensando ad\u00f3nde ir despu\u00e9s, \u00fanete a un <strong>Halloween Bar Crawl<\/strong> dise\u00f1ado para mantener el ambiente alto y la log\u00edstica f\u00e1cil.  <\/p>\n<p>Tanto si viajas como si vienes con amigos o en solitario, se trata de un <strong>rastreo p\u00fablico de bares en<\/strong> grupo pensado para conocer gente y celebrar Halloween de forma divertida.<\/p>\n<h3>\u00bfPor qu\u00e9 participar en nuestro Halloween Bar Crawl?<\/h3>\n<p><strong>1) Puras vibraciones de Halloween: social, ruidoso, inolvidable<\/strong><br \/>\nHalloween es mejor con una multitud. Espera un animado ambiente de grupo en el que sea f\u00e1cil conectar, re\u00edr y convertir \u00abs\u00f3lo una noche de fiesta\u00bb en una aut\u00e9ntica celebraci\u00f3n. <\/p>\n<p><strong>2) Sin estr\u00e9s de planificaci\u00f3n (nosotros organizamos la noche)<\/strong><br \/>\nLas noches de Halloween pueden ser ca\u00f3ticas: calles atestadas, locales abarrotados, tiempo perdido para decidir. Nosotros nos encargamos de la estructura para que pases m\u00e1s tiempo de fiesta y menos organizando. <\/p>\n<p><strong>3) Perfecto para grupos y viajeros<\/strong><br \/>\n\u00bfVienes con tripulaci\u00f3n? Estupendo. \u00bfVienes solo? A\u00fan mejor: esto est\u00e1 hecho para ser social, acogedor y f\u00e1cil de unirse.   <\/p>\n<h3>\u00bfTe preocupa la log\u00edstica? No eres el \u00fanico. <\/h3>\n<ul>\n<li><strong>\u00abHalloween est\u00e1 lleno de gente, \u00bfser\u00e1 un l\u00edo?\u00bb<\/strong>  Mantenemos un plan claro para que la noche transcurra sin sobresaltos.<\/li>\n<li><strong>\u00ab\u00bfConocer\u00e9 realmente a gente?\u00bb<\/strong>  De eso se trata: es una experiencia de grupo hecha para vibrar en una fiesta social.<\/li>\n<li><strong>\u00abNo quiero pasarme la noche tomando decisiones\u00bb.<\/strong>  No lo har\u00e1s. Aparece preparado. <\/li>\n<\/ul>\n<h2><a href=\"https:\/\/rivierabarcrawltours.com\/es\/contacto\/\">Reserva tu Halloween Bar Crawl en Francia<\/a><\/h2>\n<p>Las plazas se llenan r\u00e1pidamente para Halloween. Env\u00edanos un mensaje ahora para obtener los detalles y asegurar tu plaza. <\/p>\n<p><strong>WhatsApp \/ Tel\u00e9fono:<\/strong> +33 649 244 407<br \/>\n<strong>Correo electr\u00f3nico:<\/strong> <a class=\"not-prose group inline break-all rounded-md px-1 text-sm font-medium text-blue-600 focus-visible:outline-none focus-visible:ring-1 focus-visible:ring-ring dark:text-blue-400 md:text-base\" href=\"mailto:info@rivierabarcrawltours.com\"><span class=\"underline\">info@rivierabarcrawltours.com<\/span><\/a>[\/vc_column_text][\/vc_column][\/vc_row][vc_row][vc_column width=\u00bb1\/4&#8243; el_class=\u00bbmain-col\u00bb css=\u00bb.vc_custom_1612431923475{margin-bottom: 20px !important;}\u00bb][vc_column_text css=\u00bb.vc_custom_1770902281515{background-image: url(https:\/\/rivierabarcrawltours.com\/wp-content\/uploads\/2026\/02\/Halloween-bar-crawl-Nice.jpg?id=125320) !important;}\u00bb]<a href=\"https:\/\/rivierabarcrawltours.com\/es\/tour\/fiesta-de-halloween-bar-crawl-niza-francia\/\">Nice<\/a>[\/vc_column_text][\/vc_column][vc_column width=\u00bb1\/4&#8243; el_class=\u00bbmain-col\u00bb css=\u00bb.vc_custom_1612432008756{margin-bottom: 20px !important;}\u00bb][vc_column_text css=\u00bb.vc_custom_1770902372623{background-image: url(https:\/\/rivierabarcrawltours.com\/wp-content\/uploads\/2026\/02\/Halloween-bar-crawl-Paris.jpg?id=125321) !important;}\u00bb]<a href=\"https:\/\/rivierabarcrawltours.com\/es\/tour\/fiesta-de-halloween-en-paris-recorrido-de-bares\/\">Par\u00eds<\/a>[\/vc_column_text][\/vc_column][vc_column width=\u00bb1\/4&#8243; el_class=\u00bbmain-col\u00bb css=\u00bb.vc_custom_1613118716288{margin-bottom: 20px !important;}\u00bb][vc_column_text css=\u00bb.vc_custom_1770902425652{background-image: url(https:\/\/rivierabarcrawltours.com\/wp-content\/uploads\/2026\/02\/Halloween-bar-crawl-Marseille.jpg?id=125322) !important;}\u00bb]<a href=\"https:\/\/rivierabarcrawltours.com\/es\/tour\/fiesta-de-halloween-en-bares-de-marsella-2026\/\">Marsella<\/a>[\/vc_column_text][\/vc_column][vc_column width=\u00bb1\/4&#8243; el_class=\u00bbmain-col\u00bb css=\u00bb.vc_custom_1612432062266{margin-bottom: 20px !important;}\u00bb][vc_column_text css=\u00bb.vc_custom_1770902461054{background-image: url(https:\/\/rivierabarcrawltours.com\/wp-content\/uploads\/2026\/02\/Halloween-bar-crawl-Milan.jpg?id=125323) !important;}\u00bb]<a href=\"https:\/\/rivierabarcrawltours.com\/es\/tour\/fiesta-de-halloween-en-bares-de-milan-2026\/\">Mil\u00e1n<\/a>[\/vc_column_text][\/vc_column][\/vc_row][vc_row][vc_column width=\u00bb1\/4&#8243; el_class=\u00bbmain-col\u00bb css=\u00bb.vc_custom_1612431923475{margin-bottom: 20px !important;}\u00bb][vc_column_text css=\u00bb.vc_custom_1770902498269{background-image: url(https:\/\/rivierabarcrawltours.com\/wp-content\/uploads\/2026\/02\/Halloween-bar-crawl-Lyon.jpg?id=125324) !important;}\u00bb]<a href=\"https:\/\/rivierabarcrawltours.com\/es\/tour\/fiesta-de-halloween-en-bares-de-lyon-2026\/\">Lyon<\/a>[\/vc_column_text][\/vc_column][vc_column width=\u00bb1\/4&#8243; el_class=\u00bbmain-col\u00bb css=\u00bb.vc_custom_1612432008756{margin-bottom: 20px !important;}\u00bb][vc_column_text css=\u00bb.vc_custom_1770902518348{background-image: url(https:\/\/rivierabarcrawltours.com\/wp-content\/uploads\/2026\/02\/Halloween-bar-crawl-Lille.jpg?id=125325) !important;}\u00bb]<a href=\"https:\/\/rivierabarcrawltours.com\/es\/tour\/fiesta-de-halloween-en-bares-de-lille-2026\/\">Lille<\/a>[\/vc_column_text][\/vc_column][vc_column width=\u00bb1\/4&#8243; el_class=\u00bbmain-col\u00bb css=\u00bb.vc_custom_1613118716288{margin-bottom: 20px !important;}\u00bb][vc_column_text css=\u00bb.vc_custom_1770902539488{background-image: url(https:\/\/rivierabarcrawltours.com\/wp-content\/uploads\/2026\/02\/Halloween-bar-crawl-Brussels.jpg?id=125326) !important;}\u00bb]<a href=\"https:\/\/rivierabarcrawltours.com\/es\/tour\/fiesta-de-halloween-en-bares-en-bruselas-2026\/\">Bruselas<\/a>[\/vc_column_text][\/vc_column][vc_column width=\u00bb1\/4&#8243; el_class=\u00bbmain-col\u00bb css=\u00bb.vc_custom_1612432062266{margin-bottom: 20px !important;}\u00bb][vc_column_text css=\u00bb.vc_custom_1770902567102{background-image: url(https:\/\/rivierabarcrawltours.com\/wp-content\/uploads\/2026\/02\/Halloween-bar-crawl-Strasbourg.jpg?id=125327) !important;}\u00bb]<a href=\"https:\/\/rivierabarcrawltours.com\/es\/tour\/halloween-bar-crawl-party-in-strasbourg-2026\/\">Estrasburgo<\/a>[\/vc_column_text][\/vc_column][\/vc_row][vc_row][vc_column width=\u00bb1\/4&#8243; el_class=\u00bbmain-col\u00bb css=\u00bb.vc_custom_1612432008756{margin-bottom: 20px !important;}\u00bb][vc_column_text css=\u00bb.vc_custom_1770902591754{background-image: url(https:\/\/rivierabarcrawltours.com\/wp-content\/uploads\/2026\/02\/Halloween-bar-crawl-Toulouse.jpg?id=125328) !important;}\u00bb]<a href=\"https:\/\/rivierabarcrawltours.com\/es\/tour\/fiesta-de-halloween-en-bares-de-toulouse-2026\/\">Toulouse<\/a>[\/vc_column_text][\/vc_column][vc_column width=\u00bb1\/4&#8243; el_class=\u00bbmain-col\u00bb css=\u00bb.vc_custom_1613118716288{margin-bottom: 20px !important;}\u00bb][vc_column_text css=\u00bb.vc_custom_1770902820001{background-image: url(https:\/\/rivierabarcrawltours.com\/wp-content\/uploads\/2026\/02\/Halloween-bar-crawl-Bordeaux.jpg?id=125329) !important;}\u00bb]<a href=\"https:\/\/rivierabarcrawltours.com\/es\/tour\/fiesta-de-halloween-en-bares-de-burdeos-2026\/\">Burdeos<\/a>[\/vc_column_text][\/vc_column][\/vc_row]<\/p>\n<\/div>","protected":false},"excerpt":{"rendered":"<p>[vc_row css=\u00bb.vc_custom_1612431259800{margin-top: 40px !important;}\u00bb][vc_column][vc_column_text css=\u00bb\u00bb] Halloween Bar Crawl (2026) &#8211; Grandes Vibraciones de Fiesta, Nuevos Amigos, Cero Estr\u00e9s [\/vc_column_text][vc_column_text css=\u00bb\u00bb] Halloween Bar Crawl en Francia &#8211; Disfraces Encendidos, Modo Noche Activado \u00bfBuscas la mejor ruta de bares de Halloween en Francia? Esta es tu excusa para ir a por todas: disfraces, gran energ\u00eda social y [&hellip;]<\/p>\n","protected":false},"author":2,"featured_media":94199,"parent":0,"menu_order":0,"comment_status":"closed","ping_status":"closed","template":"template-home-modern.php","meta":{"_acf_changed":false,"footnotes":""},"class_list":["post-123015","page","type-page","status-publish","has-post-thumbnail","hentry"],"acf":[],"yoast_head":"<!-- This site is optimized with the Yoast SEO plugin v27.5 - https:\/\/yoast.com\/product\/yoast-seo-wordpress\/ -->\n<title>Halloween en bares 2026 | Riviera Bar Crawl Tours<\/title>\n<meta name=\"description\" content=\"Haz que tu fiesta de Halloween Bar Crawls 2026 sea inolvidable con una noche planificada llena de energ\u00eda y celebraci\u00f3n.\" \/>\n<meta name=\"robots\" content=\"index, follow, max-snippet:-1, max-image-preview:large, max-video-preview:-1\" \/>\n<link rel=\"canonical\" href=\"https:\/\/rivierabarcrawltours.com\/es\/halloween-en-bares\/\" \/>\n<meta property=\"og:locale\" content=\"es_ES\" \/>\n<meta property=\"og:type\" content=\"article\" \/>\n<meta property=\"og:title\" content=\"Halloween en bares 2026 | Riviera Bar Crawl Tours\" \/>\n<meta property=\"og:description\" content=\"Haz que tu fiesta de Halloween Bar Crawls 2026 sea inolvidable con una noche planificada llena de energ\u00eda y celebraci\u00f3n.\" \/>\n<meta property=\"og:url\" content=\"https:\/\/rivierabarcrawltours.com\/es\/halloween-en-bares\/\" \/>\n<meta property=\"og:site_name\" content=\"Riviera Bar Crawl Tours\" \/>\n<meta property=\"article:publisher\" content=\"https:\/\/www.facebook.com\/RivieraBarCrawltours\/\" \/>\n<meta property=\"article:modified_time\" content=\"2026-02-17T08:45:43+00:00\" \/>\n<meta property=\"og:image\" content=\"https:\/\/rivierabarcrawltours.com\/wp-content\/uploads\/2024\/07\/riviera-pub-crawls-1024x1024.jpg\" \/>\n<meta name=\"twitter:card\" content=\"summary_large_image\" \/>\n<meta name=\"twitter:site\" content=\"@rivierabarcrawl\" \/>\n<meta name=\"twitter:label1\" content=\"Tiempo de lectura\" \/>\n\t<meta name=\"twitter:data1\" content=\"4 minutos\" \/>\n<!-- \/ Yoast SEO plugin. -->","yoast_head_json":{"title":"Halloween en bares 2026 | Riviera Bar Crawl Tours","description":"Haz que tu fiesta de Halloween Bar Crawls 2026 sea inolvidable con una noche planificada llena de energ\u00eda y celebraci\u00f3n.","robots":{"index":"index","follow":"follow","max-snippet":"max-snippet:-1","max-image-preview":"max-image-preview:large","max-video-preview":"max-video-preview:-1"},"canonical":"https:\/\/rivierabarcrawltours.com\/es\/halloween-en-bares\/","og_locale":"es_ES","og_type":"article","og_title":"Halloween en bares 2026 | Riviera Bar Crawl Tours","og_description":"Haz que tu fiesta de Halloween Bar Crawls 2026 sea inolvidable con una noche planificada llena de energ\u00eda y celebraci\u00f3n.","og_url":"https:\/\/rivierabarcrawltours.com\/es\/halloween-en-bares\/","og_site_name":"Riviera Bar Crawl Tours","article_publisher":"https:\/\/www.facebook.com\/RivieraBarCrawltours\/","article_modified_time":"2026-02-17T08:45:43+00:00","og_image":[{"url":"https:\/\/rivierabarcrawltours.com\/wp-content\/uploads\/2024\/07\/riviera-pub-crawls-1024x1024.jpg","type":"","width":"","height":""}],"twitter_card":"summary_large_image","twitter_site":"@rivierabarcrawl","twitter_misc":{"Tiempo de lectura":"4 minutos"},"schema":{"@context":"https:\/\/schema.org","@graph":[{"@type":"WebPage","@id":"https:\/\/rivierabarcrawltours.com\/es\/halloween-en-bares\/","url":"https:\/\/rivierabarcrawltours.com\/es\/halloween-en-bares\/","name":"Halloween en bares 2026 | Riviera Bar Crawl Tours","isPartOf":{"@id":"https:\/\/rivierabarcrawltours.com\/#website"},"primaryImageOfPage":{"@id":"https:\/\/rivierabarcrawltours.com\/es\/halloween-en-bares\/#primaryimage"},"image":{"@id":"https:\/\/rivierabarcrawltours.com\/es\/halloween-en-bares\/#primaryimage"},"thumbnailUrl":"https:\/\/rivierabarcrawltours.com\/wp-content\/uploads\/2021\/12\/halloween-bar-crawl-Nice.jpg","datePublished":"2026-01-23T13:51:14+00:00","dateModified":"2026-02-17T08:45:43+00:00","description":"Haz que tu fiesta de Halloween Bar Crawls 2026 sea inolvidable con una noche planificada llena de energ\u00eda y celebraci\u00f3n.","breadcrumb":{"@id":"https:\/\/rivierabarcrawltours.com\/es\/halloween-en-bares\/#breadcrumb"},"inLanguage":"es","potentialAction":[{"@type":"ReadAction","target":["https:\/\/rivierabarcrawltours.com\/es\/halloween-en-bares\/"]}]},{"@type":"ImageObject","inLanguage":"es","@id":"https:\/\/rivierabarcrawltours.com\/es\/halloween-en-bares\/#primaryimage","url":"https:\/\/rivierabarcrawltours.com\/wp-content\/uploads\/2021\/12\/halloween-bar-crawl-Nice.jpg","contentUrl":"https:\/\/rivierabarcrawltours.com\/wp-content\/uploads\/2021\/12\/halloween-bar-crawl-Nice.jpg","width":1920,"height":1080,"caption":"gente bailando en Halloween en Niza"},{"@type":"BreadcrumbList","@id":"https:\/\/rivierabarcrawltours.com\/es\/halloween-en-bares\/#breadcrumb","itemListElement":[{"@type":"ListItem","position":1,"name":"Home","item":"https:\/\/rivierabarcrawltours.com\/es\/"},{"@type":"ListItem","position":2,"name":"Halloween en bares"}]},{"@type":"WebSite","@id":"https:\/\/rivierabarcrawltours.com\/#website","url":"https:\/\/rivierabarcrawltours.com\/","name":"Riviera Bar Crawl Tours","description":"Fun Day &amp; Night Experiences I Tour operator I Guided Tours I Bar Crawls I Food Tours I","publisher":{"@id":"https:\/\/rivierabarcrawltours.com\/#organization"},"potentialAction":[{"@type":"SearchAction","target":{"@type":"EntryPoint","urlTemplate":"https:\/\/rivierabarcrawltours.com\/?s={search_term_string}"},"query-input":{"@type":"PropertyValueSpecification","valueRequired":true,"valueName":"search_term_string"}}],"inLanguage":"es"},{"@type":"Organization","@id":"https:\/\/rivierabarcrawltours.com\/#organization","name":"Riviera Bar Crawl Tours","url":"https:\/\/rivierabarcrawltours.com\/","logo":{"@type":"ImageObject","inLanguage":"es","@id":"https:\/\/rivierabarcrawltours.com\/#\/schema\/logo\/image\/","url":"https:\/\/rivierabarcrawltours.com\/wp-content\/uploads\/2019\/07\/logo.png","contentUrl":"https:\/\/rivierabarcrawltours.com\/wp-content\/uploads\/2019\/07\/logo.png","width":479,"height":453,"caption":"Riviera Bar Crawl Tours"},"image":{"@id":"https:\/\/rivierabarcrawltours.com\/#\/schema\/logo\/image\/"},"sameAs":["https:\/\/www.facebook.com\/RivieraBarCrawltours\/","https:\/\/x.com\/rivierabarcrawl"]}]}},"_links":{"self":[{"href":"https:\/\/rivierabarcrawltours.com\/es\/wp-json\/wp\/v2\/pages\/123015","targetHints":{"allow":["GET"]}}],"collection":[{"href":"https:\/\/rivierabarcrawltours.com\/es\/wp-json\/wp\/v2\/pages"}],"about":[{"href":"https:\/\/rivierabarcrawltours.com\/es\/wp-json\/wp\/v2\/types\/page"}],"author":[{"embeddable":true,"href":"https:\/\/rivierabarcrawltours.com\/es\/wp-json\/wp\/v2\/users\/2"}],"replies":[{"embeddable":true,"href":"https:\/\/rivierabarcrawltours.com\/es\/wp-json\/wp\/v2\/comments?post=123015"}],"version-history":[{"count":20,"href":"https:\/\/rivierabarcrawltours.com\/es\/wp-json\/wp\/v2\/pages\/123015\/revisions"}],"predecessor-version":[{"id":126671,"href":"https:\/\/rivierabarcrawltours.com\/es\/wp-json\/wp\/v2\/pages\/123015\/revisions\/126671"}],"wp:featuredmedia":[{"embeddable":true,"href":"https:\/\/rivierabarcrawltours.com\/es\/wp-json\/wp\/v2\/media\/94199"}],"wp:attachment":[{"href":"https:\/\/rivierabarcrawltours.com\/es\/wp-json\/wp\/v2\/media?parent=123015"}],"curies":[{"name":"wp","href":"https:\/\/api.w.org\/{rel}","templated":true}]}}