{"id":122730,"date":"2026-01-23T10:59:19","date_gmt":"2026-01-23T09:59:19","guid":{"rendered":"https:\/\/rivierabarcrawltours.com\/francia-bares\/"},"modified":"2026-02-16T12:35:52","modified_gmt":"2026-02-16T11:35:52","slug":"francia-bares","status":"publish","type":"page","link":"https:\/\/rivierabarcrawltours.com\/es\/francia-bares\/","title":{"rendered":"Francia Bares"},"content":{"rendered":"<div class=\"wpb-content-wrapper\"><p>[vc_row css=\u00bb.vc_custom_1612431259800{margin-top: 40px !important;}\u00bb][vc_column][vc_column_text css=\u00bb\u00bb]<\/p>\n<h2>Experimenta los mejores Bar Crawls y Pub Crawls de Francia<\/h2>\n<p>[\/vc_column_text][vc_column_text css=\u00bb\u00bb]Descubre los mejores <strong>rastreos de bares de Francia<\/strong>, con <strong>rastreos de bares p\u00fablicos<\/strong> para animar las fiestas sociales y <strong>rastreos de bares privados<\/strong> adaptados a tu grupo. Tanto si est\u00e1s planeando las celebraciones <strong>de San Patricio<\/strong>, una <strong>despedida de soltera<\/strong>, un <strong>bar crawl de cumplea\u00f1os<\/strong> o una elegante salida nocturna para <strong>un grupo de empresa<\/strong>, te lo ponemos f\u00e1cil, divertido y sin complicaciones de principio a fin. <\/p>\n<p><strong>\u00bfPor qu\u00e9 reservar con nosotros?<\/strong><\/p>\n<ul>\n<li><strong>Opciones p\u00fablicas o privadas<\/strong>: \u00fanete a un grupo animado o hazlo totalmente a medida para tu tripulaci\u00f3n<\/li>\n<li><strong>Creado para celebraciones<\/strong>: San Patricio, despedidas de soltera, cumplea\u00f1os, grupos de empresa &#8211; manejados como profesionales<\/li>\n<li><strong>Amigable para el operador tur\u00edstico<\/strong>: planificaci\u00f3n fiable, coordinaci\u00f3n fluida y experiencias preparadas para el grupo<\/li>\n<\/ul>\n<p>\u00bfPreocupado por la log\u00edstica, los horarios o por mantener unido al grupo? Nosotros nos encargamos de la planificaci\u00f3n para que t\u00fa puedas centrarte en lo bueno: una noche inolvidable. <\/p>\n<p><strong>Reserva hoy tu Bar Crawl en Francia<\/strong> &#8211; elige un crawl p\u00fablico o solicita <a href=\"https:\/\/rivierabarcrawltours.com\/es\/contacto\/\">ahora un presupuesto para un grupo privado<\/a><\/p>\n<p><b>Tel\u00e9fono WhatsApp<\/b> +33 649 244 407<\/p>\n<p><b>Env\u00eda un correo electr\u00f3nico<\/b> a info@rivierabarcrawltours.com[\/vc_column_text][\/vc_column][\/vc_row][vc_row][vc_column width=\u00bb1\/4&#8243; el_class=\u00bbmain-col\u00bb css=\u00bb.vc_custom_1612431923475{margin-bottom: 20px !important;}\u00bb][vc_column_text css=\u00bb.vc_custom_1770901873235{background-image: url(https:\/\/rivierabarcrawltours.com\/wp-content\/uploads\/2026\/02\/nice-de-nuit-.jpg?id=125254) !important;}\u00bb]<a href=\"https:\/\/rivierabarcrawltours.com\/es\/tour\/pub-crawl-en-niza\/\">Nice<\/a>[\/vc_column_text][\/vc_column][vc_column width=\u00bb1\/4&#8243; el_class=\u00bbmain-col\u00bb css=\u00bb.vc_custom_1612432008756{margin-bottom: 20px !important;}\u00bb][vc_column_text css=\u00bb.vc_custom_1770890986081{background-image: url(https:\/\/rivierabarcrawltours.com\/wp-content\/uploads\/2026\/02\/paris-by-night.jpg?id=125255) !important;}\u00bb]<a href=\"https:\/\/rivierabarcrawltours.com\/es\/tour\/pub-crawl-paris\/\">Par\u00eds<\/a>[\/vc_column_text][\/vc_column][vc_column width=\u00bb1\/4&#8243; el_class=\u00bbmain-col\u00bb css=\u00bb.vc_custom_1613118716288{margin-bottom: 20px !important;}\u00bb][vc_column_text css=\u00bb.vc_custom_1770891012364{background-image: url(https:\/\/rivierabarcrawltours.com\/wp-content\/uploads\/2026\/02\/Marseille-by-night-.jpg?id=125256) !important;}\u00bb]<a href=\"https:\/\/rivierabarcrawltours.com\/es\/tour\/riviera-bar-crawl-marsella\/\">Marsella<\/a>[\/vc_column_text][\/vc_column][vc_column width=\u00bb1\/4&#8243; el_class=\u00bbmain-col\u00bb css=\u00bb.vc_custom_1612432062266{margin-bottom: 20px !important;}\u00bb][vc_column_text css=\u00bb.vc_custom_1770891040645{background-image: url(https:\/\/rivierabarcrawltours.com\/wp-content\/uploads\/2026\/02\/Monaco-by-night.jpg?id=125257) !important;}\u00bb]<a href=\"https:\/\/rivierabarcrawltours.com\/es\/tour\/monaco-bar-crawl\/\">M\u00f3naco<\/a>[\/vc_column_text][\/vc_column][\/vc_row][vc_row][vc_column width=\u00bb1\/4&#8243; el_class=\u00bbmain-col\u00bb css=\u00bb.vc_custom_1612431923475{margin-bottom: 20px !important;}\u00bb][vc_column_text css=\u00bb.vc_custom_1770891093079{background-image: url(https:\/\/rivierabarcrawltours.com\/wp-content\/uploads\/2026\/02\/Lyon-by-night.jpg?id=125258) !important;}\u00bb]<a href=\"https:\/\/rivierabarcrawltours.com\/es\/tour\/riviera-bar-crawl-lyon\/\">Lyon<\/a>[\/vc_column_text][\/vc_column][vc_column width=\u00bb1\/4&#8243; el_class=\u00bbmain-col\u00bb css=\u00bb.vc_custom_1612432008756{margin-bottom: 20px !important;}\u00bb][vc_column_text css=\u00bb.vc_custom_1770891194594{background-image: url(https:\/\/rivierabarcrawltours.com\/wp-content\/uploads\/2026\/02\/Lille-by-night&#8211;scaled.jpg?id=125259) !important;}\u00bb]<a href=\"https:\/\/rivierabarcrawltours.com\/es\/tour\/riviera-bar-crawl-lille\/\">Lille<\/a>[\/vc_column_text][\/vc_column][vc_column width=\u00bb1\/4&#8243; el_class=\u00bbmain-col\u00bb css=\u00bb.vc_custom_1613118716288{margin-bottom: 20px !important;}\u00bb][vc_column_text css=\u00bb.vc_custom_1770891214697{background-image: url(https:\/\/rivierabarcrawltours.com\/wp-content\/uploads\/2026\/02\/Bordeaux-by-night-.jpg?id=125260) !important;}\u00bb]<a href=\"https:\/\/rivierabarcrawltours.com\/es\/tour\/riviera-bar-crawl-burdeos\/\">Burdeos<\/a>[\/vc_column_text][\/vc_column][vc_column width=\u00bb1\/4&#8243; el_class=\u00bbmain-col\u00bb css=\u00bb.vc_custom_1612432062266{margin-bottom: 20px !important;}\u00bb][vc_column_text css=\u00bb.vc_custom_1770891240060{background-image: url(https:\/\/rivierabarcrawltours.com\/wp-content\/uploads\/2026\/02\/strasbourg-by-night.jpg?id=125261) !important;}\u00bb]<a href=\"https:\/\/rivierabarcrawltours.com\/es\/tour\/riviera-bar-crawl-estrasburgo\/\">Estrasburgo<\/a>[\/vc_column_text][\/vc_column][\/vc_row][vc_row][vc_column width=\u00bb1\/4&#8243; el_class=\u00bbmain-col\u00bb css=\u00bb.vc_custom_1612431923475{margin-bottom: 20px !important;}\u00bb][vc_column_text css=\u00bb.vc_custom_1770891320113{background-image: url(https:\/\/rivierabarcrawltours.com\/wp-content\/uploads\/2026\/02\/Cannes-by-night.jpg?id=125263) !important;}\u00bb]<a href=\"https:\/\/rivierabarcrawltours.com\/es\/tour\/bares-privados-en-cannes\/\">Cannes<\/a>[\/vc_column_text][\/vc_column][vc_column width=\u00bb1\/4&#8243; el_class=\u00bbmain-col\u00bb css=\u00bb.vc_custom_1612432008756{margin-bottom: 20px !important;}\u00bb][vc_column_text css=\u00bb.vc_custom_1770891329742{background-image: url(https:\/\/rivierabarcrawltours.com\/wp-content\/uploads\/2026\/02\/toulouse-by-night.png?id=125262) !important;}\u00bb]<a href=\"https:\/\/rivierabarcrawltours.com\/es\/tour\/riviera-bar-crawl-tolosa\/\">Toulouse<\/a>[\/vc_column_text][\/vc_column][\/vc_row]<\/p>\n<\/div>","protected":false},"excerpt":{"rendered":"<p>[vc_row css=\u00bb.vc_custom_1612431259800{margin-top: 40px !important;}\u00bb][vc_column][vc_column_text css=\u00bb\u00bb] Experimenta los mejores Bar Crawls y Pub Crawls de Francia [\/vc_column_text][vc_column_text css=\u00bb\u00bb]Descubre los mejores rastreos de bares de Francia, con rastreos de bares p\u00fablicos para animar las fiestas sociales y rastreos de bares privados adaptados a tu grupo. Tanto si est\u00e1s planeando las celebraciones de San Patricio, una despedida de [&hellip;]<\/p>\n","protected":false},"author":2,"featured_media":108046,"parent":0,"menu_order":0,"comment_status":"closed","ping_status":"closed","template":"template-home-modern.php","meta":{"_acf_changed":false,"footnotes":""},"class_list":["post-122730","page","type-page","status-publish","has-post-thumbnail","hentry"],"acf":[],"yoast_head":"<!-- This site is optimized with the Yoast SEO plugin v27.4 - https:\/\/yoast.com\/product\/yoast-seo-wordpress\/ -->\n<title>Francia Bares | Riviera Bar Crawl Tours<\/title>\n<meta name=\"description\" content=\"Rutas por los bares de la Costa Azul: Bar Crawls en Francia - Bar Crawls p\u00fablicos y privados para solteras, cumplea\u00f1os, grupos de empresa y operadores tur\u00edsticos.\" \/>\n<meta name=\"robots\" content=\"index, follow, max-snippet:-1, max-image-preview:large, max-video-preview:-1\" \/>\n<link rel=\"canonical\" href=\"https:\/\/rivierabarcrawltours.com\/es\/francia-bares\/\" \/>\n<meta property=\"og:locale\" content=\"es_ES\" \/>\n<meta property=\"og:type\" content=\"article\" \/>\n<meta property=\"og:title\" content=\"Francia Bares | Riviera Bar Crawl Tours\" \/>\n<meta property=\"og:description\" content=\"Rutas por los bares de la Costa Azul: Bar Crawls en Francia - Bar Crawls p\u00fablicos y privados para solteras, cumplea\u00f1os, grupos de empresa y operadores tur\u00edsticos.\" \/>\n<meta property=\"og:url\" content=\"https:\/\/rivierabarcrawltours.com\/es\/francia-bares\/\" \/>\n<meta property=\"og:site_name\" content=\"Riviera Bar Crawl Tours\" \/>\n<meta property=\"article:publisher\" content=\"https:\/\/www.facebook.com\/RivieraBarCrawltours\/\" \/>\n<meta property=\"article:modified_time\" content=\"2026-02-16T11:35:52+00:00\" \/>\n<meta property=\"og:image\" content=\"https:\/\/rivierabarcrawltours.com\/wp-content\/uploads\/2024\/07\/riviera-pub-crawls-1024x1024.jpg\" \/>\n<meta name=\"twitter:card\" content=\"summary_large_image\" \/>\n<meta name=\"twitter:site\" content=\"@rivierabarcrawl\" \/>\n<meta name=\"twitter:label1\" content=\"Tiempo de lectura\" \/>\n\t<meta name=\"twitter:data1\" content=\"3 minutos\" \/>\n<!-- \/ Yoast SEO plugin. -->","yoast_head_json":{"title":"Francia Bares | Riviera Bar Crawl Tours","description":"Rutas por los bares de la Costa Azul: Bar Crawls en Francia - Bar Crawls p\u00fablicos y privados para solteras, cumplea\u00f1os, grupos de empresa y operadores tur\u00edsticos.","robots":{"index":"index","follow":"follow","max-snippet":"max-snippet:-1","max-image-preview":"max-image-preview:large","max-video-preview":"max-video-preview:-1"},"canonical":"https:\/\/rivierabarcrawltours.com\/es\/francia-bares\/","og_locale":"es_ES","og_type":"article","og_title":"Francia Bares | Riviera Bar Crawl Tours","og_description":"Rutas por los bares de la Costa Azul: Bar Crawls en Francia - Bar Crawls p\u00fablicos y privados para solteras, cumplea\u00f1os, grupos de empresa y operadores tur\u00edsticos.","og_url":"https:\/\/rivierabarcrawltours.com\/es\/francia-bares\/","og_site_name":"Riviera Bar Crawl Tours","article_publisher":"https:\/\/www.facebook.com\/RivieraBarCrawltours\/","article_modified_time":"2026-02-16T11:35:52+00:00","og_image":[{"url":"https:\/\/rivierabarcrawltours.com\/wp-content\/uploads\/2024\/07\/riviera-pub-crawls-1024x1024.jpg","type":"","width":"","height":""}],"twitter_card":"summary_large_image","twitter_site":"@rivierabarcrawl","twitter_misc":{"Tiempo de lectura":"3 minutos"},"schema":{"@context":"https:\/\/schema.org","@graph":[{"@type":"WebPage","@id":"https:\/\/rivierabarcrawltours.com\/es\/francia-bares\/","url":"https:\/\/rivierabarcrawltours.com\/es\/francia-bares\/","name":"Francia Bares | Riviera Bar Crawl Tours","isPartOf":{"@id":"https:\/\/rivierabarcrawltours.com\/#website"},"primaryImageOfPage":{"@id":"https:\/\/rivierabarcrawltours.com\/es\/francia-bares\/#primaryimage"},"image":{"@id":"https:\/\/rivierabarcrawltours.com\/es\/francia-bares\/#primaryimage"},"thumbnailUrl":"https:\/\/rivierabarcrawltours.com\/wp-content\/uploads\/2023\/06\/riviera-pub-crawls.jpg","datePublished":"2026-01-23T09:59:19+00:00","dateModified":"2026-02-16T11:35:52+00:00","description":"Rutas por los bares de la Costa Azul: Bar Crawls en Francia - Bar Crawls p\u00fablicos y privados para solteras, cumplea\u00f1os, grupos de empresa y operadores tur\u00edsticos.","breadcrumb":{"@id":"https:\/\/rivierabarcrawltours.com\/es\/francia-bares\/#breadcrumb"},"inLanguage":"es","potentialAction":[{"@type":"ReadAction","target":["https:\/\/rivierabarcrawltours.com\/es\/francia-bares\/"]}]},{"@type":"ImageObject","inLanguage":"es","@id":"https:\/\/rivierabarcrawltours.com\/es\/francia-bares\/#primaryimage","url":"https:\/\/rivierabarcrawltours.com\/wp-content\/uploads\/2023\/06\/riviera-pub-crawls.jpg","contentUrl":"https:\/\/rivierabarcrawltours.com\/wp-content\/uploads\/2023\/06\/riviera-pub-crawls.jpg","width":1920,"height":1113,"caption":"agradables experiencias nocturnas"},{"@type":"BreadcrumbList","@id":"https:\/\/rivierabarcrawltours.com\/es\/francia-bares\/#breadcrumb","itemListElement":[{"@type":"ListItem","position":1,"name":"Home","item":"https:\/\/rivierabarcrawltours.com\/es\/"},{"@type":"ListItem","position":2,"name":"Francia Bares"}]},{"@type":"WebSite","@id":"https:\/\/rivierabarcrawltours.com\/#website","url":"https:\/\/rivierabarcrawltours.com\/","name":"Riviera Bar Crawl Tours","description":"Fun Day &amp; Night Experiences I Tour operator I Guided Tours I Bar Crawls I Food Tours I","publisher":{"@id":"https:\/\/rivierabarcrawltours.com\/#organization"},"potentialAction":[{"@type":"SearchAction","target":{"@type":"EntryPoint","urlTemplate":"https:\/\/rivierabarcrawltours.com\/?s={search_term_string}"},"query-input":{"@type":"PropertyValueSpecification","valueRequired":true,"valueName":"search_term_string"}}],"inLanguage":"es"},{"@type":"Organization","@id":"https:\/\/rivierabarcrawltours.com\/#organization","name":"Riviera Bar Crawl Tours","url":"https:\/\/rivierabarcrawltours.com\/","logo":{"@type":"ImageObject","inLanguage":"es","@id":"https:\/\/rivierabarcrawltours.com\/#\/schema\/logo\/image\/","url":"https:\/\/rivierabarcrawltours.com\/wp-content\/uploads\/2019\/07\/logo.png","contentUrl":"https:\/\/rivierabarcrawltours.com\/wp-content\/uploads\/2019\/07\/logo.png","width":479,"height":453,"caption":"Riviera Bar Crawl Tours"},"image":{"@id":"https:\/\/rivierabarcrawltours.com\/#\/schema\/logo\/image\/"},"sameAs":["https:\/\/www.facebook.com\/RivieraBarCrawltours\/","https:\/\/x.com\/rivierabarcrawl"]}]}},"_links":{"self":[{"href":"https:\/\/rivierabarcrawltours.com\/es\/wp-json\/wp\/v2\/pages\/122730","targetHints":{"allow":["GET"]}}],"collection":[{"href":"https:\/\/rivierabarcrawltours.com\/es\/wp-json\/wp\/v2\/pages"}],"about":[{"href":"https:\/\/rivierabarcrawltours.com\/es\/wp-json\/wp\/v2\/types\/page"}],"author":[{"embeddable":true,"href":"https:\/\/rivierabarcrawltours.com\/es\/wp-json\/wp\/v2\/users\/2"}],"replies":[{"embeddable":true,"href":"https:\/\/rivierabarcrawltours.com\/es\/wp-json\/wp\/v2\/comments?post=122730"}],"version-history":[{"count":8,"href":"https:\/\/rivierabarcrawltours.com\/es\/wp-json\/wp\/v2\/pages\/122730\/revisions"}],"predecessor-version":[{"id":125688,"href":"https:\/\/rivierabarcrawltours.com\/es\/wp-json\/wp\/v2\/pages\/122730\/revisions\/125688"}],"wp:featuredmedia":[{"embeddable":true,"href":"https:\/\/rivierabarcrawltours.com\/es\/wp-json\/wp\/v2\/media\/108046"}],"wp:attachment":[{"href":"https:\/\/rivierabarcrawltours.com\/es\/wp-json\/wp\/v2\/media?parent=122730"}],"curies":[{"name":"wp","href":"https:\/\/api.w.org\/{rel}","templated":true}]}}