{"id":83931,"date":"2021-12-15T11:41:28","date_gmt":"2021-12-15T10:41:28","guid":{"rendered":"https:\/\/rivierabarcrawltours.com\/canyoning-erlebnis\/"},"modified":"2021-12-16T09:30:22","modified_gmt":"2021-12-16T08:30:22","slug":"canyoning-erlebnis","status":"publish","type":"page","link":"https:\/\/rivierabarcrawltours.com\/de\/canyoning-erlebnis\/","title":{"rendered":"Canyoning-Erlebnis"},"content":{"rendered":"<div class=\"wpb-content-wrapper\"><p>[vc_row][vc_column]<hCanyoning in Nizza style='font-weight: bold; color: white ;text-align:center'>Canyoning-Erlebnis<\/hCanyoning in Nizza><div class='list_tours'>   <div class=\"concept-listings owl-carousel owl-theme\">\n          <div class=\"style_box\">\n           <div class=\"feature_class st_featured featured\">Featured<\/div>           <div class=\"thumb\">\n               <header class=\"thumb-header st_avatar_fix\">\n                                      <a href=\"https:\/\/rivierabarcrawltours.com\/de\/tour\/canyoning-in-nizza\/\" class=\"hover-img\">\n                       <img loading=\"lazy\" decoding=\"async\" width=\"260\" height=\"190\" src=\"https:\/\/rivierabarcrawltours.com\/wp-content\/uploads\/2020\/12\/canyoning-nice-260x190.jpg\" class=\"attachment-260x190x1 size-260x190x1 wp-post-image\" alt=\"canyoning nice\" \/>                       <h5 class=\"hover-title hover-hold text-center\">\n                           Canyoning in Nizza                       <\/h5>\n                   <\/a>\n                                  <\/header>\n           <\/div>\n       <\/div>\n   <\/div>\n\n    \n<script type=\"text\/javascript\">\n$(document).ready(function() {\n       $(\".concept-listings\").owlCarousel({\n        margin:20,\n                dots:true,\n        responsiveClass:true,\n        responsive:{\n            0:{\n                items:1,\n                nav:false\n            },\n            600:{\n                items:3,\n                nav:false\n            },\n            1000:{\n                items:4,\n                nav:true\n            }\n        }\n       });\n}); \n\n<\/script>\n\n<style type=\"text\/css\">\n.concept-listings .owl-stage {\n    display: -webkit-box !important;\n    display: -moz-box !important;\n    display: -ms-box !important;\n    display: box !important;\n}\n.concept-listings .owl-dots {\n    margin-top: 10px;\n    text-align: center;\n}\n.concept-listings .owl-dots .owl-dot {\n    display: inline-block;\n    background: 0 0;\n    color: inherit;\n    border: none;\n    padding: 0 !important;\n}\n.concept-listings .owl-dots .owl-dot.active span {\n    background: var(--link-color, #5191FA);\n}\n.concept-listings .owl-dots .owl-dot span {\n    width: 10px;\n    height: 10px;\n    margin: 5px 7px;\n    background: var(--light-grey-color, #EAEEF3);\n    display: block;\n    transition: opacity 0.2s ease;\n    border-radius: 30px;\n}\n.city-tours-custom .feature_class{\n  left: 0 !important;\n}\n.concept-listings .owl-nav {\n    position: absolute;\n    height: 100%;\n    top: 0;\n    width: 100%;\n    z-index: -1;\n}\n.concept-listings .owl-nav button {\n    position: absolute;\n    top: 50%;\n    margin-top: -18px;\n}\n.concept-listings .owl-nav button.owl-next {\n    right: -66px;\n}\n.concept-listings .owl-nav button.owl-prev {\n    left: -66px;\n}\n.concept-listings .owl-nav button.owl-next span {\n    width: 36px;\n    height: 36px;\n    display: block;\n    background: url(https:\/\/rivierabarcrawltours.com\/wp-content\/uploads\/2021\/06\/arrow-right.png) center center no-repeat;\n    background-size: 100% auto;\n    color: transparent;\n}\n.concept-listings .owl-nav button.owl-prev span {\n    width: 36px;\n    height: 36px;\n    display: block;\n    background: url(https:\/\/rivierabarcrawltours.com\/wp-content\/uploads\/2021\/02\/arrow-left.png) center center no-repeat;\n    background-size: 100% auto;\n    color: transparent;\n}\n\n.city-tours-custom .thumb{\n    border: none !important;\n}\n<\/style><\/div>[\/vc_column][vc_column][vc_column_text]<\/p>\n<h3>Was ist ein Canyoning-Erlebnis?<\/h3>\n<p>Canyoning ist eine der sich am schnellsten entwickelnden Abenteuersportarten der Welt und ein echter Nervenkitzel.<\/p>\n<p>In nur wenigen Jahren hat sich Canyoning von einer ungew\u00f6hnlichen Sommeraktivit\u00e4t zu einer Ganzjahresaktivit\u00e4t entwickelt.<\/p>\n<p>Wenn Sie Outdoor-Aktivit\u00e4ten m\u00f6gen, werden Sie dieses Erlebnis zweifellos genie\u00dfen. Sie tragen Neoprenanz\u00fcge, um B\u00e4che, Canyons und andere erstaunliche Gebiete in der Wildnis zu erkunden, die normalerweise als unzug\u00e4nglich gelten.<\/p>\n<p>Manche machen das aus reinem Spa\u00df an der Sache, andere, weil sie diese herrlichen Gegenden entdecken und Zugang zu riesigen Schluchten erhalten wollen, die die meisten Menschen nie zu Gesicht bekommen.<\/p>\n<p>Es ist auch viel Springen, Laufen, Schwimmen und Klettern zu erwarten, also ein echtes Sporterlebnis.<\/p>\n<p>Es muss gesagt werden, dass eine richtige Canyoning-Aktivit\u00e4t immer ein wenig Adrenalin beinhaltet. Aber wenn Sie das Abenteuer lieben, in guter k\u00f6rperlicher Verfassung sind und keine H\u00f6henangst haben, ist Canyoning ein absolutes Muss f\u00fcr Sie.<\/p>\n<p>Es gibt sehr unterschiedliche Arten von Canyons. Einige sind relativ einfach und man kann sie jederzeit mit wenigen Spr\u00fcngen verlassen. Bestimmte Schluchten sind sogar f\u00fcr Kinder geeignet. Andere Canyons hingegen sind tagelang zu begehen und enthalten riesige Wasserf\u00e4lle.<\/p>\n<p>Egal, ob man von einem Wasserfall abprallt oder ins klare Wasser rutscht, Spa\u00df ist garantiert!<\/p>\n<h3>Was bedeutet Canyon?<\/h3>\n<p>Canyon ist ein spanischer Begriff, der die gleiche Bedeutung hat. In Nordamerika ist die Bezeichnung &#8222;Canyon&#8220; gebr\u00e4uchlich, aber in Europa und Ozeanien werden h\u00e4ufiger die Begriffe &#8222;Schlucht&#8220; und &#8222;Tobel&#8220; verwendet.<\/p>\n<p>Dictionary.com bezeichnet einen Canyon als &#8222;ein tiefes Tal mit steilen Flanken, durch das ein Bach flie\u00dft&#8220;.<\/p>\n<p>Das Cambridge Dictionary definiert das Wort Canyoning als &#8222;eine Sportart, bei der man in einen sehr schnell flie\u00dfenden Gebirgsbach springt und sich auf dem R\u00fccken treibend den Bach hinuntertragen l\u00e4sst&#8220;.<\/p>\n<p>Grunds\u00e4tzlich ist Canyoning (oder Canyoneering) eine abenteuerliche Outdoor-Sportart, bei der Wandern, Klettern, Schwimmen und\/oder Abseilen kombiniert werden, um einen Canyon oder eine Schlucht zu durchqueren. Dabei folgt man einem von Felsen gebildeten Wasserweg, um die gewundenen Bereiche einer nat\u00fcrlichen Umgebung zu erkunden.<\/p>\n<p>Die Canyoning-Teilnehmer rutschen, springen und lassen sich in die Schlucht hinunter, wobei sie oft technische Hilfsmittel verwenden, um Wege durch B\u00e4che, Becken und Wasserf\u00e4lle zu finden.<\/p>\n<h3>Wie funktioniert Canyoning?<\/h3>\n<p>Um einen Canyon zu erreichen, ist in der Regel eine Wanderung erforderlich. Sie kann so lang oder so kurz sein wie eine Wanderung. Der Schwierigkeitsgrad richtet sich nach der Lage des Canyons in der Landschaft und der N\u00e4he von Autobahnen.<\/p>\n<p>Nach der Ankunft ziehen Sie einen Neoprenanzug an. Im kalten Wasser halten Neoprenanz\u00fcge Sie warm. Ohne Neoprenanzug besteht die Gefahr einer Unterk\u00fchlung. Es gibt auch trockene Canyons, obwohl die meisten Canyons der Welt Wasser enthalten.<\/p>\n<p>Sie ben\u00f6tigen au\u00dferdem einen Klettergurt, einen Helm und ein Seil, um sicher zu sein. Die Abseilseile werden verwendet, um die Wasserf\u00e4lle und Klippen hinabzusteigen. Wenn du einmal angefangen hast, ist das deine Methode, um wieder herauszukommen. Um einen Canyon zu beenden, muss man das Ende erreichen, d. h. den Punkt, an dem sich der Canyon wieder \u00f6ffnet. Canyons sind in der Regel Einbahnstra\u00dfen.<\/p>\n<p>Bei einer Canyoningtour h\u00fcpfst du um Felsen herum, watest, schwimmst und kletterst kurz \u00fcber felsige Stellen in der ganzen Schlucht. Dann werden Sie sich abseilen. Am Anfang ist das vielleicht etwas be\u00e4ngstigend, aber Sie werden Ihre \u00c4ngste schnell \u00fcberwinden, weil das Adrenalin ansteigt. Solange du vorsichtig bist, die richtigen Techniken anwendest und dich an erfahrenere Personen h\u00e4ltst, bis du wei\u00dft, was du tust, wird es dir gut gehen!<\/p>\n<p>Und das Beste ist, dass diese Aktivit\u00e4t von jedem ausge\u00fcbt werden kann. Vorausgesetzt, Sie sind in guter k\u00f6rperlicher Verfassung und haben keine Angst vor H\u00f6hen. Es gibt einfache Canyons f\u00fcr Anf\u00e4nger und sogar f\u00fcr Kinder. F\u00fcr Fortgeschrittene gibt es schwierigere Schluchten mit gewaltigen Wasserf\u00e4llen. Egal, welche Schlucht Sie klettern, Spa\u00df ist garantiert.<\/p>\n<h3>Welche Ausr\u00fcstung wird f\u00fcr ein Canyoning-Erlebnis ben\u00f6tigt?<\/h3>\n<p>Wenn Sie eine Canyoningtour buchen, was sehr empfehlenswert ist, wenn Sie es zum ersten Mal tun, wird die meiste Ausr\u00fcstung von der Tourgesellschaft angeboten und ist im Preis inbegriffen. Wenn Sie versuchen, auf eigene Faust und ohne Profis zu gehen, ben\u00f6tigen Sie die folgenden Dinge:<br \/>\nNeoprenanzug &#8211; Das A und O f\u00fcr ein sicheres Canyoning-Erlebnis ist der Neoprenanzug. Ohne ihn geht es nicht. Das Wasser in den Canyons ist in der Regel ziemlich kalt, und der Neoprenanzug h\u00e4lt dich warm und unterst\u00fctzt deine Bewegung. Vor allem aber sch\u00fctzt er dich, wenn du auf einen Felsen aufschl\u00e4gst.<br \/>\nHelm &#8211; ohne Kopfschutz in diesen Gew\u00e4ssern zu tauchen, ist lebensgef\u00e4hrlich. Die Geschwindigkeit des Wassers kann sehr gef\u00e4hrlich sein, und es kommt h\u00e4ufig vor, dass man ausrutscht und f\u00e4llt. Mit einem stabilen Helm sollte Ihr Kopf jedoch gut vor Verletzungen gesch\u00fctzt sein.<br \/>\nCanyoning-Schuhe &#8211; festes, griffiges Schuhwerk geh\u00f6rt zu den wichtigsten Dingen in Sachen Sicherheit beim Canyoning. Wer nicht so viel Geld f\u00fcr hochwertige Canyoning-Schuhe ausgeben m\u00f6chte, kann auch auf alte Laufschuhe zur\u00fcckgreifen, wenn diese noch guten Grip und viel D\u00e4mpfung um den Fu\u00df herum haben.<br \/>\nStatikseil &#8211; Zum Abseilen wird ein Statikseil ben\u00f6tigt. Die Seile sollten langlebig, stabil und wasserbest\u00e4ndig sein. Achten Sie darauf, dass die L\u00e4nge des Seils f\u00fcr die Herausforderungen in Ihrer Schlucht geeignet ist. Wenn Sie ohne einen fachkundigen F\u00fchrer unterwegs sind, sollten Sie wissen, wie man es benutzt!<br \/>\nCanyoning-Seilsack(e) &#8211; Ein wasserdichter, ablassbarer Seilsack macht es einfach und bequem, Ihre Seile zu tragen, w\u00e4hrend Sie gleichzeitig sicher klettern, schwimmen und erkunden k\u00f6nnen, ohne die H\u00e4nde zu verlieren.<br \/>\nAbseilger\u00e4t &#8211; Ein weiteres wichtiges Sicherheitsmerkmal ist ein Abseilsystem. Es dient als Erosionsbremse und hilft Ihnen, Ihren Sturz beim Abseilen sicher und effektiv zu bew\u00e4ltigen.<br \/>\nKlettergurt &#8211; beim Abseilen oder Klettern wird diese Sicherung konsequent getragen und an einem Seil befestigt.<br \/>\nWasserdichter Beh\u00e4lter mit Notfallausr\u00fcstung &#8211; f\u00fcr medizinische Hilfsmittel, Telefon und andere grundlegende Sicherheitsartikel, die in den Seilsack der Schlucht passen.<br \/>\nMesser &#8211; f\u00fcr alle Canyoning-Expeditionen ist ein wasserdichtes Canyoning-Messer ein unverzichtbares Sicherheitswerkzeug.<br \/>\nSchlingen, Karabiner und Sicherungen &#8211; Sie sollten wissen, welche Sicherungen Sie f\u00fcr Ihre Schlucht ben\u00f6tigen und immer ein paar zus\u00e4tzliche Schlingen und Karabiner dabei haben.<\/p>\n<h3>Ber\u00fchmte Canyoning-Ziele in Frankreich?<\/h3>\n<p>Jeden Sommer sind die Menschen begierig darauf, neue Wasseraktivit\u00e4ten wie Rafting, Kanufahren und Paddeln auszuprobieren. Canyoning hat sich dabei zu einem Muss entwickelt. Canyoning ist eine tolle M\u00f6glichkeit, Zeit mit der Familie oder mit Freunden zu verbringen und dabei viel Spa\u00df zu haben! Wenn Sie noch nie Canyoning gemacht haben und nicht \u00fcber die n\u00f6tige Ausr\u00fcstung verf\u00fcgen, empfehlen wir Ihnen, eine gef\u00fchrte Canyoning-Tour zu buchen.<br \/>\nWenn Sie in Frankreich sind, k\u00f6nnen Sie zwischen mehreren beliebten Canyoning-Zielen w\u00e4hlen:<\/p>\n<p><strong>Gorges de Besorgues und Gorges de Borne (Ard\u00e8che)<\/strong><\/p>\n<p>Die Ard\u00e8che und insbesondere der Regionale Naturpark Monts d&#8217;Ard\u00e8che sind f\u00fcr eine erste Canyoning-Erfahrung hervorragend geeignet. Das ehemalige Vulkangebiet wird Sie mit seiner magischen Landschaft verzaubern. Beide Canyons sind leicht zu erreichen und ideal f\u00fcr Familien, da sie sehr anf\u00e4ngerfreundlich sind.<\/p>\n<p><strong>Furon-Schlucht und Ecouges-Schlucht (Vercors)<\/strong><\/p>\n<p>Die Furon-Schlucht und die Ecouges-Schlucht sind zwei bekannte Canyons in diesem Naturgebiet, die von Lyon, Grenoble oder Genf aus leicht zu erreichen sind und zu den beliebtesten Zielen f\u00fcr Canyoning geh\u00f6ren. Besonders f\u00fcr Anf\u00e4nger sind sie perfekt geeignet.<\/p>\n<p><strong>Die Schluchten des Piton des Neiges (Insel La R\u00e9union)<\/strong><\/p>\n<p>Auf dieser sch\u00f6nen Insel gibt es eine Vielzahl von atemberaubenden Schluchten zu entdecken, vor allem im Zentrum in Richtung des Piton des Neiges. Auch hier handelt es sich um leichte Schluchten, die sich gut f\u00fcr Anf\u00e4nger eignen.<\/p>\n<p><strong>Canyon de Llech, Canyon du Taurinya und Canyon du Cady: Pyren\u00e4en.<\/strong><\/p>\n<p>Die Pyren\u00e4en sind vor allem f\u00fcr ihre Skipisten bekannt, aber auch Canyoning-Fans kommen hier auf ihre Kosten. Der Llech ist zweifellos eine der aufregendsten Canyoning-Strecken Frankreichs. Wasserrutschen, aufregende Abfahrten, ein einzigartiges Panorama. Canyoning-Junkies werden jedoch die Taurinya-Schlucht lieben, die f\u00fcr einen mittleren Schwierigkeitsgrad geeignet ist.<\/p>\n<p><strong>Die Gorges du Verdon (Verdon)<\/strong><\/p>\n<p>Der Verdon, bekannt f\u00fcr seine Schluchten, ist ein idealer Ort f\u00fcr das Canyoning in Frankreich. Die \u00fcppigen Landschaften und das tiefblaue Meer sind das Wahrzeichen des Gebiets und sorgen immer wieder f\u00fcr Erstaunen. Canyoning-Fans lieben es, die Schluchten des Verdon, eine der tiefsten Europas, zu nutzen, um unglaubliche Wege zu erkunden. Die Canyoning-Passagen sind von Mutter Natur in den Kalkstein gehauen. Die Verdon-Schluchten eignen sich f\u00fcr alle Schwierigkeitsgrade, egal ob Sie ein Experte oder ein Neuling sind.<br \/>\nCanyoning wird in Frankreich immer beliebter. Erleben Sie diese abenteuerliche Reise voller intensiver Gef\u00fchle und garantiert toller Momente auf eigene Faust oder im Rahmen einer gef\u00fchrten Tour mit Profis.[\/vc_column_text][\/vc_column][\/vc_row]<\/p>\n<\/div>","protected":false},"excerpt":{"rendered":"<p>[vc_row][vc_column][\/vc_column][vc_column][vc_column_text] Was ist ein Canyoning-Erlebnis? Canyoning ist eine der sich am schnellsten entwickelnden Abenteuersportarten der Welt und ein echter Nervenkitzel. In nur wenigen Jahren hat sich Canyoning von einer ungew\u00f6hnlichen Sommeraktivit\u00e4t zu einer Ganzjahresaktivit\u00e4t entwickelt. Wenn Sie Outdoor-Aktivit\u00e4ten m\u00f6gen, werden Sie dieses Erlebnis zweifellos genie\u00dfen. Sie tragen Neoprenanz\u00fcge, um B\u00e4che, Canyons und andere erstaunliche Gebiete [&hellip;]<\/p>\n","protected":false},"author":2,"featured_media":33539,"parent":0,"menu_order":0,"comment_status":"closed","ping_status":"closed","template":"template-home-modern.php","meta":{"_acf_changed":false,"footnotes":""},"class_list":["post-83931","page","type-page","status-publish","has-post-thumbnail","hentry"],"acf":[],"yoast_head":"<!-- This site is optimized with the Yoast SEO plugin v27.6 - https:\/\/yoast.com\/product\/yoast-seo-wordpress\/ -->\n<title>Canyoning Erlebnis C\u00f4te d&#039;Azur | Riviera Bar Crawl Tours%<\/title>\n<meta name=\"description\" content=\"Canyoning wird in Frankreich immer beliebter. Erleben Sie diese abenteuerliche Reise voller intensiver Gef\u00fchle bei einer gef\u00fchrten Tour mit Profis\" \/>\n<meta name=\"robots\" content=\"index, follow, max-snippet:-1, max-image-preview:large, max-video-preview:-1\" \/>\n<link rel=\"canonical\" href=\"https:\/\/rivierabarcrawltours.com\/de\/canyoning-erlebnis\/\" \/>\n<meta property=\"og:locale\" content=\"de_DE\" \/>\n<meta property=\"og:type\" content=\"article\" \/>\n<meta property=\"og:title\" content=\"Canyoning Erlebnis C\u00f4te d&#039;Azur | Riviera Bar Crawl Tours%\" \/>\n<meta property=\"og:description\" content=\"Canyoning wird in Frankreich immer beliebter. Erleben Sie diese abenteuerliche Reise voller intensiver Gef\u00fchle bei einer gef\u00fchrten Tour mit Profis\" \/>\n<meta property=\"og:url\" content=\"https:\/\/rivierabarcrawltours.com\/de\/canyoning-erlebnis\/\" \/>\n<meta property=\"og:site_name\" content=\"Riviera Bar Crawl Tours\" \/>\n<meta property=\"article:publisher\" content=\"https:\/\/www.facebook.com\/RivieraBarCrawltours\/\" \/>\n<meta property=\"article:modified_time\" content=\"2021-12-16T08:30:22+00:00\" \/>\n<meta property=\"og:image\" content=\"https:\/\/rivierabarcrawltours.com\/wp-content\/uploads\/2018\/11\/nice-cote-azur-canyoning.jpg\" \/>\n\t<meta property=\"og:image:width\" content=\"1920\" \/>\n\t<meta property=\"og:image:height\" content=\"1080\" \/>\n\t<meta property=\"og:image:type\" content=\"image\/jpeg\" \/>\n<meta name=\"twitter:card\" content=\"summary_large_image\" \/>\n<meta name=\"twitter:site\" content=\"@rivierabarcrawl\" \/>\n<meta name=\"twitter:label1\" content=\"Gesch\u00e4tzte Lesezeit\" \/>\n\t<meta name=\"twitter:data1\" content=\"8\u00a0Minuten\" \/>\n<!-- \/ Yoast SEO plugin. -->","yoast_head_json":{"title":"Canyoning Erlebnis C\u00f4te d'Azur | Riviera Bar Crawl Tours%","description":"Canyoning wird in Frankreich immer beliebter. Erleben Sie diese abenteuerliche Reise voller intensiver Gef\u00fchle bei einer gef\u00fchrten Tour mit Profis","robots":{"index":"index","follow":"follow","max-snippet":"max-snippet:-1","max-image-preview":"max-image-preview:large","max-video-preview":"max-video-preview:-1"},"canonical":"https:\/\/rivierabarcrawltours.com\/de\/canyoning-erlebnis\/","og_locale":"de_DE","og_type":"article","og_title":"Canyoning Erlebnis C\u00f4te d'Azur | Riviera Bar Crawl Tours%","og_description":"Canyoning wird in Frankreich immer beliebter. Erleben Sie diese abenteuerliche Reise voller intensiver Gef\u00fchle bei einer gef\u00fchrten Tour mit Profis","og_url":"https:\/\/rivierabarcrawltours.com\/de\/canyoning-erlebnis\/","og_site_name":"Riviera Bar Crawl Tours","article_publisher":"https:\/\/www.facebook.com\/RivieraBarCrawltours\/","article_modified_time":"2021-12-16T08:30:22+00:00","og_image":[{"width":1920,"height":1080,"url":"https:\/\/rivierabarcrawltours.com\/wp-content\/uploads\/2018\/11\/nice-cote-azur-canyoning.jpg","type":"image\/jpeg"}],"twitter_card":"summary_large_image","twitter_site":"@rivierabarcrawl","twitter_misc":{"Gesch\u00e4tzte Lesezeit":"8\u00a0Minuten"},"schema":{"@context":"https:\/\/schema.org","@graph":[{"@type":"WebPage","@id":"https:\/\/rivierabarcrawltours.com\/de\/canyoning-erlebnis\/","url":"https:\/\/rivierabarcrawltours.com\/de\/canyoning-erlebnis\/","name":"Canyoning Erlebnis C\u00f4te d'Azur | Riviera Bar Crawl Tours%","isPartOf":{"@id":"https:\/\/rivierabarcrawltours.com\/#website"},"primaryImageOfPage":{"@id":"https:\/\/rivierabarcrawltours.com\/de\/canyoning-erlebnis\/#primaryimage"},"image":{"@id":"https:\/\/rivierabarcrawltours.com\/de\/canyoning-erlebnis\/#primaryimage"},"thumbnailUrl":"https:\/\/rivierabarcrawltours.com\/wp-content\/uploads\/2018\/11\/nice-cote-azur-canyoning.jpg","datePublished":"2021-12-15T10:41:28+00:00","dateModified":"2021-12-16T08:30:22+00:00","description":"Canyoning wird in Frankreich immer beliebter. Erleben Sie diese abenteuerliche Reise voller intensiver Gef\u00fchle bei einer gef\u00fchrten Tour mit Profis","breadcrumb":{"@id":"https:\/\/rivierabarcrawltours.com\/de\/canyoning-erlebnis\/#breadcrumb"},"inLanguage":"de","potentialAction":[{"@type":"ReadAction","target":["https:\/\/rivierabarcrawltours.com\/de\/canyoning-erlebnis\/"]}]},{"@type":"ImageObject","inLanguage":"de","@id":"https:\/\/rivierabarcrawltours.com\/de\/canyoning-erlebnis\/#primaryimage","url":"https:\/\/rivierabarcrawltours.com\/wp-content\/uploads\/2018\/11\/nice-cote-azur-canyoning.jpg","contentUrl":"https:\/\/rivierabarcrawltours.com\/wp-content\/uploads\/2018\/11\/nice-cote-azur-canyoning.jpg","width":1920,"height":1080,"caption":"sch\u00f6ne-te-azur-schlucht"},{"@type":"BreadcrumbList","@id":"https:\/\/rivierabarcrawltours.com\/de\/canyoning-erlebnis\/#breadcrumb","itemListElement":[{"@type":"ListItem","position":1,"name":"Home","item":"https:\/\/rivierabarcrawltours.com\/de\/"},{"@type":"ListItem","position":2,"name":"Canyoning-Erlebnis"}]},{"@type":"WebSite","@id":"https:\/\/rivierabarcrawltours.com\/#website","url":"https:\/\/rivierabarcrawltours.com\/","name":"Riviera Bar Crawl Tours","description":"Fun Day &amp; Night Experiences I Tour operator I Guided Tours I Bar Crawls I Food Tours I","publisher":{"@id":"https:\/\/rivierabarcrawltours.com\/#organization"},"potentialAction":[{"@type":"SearchAction","target":{"@type":"EntryPoint","urlTemplate":"https:\/\/rivierabarcrawltours.com\/?s={search_term_string}"},"query-input":{"@type":"PropertyValueSpecification","valueRequired":true,"valueName":"search_term_string"}}],"inLanguage":"de"},{"@type":"Organization","@id":"https:\/\/rivierabarcrawltours.com\/#organization","name":"Riviera Bar Crawl Tours","url":"https:\/\/rivierabarcrawltours.com\/","logo":{"@type":"ImageObject","inLanguage":"de","@id":"https:\/\/rivierabarcrawltours.com\/#\/schema\/logo\/image\/","url":"https:\/\/rivierabarcrawltours.com\/wp-content\/uploads\/2019\/07\/logo.png","contentUrl":"https:\/\/rivierabarcrawltours.com\/wp-content\/uploads\/2019\/07\/logo.png","width":479,"height":453,"caption":"Riviera Bar Crawl Tours"},"image":{"@id":"https:\/\/rivierabarcrawltours.com\/#\/schema\/logo\/image\/"},"sameAs":["https:\/\/www.facebook.com\/RivieraBarCrawltours\/","https:\/\/x.com\/rivierabarcrawl"]}]}},"_links":{"self":[{"href":"https:\/\/rivierabarcrawltours.com\/de\/wp-json\/wp\/v2\/pages\/83931","targetHints":{"allow":["GET"]}}],"collection":[{"href":"https:\/\/rivierabarcrawltours.com\/de\/wp-json\/wp\/v2\/pages"}],"about":[{"href":"https:\/\/rivierabarcrawltours.com\/de\/wp-json\/wp\/v2\/types\/page"}],"author":[{"embeddable":true,"href":"https:\/\/rivierabarcrawltours.com\/de\/wp-json\/wp\/v2\/users\/2"}],"replies":[{"embeddable":true,"href":"https:\/\/rivierabarcrawltours.com\/de\/wp-json\/wp\/v2\/comments?post=83931"}],"version-history":[{"count":9,"href":"https:\/\/rivierabarcrawltours.com\/de\/wp-json\/wp\/v2\/pages\/83931\/revisions"}],"predecessor-version":[{"id":84247,"href":"https:\/\/rivierabarcrawltours.com\/de\/wp-json\/wp\/v2\/pages\/83931\/revisions\/84247"}],"wp:featuredmedia":[{"embeddable":true,"href":"https:\/\/rivierabarcrawltours.com\/de\/wp-json\/wp\/v2\/media\/33539"}],"wp:attachment":[{"href":"https:\/\/rivierabarcrawltours.com\/de\/wp-json\/wp\/v2\/media?parent=83931"}],"curies":[{"name":"wp","href":"https:\/\/api.w.org\/{rel}","templated":true}]}}