{"id":70887,"date":"2021-03-01T15:48:36","date_gmt":"2021-03-01T14:48:36","guid":{"rendered":"https:\/\/rivierabarcrawltours.com\/rechtliche-hinweise-riviera-bar-crawl-tours-2\/"},"modified":"2026-02-16T14:06:07","modified_gmt":"2026-02-16T13:06:07","slug":"rechtliche-hinweise-riviera-bar-crawl-tours-2","status":"publish","type":"page","link":"https:\/\/rivierabarcrawltours.com\/de\/rechtliche-hinweise-riviera-bar-crawl-tours-2\/","title":{"rendered":"RECHTLICHE HINWEISE RIVIERA BAR CRAWL &amp; TOURS"},"content":{"rendered":"<div class=\"wpb-content-wrapper\"><p>[vc_row css=&#8220;.vc_custom_1611471413193{margin-top: 20px !important;margin-bottom: 20px !important;}&#8220;][vc_column][vc_column_text css=&#8220;&#8220;]<\/p>\n<p data-path-to-node=\"0\"><strong>ERW\u00c4HNTE L\u00c9GALES RIVIERA BAR CRAWL &amp; TOURS<\/strong><\/p>\n<h3 data-path-to-node=\"3\">I. Identifikation des Herausgebers der Website<\/h3>\n<ul data-path-to-node=\"4\">\n<li>\n<p data-path-to-node=\"4,0,0\"><b>D\u00e9nomination Commerciale :<\/b> Riviera Bar Crawl &amp; Tours<\/p>\n<\/li>\n<li>\n<p data-path-to-node=\"4,1,0\"><b>Nom de la Soci\u00e9t\u00e9 :<\/b> LUXSTARS INVESTMENT<\/p>\n<\/li>\n<li>\n<p data-path-to-node=\"4,3,0\"><b>Si\u00e8ge Social :<\/b> 8 rue Chauvain, 06000 Nizza, Frankreich<\/p>\n<\/li>\n<li>\n<p data-path-to-node=\"4,4,0\"><b>SIRENE :<\/b> 991 237 181<\/p>\n<\/li>\n<li>\n<p data-path-to-node=\"4,5,0\"><b>SIRET :<\/b> 991 237 181 00011<\/p>\n<\/li>\n<li>\n<p data-path-to-node=\"4,6,0\"><b>TVA Intracommunautaire :<\/b> FR15 991237181<\/p>\n<\/li>\n<\/ul>\n<h3 data-path-to-node=\"5\">II. Kontakt <\/h3>\n<ul data-path-to-node=\"6\">\n<li>\n<p data-path-to-node=\"6,0,0\"><b>E-Mail :<\/b> info@rivierabarcrawltours.com<\/p>\n<\/li>\n<li>\n<p data-path-to-node=\"6,1,0\"><b>Telefon :<\/b> +33 649 244 407<\/p>\n<\/li>\n<\/ul>\n<h3 data-path-to-node=\"7\">III. Direktion und Verantwortung <\/h3>\n<ul data-path-to-node=\"8\">\n<li>\n<p data-path-to-node=\"8,0,0\"><b>G\u00e9rant :<\/b> Madame Brovida<\/p>\n<\/li>\n<li>\n<p data-path-to-node=\"8,1,0\"><b>Verantwortlicher f\u00fcr die Ver\u00f6ffentlichung :<\/b> Madame Brovida<\/p>\n<\/li>\n<\/ul>\n<h3 data-path-to-node=\"9\">IV. Konzeption und Kommunikation Web <\/h3>\n<ul data-path-to-node=\"10\">\n<li>\n<p data-path-to-node=\"10,0,0\"><b>R\u00e9alisation du site et Communication web :<\/b> Riviera Bar Crawl Touren<\/p>\n<\/li>\n<\/ul>\n<h3 data-path-to-node=\"11\">V. H\u00e9bergement du Site<\/h3>\n<ul data-path-to-node=\"12\">\n<li>\n<p data-path-to-node=\"12,0,0\"><b>H\u00e9bergeur :<\/b> OVH<\/p>\n<\/li>\n<li>\n<p data-path-to-node=\"12,1,0\"><b>Adresse de l&#8217;H\u00e9bergeur :<\/b> 2 rue Kellermann, 59100 Roubaix, Frankreich<\/p>\n<\/li>\n<li>\n<p data-path-to-node=\"12,2,0\"><b>Kontakt H\u00e9bergeur :<\/b> Rendez-vous sur le support d&#8217;OVH pour contacter cet h\u00e9bergeur.<\/p>\n<\/li>\n<\/ul>\n<h3 data-path-to-node=\"13\">VI. Rechte des geistigen Eigentums (Droits de Propri\u00e9t\u00e9 Intellectuelle) <\/h3>\n<ul data-path-to-node=\"14\">\n<li>\n<p data-path-to-node=\"14,0,0\"><b>Cr\u00e9dits Photos et Visuels :<\/b> Riviera Bar Crawl Tours, Adobe Stock, Envato.<\/p>\n<\/li>\n<li>\n<p data-path-to-node=\"14,1,0\"><b>Reproduktionsrechte:<\/b> Alle Reproduktionsrechte bleiben vorbehalten.<\/p>\n<\/li>\n<\/ul>\n<p>[\/vc_column_text][\/vc_column][\/vc_row]<\/p>\n<\/div>","protected":false},"excerpt":{"rendered":"<p>[vc_row css=&#8220;.vc_custom_1611471413193{margin-top: 20px !important;margin-bottom: 20px !important;}&#8220;][vc_column][vc_column_text css=&#8220;&#8220;] ERW\u00c4HNTE L\u00c9GALES RIVIERA BAR CRAWL &amp; TOURS I. Identifikation des Herausgebers der Website D\u00e9nomination Commerciale : Riviera Bar Crawl &amp; Tours Nom de la Soci\u00e9t\u00e9 : LUXSTARS INVESTMENT Si\u00e8ge Social : 8 rue Chauvain, 06000 Nizza, Frankreich SIRENE : 991 237 181 SIRET : 991 237 181 00011 [&hellip;]<\/p>\n","protected":false},"author":2,"featured_media":111560,"parent":0,"menu_order":0,"comment_status":"closed","ping_status":"closed","template":"template-home-modern.php","meta":{"_acf_changed":false,"footnotes":""},"class_list":["post-70887","page","type-page","status-publish","has-post-thumbnail","hentry"],"acf":[],"yoast_head":"<!-- This site is optimized with the Yoast SEO plugin v27.5 - https:\/\/yoast.com\/product\/yoast-seo-wordpress\/ -->\n<title>RECHTLICHE HINWEISE RIVIERA BAR CRAWL &amp; TOURS | Riviera Bar Crawl Tours<\/title>\n<meta name=\"description\" content=\"RECHTLICHE HINWEISE RIVIERA BAR CRAWL &amp; TOURS COMPANY : RBCT\" \/>\n<meta name=\"robots\" content=\"index, follow, max-snippet:-1, max-image-preview:large, max-video-preview:-1\" \/>\n<link rel=\"canonical\" href=\"https:\/\/rivierabarcrawltours.com\/de\/rechtliche-hinweise-riviera-bar-crawl-tours-2\/\" \/>\n<meta property=\"og:locale\" content=\"de_DE\" \/>\n<meta property=\"og:type\" content=\"article\" \/>\n<meta property=\"og:title\" content=\"RECHTLICHE HINWEISE RIVIERA BAR CRAWL &amp; TOURS | Riviera Bar Crawl Tours\" \/>\n<meta property=\"og:description\" content=\"RECHTLICHE HINWEISE RIVIERA BAR CRAWL &amp; TOURS COMPANY : RBCT\" \/>\n<meta property=\"og:url\" content=\"https:\/\/rivierabarcrawltours.com\/de\/rechtliche-hinweise-riviera-bar-crawl-tours-2\/\" \/>\n<meta property=\"og:site_name\" content=\"Riviera Bar Crawl Tours\" \/>\n<meta property=\"article:publisher\" content=\"https:\/\/www.facebook.com\/RivieraBarCrawltours\/\" \/>\n<meta property=\"article:modified_time\" content=\"2026-02-16T13:06:07+00:00\" \/>\n<meta property=\"og:image\" content=\"https:\/\/rivierabarcrawltours.com\/wp-content\/uploads\/2024\/02\/faq-Riviera-bar-crawl-tours.jpg\" \/>\n\t<meta property=\"og:image:width\" content=\"1920\" \/>\n\t<meta property=\"og:image:height\" content=\"1080\" \/>\n\t<meta property=\"og:image:type\" content=\"image\/jpeg\" \/>\n<meta name=\"twitter:card\" content=\"summary_large_image\" \/>\n<meta name=\"twitter:site\" content=\"@rivierabarcrawl\" \/>\n<meta name=\"twitter:label1\" content=\"Gesch\u00e4tzte Lesezeit\" \/>\n\t<meta name=\"twitter:data1\" content=\"1\u00a0Minute\" \/>\n<!-- \/ Yoast SEO plugin. -->","yoast_head_json":{"title":"RECHTLICHE HINWEISE RIVIERA BAR CRAWL &amp; TOURS | Riviera Bar Crawl Tours","description":"RECHTLICHE HINWEISE RIVIERA BAR CRAWL & TOURS COMPANY : RBCT","robots":{"index":"index","follow":"follow","max-snippet":"max-snippet:-1","max-image-preview":"max-image-preview:large","max-video-preview":"max-video-preview:-1"},"canonical":"https:\/\/rivierabarcrawltours.com\/de\/rechtliche-hinweise-riviera-bar-crawl-tours-2\/","og_locale":"de_DE","og_type":"article","og_title":"RECHTLICHE HINWEISE RIVIERA BAR CRAWL &amp; TOURS | Riviera Bar Crawl Tours","og_description":"RECHTLICHE HINWEISE RIVIERA BAR CRAWL & TOURS COMPANY : RBCT","og_url":"https:\/\/rivierabarcrawltours.com\/de\/rechtliche-hinweise-riviera-bar-crawl-tours-2\/","og_site_name":"Riviera Bar Crawl Tours","article_publisher":"https:\/\/www.facebook.com\/RivieraBarCrawltours\/","article_modified_time":"2026-02-16T13:06:07+00:00","og_image":[{"width":1920,"height":1080,"url":"https:\/\/rivierabarcrawltours.com\/wp-content\/uploads\/2024\/02\/faq-Riviera-bar-crawl-tours.jpg","type":"image\/jpeg"}],"twitter_card":"summary_large_image","twitter_site":"@rivierabarcrawl","twitter_misc":{"Gesch\u00e4tzte Lesezeit":"1\u00a0Minute"},"schema":{"@context":"https:\/\/schema.org","@graph":[{"@type":"WebPage","@id":"https:\/\/rivierabarcrawltours.com\/de\/rechtliche-hinweise-riviera-bar-crawl-tours-2\/","url":"https:\/\/rivierabarcrawltours.com\/de\/rechtliche-hinweise-riviera-bar-crawl-tours-2\/","name":"RECHTLICHE HINWEISE RIVIERA BAR CRAWL &amp; TOURS | Riviera Bar Crawl Tours","isPartOf":{"@id":"https:\/\/rivierabarcrawltours.com\/#website"},"primaryImageOfPage":{"@id":"https:\/\/rivierabarcrawltours.com\/de\/rechtliche-hinweise-riviera-bar-crawl-tours-2\/#primaryimage"},"image":{"@id":"https:\/\/rivierabarcrawltours.com\/de\/rechtliche-hinweise-riviera-bar-crawl-tours-2\/#primaryimage"},"thumbnailUrl":"https:\/\/rivierabarcrawltours.com\/wp-content\/uploads\/2024\/02\/faq-Riviera-bar-crawl-tours.jpg","datePublished":"2021-03-01T14:48:36+00:00","dateModified":"2026-02-16T13:06:07+00:00","description":"RECHTLICHE HINWEISE RIVIERA BAR CRAWL & TOURS COMPANY : RBCT","breadcrumb":{"@id":"https:\/\/rivierabarcrawltours.com\/de\/rechtliche-hinweise-riviera-bar-crawl-tours-2\/#breadcrumb"},"inLanguage":"de","potentialAction":[{"@type":"ReadAction","target":["https:\/\/rivierabarcrawltours.com\/de\/rechtliche-hinweise-riviera-bar-crawl-tours-2\/"]}]},{"@type":"ImageObject","inLanguage":"de","@id":"https:\/\/rivierabarcrawltours.com\/de\/rechtliche-hinweise-riviera-bar-crawl-tours-2\/#primaryimage","url":"https:\/\/rivierabarcrawltours.com\/wp-content\/uploads\/2024\/02\/faq-Riviera-bar-crawl-tours.jpg","contentUrl":"https:\/\/rivierabarcrawltours.com\/wp-content\/uploads\/2024\/02\/faq-Riviera-bar-crawl-tours.jpg","width":1920,"height":1080},{"@type":"BreadcrumbList","@id":"https:\/\/rivierabarcrawltours.com\/de\/rechtliche-hinweise-riviera-bar-crawl-tours-2\/#breadcrumb","itemListElement":[{"@type":"ListItem","position":1,"name":"Home","item":"https:\/\/rivierabarcrawltours.com\/de\/"},{"@type":"ListItem","position":2,"name":"RECHTLICHE HINWEISE RIVIERA BAR CRAWL &amp; TOURS"}]},{"@type":"WebSite","@id":"https:\/\/rivierabarcrawltours.com\/#website","url":"https:\/\/rivierabarcrawltours.com\/","name":"Riviera Bar Crawl Tours","description":"Fun Day &amp; Night Experiences I Tour operator I Guided Tours I Bar Crawls I Food Tours I","publisher":{"@id":"https:\/\/rivierabarcrawltours.com\/#organization"},"potentialAction":[{"@type":"SearchAction","target":{"@type":"EntryPoint","urlTemplate":"https:\/\/rivierabarcrawltours.com\/?s={search_term_string}"},"query-input":{"@type":"PropertyValueSpecification","valueRequired":true,"valueName":"search_term_string"}}],"inLanguage":"de"},{"@type":"Organization","@id":"https:\/\/rivierabarcrawltours.com\/#organization","name":"Riviera Bar Crawl Tours","url":"https:\/\/rivierabarcrawltours.com\/","logo":{"@type":"ImageObject","inLanguage":"de","@id":"https:\/\/rivierabarcrawltours.com\/#\/schema\/logo\/image\/","url":"https:\/\/rivierabarcrawltours.com\/wp-content\/uploads\/2019\/07\/logo.png","contentUrl":"https:\/\/rivierabarcrawltours.com\/wp-content\/uploads\/2019\/07\/logo.png","width":479,"height":453,"caption":"Riviera Bar Crawl Tours"},"image":{"@id":"https:\/\/rivierabarcrawltours.com\/#\/schema\/logo\/image\/"},"sameAs":["https:\/\/www.facebook.com\/RivieraBarCrawltours\/","https:\/\/x.com\/rivierabarcrawl"]}]}},"_links":{"self":[{"href":"https:\/\/rivierabarcrawltours.com\/de\/wp-json\/wp\/v2\/pages\/70887","targetHints":{"allow":["GET"]}}],"collection":[{"href":"https:\/\/rivierabarcrawltours.com\/de\/wp-json\/wp\/v2\/pages"}],"about":[{"href":"https:\/\/rivierabarcrawltours.com\/de\/wp-json\/wp\/v2\/types\/page"}],"author":[{"embeddable":true,"href":"https:\/\/rivierabarcrawltours.com\/de\/wp-json\/wp\/v2\/users\/2"}],"replies":[{"embeddable":true,"href":"https:\/\/rivierabarcrawltours.com\/de\/wp-json\/wp\/v2\/comments?post=70887"}],"version-history":[{"count":5,"href":"https:\/\/rivierabarcrawltours.com\/de\/wp-json\/wp\/v2\/pages\/70887\/revisions"}],"predecessor-version":[{"id":125975,"href":"https:\/\/rivierabarcrawltours.com\/de\/wp-json\/wp\/v2\/pages\/70887\/revisions\/125975"}],"wp:featuredmedia":[{"embeddable":true,"href":"https:\/\/rivierabarcrawltours.com\/de\/wp-json\/wp\/v2\/media\/111560"}],"wp:attachment":[{"href":"https:\/\/rivierabarcrawltours.com\/de\/wp-json\/wp\/v2\/media?parent=70887"}],"curies":[{"name":"wp","href":"https:\/\/api.w.org\/{rel}","templated":true}]}}