{"id":70840,"date":"2021-03-01T12:34:08","date_gmt":"2021-03-01T11:34:08","guid":{"rendered":"https:\/\/rivierabarcrawltours.com\/koncept\/weinverkostung\/"},"modified":"2026-02-17T20:05:48","modified_gmt":"2026-02-17T19:05:48","slug":"weinverkostung","status":"publish","type":"page","link":"https:\/\/rivierabarcrawltours.com\/de\/weinverkostung\/","title":{"rendered":"Weinverkostung"},"content":{"rendered":"<div class=\"wpb-content-wrapper\"><p>[vc_row el_class=&#8220;city-tours-custom&#8220; css=&#8220;.vc_custom_1624697767930{margin-top: 40px !important;margin-bottom: 20px !important;}&#8220;][vc_column][vc_column_text]<\/p>\n<h2>  Ihre Weinverkostungen &amp; Weintouren<\/h2>\n<p>[\/vc_column_text]<div class='list_tours'>   <div class=\"concept-listings owl-carousel owl-theme\">\n          <div class=\"style_box\">\n                      <div class=\"thumb\">\n               <header class=\"thumb-header st_avatar_fix\">\n                                      <a href=\"https:\/\/rivierabarcrawltours.com\/de\/tour\/weinverkostung-in-nizza\/\" class=\"hover-img\">\n                       <img decoding=\"async\" width=\"260\" height=\"190\" src=\"https:\/\/rivierabarcrawltours.com\/wp-content\/uploads\/2020\/07\/rsz_2unnamed-260x190.jpg\" class=\"attachment-260x190x1 size-260x190x1 wp-post-image\" alt=\"Weinverkostung in Nizza\" \/>                       <h5 class=\"hover-title hover-hold text-center\">\n                           Weinverkostung in Nizza                       <\/h5>\n                   <\/a>\n                                  <\/header>\n           <\/div>\n       <\/div>\n   <\/div>\n\n    \n<script type=\"text\/javascript\">\n$(document).ready(function() {\n       $(\".concept-listings\").owlCarousel({\n        margin:20,\n                dots:true,\n        responsiveClass:true,\n        responsive:{\n            0:{\n                items:1,\n                nav:false\n            },\n            600:{\n                items:3,\n                nav:false\n            },\n            1000:{\n                items:4,\n                nav:true\n            }\n        }\n       });\n}); \n\n<\/script>\n\n<style type=\"text\/css\">\n.concept-listings .owl-stage {\n    display: -webkit-box !important;\n    display: -moz-box !important;\n    display: -ms-box !important;\n    display: box !important;\n}\n.concept-listings .owl-dots {\n    margin-top: 10px;\n    text-align: center;\n}\n.concept-listings .owl-dots .owl-dot {\n    display: inline-block;\n    background: 0 0;\n    color: inherit;\n    border: none;\n    padding: 0 !important;\n}\n.concept-listings .owl-dots .owl-dot.active span {\n    background: var(--link-color, #5191FA);\n}\n.concept-listings .owl-dots .owl-dot span {\n    width: 10px;\n    height: 10px;\n    margin: 5px 7px;\n    background: var(--light-grey-color, #EAEEF3);\n    display: block;\n    transition: opacity 0.2s ease;\n    border-radius: 30px;\n}\n.city-tours-custom .feature_class{\n  left: 0 !important;\n}\n.concept-listings .owl-nav {\n    position: absolute;\n    height: 100%;\n    top: 0;\n    width: 100%;\n    z-index: -1;\n}\n.concept-listings .owl-nav button {\n    position: absolute;\n    top: 50%;\n    margin-top: -18px;\n}\n.concept-listings .owl-nav button.owl-next {\n    right: -66px;\n}\n.concept-listings .owl-nav button.owl-prev {\n    left: -66px;\n}\n.concept-listings .owl-nav button.owl-next span {\n    width: 36px;\n    height: 36px;\n    display: block;\n    background: url(https:\/\/rivierabarcrawltours.com\/wp-content\/uploads\/2021\/06\/arrow-right.png) center center no-repeat;\n    background-size: 100% auto;\n    color: transparent;\n}\n.concept-listings .owl-nav button.owl-prev span {\n    width: 36px;\n    height: 36px;\n    display: block;\n    background: url(https:\/\/rivierabarcrawltours.com\/wp-content\/uploads\/2021\/02\/arrow-left.png) center center no-repeat;\n    background-size: 100% auto;\n    color: transparent;\n}\n\n.city-tours-custom .thumb{\n    border: none !important;\n}\n<\/style><\/div>[vc_separator][\/vc_column][\/vc_row][vc_row][vc_column][vc_row_inner][vc_column_inner][vc_column_text]<\/p>\n<h2>About our Wine Tasting<\/h2>\n<p>[\/vc_column_text][\/vc_column_inner][\/vc_row_inner][vc_row_inner][vc_column_inner width=&#8220;1\/2&#8243;][vc_column_text]Weinverkostungen, diese innovativen Konzepte zur Entdeckung von Wein, Winzern, Weinbergen und Weing\u00fctern, werden in Frankreich und auf der ganzen Welt immer beliebter. Weinenthusiasten, Sommeliers, Restaurantbesitzer und Weinliebhaber haben frische Ideen und neue Ans\u00e4tze, um ihre Weine zu entdecken und zu vermarkten und ihre Leidenschaft mit anderen Weinliebhabern in einem Verkostungsraum, einem Weinkeller, einer Bar oder einem Restaurant mit gutem Wein zu teilen. <\/p>\n<p>Das Image des franz\u00f6sischen Weins im Ausland steht f\u00fcr franz\u00f6sischen Luxus, und gro\u00dfe Fachleute und Kenner machen sich dies zunutze, um einige der besten und einzigartigsten Weinverkostungen vorzuschlagen. Rotweine wie ein preisgekr\u00f6nter Pinot noir, ein delikater Cabernet Sauvignon, die Verkostungsnoten fruchtiger Wei\u00dfweine oder ein Verkostungsexperiment mit Schaumweinen. Dies sind nur einige der vielen Dinge, die Sie genie\u00dfen k\u00f6nnen, wenn Sie in Ihrem Urlaub im Weinland bei einer der besten Weinverkostungen einen Schluck Wein trinken.  <\/p>\n<p>Egal, ob Sie in Paris, in der Region Bordeaux oder an der C\u00f4te d&#8217;Azur sind, Sie werden immer einige der besten Veranstalter von Weinverkostungen finden, um w\u00e4hrend Ihres Urlaubs in Frankreich etwas \u00fcber Wein zu lernen. Weinverkostungen l\u00f6sen bei Fachleuten und Privatpersonen positive Begeisterung aus. Das franz\u00f6sische Flair wird durch die vielen jungen Weine und lokalen Weine bei Weinproben oder Blindverkostungen gef\u00f6rdert. Sie sind wichtige Veranstaltungen, um neue Leute kennenzulernen und Wissen \u00fcber Wein im Allgemeinen auszutauschen.   <\/p>\n<p>&nbsp;<\/p>\n<h3>Warum eine Weinverkostung? An Gr\u00fcnden mangelt es nicht! <\/h3>\n<p>In der Weingemeinschaft gibt es die Sch\u00f6pfer, die K\u00fcnstler, die Perfektionisten und am Ende der Kette die Sprecher. Die Sprecher sprechen, verkosten und w\u00e4hlen ihre Wege. Dann w\u00e4hlen sie nach ihren Kriterien die Flaschen der Winzer aus, um sie zu teilen, zu verkosten und auf verschiedene gastronomische Vereinbarungen abzustimmen. Sie sind die Schl\u00fcsselpersonen, die Sie bei Ihrer Weinprobe kennenlernen werden!   <\/p>\n<h3><strong>Your choice will always be right because it&#8217;s yours!<\/strong><\/h3>\n<p>Wie wir alle wissen, ist die Verkostung eines Glases Wein, um sich eine eigene Meinung zu bilden, der beste Schritt, um nicht falsch zu liegen und die richtige Wahl zu treffen. Der Grund daf\u00fcr ist ganz einfach: Wir alle haben unseren pers\u00f6nlichen Geschmack, und wir alle k\u00f6nnen denselben Wein unterschiedlich genie\u00dfen! Aber lassen Sie mich nicht sagen, was ich nicht gesagt habe: &#8222;Ihre Wahl wird immer gut sein, denn es ist Ihre!&#8220;[\/vc_column_text][\/vc_column_inner][vc_column_inner width=&#8220;1\/2&#8220;][vc_column_text]<\/p>\n<h3><strong>The same wine will be rated differently depending on the environment<\/strong><\/h3>\n<p>Wir haben oft gro\u00dfartige Gelegenheiten, neue Weine zu probieren. Das sollten wir uns nicht entgehen lassen! Dies sind oft einzigartige Momente, um eine neue Region, eine neue Rebsorte, ein kleines Weingut oder einfach einen neuen Jahrgang zu entdecken.  <\/p>\n<p>Sie m\u00fcssen jedoch wissen, dass Sie den Wein je nachdem, wann und wo Sie ihn verkosten, nicht auf dieselbe Weise sch\u00e4tzen werden. Die Umgebung wirkt sich auf Ihr Urteilsverm\u00f6gen aus. Auch Ihre k\u00f6rperliche Fitness und Ihre psychologische Veranlagung spielen eine Rolle.  <\/p>\n<p>Es ist uns allen schon passiert, dass wir an einem bestimmten Tag ein Glas Wein sehr zu sch\u00e4tzen wissen &#8230; und ein paar Tage sp\u00e4ter ein anderes Urteil haben. Das ist v\u00f6llig normal. <\/p>\n<h3><strong>Suitable crockery is key <\/strong><\/h3>\n<p>Um zu lernen, wie man Wein verkostet, sollten Sie ein passendes Weinglas verwenden, idealerweise ein tulpenf\u00f6rmiges Glas. So kann der Wein gut durchl\u00fcften, w\u00e4hrend sich die Aromen auf den oberen Teil konzentrieren. Ein Glas f\u00fcr jeden der Weine ist der beste Weg, den Weingeruch zu entdecken, wenn Sie mehrere Weine gleichzeitig verkosten m\u00fcssen, ist das ideal. So k\u00f6nnen wir die Weine besser miteinander vergleichen.   <\/p>\n<p>Bevor Sie mit der Verkostung beginnen, lassen Sie Ihren Wein etwa eine Minute lang abk\u00fchlen. Das h\u00e4ngt vom Wein ab, aber nach langen Monaten in der Flasche muss er bel\u00fcftet werden. <\/p>\n<h3><strong>In which order to taste the wines<\/strong><\/h3>\n<p>Am besten beginnen Sie mit weniger kr\u00e4ftigen Weinen. Wir sprechen nicht unbedingt von Alkohol, sondern von einem Wein mit viel Leichtigkeit. Der Grund daf\u00fcr ist wiederum ganz einfach. Wenn Sie mit einem zu kr\u00e4ftigen Wein beginnen, k\u00f6nnen die n\u00e4chsten Weine ihren Reichtum und ihre Komplexit\u00e4t nicht mehr zum Ausdruck bringen.   <\/p>\n<p>Im Allgemeinen gilt: Je weiter man nach S\u00fcden geht, desto kraftvoller werden die Weine sein&#8230; aber das ist nur die Theorie! In der Tat kann jede Rebsorte, jeder Weinberg, jede Parzelle spezifische Merkmale hervorragender Weine aufweisen. <\/p>\n<h3><strong>Wine tasting tips: how to evaluate the wine?<\/strong><\/h3>\n<p>Es gibt so viele Arten zu schmecken wie Verkoster. Sich dieser Frage zu n\u00e4hern, bedeutet daher, sich in ein sehr weites Universum zu st\u00fcrzen. Aber es ist auch viel einfacher, als es scheint. Wenn Sie Freude an der Verkostung haben, dann ist Ihre Methode die richtige!   <\/p>\n<p>Jedenfalls ist es nicht notwendig, alle Lexika des Sommeliers zu beherrschen. Alles, was Sie tun m\u00fcssen, ist, einige Ideen im Kopf zu haben, mit denen Sie einen Wein besser entschl\u00fcsseln k\u00f6nnen. Und wie bei jeder Methode wird die Erfahrung es Ihnen erm\u00f6glichen, die Ihre zu schmieden.  <\/p>\n<p>&nbsp;<\/p>\n<ol>\n<li><strong>The eye<\/strong><\/li>\n<\/ol>\n<p>Sie k\u00f6nnen die Bl\u00e4schen in einem Glas Champagner oder die Farbe eines alten Sauternes bewundern. Aber vergessen Sie diese Geschichten \u00fcber die gro\u00dfe Bedeutung des Aussehens des Glases Wein, das Sie verkosten. <\/p>\n<p>Die visuelle Pr\u00fcfung gibt uns wenig Informationen. Das Kleid des Weins (d.h. seine Farbe) kann darauf hinweisen, dass ein Wein mehr oder weniger konzentriert ist. Aber die Gegenbeispiele sind Legion. Einige Rebsorten (wie z.B. Pinot Noir) k\u00f6nnen weniger f\u00e4rbend sein und vollmundige Weine ergeben. Nur im Rahmen einer Blindverkostung ist diese Phase von Vorteil: Sie kann das Alter des Weins anzeigen. Wir schauen also nicht auf die Farbe, sondern auf die Reflexe.     <\/p>\n<p>Bei Wei\u00dfwein werden wir die Reflexionen der Scheibe betrachten, indem wir sein Auge auf das Glas richten. Ein Wei\u00dfwein hat zuerst gr\u00fcne Reflexe, dann silberne, dann goldene und bronzene. Bei einem Wei\u00dfwein mit silbernen Reflexen handelt es sich wahrscheinlich um einen jungen Wein, z.B. einen ein- oder zweij\u00e4hrigen Wein.  <\/p>\n<p>Bei Rotwein stellen wir das Glas vor ein wei\u00dfes Laken und schauen es uns an. Die Reflexionen sind zun\u00e4chst kirsch- oder himbeerfarben, um sich dann in Richtung der Kachel zu entwickeln. <\/p>\n<ol start=\"2\">\n<li><strong>The nose<\/strong><\/li>\n<\/ol>\n<p>The nose is analyzed in two stages: the first and second noses.<\/p>\n<p>Die erste Nase: Wir f\u00fchlen den Wein, ohne ihn zu l\u00fcften, das hei\u00dft, ohne das Glas zu bewegen. Im Allgemeinen ist diese Nase nicht sehr kr\u00e4ftig. Auf diese Weise erkennen wir die M\u00e4ngel des Weins. Die Aromen sind noch nicht vorhanden, die Fehler &#8222;springen in die Nase&#8220;, wie der ber\u00fchmte &#8222;Korkgeschmack&#8220;, der auch in der Nase sehr auff\u00e4llig ist.   <\/p>\n<p>Die zweite Nase: Wir l\u00fcften den Wein, und wenn er sich \u00f6ffnet, werden seine Aromen verzehnfacht. Wein ist ein lebendiges Produkt, das auf die Bel\u00fcftung reagiert. Wenn Sie nichts sp\u00fcren, kann es sein, dass der Wein noch bel\u00fcftet werden muss (in der Flasche oder Karaffe). Es ist interessant, Ihre Nase in Ihrem Glas zu bewegen, um neue Aromen zu entdecken.   <\/p>\n<p>Aber zu erkennen, dass ein Wein nach Pfingstrose riecht, ist nicht unbedingt notwendig, ganz im Gegenteil. Einige Punkte, die Sie wissen sollten: <\/p>\n<ul>\n<li>The winemaker does not add the aromas (well usually).<\/li>\n<li>A wine that smells of rose did not macerate with petals.<\/li>\n<\/ul>\n<p>And precisely, we can group 3 families of flavors:<\/p>\n<ul>\n<li>The primary aromas that come from the grape (a wine made with Gewurztraminer, often expresses aromas of rose and lychee)<\/li>\n<li>Secondary aromas: they come from fermentation.<\/li>\n<li>Tertiary aromas: those are the aromas that come from breeding.<\/li>\n<\/ul>\n<ol start=\"3\">\n<li><strong>The mouth<\/strong><\/li>\n<\/ol>\n<p>Dies ist wahrscheinlich die kritischste Phase. Es ist wichtig, dass Sie Ihr Glas mit dem Fu\u00df festhalten. Denn der Griff des Glases beeinflusst den Ort, an dem der Wein in unserem Mund ankommt. Aber die Sensoren f\u00fcr S\u00e4ure, S\u00fc\u00dfe, Bitterkeit und S\u00e4ure befinden sich nicht an denselben Stellen im Mund. Sie m\u00fcssen den Wein im Mund drehen, um ihn vollst\u00e4ndig zu entschl\u00fcsseln.    <\/p>\n<p>Es ist sogar ratsam, gleichzeitig Luft zu saugen (wir sprechen von Brummelwein), die wir genie\u00dfen, um sie zu l\u00fcften. Es ist nicht unh\u00f6flich, beim Genie\u00dfen von Wein L\u00e4rm zu machen! <\/p>\n<p>Finally, we will pay particular attention to the 3 phases:<\/p>\n<ul>\n<li>The attack: we look mainly at its power: is it frank, flexible.<\/li>\n<li>Der mittlere Gaumen: Hier entfalten sich die Aromen am Gaumen mit der S\u00e4ure bei den Wei\u00dfweinen und den Tanninen bei den Rotweinen. In diesem Moment k\u00f6nnen wir die Textur des Weins analysieren. <\/li>\n<li>Das Finale: Zu welchen Aromen entwickelt sich der Wein? Und vor allem, wie lange bleibt der Wein im Mund? <\/li>\n<\/ul>\n<p>Bei einer Weinprobe erkennen Sie einen gro\u00dfen, preisgekr\u00f6nten Wein an seiner F\u00e4higkeit, sich im Mund zu entfalten und auch nach dem Schlucken noch zu bestehen. Denken Sie daran, dass es v\u00f6llig in Ordnung ist, einen gro\u00dfen Wein w\u00e4hrend einer Verkostung auszuspucken. <\/p>\n<p>So, if you want to know more about the many wine tasting events available in your area, get in touch with some of the best wine tasting event organizers and enjoy some fun evening with other wine enthusiasts.<\/p>\n<p>Just keep in mind that a wine tasting evaluation is very personal, and you will each have a different appreciation, it is normal.[\/vc_column_text][\/vc_column_inner][\/vc_row_inner][\/vc_column][\/vc_row]<\/p>\n<\/div>","protected":false},"excerpt":{"rendered":"<p>[vc_row el_class=&#8220;city-tours-custom&#8220; css=&#8220;.vc_custom_1624697767930{margin-top: 40px !important;margin-bottom: 20px !important;}&#8220;][vc_column][vc_column_text] Ihre Weinverkostungen &amp; Weintouren [\/vc_column_text][vc_separator][\/vc_column][\/vc_row][vc_row][vc_column][vc_row_inner][vc_column_inner][vc_column_text] About our Wine Tasting [\/vc_column_text][\/vc_column_inner][\/vc_row_inner][vc_row_inner][vc_column_inner width=&#8220;1\/2&#8243;][vc_column_text]Weinverkostungen, diese innovativen Konzepte zur Entdeckung von Wein, Winzern, Weinbergen und Weing\u00fctern, werden in Frankreich und auf der ganzen Welt immer beliebter. Weinenthusiasten, Sommeliers, Restaurantbesitzer und Weinliebhaber haben frische Ideen und neue Ans\u00e4tze, um ihre Weine zu entdecken [&hellip;]<\/p>\n","protected":false},"author":2,"featured_media":62798,"parent":0,"menu_order":0,"comment_status":"closed","ping_status":"closed","template":"template-home-modern.php","meta":{"_acf_changed":false,"footnotes":""},"class_list":["post-70840","page","type-page","status-publish","has-post-thumbnail","hentry"],"acf":[],"yoast_head":"<!-- This site is optimized with the Yoast SEO plugin v27.3 - https:\/\/yoast.com\/product\/yoast-seo-wordpress\/ -->\n<title>Archives des  | Riviera Bar Crawl Tours<\/title>\n<meta name=\"description\" content=\"Die Weinverkostungen, diese innovativen Konzepte zur Entdeckung von Wein, Winzern, Weinberg und Weingut, nehmen in Frankreich und \u00fcberall auf der Welt immer mehr zu\" \/>\n<meta name=\"robots\" content=\"index, follow, max-snippet:-1, max-image-preview:large, max-video-preview:-1\" \/>\n<link rel=\"canonical\" href=\"https:\/\/rivierabarcrawltours.com\/de\/weinverkostung\/\" \/>\n<meta property=\"og:locale\" content=\"de_DE\" \/>\n<meta property=\"og:type\" content=\"article\" \/>\n<meta property=\"og:title\" content=\"Archives des  | Riviera Bar Crawl Tours\" \/>\n<meta property=\"og:description\" content=\"Die Weinverkostungen, diese innovativen Konzepte zur Entdeckung von Wein, Winzern, Weinberg und Weingut, nehmen in Frankreich und \u00fcberall auf der Welt immer mehr zu\" \/>\n<meta property=\"og:url\" content=\"https:\/\/rivierabarcrawltours.com\/de\/weinverkostung\/\" \/>\n<meta property=\"og:site_name\" content=\"Riviera Bar Crawl Tours\" \/>\n<meta property=\"article:publisher\" content=\"https:\/\/www.facebook.com\/RivieraBarCrawltours\/\" \/>\n<meta property=\"article:modified_time\" content=\"2026-02-17T19:05:48+00:00\" \/>\n<meta property=\"og:image\" content=\"https:\/\/rivierabarcrawltours.com\/wp-content\/uploads\/2020\/12\/Wine-tasting-in-nice.jpg\" \/>\n\t<meta property=\"og:image:width\" content=\"1920\" \/>\n\t<meta property=\"og:image:height\" content=\"1281\" \/>\n\t<meta property=\"og:image:type\" content=\"image\/jpeg\" \/>\n<meta name=\"twitter:card\" content=\"summary_large_image\" \/>\n<meta name=\"twitter:site\" content=\"@rivierabarcrawl\" \/>\n<meta name=\"twitter:label1\" content=\"Gesch\u00e4tzte Lesezeit\" \/>\n\t<meta name=\"twitter:data1\" content=\"8\u00a0Minuten\" \/>\n<!-- \/ Yoast SEO plugin. -->","yoast_head_json":{"title":"Archives des  | Riviera Bar Crawl Tours","description":"Die Weinverkostungen, diese innovativen Konzepte zur Entdeckung von Wein, Winzern, Weinberg und Weingut, nehmen in Frankreich und \u00fcberall auf der Welt immer mehr zu","robots":{"index":"index","follow":"follow","max-snippet":"max-snippet:-1","max-image-preview":"max-image-preview:large","max-video-preview":"max-video-preview:-1"},"canonical":"https:\/\/rivierabarcrawltours.com\/de\/weinverkostung\/","og_locale":"de_DE","og_type":"article","og_title":"Archives des  | Riviera Bar Crawl Tours","og_description":"Die Weinverkostungen, diese innovativen Konzepte zur Entdeckung von Wein, Winzern, Weinberg und Weingut, nehmen in Frankreich und \u00fcberall auf der Welt immer mehr zu","og_url":"https:\/\/rivierabarcrawltours.com\/de\/weinverkostung\/","og_site_name":"Riviera Bar Crawl Tours","article_publisher":"https:\/\/www.facebook.com\/RivieraBarCrawltours\/","article_modified_time":"2026-02-17T19:05:48+00:00","og_image":[{"width":1920,"height":1281,"url":"https:\/\/rivierabarcrawltours.com\/wp-content\/uploads\/2020\/12\/Wine-tasting-in-nice.jpg","type":"image\/jpeg"}],"twitter_card":"summary_large_image","twitter_site":"@rivierabarcrawl","twitter_misc":{"Gesch\u00e4tzte Lesezeit":"8\u00a0Minuten"},"schema":{"@context":"https:\/\/schema.org","@graph":[{"@type":"WebPage","@id":"https:\/\/rivierabarcrawltours.com\/de\/weinverkostung\/","url":"https:\/\/rivierabarcrawltours.com\/de\/weinverkostung\/","name":"Archives des | Riviera Bar Crawl Tours","isPartOf":{"@id":"https:\/\/rivierabarcrawltours.com\/#website"},"primaryImageOfPage":{"@id":"https:\/\/rivierabarcrawltours.com\/de\/weinverkostung\/#primaryimage"},"image":{"@id":"https:\/\/rivierabarcrawltours.com\/de\/weinverkostung\/#primaryimage"},"thumbnailUrl":"https:\/\/rivierabarcrawltours.com\/wp-content\/uploads\/2020\/12\/Wine-tasting-in-nice.jpg","datePublished":"2021-03-01T11:34:08+00:00","dateModified":"2026-02-17T19:05:48+00:00","description":"Die Weinverkostungen, diese innovativen Konzepte zur Entdeckung von Wein, Winzern, Weinberg und Weingut, nehmen in Frankreich und \u00fcberall auf der Welt immer mehr zu","breadcrumb":{"@id":"https:\/\/rivierabarcrawltours.com\/de\/weinverkostung\/#breadcrumb"},"inLanguage":"de","potentialAction":[{"@type":"ReadAction","target":["https:\/\/rivierabarcrawltours.com\/de\/weinverkostung\/"]}]},{"@type":"ImageObject","inLanguage":"de","@id":"https:\/\/rivierabarcrawltours.com\/de\/weinverkostung\/#primaryimage","url":"https:\/\/rivierabarcrawltours.com\/wp-content\/uploads\/2020\/12\/Wine-tasting-in-nice.jpg","contentUrl":"https:\/\/rivierabarcrawltours.com\/wp-content\/uploads\/2020\/12\/Wine-tasting-in-nice.jpg","width":1920,"height":1281,"caption":"Weinverkostung Nizza"},{"@type":"BreadcrumbList","@id":"https:\/\/rivierabarcrawltours.com\/de\/weinverkostung\/#breadcrumb","itemListElement":[{"@type":"ListItem","position":1,"name":"Home","item":"https:\/\/rivierabarcrawltours.com\/de\/"},{"@type":"ListItem","position":2,"name":"Weinverkostung"}]},{"@type":"WebSite","@id":"https:\/\/rivierabarcrawltours.com\/#website","url":"https:\/\/rivierabarcrawltours.com\/","name":"Riviera Bar Crawl Tours","description":"Fun Day &amp; Night Experiences I Tour operator I Guided Tours I Bar Crawls I Food Tours I","publisher":{"@id":"https:\/\/rivierabarcrawltours.com\/#organization"},"potentialAction":[{"@type":"SearchAction","target":{"@type":"EntryPoint","urlTemplate":"https:\/\/rivierabarcrawltours.com\/?s={search_term_string}"},"query-input":{"@type":"PropertyValueSpecification","valueRequired":true,"valueName":"search_term_string"}}],"inLanguage":"de"},{"@type":"Organization","@id":"https:\/\/rivierabarcrawltours.com\/#organization","name":"Riviera Bar Crawl Tours","url":"https:\/\/rivierabarcrawltours.com\/","logo":{"@type":"ImageObject","inLanguage":"de","@id":"https:\/\/rivierabarcrawltours.com\/#\/schema\/logo\/image\/","url":"https:\/\/rivierabarcrawltours.com\/wp-content\/uploads\/2019\/07\/logo.png","contentUrl":"https:\/\/rivierabarcrawltours.com\/wp-content\/uploads\/2019\/07\/logo.png","width":479,"height":453,"caption":"Riviera Bar Crawl Tours"},"image":{"@id":"https:\/\/rivierabarcrawltours.com\/#\/schema\/logo\/image\/"},"sameAs":["https:\/\/www.facebook.com\/RivieraBarCrawltours\/","https:\/\/x.com\/rivierabarcrawl"]}]}},"_links":{"self":[{"href":"https:\/\/rivierabarcrawltours.com\/de\/wp-json\/wp\/v2\/pages\/70840","targetHints":{"allow":["GET"]}}],"collection":[{"href":"https:\/\/rivierabarcrawltours.com\/de\/wp-json\/wp\/v2\/pages"}],"about":[{"href":"https:\/\/rivierabarcrawltours.com\/de\/wp-json\/wp\/v2\/types\/page"}],"author":[{"embeddable":true,"href":"https:\/\/rivierabarcrawltours.com\/de\/wp-json\/wp\/v2\/users\/2"}],"replies":[{"embeddable":true,"href":"https:\/\/rivierabarcrawltours.com\/de\/wp-json\/wp\/v2\/comments?post=70840"}],"version-history":[{"count":7,"href":"https:\/\/rivierabarcrawltours.com\/de\/wp-json\/wp\/v2\/pages\/70840\/revisions"}],"predecessor-version":[{"id":126743,"href":"https:\/\/rivierabarcrawltours.com\/de\/wp-json\/wp\/v2\/pages\/70840\/revisions\/126743"}],"wp:featuredmedia":[{"embeddable":true,"href":"https:\/\/rivierabarcrawltours.com\/de\/wp-json\/wp\/v2\/media\/62798"}],"wp:attachment":[{"href":"https:\/\/rivierabarcrawltours.com\/de\/wp-json\/wp\/v2\/media?parent=70840"}],"curies":[{"name":"wp","href":"https:\/\/api.w.org\/{rel}","templated":true}]}}