{"id":70828,"date":"2021-03-01T11:33:24","date_gmt":"2021-03-01T10:33:24","guid":{"rendered":"https:\/\/rivierabarcrawltours.com\/koncept\/rundgaenge\/"},"modified":"2021-06-26T11:06:58","modified_gmt":"2021-06-26T09:06:58","slug":"rundgaenge","status":"publish","type":"page","link":"https:\/\/rivierabarcrawltours.com\/de\/rundgaenge\/","title":{"rendered":"Rundg\u00e4nge"},"content":{"rendered":"<div class=\"wpb-content-wrapper\"><p>[vc_row el_class=&#8220;city-tours-custom&#8220; css=&#8220;.vc_custom_1624698394831{margin-top: 40px !important;margin-bottom: 20px !important;}&#8220;][vc_column][vc_column_text]<br \/>\nAlle unsere Wandertouren<br \/>\n[\/vc_column_text]<div class='list_tours'>   <div class=\"concept-listings owl-carousel owl-theme\">\n          <div class=\"style_box\">\n                      <div class=\"thumb\">\n               <header class=\"thumb-header st_avatar_fix\">\n                                      <a href=\"https:\/\/rivierabarcrawltours.com\/de\/tour\/gefuehrter-rundgang-durch-monaco-mit-einem-lokalen-fuehrer\/\" class=\"hover-img\">\n                       <img decoding=\"async\" width=\"260\" height=\"190\" src=\"https:\/\/rivierabarcrawltours.com\/wp-content\/uploads\/2024\/10\/monaco-walking-tour-260x190.jpg\" class=\"attachment-260x190x1 size-260x190x1 wp-post-image\" alt=\"monaco walking tour\" \/>                       <h5 class=\"hover-title hover-hold text-center\">\n                           Gef\u00fchrter Rundgang durch Monaco mit einem lokalen F\u00fchrer                       <\/h5>\n                   <\/a>\n                                  <\/header>\n           <\/div>\n       <\/div>\n          <div class=\"style_box\">\n                      <div class=\"thumb\">\n               <header class=\"thumb-header st_avatar_fix\">\n                                      <a href=\"https:\/\/rivierabarcrawltours.com\/de\/tour\/capture-paris-ein-unvergesslicher-fotospaziergang-durch-das-quartier-latin\/\" class=\"hover-img\">\n                       <img decoding=\"async\" width=\"260\" height=\"190\" src=\"https:\/\/rivierabarcrawltours.com\/wp-content\/uploads\/2024\/10\/paris-photo-walk-latin-quarter-260x190.jpg\" class=\"attachment-260x190x1 size-260x190x1 wp-post-image\" alt=\"paris-photo-walk-latin-quarter\" \/>                       <h5 class=\"hover-title hover-hold text-center\">\n                           Capture Paris : Ein unvergesslicher Fotospaziergang durch das Quartier Latin                       <\/h5>\n                   <\/a>\n                                  <\/header>\n           <\/div>\n       <\/div>\n          <div class=\"style_box\">\n           <div class=\"feature_class st_featured featured\">Featured<\/div>           <div class=\"thumb\">\n               <header class=\"thumb-header st_avatar_fix\">\n                                      <a href=\"https:\/\/rivierabarcrawltours.com\/de\/tour\/privater-spaziergang-durch-marseille\/\" class=\"hover-img\">\n                       <img decoding=\"async\" width=\"260\" height=\"190\" src=\"https:\/\/rivierabarcrawltours.com\/wp-content\/uploads\/2021\/02\/Marseille-private-walking-tour-e1744292700122-260x190.jpg\" class=\"attachment-260x190x1 size-260x190x1 wp-post-image\" alt=\"Privater Spaziergang durch Marseille\" \/>                       <h5 class=\"hover-title hover-hold text-center\">\n                           Privater Spaziergang durch Marseille                       <\/h5>\n                   <\/a>\n                                  <\/header>\n           <\/div>\n       <\/div>\n          <div class=\"style_box\">\n           <div class=\"feature_class st_featured featured\">Featured<\/div>           <div class=\"thumb\">\n               <header class=\"thumb-header st_avatar_fix\">\n                                      <a href=\"https:\/\/rivierabarcrawltours.com\/de\/tour\/gefuehrter-rundgang-durch-monaco\/\" class=\"hover-img\">\n                       <img decoding=\"async\" width=\"260\" height=\"190\" src=\"https:\/\/rivierabarcrawltours.com\/wp-content\/uploads\/2024\/10\/monaco-walking-tour-1-260x190.jpg\" class=\"attachment-260x190x1 size-260x190x1 wp-post-image\" alt=\"Trip from nice to monaco-walking-tour\" \/>                       <h5 class=\"hover-title hover-hold text-center\">\n                           Gef\u00fchrter Rundgang durch Monaco                       <\/h5>\n                   <\/a>\n                                  <\/header>\n           <\/div>\n       <\/div>\n          <div class=\"style_box\">\n                      <div class=\"thumb\">\n               <header class=\"thumb-header st_avatar_fix\">\n                                      <a href=\"https:\/\/rivierabarcrawltours.com\/de\/tour\/die-aromen-von-monaco-food-tour\/\" class=\"hover-img\">\n                       <img decoding=\"async\" width=\"260\" height=\"190\" src=\"https:\/\/rivierabarcrawltours.com\/wp-content\/uploads\/2016\/03\/Food-tasting-tour-Nice-260x190.jpg\" class=\"attachment-260x190x1 size-260x190x1 wp-post-image\" alt=\"sch\u00f6ne Essenstouren\" \/>                       <h5 class=\"hover-title hover-hold text-center\">\n                           Die Aromen von Monaco Private Food Tour                       <\/h5>\n                   <\/a>\n                                  <\/header>\n           <\/div>\n       <\/div>\n          <div class=\"style_box\">\n                      <div class=\"thumb\">\n               <header class=\"thumb-header st_avatar_fix\">\n                                      <a href=\"https:\/\/rivierabarcrawltours.com\/de\/tour\/monaco-f1-grand-prix-circuit-tour\/\" class=\"hover-img\">\n                       <img decoding=\"async\" width=\"260\" height=\"190\" src=\"https:\/\/rivierabarcrawltours.com\/wp-content\/uploads\/2024\/02\/monaco-grand-Prix-Gp-private-tour24-1-260x190.jpeg\" class=\"attachment-260x190x1 size-260x190x1 wp-post-image\" alt=\"monaco grand Prix Gp private tour\" \/>                       <h5 class=\"hover-title hover-hold text-center\">\n                           Monaco F1 Grand Prix Rennstrecke Private gef\u00fchrte Tour                       <\/h5>\n                   <\/a>\n                                  <\/header>\n           <\/div>\n       <\/div>\n          <div class=\"style_box\">\n                      <div class=\"thumb\">\n               <header class=\"thumb-header st_avatar_fix\">\n                                      <a href=\"https:\/\/rivierabarcrawltours.com\/de\/tour\/kostenloser-rundgang-durch-marseille\/\" class=\"hover-img\">\n                       <img decoding=\"async\" width=\"260\" height=\"190\" src=\"https:\/\/rivierabarcrawltours.com\/wp-content\/uploads\/2023\/05\/Free-walking-tour-marseille-260x190.jpg\" class=\"attachment-260x190x1 size-260x190x1 wp-post-image\" alt=\"Free walking tour marseille\" \/>                       <h5 class=\"hover-title hover-hold text-center\">\n                           Kostenloser Rundgang durch Marseille                       <\/h5>\n                   <\/a>\n                                  <\/header>\n           <\/div>\n       <\/div>\n          <div class=\"style_box\">\n                      <div class=\"thumb\">\n               <header class=\"thumb-header st_avatar_fix\">\n                                      <a href=\"https:\/\/rivierabarcrawltours.com\/de\/tour\/selbstgefuehrter-rundgang-in-nizza-frankreich\/\" class=\"hover-img\">\n                       <img decoding=\"async\" width=\"260\" height=\"190\" src=\"https:\/\/rivierabarcrawltours.com\/wp-content\/uploads\/2023\/01\/self-guided-tour-in-Nice-260x190.jpeg\" class=\"attachment-260x190x1 size-260x190x1 wp-post-image\" alt=\"Selbstgef\u00fchrte Tour in Nizza\" \/>                       <h5 class=\"hover-title hover-hold text-center\">\n                           Selbstgef\u00fchrter Rundgang in Nizza, Frankreich                       <\/h5>\n                   <\/a>\n                                  <\/header>\n           <\/div>\n       <\/div>\n          <div class=\"style_box\">\n                      <div class=\"thumb\">\n               <header class=\"thumb-header st_avatar_fix\">\n                                      <a href=\"https:\/\/rivierabarcrawltours.com\/de\/tour\/selbstgefuehrter-rundgang-in-monaco\/\" class=\"hover-img\">\n                       <img decoding=\"async\" width=\"260\" height=\"190\" src=\"https:\/\/rivierabarcrawltours.com\/wp-content\/uploads\/2023\/01\/self-guided-tour-in-Monaco-260x190.jpg\" class=\"attachment-260x190x1 size-260x190x1 wp-post-image\" alt=\"Selbstgef\u00fchrter Rundgang in Monaco\" \/>                       <h5 class=\"hover-title hover-hold text-center\">\n                           Selbstgef\u00fchrter Rundgang in Monaco                       <\/h5>\n                   <\/a>\n                                  <\/header>\n           <\/div>\n       <\/div>\n          <div class=\"style_box\">\n           <div class=\"feature_class st_featured featured\">Featured<\/div>           <div class=\"thumb\">\n               <header class=\"thumb-header st_avatar_fix\">\n                                      <a href=\"https:\/\/rivierabarcrawltours.com\/de\/tour\/magischer-rundgang-durch-montmartre-paris\/\" class=\"hover-img\">\n                       <img decoding=\"async\" width=\"260\" height=\"190\" src=\"https:\/\/rivierabarcrawltours.com\/wp-content\/uploads\/2021\/12\/walking-tour-montmartre-paris-1-260x190.jpg\" class=\"attachment-260x190x1 size-260x190x1 wp-post-image\" alt=\"Privatrundgang Montmartre Paris (1)\" \/>                       <h5 class=\"hover-title hover-hold text-center\">\n                           Privater Rundgang durch Montmartre Paris                       <\/h5>\n                   <\/a>\n                                  <\/header>\n           <\/div>\n       <\/div>\n   <\/div>\n\n            <style type=\"text\/css\">\n            .concept-listings .owl-dots.disabled,\n            .concept-listings .owl-nav.disabled{\n                display: block !important;\n            }\n        <\/style>\n    \n<script type=\"text\/javascript\">\n$(document).ready(function() {\n       $(\".concept-listings\").owlCarousel({\n        margin:20,\n                loop:true,\n                dots:true,\n        responsiveClass:true,\n        responsive:{\n            0:{\n                items:1,\n                nav:false\n            },\n            600:{\n                items:3,\n                nav:false\n            },\n            1000:{\n                items:4,\n                nav:true\n            }\n        }\n       });\n}); \n\n<\/script>\n\n<style type=\"text\/css\">\n.concept-listings .owl-stage {\n    display: -webkit-box !important;\n    display: -moz-box !important;\n    display: -ms-box !important;\n    display: box !important;\n}\n.concept-listings .owl-dots {\n    margin-top: 10px;\n    text-align: center;\n}\n.concept-listings .owl-dots .owl-dot {\n    display: inline-block;\n    background: 0 0;\n    color: inherit;\n    border: none;\n    padding: 0 !important;\n}\n.concept-listings .owl-dots .owl-dot.active span {\n    background: var(--link-color, #5191FA);\n}\n.concept-listings .owl-dots .owl-dot span {\n    width: 10px;\n    height: 10px;\n    margin: 5px 7px;\n    background: var(--light-grey-color, #EAEEF3);\n    display: block;\n    transition: opacity 0.2s ease;\n    border-radius: 30px;\n}\n.city-tours-custom .feature_class{\n  left: 0 !important;\n}\n.concept-listings .owl-nav {\n    position: absolute;\n    height: 100%;\n    top: 0;\n    width: 100%;\n    z-index: -1;\n}\n.concept-listings .owl-nav button {\n    position: absolute;\n    top: 50%;\n    margin-top: -18px;\n}\n.concept-listings .owl-nav button.owl-next {\n    right: -66px;\n}\n.concept-listings .owl-nav button.owl-prev {\n    left: -66px;\n}\n.concept-listings .owl-nav button.owl-next span {\n    width: 36px;\n    height: 36px;\n    display: block;\n    background: url(https:\/\/rivierabarcrawltours.com\/wp-content\/uploads\/2021\/06\/arrow-right.png) center center no-repeat;\n    background-size: 100% auto;\n    color: transparent;\n}\n.concept-listings .owl-nav button.owl-prev span {\n    width: 36px;\n    height: 36px;\n    display: block;\n    background: url(https:\/\/rivierabarcrawltours.com\/wp-content\/uploads\/2021\/02\/arrow-left.png) center center no-repeat;\n    background-size: 100% auto;\n    color: transparent;\n}\n\n.city-tours-custom .thumb{\n    border: none !important;\n}\n<\/style><\/div>[vc_separator][\/vc_column][\/vc_row][vc_row][vc_column][vc_row_inner][vc_column_inner width=&#8220;1\/2&#8243;][vc_column_text]<\/p>\n<h2>\u00dcber unsere Walking-Touren<\/h2>\n<p>Die beste Art, eine Stadt zu erkunden, ist zu Fu\u00df. Und bei einer Stadtf\u00fchrung zu Fu\u00df lernt man die neue Stadt definitiv am besten kennen. Und der beste Weg, alles zu entdecken, was eine neue Stadt zu bieten hat, ist mit einem gut informierten lokalen F\u00fchrer. Wenn Sie an einer Walking Tour teilnehmen, sind Sie in den H\u00e4nden eines vertrauensw\u00fcrdigen lokalen Experten mit jahrelanger Erfahrung und gro\u00dfem Wissen, der bereit ist, mit Ihnen alle interessanten und wissenswerten Informationen \u00fcber die Stadt zu teilen. Die Vorteile von Walking Tours sind endlos!<\/p>\n<p>Die Teilnahme an einer Stadtrundfahrt ist eine gro\u00dfartige Gelegenheit, andere Reisende zu treffen. Und die Tatsache, dass Sie sich einer Gruppe mit einer gemeinsamen Sprache anschlie\u00dfen, schafft auch Vertrautheit, besonders wenn Sie in einem fremden Land unterwegs sind.<\/p>\n<p>Die Touren sind nicht nur eine gute M\u00f6glichkeit, andere Reisende zu treffen, besonders wenn Sie alleine reisen, sondern sie geben Ihnen auch detaillierte Informationen, coole Fakten, Tipps und Empfehlungen, was man in der Stadt machen kann, wo man essen oder das beste Getr\u00e4nk bekommen kann. Wenn Sie zu Fu\u00df unterwegs sind, k\u00f6nnen Sie sich den ganzen Tag lang bewegen und verpassen keine versteckten Kleinode und Details wie Stra\u00dfenkunst oder interessante Restaurants! Sie k\u00f6nnen Dinge genauer sehen, \u00f6ffentliche Verkehrsmittel erleben und sich in kleine Gassen zw\u00e4ngen. Kurzum, Ihre Tourguides wollen sicherstellen, dass Sie eine tolle Zeit auf der Tour haben.<\/p>\n<p>Die gesamte Route ist effizient geplant, so dass Sie die wichtigsten Sehensw\u00fcrdigkeiten nicht verpassen und trotzdem Zeit haben, die Geheimnisse der Stadt zu erfahren, die nur die Einheimischen kennen. Unsere Wanderungen beinhalten auch eine Pause in der Mitte, um sich auszuruhen, die Toilette zu benutzen, die lokalen M\u00e4rkte zu erleben und sogar Ihre Geschmacksknospen zu befriedigen, indem Sie einige lokale Delikatessen probieren.[\/vc_column_text][\/vc_column_inner][vc_column_inner width=&#8220;1\/2&#8243;][vc_column_text]<\/p>\n<h2>Kostenlose Wandertouren \/ Bezahlte Wandertouren<\/h2>\n<p>Wie funktionieren kostenlose Wandertouren?<br \/>\nAlso &#8222;wie k\u00f6nnen die Touren kostenlos sein?&#8220;. Die Touren sind &#8222;kostenlos&#8220;, weil es keinen vorgeschriebenen Preis f\u00fcr die Teilnahme an einer Tour oder f\u00fcr eine Reservierung gibt, au\u00dferdem k\u00f6nnen Sie auch ohne Reservierung am Treffpunkt auftauchen. Sie haben also keine vorgeschriebene Geb\u00fchr zu zahlen, bevor Sie die Tour erleben k\u00f6nnen. Stattdessen steht es Ihnen frei, Ihren Guide nach der Tour nach eigenem Ermessen zu tippen. Das Konzept des Wortes &#8222;frei&#8220; bedeutet, dass Sie, falls Sie das Gef\u00fchl haben, dass die Tour nicht das ist, was Sie<br \/>\nnicht Ihren Erwartungen entspricht, k\u00f6nnen Sie die Tour jederzeit abbrechen.<\/p>\n<p>Trinkgeld: etwas, das Sie bei einer kostenlosen Tour beachten sollten<br \/>\nDa die Tourguides kein anderes Einkommen f\u00fcr die Durchf\u00fchrung dieser Touren erhalten (von irgendwelchen Organisationen), bedeutet dies, dass sie sich ihr Trinkgeld wirklich verdienen m\u00fcssen. Da ihr Einkommen von Tour zu Tour schwankt, sind die Guides sehr motiviert, eine qualitativ hochwertige Tour zu liefern. Au\u00dferdem bedeutet das Trinkgeld f\u00fcr Ihren Guide am Ende der Tour, dass Sie die Macht haben. Obwohl es nicht obligatorisch ist, entscheiden Sie, was die Tour wert war oder was Sie sich leisten k\u00f6nnen, wenn \u00fcberhaupt.<\/p>\n<p>Bezahlte F\u00fchrungen<br \/>\nIm Allgemeinen sind bei einer bezahlten Tour kleine Gruppen garantiert. Sie haben mehr pers\u00f6nliche Aufmerksamkeit durch den Tourguide und mehr Raum f\u00fcr Fragen und Empfehlungen. Au\u00dferdem m\u00fcssen Sie nicht darum k\u00e4mpfen, den Fremdenf\u00fchrer zu h\u00f6ren, in den Schatten zu kommen, etc. Auch wenn diese Touren einen festen Preis haben, den Sie im Voraus bezahlen, ist es immer nett, Ihrem Reiseleiter ein kleines Trinkgeld zu geben, wenn Sie das Gef\u00fchl haben, dass er einen guten Job gemacht hat.[\/vc_column_text][\/vc_column_inner][\/vc_row_inner][\/vc_column][\/vc_row]<\/p>\n<\/div>","protected":false},"excerpt":{"rendered":"<p>[vc_row el_class=&#8220;city-tours-custom&#8220; css=&#8220;.vc_custom_1624698394831{margin-top: 40px !important;margin-bottom: 20px !important;}&#8220;][vc_column][vc_column_text] Alle unsere Wandertouren [\/vc_column_text][vc_separator][\/vc_column][\/vc_row][vc_row][vc_column][vc_row_inner][vc_column_inner width=&#8220;1\/2&#8243;][vc_column_text] \u00dcber unsere Walking-Touren Die beste Art, eine Stadt zu erkunden, ist zu Fu\u00df. Und bei einer Stadtf\u00fchrung zu Fu\u00df lernt man die neue Stadt definitiv am besten kennen. Und der beste Weg, alles zu entdecken, was eine neue Stadt zu bieten hat, ist [&hellip;]<\/p>\n","protected":false},"author":2,"featured_media":36076,"parent":0,"menu_order":0,"comment_status":"closed","ping_status":"closed","template":"template-home-modern.php","meta":{"_acf_changed":false,"footnotes":""},"class_list":["post-70828","page","type-page","status-publish","has-post-thumbnail","hentry"],"acf":[],"yoast_head":"<!-- This site is optimized with the Yoast SEO plugin v27.3 - https:\/\/yoast.com\/product\/yoast-seo-wordpress\/ -->\n<title>Kommen Sie und entdecken Sie alle unsere kostenlosen Wandertouren | Riviera<\/title>\n<meta name=\"description\" content=\"Ein Spaziergang ist die beste Art, eine neue Stadt zu entdecken, wenn man sie zum ersten Mal besucht. Sowohl die wichtigsten als auch versteckte Juwelen und lokale Tipps... das alles erwartet Sie!\" \/>\n<meta name=\"robots\" content=\"index, follow, max-snippet:-1, max-image-preview:large, max-video-preview:-1\" \/>\n<link rel=\"canonical\" href=\"https:\/\/rivierabarcrawltours.com\/de\/rundgaenge\/\" \/>\n<meta property=\"og:locale\" content=\"de_DE\" \/>\n<meta property=\"og:type\" content=\"article\" \/>\n<meta property=\"og:title\" content=\"Kommen Sie und entdecken Sie alle unsere kostenlosen Wandertouren | Riviera\" \/>\n<meta property=\"og:description\" content=\"Ein Spaziergang ist die beste Art, eine neue Stadt zu entdecken, wenn man sie zum ersten Mal besucht. Sowohl die wichtigsten als auch versteckte Juwelen und lokale Tipps... das alles erwartet Sie!\" \/>\n<meta property=\"og:url\" content=\"https:\/\/rivierabarcrawltours.com\/de\/rundgaenge\/\" \/>\n<meta property=\"og:site_name\" content=\"Riviera Bar Crawl Tours\" \/>\n<meta property=\"article:publisher\" content=\"https:\/\/www.facebook.com\/RivieraBarCrawltours\/\" \/>\n<meta property=\"article:modified_time\" content=\"2021-06-26T09:06:58+00:00\" \/>\n<meta property=\"og:image\" content=\"https:\/\/rivierabarcrawltours.com\/wp-content\/uploads\/2019\/07\/walking-tours-riviera-bar-crawl-tours.jpg\" \/>\n\t<meta property=\"og:image:width\" content=\"1920\" \/>\n\t<meta property=\"og:image:height\" content=\"1156\" \/>\n\t<meta property=\"og:image:type\" content=\"image\/jpeg\" \/>\n<meta name=\"twitter:card\" content=\"summary_large_image\" \/>\n<meta name=\"twitter:site\" content=\"@rivierabarcrawl\" \/>\n<meta name=\"twitter:label1\" content=\"Gesch\u00e4tzte Lesezeit\" \/>\n\t<meta name=\"twitter:data1\" content=\"3\u00a0Minuten\" \/>\n<!-- \/ Yoast SEO plugin. -->","yoast_head_json":{"title":"Kommen Sie und entdecken Sie alle unsere kostenlosen Wandertouren | Riviera","description":"Ein Spaziergang ist die beste Art, eine neue Stadt zu entdecken, wenn man sie zum ersten Mal besucht. Sowohl die wichtigsten als auch versteckte Juwelen und lokale Tipps... das alles erwartet Sie!","robots":{"index":"index","follow":"follow","max-snippet":"max-snippet:-1","max-image-preview":"max-image-preview:large","max-video-preview":"max-video-preview:-1"},"canonical":"https:\/\/rivierabarcrawltours.com\/de\/rundgaenge\/","og_locale":"de_DE","og_type":"article","og_title":"Kommen Sie und entdecken Sie alle unsere kostenlosen Wandertouren | Riviera","og_description":"Ein Spaziergang ist die beste Art, eine neue Stadt zu entdecken, wenn man sie zum ersten Mal besucht. Sowohl die wichtigsten als auch versteckte Juwelen und lokale Tipps... das alles erwartet Sie!","og_url":"https:\/\/rivierabarcrawltours.com\/de\/rundgaenge\/","og_site_name":"Riviera Bar Crawl Tours","article_publisher":"https:\/\/www.facebook.com\/RivieraBarCrawltours\/","article_modified_time":"2021-06-26T09:06:58+00:00","og_image":[{"width":1920,"height":1156,"url":"https:\/\/rivierabarcrawltours.com\/wp-content\/uploads\/2019\/07\/walking-tours-riviera-bar-crawl-tours.jpg","type":"image\/jpeg"}],"twitter_card":"summary_large_image","twitter_site":"@rivierabarcrawl","twitter_misc":{"Gesch\u00e4tzte Lesezeit":"3\u00a0Minuten"},"schema":{"@context":"https:\/\/schema.org","@graph":[{"@type":"WebPage","@id":"https:\/\/rivierabarcrawltours.com\/de\/rundgaenge\/","url":"https:\/\/rivierabarcrawltours.com\/de\/rundgaenge\/","name":"Kommen Sie und entdecken Sie alle unsere kostenlosen Wandertouren | Riviera","isPartOf":{"@id":"https:\/\/rivierabarcrawltours.com\/#website"},"primaryImageOfPage":{"@id":"https:\/\/rivierabarcrawltours.com\/de\/rundgaenge\/#primaryimage"},"image":{"@id":"https:\/\/rivierabarcrawltours.com\/de\/rundgaenge\/#primaryimage"},"thumbnailUrl":"https:\/\/rivierabarcrawltours.com\/wp-content\/uploads\/2019\/07\/walking-tours-riviera-bar-crawl-tours.jpg","datePublished":"2021-03-01T10:33:24+00:00","dateModified":"2021-06-26T09:06:58+00:00","description":"Ein Spaziergang ist die beste Art, eine neue Stadt zu entdecken, wenn man sie zum ersten Mal besucht. Sowohl die wichtigsten als auch versteckte Juwelen und lokale Tipps... das alles erwartet Sie!","breadcrumb":{"@id":"https:\/\/rivierabarcrawltours.com\/de\/rundgaenge\/#breadcrumb"},"inLanguage":"de","potentialAction":[{"@type":"ReadAction","target":["https:\/\/rivierabarcrawltours.com\/de\/rundgaenge\/"]}]},{"@type":"ImageObject","inLanguage":"de","@id":"https:\/\/rivierabarcrawltours.com\/de\/rundgaenge\/#primaryimage","url":"https:\/\/rivierabarcrawltours.com\/wp-content\/uploads\/2019\/07\/walking-tours-riviera-bar-crawl-tours.jpg","contentUrl":"https:\/\/rivierabarcrawltours.com\/wp-content\/uploads\/2019\/07\/walking-tours-riviera-bar-crawl-tours.jpg","width":1920,"height":1156,"caption":"Rundg\u00e4nge"},{"@type":"BreadcrumbList","@id":"https:\/\/rivierabarcrawltours.com\/de\/rundgaenge\/#breadcrumb","itemListElement":[{"@type":"ListItem","position":1,"name":"Home","item":"https:\/\/rivierabarcrawltours.com\/de\/"},{"@type":"ListItem","position":2,"name":"Koncept","item":"https:\/\/rivierabarcrawltours.com\/de\/experiences\/"},{"@type":"ListItem","position":3,"name":"Rundg\u00e4nge"}]},{"@type":"WebSite","@id":"https:\/\/rivierabarcrawltours.com\/#website","url":"https:\/\/rivierabarcrawltours.com\/","name":"Riviera Bar Crawl Tours","description":"Fun Day &amp; Night Experiences I Tour operator I Guided Tours I Bar Crawls I Food Tours I","publisher":{"@id":"https:\/\/rivierabarcrawltours.com\/#organization"},"potentialAction":[{"@type":"SearchAction","target":{"@type":"EntryPoint","urlTemplate":"https:\/\/rivierabarcrawltours.com\/?s={search_term_string}"},"query-input":{"@type":"PropertyValueSpecification","valueRequired":true,"valueName":"search_term_string"}}],"inLanguage":"de"},{"@type":"Organization","@id":"https:\/\/rivierabarcrawltours.com\/#organization","name":"Riviera Bar Crawl Tours","url":"https:\/\/rivierabarcrawltours.com\/","logo":{"@type":"ImageObject","inLanguage":"de","@id":"https:\/\/rivierabarcrawltours.com\/#\/schema\/logo\/image\/","url":"https:\/\/rivierabarcrawltours.com\/wp-content\/uploads\/2019\/07\/logo.png","contentUrl":"https:\/\/rivierabarcrawltours.com\/wp-content\/uploads\/2019\/07\/logo.png","width":479,"height":453,"caption":"Riviera Bar Crawl Tours"},"image":{"@id":"https:\/\/rivierabarcrawltours.com\/#\/schema\/logo\/image\/"},"sameAs":["https:\/\/www.facebook.com\/RivieraBarCrawltours\/","https:\/\/x.com\/rivierabarcrawl"]}]}},"_links":{"self":[{"href":"https:\/\/rivierabarcrawltours.com\/de\/wp-json\/wp\/v2\/pages\/70828","targetHints":{"allow":["GET"]}}],"collection":[{"href":"https:\/\/rivierabarcrawltours.com\/de\/wp-json\/wp\/v2\/pages"}],"about":[{"href":"https:\/\/rivierabarcrawltours.com\/de\/wp-json\/wp\/v2\/types\/page"}],"author":[{"embeddable":true,"href":"https:\/\/rivierabarcrawltours.com\/de\/wp-json\/wp\/v2\/users\/2"}],"replies":[{"embeddable":true,"href":"https:\/\/rivierabarcrawltours.com\/de\/wp-json\/wp\/v2\/comments?post=70828"}],"version-history":[{"count":3,"href":"https:\/\/rivierabarcrawltours.com\/de\/wp-json\/wp\/v2\/pages\/70828\/revisions"}],"predecessor-version":[{"id":77648,"href":"https:\/\/rivierabarcrawltours.com\/de\/wp-json\/wp\/v2\/pages\/70828\/revisions\/77648"}],"wp:featuredmedia":[{"embeddable":true,"href":"https:\/\/rivierabarcrawltours.com\/de\/wp-json\/wp\/v2\/media\/36076"}],"wp:attachment":[{"href":"https:\/\/rivierabarcrawltours.com\/de\/wp-json\/wp\/v2\/media?parent=70828"}],"curies":[{"name":"wp","href":"https:\/\/api.w.org\/{rel}","templated":true}]}}