{"id":70812,"date":"2021-03-01T10:28:39","date_gmt":"2021-03-01T09:28:39","guid":{"rendered":"https:\/\/rivierabarcrawltours.com\/koncept\/teambildung\/"},"modified":"2026-02-17T09:17:12","modified_gmt":"2026-02-17T08:17:12","slug":"teambildung","status":"publish","type":"page","link":"https:\/\/rivierabarcrawltours.com\/de\/teambildung\/","title":{"rendered":"Teambildung"},"content":{"rendered":"<div class=\"wpb-content-wrapper\"><p>[vc_row el_class=&#8220;city-tours-custom&#8220; css=&#8220;.vc_custom_1624698402185{margin-top: 40px !important;margin-bottom: 20px !important;}&#8220;][vc_column][vc_column_text]<br \/>\nAlle unsere Teambuildings<br \/>\n[\/vc_column_text]<div class='list_tours'>   <div class=\"concept-listings owl-carousel owl-theme\">\n   <\/div>\n\n    \n<script type=\"text\/javascript\">\n$(document).ready(function() {\n       $(\".concept-listings\").owlCarousel({\n        margin:20,\n                dots:true,\n        responsiveClass:true,\n        responsive:{\n            0:{\n                items:1,\n                nav:false\n            },\n            600:{\n                items:3,\n                nav:false\n            },\n            1000:{\n                items:4,\n                nav:true\n            }\n        }\n       });\n}); \n\n<\/script>\n\n<style type=\"text\/css\">\n.concept-listings .owl-stage {\n    display: -webkit-box !important;\n    display: -moz-box !important;\n    display: -ms-box !important;\n    display: box !important;\n}\n.concept-listings .owl-dots {\n    margin-top: 10px;\n    text-align: center;\n}\n.concept-listings .owl-dots .owl-dot {\n    display: inline-block;\n    background: 0 0;\n    color: inherit;\n    border: none;\n    padding: 0 !important;\n}\n.concept-listings .owl-dots .owl-dot.active span {\n    background: var(--link-color, #5191FA);\n}\n.concept-listings .owl-dots .owl-dot span {\n    width: 10px;\n    height: 10px;\n    margin: 5px 7px;\n    background: var(--light-grey-color, #EAEEF3);\n    display: block;\n    transition: opacity 0.2s ease;\n    border-radius: 30px;\n}\n.city-tours-custom .feature_class{\n  left: 0 !important;\n}\n.concept-listings .owl-nav {\n    position: absolute;\n    height: 100%;\n    top: 0;\n    width: 100%;\n    z-index: -1;\n}\n.concept-listings .owl-nav button {\n    position: absolute;\n    top: 50%;\n    margin-top: -18px;\n}\n.concept-listings .owl-nav button.owl-next {\n    right: -66px;\n}\n.concept-listings .owl-nav button.owl-prev {\n    left: -66px;\n}\n.concept-listings .owl-nav button.owl-next span {\n    width: 36px;\n    height: 36px;\n    display: block;\n    background: url(https:\/\/rivierabarcrawltours.com\/wp-content\/uploads\/2021\/06\/arrow-right.png) center center no-repeat;\n    background-size: 100% auto;\n    color: transparent;\n}\n.concept-listings .owl-nav button.owl-prev span {\n    width: 36px;\n    height: 36px;\n    display: block;\n    background: url(https:\/\/rivierabarcrawltours.com\/wp-content\/uploads\/2021\/02\/arrow-left.png) center center no-repeat;\n    background-size: 100% auto;\n    color: transparent;\n}\n\n.city-tours-custom .thumb{\n    border: none !important;\n}\n<\/style><\/div>[vc_separator][\/vc_column][\/vc_row][vc_row][vc_column][vc_row_inner][vc_column_inner][vc_column_text]<br \/>\nUeber unsere Teambuildings<br \/>\n[\/vc_column_text][\/vc_column_inner][\/vc_row_inner][vc_row_inner][vc_column_inner width=&#8220;1\/2&#8243;][vc_column_text]<br \/>\n<strong>DIE BEDEUTUNG VON TEAMBUILDING F\u00dcR IHR UNTERNEHMEN<\/strong><\/p>\n<p>Sie haben davon geh\u00f6rt, vielleicht von Kollegen, im Fernsehen oder in Zeitschriften, das &#8222;Teambuilding&#8220; ist in der Arbeitswelt seit einigen Jahren in Mode. Aber was ist Teambuilding? Was ist der Sinn? F\u00fcr wen ist es gedacht, und wie l\u00e4uft es ab?<\/p>\n<p>In jeder Struktur, die eine gro\u00dfe Anzahl von Menschen umfasst, ist es manchmal notwendig und sogar lebenswichtig, Aktivit\u00e4ten mit Kollegen au\u00dferhalb des beruflichen Rahmens durchzuf\u00fchren. Es ist eine M\u00f6glichkeit, die Routine zu durchbrechen, Teams zu bilden und sich auf einer pers\u00f6nlichen Ebene besser kennen zu lernen &#8230; denn schlie\u00dflich verbringen wir viel Zeit mit ihnen!<\/p>\n<p>Hier kommt das Teambuilding ins Spiel. Teambuilding ist eine lustige, sportliche, kulturelle Aktivit\u00e4t, die f\u00fcr die Mitarbeiter eines Unternehmens bestimmt ist, die von der gesamten Gruppe gemeinsam durchgef\u00fchrt wird und deren Ziel es ist, die Menschen rund um das Projekt des Unternehmens zu st\u00e4rken und zu verbinden. Wir werden in diesem Artikel sehen, woraus es besteht und werden Ihnen einige Teambuilding-Ideen geben, um mehr Team-Bonding zu entwickeln und gemeinsame Ziele zu teilen.<\/p>\n<p><strong>Was ist der Zweck der Teamentwicklung?<\/strong><\/p>\n<p>Das Teambuilding beantwortet eine grundlegende Frage f\u00fcr jedes Unternehmensprojekt: Wie kann man eine Gruppe bilden, Teams motivieren und ein starkes Team und seine Mitglieder um eine Mission, ein gemeinsames Ziel versammeln, und das auf lange Sicht?<\/p>\n<p>Das Teambuilding wird dank einer Reihe von lustigen, sportlichen oder kreativen Aktivit\u00e4ten den Zusammenhalt zwischen den Mitgliedern des Unternehmens st\u00e4rken.<\/p>\n<p>Das Ziel? Den Teamgeist zu f\u00f6rdern, Beziehungen aufzubauen, die Kommunikation und die Atmosph\u00e4re am Arbeitsplatz zu verbessern. Es f\u00f6rdert das Kennenlernen des anderen und die Solidarit\u00e4t zwischen den Menschen. Gleichzeitig hilft es, ein neues Mitglied schnell in den &#8222;Kreis&#8220; des Unternehmens zu integrieren.<\/p>\n<p>Teambuilding-Aktivit\u00e4ten sind jedoch keine reine Freizeitbesch\u00e4ftigung. Am Ende jedes Workshops, jeder Teambuilding-Aktivit\u00e4t oder jeder Herausforderung steht die Suche nach gegenseitiger Hilfe und die R\u00fccksichtnahme auf die anderen. Es ist eine hervorragende M\u00f6glichkeit, jedes Teammitglied in seinen Qualit\u00e4ten und seinen Schw\u00e4chen zu verstehen, einfach den Zusammenhalt der Gruppe. Aus diesem Grund m\u00fcssen die meisten Aktivit\u00e4ten in Gruppen durchgef\u00fchrt werden. Durch die Teilnahme am Teambuilding lernen sich die Mitglieder gegenseitig kennen, und ein Team, das sich kennt, ist effizienter und macht mehr Spa\u00df bei der Arbeit!<\/p>\n<p><strong>Warum Teambuilding an der franz\u00f6sischen Riviera?<\/strong><\/p>\n<ul>\n<li>Ein glamour\u00f6ser, warmer Ort ist gut f\u00fcr die Moral Ihrer Kollegen<\/li>\n<li>Nichts geht \u00fcber ein leckeres provenzalisches Gericht, um den Zusammenhalt des Teams zu st\u00e4rken<\/li>\n<li>Viele M\u00f6glichkeiten, gemeinsam mit Ihrem Team Aktivit\u00e4ten und Herausforderungen zu unternehmen<\/li>\n<\/ul>\n<p>Nizza, Cannes, Antibes und einige der sch\u00f6nsten St\u00e4dte an der franz\u00f6sischen Riviera und der Cote d&#8217;Azur sind ein Muss in dieser Region! Mit der ausgezeichneten lokalen K\u00fcche und dem Mittelmeer ziehen St\u00e4dte wie Monaco, Villefranche sur Mer, Nizza oder Cannes viele Touristen an. Aber auch die lokalen Unternehmen bleiben nicht au\u00dfen vor!<\/p>\n<p>Verlassen Sie Ihre Besprechungsr\u00e4ume und f\u00f6rdern Sie den Teamzusammenhalt mit einer Teambuilding-Aktivit\u00e4t.<\/p>\n<p>Organisieren Sie ein Seminar, es gibt nichts Besseres, um den Teamgeist zu st\u00e4rken, mit einer Schatzsuche, einer M\u00f6rderparty in einem Herrenhaus, Golf, Wassersport oder gastronomischen Aktivit\u00e4ten und Essenstouren in der Stadt. Eine Zeit au\u00dferhalb der Arbeitssitzungen, um Arbeit und Entspannung zu trennen, um den Gruppenzusammenhalt zu st\u00e4rken und Ihr Team mit sportlichen Aktivit\u00e4ten zu belohnen.<\/p>\n<p>Wenn Sie die besten Teambuilding-Organisatoren und Projektmanager ausw\u00e4hlen, k\u00f6nnen Sie einen Caterer privatisieren, um einen kreativen Cocktail zu organisieren. Sie k\u00f6nnen die richtigen Aktivit\u00e4ten organisieren, originelle und einzigartige, die zeigen, wie viel Sie Ihren Mitarbeitern und Teammitgliedern bedeuten, und sogar f\u00fcr die gesamte Unterkunft und den Transport sorgen.<\/p>\n<p>An der C\u00f4te d&#8217;Azur finden Sie ein umfangreiches Angebot an Aktivit\u00e4ten, die speziell f\u00fcr Teambuilding entwickelt wurden. Von kleinen Teams bis hin zu Incentive-Herausforderungen oder Business-Seminaren, es ist ein ideales Gebiet, um ein echtes Team-Bonding zu schaffen und gemeinsame Ziele zu erreichen. Mit den richtigen Teambuilding-Aktivit\u00e4ten k\u00f6nnen Sie Probleml\u00f6sungen entwickeln und die richtige Aktion finden, die Teams motiviert. Teambuilding-\u00dcbungen sind anerkannt, um ein starkes Team zu schaffen. Die Verbesserung Ihres Teams ist die Erziehung von Teamleitern; das richtige Teambuilding wird Vertrauen aufbauen sowie die Kommunikation und die Teamleistung verbessern. Und dank der Teambuilding-Aktivit\u00e4ten k\u00f6nnen Sie Ihren Teams eine tolle Zeit schenken!<\/p>\n<p>Also, um ein Firmenevent zu organisieren, vertrauen Sie nur den besten Teambuilding-Organisatoren und Event-Unternehmen und entdecken Sie unsere Auswahl der besten Aktivit\u00e4ten in der N\u00e4he von Nizza, Cannes und Antibes.[\/vc_column_text][\/vc_column_inner][vc_column_inner width=&#8220;1\/2&#8243;][vc_column_text]<\/p>\n<h3>Einige Ideen f\u00fcr Teambuilding-Aktivit\u00e4ten<\/h3>\n<p>Teambuilding wird normalerweise auf Initiative der Personalabteilung, des Gesch\u00e4ftsf\u00fchrers, des Teamleiters oder sogar des Direktors vorgeschlagen. Es kann perfekt in ein Seminarwochenende passen und ist perfekt, um die Stimmung zu verbessern, Menschen zusammenzubringen und gute Erinnerungen zu schaffen.<\/p>\n<p>Das Konzept der Herausforderung ist grundlegend f\u00fcr das Teambuilding. Das Ziel ist, dass jeder sein Bestes gibt, aber in einem positiven und entspannten Geist.<\/p>\n<h3>Hier sind einige moderne Teambuilding-Ideen:<\/h3>\n<ul>\n<li>Schatzsuche: Das Team wird in eine kleine Gruppe aufgeteilt, die jeweils eine Karte hat, die zu einem Schatz f\u00fchrt. Mit versteckten Hinweisen und R\u00e4tseln, die es zu l\u00f6sen gilt. Wer den Schatz zuerst findet, gewinnt das Spiel!<\/li>\n<li>Erstellung eines Kurzfilms: Um ein improvisiertes Szenario herum m\u00fcssen die Teilnehmer die Kom\u00f6die spielen, um eine Rolle in einem Mini-Film zu interpretieren.<\/li>\n<li>Kanu-Kajak- oder Stand Up Paddle-Rennen auf dem Wasser, bei dem die Teilnehmer in einem Team arbeiten m\u00fcssen und dabei noch Spa\u00df haben.<\/li>\n<li>Paintball oder Laserspiel, bei dem zwei mit Laserpistolen ausgestattete Gruppen auf einem Schlachtfeld voller Verstecke aufeinandertreffen.<\/li>\n<li>Kulinarischer Workshop und Kochkurse, durch einen Chefkoch, erm\u00f6glicht es Ihnen, Aromen w\u00fcrdig der besten Tabellen zu entdecken.<\/li>\n<li>Essenstouren und Weinproben in neuen St\u00e4dten und Regionen sind gro\u00dfartig, um Spannung aufzubauen.<\/li>\n<li>Olympiaden sind eine sportliche Herausforderung par excellence; die Olympiade ist ein Klassiker unter den Teambuilding-Aktivit\u00e4ten.<\/li>\n<li>Es gibt so viele M\u00f6glichkeiten, ein exzellentes Team-Building in Nizza und an der Cote d&#8217;Azur zu gestalten, dass die Optionen und die Auswahl endlos sind.<\/li>\n<li>Wanderungen. Eine Stadt zu Fu\u00df entdecken<\/li>\n<\/ul>\n<p>Teambuilding tr\u00e4gt zur kollektiven guten Laune bei. Und je besser die Person ist, desto mehr Menschen in der gleichen Gruppe werden motiviert sein, ein gemeinsames Ziel zu erreichen. In Frankreich gibt es viele Unternehmen, die sich auf Teambuilding spezialisiert haben. Es ist eine gro\u00dfartige M\u00f6glichkeit, Ihre Teammitglieder anzul\u00f6ten!<\/p>\n<p><strong>Was Sie f\u00fcr ein erfolgreiches Teambuilding brauchen<\/strong><\/p>\n<p>In unserer turbulenten, wissensbasierten Wirtschaft, in der der Krieg der Talente tobt, ist es der Wettbewerbsvorteil der heutigen Zeit, sich auf leistungsstarke, eng zusammengeschwei\u00dfte Teams zu verlassen.<\/p>\n<p>Im Management geht es nicht darum, in zwei oder drei Stars zu investieren. Wir neigen immer dazu, den &#8222;Champion&#8220; dieses oder jenes Projekts und die Teamleiter zu sch\u00e4tzen, aber diejenigen, die &#8222;wirklich&#8220; t\u00e4glich die Kontinuit\u00e4t des Betriebs sicherstellen: ALLE Teammitglieder.<\/p>\n<p>Um also alle ihre Truppen zu motivieren, und mit den guten Tagen, die kommen, lassen die Manager Ideen zum Teambuilding f\u00fcr den Sommer aufkeimen. Denn eine wohlverdiente Team-Klausur vor den Ferien zu machen, ist durchaus eine attraktive Option. Teambuilding soll die Mitarbeiter &#8222;rausholen&#8220; und die Kreativit\u00e4t, den Zusammenhalt im Team f\u00f6rdern. Aber wie kann man sicherstellen, dass die Veranstaltung ein Erfolg wird?<\/p>\n<p>Wir geben Ihnen einige Fragen mit auf den Weg, die Sie sich vor der Organisation Ihres Teambuildings stellen sollten &#8211; ein Erlebnis, das den Teilnehmern gef\u00e4llt und dem Unternehmen die erwarteten Ergebnisse bringt.<\/p>\n<p><strong>Ist Ihr Teambuilding-Projekt gut gerahmt?<\/strong><\/p>\n<p>Ich empfehle immer, eine externe Firma mit der Organisation Ihrer Teambuilding-Events zu beauftragen. Erkundigen Sie sich bei einigen anerkannten lokalen Veranstaltern von Events und Touren f\u00fcr Ihre Teambuilding-Tage. Jedes Projekt muss mit einem Grund beginnen, der gut definiert sein muss:<\/p>\n<ul>\n<li>Warum wollen Sie ein Teambuilding organisieren?<\/li>\n<li>Ist dies die beste Option unter dem Gesichtspunkt der Ergebnisse\/Investitionen?<\/li>\n<li>Welches SMARTe Ziel verfolgen Sie?<\/li>\n<li>An welchen messbaren Erfolgsindikatoren werden Sie erkennen k\u00f6nnen, ob die Initiative ein Erfolg oder ein Misserfolg war?<\/li>\n<li>Stellen Sie sicher, dass Ihr Top-Management die Antworten auf diese Fragen kennt und Ihre Teambuilding-Initiative unterst\u00fctzt.<\/li>\n<\/ul>\n<p>Sichern Sie mit Ihrem Management ein Budget f\u00fcr die Initiative. Zwischen den logistischen Kosten, der Miete, dem Catering und den Ausgaben f\u00fcr die Gruppenaktivit\u00e4ten selbst m\u00fcssen Sie einen Finanzrahmen einplanen. Sie m\u00fcssen die Buchhaltung machen und in \u20ac die Ressourcen bestimmen, die Sie in Ihr Teambuilding stecken k\u00f6nnen\/wollen.<\/p>\n<p>Nat\u00fcrlich m\u00fcssen Sie auch \u00fcber die Art der Aktivit\u00e4ten nachdenken, die Sie w\u00e4hrend des Teambuildings durchf\u00fchren wollen:<\/p>\n<ul>\n<li>Brauchen Sie Sporteinrichtungen?<\/li>\n<li>Organisieren Sie Konferenzen?<\/li>\n<li>Einen bestimmten Ort buchen?<\/li>\n<li>Referenten oder bestimmte Lieferanten bereitstellen?<\/li>\n<li>\n<h3>Internalisieren oder outsourcen Sie die Organisation des Teambuildings?<\/h3>\n<\/li>\n<\/ul>\n<p>Es mag trivial erscheinen, aber die Tatsache bleibt, dass, wenn Sie Ihre Ideen verwirklichen wollen, es notwendig ist, dass jemand die Veranstaltung organisiert. Eine der Fragen, die wir uns stellen k\u00f6nnen, ist: sollen wir es intern machen oder an eine spezialisierte Teambuilding-Agentur untervergeben?<\/p>\n<p>Instinktiv wollen wir das intern an einen Mitarbeiter delegieren. Aber Veranstaltungsorganisation ist ein echter Job und kann zeitaufw\u00e4ndig werden. Es ist nicht ungew\u00f6hnlich, dass die Person, die f\u00fcr die Organisation des Teambuildings verantwortlich ist, insgesamt mehrere Wochen mit der Vorbereitung der Veranstaltung verbringt. Stattdessen h\u00e4tte er oder sie etwas anderes tun k\u00f6nnen: Kunden betreuen, bei der Entwicklung besserer Produkte helfen, Arbeitsabl\u00e4ufe f\u00fcr mehr Produktivit\u00e4t optimieren usw.<\/p>\n<p>&nbsp;<\/p>\n<p>&nbsp;<\/p>\n<p>Deshalb muss sich die Frage des Outsourcings stellen!<\/p>\n<p>Sie w\u00e4ren \u00fcberrascht, wenn Sie all die Vorteile aufz\u00e4hlen w\u00fcrden, die es mit sich bringt, die Arbeit von einem Partner auszulagern, manchmal viel billiger, als sie intern zu erledigen.[\/vc_column_text][\/vc_column_inner][\/vc_row_inner][\/vc_column][\/vc_row]<\/p>\n<\/div>","protected":false},"excerpt":{"rendered":"<p>[vc_row el_class=&#8220;city-tours-custom&#8220; css=&#8220;.vc_custom_1624698402185{margin-top: 40px !important;margin-bottom: 20px !important;}&#8220;][vc_column][vc_column_text] Alle unsere Teambuildings [\/vc_column_text][vc_separator][\/vc_column][\/vc_row][vc_row][vc_column][vc_row_inner][vc_column_inner][vc_column_text] Ueber unsere Teambuildings [\/vc_column_text][\/vc_column_inner][\/vc_row_inner][vc_row_inner][vc_column_inner width=&#8220;1\/2&#8243;][vc_column_text] DIE BEDEUTUNG VON TEAMBUILDING F\u00dcR IHR UNTERNEHMEN Sie haben davon geh\u00f6rt, vielleicht von Kollegen, im Fernsehen oder in Zeitschriften, das &#8222;Teambuilding&#8220; ist in der Arbeitswelt seit einigen Jahren in Mode. Aber was ist Teambuilding? Was ist der Sinn? F\u00fcr [&hellip;]<\/p>\n","protected":false},"author":2,"featured_media":63069,"parent":0,"menu_order":0,"comment_status":"closed","ping_status":"closed","template":"template-home-modern.php","meta":{"_acf_changed":false,"footnotes":""},"class_list":["post-70812","page","type-page","status-publish","has-post-thumbnail","hentry"],"acf":[],"yoast_head":"<!-- This site is optimized with the Yoast SEO plugin v27.3 - https:\/\/yoast.com\/product\/yoast-seo-wordpress\/ -->\n<title>Teambuilding - Firmenveranstaltungen Frankreich und C\u00f4te d&#039;Azur<\/title>\n<meta name=\"description\" content=\"Teambildung wird in der Regel auf Initiative der Personalabteilung, des Gesch\u00e4ftsf\u00fchrers, des Teamleiters oder sogar des Direktors vorgeschlagen\" \/>\n<meta name=\"robots\" content=\"index, follow, max-snippet:-1, max-image-preview:large, max-video-preview:-1\" \/>\n<link rel=\"canonical\" href=\"https:\/\/rivierabarcrawltours.com\/de\/teambildung\/\" \/>\n<meta property=\"og:locale\" content=\"de_DE\" \/>\n<meta property=\"og:type\" content=\"article\" \/>\n<meta property=\"og:title\" content=\"Teambuilding - Firmenveranstaltungen Frankreich und C\u00f4te d&#039;Azur\" \/>\n<meta property=\"og:description\" content=\"Teambildung wird in der Regel auf Initiative der Personalabteilung, des Gesch\u00e4ftsf\u00fchrers, des Teamleiters oder sogar des Direktors vorgeschlagen\" \/>\n<meta property=\"og:url\" content=\"https:\/\/rivierabarcrawltours.com\/de\/teambildung\/\" \/>\n<meta property=\"og:site_name\" content=\"Riviera Bar Crawl Tours\" \/>\n<meta property=\"article:publisher\" content=\"https:\/\/www.facebook.com\/RivieraBarCrawltours\/\" \/>\n<meta property=\"article:modified_time\" content=\"2026-02-17T08:17:12+00:00\" \/>\n<meta property=\"og:image\" content=\"https:\/\/rivierabarcrawltours.com\/wp-content\/uploads\/2021\/01\/teambuilding-nice.jpg\" \/>\n\t<meta property=\"og:image:width\" content=\"1600\" \/>\n\t<meta property=\"og:image:height\" content=\"1200\" \/>\n\t<meta property=\"og:image:type\" content=\"image\/jpeg\" \/>\n<meta name=\"twitter:card\" content=\"summary_large_image\" \/>\n<meta name=\"twitter:site\" content=\"@rivierabarcrawl\" \/>\n<meta name=\"twitter:label1\" content=\"Gesch\u00e4tzte Lesezeit\" \/>\n\t<meta name=\"twitter:data1\" content=\"9\u00a0Minuten\" \/>\n<!-- \/ Yoast SEO plugin. -->","yoast_head_json":{"title":"Teambuilding - Firmenveranstaltungen Frankreich und C\u00f4te d'Azur","description":"Teambildung wird in der Regel auf Initiative der Personalabteilung, des Gesch\u00e4ftsf\u00fchrers, des Teamleiters oder sogar des Direktors vorgeschlagen","robots":{"index":"index","follow":"follow","max-snippet":"max-snippet:-1","max-image-preview":"max-image-preview:large","max-video-preview":"max-video-preview:-1"},"canonical":"https:\/\/rivierabarcrawltours.com\/de\/teambildung\/","og_locale":"de_DE","og_type":"article","og_title":"Teambuilding - Firmenveranstaltungen Frankreich und C\u00f4te d'Azur","og_description":"Teambildung wird in der Regel auf Initiative der Personalabteilung, des Gesch\u00e4ftsf\u00fchrers, des Teamleiters oder sogar des Direktors vorgeschlagen","og_url":"https:\/\/rivierabarcrawltours.com\/de\/teambildung\/","og_site_name":"Riviera Bar Crawl Tours","article_publisher":"https:\/\/www.facebook.com\/RivieraBarCrawltours\/","article_modified_time":"2026-02-17T08:17:12+00:00","og_image":[{"width":1600,"height":1200,"url":"https:\/\/rivierabarcrawltours.com\/wp-content\/uploads\/2021\/01\/teambuilding-nice.jpg","type":"image\/jpeg"}],"twitter_card":"summary_large_image","twitter_site":"@rivierabarcrawl","twitter_misc":{"Gesch\u00e4tzte Lesezeit":"9\u00a0Minuten"},"schema":{"@context":"https:\/\/schema.org","@graph":[{"@type":"WebPage","@id":"https:\/\/rivierabarcrawltours.com\/de\/teambildung\/","url":"https:\/\/rivierabarcrawltours.com\/de\/teambildung\/","name":"Teambuilding - Firmenveranstaltungen Frankreich und C\u00f4te d'Azur","isPartOf":{"@id":"https:\/\/rivierabarcrawltours.com\/#website"},"primaryImageOfPage":{"@id":"https:\/\/rivierabarcrawltours.com\/de\/teambildung\/#primaryimage"},"image":{"@id":"https:\/\/rivierabarcrawltours.com\/de\/teambildung\/#primaryimage"},"thumbnailUrl":"https:\/\/rivierabarcrawltours.com\/wp-content\/uploads\/2021\/01\/teambuilding-nice.jpg","datePublished":"2021-03-01T09:28:39+00:00","dateModified":"2026-02-17T08:17:12+00:00","description":"Teambildung wird in der Regel auf Initiative der Personalabteilung, des Gesch\u00e4ftsf\u00fchrers, des Teamleiters oder sogar des Direktors vorgeschlagen","breadcrumb":{"@id":"https:\/\/rivierabarcrawltours.com\/de\/teambildung\/#breadcrumb"},"inLanguage":"de","potentialAction":[{"@type":"ReadAction","target":["https:\/\/rivierabarcrawltours.com\/de\/teambildung\/"]}]},{"@type":"ImageObject","inLanguage":"de","@id":"https:\/\/rivierabarcrawltours.com\/de\/teambildung\/#primaryimage","url":"https:\/\/rivierabarcrawltours.com\/wp-content\/uploads\/2021\/01\/teambuilding-nice.jpg","contentUrl":"https:\/\/rivierabarcrawltours.com\/wp-content\/uploads\/2021\/01\/teambuilding-nice.jpg","width":1600,"height":1200,"caption":"team building nizza"},{"@type":"BreadcrumbList","@id":"https:\/\/rivierabarcrawltours.com\/de\/teambildung\/#breadcrumb","itemListElement":[{"@type":"ListItem","position":1,"name":"Home","item":"https:\/\/rivierabarcrawltours.com\/de\/"},{"@type":"ListItem","position":2,"name":"Koncept","item":"https:\/\/rivierabarcrawltours.com\/de\/experiences\/"},{"@type":"ListItem","position":3,"name":"Teambildung"}]},{"@type":"WebSite","@id":"https:\/\/rivierabarcrawltours.com\/#website","url":"https:\/\/rivierabarcrawltours.com\/","name":"Riviera Bar Crawl Tours","description":"Fun Day &amp; Night Experiences I Tour operator I Guided Tours I Bar Crawls I Food Tours I","publisher":{"@id":"https:\/\/rivierabarcrawltours.com\/#organization"},"potentialAction":[{"@type":"SearchAction","target":{"@type":"EntryPoint","urlTemplate":"https:\/\/rivierabarcrawltours.com\/?s={search_term_string}"},"query-input":{"@type":"PropertyValueSpecification","valueRequired":true,"valueName":"search_term_string"}}],"inLanguage":"de"},{"@type":"Organization","@id":"https:\/\/rivierabarcrawltours.com\/#organization","name":"Riviera Bar Crawl Tours","url":"https:\/\/rivierabarcrawltours.com\/","logo":{"@type":"ImageObject","inLanguage":"de","@id":"https:\/\/rivierabarcrawltours.com\/#\/schema\/logo\/image\/","url":"https:\/\/rivierabarcrawltours.com\/wp-content\/uploads\/2019\/07\/logo.png","contentUrl":"https:\/\/rivierabarcrawltours.com\/wp-content\/uploads\/2019\/07\/logo.png","width":479,"height":453,"caption":"Riviera Bar Crawl Tours"},"image":{"@id":"https:\/\/rivierabarcrawltours.com\/#\/schema\/logo\/image\/"},"sameAs":["https:\/\/www.facebook.com\/RivieraBarCrawltours\/","https:\/\/x.com\/rivierabarcrawl"]}]}},"_links":{"self":[{"href":"https:\/\/rivierabarcrawltours.com\/de\/wp-json\/wp\/v2\/pages\/70812","targetHints":{"allow":["GET"]}}],"collection":[{"href":"https:\/\/rivierabarcrawltours.com\/de\/wp-json\/wp\/v2\/pages"}],"about":[{"href":"https:\/\/rivierabarcrawltours.com\/de\/wp-json\/wp\/v2\/types\/page"}],"author":[{"embeddable":true,"href":"https:\/\/rivierabarcrawltours.com\/de\/wp-json\/wp\/v2\/users\/2"}],"replies":[{"embeddable":true,"href":"https:\/\/rivierabarcrawltours.com\/de\/wp-json\/wp\/v2\/comments?post=70812"}],"version-history":[{"count":3,"href":"https:\/\/rivierabarcrawltours.com\/de\/wp-json\/wp\/v2\/pages\/70812\/revisions"}],"predecessor-version":[{"id":77649,"href":"https:\/\/rivierabarcrawltours.com\/de\/wp-json\/wp\/v2\/pages\/70812\/revisions\/77649"}],"wp:featuredmedia":[{"embeddable":true,"href":"https:\/\/rivierabarcrawltours.com\/de\/wp-json\/wp\/v2\/media\/63069"}],"wp:attachment":[{"href":"https:\/\/rivierabarcrawltours.com\/de\/wp-json\/wp\/v2\/media?parent=70812"}],"curies":[{"name":"wp","href":"https:\/\/api.w.org\/{rel}","templated":true}]}}