{"id":70667,"date":"2021-02-26T14:39:38","date_gmt":"2021-02-26T13:39:38","guid":{"rendered":"https:\/\/rivierabarcrawltours.com\/koncept\/landausfluege\/"},"modified":"2022-04-09T08:06:01","modified_gmt":"2022-04-09T06:06:01","slug":"landausfluege","status":"publish","type":"page","link":"https:\/\/rivierabarcrawltours.com\/de\/landausfluege\/","title":{"rendered":"Landausfl\u00fcge"},"content":{"rendered":"<div class=\"wpb-content-wrapper\"><p>[vc_row el_class=&#8220;city-tours-custom&#8220; css=&#8220;.vc_custom_1624698335030{margin-top: 40px !important;margin-bottom: 20px !important;}&#8220;][vc_column][vc_column_text]<\/p>\n<h2>Alle unsere Landausfl\u00fcge<\/h2>\n<p>[\/vc_column_text]<div class='list_tours'>   <div class=\"concept-listings owl-carousel owl-theme\">\n   <\/div>\n\n    \n<script type=\"text\/javascript\">\n$(document).ready(function() {\n       $(\".concept-listings\").owlCarousel({\n        margin:20,\n                dots:true,\n        responsiveClass:true,\n        responsive:{\n            0:{\n                items:1,\n                nav:false\n            },\n            600:{\n                items:3,\n                nav:false\n            },\n            1000:{\n                items:4,\n                nav:true\n            }\n        }\n       });\n}); \n\n<\/script>\n\n<style type=\"text\/css\">\n.concept-listings .owl-stage {\n    display: -webkit-box !important;\n    display: -moz-box !important;\n    display: -ms-box !important;\n    display: box !important;\n}\n.concept-listings .owl-dots {\n    margin-top: 10px;\n    text-align: center;\n}\n.concept-listings .owl-dots .owl-dot {\n    display: inline-block;\n    background: 0 0;\n    color: inherit;\n    border: none;\n    padding: 0 !important;\n}\n.concept-listings .owl-dots .owl-dot.active span {\n    background: var(--link-color, #5191FA);\n}\n.concept-listings .owl-dots .owl-dot span {\n    width: 10px;\n    height: 10px;\n    margin: 5px 7px;\n    background: var(--light-grey-color, #EAEEF3);\n    display: block;\n    transition: opacity 0.2s ease;\n    border-radius: 30px;\n}\n.city-tours-custom .feature_class{\n  left: 0 !important;\n}\n.concept-listings .owl-nav {\n    position: absolute;\n    height: 100%;\n    top: 0;\n    width: 100%;\n    z-index: -1;\n}\n.concept-listings .owl-nav button {\n    position: absolute;\n    top: 50%;\n    margin-top: -18px;\n}\n.concept-listings .owl-nav button.owl-next {\n    right: -66px;\n}\n.concept-listings .owl-nav button.owl-prev {\n    left: -66px;\n}\n.concept-listings .owl-nav button.owl-next span {\n    width: 36px;\n    height: 36px;\n    display: block;\n    background: url(https:\/\/rivierabarcrawltours.com\/wp-content\/uploads\/2021\/06\/arrow-right.png) center center no-repeat;\n    background-size: 100% auto;\n    color: transparent;\n}\n.concept-listings .owl-nav button.owl-prev span {\n    width: 36px;\n    height: 36px;\n    display: block;\n    background: url(https:\/\/rivierabarcrawltours.com\/wp-content\/uploads\/2021\/02\/arrow-left.png) center center no-repeat;\n    background-size: 100% auto;\n    color: transparent;\n}\n\n.city-tours-custom .thumb{\n    border: none !important;\n}\n<\/style><\/div>[vc_separator][\/vc_column][\/vc_row][vc_row][vc_column][vc_row_inner][vc_column_inner][vc_column_text]<\/p>\n<h2>\u00dcber unsere Landausfl\u00fcge<\/h2>\n<p>[\/vc_column_text][\/vc_column_inner][\/vc_row_inner][vc_row_inner][vc_column_inner][vc_column_text]Die franz\u00f6sische Riviera ist das Traumziel eines jeden Touristen. Und ist das wirklich eine \u00dcberraschung? Immerhin ist die Region voll von wunderbaren Attraktionen! Egal, ob Sie sich am Strand sonnen, das Beste aus der lokalen K\u00fcche probieren, die versteckten Sch\u00e4tze der Riviera erkunden oder ein feines Weinerlebnis genie\u00dfen wollen, hier an der C\u00f4te d&#8217;Azur werden Sie es sicher finden.<\/p>\n<p>Da wir seit vielen Jahren in der Tourismusbranche arbeiten, wissen wir, was ein unvergessliches Erlebnis ausmacht. Und wir versuchen, dies auf alle unsere Touren und Aktivit\u00e4ten anzuwenden. Bei jedem unserer Landausfl\u00fcge befinden Sie sich in den H\u00e4nden eines vertrauensw\u00fcrdigen lokalen Experten mit jahrelanger Erfahrung und umfangreichem Wissen \u00fcber die Region. Sie kennen die C\u00f4te d&#8217;Azur wie ihre Westentasche, so dass Sie sicher sein k\u00f6nnen, die besten Tipps und Tricks zu erfahren, um das Beste aus Ihrem Aufenthalt zu machen. Unsere Reiseleiter sind auch hier, weil sie es lieben, mit Menschen zu arbeiten und unsere einzigartige Kultur mit ihnen zu teilen. Scheuen Sie sich also nicht, sich auszutauschen und Fragen zu stellen, unsere Guides sind nur allzu gerne bereit, Ihnen zu helfen!<\/p>\n<p>Ja, wir bieten unseren fairen Anteil an allgemeinen Touren und Aktivit\u00e4ten an. Allerdings verpassen Sie dabei die Vorteile einer personalisierten privaten Tour. Wenn Sie bereits mit einer Gruppe unterwegs sind, macht es nur Sinn, die Erfahrung zu genie\u00dfen und Erinnerungen unter sich zu schaffen. Etwas, das schwer zu erreichen ist, wenn Sie in einer Gruppe von 50 anderen r\u00fcpelhaften Touristen festsitzen. Dar\u00fcber hinaus k\u00f6nnen Sie bei unseren privaten Touren und Aktivit\u00e4ten Ihren Tag individuell gestalten. M\u00f6chten Sie irgendwo einen Zwischenstopp zum Mittagessen einlegen oder einen Transport organisieren, der Sie von Ihrem Hotel abholt? Dann lassen Sie es uns einfach im Voraus wissen und wir werden den idealen Tagesausflug f\u00fcr Sie und Ihre Gruppe in nur 72 Stunden organisieren. Ganz zu schweigen von der pers\u00f6nlichen Betreuung, die Sie von unseren sachkundigen F\u00fchrern erhalten. Entfliehen Sie den Kr\u00e4hen und lernen Sie die Stadt n\u00e4her kennen.<\/p>\n<p>Es war noch nie so einfach, Ihren unvergesslichen Urlaub zu organisieren wie mit unseren Landausflugspaketen. Also buchen Sie und z\u00f6gern Sie nicht, uns bei W\u00fcnschen oder Fragen zu kontaktieren. Schlie\u00dflich ist Ihre Zufriedenheit unsere oberste Priorit\u00e4t![\/vc_column_text][vc_column_text][\/vc_column_text][\/vc_column_inner][\/vc_row_inner][\/vc_column][\/vc_row]<\/p>\n<\/div>","protected":false},"excerpt":{"rendered":"<p>[vc_row el_class=&#8220;city-tours-custom&#8220; css=&#8220;.vc_custom_1624698335030{margin-top: 40px !important;margin-bottom: 20px !important;}&#8220;][vc_column][vc_column_text] Alle unsere Landausfl\u00fcge [\/vc_column_text][vc_separator][\/vc_column][\/vc_row][vc_row][vc_column][vc_row_inner][vc_column_inner][vc_column_text] \u00dcber unsere Landausfl\u00fcge [\/vc_column_text][\/vc_column_inner][\/vc_row_inner][vc_row_inner][vc_column_inner][vc_column_text]Die franz\u00f6sische Riviera ist das Traumziel eines jeden Touristen. Und ist das wirklich eine \u00dcberraschung? Immerhin ist die Region voll von wunderbaren Attraktionen! Egal, ob Sie sich am Strand sonnen, das Beste aus der lokalen K\u00fcche probieren, die versteckten Sch\u00e4tze der [&hellip;]<\/p>\n","protected":false},"author":2,"featured_media":63624,"parent":0,"menu_order":0,"comment_status":"closed","ping_status":"closed","template":"template-home-modern.php","meta":{"_acf_changed":false,"footnotes":""},"class_list":["post-70667","page","type-page","status-publish","has-post-thumbnail","hentry"],"acf":[],"yoast_head":"<!-- This site is optimized with the Yoast SEO plugin v27.3 - https:\/\/yoast.com\/product\/yoast-seo-wordpress\/ -->\n<title>Archives des  | Riviera Bar Crawl Tours<\/title>\n<meta name=\"description\" content=\"Die C\u00f4te d&#039;Azur wird mit tollem Wetter, sch\u00f6nen Str\u00e4nden und erstaunlichen Landschaften in Verbindung gebracht. Unabh\u00e4ngig davon, ob Sie hier Urlaub machen oder nur auf der Durchreise sind.\" \/>\n<meta name=\"robots\" content=\"index, follow, max-snippet:-1, max-image-preview:large, max-video-preview:-1\" \/>\n<link rel=\"canonical\" href=\"https:\/\/rivierabarcrawltours.com\/de\/landausfluege\/\" \/>\n<meta property=\"og:locale\" content=\"de_DE\" \/>\n<meta property=\"og:type\" content=\"article\" \/>\n<meta property=\"og:title\" content=\"Archives des  | Riviera Bar Crawl Tours\" \/>\n<meta property=\"og:description\" content=\"Die C\u00f4te d&#039;Azur wird mit tollem Wetter, sch\u00f6nen Str\u00e4nden und erstaunlichen Landschaften in Verbindung gebracht. Unabh\u00e4ngig davon, ob Sie hier Urlaub machen oder nur auf der Durchreise sind.\" \/>\n<meta property=\"og:url\" content=\"https:\/\/rivierabarcrawltours.com\/de\/landausfluege\/\" \/>\n<meta property=\"og:site_name\" content=\"Riviera Bar Crawl Tours\" \/>\n<meta property=\"article:publisher\" content=\"https:\/\/www.facebook.com\/RivieraBarCrawltours\/\" \/>\n<meta property=\"article:modified_time\" content=\"2022-04-09T06:06:01+00:00\" \/>\n<meta property=\"og:image\" content=\"https:\/\/rivierabarcrawltours.com\/wp-content\/uploads\/2021\/02\/shore-excursions-pic6.jpg\" \/>\n\t<meta property=\"og:image:width\" content=\"1920\" \/>\n\t<meta property=\"og:image:height\" content=\"1825\" \/>\n\t<meta property=\"og:image:type\" content=\"image\/jpeg\" \/>\n<meta name=\"twitter:card\" content=\"summary_large_image\" \/>\n<meta name=\"twitter:site\" content=\"@rivierabarcrawl\" \/>\n<meta name=\"twitter:label1\" content=\"Gesch\u00e4tzte Lesezeit\" \/>\n\t<meta name=\"twitter:data1\" content=\"2\u00a0Minuten\" \/>\n<!-- \/ Yoast SEO plugin. -->","yoast_head_json":{"title":"Archives des  | Riviera Bar Crawl Tours","description":"Die C\u00f4te d'Azur wird mit tollem Wetter, sch\u00f6nen Str\u00e4nden und erstaunlichen Landschaften in Verbindung gebracht. Unabh\u00e4ngig davon, ob Sie hier Urlaub machen oder nur auf der Durchreise sind.","robots":{"index":"index","follow":"follow","max-snippet":"max-snippet:-1","max-image-preview":"max-image-preview:large","max-video-preview":"max-video-preview:-1"},"canonical":"https:\/\/rivierabarcrawltours.com\/de\/landausfluege\/","og_locale":"de_DE","og_type":"article","og_title":"Archives des  | Riviera Bar Crawl Tours","og_description":"Die C\u00f4te d'Azur wird mit tollem Wetter, sch\u00f6nen Str\u00e4nden und erstaunlichen Landschaften in Verbindung gebracht. Unabh\u00e4ngig davon, ob Sie hier Urlaub machen oder nur auf der Durchreise sind.","og_url":"https:\/\/rivierabarcrawltours.com\/de\/landausfluege\/","og_site_name":"Riviera Bar Crawl Tours","article_publisher":"https:\/\/www.facebook.com\/RivieraBarCrawltours\/","article_modified_time":"2022-04-09T06:06:01+00:00","og_image":[{"width":1920,"height":1825,"url":"https:\/\/rivierabarcrawltours.com\/wp-content\/uploads\/2021\/02\/shore-excursions-pic6.jpg","type":"image\/jpeg"}],"twitter_card":"summary_large_image","twitter_site":"@rivierabarcrawl","twitter_misc":{"Gesch\u00e4tzte Lesezeit":"2\u00a0Minuten"},"schema":{"@context":"https:\/\/schema.org","@graph":[{"@type":"WebPage","@id":"https:\/\/rivierabarcrawltours.com\/de\/landausfluege\/","url":"https:\/\/rivierabarcrawltours.com\/de\/landausfluege\/","name":"Archives des | Riviera Bar Crawl Tours","isPartOf":{"@id":"https:\/\/rivierabarcrawltours.com\/#website"},"primaryImageOfPage":{"@id":"https:\/\/rivierabarcrawltours.com\/de\/landausfluege\/#primaryimage"},"image":{"@id":"https:\/\/rivierabarcrawltours.com\/de\/landausfluege\/#primaryimage"},"thumbnailUrl":"https:\/\/rivierabarcrawltours.com\/wp-content\/uploads\/2021\/02\/shore-excursions-pic6.jpg","datePublished":"2021-02-26T13:39:38+00:00","dateModified":"2022-04-09T06:06:01+00:00","description":"Die C\u00f4te d'Azur wird mit tollem Wetter, sch\u00f6nen Str\u00e4nden und erstaunlichen Landschaften in Verbindung gebracht. Unabh\u00e4ngig davon, ob Sie hier Urlaub machen oder nur auf der Durchreise sind.","breadcrumb":{"@id":"https:\/\/rivierabarcrawltours.com\/de\/landausfluege\/#breadcrumb"},"inLanguage":"de","potentialAction":[{"@type":"ReadAction","target":["https:\/\/rivierabarcrawltours.com\/de\/landausfluege\/"]}]},{"@type":"ImageObject","inLanguage":"de","@id":"https:\/\/rivierabarcrawltours.com\/de\/landausfluege\/#primaryimage","url":"https:\/\/rivierabarcrawltours.com\/wp-content\/uploads\/2021\/02\/shore-excursions-pic6.jpg","contentUrl":"https:\/\/rivierabarcrawltours.com\/wp-content\/uploads\/2021\/02\/shore-excursions-pic6.jpg","width":1920,"height":1825,"caption":"Landausfl\u00fcge"},{"@type":"BreadcrumbList","@id":"https:\/\/rivierabarcrawltours.com\/de\/landausfluege\/#breadcrumb","itemListElement":[{"@type":"ListItem","position":1,"name":"Home","item":"https:\/\/rivierabarcrawltours.com\/de\/"},{"@type":"ListItem","position":2,"name":"Koncept","item":"https:\/\/rivierabarcrawltours.com\/de\/experiences\/"},{"@type":"ListItem","position":3,"name":"Landausfl\u00fcge"}]},{"@type":"WebSite","@id":"https:\/\/rivierabarcrawltours.com\/#website","url":"https:\/\/rivierabarcrawltours.com\/","name":"Riviera Bar Crawl Tours","description":"Fun Day &amp; Night Experiences I Tour operator I Guided Tours I Bar Crawls I Food Tours I","publisher":{"@id":"https:\/\/rivierabarcrawltours.com\/#organization"},"potentialAction":[{"@type":"SearchAction","target":{"@type":"EntryPoint","urlTemplate":"https:\/\/rivierabarcrawltours.com\/?s={search_term_string}"},"query-input":{"@type":"PropertyValueSpecification","valueRequired":true,"valueName":"search_term_string"}}],"inLanguage":"de"},{"@type":"Organization","@id":"https:\/\/rivierabarcrawltours.com\/#organization","name":"Riviera Bar Crawl Tours","url":"https:\/\/rivierabarcrawltours.com\/","logo":{"@type":"ImageObject","inLanguage":"de","@id":"https:\/\/rivierabarcrawltours.com\/#\/schema\/logo\/image\/","url":"https:\/\/rivierabarcrawltours.com\/wp-content\/uploads\/2019\/07\/logo.png","contentUrl":"https:\/\/rivierabarcrawltours.com\/wp-content\/uploads\/2019\/07\/logo.png","width":479,"height":453,"caption":"Riviera Bar Crawl Tours"},"image":{"@id":"https:\/\/rivierabarcrawltours.com\/#\/schema\/logo\/image\/"},"sameAs":["https:\/\/www.facebook.com\/RivieraBarCrawltours\/","https:\/\/x.com\/rivierabarcrawl"]}]}},"_links":{"self":[{"href":"https:\/\/rivierabarcrawltours.com\/de\/wp-json\/wp\/v2\/pages\/70667","targetHints":{"allow":["GET"]}}],"collection":[{"href":"https:\/\/rivierabarcrawltours.com\/de\/wp-json\/wp\/v2\/pages"}],"about":[{"href":"https:\/\/rivierabarcrawltours.com\/de\/wp-json\/wp\/v2\/types\/page"}],"author":[{"embeddable":true,"href":"https:\/\/rivierabarcrawltours.com\/de\/wp-json\/wp\/v2\/users\/2"}],"replies":[{"embeddable":true,"href":"https:\/\/rivierabarcrawltours.com\/de\/wp-json\/wp\/v2\/comments?post=70667"}],"version-history":[{"count":4,"href":"https:\/\/rivierabarcrawltours.com\/de\/wp-json\/wp\/v2\/pages\/70667\/revisions"}],"predecessor-version":[{"id":94523,"href":"https:\/\/rivierabarcrawltours.com\/de\/wp-json\/wp\/v2\/pages\/70667\/revisions\/94523"}],"wp:featuredmedia":[{"embeddable":true,"href":"https:\/\/rivierabarcrawltours.com\/de\/wp-json\/wp\/v2\/media\/63624"}],"wp:attachment":[{"href":"https:\/\/rivierabarcrawltours.com\/de\/wp-json\/wp\/v2\/media?parent=70667"}],"curies":[{"name":"wp","href":"https:\/\/api.w.org\/{rel}","templated":true}]}}