{"id":70632,"date":"2021-02-26T13:31:06","date_gmt":"2021-02-26T12:31:06","guid":{"rendered":"https:\/\/rivierabarcrawltours.com\/koncept\/private-touren\/"},"modified":"2021-06-26T11:06:12","modified_gmt":"2021-06-26T09:06:12","slug":"private-touren","status":"publish","type":"page","link":"https:\/\/rivierabarcrawltours.com\/de\/private-touren\/","title":{"rendered":"Private Touren"},"content":{"rendered":"<div class=\"wpb-content-wrapper\"><p>[vc_row el_class=&#8220;city-tours-custom&#8220; css=&#8220;.vc_custom_1624698350129{margin-top: 40px !important;margin-bottom: 20px !important;}&#8220;][vc_column][vc_column_text]<\/p>\n<h2>Alle unsere Privaten Touren<\/h2>\n<p>[\/vc_column_text]<div class='list_tours'>   <div class=\"concept-listings owl-carousel owl-theme\">\n          <div class=\"style_box\">\n                      <div class=\"thumb\">\n               <header class=\"thumb-header st_avatar_fix\">\n                                      <a href=\"https:\/\/rivierabarcrawltours.com\/de\/tour\/private-tour-le-marais-paris\/\" class=\"hover-img\">\n                       <img decoding=\"async\" width=\"260\" height=\"190\" src=\"https:\/\/rivierabarcrawltours.com\/wp-content\/uploads\/2021\/10\/Private-Tour-le-Marais-Paris-2-260x190.jpg\" class=\"attachment-260x190x1 size-260x190x1 wp-post-image\" alt=\"Private Tour le Marais Paris\" \/>                       <h5 class=\"hover-title hover-hold text-center\">\n                           Private Tour le Marais Paris                       <\/h5>\n                   <\/a>\n                                  <\/header>\n           <\/div>\n       <\/div>\n          <div class=\"style_box\">\n                      <div class=\"thumb\">\n               <header class=\"thumb-header st_avatar_fix\">\n                                      <a href=\"https:\/\/rivierabarcrawltours.com\/de\/tour\/privatfuehrung-les-champs-elysees-paris\/\" class=\"hover-img\">\n                       <img decoding=\"async\" width=\"260\" height=\"190\" src=\"https:\/\/rivierabarcrawltours.com\/wp-content\/uploads\/2021\/10\/Private-tour-les-Champs-Elysees-Paris-2-260x190.jpg\" class=\"attachment-260x190x1 size-260x190x1 wp-post-image\" alt=\"Privatf\u00fchrung les Champs-\u00c9lys\u00e9es Paris\" \/>                       <h5 class=\"hover-title hover-hold text-center\">\n                           Privatf\u00fchrung les Champs-\u00c9lys\u00e9es Paris                       <\/h5>\n                   <\/a>\n                                  <\/header>\n           <\/div>\n       <\/div>\n          <div class=\"style_box\">\n                      <div class=\"thumb\">\n               <header class=\"thumb-header st_avatar_fix\">\n                                      <a href=\"https:\/\/rivierabarcrawltours.com\/de\/tour\/private-tour-lateinisches-viertel-paris\/\" class=\"hover-img\">\n                       <img decoding=\"async\" width=\"260\" height=\"190\" src=\"https:\/\/rivierabarcrawltours.com\/wp-content\/uploads\/2021\/10\/Private-Tour-Latin-Quarter-Paris-2-260x190.jpeg\" class=\"attachment-260x190x1 size-260x190x1 wp-post-image\" alt=\"Private Tour Lateinisches Viertel Paris\" \/>                       <h5 class=\"hover-title hover-hold text-center\">\n                           Private Tour Lateinisches Viertel Paris                       <\/h5>\n                   <\/a>\n                                  <\/header>\n           <\/div>\n       <\/div>\n          <div class=\"style_box\">\n                      <div class=\"thumb\">\n               <header class=\"thumb-header st_avatar_fix\">\n                                      <a href=\"https:\/\/rivierabarcrawltours.com\/de\/tour\/monaco-f1-grand-prix-circuit-tour\/\" class=\"hover-img\">\n                       <img decoding=\"async\" width=\"260\" height=\"190\" src=\"https:\/\/rivierabarcrawltours.com\/wp-content\/uploads\/2024\/02\/monaco-grand-Prix-Gp-private-tour24-1-260x190.jpeg\" class=\"attachment-260x190x1 size-260x190x1 wp-post-image\" alt=\"monaco grand Prix Gp private tour\" \/>                       <h5 class=\"hover-title hover-hold text-center\">\n                           Monaco F1 Grand Prix Rennstrecke Private gef\u00fchrte Tour                       <\/h5>\n                   <\/a>\n                                  <\/header>\n           <\/div>\n       <\/div>\n          <div class=\"style_box\">\n                      <div class=\"thumb\">\n               <header class=\"thumb-header st_avatar_fix\">\n                                      <a href=\"https:\/\/rivierabarcrawltours.com\/de\/tour\/entdecke-versteckte-bars-und-speakeasies-in-nizza\/\" class=\"hover-img\">\n                       <img decoding=\"async\" width=\"260\" height=\"190\" src=\"https:\/\/rivierabarcrawltours.com\/wp-content\/uploads\/2024\/02\/Speak-easy-nice-france-260x190.jpg\" class=\"attachment-260x190x1 size-260x190x1 wp-post-image\" alt=\"Speak easy nice france\" \/>                       <h5 class=\"hover-title hover-hold text-center\">\n                           Entdecke versteckte Bars und Speakeasies in Nizza                       <\/h5>\n                   <\/a>\n                                  <\/header>\n           <\/div>\n       <\/div>\n          <div class=\"style_box\">\n                      <div class=\"thumb\">\n               <header class=\"thumb-header st_avatar_fix\">\n                                      <a href=\"https:\/\/rivierabarcrawltours.com\/de\/tour\/bier-bar-crawl-nizza\/\" class=\"hover-img\">\n                       <img decoding=\"async\" width=\"260\" height=\"190\" src=\"https:\/\/rivierabarcrawltours.com\/wp-content\/uploads\/2021\/01\/Beer-Bike-2-260x190.jpg\" class=\"attachment-260x190x1 size-260x190x1 wp-post-image\" alt=\"Beer Bike\" \/>                       <h5 class=\"hover-title hover-hold text-center\">\n                           Bier Bar Crawl in Nizza                       <\/h5>\n                   <\/a>\n                                  <\/header>\n           <\/div>\n       <\/div>\n          <div class=\"style_box\">\n                      <div class=\"thumb\">\n               <header class=\"thumb-header st_avatar_fix\">\n                                      <a href=\"https:\/\/rivierabarcrawltours.com\/de\/tour\/riviera-boat-party-in-der-naehe-von-cannes-frankreich\/\" class=\"hover-img\">\n                       <img decoding=\"async\" width=\"260\" height=\"190\" src=\"https:\/\/rivierabarcrawltours.com\/wp-content\/uploads\/2023\/05\/Riviera-Boat-Party-cannes-260x190.jpeg\" class=\"attachment-260x190x1 size-260x190x1 wp-post-image\" alt=\"Riviera Boot Party Cannes\" \/>                       <h5 class=\"hover-title hover-hold text-center\">\n                           Riviera Boat Party in der N\u00e4he von Cannes, Frankreich                       <\/h5>\n                   <\/a>\n                                  <\/header>\n           <\/div>\n       <\/div>\n          <div class=\"style_box\">\n           <div class=\"feature_class st_featured featured\">Featured<\/div>           <div class=\"thumb\">\n               <header class=\"thumb-header st_avatar_fix\">\n                                      <a href=\"https:\/\/rivierabarcrawltours.com\/de\/tour\/partybus-paris-frankreich\/\" class=\"hover-img\">\n                       <img decoding=\"async\" width=\"260\" height=\"190\" src=\"https:\/\/rivierabarcrawltours.com\/wp-content\/uploads\/2022\/03\/party-bus-paris-1-260x190.jpg\" class=\"attachment-260x190x1 size-260x190x1 wp-post-image\" alt=\"party bus paris\" \/>                       <h5 class=\"hover-title hover-hold text-center\">\n                           Party-Bus in Paris Frankreich &#038; Spezial Bar Crawl                       <\/h5>\n                   <\/a>\n                                  <\/header>\n           <\/div>\n       <\/div>\n          <div class=\"style_box\">\n                      <div class=\"thumb\">\n               <header class=\"thumb-header st_avatar_fix\">\n                                      <a href=\"https:\/\/rivierabarcrawltours.com\/de\/tour\/besichtigungstour-st-paul-de-vence-gourdon-grasse\/\" class=\"hover-img\">\n                       <img decoding=\"async\" width=\"260\" height=\"190\" src=\"https:\/\/rivierabarcrawltours.com\/wp-content\/uploads\/2021\/09\/sightseeing-tours-saint-paul-de-vence-2-260x190.jpg\" class=\"attachment-260x190x1 size-260x190x1 wp-post-image\" alt=\"besichtigungstouren saint paul de vence (2)\" \/>                       <h5 class=\"hover-title hover-hold text-center\">\n                           Stadtbesichtigung von Saint-Paul de Vence, Gourdon, Grasse                       <\/h5>\n                   <\/a>\n                                  <\/header>\n           <\/div>\n       <\/div>\n          <div class=\"style_box\">\n                      <div class=\"thumb\">\n               <header class=\"thumb-header st_avatar_fix\">\n                                      <a href=\"https:\/\/rivierabarcrawltours.com\/de\/tour\/menton-privat-touren\/\" class=\"hover-img\">\n                       <img decoding=\"async\" width=\"260\" height=\"190\" src=\"https:\/\/rivierabarcrawltours.com\/wp-content\/uploads\/2021\/03\/menton-private-tours-260x190.jpg\" class=\"attachment-260x190x1 size-260x190x1 wp-post-image\" alt=\"menton Privatf\u00fchrungen\" \/>                       <h5 class=\"hover-title hover-hold text-center\">\n                           Menton Gef\u00fchrte private Touren                       <\/h5>\n                   <\/a>\n                                  <\/header>\n           <\/div>\n       <\/div>\n   <\/div>\n\n            <style type=\"text\/css\">\n            .concept-listings .owl-dots.disabled,\n            .concept-listings .owl-nav.disabled{\n                display: block !important;\n            }\n        <\/style>\n    \n<script type=\"text\/javascript\">\n$(document).ready(function() {\n       $(\".concept-listings\").owlCarousel({\n        margin:20,\n                loop:true,\n                dots:true,\n        responsiveClass:true,\n        responsive:{\n            0:{\n                items:1,\n                nav:false\n            },\n            600:{\n                items:3,\n                nav:false\n            },\n            1000:{\n                items:4,\n                nav:true\n            }\n        }\n       });\n}); \n\n<\/script>\n\n<style type=\"text\/css\">\n.concept-listings .owl-stage {\n    display: -webkit-box !important;\n    display: -moz-box !important;\n    display: -ms-box !important;\n    display: box !important;\n}\n.concept-listings .owl-dots {\n    margin-top: 10px;\n    text-align: center;\n}\n.concept-listings .owl-dots .owl-dot {\n    display: inline-block;\n    background: 0 0;\n    color: inherit;\n    border: none;\n    padding: 0 !important;\n}\n.concept-listings .owl-dots .owl-dot.active span {\n    background: var(--link-color, #5191FA);\n}\n.concept-listings .owl-dots .owl-dot span {\n    width: 10px;\n    height: 10px;\n    margin: 5px 7px;\n    background: var(--light-grey-color, #EAEEF3);\n    display: block;\n    transition: opacity 0.2s ease;\n    border-radius: 30px;\n}\n.city-tours-custom .feature_class{\n  left: 0 !important;\n}\n.concept-listings .owl-nav {\n    position: absolute;\n    height: 100%;\n    top: 0;\n    width: 100%;\n    z-index: -1;\n}\n.concept-listings .owl-nav button {\n    position: absolute;\n    top: 50%;\n    margin-top: -18px;\n}\n.concept-listings .owl-nav button.owl-next {\n    right: -66px;\n}\n.concept-listings .owl-nav button.owl-prev {\n    left: -66px;\n}\n.concept-listings .owl-nav button.owl-next span {\n    width: 36px;\n    height: 36px;\n    display: block;\n    background: url(https:\/\/rivierabarcrawltours.com\/wp-content\/uploads\/2021\/06\/arrow-right.png) center center no-repeat;\n    background-size: 100% auto;\n    color: transparent;\n}\n.concept-listings .owl-nav button.owl-prev span {\n    width: 36px;\n    height: 36px;\n    display: block;\n    background: url(https:\/\/rivierabarcrawltours.com\/wp-content\/uploads\/2021\/02\/arrow-left.png) center center no-repeat;\n    background-size: 100% auto;\n    color: transparent;\n}\n\n.city-tours-custom .thumb{\n    border: none !important;\n}\n<\/style><\/div>[vc_separator][\/vc_column][\/vc_row][vc_row][vc_column][vc_row_inner][vc_column_inner][vc_column_text]<\/p>\n<h2>\u00dcber unsere privaten Touren<\/h2>\n<p>[\/vc_column_text][\/vc_column_inner][\/vc_row_inner][vc_row_inner][vc_column_inner width=&#8220;1\/2&#8243;][vc_column_text]<br \/>\nSind Sie auf der Suche nach einem pers\u00f6nlicheren, privaten oder besonderen Erlebnis? Dann ist die private oder ma\u00dfgeschneiderte Wandertour genau das Richtige f\u00fcr Sie.<\/p>\n<p>Der Vorteil einer privaten, ma\u00dfgeschneiderten Tour ist, dass Sie sie auf Ihre speziellen Bed\u00fcrfnisse und Ihren Geschmack abstimmen k\u00f6nnen, so dass Sie das Beste aus Ihrem Urlaub herausholen k\u00f6nnen.<\/p>\n<p>F\u00fcr Reisende, die sich aktiv mit der Stadt auseinandersetzen wollen, ist eine private Tour eine hervorragende M\u00f6glichkeit, alle Einblicke in eine Stadt und ihren Charakter auf einer privaten und pers\u00f6nlichen Ebene kennenzulernen. Auch wenn Sie es genie\u00dfen, einen neuen Ort zu erleben, indem Sie sich in seinen Hinterh\u00f6fen verirren und unerwartete Orte entdecken, kann eine private Tour eine hervorragende Erg\u00e4nzung zu dieser Art von Urlaub sein.<\/p>\n<p>Die privaten und ma\u00dfgeschneiderten Touren bieten Ihnen die perfekten Empfehlungen f\u00fcr Ihre Bed\u00fcrfnisse, von der Wahl des besten Restaurants zum Essen bis hin zu praktischen Tipps f\u00fcr den Transport und vieles mehr.<br \/>\n[\/vc_column_text][\/vc_column_inner][vc_column_inner width=&#8220;1\/2&#8243;][vc_column_text]<br \/>\nWarum Zeit verschwenden und sich Sorgen machen, wenn Sie versuchen, eine Karte zu lesen und Ihren Weg durch kleine Stra\u00dfen und Gassen zu finden, wenn Sie sich dem sicheren Wissen eines F\u00fchrers anvertrauen k\u00f6nnen, der alles kennt. Auf diese Weise k\u00f6nnen Sie sich nicht nur entspannen und sich von dem Stress befreien, sich in einer unbekannten Umgebung zu verirren, sondern Sie k\u00f6nnen auch in die lokale Kultur, Geschichte und Tradition eintauchen, indem Sie sich mit Ihrem F\u00fchrer unterhalten.<\/p>\n<p>Wir freuen uns, Ihnen private und ma\u00dfgeschneiderte Wandertouren an der gesamten C\u00f4te d&#8217;Azur anbieten zu k\u00f6nnen!<\/p>\n<p>Erhalten Sie viel pers\u00f6nliche Aufmerksamkeit von Ihrem Reiseleiter und entkommen Sie dem Gedr\u00e4nge der \u00f6ffentlichen Wandertouren! Unsere privaten, ma\u00dfgeschneiderten Touren sind speziell so konzipiert, dass Sie die besten Teile der Riviera intim kennenlernen werden.<br \/>\n[\/vc_column_text][\/vc_column_inner][\/vc_row_inner][\/vc_column][\/vc_row]<\/p>\n<\/div>","protected":false},"excerpt":{"rendered":"<p>[vc_row el_class=&#8220;city-tours-custom&#8220; css=&#8220;.vc_custom_1624698350129{margin-top: 40px !important;margin-bottom: 20px !important;}&#8220;][vc_column][vc_column_text] Alle unsere Privaten Touren [\/vc_column_text][vc_separator][\/vc_column][\/vc_row][vc_row][vc_column][vc_row_inner][vc_column_inner][vc_column_text] \u00dcber unsere privaten Touren [\/vc_column_text][\/vc_column_inner][\/vc_row_inner][vc_row_inner][vc_column_inner width=&#8220;1\/2&#8243;][vc_column_text] Sind Sie auf der Suche nach einem pers\u00f6nlicheren, privaten oder besonderen Erlebnis? Dann ist die private oder ma\u00dfgeschneiderte Wandertour genau das Richtige f\u00fcr Sie. Der Vorteil einer privaten, ma\u00dfgeschneiderten Tour ist, dass Sie sie auf Ihre speziellen [&hellip;]<\/p>\n","protected":false},"author":2,"featured_media":35935,"parent":0,"menu_order":0,"comment_status":"closed","ping_status":"closed","template":"template-home-modern.php","meta":{"_acf_changed":false,"footnotes":""},"class_list":["post-70632","page","type-page","status-publish","has-post-thumbnail","hentry"],"acf":[],"yoast_head":"<!-- This site is optimized with the Yoast SEO plugin v27.4 - https:\/\/yoast.com\/product\/yoast-seo-wordpress\/ -->\n<title>French Riviera Private Tours | Riviera Bar Crawl Tours<\/title>\n<meta name=\"description\" content=\"Erleben Sie das Beste der franz\u00f6sischen Riviera mit unseren privaten Touren in Monaco, Cannes, Nizza mit einheimischen F\u00fchrern. Und in ganz Europa.\" \/>\n<meta name=\"robots\" content=\"index, follow, max-snippet:-1, max-image-preview:large, max-video-preview:-1\" \/>\n<link rel=\"canonical\" href=\"https:\/\/rivierabarcrawltours.com\/de\/private-touren\/\" \/>\n<meta property=\"og:locale\" content=\"de_DE\" \/>\n<meta property=\"og:type\" content=\"article\" \/>\n<meta property=\"og:title\" content=\"French Riviera Private Tours | Riviera Bar Crawl Tours\" \/>\n<meta property=\"og:description\" content=\"Erleben Sie das Beste der franz\u00f6sischen Riviera mit unseren privaten Touren in Monaco, Cannes, Nizza mit einheimischen F\u00fchrern. Und in ganz Europa.\" \/>\n<meta property=\"og:url\" content=\"https:\/\/rivierabarcrawltours.com\/de\/private-touren\/\" \/>\n<meta property=\"og:site_name\" content=\"Riviera Bar Crawl Tours\" \/>\n<meta property=\"article:publisher\" content=\"https:\/\/www.facebook.com\/RivieraBarCrawltours\/\" \/>\n<meta property=\"article:modified_time\" content=\"2021-06-26T09:06:12+00:00\" \/>\n<meta property=\"og:image\" content=\"https:\/\/rivierabarcrawltours.com\/wp-content\/uploads\/2019\/07\/frenc-riviera-private-tours-image.jpg\" \/>\n\t<meta property=\"og:image:width\" content=\"1920\" \/>\n\t<meta property=\"og:image:height\" content=\"900\" \/>\n\t<meta property=\"og:image:type\" content=\"image\/jpeg\" \/>\n<meta name=\"twitter:card\" content=\"summary_large_image\" \/>\n<meta name=\"twitter:site\" content=\"@rivierabarcrawl\" \/>\n<meta name=\"twitter:label1\" content=\"Gesch\u00e4tzte Lesezeit\" \/>\n\t<meta name=\"twitter:data1\" content=\"2\u00a0Minuten\" \/>\n<!-- \/ Yoast SEO plugin. -->","yoast_head_json":{"title":"French Riviera Private Tours | Riviera Bar Crawl Tours","description":"Erleben Sie das Beste der franz\u00f6sischen Riviera mit unseren privaten Touren in Monaco, Cannes, Nizza mit einheimischen F\u00fchrern. Und in ganz Europa.","robots":{"index":"index","follow":"follow","max-snippet":"max-snippet:-1","max-image-preview":"max-image-preview:large","max-video-preview":"max-video-preview:-1"},"canonical":"https:\/\/rivierabarcrawltours.com\/de\/private-touren\/","og_locale":"de_DE","og_type":"article","og_title":"French Riviera Private Tours | Riviera Bar Crawl Tours","og_description":"Erleben Sie das Beste der franz\u00f6sischen Riviera mit unseren privaten Touren in Monaco, Cannes, Nizza mit einheimischen F\u00fchrern. Und in ganz Europa.","og_url":"https:\/\/rivierabarcrawltours.com\/de\/private-touren\/","og_site_name":"Riviera Bar Crawl Tours","article_publisher":"https:\/\/www.facebook.com\/RivieraBarCrawltours\/","article_modified_time":"2021-06-26T09:06:12+00:00","og_image":[{"width":1920,"height":900,"url":"https:\/\/rivierabarcrawltours.com\/wp-content\/uploads\/2019\/07\/frenc-riviera-private-tours-image.jpg","type":"image\/jpeg"}],"twitter_card":"summary_large_image","twitter_site":"@rivierabarcrawl","twitter_misc":{"Gesch\u00e4tzte Lesezeit":"2\u00a0Minuten"},"schema":{"@context":"https:\/\/schema.org","@graph":[{"@type":"WebPage","@id":"https:\/\/rivierabarcrawltours.com\/de\/private-touren\/","url":"https:\/\/rivierabarcrawltours.com\/de\/private-touren\/","name":"French Riviera Private Tours | Riviera Bar Crawl Tours","isPartOf":{"@id":"https:\/\/rivierabarcrawltours.com\/#website"},"primaryImageOfPage":{"@id":"https:\/\/rivierabarcrawltours.com\/de\/private-touren\/#primaryimage"},"image":{"@id":"https:\/\/rivierabarcrawltours.com\/de\/private-touren\/#primaryimage"},"thumbnailUrl":"https:\/\/rivierabarcrawltours.com\/wp-content\/uploads\/2019\/07\/frenc-riviera-private-tours-image.jpg","datePublished":"2021-02-26T12:31:06+00:00","dateModified":"2021-06-26T09:06:12+00:00","description":"Erleben Sie das Beste der franz\u00f6sischen Riviera mit unseren privaten Touren in Monaco, Cannes, Nizza mit einheimischen F\u00fchrern. Und in ganz Europa.","breadcrumb":{"@id":"https:\/\/rivierabarcrawltours.com\/de\/private-touren\/#breadcrumb"},"inLanguage":"de","potentialAction":[{"@type":"ReadAction","target":["https:\/\/rivierabarcrawltours.com\/de\/private-touren\/"]}]},{"@type":"ImageObject","inLanguage":"de","@id":"https:\/\/rivierabarcrawltours.com\/de\/private-touren\/#primaryimage","url":"https:\/\/rivierabarcrawltours.com\/wp-content\/uploads\/2019\/07\/frenc-riviera-private-tours-image.jpg","contentUrl":"https:\/\/rivierabarcrawltours.com\/wp-content\/uploads\/2019\/07\/frenc-riviera-private-tours-image.jpg","width":1920,"height":900,"caption":"franz\u00f6sisch riviera private touren riviera bar crawl tours"},{"@type":"BreadcrumbList","@id":"https:\/\/rivierabarcrawltours.com\/de\/private-touren\/#breadcrumb","itemListElement":[{"@type":"ListItem","position":1,"name":"Home","item":"https:\/\/rivierabarcrawltours.com\/de\/"},{"@type":"ListItem","position":2,"name":"Koncept","item":"https:\/\/rivierabarcrawltours.com\/de\/experiences\/"},{"@type":"ListItem","position":3,"name":"Private Touren"}]},{"@type":"WebSite","@id":"https:\/\/rivierabarcrawltours.com\/#website","url":"https:\/\/rivierabarcrawltours.com\/","name":"Riviera Bar Crawl Tours","description":"Fun Day &amp; Night Experiences I Tour operator I Guided Tours I Bar Crawls I Food Tours I","publisher":{"@id":"https:\/\/rivierabarcrawltours.com\/#organization"},"potentialAction":[{"@type":"SearchAction","target":{"@type":"EntryPoint","urlTemplate":"https:\/\/rivierabarcrawltours.com\/?s={search_term_string}"},"query-input":{"@type":"PropertyValueSpecification","valueRequired":true,"valueName":"search_term_string"}}],"inLanguage":"de"},{"@type":"Organization","@id":"https:\/\/rivierabarcrawltours.com\/#organization","name":"Riviera Bar Crawl Tours","url":"https:\/\/rivierabarcrawltours.com\/","logo":{"@type":"ImageObject","inLanguage":"de","@id":"https:\/\/rivierabarcrawltours.com\/#\/schema\/logo\/image\/","url":"https:\/\/rivierabarcrawltours.com\/wp-content\/uploads\/2019\/07\/logo.png","contentUrl":"https:\/\/rivierabarcrawltours.com\/wp-content\/uploads\/2019\/07\/logo.png","width":479,"height":453,"caption":"Riviera Bar Crawl Tours"},"image":{"@id":"https:\/\/rivierabarcrawltours.com\/#\/schema\/logo\/image\/"},"sameAs":["https:\/\/www.facebook.com\/RivieraBarCrawltours\/","https:\/\/x.com\/rivierabarcrawl"]}]}},"_links":{"self":[{"href":"https:\/\/rivierabarcrawltours.com\/de\/wp-json\/wp\/v2\/pages\/70632","targetHints":{"allow":["GET"]}}],"collection":[{"href":"https:\/\/rivierabarcrawltours.com\/de\/wp-json\/wp\/v2\/pages"}],"about":[{"href":"https:\/\/rivierabarcrawltours.com\/de\/wp-json\/wp\/v2\/types\/page"}],"author":[{"embeddable":true,"href":"https:\/\/rivierabarcrawltours.com\/de\/wp-json\/wp\/v2\/users\/2"}],"replies":[{"embeddable":true,"href":"https:\/\/rivierabarcrawltours.com\/de\/wp-json\/wp\/v2\/comments?post=70632"}],"version-history":[{"count":4,"href":"https:\/\/rivierabarcrawltours.com\/de\/wp-json\/wp\/v2\/pages\/70632\/revisions"}],"predecessor-version":[{"id":77647,"href":"https:\/\/rivierabarcrawltours.com\/de\/wp-json\/wp\/v2\/pages\/70632\/revisions\/77647"}],"wp:featuredmedia":[{"embeddable":true,"href":"https:\/\/rivierabarcrawltours.com\/de\/wp-json\/wp\/v2\/media\/35935"}],"wp:attachment":[{"href":"https:\/\/rivierabarcrawltours.com\/de\/wp-json\/wp\/v2\/media?parent=70632"}],"curies":[{"name":"wp","href":"https:\/\/api.w.org\/{rel}","templated":true}]}}