{"id":70617,"date":"2021-02-26T13:17:12","date_gmt":"2021-02-26T12:17:12","guid":{"rendered":"https:\/\/rivierabarcrawltours.com\/koncept\/essen-touren\/"},"modified":"2021-06-26T11:05:18","modified_gmt":"2021-06-26T09:05:18","slug":"essen-touren","status":"publish","type":"page","link":"https:\/\/rivierabarcrawltours.com\/de\/essen-touren\/","title":{"rendered":"Essen Touren"},"content":{"rendered":"<div class=\"wpb-content-wrapper\"><p>[vc_row el_class=&#8220;city-tours-custom&#8220; css=&#8220;.vc_custom_1624698296675{margin-top: 40px !important;margin-bottom: 20px !important;}&#8220;][vc_column][vc_column_text]<\/p>\n<h2>Alle unsere Essens Touren<\/h2>\n<p>[\/vc_column_text][vc_separator]<div class='list_tours'>   <div class=\"concept-listings owl-carousel owl-theme\">\n          <div class=\"style_box\">\n                      <div class=\"thumb\">\n               <header class=\"thumb-header st_avatar_fix\">\n                                      <a href=\"https:\/\/rivierabarcrawltours.com\/de\/tour\/die-aromen-von-monaco-food-tour\/\" class=\"hover-img\">\n                       <img decoding=\"async\" width=\"260\" height=\"190\" src=\"https:\/\/rivierabarcrawltours.com\/wp-content\/uploads\/2016\/03\/Food-tasting-tour-Nice-260x190.jpg\" class=\"attachment-260x190x1 size-260x190x1 wp-post-image\" alt=\"sch\u00f6ne Essenstouren\" \/>                       <h5 class=\"hover-title hover-hold text-center\">\n                           Die Aromen von Monaco Private Food Tour                       <\/h5>\n                   <\/a>\n                                  <\/header>\n           <\/div>\n       <\/div>\n          <div class=\"style_box\">\n                      <div class=\"thumb\">\n               <header class=\"thumb-header st_avatar_fix\">\n                                      <a href=\"https:\/\/rivierabarcrawltours.com\/de\/tour\/tour-zur-verkostung-lokaler-lebensmittel-in-antibes\/\" class=\"hover-img\">\n                       <img decoding=\"async\" width=\"260\" height=\"190\" src=\"https:\/\/rivierabarcrawltours.com\/wp-content\/uploads\/2022\/04\/antibes-food-tours-e1676558154826-260x190.jpg\" class=\"attachment-260x190x1 size-260x190x1 wp-post-image\" alt=\"antibes food tours\" \/>                       <h5 class=\"hover-title hover-hold text-center\">\n                           Tour zur Verkostung lokaler Spezialit\u00e4ten in Antibes                       <\/h5>\n                   <\/a>\n                                  <\/header>\n           <\/div>\n       <\/div>\n          <div class=\"style_box\">\n           <div class=\"feature_class st_featured featured\">Featured<\/div>           <div class=\"thumb\">\n               <header class=\"thumb-header st_avatar_fix\">\n                                      <a href=\"https:\/\/rivierabarcrawltours.com\/de\/tour\/die-aromen-von-cannes-food-tour\/\" class=\"hover-img\">\n                       <img decoding=\"async\" width=\"260\" height=\"190\" src=\"https:\/\/rivierabarcrawltours.com\/wp-content\/uploads\/2022\/01\/Cannes-Food-Tours-2022.mp4_000037866-260x190.png\" class=\"attachment-260x190x1 size-260x190x1 wp-post-image\" alt=\"Cannes Essen Touren\" \/>                       <h5 class=\"hover-title hover-hold text-center\">\n                           Die Aromen von Cannes Food Tour                       <\/h5>\n                   <\/a>\n                                  <\/header>\n           <\/div>\n       <\/div>\n          <div class=\"style_box\">\n                      <div class=\"thumb\">\n               <header class=\"thumb-header st_avatar_fix\">\n                                      <a href=\"https:\/\/rivierabarcrawltours.com\/de\/tour\/food-tour-in-nizza\/\" class=\"hover-img\">\n                       <img decoding=\"async\" width=\"260\" height=\"190\" src=\"https:\/\/rivierabarcrawltours.com\/wp-content\/uploads\/2022\/01\/Food-tours-Cannes-260x190.jpg\" class=\"attachment-260x190x1 size-260x190x1 wp-post-image\" alt=\"Essenstouren sch\u00f6n\" \/>                       <h5 class=\"hover-title hover-hold text-center\">\n                           Die Aromen von Nizza Private Food Tours                       <\/h5>\n                   <\/a>\n                                  <\/header>\n           <\/div>\n       <\/div>\n          <div class=\"style_box\">\n                      <div class=\"thumb\">\n               <header class=\"thumb-header st_avatar_fix\">\n                                      <a href=\"https:\/\/rivierabarcrawltours.com\/de\/tour\/luxus-picknick-tour\/\" class=\"hover-img\">\n                       <img decoding=\"async\" width=\"260\" height=\"190\" src=\"https:\/\/rivierabarcrawltours.com\/wp-content\/uploads\/2021\/02\/luxury-picnic-2-260x190.jpg\" class=\"attachment-260x190x1 size-260x190x1 wp-post-image\" alt=\"Luxus-Picknick Nizza Cote D&#039;Azur\" \/>                       <h5 class=\"hover-title hover-hold text-center\">\n                           Luxus Picknick Tour Nizza Franz\u00f6sische Riviera                       <\/h5>\n                   <\/a>\n                                  <\/header>\n           <\/div>\n       <\/div>\n   <\/div>\n\n            <style type=\"text\/css\">\n            .concept-listings .owl-dots.disabled,\n            .concept-listings .owl-nav.disabled{\n                display: block !important;\n            }\n        <\/style>\n    \n<script type=\"text\/javascript\">\n$(document).ready(function() {\n       $(\".concept-listings\").owlCarousel({\n        margin:20,\n                loop:true,\n                dots:true,\n        responsiveClass:true,\n        responsive:{\n            0:{\n                items:1,\n                nav:false\n            },\n            600:{\n                items:3,\n                nav:false\n            },\n            1000:{\n                items:4,\n                nav:true\n            }\n        }\n       });\n}); \n\n<\/script>\n\n<style type=\"text\/css\">\n.concept-listings .owl-stage {\n    display: -webkit-box !important;\n    display: -moz-box !important;\n    display: -ms-box !important;\n    display: box !important;\n}\n.concept-listings .owl-dots {\n    margin-top: 10px;\n    text-align: center;\n}\n.concept-listings .owl-dots .owl-dot {\n    display: inline-block;\n    background: 0 0;\n    color: inherit;\n    border: none;\n    padding: 0 !important;\n}\n.concept-listings .owl-dots .owl-dot.active span {\n    background: var(--link-color, #5191FA);\n}\n.concept-listings .owl-dots .owl-dot span {\n    width: 10px;\n    height: 10px;\n    margin: 5px 7px;\n    background: var(--light-grey-color, #EAEEF3);\n    display: block;\n    transition: opacity 0.2s ease;\n    border-radius: 30px;\n}\n.city-tours-custom .feature_class{\n  left: 0 !important;\n}\n.concept-listings .owl-nav {\n    position: absolute;\n    height: 100%;\n    top: 0;\n    width: 100%;\n    z-index: -1;\n}\n.concept-listings .owl-nav button {\n    position: absolute;\n    top: 50%;\n    margin-top: -18px;\n}\n.concept-listings .owl-nav button.owl-next {\n    right: -66px;\n}\n.concept-listings .owl-nav button.owl-prev {\n    left: -66px;\n}\n.concept-listings .owl-nav button.owl-next span {\n    width: 36px;\n    height: 36px;\n    display: block;\n    background: url(https:\/\/rivierabarcrawltours.com\/wp-content\/uploads\/2021\/06\/arrow-right.png) center center no-repeat;\n    background-size: 100% auto;\n    color: transparent;\n}\n.concept-listings .owl-nav button.owl-prev span {\n    width: 36px;\n    height: 36px;\n    display: block;\n    background: url(https:\/\/rivierabarcrawltours.com\/wp-content\/uploads\/2021\/02\/arrow-left.png) center center no-repeat;\n    background-size: 100% auto;\n    color: transparent;\n}\n\n.city-tours-custom .thumb{\n    border: none !important;\n}\n<\/style><\/div>[\/vc_column][\/vc_row][vc_row][vc_column][vc_row_inner][vc_column_inner][vc_column_text]<\/p>\n<h2>\u00dcber unsere Food Tours<\/h2>\n<p>[\/vc_column_text][\/vc_column_inner][\/vc_row_inner][vc_row_inner][vc_column_inner width=&#8220;1\/2&#8243;][vc_column_text]Wir alle haben den Wunsch, so viel wie m\u00f6glich zu entdecken, wenn wir in eine neue Stadt oder ein neues Land reisen. Und wenn Sie nach Frankreich reisen, ist das Finden und Verstehen der lokalen Kultur auch durch die Entdeckung seiner Gastronomie zu gehen.<\/p>\n<p>Egal, ob Sie ein ausl\u00e4ndischer Reisender in Frankreich sind oder ein Einheimischer, der internationale Freunde beherbergt, die von Zeit zu Zeit zu Besuch kommen, mit dem Wunsch, das wahre Frankreich zu entdecken, Food-Touren sind der beste Weg, um die Einheimischen, ihre Stadt und ihre Kultur durch das kennenzulernen, was sie gerne essen und wo sie es gerne essen.<\/p>\n<p>Warum sollten Sie eine Foodtour machen?<br \/>\nAls Reisender und Tourist tr\u00e4umen wir von Paris, Nizza, Monaco, der C\u00f4te d&#8217;Azur, so wie wir von Tokio oder New York tr\u00e4umen k\u00f6nnten und wir wollen sie nicht missen. Wir wollen die franz\u00f6sischen Geschm\u00e4cker entdecken, gute regionale Produkte kosten, aber auch hervorragende Weine probieren und erleben.<\/p>\n<p>Was sich also als kompliziert zu planen erweisen k\u00f6nnte, soll dank des gro\u00dfartigen Konzepts der Food Tours schnell entspannt und lustig werden.<\/p>\n<p>Um mehr dar\u00fcber zu erfahren, was eine tolle Food Tour ist, haben wir uns mit einigen lokalen Reiseleitern getroffen, die die besten Food Touren in Nizza anbieten. Riviera Bar Crawl &amp; Tours ist ein Experte f\u00fcr private F\u00fchrungen, Wanderungen, Kneipentouren und andere lustige Aktivit\u00e4ten an der franz\u00f6sischen Riviera und in Paris. Es ist ein junges Unternehmen mit lokalen Talenten, das die M\u00f6glichkeit bietet, eine Stadt und die franz\u00f6sische Gastronomie einmal anders zu entdecken!<\/p>\n<p>Das Konzept der Foodtouren<br \/>\nWenn Sie eine kulinarische Tour an der C\u00f4te d&#8217;Azur machen m\u00f6chten, k\u00f6nnen Sie w\u00e4hlen, ob Sie St\u00e4dte wie Nizza, Monaco, Antibes oder andere entdecken m\u00f6chten. Um qualitativ hochwertige kulinarische Touren in verschiedenen St\u00e4dten und Bezirken anbieten zu k\u00f6nnen, sollte eine gute Food Tour von &#8222;Gastronomen&#8220;, lokalen F\u00fchrern und Liebhabern der Stadt, die Sie besuchen, geleitet werden. Diese Food-Tour-Guides sollten ihr Viertel, aber auch die richtigen Produkte lieben.<\/p>\n<p>Eine Foodtour sollte auch dazu dienen, eine Stadt und ihre besten Handwerker in kleinen Gruppen zu entdecken. Auf dem Programm steht der Besuch von 5, 6, 7 oder mehr Boutiquen, handverlesen, und Sie sollten etwa 10 bis 15 verschiedene lokale Produkte probieren k\u00f6nnen: Makronen, K\u00e4se, Wein, Oliven\u00f6l, Tapenade, etc.<\/p>\n<p>Aber bei einer Food Tour geht es nicht nur um Essen und Trinken. Sie sollten das lokale Leben und die Essenskultur kennenlernen, durch private F\u00fchrungen, Wanderungen, Stopps an lokalen Essensst\u00e4nden oder sogar einen Kochkurs.<\/p>\n<p>Eine Food Tour sollte auch in der Lage sein, Menschen in verschiedenen Sprachen wie Englisch, Franz\u00f6sisch und Spanisch, aber auch in anderen Sprachen zu empfangen!<\/p>\n<p>Das Konzept einer gro\u00dfartigen Food Tour sollte Sie auch in verschiedene Viertel der Stadt f\u00fchren, um die lokalen Lebensmittelm\u00e4rkte zu sehen, damit Sie das Essen probieren und die lokale Atmosph\u00e4re sp\u00fcren k\u00f6nnen, mit einem gewissen Fokus auf Wein- und Essenskombinationen.<\/p>\n<p>Die besten Veranstalter von Foodtouren w\u00e4hlen jedes Lokal und jedes vorgestellte Produkt sorgf\u00e4ltig aus. Sie stellen sicher, dass sie die Werte respektieren, die wir hervorheben m\u00f6chten: Qualit\u00e4t der Produkte, traditionelles Know-how, regionaler Ansatz der Produkte, eine handwerkliche Produktion, alle Elemente, die die Besonderheit des franz\u00f6sischen Terroirs und den Ruf der franz\u00f6sischen Gastronomie in der Welt bilden.<\/p>\n<p>Alle Workshops, Essensstopps, wurden speziell f\u00fcr die G\u00e4ste entwickelt, nach ihren Vorgaben, und werden direkt von den Menschen, die Sie auf dem Weg treffen, und den pr\u00e4sentierten Produkten angetrieben.[\/vc_column_text][\/vc_column_inner][vc_column_inner width=&#8220;1\/2&#8243;][vc_column_text]<\/p>\n<h3>Die Optionen der Food Tour<\/h3>\n<p>Riviera Bar Crawl and Tours ist eine Agentur, die sich auf die Organisation von Aktivit\u00e4ten und gef\u00fchrten Touren an der C\u00f4te d&#8217;Azur und in Paris spezialisiert hat. Sie k\u00f6nnen w\u00e4hlen zwischen Wanderungen, privaten F\u00fchrungen zur Entdeckung der sch\u00f6nsten Sehensw\u00fcrdigkeiten und Orte oder Sie entscheiden sich f\u00fcr Foodtouren zum Thema franz\u00f6sische Gastronomie, \u00d6nologie und lokale Produkte.<\/p>\n<p>Eine Foodtour ist eine Form des Kulturtourismus. Die Entdeckung einer Region definiert sich durch die Erfahrungen der Verkostung und die H\u00f6hepunkte des gastronomischen Erbes Frankreichs auf verschiedene Weise:<\/p>\n<ul>\n<li>Gef\u00fchrte Gourmet-Touren in pulsierenden St\u00e4dten wie Nizza, Cannes oder Monaco<\/li>\n<li>Verkostungsworkshops und atypische Mahlzeiten<\/li>\n<li>Individuelle Kochkurse<\/li>\n<li>Exkursionen und gastronomische Ausfl\u00fcge<\/li>\n<\/ul>\n<p>In jedem Fall sind die H\u00f6hepunkte und Aktivit\u00e4ten, wenn Sie sich f\u00fcr eine kulinarische Tour entscheiden:<\/p>\n<ul>\n<li>Ein originelles und unterhaltsames Thema, das Kultur, Gastronomie und Geschichte verbindet<\/li>\n<li>Eine Auswahl der gr\u00f6\u00dften Feinschmecker und lokalen Lebensmittelhandwerker aus der Region<br \/>\nFachkundige F\u00fchrer in Sachen Essen und<\/li>\n<li>Essenskulturen<\/li>\n<li>Gro\u00dfz\u00fcgige Verkostungen, um lokale Spezialit\u00e4ten zu probieren<\/li>\n<li>Kleinere Gruppen f\u00fcr bessere Interaktion<\/li>\n<li>An das Publikum angepasste Routen und Erkl\u00e4rungen<\/li>\n<\/ul>\n<p>Alle unsere Dienstleistungen, die in einer gro\u00dfen Food-Tour angeboten werden, sind sorgf\u00e4ltig erstellt. Sie sollten die M\u00f6glichkeit haben, eine ma\u00dfgeschneiderte Food Tour von A bis Z intern von einem multikulturellen Team zu organisieren, das sich aus Experten f\u00fcr Essenskulturen zusammensetzt, die eine gemeinsame Leidenschaft f\u00fcr die Gastronomie teilen und ihr Wissen weitergeben m\u00f6chten.<\/p>\n<p>Jedes neue Gourmet-Ziel wird im Vorfeld ausgiebig studiert und erforscht, sowohl historisch, geografisch, architektonisch als auch kulturell. Fachkundige F\u00fchrer des kulinarischen Erbes Frankreichs sollten alle Wanderungen und gastronomischen Touren leiten.<\/p>\n<p>Von diesem Punkt aus sind die M\u00f6glichkeiten endlos, und Sie \u00f6ffnen sich f\u00fcr unglaubliche Entdeckungen und ein besseres Verst\u00e4ndnis der Stadt und der Region, die Sie besuchen. Die Themen f\u00fcr Ihre n\u00e4chste kulinarische Tour sind endlos: Franz\u00f6sische Genussmittel, Terroir und Landschaft, lokales Essen, Labels und Qualit\u00e4t, Biomarkt, traditionelle Lebensmittell\u00e4den, die Welt der Patisserie, K\u00f6che und sogar neue Formen des Konsums mit lokalen Food Trucks und Street Food.[\/vc_column_text][\/vc_column_inner][\/vc_row_inner][\/vc_column][\/vc_row][vc_row][vc_column][vc_column_text]<\/p>\n<div id=\"gtx-trans\" style=\"position: absolute; left: -14px; top: 113.812px;\">\n<div class=\"gtx-trans-icon\"><\/div>\n<\/div>\n<p>[\/vc_column_text][\/vc_column][\/vc_row]<\/p>\n<\/div>","protected":false},"excerpt":{"rendered":"<p>[vc_row el_class=&#8220;city-tours-custom&#8220; css=&#8220;.vc_custom_1624698296675{margin-top: 40px !important;margin-bottom: 20px !important;}&#8220;][vc_column][vc_column_text] Alle unsere Essens Touren [\/vc_column_text][vc_separator][\/vc_column][\/vc_row][vc_row][vc_column][vc_row_inner][vc_column_inner][vc_column_text] \u00dcber unsere Food Tours [\/vc_column_text][\/vc_column_inner][\/vc_row_inner][vc_row_inner][vc_column_inner width=&#8220;1\/2&#8243;][vc_column_text]Wir alle haben den Wunsch, so viel wie m\u00f6glich zu entdecken, wenn wir in eine neue Stadt oder ein neues Land reisen. Und wenn Sie nach Frankreich reisen, ist das Finden und Verstehen der lokalen Kultur auch durch [&hellip;]<\/p>\n","protected":false},"author":2,"featured_media":37677,"parent":0,"menu_order":0,"comment_status":"closed","ping_status":"closed","template":"template-home-modern.php","meta":{"_acf_changed":false,"footnotes":""},"class_list":["post-70617","page","type-page","status-publish","has-post-thumbnail","hentry"],"acf":[],"yoast_head":"<!-- This site is optimized with the Yoast SEO plugin v27.3 - https:\/\/yoast.com\/product\/yoast-seo-wordpress\/ -->\n<title>Archives des  | Riviera Bar Crawl Tours<\/title>\n<meta name=\"description\" content=\"Eine Foodtour sollte auch gemacht werden, um eine Stadt und ihre besten Handwerker in kleinen Gruppen zu entdecken | Eine Foodtour sollte auch gemacht werden, um eine Stadt zu entdecken\" \/>\n<meta name=\"robots\" content=\"index, follow, max-snippet:-1, max-image-preview:large, max-video-preview:-1\" \/>\n<link rel=\"canonical\" href=\"https:\/\/rivierabarcrawltours.com\/de\/essen-touren\/\" \/>\n<meta property=\"og:locale\" content=\"de_DE\" \/>\n<meta property=\"og:type\" content=\"article\" \/>\n<meta property=\"og:title\" content=\"Archives des  | Riviera Bar Crawl Tours\" \/>\n<meta property=\"og:description\" content=\"Eine Foodtour sollte auch gemacht werden, um eine Stadt und ihre besten Handwerker in kleinen Gruppen zu entdecken | Eine Foodtour sollte auch gemacht werden, um eine Stadt zu entdecken\" \/>\n<meta property=\"og:url\" content=\"https:\/\/rivierabarcrawltours.com\/de\/essen-touren\/\" \/>\n<meta property=\"og:site_name\" content=\"Riviera Bar Crawl Tours\" \/>\n<meta property=\"article:publisher\" content=\"https:\/\/www.facebook.com\/RivieraBarCrawltours\/\" \/>\n<meta property=\"article:modified_time\" content=\"2021-06-26T09:05:18+00:00\" \/>\n<meta property=\"og:image\" content=\"https:\/\/rivierabarcrawltours.com\/wp-content\/uploads\/2019\/12\/food-tasting-nice-team-building.jpg\" \/>\n\t<meta property=\"og:image:width\" content=\"1080\" \/>\n\t<meta property=\"og:image:height\" content=\"720\" \/>\n\t<meta property=\"og:image:type\" content=\"image\/jpeg\" \/>\n<meta name=\"twitter:card\" content=\"summary_large_image\" \/>\n<meta name=\"twitter:site\" content=\"@rivierabarcrawl\" \/>\n<meta name=\"twitter:label1\" content=\"Gesch\u00e4tzte Lesezeit\" \/>\n\t<meta name=\"twitter:data1\" content=\"5\u00a0Minuten\" \/>\n<!-- \/ Yoast SEO plugin. -->","yoast_head_json":{"title":"Archives des  | Riviera Bar Crawl Tours","description":"Eine Foodtour sollte auch gemacht werden, um eine Stadt und ihre besten Handwerker in kleinen Gruppen zu entdecken | Eine Foodtour sollte auch gemacht werden, um eine Stadt zu entdecken","robots":{"index":"index","follow":"follow","max-snippet":"max-snippet:-1","max-image-preview":"max-image-preview:large","max-video-preview":"max-video-preview:-1"},"canonical":"https:\/\/rivierabarcrawltours.com\/de\/essen-touren\/","og_locale":"de_DE","og_type":"article","og_title":"Archives des  | Riviera Bar Crawl Tours","og_description":"Eine Foodtour sollte auch gemacht werden, um eine Stadt und ihre besten Handwerker in kleinen Gruppen zu entdecken | Eine Foodtour sollte auch gemacht werden, um eine Stadt zu entdecken","og_url":"https:\/\/rivierabarcrawltours.com\/de\/essen-touren\/","og_site_name":"Riviera Bar Crawl Tours","article_publisher":"https:\/\/www.facebook.com\/RivieraBarCrawltours\/","article_modified_time":"2021-06-26T09:05:18+00:00","og_image":[{"width":1080,"height":720,"url":"https:\/\/rivierabarcrawltours.com\/wp-content\/uploads\/2019\/12\/food-tasting-nice-team-building.jpg","type":"image\/jpeg"}],"twitter_card":"summary_large_image","twitter_site":"@rivierabarcrawl","twitter_misc":{"Gesch\u00e4tzte Lesezeit":"5\u00a0Minuten"},"schema":{"@context":"https:\/\/schema.org","@graph":[{"@type":"WebPage","@id":"https:\/\/rivierabarcrawltours.com\/de\/essen-touren\/","url":"https:\/\/rivierabarcrawltours.com\/de\/essen-touren\/","name":"Archives des | Riviera Bar Crawl Tours","isPartOf":{"@id":"https:\/\/rivierabarcrawltours.com\/#website"},"primaryImageOfPage":{"@id":"https:\/\/rivierabarcrawltours.com\/de\/essen-touren\/#primaryimage"},"image":{"@id":"https:\/\/rivierabarcrawltours.com\/de\/essen-touren\/#primaryimage"},"thumbnailUrl":"https:\/\/rivierabarcrawltours.com\/wp-content\/uploads\/2019\/12\/food-tasting-nice-team-building.jpg","datePublished":"2021-02-26T12:17:12+00:00","dateModified":"2021-06-26T09:05:18+00:00","description":"Eine Foodtour sollte auch gemacht werden, um eine Stadt und ihre besten Handwerker in kleinen Gruppen zu entdecken | Eine Foodtour sollte auch gemacht werden, um eine Stadt zu entdecken","breadcrumb":{"@id":"https:\/\/rivierabarcrawltours.com\/de\/essen-touren\/#breadcrumb"},"inLanguage":"de","potentialAction":[{"@type":"ReadAction","target":["https:\/\/rivierabarcrawltours.com\/de\/essen-touren\/"]}]},{"@type":"ImageObject","inLanguage":"de","@id":"https:\/\/rivierabarcrawltours.com\/de\/essen-touren\/#primaryimage","url":"https:\/\/rivierabarcrawltours.com\/wp-content\/uploads\/2019\/12\/food-tasting-nice-team-building.jpg","contentUrl":"https:\/\/rivierabarcrawltours.com\/wp-content\/uploads\/2019\/12\/food-tasting-nice-team-building.jpg","width":1080,"height":720,"caption":"Essen Verkostung sch\u00f6ne Teambildung Riviera Bar Crawl Touren"},{"@type":"BreadcrumbList","@id":"https:\/\/rivierabarcrawltours.com\/de\/essen-touren\/#breadcrumb","itemListElement":[{"@type":"ListItem","position":1,"name":"Home","item":"https:\/\/rivierabarcrawltours.com\/de\/"},{"@type":"ListItem","position":2,"name":"Koncept","item":"https:\/\/rivierabarcrawltours.com\/de\/experiences\/"},{"@type":"ListItem","position":3,"name":"Essen Touren"}]},{"@type":"WebSite","@id":"https:\/\/rivierabarcrawltours.com\/#website","url":"https:\/\/rivierabarcrawltours.com\/","name":"Riviera Bar Crawl Tours","description":"Fun Day &amp; Night Experiences I Tour operator I Guided Tours I Bar Crawls I Food Tours I","publisher":{"@id":"https:\/\/rivierabarcrawltours.com\/#organization"},"potentialAction":[{"@type":"SearchAction","target":{"@type":"EntryPoint","urlTemplate":"https:\/\/rivierabarcrawltours.com\/?s={search_term_string}"},"query-input":{"@type":"PropertyValueSpecification","valueRequired":true,"valueName":"search_term_string"}}],"inLanguage":"de"},{"@type":"Organization","@id":"https:\/\/rivierabarcrawltours.com\/#organization","name":"Riviera Bar Crawl Tours","url":"https:\/\/rivierabarcrawltours.com\/","logo":{"@type":"ImageObject","inLanguage":"de","@id":"https:\/\/rivierabarcrawltours.com\/#\/schema\/logo\/image\/","url":"https:\/\/rivierabarcrawltours.com\/wp-content\/uploads\/2019\/07\/logo.png","contentUrl":"https:\/\/rivierabarcrawltours.com\/wp-content\/uploads\/2019\/07\/logo.png","width":479,"height":453,"caption":"Riviera Bar Crawl Tours"},"image":{"@id":"https:\/\/rivierabarcrawltours.com\/#\/schema\/logo\/image\/"},"sameAs":["https:\/\/www.facebook.com\/RivieraBarCrawltours\/","https:\/\/x.com\/rivierabarcrawl"]}]}},"_links":{"self":[{"href":"https:\/\/rivierabarcrawltours.com\/de\/wp-json\/wp\/v2\/pages\/70617","targetHints":{"allow":["GET"]}}],"collection":[{"href":"https:\/\/rivierabarcrawltours.com\/de\/wp-json\/wp\/v2\/pages"}],"about":[{"href":"https:\/\/rivierabarcrawltours.com\/de\/wp-json\/wp\/v2\/types\/page"}],"author":[{"embeddable":true,"href":"https:\/\/rivierabarcrawltours.com\/de\/wp-json\/wp\/v2\/users\/2"}],"replies":[{"embeddable":true,"href":"https:\/\/rivierabarcrawltours.com\/de\/wp-json\/wp\/v2\/comments?post=70617"}],"version-history":[{"count":5,"href":"https:\/\/rivierabarcrawltours.com\/de\/wp-json\/wp\/v2\/pages\/70617\/revisions"}],"predecessor-version":[{"id":77643,"href":"https:\/\/rivierabarcrawltours.com\/de\/wp-json\/wp\/v2\/pages\/70617\/revisions\/77643"}],"wp:featuredmedia":[{"embeddable":true,"href":"https:\/\/rivierabarcrawltours.com\/de\/wp-json\/wp\/v2\/media\/37677"}],"wp:attachment":[{"href":"https:\/\/rivierabarcrawltours.com\/de\/wp-json\/wp\/v2\/media?parent=70617"}],"curies":[{"name":"wp","href":"https:\/\/api.w.org\/{rel}","templated":true}]}}