{"id":70520,"date":"2021-02-26T11:59:55","date_gmt":"2021-02-26T10:59:55","guid":{"rendered":"https:\/\/rivierabarcrawltours.com\/koncept\/"},"modified":"2021-03-04T12:17:25","modified_gmt":"2021-03-04T11:17:25","slug":"koncept","status":"publish","type":"page","link":"https:\/\/rivierabarcrawltours.com\/de\/koncept\/","title":{"rendered":"Koncept"},"content":{"rendered":"<div class=\"wpb-content-wrapper\"><p>[vc_row css=&#8220;.vc_custom_1612431259800{margin-top: 40px !important;}&#8220;][vc_column][vc_column_text]<\/p>\n<h2>Konzept<\/h2>\n<p>[\/vc_column_text][\/vc_column][\/vc_row][vc_row][vc_column width=&#8220;1\/4&#8243; el_class=&#8220;main-col&#8220; css=&#8220;.vc_custom_1612431923475{margin-bottom: 20px !important;}&#8220;][vc_column_text css=&#8220;.vc_custom_1612433291524{background-image: url(https:\/\/rivierabarcrawltours.com\/wp-content\/uploads\/2020\/04\/private-tours-paris-france-1-1.jpg?id=53673) !important;}&#8220;]<a href=\"https:\/\/rivierabarcrawltours.com\/de\/koncept\/private-touren\/\">Private Touren<\/a>[\/vc_column_text][\/vc_column][vc_column width=&#8220;1\/4&#8243; el_class=&#8220;main-col&#8220; css=&#8220;.vc_custom_1612432008756{margin-bottom: 20px !important;}&#8220;][vc_column_text css=&#8220;.vc_custom_1612433943747{background-image: url(https:\/\/rivierabarcrawltours.com\/wp-content\/uploads\/2021\/01\/teambuilding-nice.jpg?id=63064) !important;}&#8220;]<a href=\"https:\/\/rivierabarcrawltours.com\/de\/koncept\/teambildung\/\">Teambildung<\/a>[\/vc_column_text][\/vc_column][vc_column width=&#8220;1\/4&#8243; el_class=&#8220;main-col&#8220; css=&#8220;.vc_custom_1613118716288{margin-bottom: 20px !important;}&#8220;][vc_column_text css=&#8220;.vc_custom_1613118881269{background-image: url(https:\/\/rivierabarcrawltours.com\/wp-content\/uploads\/2020\/12\/Free-Nice-Walking-Tour-8.jpg?id=65711) !important;}&#8220;]<a href=\"https:\/\/rivierabarcrawltours.com\/de\/koncept\/rundgaenge\/\">Rundg\u00e4nge<\/a>[\/vc_column_text][\/vc_column][vc_column width=&#8220;1\/4&#8243; el_class=&#8220;main-col&#8220; css=&#8220;.vc_custom_1612432062266{margin-bottom: 20px !important;}&#8220;][vc_column_text css=&#8220;.vc_custom_1613118198822{background-image: url(https:\/\/rivierabarcrawltours.com\/wp-content\/uploads\/2020\/05\/how-to-organise-a-pub-crawl-fundraiser-pic2.jpg?id=56219) !important;}&#8220;]<a href=\"https:\/\/rivierabarcrawltours.com\/de\/koncept\/kneipentouren\/\">Kneipentouren<\/a>[\/vc_column_text][\/vc_column][\/vc_row][vc_row][vc_column width=&#8220;1\/4&#8243; css=&#8220;.vc_custom_1612432148899{margin-bottom: 20px !important;}&#8220; el_class=&#8220;main-col&#8220;][vc_column_text css=&#8220;.vc_custom_1612436149047{background-image: url(https:\/\/rivierabarcrawltours.com\/wp-content\/uploads\/2020\/04\/How-to-Start-a-Food-Tour-Business-in-3-Steps-pic2-2.jpg?id=55092) !important;}&#8220;]<\/p>\n<p><a href=\"https:\/\/rivierabarcrawltours.com\/de\/koncept\/essen-touren\/\">Essen Touren<\/a><\/p>\n<p>[\/vc_column_text][\/vc_column][vc_column width=&#8220;1\/4&#8243; css=&#8220;.vc_custom_1612432188507{margin-bottom: 20px !important;}&#8220; el_class=&#8220;main-col&#8220;][vc_column_text css=&#8220;.vc_custom_1612437069872{background-image: url(https:\/\/rivierabarcrawltours.com\/wp-content\/uploads\/2020\/03\/vineyard-tours-nice-france.pic-2.jpg?id=51786) !important;}&#8220;]<\/p>\n<p><a href=\"https:\/\/rivierabarcrawltours.com\/de\/koncept\/weinverkostung\/\">Weinverkostung<\/a><\/p>\n<p>[\/vc_column_text][\/vc_column][vc_column width=&#8220;1\/4&#8243; css=&#8220;.vc_custom_1612432233144{margin-bottom: 20px !important;}&#8220; el_class=&#8220;main-col&#8220;][vc_column_text css=&#8220;.vc_custom_1612437515398{background-image: url(https:\/\/rivierabarcrawltours.com\/wp-content\/uploads\/2021\/02\/shore-excursions-pic6.jpg?id=63619) !important;}&#8220;]<a href=\"https:\/\/rivierabarcrawltours.com\/de\/koncept\/landausfluege\/\">Landausfl\u00fcge<\/a>[\/vc_column_text][\/vc_column][vc_column width=&#8220;1\/4&#8243;][\/vc_column][\/vc_row]<\/p>\n<\/div>","protected":false},"excerpt":{"rendered":"<p>[vc_row css=&#8220;.vc_custom_1612431259800{margin-top: 40px !important;}&#8220;][vc_column][vc_column_text] Konzept [\/vc_column_text][\/vc_column][\/vc_row][vc_row][vc_column width=&#8220;1\/4&#8243; el_class=&#8220;main-col&#8220; css=&#8220;.vc_custom_1612431923475{margin-bottom: 20px !important;}&#8220;][vc_column_text css=&#8220;.vc_custom_1612433291524{background-image: url(https:\/\/rivierabarcrawltours.com\/wp-content\/uploads\/2020\/04\/private-tours-paris-france-1-1.jpg?id=53673) !important;}&#8220;]Private Touren[\/vc_column_text][\/vc_column][vc_column width=&#8220;1\/4&#8243; el_class=&#8220;main-col&#8220; css=&#8220;.vc_custom_1612432008756{margin-bottom: 20px !important;}&#8220;][vc_column_text css=&#8220;.vc_custom_1612433943747{background-image: url(https:\/\/rivierabarcrawltours.com\/wp-content\/uploads\/2021\/01\/teambuilding-nice.jpg?id=63064) !important;}&#8220;]Teambildung[\/vc_column_text][\/vc_column][vc_column width=&#8220;1\/4&#8243; el_class=&#8220;main-col&#8220; css=&#8220;.vc_custom_1613118716288{margin-bottom: 20px !important;}&#8220;][vc_column_text css=&#8220;.vc_custom_1613118881269{background-image: url(https:\/\/rivierabarcrawltours.com\/wp-content\/uploads\/2020\/12\/Free-Nice-Walking-Tour-8.jpg?id=65711) !important;}&#8220;]Rundg\u00e4nge[\/vc_column_text][\/vc_column][vc_column width=&#8220;1\/4&#8243; el_class=&#8220;main-col&#8220; css=&#8220;.vc_custom_1612432062266{margin-bottom: 20px !important;}&#8220;][vc_column_text css=&#8220;.vc_custom_1613118198822{background-image: url(https:\/\/rivierabarcrawltours.com\/wp-content\/uploads\/2020\/05\/how-to-organise-a-pub-crawl-fundraiser-pic2.jpg?id=56219) !important;}&#8220;]Kneipentouren[\/vc_column_text][\/vc_column][\/vc_row][vc_row][vc_column width=&#8220;1\/4&#8243; css=&#8220;.vc_custom_1612432148899{margin-bottom: 20px !important;}&#8220; el_class=&#8220;main-col&#8220;][vc_column_text css=&#8220;.vc_custom_1612436149047{background-image: url(https:\/\/rivierabarcrawltours.com\/wp-content\/uploads\/2020\/04\/How-to-Start-a-Food-Tour-Business-in-3-Steps-pic2-2.jpg?id=55092) !important;}&#8220;] Essen Touren [\/vc_column_text][\/vc_column][vc_column width=&#8220;1\/4&#8243; css=&#8220;.vc_custom_1612432188507{margin-bottom: 20px !important;}&#8220; el_class=&#8220;main-col&#8220;][vc_column_text [&hellip;]<\/p>\n","protected":false},"author":2,"featured_media":62637,"parent":0,"menu_order":0,"comment_status":"closed","ping_status":"closed","template":"template-home-modern.php","meta":{"_acf_changed":false,"footnotes":""},"class_list":["post-70520","page","type-page","status-publish","has-post-thumbnail","hentry"],"acf":[],"yoast_head":"<!-- This site is optimized with the Yoast SEO plugin v27.4 - https:\/\/yoast.com\/product\/yoast-seo-wordpress\/ -->\n<title>Koncept | Riviera Bar Crawl Tours<\/title>\n<meta name=\"description\" content=\"Riviera Bar Crawl &amp; Tours bringen die Riviera zum Leben. Wir sind spezialisiert auf gro\u00dfartige Aktivit\u00e4ten, super-spa\u00dfige Partys und rasante Touren an der franz\u00f6sischen Riviera.\" \/>\n<meta name=\"robots\" content=\"index, follow, max-snippet:-1, max-image-preview:large, max-video-preview:-1\" \/>\n<link rel=\"canonical\" href=\"https:\/\/rivierabarcrawltours.com\/de\/koncept\/\" \/>\n<meta property=\"og:locale\" content=\"de_DE\" \/>\n<meta property=\"og:type\" content=\"article\" \/>\n<meta property=\"og:title\" content=\"Koncept | Riviera Bar Crawl Tours\" \/>\n<meta property=\"og:description\" content=\"Riviera Bar Crawl &amp; Tours bringen die Riviera zum Leben. Wir sind spezialisiert auf gro\u00dfartige Aktivit\u00e4ten, super-spa\u00dfige Partys und rasante Touren an der franz\u00f6sischen Riviera.\" \/>\n<meta property=\"og:url\" content=\"https:\/\/rivierabarcrawltours.com\/de\/koncept\/\" \/>\n<meta property=\"og:site_name\" content=\"Riviera Bar Crawl Tours\" \/>\n<meta property=\"article:publisher\" content=\"https:\/\/www.facebook.com\/RivieraBarCrawltours\/\" \/>\n<meta property=\"article:modified_time\" content=\"2021-03-04T11:17:25+00:00\" \/>\n<meta property=\"og:image\" content=\"https:\/\/rivierabarcrawltours.com\/wp-content\/uploads\/2020\/12\/banner-riviera-bar-crawl-tours.jpg\" \/>\n\t<meta property=\"og:image:width\" content=\"1820\" \/>\n\t<meta property=\"og:image:height\" content=\"450\" \/>\n\t<meta property=\"og:image:type\" content=\"image\/jpeg\" \/>\n<meta name=\"twitter:card\" content=\"summary_large_image\" \/>\n<meta name=\"twitter:site\" content=\"@rivierabarcrawl\" \/>\n<meta name=\"twitter:label1\" content=\"Gesch\u00e4tzte Lesezeit\" \/>\n\t<meta name=\"twitter:data1\" content=\"1\u00a0Minute\" \/>\n<!-- \/ Yoast SEO plugin. -->","yoast_head_json":{"title":"Koncept | Riviera Bar Crawl Tours","description":"Riviera Bar Crawl & Tours bringen die Riviera zum Leben. Wir sind spezialisiert auf gro\u00dfartige Aktivit\u00e4ten, super-spa\u00dfige Partys und rasante Touren an der franz\u00f6sischen Riviera.","robots":{"index":"index","follow":"follow","max-snippet":"max-snippet:-1","max-image-preview":"max-image-preview:large","max-video-preview":"max-video-preview:-1"},"canonical":"https:\/\/rivierabarcrawltours.com\/de\/koncept\/","og_locale":"de_DE","og_type":"article","og_title":"Koncept | Riviera Bar Crawl Tours","og_description":"Riviera Bar Crawl & Tours bringen die Riviera zum Leben. Wir sind spezialisiert auf gro\u00dfartige Aktivit\u00e4ten, super-spa\u00dfige Partys und rasante Touren an der franz\u00f6sischen Riviera.","og_url":"https:\/\/rivierabarcrawltours.com\/de\/koncept\/","og_site_name":"Riviera Bar Crawl Tours","article_publisher":"https:\/\/www.facebook.com\/RivieraBarCrawltours\/","article_modified_time":"2021-03-04T11:17:25+00:00","og_image":[{"width":1820,"height":450,"url":"https:\/\/rivierabarcrawltours.com\/wp-content\/uploads\/2020\/12\/banner-riviera-bar-crawl-tours.jpg","type":"image\/jpeg"}],"twitter_card":"summary_large_image","twitter_site":"@rivierabarcrawl","twitter_misc":{"Gesch\u00e4tzte Lesezeit":"1\u00a0Minute"},"schema":{"@context":"https:\/\/schema.org","@graph":[{"@type":"WebPage","@id":"https:\/\/rivierabarcrawltours.com\/de\/koncept\/","url":"https:\/\/rivierabarcrawltours.com\/de\/koncept\/","name":"Koncept | Riviera Bar Crawl Tours","isPartOf":{"@id":"https:\/\/rivierabarcrawltours.com\/#website"},"primaryImageOfPage":{"@id":"https:\/\/rivierabarcrawltours.com\/de\/koncept\/#primaryimage"},"image":{"@id":"https:\/\/rivierabarcrawltours.com\/de\/koncept\/#primaryimage"},"thumbnailUrl":"https:\/\/rivierabarcrawltours.com\/wp-content\/uploads\/2020\/12\/banner-riviera-bar-crawl-tours.jpg","datePublished":"2021-02-26T10:59:55+00:00","dateModified":"2021-03-04T11:17:25+00:00","description":"Riviera Bar Crawl & Tours bringen die Riviera zum Leben. Wir sind spezialisiert auf gro\u00dfartige Aktivit\u00e4ten, super-spa\u00dfige Partys und rasante Touren an der franz\u00f6sischen Riviera.","breadcrumb":{"@id":"https:\/\/rivierabarcrawltours.com\/de\/koncept\/#breadcrumb"},"inLanguage":"de","potentialAction":[{"@type":"ReadAction","target":["https:\/\/rivierabarcrawltours.com\/de\/koncept\/"]}]},{"@type":"ImageObject","inLanguage":"de","@id":"https:\/\/rivierabarcrawltours.com\/de\/koncept\/#primaryimage","url":"https:\/\/rivierabarcrawltours.com\/wp-content\/uploads\/2020\/12\/banner-riviera-bar-crawl-tours.jpg","contentUrl":"https:\/\/rivierabarcrawltours.com\/wp-content\/uploads\/2020\/12\/banner-riviera-bar-crawl-tours.jpg","width":1820,"height":450,"caption":"banner-riviera-bar-crawl-tours"},{"@type":"BreadcrumbList","@id":"https:\/\/rivierabarcrawltours.com\/de\/koncept\/#breadcrumb","itemListElement":[{"@type":"ListItem","position":1,"name":"Home","item":"https:\/\/rivierabarcrawltours.com\/de\/"},{"@type":"ListItem","position":2,"name":"Koncept"}]},{"@type":"WebSite","@id":"https:\/\/rivierabarcrawltours.com\/#website","url":"https:\/\/rivierabarcrawltours.com\/","name":"Riviera Bar Crawl Tours","description":"Fun Day &amp; Night Experiences I Tour operator I Guided Tours I Bar Crawls I Food Tours I","publisher":{"@id":"https:\/\/rivierabarcrawltours.com\/#organization"},"potentialAction":[{"@type":"SearchAction","target":{"@type":"EntryPoint","urlTemplate":"https:\/\/rivierabarcrawltours.com\/?s={search_term_string}"},"query-input":{"@type":"PropertyValueSpecification","valueRequired":true,"valueName":"search_term_string"}}],"inLanguage":"de"},{"@type":"Organization","@id":"https:\/\/rivierabarcrawltours.com\/#organization","name":"Riviera Bar Crawl Tours","url":"https:\/\/rivierabarcrawltours.com\/","logo":{"@type":"ImageObject","inLanguage":"de","@id":"https:\/\/rivierabarcrawltours.com\/#\/schema\/logo\/image\/","url":"https:\/\/rivierabarcrawltours.com\/wp-content\/uploads\/2019\/07\/logo.png","contentUrl":"https:\/\/rivierabarcrawltours.com\/wp-content\/uploads\/2019\/07\/logo.png","width":479,"height":453,"caption":"Riviera Bar Crawl Tours"},"image":{"@id":"https:\/\/rivierabarcrawltours.com\/#\/schema\/logo\/image\/"},"sameAs":["https:\/\/www.facebook.com\/RivieraBarCrawltours\/","https:\/\/x.com\/rivierabarcrawl"]}]}},"_links":{"self":[{"href":"https:\/\/rivierabarcrawltours.com\/de\/wp-json\/wp\/v2\/pages\/70520","targetHints":{"allow":["GET"]}}],"collection":[{"href":"https:\/\/rivierabarcrawltours.com\/de\/wp-json\/wp\/v2\/pages"}],"about":[{"href":"https:\/\/rivierabarcrawltours.com\/de\/wp-json\/wp\/v2\/types\/page"}],"author":[{"embeddable":true,"href":"https:\/\/rivierabarcrawltours.com\/de\/wp-json\/wp\/v2\/users\/2"}],"replies":[{"embeddable":true,"href":"https:\/\/rivierabarcrawltours.com\/de\/wp-json\/wp\/v2\/comments?post=70520"}],"version-history":[{"count":4,"href":"https:\/\/rivierabarcrawltours.com\/de\/wp-json\/wp\/v2\/pages\/70520\/revisions"}],"predecessor-version":[{"id":71474,"href":"https:\/\/rivierabarcrawltours.com\/de\/wp-json\/wp\/v2\/pages\/70520\/revisions\/71474"}],"wp:featuredmedia":[{"embeddable":true,"href":"https:\/\/rivierabarcrawltours.com\/de\/wp-json\/wp\/v2\/media\/62637"}],"wp:attachment":[{"href":"https:\/\/rivierabarcrawltours.com\/de\/wp-json\/wp\/v2\/media?parent=70520"}],"curies":[{"name":"wp","href":"https:\/\/api.w.org\/{rel}","templated":true}]}}