{"id":56216,"date":"2020-05-11T15:16:23","date_gmt":"2020-05-11T13:16:23","guid":{"rendered":"https:\/\/rivierabarcrawltours.com\/allgemeine-geschaeftsbedingungen\/"},"modified":"2025-12-02T09:54:56","modified_gmt":"2025-12-02T08:54:56","slug":"allgemeine-geschaeftsbedingungen","status":"publish","type":"page","link":"https:\/\/rivierabarcrawltours.com\/de\/allgemeine-geschaeftsbedingungen\/","title":{"rendered":"Allgemeine Gesch\u00e4ftsbedingungen"},"content":{"rendered":"<div class=\"wpb-content-wrapper\"><p>[vc_row css=&#8220;.vc_custom_1611471864102{margin-top: 20px !important;margin-bottom: 20px !important;}&#8220;][vc_column][vc_column_text css=&#8220;&#8220;]<\/p>\n<h2><b>ALLGEMEINE VERKAUFSBEDINGUNGEN \u2013 RIVIERA BAR CRAWL &amp; TOURS<\/b><\/h2>\n<p><span style=\"font-weight: 400;\">(Version vom 20. November 2025)<\/span><\/p>\n<p><b>Artikel 1 \u2013 Identit\u00e4t des Veranstalters<\/b><\/p>\n<ul>\n<li style=\"font-weight: 400;\" aria-level=\"1\"><b>Firmenname:<\/b><span style=\"font-weight: 400;\"> LUXSTARS INVESTMENT<\/span><\/li>\n<li style=\"font-weight: 400;\" aria-level=\"1\"><b>Handelsname:<\/b><span style=\"font-weight: 400;\"> Riviera Bar Crawl &amp; Tours<\/span><\/li>\n<li style=\"font-weight: 400;\" aria-level=\"1\"><b>Sitz:<\/b><span style=\"font-weight: 400;\"> 8 rue chauvain 06000 Nice, France<\/span><\/li>\n<li style=\"font-weight: 400;\" aria-level=\"1\"><b>SIREN:<\/b><span style=\"font-weight: 400;\"> 991 237 181 \u2013 <\/span><b>SIRET:<\/b><span style=\"font-weight: 400;\"> 991 237 181 00011<\/span><\/li>\n<li style=\"font-weight: 400;\" aria-level=\"1\"><b>Umsatzsteuer-Identifikationsnummer:<\/b><span style=\"font-weight: 400;\"> FR15 991237181<\/span><\/li>\n<li style=\"font-weight: 400;\" aria-level=\"1\"><b>Kontakt:<\/b><span style=\"font-weight: 400;\"> info@rivierabarcrawltours.com \u2013 <\/span><b>Tel:<\/b><span style=\"font-weight: 400;\"> +33 649 244 407<\/span><\/li>\n<li style=\"font-weight: 400;\" aria-level=\"1\"><b>Verantwortliche:<\/b><span style=\"font-weight: 400;\"> Frau Brovida<\/span><\/li>\n<\/ul>\n<p><span style=\"font-weight: 400;\">Artikel 2 \u2013 Geltungsbereich<\/span><\/p>\n<p><span style=\"font-weight: 400;\">Die vorliegenden Allgemeinen Verkaufsbedingungen (AVB) gelten ohne Einschr\u00e4nkung oder Vorbehalt f\u00fcr alle von Riviera Bar Crawl &amp; Tours angebotenen Dienstleistungen. Dies umfasst, ist aber nicht beschr\u00e4nkt auf, \u00f6ffentliche Bar Crawls, private Touren, Bootspartys, Ausfl\u00fcge, Gruppentransfers und jede andere touristische oder Event-Aktivit\u00e4t, die an der C\u00f4te d\u2019Azur organisiert wird. Die Annahme dieser AVB ist obligatorisch und erfolgt durch die Best\u00e4tigung der Buchung und der Zahlung.<\/span><\/p>\n<p><span style=\"font-weight: 400;\">Artikel 3 \u2013 Buchung und Zahlung<\/span><\/p>\n<p><span style=\"font-weight: 400;\">3.1 Die Buchung gilt als fest und endg\u00fcltig ab dem Eingang der vollst\u00e4ndigen Zahlung f\u00fcr die Leistung oder der f\u00fcr Gruppen und private Buchungen erforderlichen Anzahlung.<\/span><\/p>\n<p><span style=\"font-weight: 400;\">3.2 Akzeptierte Zahlungsmittel: Bankkarte (\u00fcber Stripe), PayPal, Bank\u00fcberweisung.<\/span><\/p>\n<p><span style=\"font-weight: 400;\">3.3 F\u00fcr jede Gruppen- oder Privatbuchung, deren Gesamtbetrag 300 \u20ac \u00fcbersteigt, ist bei der Best\u00e4tigung eine nicht erstattungsf\u00e4hige Anzahlung von 50 % des Gesamtbetrags erforderlich.<\/span><\/p>\n<p><span style=\"font-weight: 400;\">Artikel 4 \u2013 Preise<\/span><\/p>\n<p><span style=\"font-weight: 400;\">Die Preise der Dienstleistungen sind in Euro (\u20ac) angegeben und verstehen sich inklusive aller Steuern (TTC &#8211; Toutes Taxes Comprises). Sie beinhalten die franz\u00f6sische Mehrwertsteuer (TVA) zum am Tag der Buchung geltenden gesetzlichen Satz. Jede \u00c4nderung des Mehrwertsteuersatzes oder die Einf\u00fchrung neuer Steuern wird automatisch und ohne Vorank\u00fcndigung auf die angegebenen Preise umgelegt.<\/span><\/p>\n<p><span style=\"font-weight: 400;\">Artikel 4 Bis \u2013 Kosten f\u00fcr zus\u00e4tzliche Dienstleistungen<\/span><\/p>\n<p><span style=\"font-weight: 400;\">Jede Verl\u00e4ngerung der Dienstleistungen \u00fcber die urspr\u00fcnglich vereinbarte Dauer hinaus, die vom Kunden gew\u00fcnscht und vom Guide akzeptiert wird, wird sofort in Rechnung gestellt oder der Endrechnung des Kunden gem\u00e4\u00df der folgenden Staffelung hinzugef\u00fcgt:<\/span><\/p>\n<ul>\n<li style=\"font-weight: 400;\" aria-level=\"1\"><b>Gef\u00fchrte Touren und Bar Crawls (nur Guide):<\/b><span style=\"font-weight: 400;\"> Pauschalbetrag von 60 \u20ac TTC pro Guide und pro unteilbare zus\u00e4tzliche Stunde.<\/span><\/li>\n<li style=\"font-weight: 400;\" aria-level=\"1\"><b>Private Touren, Sightseeing und Minivan (Guide + Fahrzeug):<\/b><span style=\"font-weight: 400;\"> Pauschalbetrag von 150 \u20ac TTC pro unteilbare zus\u00e4tzliche Stunde.<\/span><\/li>\n<\/ul>\n<p><span style=\"font-weight: 400;\">Artikel 5 \u2013 Stornierung durch den Kunden \u2013 Einzelbuchungen<\/span><\/p>\n<p><span style=\"font-weight: 400;\">(Gilt f\u00fcr \u00f6ffentliche Bar Crawls und klassische Ausfl\u00fcge)<\/span><\/p>\n<ul>\n<li style=\"font-weight: 400;\" aria-level=\"1\"><b>Stornierungseingang mehr als 24 Stunden vor dem Veranstaltungsbeginn:<\/b><span style=\"font-weight: 400;\"> Vollst\u00e4ndige R\u00fcckerstattung des gezahlten Betrags, abz\u00fcglich 5 \u20ac Verwaltungsgeb\u00fchr pro Person.<\/span><\/li>\n<li style=\"font-weight: 400;\" aria-level=\"1\"><b>Stornierungseingang weniger als 24 Stunden vor dem Veranstaltungsbeginn:<\/b><span style=\"font-weight: 400;\"> Keine R\u00fcckerstattung.<\/span><\/li>\n<li style=\"font-weight: 400;\" aria-level=\"1\"><b>Nichterscheinen (No-show) bei der Veranstaltung:<\/b><span style=\"font-weight: 400;\"> Keine R\u00fcckerstattung.<\/span><\/li>\n<\/ul>\n<p><span style=\"font-weight: 400;\">Artikel 6 \u2013 Stornierung durch den Kunden \u2013 Gruppen und Privatbuchungen<\/span><\/p>\n<p><span style=\"font-weight: 400;\">Gilt f\u00fcr Buchungen von 7 oder mehr Personen, private Touren und ma\u00dfgeschneiderte Dienstleistungen.<\/span><\/p>\n<p><span style=\"font-weight: 400;\">Jede Stornierung oder wesentliche \u00c4nderung muss schriftlich (E-Mail) an die Adresse info@rivierabarcrawltours.com mitgeteilt werden. Das Empfangsdatum der E-Mail ist ma\u00dfgeblich f\u00fcr die Berechnung der Stornogeb\u00fchren.<\/span><\/p>\n<ul>\n<li style=\"font-weight: 400;\" aria-level=\"1\"><b>Mehr als 30 Tage vor dem Tour-Datum:<\/b><span style=\"font-weight: 400;\"> Stornogeb\u00fchr von 50 % des Gesamtbetrags (Verlust der Anzahlung). R\u00fcckerstattung von 50 % des gezahlten Gesamtbetrags.<\/span><\/li>\n<li style=\"font-weight: 400;\" aria-level=\"1\"><b>15 bis 29 Tage vor dem Tour-Datum:<\/b><span style=\"font-weight: 400;\"> Stornogeb\u00fchr von 75 % des Gesamtbetrags. R\u00fcckerstattung von 25 % des gezahlten Gesamtbetrags.<\/span><\/li>\n<li style=\"font-weight: 400;\" aria-level=\"1\"><span style=\"font-weight: 400;\">Weniger als 15 Tage vor dem Tour-Datum oder No-show: Stornogeb\u00fchr von 100 % des Gesamtbetrags. Keine R\u00fcckerstattung.<\/span><span style=\"font-weight: 400;\"><br \/>\n<\/span><span style=\"font-weight: 400;\">Jede Reduzierung der Teilnehmerzahl wird als Teilstornierung behandelt und unterliegt den oben genannten Stornogeb\u00fchren f\u00fcr den stornierten Teil.<\/span><\/li>\n<\/ul>\n<p><span style=\"font-weight: 400;\">Artikel 7 \u2013 \u00c4nderung der Buchung (Datum oder Leistung) \u2013 Einzel- und Gruppenbuchungen<\/span><\/p>\n<p><span style=\"font-weight: 400;\">Jede Anfrage zur Verschiebung des Datums oder zur \u00c4nderung der Leistung muss schriftlich (E-Mail an info@rivierabarcrawltours.com) erfolgen.<\/span><\/p>\n<ul>\n<li style=\"font-weight: 400;\" aria-level=\"1\"><b>Einzelbuchungen:<\/b>\n<ul>\n<li style=\"font-weight: 400;\" aria-level=\"2\"><b>Mehr als 48 Stunden vor der Tour:<\/b><span style=\"font-weight: 400;\"> Kostenlose \u00c4nderung und genehmigt, vorbehaltlich Verf\u00fcgbarkeit.<\/span><\/li>\n<li style=\"font-weight: 400;\" aria-level=\"2\"><b>Weniger als 48 Stunden vor der Tour:<\/b><span style=\"font-weight: 400;\"> Die Anfrage wird als Stornierung der urspr\u00fcnglichen Buchung behandelt (mit Anwendung der Stornogeb\u00fchren aus Artikel 5).<\/span><\/li>\n<\/ul>\n<\/li>\n<li style=\"font-weight: 400;\" aria-level=\"1\"><b>Gruppenbuchungen:<\/b>\n<ul>\n<li style=\"font-weight: 400;\" aria-level=\"2\"><b>Mehr als 30 Tage vor der Tour:<\/b><span style=\"font-weight: 400;\"> Kostenlose \u00c4nderung und genehmigt, vorbehaltlich Verf\u00fcgbarkeit.<\/span><\/li>\n<li style=\"font-weight: 400;\" aria-level=\"2\"><b>Weniger als 30 Tage vor der Tour:<\/b><span style=\"font-weight: 400;\"> Die Anfrage wird als Stornierung der urspr\u00fcnglichen Buchung behandelt (mit Anwendung der Stornogeb\u00fchren aus Artikel 6).<\/span><\/li>\n<li style=\"font-weight: 400;\" aria-level=\"2\"><b>Weniger als 15 Tage vor der Tour:<\/b><span style=\"font-weight: 400;\"> Keine \u00c4nderung wird akzeptiert. Jede Anfrage wird als sp\u00e4te Stornierung behandelt (100 % Stornogeb\u00fchr).<\/span><\/li>\n<\/ul>\n<\/li>\n<\/ul>\n<p><span style=\"font-weight: 400;\">Artikel 8 \u2013 Stornierung oder \u00c4nderung durch den Veranstalter<\/span><\/p>\n<p><span style=\"font-weight: 400;\">8.1 Riviera Bar Crawl &amp; Tours beh\u00e4lt sich das Recht vor, die Route oder die Komponenten einer Dienstleistung im Falle h\u00f6herer Gewalt (vgl. Artikel 9) oder au\u00dfergew\u00f6hnlicher Umst\u00e4nde, die au\u00dferhalb ihrer Kontrolle liegen, zu stornieren oder zu \u00e4ndern (z. B.: gef\u00e4hrliche Wetterwarnung, administrative Schlie\u00dfung von Partnerbetrieben, staatliche Beschr\u00e4nkungen).<\/span><\/p>\n<p><span style=\"font-weight: 400;\">8.2 In diesem Fall wird dem Kunden die Wahl zwischen folgenden Optionen angeboten:<\/span><\/p>\n<ol>\n<li><span style=\"font-weight: 400;\">a) Eine Verschiebung der Dienstleistung auf ein sp\u00e4teres vereinbartes Datum.<\/span><\/li>\n<li><span style=\"font-weight: 400;\">b) Eine vollst\u00e4ndige R\u00fcckerstattung der gezahlten Betr\u00e4ge.<\/span><\/li>\n<\/ol>\n<p><span style=\"font-weight: 400;\">Dem Kunden steht aufgrund dieser Stornierung kein Anspruch auf zus\u00e4tzliche Entsch\u00e4digung oder Schadensersatz zu.<\/span><\/p>\n<p><span style=\"font-weight: 400;\">Artikel 9 \u2013 H\u00f6here Gewalt und Au\u00dfergew\u00f6hnliche Umst\u00e4nde<\/span><\/p>\n<p><span style=\"font-weight: 400;\">Gem\u00e4\u00df Artikel L.211-14 II des franz\u00f6sischen Tourismusgesetzbuches ist der Kunde berechtigt, seine Buchung ohne Stornogeb\u00fchren zu stornieren, wenn die Durchf\u00fchrung der Reise oder der Transport der Passagiere zum Abreiseort durch au\u00dfergew\u00f6hnliche und unvermeidbare Umst\u00e4nde (z. B.: gro\u00dfe Naturkatastrophe, nachgewiesener Terrorakt, Krieg, erkl\u00e4rte Pandemie mit Reisebeschr\u00e4nkungen) erheblich beeintr\u00e4chtigt wird. In dieser Situation erfolgt eine vollst\u00e4ndige R\u00fcckerstattung innerhalb von 14 Tagen.<\/span><\/p>\n<p><span style=\"font-weight: 400;\">Artikel 10 \u2013 Verantwortung und Verhalten des Kunden<\/span><\/p>\n<p><span style=\"font-weight: 400;\">10.1 Der Kunde verpflichtet sich, die Sicherheitsanweisungen, Verhaltensregeln und Anweisungen der Guides oder Vertreter von Riviera Bar Crawl &amp; Tours strikt zu befolgen.<\/span><\/p>\n<p><span style=\"font-weight: 400;\">10.2 Der Zugang zu den Einrichtungen (Bars, Clubs) unterliegt dem Ermessen der Einrichtungen selbst. Jede Person, die sich in einem Zustand \u00fcberm\u00e4\u00dfiger Trunkenheit befindet, ein gewaltt\u00e4tiges, gef\u00e4hrliches oder unangemessenes Verhalten zeigt oder die Regeln der Partnereinrichtungen nicht respektiert, kann sofort und ohne die M\u00f6glichkeit einer R\u00fcckerstattung von der Aktivit\u00e4t ausgeschlossen werden.<\/span><\/p>\n<p><span style=\"font-weight: 400;\">10.3 Gesetzliches Alter: Die Teilnahme an Aktivit\u00e4ten, die Alkoholkonsum beinhalten, ist strikt auf Personen ab 18 Jahren beschr\u00e4nkt (offizieller und g\u00fcltiger Ausweis erforderlich).<\/span><\/p>\n<p><span style=\"font-weight: 400;\">10.4 Der Veranstalter lehnt jede Verantwortung im Falle des Verlusts, Diebstahls oder der Besch\u00e4digung pers\u00f6nlicher Gegenst\u00e4nde der Teilnehmer w\u00e4hrend der Aktivit\u00e4t ab.<\/span><\/p>\n<p><span style=\"font-weight: 400;\">Artikel 11 \u2013 Bildrecht<\/span><\/p>\n<p><span style=\"font-weight: 400;\">Durch die Teilnahme an unseren Aktivit\u00e4ten erm\u00e4chtigt der Kunde Riviera Bar Crawl &amp; Tours ausdr\u00fccklich, die w\u00e4hrend der Tour aufgenommenen Fotos und\/oder Videos zu Werbezwecken (Website, soziale Netzwerke, Marketingmaterial) zu verwenden, es sei denn, es liegt ein formeller und vorheriger schriftlicher Widerspruch vor, der dem Veranstalter vor Beginn der Aktivit\u00e4t zugesandt wurde.<\/span><\/p>\n<p><span style=\"font-weight: 400;\">Artikel 12 \u2013 Versicherungen<\/span><\/p>\n<p><span style=\"font-weight: 400;\">Riviera Bar Crawl &amp; Tours ist durch eine Berufshaftpflichtversicherung f\u00fcr Sch\u00e4den abgesichert, die durch eigenes Verschulden entstehen k\u00f6nnen. Jedem Teilnehmer wird dringend empfohlen, eine individuelle Reiseversicherung abzuschlie\u00dfen, die Stornierung, R\u00fccktransportassistenz und Gesundheitskosten f\u00fcr die Dauer ihres Aufenthalts abdeckt.<\/span><\/p>\n<p><span style=\"font-weight: 400;\">Artikel 13 \u2013 R\u00fcckerstattungen<\/span><\/p>\n<p><span style=\"font-weight: 400;\">Jede dem Kunden zustehende R\u00fcckerstattung erfolgt innerhalb einer H\u00f6chstfrist von 14 Tagen ab dem Datum der Stornierungsbenachrichtigung, unter Verwendung desselben Zahlungsmittels, das der Kunde bei der urspr\u00fcnglichen Buchung verwendet hat (sofern der Kunde nicht ausdr\u00fccklich einer anderen Methode zugestimmt hat).<\/span><\/p>\n<p><span style=\"font-weight: 400;\">Artikel 14 \u2013 Beschwerden und Mediation<\/span><\/p>\n<p><span style=\"font-weight: 400;\">Jede Beschwerde bez\u00fcglich einer Leistung muss dem Veranstalter innerhalb von 15 Tagen nach dem Datum der betreffenden Leistung schriftlich mitgeteilt werden.<\/span><\/p>\n<p><span style=\"font-weight: 400;\">Artikel 15 \u2013 Anwendbares Recht und Zust\u00e4ndiger Gerichtsstand<\/span><\/p>\n<p><span style=\"font-weight: 400;\">Die vorliegenden Allgemeinen Verkaufsbedingungen und die daraus resultierenden Vertr\u00e4ge unterliegen franz\u00f6sischem Recht. Jeder Streitfall bez\u00fcglich ihrer Auslegung, Ausf\u00fchrung oder G\u00fcltigkeit wird mangels g\u00fctlicher Einigung oder Mediation vor die zust\u00e4ndigen Gerichte in Nizza (Frankreich) gebracht.<\/span>[\/vc_column_text][\/vc_column][\/vc_row]<\/p>\n<\/div>","protected":false},"excerpt":{"rendered":"<p>[vc_row css=&#8220;.vc_custom_1611471864102{margin-top: 20px !important;margin-bottom: 20px !important;}&#8220;][vc_column][vc_column_text css=&#8220;&#8220;] ALLGEMEINE VERKAUFSBEDINGUNGEN \u2013 RIVIERA BAR CRAWL &amp; TOURS (Version vom 20. November 2025) Artikel 1 \u2013 Identit\u00e4t des Veranstalters Firmenname: LUXSTARS INVESTMENT Handelsname: Riviera Bar Crawl &amp; Tours Sitz: 8 rue chauvain 06000 Nice, France SIREN: 991 237 181 \u2013 SIRET: 991 237 181 00011 Umsatzsteuer-Identifikationsnummer: FR15 991237181 [&hellip;]<\/p>\n","protected":false},"author":2,"featured_media":111560,"parent":0,"menu_order":0,"comment_status":"closed","ping_status":"closed","template":"template-home-modern.php","meta":{"_acf_changed":false,"footnotes":""},"class_list":["post-56216","page","type-page","status-publish","has-post-thumbnail","hentry"],"acf":[],"yoast_head":"<!-- This site is optimized with the Yoast SEO plugin v27.5 - https:\/\/yoast.com\/product\/yoast-seo-wordpress\/ -->\n<title>Allgemeine Gesch\u00e4ftsbedingungen | Riviera Bar Crawl Tours<\/title>\n<meta name=\"description\" content=\"Die nachstehenden Allgemeinen Gesch\u00e4ftsbedingungen sowie die Buchungs- und Bestellbedingungen von Riviera Bar Crawl &amp; Tours gelten f\u00fcr alle Angebote, Bestellungen und Vereinbarungen.\" \/>\n<meta name=\"robots\" content=\"index, follow, max-snippet:-1, max-image-preview:large, max-video-preview:-1\" \/>\n<link rel=\"canonical\" href=\"https:\/\/rivierabarcrawltours.com\/de\/allgemeine-geschaeftsbedingungen\/\" \/>\n<meta property=\"og:locale\" content=\"de_DE\" \/>\n<meta property=\"og:type\" content=\"article\" \/>\n<meta property=\"og:title\" content=\"Allgemeine Gesch\u00e4ftsbedingungen | Riviera Bar Crawl Tours\" \/>\n<meta property=\"og:description\" content=\"Die nachstehenden Allgemeinen Gesch\u00e4ftsbedingungen sowie die Buchungs- und Bestellbedingungen von Riviera Bar Crawl &amp; Tours gelten f\u00fcr alle Angebote, Bestellungen und Vereinbarungen.\" \/>\n<meta property=\"og:url\" content=\"https:\/\/rivierabarcrawltours.com\/de\/allgemeine-geschaeftsbedingungen\/\" \/>\n<meta property=\"og:site_name\" content=\"Riviera Bar Crawl Tours\" \/>\n<meta property=\"article:publisher\" content=\"https:\/\/www.facebook.com\/RivieraBarCrawltours\/\" \/>\n<meta property=\"article:modified_time\" content=\"2025-12-02T08:54:56+00:00\" \/>\n<meta property=\"og:image\" content=\"https:\/\/rivierabarcrawltours.com\/wp-content\/uploads\/2024\/02\/faq-Riviera-bar-crawl-tours.jpg\" \/>\n\t<meta property=\"og:image:width\" content=\"1920\" \/>\n\t<meta property=\"og:image:height\" content=\"1080\" \/>\n\t<meta property=\"og:image:type\" content=\"image\/jpeg\" \/>\n<meta name=\"twitter:card\" content=\"summary_large_image\" \/>\n<meta name=\"twitter:site\" content=\"@rivierabarcrawl\" \/>\n<meta name=\"twitter:label1\" content=\"Gesch\u00e4tzte Lesezeit\" \/>\n\t<meta name=\"twitter:data1\" content=\"6\u00a0Minuten\" \/>\n<!-- \/ Yoast SEO plugin. -->","yoast_head_json":{"title":"Allgemeine Gesch\u00e4ftsbedingungen | Riviera Bar Crawl Tours","description":"Die nachstehenden Allgemeinen Gesch\u00e4ftsbedingungen sowie die Buchungs- und Bestellbedingungen von Riviera Bar Crawl & Tours gelten f\u00fcr alle Angebote, Bestellungen und Vereinbarungen.","robots":{"index":"index","follow":"follow","max-snippet":"max-snippet:-1","max-image-preview":"max-image-preview:large","max-video-preview":"max-video-preview:-1"},"canonical":"https:\/\/rivierabarcrawltours.com\/de\/allgemeine-geschaeftsbedingungen\/","og_locale":"de_DE","og_type":"article","og_title":"Allgemeine Gesch\u00e4ftsbedingungen | Riviera Bar Crawl Tours","og_description":"Die nachstehenden Allgemeinen Gesch\u00e4ftsbedingungen sowie die Buchungs- und Bestellbedingungen von Riviera Bar Crawl & Tours gelten f\u00fcr alle Angebote, Bestellungen und Vereinbarungen.","og_url":"https:\/\/rivierabarcrawltours.com\/de\/allgemeine-geschaeftsbedingungen\/","og_site_name":"Riviera Bar Crawl Tours","article_publisher":"https:\/\/www.facebook.com\/RivieraBarCrawltours\/","article_modified_time":"2025-12-02T08:54:56+00:00","og_image":[{"width":1920,"height":1080,"url":"https:\/\/rivierabarcrawltours.com\/wp-content\/uploads\/2024\/02\/faq-Riviera-bar-crawl-tours.jpg","type":"image\/jpeg"}],"twitter_card":"summary_large_image","twitter_site":"@rivierabarcrawl","twitter_misc":{"Gesch\u00e4tzte Lesezeit":"6\u00a0Minuten"},"schema":{"@context":"https:\/\/schema.org","@graph":[{"@type":"WebPage","@id":"https:\/\/rivierabarcrawltours.com\/de\/allgemeine-geschaeftsbedingungen\/","url":"https:\/\/rivierabarcrawltours.com\/de\/allgemeine-geschaeftsbedingungen\/","name":"Allgemeine Gesch\u00e4ftsbedingungen | Riviera Bar Crawl Tours","isPartOf":{"@id":"https:\/\/rivierabarcrawltours.com\/#website"},"primaryImageOfPage":{"@id":"https:\/\/rivierabarcrawltours.com\/de\/allgemeine-geschaeftsbedingungen\/#primaryimage"},"image":{"@id":"https:\/\/rivierabarcrawltours.com\/de\/allgemeine-geschaeftsbedingungen\/#primaryimage"},"thumbnailUrl":"https:\/\/rivierabarcrawltours.com\/wp-content\/uploads\/2024\/02\/faq-Riviera-bar-crawl-tours.jpg","datePublished":"2020-05-11T13:16:23+00:00","dateModified":"2025-12-02T08:54:56+00:00","description":"Die nachstehenden Allgemeinen Gesch\u00e4ftsbedingungen sowie die Buchungs- und Bestellbedingungen von Riviera Bar Crawl & Tours gelten f\u00fcr alle Angebote, Bestellungen und Vereinbarungen.","breadcrumb":{"@id":"https:\/\/rivierabarcrawltours.com\/de\/allgemeine-geschaeftsbedingungen\/#breadcrumb"},"inLanguage":"de","potentialAction":[{"@type":"ReadAction","target":["https:\/\/rivierabarcrawltours.com\/de\/allgemeine-geschaeftsbedingungen\/"]}]},{"@type":"ImageObject","inLanguage":"de","@id":"https:\/\/rivierabarcrawltours.com\/de\/allgemeine-geschaeftsbedingungen\/#primaryimage","url":"https:\/\/rivierabarcrawltours.com\/wp-content\/uploads\/2024\/02\/faq-Riviera-bar-crawl-tours.jpg","contentUrl":"https:\/\/rivierabarcrawltours.com\/wp-content\/uploads\/2024\/02\/faq-Riviera-bar-crawl-tours.jpg","width":1920,"height":1080},{"@type":"BreadcrumbList","@id":"https:\/\/rivierabarcrawltours.com\/de\/allgemeine-geschaeftsbedingungen\/#breadcrumb","itemListElement":[{"@type":"ListItem","position":1,"name":"Home","item":"https:\/\/rivierabarcrawltours.com\/de\/"},{"@type":"ListItem","position":2,"name":"Allgemeine Gesch\u00e4ftsbedingungen"}]},{"@type":"WebSite","@id":"https:\/\/rivierabarcrawltours.com\/#website","url":"https:\/\/rivierabarcrawltours.com\/","name":"Riviera Bar Crawl Tours","description":"Fun Day &amp; Night Experiences I Tour operator I Guided Tours I Bar Crawls I Food Tours I","publisher":{"@id":"https:\/\/rivierabarcrawltours.com\/#organization"},"potentialAction":[{"@type":"SearchAction","target":{"@type":"EntryPoint","urlTemplate":"https:\/\/rivierabarcrawltours.com\/?s={search_term_string}"},"query-input":{"@type":"PropertyValueSpecification","valueRequired":true,"valueName":"search_term_string"}}],"inLanguage":"de"},{"@type":"Organization","@id":"https:\/\/rivierabarcrawltours.com\/#organization","name":"Riviera Bar Crawl Tours","url":"https:\/\/rivierabarcrawltours.com\/","logo":{"@type":"ImageObject","inLanguage":"de","@id":"https:\/\/rivierabarcrawltours.com\/#\/schema\/logo\/image\/","url":"https:\/\/rivierabarcrawltours.com\/wp-content\/uploads\/2019\/07\/logo.png","contentUrl":"https:\/\/rivierabarcrawltours.com\/wp-content\/uploads\/2019\/07\/logo.png","width":479,"height":453,"caption":"Riviera Bar Crawl Tours"},"image":{"@id":"https:\/\/rivierabarcrawltours.com\/#\/schema\/logo\/image\/"},"sameAs":["https:\/\/www.facebook.com\/RivieraBarCrawltours\/","https:\/\/x.com\/rivierabarcrawl"]}]}},"_links":{"self":[{"href":"https:\/\/rivierabarcrawltours.com\/de\/wp-json\/wp\/v2\/pages\/56216","targetHints":{"allow":["GET"]}}],"collection":[{"href":"https:\/\/rivierabarcrawltours.com\/de\/wp-json\/wp\/v2\/pages"}],"about":[{"href":"https:\/\/rivierabarcrawltours.com\/de\/wp-json\/wp\/v2\/types\/page"}],"author":[{"embeddable":true,"href":"https:\/\/rivierabarcrawltours.com\/de\/wp-json\/wp\/v2\/users\/2"}],"replies":[{"embeddable":true,"href":"https:\/\/rivierabarcrawltours.com\/de\/wp-json\/wp\/v2\/comments?post=56216"}],"version-history":[{"count":13,"href":"https:\/\/rivierabarcrawltours.com\/de\/wp-json\/wp\/v2\/pages\/56216\/revisions"}],"predecessor-version":[{"id":122184,"href":"https:\/\/rivierabarcrawltours.com\/de\/wp-json\/wp\/v2\/pages\/56216\/revisions\/122184"}],"wp:featuredmedia":[{"embeddable":true,"href":"https:\/\/rivierabarcrawltours.com\/de\/wp-json\/wp\/v2\/media\/111560"}],"wp:attachment":[{"href":"https:\/\/rivierabarcrawltours.com\/de\/wp-json\/wp\/v2\/media?parent=56216"}],"curies":[{"name":"wp","href":"https:\/\/api.w.org\/{rel}","templated":true}]}}