{"id":56212,"date":"2020-05-11T14:44:36","date_gmt":"2020-05-11T12:44:36","guid":{"rendered":"https:\/\/rivierabarcrawltours.com\/cookie-richtlinien-fuer-riviera-bar-crawl\/"},"modified":"2025-12-03T10:07:45","modified_gmt":"2025-12-03T09:07:45","slug":"cookie-richtlinien-fuer-riviera-bar-crawl","status":"publish","type":"page","link":"https:\/\/rivierabarcrawltours.com\/de\/cookie-richtlinien-fuer-riviera-bar-crawl\/","title":{"rendered":"Cookie-Richtlinien f\u00fcr Riviera Bar Crawl"},"content":{"rendered":"<div class=\"wpb-content-wrapper\"><p>[vc_row][vc_column][vc_column_text css=&#8220;&#8220;]<b>COOKIE-RICHTLINIE VON RIVIERA BAR CRAWL TOURS<\/b><\/p>\n<p><b><br \/>\n<\/b><b>G\u00fcltigkeitsdatum: 02\/12\/2025<\/b><\/p>\n<p><span style=\"font-weight: 400;\">Willkommen auf rivierabarcrawltours.com. Diese Cookie-Richtlinie erkl\u00e4rt, was Cookies und \u00e4hnliche Technologien sind, wie wir sie verwenden und welche Wahlm\u00f6glichkeiten Sie diesbez\u00fcglich haben.<\/span><\/p>\n<p><b>WAS IST EIN COOKIE ?<\/b><b><br \/>\n<\/b><span style=\"font-weight: 400;\"> Ein Cookie ist eine kleine Textdatei, die auf Ihrem Computer oder mobilen Ger\u00e4t gespeichert wird, wenn Sie eine Website besuchen. Cookies werden h\u00e4ufig verwendet, um Websites effizienter zu machen und Informationen f\u00fcr die Websitebetreiber bereitzustellen.<\/span><span style=\"font-weight: 400;\"><br \/>\n<\/span><span style=\"font-weight: 400;\"> F\u00fcr rivierabarcrawltours.com erm\u00f6glichen sie uns, Ihre Handlungen und Pr\u00e4ferenzen (wie Anmeldung, Sprache, W\u00e4hrung usw.) zu speichern, sodass Sie diese nicht erneut eingeben m\u00fcssen, wenn Sie auf die Website zur\u00fcckkehren oder von einer Seite zur anderen navigieren.<\/span><\/p>\n<p><b>WIE WIR COOKIES VERWENDEN<\/b><b><br \/>\n<\/b><span style=\"font-weight: 400;\"> Wir verwenden Cookies und andere Tracking-Technologien aus den folgenden Gr\u00fcnden :<\/span><\/p>\n<ul>\n<li style=\"font-weight: 400;\" aria-level=\"1\"><span style=\"font-weight: 400;\">Sicherstellung des ordnungsgem\u00e4\u00dfen Betriebs der Website und der Sicherheit Ihrer Transaktionen (z. B. Buchungs- und Zahlungsprozesse).<\/span><\/li>\n<li style=\"font-weight: 400;\" aria-level=\"1\"><span style=\"font-weight: 400;\">Analyse der Nutzung der Website (Reichweiten- und Leistungsanalyse).<\/span><\/li>\n<li style=\"font-weight: 400;\" aria-level=\"1\"><span style=\"font-weight: 400;\">Verbesserung Ihrer Benutzererfahrung durch Speicherung Ihrer Pr\u00e4ferenzen.<\/span><\/li>\n<li style=\"font-weight: 400;\" aria-level=\"1\"><span style=\"font-weight: 400;\">Bereitstellung gezielter Werbung und relevanter Angebote f\u00fcr unsere Touren und Veranstaltungen.<\/span><\/li>\n<\/ul>\n<p><b>TYPEN VON VERWENDETEN COOKIES<\/b><b><br \/>\n<\/b><span style=\"font-weight: 400;\"> Wir klassifizieren die auf unserer Website verwendeten Cookies in die folgenden Kategorien :<\/span><\/p>\n<h3><b>A. Unbedingt erforderliche Cookies (Essentiell)<\/b><\/h3>\n<p><b>Beschreibung :<\/b><span style=\"font-weight: 400;\"> Diese Cookies sind f\u00fcr den grundlegenden Betrieb der Website unerl\u00e4sslich und k\u00f6nnen nicht deaktiviert werden. Sie erm\u00f6glichen Funktionen wie den Zugang zu Ihrem pers\u00f6nlichen Bereich, die Verwaltung des Buchungswagens und die Sicherheit. Sie erfordern nicht Ihre Zustimmung.<\/span><span style=\"font-weight: 400;\"><br \/>\n<\/span> <b>Beispiel :<\/b><span style=\"font-weight: 400;\"> Aufrechterhalten Ihrer Sitzung, Speichern der Produkte im Warenkorb, Sicherstellung der Zahlungssicherheit.<\/span><\/p>\n<h3><b>B. Leistungs- und Analyse-Cookies<\/b><\/h3>\n<p><b>Beschreibung :<\/b><span style=\"font-weight: 400;\"> Diese Cookies helfen uns zu verstehen, wie Besucher mit unserer Website interagieren, indem sie anonym Informationen sammeln. Sie erm\u00f6glichen es uns, die Besucherzahlen zu messen, die am meisten besuchten Seiten zu identifizieren und Fehler zu erkennen. (Erfordert Ihre Zustimmung)<\/span><span style=\"font-weight: 400;\"><br \/>\n<\/span> <b>Beispiel :<\/b><span style=\"font-weight: 400;\"> Google Analytics (zur Traffic-Analyse), Conversion-Rate der Buchungsseiten.<\/span><\/p>\n<h3><b>C. Funktions-Cookies<\/b><\/h3>\n<p><b>Beschreibung :<\/b><span style=\"font-weight: 400;\"> Diese Cookies erm\u00f6glichen es der Website, die von Ihnen getroffenen Entscheidungen zu speichern (wie Ihren Benutzernamen, die Sprache oder die Region), um Ihnen verbesserte und personalisierte Funktionen anzubieten. (Erfordert Ihre Zustimmung)<\/span><span style=\"font-weight: 400;\"><br \/>\n<\/span> <b>Beispiel :<\/b><span style=\"font-weight: 400;\"> Speicherung der gew\u00e4hlten Sprache, Erinnerung an Ihre W\u00e4hrungspr\u00e4ferenzen f\u00fcr Tourpreise.<\/span><\/p>\n<h3><b>D. Targeting- und Werbe-Cookies<\/b><\/h3>\n<p><b>Beschreibung :<\/b><span style=\"font-weight: 400;\"> Diese Cookies werden verwendet, um Ihnen relevantere Werbung und Angebote sowohl auf unserer Website als auch auf Websites Dritter zu zeigen. Sie verfolgen Ihr Surfverhalten und sammeln Informationen, um ein Interessenprofil zu erstellen. (Erfordert Ihre Zustimmung)<\/span><span style=\"font-weight: 400;\"><br \/>\n<\/span> <b>Beispiel :<\/b><span style=\"font-weight: 400;\"> Retargeting \u00fcber Facebook Ads oder Google Ads nach dem Besuch einer bestimmten Tour-Seite.<\/span><\/p>\n<p><b>DRITTANBIETER-COOKIES<\/b><b><br \/>\n<\/b><span style=\"font-weight: 400;\"> Wir verwenden ebenfalls Dienste von Drittanbietern, die in unserem Namen Cookies setzen k\u00f6nnen. Zu diesen Diensten geh\u00f6ren insbesondere : Google Analytics, Buchungs-\/Zahlungsplattformen und soziale Netzwerke (\u00fcber Teilen-Buttons oder Tracking-Pixel).<\/span><\/p>\n<p><b>IHRE WAHLM\u00d6GLICHKEITEN UND COOKIE-VERWALTUNG<\/b><b><br \/>\n<\/b><span style=\"font-weight: 400;\"> Gem\u00e4\u00df der geltenden Gesetzgebung (DSGVO) erfordert das Setzen von Cookies \u2013 mit Ausnahme der unbedingt erforderlichen Cookies \u2013 Ihre vorherige Zustimmung.<\/span><\/p>\n<h3><b>A. Consent-Management-Plattform (CMP)<\/b><\/h3>\n<p><span style=\"font-weight: 400;\">Bei Ihrem ersten Besuch auf rivierabarcrawltours.com erm\u00f6glicht Ihnen ein Einwilligungsbanner, Cookies nach Kategorien zu akzeptieren oder abzulehnen. Sie k\u00f6nnen Ihre Zustimmung jederzeit \u00e4ndern oder widerrufen, indem Sie auf den Link \u201eCookies verwalten\u201c klicken (in der Regel im Fu\u00dfbereich der Website).<\/span><\/p>\n<h3><b>B. Browsereinstellungen<\/b><\/h3>\n<p><span style=\"font-weight: 400;\">Sie k\u00f6nnen Ihren Browser so konfigurieren, dass er alle Cookies akzeptiert oder ablehnt, sie nur f\u00fcr bestimmte Websites zul\u00e4sst oder Sie benachrichtigt, wenn ein Cookie gesetzt wird.<\/span><span style=\"font-weight: 400;\"><br \/>\n<\/span><span style=\"font-weight: 400;\"> Die Deaktivierung essentieller Cookies kann die Funktionsf\u00e4higkeit unserer Website beeintr\u00e4chtigen, insbesondere den Buchungsprozess verhindern.<\/span><\/p>\n<p><b>Links zu den Hilfeseiten der wichtigsten Browser :<\/b><b><br \/>\n<\/b><span style=\"font-weight: 400;\"> Google Chrome :<\/span><a href=\"https:\/\/support.google.com\/chrome\/answer\/95647?hl=fr\"> <span style=\"font-weight: 400;\">https:\/\/support.google.com\/chrome\/answer\/95647?hl=fr<\/span><span style=\"font-weight: 400;\"><br \/>\n<\/span><\/a><span style=\"font-weight: 400;\"> Mozilla Firefox :<\/span><a href=\"https:\/\/support.mozilla.org\/fr\/kb\/activer-desactiver-cookies\"> <span style=\"font-weight: 400;\">https:\/\/support.mozilla.org\/fr\/kb\/activer-desactiver-cookies<\/span><span style=\"font-weight: 400;\"><br \/>\n<\/span><\/a><span style=\"font-weight: 400;\"> Microsoft Edge :<\/span><a href=\"https:\/\/support.microsoft.com\/fr-fr\/microsoft-edge\/supprimer-les-cookies-dans-microsoft-edge-63947406-446d-a19c-9764-2501bc92f872\"> <span style=\"font-weight: 400;\">https:\/\/support.microsoft.com\/fr-fr\/microsoft-edge\/supprimer-les-cookies-dans-microsoft-edge-63947406-446d-a19c-9764-2501bc92f872<\/span><span style=\"font-weight: 400;\"><br \/>\n<\/span><\/a><span style=\"font-weight: 400;\"> Safari (iPhone und Mac) :<\/span><a href=\"https:\/\/support.apple.com\/fr-fr\/guide\/safari\/sfri11471\/mac\"> <span style=\"font-weight: 400;\">https:\/\/support.apple.com\/fr-fr\/guide\/safari\/sfri11471\/mac<\/span><\/a><\/p>\n<p><b>\u00c4NDERUNGEN DER COOKIE-RICHTLINIE<\/b><b><br \/>\n<\/b><span style=\"font-weight: 400;\"> Wir k\u00f6nnen diese Cookie-Richtlinie regelm\u00e4\u00dfig aktualisieren, um \u00c4nderungen in unseren Cookie-Praktiken oder aus betrieblichen, rechtlichen oder regulatorischen Gr\u00fcnden widerzuspiegeln. Das oben angegebene G\u00fcltigkeitsdatum zeigt an, wann sie zuletzt aktualisiert wurde.<\/span><\/p>\n<p><b>KONTAKTIEREN SIE UNS<\/b><b><br \/>\n<\/b><span style=\"font-weight: 400;\"> Wenn Sie Fragen zur Verwendung von Cookies auf unserer Website haben, kontaktieren Sie uns bitte :<\/span><\/p>\n<p><span style=\"font-weight: 400;\">Riviera Bar Crawl Tours<\/span><span style=\"font-weight: 400;\"><br \/>\n<\/span><span style=\"font-weight: 400;\"> E-Mail : info@rivierabarcrawltours.com<\/span><span style=\"font-weight: 400;\"><br \/>\n<\/span><span style=\"font-weight: 400;\"> Postanschrift : 8 rue Chauvain, 06000 Nizza, Frankreich<\/span>[\/vc_column_text][\/vc_column][\/vc_row]<\/p>\n<\/div>","protected":false},"excerpt":{"rendered":"<p>[vc_row][vc_column][vc_column_text css=&#8220;&#8220;]COOKIE-RICHTLINIE VON RIVIERA BAR CRAWL TOURS G\u00fcltigkeitsdatum: 02\/12\/2025 Willkommen auf rivierabarcrawltours.com. Diese Cookie-Richtlinie erkl\u00e4rt, was Cookies und \u00e4hnliche Technologien sind, wie wir sie verwenden und welche Wahlm\u00f6glichkeiten Sie diesbez\u00fcglich haben. WAS IST EIN COOKIE ? Ein Cookie ist eine kleine Textdatei, die auf Ihrem Computer oder mobilen Ger\u00e4t gespeichert wird, wenn Sie eine Website [&hellip;]<\/p>\n","protected":false},"author":2,"featured_media":111560,"parent":0,"menu_order":0,"comment_status":"closed","ping_status":"closed","template":"template-home-modern.php","meta":{"_acf_changed":false,"footnotes":""},"class_list":["post-56212","page","type-page","status-publish","has-post-thumbnail","hentry"],"acf":[],"yoast_head":"<!-- This site is optimized with the Yoast SEO plugin v27.5 - https:\/\/yoast.com\/product\/yoast-seo-wordpress\/ -->\n<title>Cookie-Richtlinien f\u00fcr Riviera Bar Crawl | Riviera Bar Crawl Tours<\/title>\n<meta name=\"robots\" content=\"index, follow, max-snippet:-1, max-image-preview:large, max-video-preview:-1\" \/>\n<link rel=\"canonical\" href=\"https:\/\/rivierabarcrawltours.com\/de\/cookie-richtlinien-fuer-riviera-bar-crawl\/\" \/>\n<meta property=\"og:locale\" content=\"de_DE\" \/>\n<meta property=\"og:type\" content=\"article\" \/>\n<meta property=\"og:title\" content=\"Cookie-Richtlinien f\u00fcr Riviera Bar Crawl | Riviera Bar Crawl Tours\" \/>\n<meta property=\"og:description\" content=\"[vc_row][vc_column][vc_column_text css=&#8220;&#8220;]COOKIE-RICHTLINIE VON RIVIERA BAR CRAWL TOURS G\u00fcltigkeitsdatum: 02\/12\/2025 Willkommen auf rivierabarcrawltours.com. Diese Cookie-Richtlinie erkl\u00e4rt, was Cookies und \u00e4hnliche Technologien sind, wie wir sie verwenden und welche Wahlm\u00f6glichkeiten Sie diesbez\u00fcglich haben. WAS IST EIN COOKIE ? Ein Cookie ist eine kleine Textdatei, die auf Ihrem Computer oder mobilen Ger\u00e4t gespeichert wird, wenn Sie eine Website [&hellip;]\" \/>\n<meta property=\"og:url\" content=\"https:\/\/rivierabarcrawltours.com\/de\/cookie-richtlinien-fuer-riviera-bar-crawl\/\" \/>\n<meta property=\"og:site_name\" content=\"Riviera Bar Crawl Tours\" \/>\n<meta property=\"article:publisher\" content=\"https:\/\/www.facebook.com\/RivieraBarCrawltours\/\" \/>\n<meta property=\"article:modified_time\" content=\"2025-12-03T09:07:45+00:00\" \/>\n<meta property=\"og:image\" content=\"https:\/\/rivierabarcrawltours.com\/wp-content\/uploads\/2024\/02\/faq-Riviera-bar-crawl-tours.jpg\" \/>\n\t<meta property=\"og:image:width\" content=\"1920\" \/>\n\t<meta property=\"og:image:height\" content=\"1080\" \/>\n\t<meta property=\"og:image:type\" content=\"image\/jpeg\" \/>\n<meta name=\"twitter:card\" content=\"summary_large_image\" \/>\n<meta name=\"twitter:site\" content=\"@rivierabarcrawl\" \/>\n<meta name=\"twitter:label1\" content=\"Gesch\u00e4tzte Lesezeit\" \/>\n\t<meta name=\"twitter:data1\" content=\"3\u00a0Minuten\" \/>\n<!-- \/ Yoast SEO plugin. -->","yoast_head_json":{"title":"Cookie-Richtlinien f\u00fcr Riviera Bar Crawl | Riviera Bar Crawl Tours","robots":{"index":"index","follow":"follow","max-snippet":"max-snippet:-1","max-image-preview":"max-image-preview:large","max-video-preview":"max-video-preview:-1"},"canonical":"https:\/\/rivierabarcrawltours.com\/de\/cookie-richtlinien-fuer-riviera-bar-crawl\/","og_locale":"de_DE","og_type":"article","og_title":"Cookie-Richtlinien f\u00fcr Riviera Bar Crawl | Riviera Bar Crawl Tours","og_description":"[vc_row][vc_column][vc_column_text css=&#8220;&#8220;]COOKIE-RICHTLINIE VON RIVIERA BAR CRAWL TOURS G\u00fcltigkeitsdatum: 02\/12\/2025 Willkommen auf rivierabarcrawltours.com. Diese Cookie-Richtlinie erkl\u00e4rt, was Cookies und \u00e4hnliche Technologien sind, wie wir sie verwenden und welche Wahlm\u00f6glichkeiten Sie diesbez\u00fcglich haben. WAS IST EIN COOKIE ? Ein Cookie ist eine kleine Textdatei, die auf Ihrem Computer oder mobilen Ger\u00e4t gespeichert wird, wenn Sie eine Website [&hellip;]","og_url":"https:\/\/rivierabarcrawltours.com\/de\/cookie-richtlinien-fuer-riviera-bar-crawl\/","og_site_name":"Riviera Bar Crawl Tours","article_publisher":"https:\/\/www.facebook.com\/RivieraBarCrawltours\/","article_modified_time":"2025-12-03T09:07:45+00:00","og_image":[{"width":1920,"height":1080,"url":"https:\/\/rivierabarcrawltours.com\/wp-content\/uploads\/2024\/02\/faq-Riviera-bar-crawl-tours.jpg","type":"image\/jpeg"}],"twitter_card":"summary_large_image","twitter_site":"@rivierabarcrawl","twitter_misc":{"Gesch\u00e4tzte Lesezeit":"3\u00a0Minuten"},"schema":{"@context":"https:\/\/schema.org","@graph":[{"@type":"WebPage","@id":"https:\/\/rivierabarcrawltours.com\/de\/cookie-richtlinien-fuer-riviera-bar-crawl\/","url":"https:\/\/rivierabarcrawltours.com\/de\/cookie-richtlinien-fuer-riviera-bar-crawl\/","name":"Cookie-Richtlinien f\u00fcr Riviera Bar Crawl | Riviera Bar Crawl Tours","isPartOf":{"@id":"https:\/\/rivierabarcrawltours.com\/#website"},"primaryImageOfPage":{"@id":"https:\/\/rivierabarcrawltours.com\/de\/cookie-richtlinien-fuer-riviera-bar-crawl\/#primaryimage"},"image":{"@id":"https:\/\/rivierabarcrawltours.com\/de\/cookie-richtlinien-fuer-riviera-bar-crawl\/#primaryimage"},"thumbnailUrl":"https:\/\/rivierabarcrawltours.com\/wp-content\/uploads\/2024\/02\/faq-Riviera-bar-crawl-tours.jpg","datePublished":"2020-05-11T12:44:36+00:00","dateModified":"2025-12-03T09:07:45+00:00","breadcrumb":{"@id":"https:\/\/rivierabarcrawltours.com\/de\/cookie-richtlinien-fuer-riviera-bar-crawl\/#breadcrumb"},"inLanguage":"de","potentialAction":[{"@type":"ReadAction","target":["https:\/\/rivierabarcrawltours.com\/de\/cookie-richtlinien-fuer-riviera-bar-crawl\/"]}]},{"@type":"ImageObject","inLanguage":"de","@id":"https:\/\/rivierabarcrawltours.com\/de\/cookie-richtlinien-fuer-riviera-bar-crawl\/#primaryimage","url":"https:\/\/rivierabarcrawltours.com\/wp-content\/uploads\/2024\/02\/faq-Riviera-bar-crawl-tours.jpg","contentUrl":"https:\/\/rivierabarcrawltours.com\/wp-content\/uploads\/2024\/02\/faq-Riviera-bar-crawl-tours.jpg","width":1920,"height":1080},{"@type":"BreadcrumbList","@id":"https:\/\/rivierabarcrawltours.com\/de\/cookie-richtlinien-fuer-riviera-bar-crawl\/#breadcrumb","itemListElement":[{"@type":"ListItem","position":1,"name":"Home","item":"https:\/\/rivierabarcrawltours.com\/de\/"},{"@type":"ListItem","position":2,"name":"Cookie-Richtlinien f\u00fcr Riviera Bar Crawl"}]},{"@type":"WebSite","@id":"https:\/\/rivierabarcrawltours.com\/#website","url":"https:\/\/rivierabarcrawltours.com\/","name":"Riviera Bar Crawl Tours","description":"Fun Day &amp; Night Experiences I Tour operator I Guided Tours I Bar Crawls I Food Tours I","publisher":{"@id":"https:\/\/rivierabarcrawltours.com\/#organization"},"potentialAction":[{"@type":"SearchAction","target":{"@type":"EntryPoint","urlTemplate":"https:\/\/rivierabarcrawltours.com\/?s={search_term_string}"},"query-input":{"@type":"PropertyValueSpecification","valueRequired":true,"valueName":"search_term_string"}}],"inLanguage":"de"},{"@type":"Organization","@id":"https:\/\/rivierabarcrawltours.com\/#organization","name":"Riviera Bar Crawl Tours","url":"https:\/\/rivierabarcrawltours.com\/","logo":{"@type":"ImageObject","inLanguage":"de","@id":"https:\/\/rivierabarcrawltours.com\/#\/schema\/logo\/image\/","url":"https:\/\/rivierabarcrawltours.com\/wp-content\/uploads\/2019\/07\/logo.png","contentUrl":"https:\/\/rivierabarcrawltours.com\/wp-content\/uploads\/2019\/07\/logo.png","width":479,"height":453,"caption":"Riviera Bar Crawl Tours"},"image":{"@id":"https:\/\/rivierabarcrawltours.com\/#\/schema\/logo\/image\/"},"sameAs":["https:\/\/www.facebook.com\/RivieraBarCrawltours\/","https:\/\/x.com\/rivierabarcrawl"]}]}},"_links":{"self":[{"href":"https:\/\/rivierabarcrawltours.com\/de\/wp-json\/wp\/v2\/pages\/56212","targetHints":{"allow":["GET"]}}],"collection":[{"href":"https:\/\/rivierabarcrawltours.com\/de\/wp-json\/wp\/v2\/pages"}],"about":[{"href":"https:\/\/rivierabarcrawltours.com\/de\/wp-json\/wp\/v2\/types\/page"}],"author":[{"embeddable":true,"href":"https:\/\/rivierabarcrawltours.com\/de\/wp-json\/wp\/v2\/users\/2"}],"replies":[{"embeddable":true,"href":"https:\/\/rivierabarcrawltours.com\/de\/wp-json\/wp\/v2\/comments?post=56212"}],"version-history":[{"count":2,"href":"https:\/\/rivierabarcrawltours.com\/de\/wp-json\/wp\/v2\/pages\/56212\/revisions"}],"predecessor-version":[{"id":122201,"href":"https:\/\/rivierabarcrawltours.com\/de\/wp-json\/wp\/v2\/pages\/56212\/revisions\/122201"}],"wp:featuredmedia":[{"embeddable":true,"href":"https:\/\/rivierabarcrawltours.com\/de\/wp-json\/wp\/v2\/media\/111560"}],"wp:attachment":[{"href":"https:\/\/rivierabarcrawltours.com\/de\/wp-json\/wp\/v2\/media?parent=56212"}],"curies":[{"name":"wp","href":"https:\/\/api.w.org\/{rel}","templated":true}]}}