{"id":56206,"date":"2020-05-11T13:04:03","date_gmt":"2020-05-11T11:04:03","guid":{"rendered":"https:\/\/rivierabarcrawltours.com\/vertriebspartner-riviera-bar-crawl-tours\/"},"modified":"2026-01-09T12:53:31","modified_gmt":"2026-01-09T11:53:31","slug":"vertriebspartner-riviera-bar-crawl-tours","status":"publish","type":"page","link":"https:\/\/rivierabarcrawltours.com\/de\/vertriebspartner-riviera-bar-crawl-tours\/","title":{"rendered":"Partnerprogramm"},"content":{"rendered":"<h1 data-path-to-node=\"3\"><strong>\ud83d\ude80 Das Riviera Bar Crawl &amp; Tours Partnerprogramm: Klicks in Geld verwandeln<\/strong><\/h1>\n<h3 data-path-to-node=\"4\"><strong>Arbeiten Sie mit Europas Top-Reiseexperten zusammen und steigern Sie Ihren Umsatz<\/strong><\/h3>\n<p data-path-to-node=\"5\">Betreiben Sie einen erfolgreichen Reiseblog, eine Website oder eine soziale Plattform? Verwandeln Sie Ihre Leidenschaft f\u00fcr Reisen und Nachtleben in eine lukrative, passive Einkommensquelle, indem Sie eine Partnerschaft mit Riviera Bar Crawl &amp; Tours eingehen. <\/p>\n<p data-path-to-node=\"6\">Wir bieten unvergessliche, hoch bewertete Erlebnisse in <b>mehr als 10 pulsierenden europ\u00e4ischen St\u00e4dten &#8211; von der<\/b>C\u00f4te d&#8217;Azur bis Paris &#8211; und jetzt auch in <b style=\"font-family: Raleway, sans-serif;\">wichtigen Partyzielen auf der ganzen Welt <\/b>. Vermitteln Sie Ihrem Publikum die besten Reisemomente und lassen Sie sich daf\u00fcr gut bezahlen.<\/p>\n<h3 data-path-to-node=\"8\"><b>\ud83d\udcb0 Warum mit uns zusammenarbeiten? Attraktiver &amp; einfacher Verdienst <\/b><\/h3>\n<ul data-path-to-node=\"9\">\n<li>\n<p data-path-to-node=\"9,0,0\"><b>Wettbewerbsf\u00e4hige Provisionen:<\/b> Verdienen Sie eine gro\u00dfz\u00fcgige, klar definierte Provision auf jede einzelne best\u00e4tigte Reservierung, die \u00fcber Ihre Plattform get\u00e4tigt wird.<\/p>\n<\/li>\n<li>\n<p data-path-to-node=\"9,1,0\"><b>Problemlose Auszahlungen:<\/b> Erhalten Sie zuverl\u00e4ssige, p\u00fcnktliche <b>monatliche Auszahlungen &#8211; keine<\/b>versteckten Geb\u00fchren, keine Verwirrung, nur klare, best\u00e4ndige Einnahmen.<\/p>\n<\/li>\n<li>\n<p data-path-to-node=\"9,2,0\"><b>Es ist KOSTENLOS, mitzumachen:<\/b> Fangen Sie noch heute an zu verdienen, <b>ohne Anmeldegeb\u00fchren<\/b> und ohne langfristige Verpflichtungen.<\/p>\n<\/li>\n<\/ul>\n<h3 data-path-to-node=\"10\"><b>\u2728 Nahtlose Integration &amp; un\u00fcbertroffener Support<\/b><\/h3>\n<p data-path-to-node=\"11\">Wir machen die Einrichtung m\u00fchelos, damit Sie sich auf die Erstellung gro\u00dfartiger Inhalte konzentrieren k\u00f6nnen.<\/p>\n<ul data-path-to-node=\"12\">\n<li>\n<p data-path-to-node=\"12,0,0\"><b>Fertig f\u00fcr Sie eingerichtet:<\/b> Unser engagiertes Team k\u00fcmmert sich um die <b>gesamte Widget-Integration<\/b> auf Ihrer Website und sorgt f\u00fcr eine reibungslose, sch\u00f6ne und m\u00fchelose Einrichtung.<\/p>\n<\/li>\n<li>\n<p data-path-to-node=\"12,1,0\"><b>Ma\u00dfgeschneidert f\u00fcr Ihre Marke:<\/b> W\u00e4hlen Sie aus einer Auswahl attraktiver Widgets, die sich auf nat\u00fcrliche Weise in die \u00c4sthetik Ihrer Website einf\u00fcgen und die Harmonie Ihrer Inhalte bewahren.<\/p>\n<\/li>\n<li>\n<p data-path-to-node=\"12,2,0\"><b>Pers\u00f6nliche Optimierung:<\/b> Erhalten Sie ma\u00dfgeschneiderte Ratschl\u00e4ge und bew\u00e4hrte Strategien von unseren Experten, um die Platzierung von Widgets zu optimieren, <b>Ihre Konversionsraten<\/b> deutlich <b>zu erh\u00f6hen<\/b> und Ihre Gewinne zu maximieren.<\/p>\n<\/li>\n<\/ul>\n<h3 data-path-to-node=\"13\"><b>\ud83d\udcc8 Wachstum &amp; Transparenz freischalten<\/b><\/h3>\n<ul data-path-to-node=\"14\">\n<li>\n<p data-path-to-node=\"14,0,0\"><b>Hohe Konversionsrate:<\/b> Bewerben Sie besonders empfohlene und gefragte Touren (sehen Sie sich unsere TripAdvisor-Bewertungen an!), die Ihr Publikum wirklich lieben wird, was zu einer h\u00f6heren Konversionsrate bei Buchungen f\u00fchrt.<\/p>\n<\/li>\n<li>\n<p data-path-to-node=\"14,1,0\"><b>Engagierter technischer Support:<\/b> Unser technisches Team vereinfacht den gesamten Prozess und macht Integration und Wartung zu einem Kinderspiel.<\/p>\n<\/li>\n<li>\n<p data-path-to-node=\"14,2,0\"><b>Totale Klarheit:<\/b> Genie\u00dfen Sie vollst\u00e4ndige Transparenz bei Berichten und Einnahmen. Sie werden immer genau wissen, was Sie verdient haben. <\/p>\n<\/li>\n<\/ul>\n<h3 data-path-to-node=\"16\"><b>Sind Sie bereit, Ihr Einkommen zu erh\u00f6hen?<\/b><\/h3>\n<p data-path-to-node=\"17\">Lassen Sie kein Geld auf dem Tisch liegen. Nehmen Sie jetzt am <b>Riviera Bar Crawl &amp; Tours Partnerprogramm<\/b> teil und beginnen Sie, Einnahmen zu generieren, indem Sie Ihre Besucher mit den besten Nachtleben-Erlebnissen in Europa verbinden! <\/p>\n","protected":false},"excerpt":{"rendered":"<p>\ud83d\ude80 Das Riviera Bar Crawl &amp; Tours Partnerprogramm: Klicks in Geld verwandeln Arbeiten Sie mit Europas Top-Reiseexperten zusammen und steigern Sie Ihren Umsatz Betreiben Sie einen erfolgreichen Reiseblog, eine Website oder eine soziale Plattform? Verwandeln Sie Ihre Leidenschaft f\u00fcr Reisen und Nachtleben in eine lukrative, passive Einkommensquelle, indem Sie eine Partnerschaft mit Riviera Bar Crawl [&hellip;]<\/p>\n","protected":false},"author":2,"featured_media":111560,"parent":0,"menu_order":0,"comment_status":"closed","ping_status":"closed","template":"template-home-modern.php","meta":{"_acf_changed":false,"footnotes":""},"class_list":["post-56206","page","type-page","status-publish","has-post-thumbnail","hentry"],"acf":[],"yoast_head":"<!-- This site is optimized with the Yoast SEO plugin v27.6 - https:\/\/yoast.com\/product\/yoast-seo-wordpress\/ -->\n<title>Partnerprogramm - Riviera Bar Crawl Tours<\/title>\n<meta name=\"description\" content=\"Verdienen Sie bis zu 20% Provision f\u00fcr die Werbung f\u00fcr erstklassige Bar Crawls und Touren in ganz Europa mit Riviera Bar Crawl &amp; Tours\" \/>\n<meta name=\"robots\" content=\"index, follow, max-snippet:-1, max-image-preview:large, max-video-preview:-1\" \/>\n<link rel=\"canonical\" href=\"https:\/\/rivierabarcrawltours.com\/de\/vertriebspartner-riviera-bar-crawl-tours\/\" \/>\n<meta property=\"og:locale\" content=\"de_DE\" \/>\n<meta property=\"og:type\" content=\"article\" \/>\n<meta property=\"og:title\" content=\"Partnerprogramm - Riviera Bar Crawl Tours\" \/>\n<meta property=\"og:description\" content=\"Verdienen Sie bis zu 20% Provision f\u00fcr die Werbung f\u00fcr erstklassige Bar Crawls und Touren in ganz Europa mit Riviera Bar Crawl &amp; Tours\" \/>\n<meta property=\"og:url\" content=\"https:\/\/rivierabarcrawltours.com\/de\/vertriebspartner-riviera-bar-crawl-tours\/\" \/>\n<meta property=\"og:site_name\" content=\"Riviera Bar Crawl Tours\" \/>\n<meta property=\"article:publisher\" content=\"https:\/\/www.facebook.com\/RivieraBarCrawltours\/\" \/>\n<meta property=\"article:modified_time\" content=\"2026-01-09T11:53:31+00:00\" \/>\n<meta property=\"og:image\" content=\"https:\/\/rivierabarcrawltours.com\/wp-content\/uploads\/2024\/02\/faq-Riviera-bar-crawl-tours.jpg\" \/>\n\t<meta property=\"og:image:width\" content=\"1920\" \/>\n\t<meta property=\"og:image:height\" content=\"1080\" \/>\n\t<meta property=\"og:image:type\" content=\"image\/jpeg\" \/>\n<meta name=\"twitter:card\" content=\"summary_large_image\" \/>\n<meta name=\"twitter:site\" content=\"@rivierabarcrawl\" \/>\n<meta name=\"twitter:label1\" content=\"Gesch\u00e4tzte Lesezeit\" \/>\n\t<meta name=\"twitter:data1\" content=\"2\u00a0Minuten\" \/>\n<!-- \/ Yoast SEO plugin. -->","yoast_head_json":{"title":"Partnerprogramm - Riviera Bar Crawl Tours","description":"Verdienen Sie bis zu 20% Provision f\u00fcr die Werbung f\u00fcr erstklassige Bar Crawls und Touren in ganz Europa mit Riviera Bar Crawl & Tours","robots":{"index":"index","follow":"follow","max-snippet":"max-snippet:-1","max-image-preview":"max-image-preview:large","max-video-preview":"max-video-preview:-1"},"canonical":"https:\/\/rivierabarcrawltours.com\/de\/vertriebspartner-riviera-bar-crawl-tours\/","og_locale":"de_DE","og_type":"article","og_title":"Partnerprogramm - Riviera Bar Crawl Tours","og_description":"Verdienen Sie bis zu 20% Provision f\u00fcr die Werbung f\u00fcr erstklassige Bar Crawls und Touren in ganz Europa mit Riviera Bar Crawl & Tours","og_url":"https:\/\/rivierabarcrawltours.com\/de\/vertriebspartner-riviera-bar-crawl-tours\/","og_site_name":"Riviera Bar Crawl Tours","article_publisher":"https:\/\/www.facebook.com\/RivieraBarCrawltours\/","article_modified_time":"2026-01-09T11:53:31+00:00","og_image":[{"width":1920,"height":1080,"url":"https:\/\/rivierabarcrawltours.com\/wp-content\/uploads\/2024\/02\/faq-Riviera-bar-crawl-tours.jpg","type":"image\/jpeg"}],"twitter_card":"summary_large_image","twitter_site":"@rivierabarcrawl","twitter_misc":{"Gesch\u00e4tzte Lesezeit":"2\u00a0Minuten"},"schema":{"@context":"https:\/\/schema.org","@graph":[{"@type":"WebPage","@id":"https:\/\/rivierabarcrawltours.com\/de\/vertriebspartner-riviera-bar-crawl-tours\/","url":"https:\/\/rivierabarcrawltours.com\/de\/vertriebspartner-riviera-bar-crawl-tours\/","name":"Partnerprogramm - Riviera Bar Crawl Tours","isPartOf":{"@id":"https:\/\/rivierabarcrawltours.com\/#website"},"primaryImageOfPage":{"@id":"https:\/\/rivierabarcrawltours.com\/de\/vertriebspartner-riviera-bar-crawl-tours\/#primaryimage"},"image":{"@id":"https:\/\/rivierabarcrawltours.com\/de\/vertriebspartner-riviera-bar-crawl-tours\/#primaryimage"},"thumbnailUrl":"https:\/\/rivierabarcrawltours.com\/wp-content\/uploads\/2024\/02\/faq-Riviera-bar-crawl-tours.jpg","datePublished":"2020-05-11T11:04:03+00:00","dateModified":"2026-01-09T11:53:31+00:00","description":"Verdienen Sie bis zu 20% Provision f\u00fcr die Werbung f\u00fcr erstklassige Bar Crawls und Touren in ganz Europa mit Riviera Bar Crawl & Tours","breadcrumb":{"@id":"https:\/\/rivierabarcrawltours.com\/de\/vertriebspartner-riviera-bar-crawl-tours\/#breadcrumb"},"inLanguage":"de","potentialAction":[{"@type":"ReadAction","target":["https:\/\/rivierabarcrawltours.com\/de\/vertriebspartner-riviera-bar-crawl-tours\/"]}]},{"@type":"ImageObject","inLanguage":"de","@id":"https:\/\/rivierabarcrawltours.com\/de\/vertriebspartner-riviera-bar-crawl-tours\/#primaryimage","url":"https:\/\/rivierabarcrawltours.com\/wp-content\/uploads\/2024\/02\/faq-Riviera-bar-crawl-tours.jpg","contentUrl":"https:\/\/rivierabarcrawltours.com\/wp-content\/uploads\/2024\/02\/faq-Riviera-bar-crawl-tours.jpg","width":1920,"height":1080},{"@type":"BreadcrumbList","@id":"https:\/\/rivierabarcrawltours.com\/de\/vertriebspartner-riviera-bar-crawl-tours\/#breadcrumb","itemListElement":[{"@type":"ListItem","position":1,"name":"Home","item":"https:\/\/rivierabarcrawltours.com\/de\/"},{"@type":"ListItem","position":2,"name":"Partnerprogramm"}]},{"@type":"WebSite","@id":"https:\/\/rivierabarcrawltours.com\/#website","url":"https:\/\/rivierabarcrawltours.com\/","name":"Riviera Bar Crawl Tours","description":"Fun Day &amp; Night Experiences I Tour operator I Guided Tours I Bar Crawls I Food Tours I","publisher":{"@id":"https:\/\/rivierabarcrawltours.com\/#organization"},"potentialAction":[{"@type":"SearchAction","target":{"@type":"EntryPoint","urlTemplate":"https:\/\/rivierabarcrawltours.com\/?s={search_term_string}"},"query-input":{"@type":"PropertyValueSpecification","valueRequired":true,"valueName":"search_term_string"}}],"inLanguage":"de"},{"@type":"Organization","@id":"https:\/\/rivierabarcrawltours.com\/#organization","name":"Riviera Bar Crawl Tours","url":"https:\/\/rivierabarcrawltours.com\/","logo":{"@type":"ImageObject","inLanguage":"de","@id":"https:\/\/rivierabarcrawltours.com\/#\/schema\/logo\/image\/","url":"https:\/\/rivierabarcrawltours.com\/wp-content\/uploads\/2019\/07\/logo.png","contentUrl":"https:\/\/rivierabarcrawltours.com\/wp-content\/uploads\/2019\/07\/logo.png","width":479,"height":453,"caption":"Riviera Bar Crawl Tours"},"image":{"@id":"https:\/\/rivierabarcrawltours.com\/#\/schema\/logo\/image\/"},"sameAs":["https:\/\/www.facebook.com\/RivieraBarCrawltours\/","https:\/\/x.com\/rivierabarcrawl"]}]}},"_links":{"self":[{"href":"https:\/\/rivierabarcrawltours.com\/de\/wp-json\/wp\/v2\/pages\/56206","targetHints":{"allow":["GET"]}}],"collection":[{"href":"https:\/\/rivierabarcrawltours.com\/de\/wp-json\/wp\/v2\/pages"}],"about":[{"href":"https:\/\/rivierabarcrawltours.com\/de\/wp-json\/wp\/v2\/types\/page"}],"author":[{"embeddable":true,"href":"https:\/\/rivierabarcrawltours.com\/de\/wp-json\/wp\/v2\/users\/2"}],"replies":[{"embeddable":true,"href":"https:\/\/rivierabarcrawltours.com\/de\/wp-json\/wp\/v2\/comments?post=56206"}],"version-history":[{"count":3,"href":"https:\/\/rivierabarcrawltours.com\/de\/wp-json\/wp\/v2\/pages\/56206\/revisions"}],"predecessor-version":[{"id":122375,"href":"https:\/\/rivierabarcrawltours.com\/de\/wp-json\/wp\/v2\/pages\/56206\/revisions\/122375"}],"wp:featuredmedia":[{"embeddable":true,"href":"https:\/\/rivierabarcrawltours.com\/de\/wp-json\/wp\/v2\/media\/111560"}],"wp:attachment":[{"href":"https:\/\/rivierabarcrawltours.com\/de\/wp-json\/wp\/v2\/media?parent=56206"}],"curies":[{"name":"wp","href":"https:\/\/api.w.org\/{rel}","templated":true}]}}