{"id":56182,"date":"2020-05-08T15:36:03","date_gmt":"2020-05-08T13:36:03","guid":{"rendered":"https:\/\/rivierabarcrawltours.com\/kontaktiere-uns\/"},"modified":"2025-12-12T15:01:03","modified_gmt":"2025-12-12T14:01:03","slug":"kontaktiere-uns","status":"publish","type":"page","link":"https:\/\/rivierabarcrawltours.com\/de\/kontaktiere-uns\/","title":{"rendered":"Kontaktieren Sie uns"},"content":{"rendered":"<div class=\"wpb-content-wrapper\"><p>[vc_row][vc_column][vc_empty_space height=&#8220;75px&#8220;][\/vc_column][\/vc_row][vc_row][vc_column]<a href=\"\/faq\/\" class=\"btn btn-success btn-normal btn-ghost\">FREQUENTLY ASKED QUESTIONS<\/a>[vc_column_text css=&#8220;.vc_custom_1765121520013{margin-top: 65px !important;}&#8220;]<\/p>\n<h2 data-path-to-node=\"2\"><strong>\ud83d\udcde Brauchen Sie Hilfe? Kontaktieren Sie uns! <\/strong><\/h2>\n<p data-path-to-node=\"3\">Wir bem\u00fchen uns, die Suche nach Informationen einfach und unkompliziert zu gestalten. Bitte lesen Sie das Folgende, bevor Sie unser Team kontaktieren: <\/p>\n<h2 data-path-to-node=\"4\">\u2753 S <b>chnelle Antworten &amp; FAQs<\/b><\/h2>\n<ul data-path-to-node=\"5\">\n<li>\n<p data-path-to-node=\"5,0,0\"><b>24\/7 Unterst\u00fctzung:<\/b> \u00dcber unseren <b>KI-Chatbot<\/b>, der auf unserer Website verf\u00fcgbar ist, erhalten Sie 24 Stunden am Tag, 7 Tage die Woche sofortige Antworten und Unterst\u00fctzung.<\/p>\n<\/li>\n<li>\n<p data-path-to-node=\"5,1,0\"><b>Allgemeine Fragen:<\/b> Wenn Sie eine Frage zu einer Ihrer gebuchten Touren haben, lesen Sie bitte unseren ausf\u00fchrlichen <a href=\"https:\/\/rivierabarcrawltours.com\/de\/haeufig-gestellte-fragen\/\" target=\"_blank\" rel=\"noopener\"><b>FAQ-Bereich<\/b><\/a> Die meisten Antworten finden Sie dort sofort!<\/p>\n<\/li>\n<\/ul>\n<h2 data-path-to-node=\"2\"><b>\ud83d\udccd Kontaktinformationen &amp; B\u00fcrozeiten<\/b><\/h2>\n<p data-path-to-node=\"3\">Unser Team steht Ihnen zu den unten angegebenen Zeiten zur Verf\u00fcgung. Bitte beachten Sie jedoch, dass unser <b>KI-Chatbot<\/b> auch au\u00dferhalb dieser Zeiten sofortige Unterst\u00fctzung bietet.<\/p>\n<ul>\n<li data-path-to-node=\"4\"><b>B\u00fcroadresse<\/b> 8 rue Chauvain, 06000 Nizza, Frankreich<\/li>\n<li data-path-to-node=\"5\"><b>WhatsApp Telefon<\/b> +33 649 244 407<\/li>\n<li data-path-to-node=\"6\"><b>E-Mail<\/b> info@rivierabarcrawltours.com<\/li>\n<\/ul>\n<h3 data-path-to-node=\"6\"><b>\ud83d\udcc5 \u00c4ndern Sie Ihr Tourdatum<\/b><\/h3>\n<p data-path-to-node=\"7\">Wenn Sie das Datum Ihrer Tour verschieben oder \u00e4ndern m\u00fcssen, senden Sie uns bitte eine formelle Anfrage per <b>E-Mail<\/b>.<\/p>\n<ul data-path-to-node=\"8\">\n<li>\n<p data-path-to-node=\"8,0,0\">Der Antrag muss mindestens <b>48 Stunden vor der Veranstaltung<\/b> gestellt werden.<\/p>\n<\/li>\n<li>\n<p data-path-to-node=\"8,1,0\">Wir werden unser Bestes tun, um die \u00c4nderung zu ber\u00fccksichtigen, aber das h\u00e4ngt immer von der Verf\u00fcgbarkeit des neuen Termins ab.<\/p>\n<\/li>\n<\/ul>\n<p>[\/vc_column_text]\n<div class=\"wpcf7 no-js\" id=\"wpcf7-f62606-o1\" lang=\"en-US\" dir=\"ltr\" data-wpcf7-id=\"62606\">\n<div class=\"screen-reader-response\"><p role=\"status\" aria-live=\"polite\" aria-atomic=\"true\"><\/p> <ul><\/ul><\/div>\n<form action=\"\/de\/wp-json\/wp\/v2\/pages\/56182#wpcf7-f62606-o1\" method=\"post\" class=\"wpcf7-form init\" aria-label=\"Contact form\" novalidate=\"novalidate\" data-status=\"init\">\n<fieldset class=\"hidden-fields-container\"><input type=\"hidden\" name=\"_wpcf7\" value=\"62606\" \/><input type=\"hidden\" name=\"_wpcf7_version\" value=\"6.1.5\" \/><input type=\"hidden\" name=\"_wpcf7_locale\" value=\"en_US\" \/><input type=\"hidden\" name=\"_wpcf7_unit_tag\" value=\"wpcf7-f62606-o1\" \/><input type=\"hidden\" name=\"_wpcf7_container_post\" value=\"0\" \/><input type=\"hidden\" name=\"_wpcf7_posted_data_hash\" value=\"\" \/><input type=\"hidden\" name=\"_wpcf7_recaptcha_response\" value=\"\" \/>\n<\/fieldset>\n<div class=\"st-contact-form\">\n\t<div class=\"contact-header\">\n\t\t<h3>We'd love to hear from you\n\t\t<\/h3>\n\t\t<p>Send us a message and we'll respond as soon as possible\n\t\t<\/p>\n\t<\/div>\n\t<div class=\"contact-form\">\n\t\t<div class=\"form-group\">\n\t\t\t<p><span class=\"wpcf7-form-control-wrap\" data-name=\"your-name\"><input size=\"40\" maxlength=\"400\" class=\"wpcf7-form-control wpcf7-text wpcf7-validates-as-required form-control\" aria-required=\"true\" aria-invalid=\"false\" placeholder=\"Name\" value=\"\" type=\"text\" name=\"your-name\" \/><\/span>\n\t\t\t<\/p>\n\t\t<\/div>\n\t\t<div class=\"form-group\">\n\t\t\t<p><span class=\"wpcf7-form-control-wrap\" data-name=\"your-email\"><input size=\"40\" maxlength=\"400\" class=\"wpcf7-form-control wpcf7-email wpcf7-validates-as-required wpcf7-text wpcf7-validates-as-email form-control\" aria-required=\"true\" aria-invalid=\"false\" placeholder=\"Email\" value=\"\" type=\"email\" name=\"your-email\" \/><\/span>\n\t\t\t<\/p>\n\t\t<\/div>\n\t\t<div class=\"form-group\">\n\t\t\t<p><span class=\"wpcf7-form-control-wrap\" data-name=\"your-message\"><textarea cols=\"40\" rows=\"10\" maxlength=\"2000\" class=\"wpcf7-form-control wpcf7-textarea form-control\" aria-invalid=\"false\" placeholder=\"Message\" name=\"your-message\"><\/textarea><\/span>\n\t\t\t<\/p>\n\t\t<\/div>\n\t<span class=\"wpcf7-form-control-wrap recaptcha\" data-name=\"recaptcha\"><span data-sitekey=\"6LdJz1AaAAAAACdpzuGXVjdcRmpNNTMel9zmPCUG\" class=\"wpcf7-form-control wpcf7-recaptcha g-recaptcha\"><\/span>\r\n<noscript>\r\n\t<div class=\"grecaptcha-noscript\">\r\n\t\t<iframe loading=\"lazy\" src=\"https:\/\/www.google.com\/recaptcha\/api\/fallback?k=6LdJz1AaAAAAACdpzuGXVjdcRmpNNTMel9zmPCUG\" frameborder=\"0\" scrolling=\"no\" width=\"310\" height=\"430\">\r\n\t\t<\/iframe>\r\n\t\t<textarea name=\"g-recaptcha-response\" rows=\"3\" cols=\"40\" placeholder=\"reCaptcha Response Here\">\r\n\t\t<\/textarea>\r\n\t<\/div>\r\n<\/noscript>\r\n<\/span>\n\t\t<p><input class=\"wpcf7-form-control wpcf7-submit has-spinner btn btn-primary\" type=\"submit\" value=\"SEND MESSAGE\" \/>\n\t\t<\/p>\n\t<\/div>\n<\/div><p style=\"display: none !important;\" class=\"akismet-fields-container\" data-prefix=\"_wpcf7_ak_\"><label>&#916;<textarea name=\"_wpcf7_ak_hp_textarea\" cols=\"45\" rows=\"8\" maxlength=\"100\"><\/textarea><\/label><input type=\"hidden\" id=\"ak_js_1\" name=\"_wpcf7_ak_js\" value=\"135\"\/><script>document.getElementById( \"ak_js_1\" ).setAttribute( \"value\", ( new Date() ).getTime() );<\/script><\/p><div class=\"wpcf7-response-output\" aria-hidden=\"true\"><\/div>\n<\/form>\n<\/div>\n[vc_empty_space height=&#8220;25px&#8220;][vc_empty_space height=&#8220;75px&#8220;][\/vc_column][\/vc_row][vc_row full_width=&#8220;stretch_row_content_no_spaces&#8220; row_fullwidth=&#8220;yes&#8220; css=&#8220;.vc_custom_1543398264656{margin-bottom: -100px !important;}&#8220;][vc_column css=&#8220;.vc_custom_1543213048580{padding-right: 0px !important;padding-left: 0px !important;}&#8220;]\t\t<div id=\"contact-map-new\" data-lat=\"43.69780731201172\" data-lng=\"7.276341915130615\" style=\"width: 100%; height: 500px;\"><\/div>\r\n\t[\/vc_column][\/vc_row]<\/p>\n<\/div>","protected":false},"excerpt":{"rendered":"<p>[vc_row][vc_column][vc_empty_space height=&#8220;75px&#8220;][\/vc_column][\/vc_row][vc_row][vc_column][vc_column_text css=&#8220;.vc_custom_1765121520013{margin-top: 65px !important;}&#8220;] \ud83d\udcde Brauchen Sie Hilfe? Kontaktieren Sie uns! Wir bem\u00fchen uns, die Suche nach Informationen einfach und unkompliziert zu gestalten. Bitte lesen Sie das Folgende, bevor Sie unser Team kontaktieren: \u2753 S chnelle Antworten &amp; FAQs 24\/7 Unterst\u00fctzung: \u00dcber unseren KI-Chatbot, der auf unserer Website verf\u00fcgbar ist, erhalten Sie 24 Stunden [&hellip;]<\/p>\n","protected":false},"author":2,"featured_media":111560,"parent":0,"menu_order":0,"comment_status":"closed","ping_status":"closed","template":"template-home-modern.php","meta":{"_acf_changed":false,"footnotes":""},"class_list":["post-56182","page","type-page","status-publish","has-post-thumbnail","hentry"],"acf":[],"yoast_head":"<!-- This site is optimized with the Yoast SEO plugin v27.4 - https:\/\/yoast.com\/product\/yoast-seo-wordpress\/ -->\n<title>Kontaktieren Sie uns I Riviera Bar Crawl and Tours | Hier um Ihnen zu helfen<\/title>\n<meta name=\"description\" content=\"Haben Sie spezielle Fragen zu unseren Touren oder ben\u00f6tigen Sie Hilfe, dann kontaktieren Sie uns, wir helfen Ihnen gerne weiter.\" \/>\n<meta name=\"robots\" content=\"index, follow, max-snippet:-1, max-image-preview:large, max-video-preview:-1\" \/>\n<link rel=\"canonical\" href=\"https:\/\/rivierabarcrawltours.com\/de\/kontaktiere-uns\/\" \/>\n<meta property=\"og:locale\" content=\"de_DE\" \/>\n<meta property=\"og:type\" content=\"article\" \/>\n<meta property=\"og:title\" content=\"Kontaktieren Sie uns I Riviera Bar Crawl and Tours | Hier um Ihnen zu helfen\" \/>\n<meta property=\"og:description\" content=\"Haben Sie spezielle Fragen zu unseren Touren oder ben\u00f6tigen Sie Hilfe, dann kontaktieren Sie uns, wir helfen Ihnen gerne weiter.\" \/>\n<meta property=\"og:url\" content=\"https:\/\/rivierabarcrawltours.com\/de\/kontaktiere-uns\/\" \/>\n<meta property=\"og:site_name\" content=\"Riviera Bar Crawl Tours\" \/>\n<meta property=\"article:publisher\" content=\"https:\/\/www.facebook.com\/RivieraBarCrawltours\/\" \/>\n<meta property=\"article:modified_time\" content=\"2025-12-12T14:01:03+00:00\" \/>\n<meta name=\"twitter:card\" content=\"summary_large_image\" \/>\n<meta name=\"twitter:image\" content=\"https:\/\/rivierabarcrawltours.com\/wp-content\/uploads\/2024\/02\/faq-Riviera-bar-crawl-tours.jpg\" \/>\n<meta name=\"twitter:site\" content=\"@rivierabarcrawl\" \/>\n<meta name=\"twitter:label1\" content=\"Gesch\u00e4tzte Lesezeit\" \/>\n\t<meta name=\"twitter:data1\" content=\"1\u00a0Minute\" \/>\n<!-- \/ Yoast SEO plugin. -->","yoast_head_json":{"title":"Kontaktieren Sie uns I Riviera Bar Crawl and Tours | Hier um Ihnen zu helfen","description":"Haben Sie spezielle Fragen zu unseren Touren oder ben\u00f6tigen Sie Hilfe, dann kontaktieren Sie uns, wir helfen Ihnen gerne weiter.","robots":{"index":"index","follow":"follow","max-snippet":"max-snippet:-1","max-image-preview":"max-image-preview:large","max-video-preview":"max-video-preview:-1"},"canonical":"https:\/\/rivierabarcrawltours.com\/de\/kontaktiere-uns\/","og_locale":"de_DE","og_type":"article","og_title":"Kontaktieren Sie uns I Riviera Bar Crawl and Tours | Hier um Ihnen zu helfen","og_description":"Haben Sie spezielle Fragen zu unseren Touren oder ben\u00f6tigen Sie Hilfe, dann kontaktieren Sie uns, wir helfen Ihnen gerne weiter.","og_url":"https:\/\/rivierabarcrawltours.com\/de\/kontaktiere-uns\/","og_site_name":"Riviera Bar Crawl Tours","article_publisher":"https:\/\/www.facebook.com\/RivieraBarCrawltours\/","article_modified_time":"2025-12-12T14:01:03+00:00","twitter_card":"summary_large_image","twitter_image":"https:\/\/rivierabarcrawltours.com\/wp-content\/uploads\/2024\/02\/faq-Riviera-bar-crawl-tours.jpg","twitter_site":"@rivierabarcrawl","twitter_misc":{"Gesch\u00e4tzte Lesezeit":"1\u00a0Minute"},"schema":{"@context":"https:\/\/schema.org","@graph":[{"@type":"WebPage","@id":"https:\/\/rivierabarcrawltours.com\/de\/kontaktiere-uns\/","url":"https:\/\/rivierabarcrawltours.com\/de\/kontaktiere-uns\/","name":"Kontaktieren Sie uns I Riviera Bar Crawl and Tours | Hier um Ihnen zu helfen","isPartOf":{"@id":"https:\/\/rivierabarcrawltours.com\/#website"},"primaryImageOfPage":{"@id":"https:\/\/rivierabarcrawltours.com\/de\/kontaktiere-uns\/#primaryimage"},"image":{"@id":"https:\/\/rivierabarcrawltours.com\/de\/kontaktiere-uns\/#primaryimage"},"thumbnailUrl":"https:\/\/rivierabarcrawltours.com\/wp-content\/uploads\/2024\/02\/faq-Riviera-bar-crawl-tours.jpg","datePublished":"2020-05-08T13:36:03+00:00","dateModified":"2025-12-12T14:01:03+00:00","description":"Haben Sie spezielle Fragen zu unseren Touren oder ben\u00f6tigen Sie Hilfe, dann kontaktieren Sie uns, wir helfen Ihnen gerne weiter.","breadcrumb":{"@id":"https:\/\/rivierabarcrawltours.com\/de\/kontaktiere-uns\/#breadcrumb"},"inLanguage":"de","potentialAction":[{"@type":"ReadAction","target":["https:\/\/rivierabarcrawltours.com\/de\/kontaktiere-uns\/"]}]},{"@type":"ImageObject","inLanguage":"de","@id":"https:\/\/rivierabarcrawltours.com\/de\/kontaktiere-uns\/#primaryimage","url":"https:\/\/rivierabarcrawltours.com\/wp-content\/uploads\/2024\/02\/faq-Riviera-bar-crawl-tours.jpg","contentUrl":"https:\/\/rivierabarcrawltours.com\/wp-content\/uploads\/2024\/02\/faq-Riviera-bar-crawl-tours.jpg","width":1920,"height":1080},{"@type":"BreadcrumbList","@id":"https:\/\/rivierabarcrawltours.com\/de\/kontaktiere-uns\/#breadcrumb","itemListElement":[{"@type":"ListItem","position":1,"name":"Home","item":"https:\/\/rivierabarcrawltours.com\/de\/"},{"@type":"ListItem","position":2,"name":"Kontaktieren Sie uns"}]},{"@type":"WebSite","@id":"https:\/\/rivierabarcrawltours.com\/#website","url":"https:\/\/rivierabarcrawltours.com\/","name":"Riviera Bar Crawl Tours","description":"Fun Day &amp; Night Experiences I Tour operator I Guided Tours I Bar Crawls I Food Tours I","publisher":{"@id":"https:\/\/rivierabarcrawltours.com\/#organization"},"potentialAction":[{"@type":"SearchAction","target":{"@type":"EntryPoint","urlTemplate":"https:\/\/rivierabarcrawltours.com\/?s={search_term_string}"},"query-input":{"@type":"PropertyValueSpecification","valueRequired":true,"valueName":"search_term_string"}}],"inLanguage":"de"},{"@type":"Organization","@id":"https:\/\/rivierabarcrawltours.com\/#organization","name":"Riviera Bar Crawl Tours","url":"https:\/\/rivierabarcrawltours.com\/","logo":{"@type":"ImageObject","inLanguage":"de","@id":"https:\/\/rivierabarcrawltours.com\/#\/schema\/logo\/image\/","url":"https:\/\/rivierabarcrawltours.com\/wp-content\/uploads\/2019\/07\/logo.png","contentUrl":"https:\/\/rivierabarcrawltours.com\/wp-content\/uploads\/2019\/07\/logo.png","width":479,"height":453,"caption":"Riviera Bar Crawl Tours"},"image":{"@id":"https:\/\/rivierabarcrawltours.com\/#\/schema\/logo\/image\/"},"sameAs":["https:\/\/www.facebook.com\/RivieraBarCrawltours\/","https:\/\/x.com\/rivierabarcrawl"]}]}},"_links":{"self":[{"href":"https:\/\/rivierabarcrawltours.com\/de\/wp-json\/wp\/v2\/pages\/56182","targetHints":{"allow":["GET"]}}],"collection":[{"href":"https:\/\/rivierabarcrawltours.com\/de\/wp-json\/wp\/v2\/pages"}],"about":[{"href":"https:\/\/rivierabarcrawltours.com\/de\/wp-json\/wp\/v2\/types\/page"}],"author":[{"embeddable":true,"href":"https:\/\/rivierabarcrawltours.com\/de\/wp-json\/wp\/v2\/users\/2"}],"replies":[{"embeddable":true,"href":"https:\/\/rivierabarcrawltours.com\/de\/wp-json\/wp\/v2\/comments?post=56182"}],"version-history":[{"count":15,"href":"https:\/\/rivierabarcrawltours.com\/de\/wp-json\/wp\/v2\/pages\/56182\/revisions"}],"predecessor-version":[{"id":122357,"href":"https:\/\/rivierabarcrawltours.com\/de\/wp-json\/wp\/v2\/pages\/56182\/revisions\/122357"}],"wp:featuredmedia":[{"embeddable":true,"href":"https:\/\/rivierabarcrawltours.com\/de\/wp-json\/wp\/v2\/media\/111560"}],"wp:attachment":[{"href":"https:\/\/rivierabarcrawltours.com\/de\/wp-json\/wp\/v2\/media?parent=56182"}],"curies":[{"name":"wp","href":"https:\/\/api.w.org\/{rel}","templated":true}]}}