{"id":126777,"date":"2026-02-18T12:15:42","date_gmt":"2026-02-18T11:15:42","guid":{"rendered":"https:\/\/rivierabarcrawltours.com\/partner-werden-neu\/"},"modified":"2026-02-18T12:15:42","modified_gmt":"2026-02-18T11:15:42","slug":"partner-werden-neu","status":"publish","type":"page","link":"https:\/\/rivierabarcrawltours.com\/de\/partner-werden-neu\/","title":{"rendered":"Partner werden Neu"},"content":{"rendered":"<div class=\"wpb-content-wrapper\"><p>[vc_row full_width=&#8220;stretch_row_content_no_spaces&#8220; css=&#8220;.vc_custom_1768572290285{padding-top: 100px !important;padding-bottom: 100px !important;background-image: url(https:\/\/rivierabarcrawltours.com\/wp-content\/uploads\/2024\/04\/pub-crawl-nice-1-1.jpg?id=112063) !important;}&#8220; el_class=&#8220;text-center st-become-banner&#8220;][vc_column][vc_column_text css=&#8220;&#8220;]<\/p>\n<h1 style=\"text-align: center; color: #ffffff;\">Verwandeln Sie Ihre Leidenschaft in ein Imperium: Werden Sie ein Riviera Bar Crawl &amp; Tours Partner ?<\/h1>\n<p style=\"text-align: center; color: #ffffff;\">15 Jahre Erfahrung &#8211; KI &amp; Automatisierung &#8211; Gebietsexklusivit\u00e4t<\/p>\n<p>[\/vc_column_text][vc_column_text css=&#8220;.vc_custom_1768582216890{background-position: center !important;background-repeat: no-repeat !important;background-size: contain !important;}&#8220;]<a class=\"signup btn btn-danger btn-lg\" style=\"display: none;\" data-toggle=\"modal\" data-target=\"#st-register-form\">Jetzt registrieren<\/a><\/p>\n<p><a class=\"signup btn btn-danger btn-lg\" href=\"https:\/\/docs.google.com\/forms\/d\/1iAIpiWnmkwC0OE1gNtyRe7L_jGifWTH6dJrOp1AJuFM\/edit\" target=\"_blank\" rel=\"noopener noreferrer\">Jetzt registrieren<\/a>[\/vc_column_text][\/vc_column][\/vc_row][vc_row][vc_column][vc_empty_space height=&#8220;45px&#8220;][vc_column_text css=&#8220;&#8220;]<\/p>\n<h2 style=\"text-align: center;\">\ud83d\udc8e Warum Riviera? Die Kraft von 15 Jahren Exzellenz? <\/h2>\n<p>[\/vc_column_text][vc_empty_space height=&#8220;20px&#8220;][vc_column_text css=&#8220;&#8220;]<\/p>\n<p data-path-to-node=\"7\">Ein Unternehmen alleine zu gr\u00fcnden, ist ein Spiel mit hohem Einsatz. Mit uns umgehen Sie die fatalen Fehler, die Zeit und Kapital kosten. <\/p>\n<ul data-path-to-node=\"8\">\n<li>\n<p data-path-to-node=\"8,0,0\"><b data-path-to-node=\"8,0,0\" data-index-in-node=\"0\">Bew\u00e4hrtes Modell:<\/b> Wir haben jedes Detail optimiert, von der Psychologie der G\u00e4ste bis hin zu den genauen Gie\u00dfkosten.<\/p>\n<\/li>\n<li>\n<p data-path-to-node=\"8,1,0\"><b data-path-to-node=\"8,1,0\" data-index-in-node=\"0\">Express-Einf\u00fchrung:<\/b> Seien Sie in weniger als <b data-path-to-node=\"8,1,0\" data-index-in-node=\"67\">45 Tagen<\/b> betriebsbereit und generieren Sie Einnahmen.<\/p>\n<\/li>\n<li>\n<p data-path-to-node=\"8,2,0\"><b data-path-to-node=\"8,2,0\" data-index-in-node=\"0\">Finanzieller Verm\u00f6genswert, nicht nur ein Job:<\/b> Unser System ist so konzipiert, dass Sie Ihr Unternehmen durch Delegation und KI auf hohem Niveau aus der Ferne f\u00fchren k\u00f6nnen.<\/p>\n<\/li>\n<\/ul>\n<p>[\/vc_column_text][vc_column_text css=&#8220;&#8220;]<\/p>\n<h2 style=\"text-align: center;\">Exklusive Vorteile, die gerade f\u00fcr Sie freigeschaltet wurden: ?<\/h2>\n<p>[\/vc_column_text][vc_empty_space height=&#8220;20px&#8220;][vc_column_text css=&#8220;&#8220;]Basierend auf 15 Jahren Daten: Das ultimative Plug-and-Play-Gesch\u00e4ftsmodell[\/vc_column_text][vc_empty_space height=&#8220;10px&#8220;][\/vc_column][\/vc_row][vc_row el_class=&#8220;st-become-feature-wrapper text-center&#8220;][vc_column][vc_row_inner equal_height=&#8220;yes&#8220; el_class=&#8220;st-become-feature text-center&#8220; css=&#8220;.vc_custom_1611486005850{margin-top: 10px !important;margin-bottom: 10px !important;}&#8220;][vc_column_inner el_class=&#8220;column1&#8243; width=&#8220;1\/3&#8243;][vc_column_text css=&#8220;&#8220;]<\/p>\n<h3 data-path-to-node=\"4\"><b data-path-to-node=\"4\" data-index-in-node=\"0\">\ud83e\udd1d Die wichtigsten Partnerschaftsvorteile:<\/b><\/h3>\n<ul data-path-to-node=\"5\">\n<li>\n<p style=\"text-align: left;\" data-path-to-node=\"5,0,0\"><b data-path-to-node=\"5,0,0\" data-index-in-node=\"0\">\ud83c\udfaf Das bew\u00e4hrte Erfolgskonzept:<\/b> H\u00f6ren Sie auf zu raten. Wir haben 1,5 Jahrzehnte damit verbracht, jedes kleinste Detail zu optimieren &#8211; von der <b data-path-to-node=\"5,0,0\" data-index-in-node=\"107\">Psychologie der G\u00e4ste<\/b> und der Besucherstr\u00f6me bis hin zu den <b data-path-to-node=\"5,0,0\" data-index-in-node=\"142\">genauen Gie\u00dfkosten<\/b> und Gewinnmargen. Sie erben eine Formel, die bereits erfolgreich ist. \ud83c\udfc6 <\/p>\n<\/li>\n<li style=\"text-align: left;\">\n<p data-path-to-node=\"5,1,0\"><b data-path-to-node=\"5,1,0\" data-index-in-node=\"0\">\u26a1 Express-Marktzugang (Markteinf\u00fchrung in &lt;45 Tagen):<\/b> Zeit ist Geld. Unser &#8222;Plug-and-Play&#8220;-Einstieg erm\u00f6glicht es Ihnen, <b data-path-to-node=\"5,1,0\" data-index-in-node=\"130\">in weniger als 45 Tagen<\/b> voll einsatzf\u00e4hig zu sein und <b data-path-to-node=\"5,1,0\" data-index-in-node=\"130\">Einnahmen zu erzielen<\/b>. Wir stellen die Infrastruktur bereit, Sie legen nur den Schalter um. \ud83d\udd0c <\/p>\n<\/li>\n<li style=\"text-align: left;\">\n<p data-path-to-node=\"5,2,0\"><b data-path-to-node=\"5,2,0\" data-index-in-node=\"0\">\ud83d\udcb0 Ein Asset-First-Gesch\u00e4ftsmodell:<\/b> Dies ist kein &#8222;Job&#8220; &#8211; es ist ein skalierbarer finanzieller Verm\u00f6genswert. Unser System ist f\u00fcr die <b data-path-to-node=\"5,2,0\" data-index-in-node=\"114\">F\u00fchrung aus der Ferne<\/b> konzipiert. Mit Hilfe von Delegation auf hohem Niveau und unseren KI-Tools k\u00f6nnen Sie Ihr Imperium von jedem Ort der Welt aus verwalten. \ud83c\udf0e <\/p>\n<\/li>\n<li style=\"text-align: left;\">\n<p data-path-to-node=\"5,3,0\"><b data-path-to-node=\"5,3,0\" data-index-in-node=\"0\">\ud83d\udcc8 Datengest\u00fctzte Dominanz:<\/b> Profitieren Sie von 15 Jahren Weltklasse-Reputation und SEO-Dominanz. Wenn Sie Ihre T\u00fcren \u00f6ffnen, sind Sie kein &#8222;Neuling&#8220; &#8211; Sie sind die lokale Niederlassung eines weltweit f\u00fchrenden Unternehmens mit den Daten, die jeden Schritt unterst\u00fctzen. \ud83d\udc8e<\/p>\n<\/li>\n<li>\n<p style=\"text-align: left;\" data-path-to-node=\"5,4,0\"><b data-path-to-node=\"5,4,0\" data-index-in-node=\"0\">\ud83d\udcc9 Risikominderungs-Garantie:<\/b> Durch die Verwendung unserer standardisierten <b data-path-to-node=\"5,4,0\" data-index-in-node=\"56\">SOPs (Standard Operating Procedures)<\/b> und historischen Metriken eliminieren Sie die Versuch-und-Irrtum-Phase, an der 90% aller unabh\u00e4ngigen Startups scheitern. \ud83d\uded1<\/p>\n<\/li>\n<\/ul>\n<p>[\/vc_column_text][\/vc_column_inner][vc_column_inner width=&#8220;1\/3&#8243;][vc_column_text css=&#8220;&#8220;]<\/p>\n<h3>\ud83e\udd16 Das &#8222;Ultra-Automatisierungs&#8220;-Arsenal (Ihr Wettbewerbsvorteil)<\/h3>\n<p>[\/vc_column_text][vc_column_text css=&#8220;&#8220;]<\/p>\n<p style=\"text-align: left;\" data-path-to-node=\"11\">Wir stellen Spitzentechnologie in den Dienst Ihrer Rentabilit\u00e4t:<\/p>\n<ul data-path-to-node=\"12\">\n<li style=\"text-align: left;\">\n<p data-path-to-node=\"12,0,0\"><b data-path-to-node=\"12,0,0\" data-index-in-node=\"0\">KI-Agent &amp; WhatsApp-Bot 24\/7:<\/b> Ihr virtueller Agent bearbeitet E-Mails und qualifiziert Leads sofort \u00fcber WhatsApp. Professioneller Kundenservice ohne Personalkosten. <\/p>\n<\/li>\n<li style=\"text-align: left;\">\n<p data-path-to-node=\"12,1,0\"><b data-path-to-node=\"12,1,0\" data-index-in-node=\"0\">Multiplattform-Synchronisierung:<\/b> Echtzeitsynchronisierung des Inventars mit <b data-path-to-node=\"12,1,0\" data-index-in-node=\"62\">Viator, GetYourGuide, Airbnb Experiences und Expedia<\/b>. Keine \u00dcberbuchung, 100%ige Belegung. <\/p>\n<\/li>\n<li>\n<p style=\"text-align: left;\" data-path-to-node=\"12,2,0\"><b data-path-to-node=\"12,2,0\" data-index-in-node=\"0\">Team Automation Schedule Tool:<\/b> Planen Sie die Schichten Ihrer Guides und Mitarbeiter mit nur zwei Klicks. Inklusive automatischer Benachrichtigungen und integrierter Leistungsverfolgung. <\/p>\n<\/li>\n<\/ul>\n<p>[\/vc_column_text][\/vc_column_inner][vc_column_inner width=&#8220;1\/3&#8243;][vc_column_text css=&#8220;&#8220;]<\/p>\n<h3>\ud83c\udfaf 360\u00b0 Marketing Dominanz<\/h3>\n<p>[\/vc_column_text][vc_column_text css=&#8220;&#8220;]<\/p>\n<p style=\"text-align: left;\" data-path-to-node=\"15\">Wir liefern mehr als nur ein Logo; wir liefern eine Maschine zur Kundengewinnung:<\/p>\n<ul data-path-to-node=\"16\">\n<li style=\"text-align: left;\">\n<p data-path-to-node=\"16,0,0\"><b data-path-to-node=\"16,0,0\" data-index-in-node=\"0\">Social Ads Power:<\/b> Sofort einsetzbare Strategien und Zielgruppen f\u00fcr <b data-path-to-node=\"16,0,0\" data-index-in-node=\"59\">Google Ads (Suche\/Maps), Meta (Facebook\/Instagram) und TikTok<\/b>.<\/p>\n<\/li>\n<li style=\"text-align: left;\">\n<p data-path-to-node=\"16,1,0\"><b data-path-to-node=\"16,1,0\" data-index-in-node=\"0\">Lokale SEO:<\/b> Dominieren Sie die Google-Suchergebnisse in Ihrer Stadt vom ersten Tag an.<\/p>\n<\/li>\n<li>\n<p style=\"text-align: left;\" data-path-to-node=\"16,2,0\"><b data-path-to-node=\"16,2,0\" data-index-in-node=\"0\">Design &amp; Grafik-Bibliothek:<\/b> Unbegrenzter Zugriff auf Tausende von Premium-Vorlagen (Canva\/Adobe) f\u00fcr Poster, Brosch\u00fcren, Banner und soziale Medien. Professionelles Branding ohne Agenturgeb\u00fchren. <\/p>\n<\/li>\n<\/ul>\n<p>[\/vc_column_text][\/vc_column_inner][\/vc_row_inner][vc_row_inner equal_height=&#8220;yes&#8220; el_class=&#8220;st-become-feature text-center&#8220; css=&#8220;.vc_custom_1611485996885{margin-top: 10px !important;margin-bottom: 10px !important;}&#8220;][vc_column_inner el_class=&#8220;column1&#8243; width=&#8220;1\/3&#8243;][vc_column_text css=&#8220;&#8220;]<\/p>\n<h3>\ud83d\udc65 Personalwesen &amp; Online-Schulung<\/h3>\n<p>[\/vc_column_text][vc_column_text css=&#8220;&#8220;]<\/p>\n<p style=\"text-align: left;\" data-path-to-node=\"19\">Erfolg h\u00e4ngt von Menschen ab, aber das Management muss automatisiert werden:<\/p>\n<ul data-path-to-node=\"20\">\n<li style=\"text-align: left;\">\n<p data-path-to-node=\"20,0,0\"><b data-path-to-node=\"20,0,0\" data-index-in-node=\"0\">Online-Schulungsakademie:<\/b> Eine digitale Lernplattform f\u00fcr Ihre Teams. Ihre Reiseleiter und Promoter werden unabh\u00e4ngig geschult, um die globalen Standards von Riviera zu erf\u00fcllen. <\/p>\n<\/li>\n<li style=\"text-align: left;\">\n<p data-path-to-node=\"20,1,0\"><b data-path-to-node=\"20,1,0\" data-index-in-node=\"0\">HR-Toolbox:<\/b> Optimierte Stellenvorlagen, Vertragsmuster und Einstellungsprozesse, um die besten lokalen Talente zu gewinnen.<\/p>\n<\/li>\n<li>\n<p style=\"text-align: left;\" data-path-to-node=\"20,2,0\"><b data-path-to-node=\"20,2,0\" data-index-in-node=\"0\">Dashboard f\u00fcr Eigent\u00fcmer:<\/b> \u00dcberwachen Sie Ihre Rentabilit\u00e4t, Kundenakquisitionskosten (CAC) und Gewinnspannen \u00fcber eine einzige, intuitive Schnittstelle.<\/p>\n<\/li>\n<\/ul>\n<p>[\/vc_column_text][\/vc_column_inner][vc_column_inner width=&#8220;1\/3&#8243;][vc_column_text css=&#8220;&#8220;]<\/p>\n<h3>\ud83d\udee0\ufe0f Laufende Unterst\u00fctzung: Sie sind nie allein<\/h3>\n<p>[\/vc_column_text][vc_column_text css=&#8220;&#8220;]<\/p>\n<p style=\"text-align: left;\" data-path-to-node=\"23\">Unsere Unterst\u00fctzung ist das R\u00fcckgrat f\u00fcr Ihr kontinuierliches Wachstum:<\/p>\n<ul data-path-to-node=\"24\">\n<li style=\"text-align: left;\">\n<p data-path-to-node=\"24,0,0\"><b data-path-to-node=\"24,0,0\" data-index-in-node=\"0\">Umfassendes Betriebshandbuch (SOP):<\/b> Die &#8222;Gesch\u00e4ftsbibel&#8220;, die jeden Prozess detailliert beschreibt, von Sicherheitsprotokollen bis zu lokalen Netzwerken.<\/p>\n<\/li>\n<li style=\"text-align: left;\">\n<p data-path-to-node=\"24,1,0\"><b data-path-to-node=\"24,1,0\" data-index-in-node=\"0\">Strategische Unterst\u00fctzung durch die Zentrale:<\/b> Monatliche Deep Dives mit unseren Experten, um Ihre Daten zu analysieren und die Leistung zu steigern.<\/p>\n<\/li>\n<li>\n<p style=\"text-align: left;\" data-path-to-node=\"24,2,0\"><b data-path-to-node=\"24,2,0\" data-index-in-node=\"0\">Franchisenehmer-Netzwerk:<\/b> Echtzeit-Zugang zu unserer globalen Partner-Community zum Austausch von Tipps und Erfolgsstrategien.<\/p>\n<\/li>\n<\/ul>\n<p>[\/vc_column_text][\/vc_column_inner][vc_column_inner width=&#8220;1\/3&#8243;][vc_column_text css=&#8220;&#8220;]<\/p>\n<h3>\ud83d\udc55 Premium-Ausr\u00fcstung &amp; Ausr\u00fcstung: Dress for Success<\/h3>\n<p>[\/vc_column_text][vc_column_text css=&#8220;&#8220;]<\/p>\n<p style=\"text-align: left;\" data-path-to-node=\"5\">Eine professionelle Marke erkennt man an ihrem Aussehen. Wir bieten eine komplette Palette an hochwertiger Ausr\u00fcstung f\u00fcr Ihr Team, damit es sich von der Masse abhebt: <\/p>\n<ul data-path-to-node=\"6\">\n<li style=\"text-align: left;\">\n<p data-path-to-node=\"6,0,0\"><b data-path-to-node=\"6,0,0\" data-index-in-node=\"0\">Offizielle Mitarbeiterkleidung:<\/b> Gut sichtbare <b data-path-to-node=\"6,0,0\" data-index-in-node=\"57\">T-Shirts, Sweatshirts und Kapuzenpullis<\/b> in Premium-Qualit\u00e4t mit dem kultigen Riviera-Branding. Entwickelt f\u00fcr Komfort und Strapazierf\u00e4higkeit in langen N\u00e4chten. <\/p>\n<\/li>\n<li style=\"text-align: left;\">\n<p data-path-to-node=\"6,1,0\"><b data-path-to-node=\"6,1,0\" data-index-in-node=\"0\">Ausr\u00fcstung f\u00fcr Sicherheit und Sichtbarkeit:<\/b> Schl\u00fcsselb\u00e4nder mit Markenzeichen, Armb\u00e4nder mit hoher Sichtbarkeit und LED-Kennzeichnungsger\u00e4te, damit Ihre Guides von den G\u00e4sten leicht erkannt werden k\u00f6nnen.<\/p>\n<\/li>\n<li style=\"text-align: left;\">\n<p data-path-to-node=\"6,2,0\"><b data-path-to-node=\"6,2,0\" data-index-in-node=\"0\">Operative Ausr\u00fcstung:<\/b> Markenkoffer f\u00fcr Check-in-Tablets, tragbare Scanner und Fahnen\/Banner f\u00fcr Treffpunkte.<\/p>\n<\/li>\n<li>\n<p style=\"text-align: left;\" data-path-to-node=\"6,3,0\"><b data-path-to-node=\"6,3,0\" data-index-in-node=\"0\">Merchandising f\u00fcr G\u00e4ste:<\/b> Zugang zu unserer Lieferkette f\u00fcr Markenarmb\u00e4nder, Leuchtst\u00e4be und Partyzubeh\u00f6r zu Gro\u00dfhandelspreisen, um Ihre Nebeneinnahmen zu maximieren.<\/p>\n<\/li>\n<\/ul>\n<p>[\/vc_column_text][\/vc_column_inner][\/vc_row_inner]    <div class=\"st-video style-1 youtube-video not-play\"\r\n         style=\"background: #f1f1f1 url(https:\/\/rivierabarcrawltours.com\/wp-content\/uploads\/2024\/07\/Pub-Crawl-Nice-1.jpg) no-repeat center; \">\r\n        <div id=\"bgndVideo\" class=\"player\" data-property=\"{videoURL:'#',containment:'.youtube-video',autoPlay:true, showControls:false, showYTLogo: false, mute:false, startAt:0, opacity:1, useOnMobile: true}\"><\/div>\r\n        <div class=\"d-table\">\r\n            <div class=\"table-cell\">\r\n                <div class=\"caption\">\r\n                                            <div class=\"title-video\"><p>Riviera Bar Crawl &amp; Tours Business opportunity<\/p>\n<\/div>\r\n                                        <div class=\"st-play\">\r\n                        <a class=\"btn-play-video play\" href=\"#\"><i class=\"fa fa-play\"><\/i><i\r\n                                    class=\"fa fa-pause\"><\/i><\/a>\r\n                    <\/div>\r\n                <\/div>\r\n            <\/div>\r\n        <\/div>\r\n    <\/div>\r\n    [vc_empty_space height=&#8220;40px&#8220;][vc_column_text css=&#8220;&#8220;]<\/p>\n<h2 style=\"text-align: center;\"><strong>\ud83c\udd9a Alleine starten vs. Riviera Partnerschaft ?<\/strong><\/h2>\n<p>[\/vc_column_text][vc_empty_space height=&#8220;15px&#8220;][\/vc_column][\/vc_row][vc_row][vc_column width=&#8220;1\/3&#8243;][vc_column_text css=&#8220;&#8220;]<strong>Eigenschaften<\/strong><\/p>\n<p>\ud83d\ude80 Startzeit<\/p>\n<p>\ud83d\udc65 Personalwesen<\/p>\n<p>\ud83c\udf93 Schulung der Mitarbeiter<\/p>\n<p>.\ud83d\uddd3\ufe0f Terminplanung<\/p>\n<p>\ud83e\udd16 Technologie &amp; IA<\/p>\n<p>\ud83d\udce2 Marketing &amp; Werbung<\/p>\n<p>\ud83c\udfc6 Kompetenz &amp; Risiko<\/p>\n<p>\ud83e\udd1d Laufende Unterst\u00fctzung<\/p>\n<p>\ud83d\udcb0 Ausstieg &amp; Wiederverkauf[\/vc_column_text][\/vc_column][vc_column width=&#8220;1\/3&#8243;][vc_column_text css=&#8220;&#8220;]<strong>Alleine starten<\/strong><\/p>\n<p>6 bis 12 Monate Versuch und Irrtum.<\/p>\n<p>Einstellen auf gut Gl\u00fcck. Hohes Risiko der Fluktuation. <\/p>\n<p>Manuell, repetitiv und zeitaufwendig.<\/p>\n<p>Komplexe Tabellenkalkulationen und Schichtfehler.<\/p>\n<p>Manuelle E-Mail\/WhatsApp (arbeitsintensiv).<\/p>\n<p>Schwer zu verkaufen; der Wert ist an Sie gebunden.<\/p>\n<p>Vergeudetes Budget f\u00fcr unbewiesene Tests.<\/p>\n<p>Null Erfahrung. Jeder Fehler ist kostspielig. <\/p>\n<p>Alleine, wenn Probleme auftreten.[\/vc_column_text][\/vc_column][vc_column width=&#8220;1\/3&#8243;][vc_column_text css=&#8220;&#8220;]<strong>Riviera Partnerschaft<\/strong><\/p>\n<p><strong>4 bis 6 Wochen<\/strong> bis zum vollen Betrieb.<\/p>\n<p><strong>HR-Werkzeugkasten<\/strong>: Bew\u00e4hrte Vorlagen zur Einstellung von Gewinnern.<\/p>\n<p><strong>Online-Akademie<\/strong>: Automatisiertes digitales Training.<\/p>\n<p><strong>Automatisierungstool<\/strong>: Intelligente 1-Klick-Planung.<\/p>\n<p><strong>KI-Agent 24\/7<\/strong>: Verkauft, w\u00e4hrend Sie schlafen.<\/p>\n<p><strong>Google\/Meta\/TikTok<\/strong>: Bew\u00e4hrte ROI-Strategien.<\/p>\n<p><strong>15 Jahre Exzellenz<\/strong>: Ein &#8222;Plug &amp; Play&#8220;-Modell.<\/p>\n<p><strong>Dedizierter Support<\/strong> &amp; monatliche Strategiegespr\u00e4che.<\/p>\n<p><strong>Hoher Verm\u00f6genswert<\/strong>: Ein verkaufsf\u00e4higer, markengesch\u00fctzter Verm\u00f6genswert.[\/vc_column_text][\/vc_column][\/vc_row][vc_row el_class=&#8220;st-become-feature-wrapper text-center&#8220;][vc_column][vc_empty_space height=&#8220;40px&#8220;][vc_empty_space height=&#8220;15px&#8220;][vc_column_text css=&#8220;&#8220;]<\/p>\n<h3><strong>\ud83d\ude80 Sind Sie bereit, Ihre Stadt zu besitzen?<\/strong><\/h3>\n<p>Die Territorien sind begrenzt. Sobald eine Stadt gesichert ist, ist die Exklusivit\u00e4t vollst\u00e4ndig.[\/vc_column_text][vc_column_text]<a class=\"signup btn btn-danger btn-lg\" href=\"https:\/\/docs.google.com\/forms\/d\/1iAIpiWnmkwC0OE1gNtyRe7L_jGifWTH6dJrOp1AJuFM\/\" target=\"_blank\" rel=\"noopener noreferrer\">Jetzt registrieren<\/a>[\/vc_column_text][vc_empty_space height=&#8220;15px&#8220;][\/vc_column][\/vc_row]<\/p>\n<\/div>","protected":false},"excerpt":{"rendered":"<p>[vc_row full_width=&#8220;stretch_row_content_no_spaces&#8220; css=&#8220;.vc_custom_1768572290285{padding-top: 100px !important;padding-bottom: 100px !important;background-image: url(https:\/\/rivierabarcrawltours.com\/wp-content\/uploads\/2024\/04\/pub-crawl-nice-1-1.jpg?id=112063) !important;}&#8220; el_class=&#8220;text-center st-become-banner&#8220;][vc_column][vc_column_text css=&#8220;&#8220;] Verwandeln Sie Ihre Leidenschaft in ein Imperium: Werden Sie ein Riviera Bar Crawl &amp; Tours Partner ? 15 Jahre Erfahrung &#8211; KI &amp; Automatisierung &#8211; Gebietsexklusivit\u00e4t [\/vc_column_text][vc_column_text css=&#8220;.vc_custom_1768582216890{background-position: center !important;background-repeat: no-repeat !important;background-size: contain !important;}&#8220;]Jetzt registrieren Jetzt registrieren[\/vc_column_text][\/vc_column][\/vc_row][vc_row][vc_column][vc_empty_space height=&#8220;45px&#8220;][vc_column_text css=&#8220;&#8220;] \ud83d\udc8e Warum Riviera? Die [&hellip;]<\/p>\n","protected":false},"author":2,"featured_media":0,"parent":0,"menu_order":0,"comment_status":"closed","ping_status":"closed","template":"template-home-modern.php","meta":{"_acf_changed":false,"footnotes":""},"class_list":["post-126777","page","type-page","status-publish","has-post-thumbnail","hentry"],"acf":[],"yoast_head":"<!-- This site is optimized with the Yoast SEO plugin v27.3 - https:\/\/yoast.com\/product\/yoast-seo-wordpress\/ -->\n<title>Starten Sie Ihr Unternehmen Bar Crawls &amp; Pub Crawls | Riviera Bar Crawl Tours<\/title>\n<meta name=\"description\" content=\"Entdecken Sie die ultimative Route f\u00fcr Networking, lokale Einblicke und unternehmerischen Geist. Planen Sie Ihr perfektes Startup-Crawl noch heute\" \/>\n<meta name=\"robots\" content=\"index, follow, max-snippet:-1, max-image-preview:large, max-video-preview:-1\" \/>\n<link rel=\"canonical\" href=\"https:\/\/rivierabarcrawltours.com\/de\/partner-werden-neu\/\" \/>\n<meta property=\"og:locale\" content=\"de_DE\" \/>\n<meta property=\"og:type\" content=\"article\" \/>\n<meta property=\"og:title\" content=\"Starten Sie Ihr Unternehmen Bar Crawls &amp; Pub Crawls | Riviera Bar Crawl Tours\" \/>\n<meta property=\"og:description\" content=\"Entdecken Sie die ultimative Route f\u00fcr Networking, lokale Einblicke und unternehmerischen Geist. Planen Sie Ihr perfektes Startup-Crawl noch heute\" \/>\n<meta property=\"og:url\" content=\"https:\/\/rivierabarcrawltours.com\/de\/partner-werden-neu\/\" \/>\n<meta property=\"og:site_name\" content=\"Riviera Bar Crawl Tours\" \/>\n<meta property=\"article:publisher\" content=\"https:\/\/www.facebook.com\/RivieraBarCrawltours\/\" \/>\n<meta name=\"twitter:card\" content=\"summary_large_image\" \/>\n<meta name=\"twitter:site\" content=\"@rivierabarcrawl\" \/>\n<meta name=\"twitter:label1\" content=\"Gesch\u00e4tzte Lesezeit\" \/>\n\t<meta name=\"twitter:data1\" content=\"7\u00a0Minuten\" \/>\n<!-- \/ Yoast SEO plugin. -->","yoast_head_json":{"title":"Starten Sie Ihr Unternehmen Bar Crawls & Pub Crawls | Riviera Bar Crawl Tours","description":"Entdecken Sie die ultimative Route f\u00fcr Networking, lokale Einblicke und unternehmerischen Geist. Planen Sie Ihr perfektes Startup-Crawl noch heute","robots":{"index":"index","follow":"follow","max-snippet":"max-snippet:-1","max-image-preview":"max-image-preview:large","max-video-preview":"max-video-preview:-1"},"canonical":"https:\/\/rivierabarcrawltours.com\/de\/partner-werden-neu\/","og_locale":"de_DE","og_type":"article","og_title":"Starten Sie Ihr Unternehmen Bar Crawls & Pub Crawls | Riviera Bar Crawl Tours","og_description":"Entdecken Sie die ultimative Route f\u00fcr Networking, lokale Einblicke und unternehmerischen Geist. Planen Sie Ihr perfektes Startup-Crawl noch heute","og_url":"https:\/\/rivierabarcrawltours.com\/de\/partner-werden-neu\/","og_site_name":"Riviera Bar Crawl Tours","article_publisher":"https:\/\/www.facebook.com\/RivieraBarCrawltours\/","twitter_card":"summary_large_image","twitter_site":"@rivierabarcrawl","twitter_misc":{"Gesch\u00e4tzte Lesezeit":"7\u00a0Minuten"},"schema":{"@context":"https:\/\/schema.org","@graph":[{"@type":"WebPage","@id":"https:\/\/rivierabarcrawltours.com\/de\/partner-werden-neu\/","url":"https:\/\/rivierabarcrawltours.com\/de\/partner-werden-neu\/","name":"Starten Sie Ihr Unternehmen Bar Crawls & Pub Crawls | Riviera Bar Crawl Tours","isPartOf":{"@id":"https:\/\/rivierabarcrawltours.com\/#website"},"datePublished":"2026-02-18T11:15:42+00:00","description":"Entdecken Sie die ultimative Route f\u00fcr Networking, lokale Einblicke und unternehmerischen Geist. Planen Sie Ihr perfektes Startup-Crawl noch heute","breadcrumb":{"@id":"https:\/\/rivierabarcrawltours.com\/de\/partner-werden-neu\/#breadcrumb"},"inLanguage":"de","potentialAction":[{"@type":"ReadAction","target":["https:\/\/rivierabarcrawltours.com\/de\/partner-werden-neu\/"]}]},{"@type":"BreadcrumbList","@id":"https:\/\/rivierabarcrawltours.com\/de\/partner-werden-neu\/#breadcrumb","itemListElement":[{"@type":"ListItem","position":1,"name":"Home","item":"https:\/\/rivierabarcrawltours.com\/de\/"},{"@type":"ListItem","position":2,"name":"Partner werden Neu"}]},{"@type":"WebSite","@id":"https:\/\/rivierabarcrawltours.com\/#website","url":"https:\/\/rivierabarcrawltours.com\/","name":"Riviera Bar Crawl Tours","description":"Fun Day &amp; Night Experiences I Tour operator I Guided Tours I Bar Crawls I Food Tours I","publisher":{"@id":"https:\/\/rivierabarcrawltours.com\/#organization"},"potentialAction":[{"@type":"SearchAction","target":{"@type":"EntryPoint","urlTemplate":"https:\/\/rivierabarcrawltours.com\/?s={search_term_string}"},"query-input":{"@type":"PropertyValueSpecification","valueRequired":true,"valueName":"search_term_string"}}],"inLanguage":"de"},{"@type":"Organization","@id":"https:\/\/rivierabarcrawltours.com\/#organization","name":"Riviera Bar Crawl Tours","url":"https:\/\/rivierabarcrawltours.com\/","logo":{"@type":"ImageObject","inLanguage":"de","@id":"https:\/\/rivierabarcrawltours.com\/#\/schema\/logo\/image\/","url":"https:\/\/rivierabarcrawltours.com\/wp-content\/uploads\/2019\/07\/logo.png","contentUrl":"https:\/\/rivierabarcrawltours.com\/wp-content\/uploads\/2019\/07\/logo.png","width":479,"height":453,"caption":"Riviera Bar Crawl Tours"},"image":{"@id":"https:\/\/rivierabarcrawltours.com\/#\/schema\/logo\/image\/"},"sameAs":["https:\/\/www.facebook.com\/RivieraBarCrawltours\/","https:\/\/x.com\/rivierabarcrawl"]}]}},"_links":{"self":[{"href":"https:\/\/rivierabarcrawltours.com\/de\/wp-json\/wp\/v2\/pages\/126777","targetHints":{"allow":["GET"]}}],"collection":[{"href":"https:\/\/rivierabarcrawltours.com\/de\/wp-json\/wp\/v2\/pages"}],"about":[{"href":"https:\/\/rivierabarcrawltours.com\/de\/wp-json\/wp\/v2\/types\/page"}],"author":[{"embeddable":true,"href":"https:\/\/rivierabarcrawltours.com\/de\/wp-json\/wp\/v2\/users\/2"}],"replies":[{"embeddable":true,"href":"https:\/\/rivierabarcrawltours.com\/de\/wp-json\/wp\/v2\/comments?post=126777"}],"version-history":[{"count":2,"href":"https:\/\/rivierabarcrawltours.com\/de\/wp-json\/wp\/v2\/pages\/126777\/revisions"}],"predecessor-version":[{"id":126779,"href":"https:\/\/rivierabarcrawltours.com\/de\/wp-json\/wp\/v2\/pages\/126777\/revisions\/126779"}],"wp:attachment":[{"href":"https:\/\/rivierabarcrawltours.com\/de\/wp-json\/wp\/v2\/media?parent=126777"}],"curies":[{"name":"wp","href":"https:\/\/api.w.org\/{rel}","templated":true}]}}