{"id":126007,"date":"2026-02-16T14:08:13","date_gmt":"2026-02-16T13:08:13","guid":{"rendered":"https:\/\/rivierabarcrawltours.com\/party-bus-erfahrung\/"},"modified":"2026-02-16T14:08:15","modified_gmt":"2026-02-16T13:08:15","slug":"party-bus-erfahrung","status":"publish","type":"page","link":"https:\/\/rivierabarcrawltours.com\/de\/party-bus-erfahrung\/","title":{"rendered":"Party Bus Erfahrung"},"content":{"rendered":"<div class=\"wpb-content-wrapper\"><p>[vc_row][vc_column]<h3>Our Party Bus Tours <\/h3><div class='list_tours'>   <div class=\"concept-listings owl-carousel owl-theme\">\n          <div class=\"style_box\">\n           <div class=\"feature_class st_featured featured\">Featured<\/div>           <div class=\"thumb\">\n               <header class=\"thumb-header st_avatar_fix\">\n                                      <a href=\"https:\/\/rivierabarcrawltours.com\/de\/tour\/partybus-paris-frankreich\/\" class=\"hover-img\">\n                       <img decoding=\"async\" width=\"260\" height=\"190\" src=\"https:\/\/rivierabarcrawltours.com\/wp-content\/uploads\/2022\/03\/party-bus-paris-1-260x190.jpg\" class=\"attachment-260x190x1 size-260x190x1 wp-post-image\" alt=\"party bus paris\" \/>                       <h5 class=\"hover-title hover-hold text-center\">\n                           Party-Bus in Paris Frankreich &#038; Spezial Bar Crawl                       <\/h5>\n                   <\/a>\n                                  <\/header>\n           <\/div>\n       <\/div>\n   <\/div>\n\n    \n<script type=\"text\/javascript\">\n$(document).ready(function() {\n       $(\".concept-listings\").owlCarousel({\n        margin:20,\n                dots:true,\n        responsiveClass:true,\n        responsive:{\n            0:{\n                items:1,\n                nav:false\n            },\n            600:{\n                items:3,\n                nav:false\n            },\n            1000:{\n                items:4,\n                nav:true\n            }\n        }\n       });\n}); \n\n<\/script>\n\n<style type=\"text\/css\">\n.concept-listings .owl-stage {\n    display: -webkit-box !important;\n    display: -moz-box !important;\n    display: -ms-box !important;\n    display: box !important;\n}\n.concept-listings .owl-dots {\n    margin-top: 10px;\n    text-align: center;\n}\n.concept-listings .owl-dots .owl-dot {\n    display: inline-block;\n    background: 0 0;\n    color: inherit;\n    border: none;\n    padding: 0 !important;\n}\n.concept-listings .owl-dots .owl-dot.active span {\n    background: var(--link-color, #5191FA);\n}\n.concept-listings .owl-dots .owl-dot span {\n    width: 10px;\n    height: 10px;\n    margin: 5px 7px;\n    background: var(--light-grey-color, #EAEEF3);\n    display: block;\n    transition: opacity 0.2s ease;\n    border-radius: 30px;\n}\n.city-tours-custom .feature_class{\n  left: 0 !important;\n}\n.concept-listings .owl-nav {\n    position: absolute;\n    height: 100%;\n    top: 0;\n    width: 100%;\n    z-index: -1;\n}\n.concept-listings .owl-nav button {\n    position: absolute;\n    top: 50%;\n    margin-top: -18px;\n}\n.concept-listings .owl-nav button.owl-next {\n    right: -66px;\n}\n.concept-listings .owl-nav button.owl-prev {\n    left: -66px;\n}\n.concept-listings .owl-nav button.owl-next span {\n    width: 36px;\n    height: 36px;\n    display: block;\n    background: url(https:\/\/rivierabarcrawltours.com\/wp-content\/uploads\/2021\/06\/arrow-right.png) center center no-repeat;\n    background-size: 100% auto;\n    color: transparent;\n}\n.concept-listings .owl-nav button.owl-prev span {\n    width: 36px;\n    height: 36px;\n    display: block;\n    background: url(https:\/\/rivierabarcrawltours.com\/wp-content\/uploads\/2021\/02\/arrow-left.png) center center no-repeat;\n    background-size: 100% auto;\n    color: transparent;\n}\n\n.city-tours-custom .thumb{\n    border: none !important;\n}\n<\/style><\/div>[vc_column_text]<\/p>\n<h1>Was ist ein Partybus-Erlebnis?<\/h1>\n<p>Es ist genau das, wonach es klingt, und das BESTE Bef\u00f6rderungserlebnis Ihres Lebens! Unser Partybus-Erlebnis ist die perfekte Transportmethode f\u00fcr Feiern und Veranstaltungen aller Art. Sie WERDEN sich wie eine Ber\u00fchmtheit f\u00fchlen, w\u00e4hrend Sie abgeholt und zum Ziel Ihrer Wahl gebracht werden. Ihr Partybus wird mit Ihrer Gruppe und Ihrem eigenen privaten Chauffeur ausgestattet. Tanzen Sie zur besten Partymusik mit Discolicht und z\u00f6gern Sie nicht, eine Flasche Sekt zum Ansto\u00dfen mitzubringen. Besser geht&#8217;s nicht! Dieses Erlebnis wird mit Sicherheit ein unvergessliches Erlebnis sein.      <\/p>\n<h2>Wie funktioniert ein Partybus-Erlebnis in <a href=\"https:\/\/rivierabarcrawltours.com\/de\/city\/europa\/frankreich\/paris\/\" target=\"_blank\" rel=\"noopener\">Paris<\/a> und <a href=\"https:\/\/visitthefrenchriviera.com\/location\/nice\/\" target=\"_blank\" rel=\"noopener\">Nizza<\/a>?<\/h2>\n<p>Der erste Schritt besteht darin, dass Sie bestimmen, wie viele Personen an Ihrer Feier\/Veranstaltung teilnehmen und Sie im Partybus begleiten werden! Wir haben Partybusse f\u00fcr kleine Gruppen von 9 Personen bis hin zu gro\u00dfen Gruppen von 65 Personen. Sie haben mehr als 65 Personen? Sie k\u00f6nnen jederzeit mehr als einen Bus buchen! Sobald wir wissen, wie viele Personen an Ihrer Veranstaltung teilnehmen werden, m\u00fcssen Sie uns mitteilen, wo Sie abgeholt und abgesetzt werden m\u00f6chten. Dauert Ihre Fahrt 1 Stunde? 4 Stunden? Wir gehen auf Ihre Bed\u00fcrfnisse ein! Nat\u00fcrlich h\u00e4ngen die Kosten von der L\u00e4nge Ihrer Fahrt ab. Sobald wir Sie abgeholt haben, klettern Sie an Bord und machen Sie sich bereit f\u00fcr das beste Bef\u00f6rderungserlebnis Ihres Lebens! Wir werden Musik und Discolichter haben, damit Sie Ihre Tanzschritte zeigen k\u00f6nnen. M\u00f6chten Sie, dass wir Sie am Ende Ihrer Veranstaltung wieder abholen? Auch das k\u00f6nnen wir tun! Vertrauen Sie uns, der Partybus ist der richtige Weg.             <\/p>\n<p><a href=\"https:\/\/rivierabarcrawltours.com\/tour\/party-bus-paris-france\/\" target=\"_blank\" rel=\"noopener\">Party Bus Paris<\/a><\/p>\n<p>Party Bus Nizza<\/p>\n<p>&nbsp;<\/p>\n<p>[\/vc_column_text][\/vc_column][\/vc_row]<\/p>\n<\/div>","protected":false},"excerpt":{"rendered":"<p>[vc_row][vc_column][vc_column_text] Was ist ein Partybus-Erlebnis? Es ist genau das, wonach es klingt, und das BESTE Bef\u00f6rderungserlebnis Ihres Lebens! Unser Partybus-Erlebnis ist die perfekte Transportmethode f\u00fcr Feiern und Veranstaltungen aller Art. Sie WERDEN sich wie eine Ber\u00fchmtheit f\u00fchlen, w\u00e4hrend Sie abgeholt und zum Ziel Ihrer Wahl gebracht werden. Ihr Partybus wird mit Ihrer Gruppe und Ihrem [&hellip;]<\/p>\n","protected":false},"author":2,"featured_media":92467,"parent":0,"menu_order":0,"comment_status":"closed","ping_status":"closed","template":"template-home-modern.php","meta":{"_acf_changed":false,"footnotes":""},"class_list":["post-126007","page","type-page","status-publish","has-post-thumbnail","hentry"],"acf":[],"yoast_head":"<!-- This site is optimized with the Yoast SEO plugin v27.4 - https:\/\/yoast.com\/product\/yoast-seo-wordpress\/ -->\n<title>Party Bus Erfahrung | Riviera Bar Crawl Tours<\/title>\n<meta name=\"description\" content=\"Reservieren Sie einen unserer Partybusse f\u00fcr einen unvergesslichen Abend! Diese sind perfekt f\u00fcr Geburtstage, Partys und andere Veranstaltungen.\" \/>\n<meta name=\"robots\" content=\"index, follow, max-snippet:-1, max-image-preview:large, max-video-preview:-1\" \/>\n<link rel=\"canonical\" href=\"https:\/\/rivierabarcrawltours.com\/de\/party-bus-erfahrung\/\" \/>\n<meta property=\"og:locale\" content=\"de_DE\" \/>\n<meta property=\"og:type\" content=\"article\" \/>\n<meta property=\"og:title\" content=\"Party Bus Erfahrung | Riviera Bar Crawl Tours\" \/>\n<meta property=\"og:description\" content=\"Reservieren Sie einen unserer Partybusse f\u00fcr einen unvergesslichen Abend! Diese sind perfekt f\u00fcr Geburtstage, Partys und andere Veranstaltungen.\" \/>\n<meta property=\"og:url\" content=\"https:\/\/rivierabarcrawltours.com\/de\/party-bus-erfahrung\/\" \/>\n<meta property=\"og:site_name\" content=\"Riviera Bar Crawl Tours\" \/>\n<meta property=\"article:publisher\" content=\"https:\/\/www.facebook.com\/RivieraBarCrawltours\/\" \/>\n<meta property=\"article:modified_time\" content=\"2026-02-16T13:08:15+00:00\" \/>\n<meta property=\"og:image\" content=\"https:\/\/rivierabarcrawltours.com\/wp-content\/uploads\/2022\/03\/Party-Bus-Experience.jpeg\" \/>\n\t<meta property=\"og:image:width\" content=\"1024\" \/>\n\t<meta property=\"og:image:height\" content=\"684\" \/>\n\t<meta property=\"og:image:type\" content=\"image\/jpeg\" \/>\n<meta name=\"twitter:card\" content=\"summary_large_image\" \/>\n<meta name=\"twitter:site\" content=\"@rivierabarcrawl\" \/>\n<meta name=\"twitter:label1\" content=\"Gesch\u00e4tzte Lesezeit\" \/>\n\t<meta name=\"twitter:data1\" content=\"2\u00a0Minuten\" \/>\n<!-- \/ Yoast SEO plugin. -->","yoast_head_json":{"title":"Party Bus Erfahrung | Riviera Bar Crawl Tours","description":"Reservieren Sie einen unserer Partybusse f\u00fcr einen unvergesslichen Abend! Diese sind perfekt f\u00fcr Geburtstage, Partys und andere Veranstaltungen.","robots":{"index":"index","follow":"follow","max-snippet":"max-snippet:-1","max-image-preview":"max-image-preview:large","max-video-preview":"max-video-preview:-1"},"canonical":"https:\/\/rivierabarcrawltours.com\/de\/party-bus-erfahrung\/","og_locale":"de_DE","og_type":"article","og_title":"Party Bus Erfahrung | Riviera Bar Crawl Tours","og_description":"Reservieren Sie einen unserer Partybusse f\u00fcr einen unvergesslichen Abend! Diese sind perfekt f\u00fcr Geburtstage, Partys und andere Veranstaltungen.","og_url":"https:\/\/rivierabarcrawltours.com\/de\/party-bus-erfahrung\/","og_site_name":"Riviera Bar Crawl Tours","article_publisher":"https:\/\/www.facebook.com\/RivieraBarCrawltours\/","article_modified_time":"2026-02-16T13:08:15+00:00","og_image":[{"width":1024,"height":684,"url":"https:\/\/rivierabarcrawltours.com\/wp-content\/uploads\/2022\/03\/Party-Bus-Experience.jpeg","type":"image\/jpeg"}],"twitter_card":"summary_large_image","twitter_site":"@rivierabarcrawl","twitter_misc":{"Gesch\u00e4tzte Lesezeit":"2\u00a0Minuten"},"schema":{"@context":"https:\/\/schema.org","@graph":[{"@type":"WebPage","@id":"https:\/\/rivierabarcrawltours.com\/de\/party-bus-erfahrung\/","url":"https:\/\/rivierabarcrawltours.com\/de\/party-bus-erfahrung\/","name":"Party Bus Erfahrung | Riviera Bar Crawl Tours","isPartOf":{"@id":"https:\/\/rivierabarcrawltours.com\/#website"},"primaryImageOfPage":{"@id":"https:\/\/rivierabarcrawltours.com\/de\/party-bus-erfahrung\/#primaryimage"},"image":{"@id":"https:\/\/rivierabarcrawltours.com\/de\/party-bus-erfahrung\/#primaryimage"},"thumbnailUrl":"https:\/\/rivierabarcrawltours.com\/wp-content\/uploads\/2022\/03\/Party-Bus-Experience.jpeg","datePublished":"2026-02-16T13:08:13+00:00","dateModified":"2026-02-16T13:08:15+00:00","description":"Reservieren Sie einen unserer Partybusse f\u00fcr einen unvergesslichen Abend! Diese sind perfekt f\u00fcr Geburtstage, Partys und andere Veranstaltungen.","breadcrumb":{"@id":"https:\/\/rivierabarcrawltours.com\/de\/party-bus-erfahrung\/#breadcrumb"},"inLanguage":"de","potentialAction":[{"@type":"ReadAction","target":["https:\/\/rivierabarcrawltours.com\/de\/party-bus-erfahrung\/"]}]},{"@type":"ImageObject","inLanguage":"de","@id":"https:\/\/rivierabarcrawltours.com\/de\/party-bus-erfahrung\/#primaryimage","url":"https:\/\/rivierabarcrawltours.com\/wp-content\/uploads\/2022\/03\/Party-Bus-Experience.jpeg","contentUrl":"https:\/\/rivierabarcrawltours.com\/wp-content\/uploads\/2022\/03\/Party-Bus-Experience.jpeg","width":1024,"height":684,"caption":"Besitzer: ajpscs"},{"@type":"BreadcrumbList","@id":"https:\/\/rivierabarcrawltours.com\/de\/party-bus-erfahrung\/#breadcrumb","itemListElement":[{"@type":"ListItem","position":1,"name":"Home","item":"https:\/\/rivierabarcrawltours.com\/de\/"},{"@type":"ListItem","position":2,"name":"Party Bus Erfahrung"}]},{"@type":"WebSite","@id":"https:\/\/rivierabarcrawltours.com\/#website","url":"https:\/\/rivierabarcrawltours.com\/","name":"Riviera Bar Crawl Tours","description":"Fun Day &amp; Night Experiences I Tour operator I Guided Tours I Bar Crawls I Food Tours I","publisher":{"@id":"https:\/\/rivierabarcrawltours.com\/#organization"},"potentialAction":[{"@type":"SearchAction","target":{"@type":"EntryPoint","urlTemplate":"https:\/\/rivierabarcrawltours.com\/?s={search_term_string}"},"query-input":{"@type":"PropertyValueSpecification","valueRequired":true,"valueName":"search_term_string"}}],"inLanguage":"de"},{"@type":"Organization","@id":"https:\/\/rivierabarcrawltours.com\/#organization","name":"Riviera Bar Crawl Tours","url":"https:\/\/rivierabarcrawltours.com\/","logo":{"@type":"ImageObject","inLanguage":"de","@id":"https:\/\/rivierabarcrawltours.com\/#\/schema\/logo\/image\/","url":"https:\/\/rivierabarcrawltours.com\/wp-content\/uploads\/2019\/07\/logo.png","contentUrl":"https:\/\/rivierabarcrawltours.com\/wp-content\/uploads\/2019\/07\/logo.png","width":479,"height":453,"caption":"Riviera Bar Crawl Tours"},"image":{"@id":"https:\/\/rivierabarcrawltours.com\/#\/schema\/logo\/image\/"},"sameAs":["https:\/\/www.facebook.com\/RivieraBarCrawltours\/","https:\/\/x.com\/rivierabarcrawl"]}]}},"_links":{"self":[{"href":"https:\/\/rivierabarcrawltours.com\/de\/wp-json\/wp\/v2\/pages\/126007","targetHints":{"allow":["GET"]}}],"collection":[{"href":"https:\/\/rivierabarcrawltours.com\/de\/wp-json\/wp\/v2\/pages"}],"about":[{"href":"https:\/\/rivierabarcrawltours.com\/de\/wp-json\/wp\/v2\/types\/page"}],"author":[{"embeddable":true,"href":"https:\/\/rivierabarcrawltours.com\/de\/wp-json\/wp\/v2\/users\/2"}],"replies":[{"embeddable":true,"href":"https:\/\/rivierabarcrawltours.com\/de\/wp-json\/wp\/v2\/comments?post=126007"}],"version-history":[{"count":4,"href":"https:\/\/rivierabarcrawltours.com\/de\/wp-json\/wp\/v2\/pages\/126007\/revisions"}],"predecessor-version":[{"id":126011,"href":"https:\/\/rivierabarcrawltours.com\/de\/wp-json\/wp\/v2\/pages\/126007\/revisions\/126011"}],"wp:featuredmedia":[{"embeddable":true,"href":"https:\/\/rivierabarcrawltours.com\/de\/wp-json\/wp\/v2\/media\/92467"}],"wp:attachment":[{"href":"https:\/\/rivierabarcrawltours.com\/de\/wp-json\/wp\/v2\/media?parent=126007"}],"curies":[{"name":"wp","href":"https:\/\/api.w.org\/{rel}","templated":true}]}}