{"id":125562,"date":"2026-02-16T12:23:57","date_gmt":"2026-02-16T11:23:57","guid":{"rendered":"https:\/\/rivierabarcrawltours.com\/touren-erlebnisse-2\/"},"modified":"2026-02-19T15:52:00","modified_gmt":"2026-02-19T14:52:00","slug":"touren-erlebnisse-2","status":"publish","type":"page","link":"https:\/\/rivierabarcrawltours.com\/de\/touren-erlebnisse-2\/","title":{"rendered":"Touren &amp; Erlebnisse"},"content":{"rendered":"<div class=\"wpb-content-wrapper\"><p>[vc_row css=&#8220;.vc_custom_1612431259800{margin-top: 40px !important;}&#8220;][vc_column][vc_column_text css=&#8220;&#8220;]<\/p>\n<h2>Touren &amp; Erlebnisse<\/h2>\n<p>[\/vc_column_text][vc_column_text css=&#8220;&#8220;]<\/p>\n<div>\n<h2>Entdecken Sie Europa (und dar\u00fcber hinaus) mit Riviera Bar Crawl &amp; Tours<\/h2>\n<p>Erleben Sie Ihr Reiseziel wie ein Einheimischer mit <strong>Riviera Bar Crawl &amp; Tours &#8211; unterhaltsame<\/strong>, freundliche und fachkundig organisierte Erlebnisse f\u00fcr <strong>Reisende, Kreuzfahrtg\u00e4ste, Freundesgruppen und Unternehmen<\/strong>, die etwas wirklich Unvergessliches suchen. Ob Sie nun wegen der <strong>Kultur, dem Nachtleben oder den unglaublichen Aromen<\/strong> hier sind, wir machen es m\u00fchelos: <strong>gro\u00dfartige F\u00fchrer, gro\u00dfartige Orte, gro\u00dfartige Stimmung &#8211; mit einer<\/strong>reibungslosen, stressfreien Organisation von Anfang bis Ende.<\/p>\n<h3>Unsere Erfahrungen<\/h3>\n<ul>\n<li><strong>Private Touren<\/strong> &#8211; Ein ma\u00dfgeschneidertes Erlebnis f\u00fcr Paare, Freunde, Geburtstage oder VIP-Besuche. W\u00e4hlen Sie Ihr Tempo, Ihren Stil und die Orte, die Sie unbedingt sehen m\u00fcssen. <\/li>\n<li><strong>Team Building<\/strong> &#8211; Bringen Sie Ihr Team mit interaktiven Momenten, gemeinsamen Herausforderungen und einer geselligen Atmosph\u00e4re zusammen. Perfekt f\u00fcr Firmengruppen. <\/li>\n<li><strong>Walking Tours<\/strong> &#8211; Erkunden Sie die Stadt zu Fu\u00df mit fesselnden Geschichten, lokalen Einblicken und versteckten Juwelen.<\/li>\n<li><strong>Sightseeing-Touren<\/strong> &#8211; Erleben Sie die Highlights mit einem lokalen Gastgeber und einer intelligenten Routenplanung, die Ihre Zeit optimal nutzt.<\/li>\n<li><strong>Pub Crawls<\/strong> &#8211; Lernen Sie neue Leute kennen, genie\u00dfen Sie handverlesene Bars und entdecken Sie das Nachtleben mit einem Gastgeber, der die Nacht in Schwung h\u00e4lt.<\/li>\n<li><strong>Party Bus<\/strong> &#8211; Machen Sie die Fahrt zur Party: Musik, Energie und eine speziell entwickelte Route f\u00fcr eine unvergessliche Nacht.<\/li>\n<li><strong>Food Tours<\/strong> &#8211; Probieren Sie jedes Reiseziel durch authentische Stationen und lokale Spezialit\u00e4ten. Ideal f\u00fcr Feinschmecker, die es richtig wissen wollen. <\/li>\n<li><strong>Weinverkostung<\/strong> &#8211; Probieren Sie, lernen Sie und genie\u00dfen Sie ausgew\u00e4hlte Verkostungen, die das lokale Terroir und die Traditionen vorstellen.<\/li>\n<li><strong>Photo Walk<\/strong> &#8211; Erkunden Sie malerische Orte und halten Sie dabei Ihre sch\u00f6nsten Momente fest &#8211; perfekt f\u00fcr Paare, Freunde und Kreative.<\/li>\n<li><strong>Treasure Hunt<\/strong> &#8211; Eine spielerische, gesellige Art, eine Stadt durch Hinweise, Mini-Herausforderungen und \u00dcberraschungsstopps zu entdecken.<\/li>\n<li><strong>Escape Game<\/strong> &#8211; Ein reales Fluchtabenteuer, das f\u00fcr Teamwork, Lachen und Entdeckungen sorgt &#8211; ideal f\u00fcr Gruppen und Betriebsausfl\u00fcge.<\/li>\n<li><strong>Boat Party<\/strong> &#8211; Sonne, Meer, Musik und gute Leute &#8211; ein Erlebnis, das zum Feiern und f\u00fcr unvergessliche Erinnerungen gemacht ist.<\/li>\n<li><strong>Cocktail-Kurs<\/strong> &#8211; Sch\u00fctteln, r\u00fchren und lernen Sie die Geheimnisse kultiger Cocktails in einem praktischen und unterhaltsamen Kurs kennen.<\/li>\n<\/ul>\n<h3>Warum bei uns buchen?<\/h3>\n<ul>\n<li><strong>Lokale Kompetenz, wo immer Sie hingehen<\/strong> &#8211; Echte Empfehlungen, echte Adressen, echte Atmosph\u00e4re<\/li>\n<li><strong>Einfache Planung<\/strong> &#8211; Wir k\u00fcmmern uns um die Details, damit Sie den Moment genie\u00dfen k\u00f6nnen<\/li>\n<li><strong>Erlebnisse f\u00fcr jede Gruppe<\/strong> &#8211; von Einzelreisenden bis zu privaten Gruppen und Firmenteams<\/li>\n<li><strong>Gehostet &amp; nahtlos<\/strong> &#8211; Sie tauchen auf, wir halten alles am Laufen<\/li>\n<\/ul>\n<h3>Sind Sie bereit, Ihr n\u00e4chstes Erlebnis zu buchen?<\/h3>\n<p>Die Termine sind schnell ausgebucht &#8211; schreiben Sie uns, um die Verf\u00fcgbarkeit zu pr\u00fcfen und lassen Sie uns den perfekten Plan f\u00fcr Ihre Reise erstellen.<\/p>\n<\/div>\n<div><strong>WhatsApp \/ Telefon:<\/strong> +33 649 244 407<\/div>\n<div>E-Mail: info@rivierabarcrawltours.com<\/div>\n<p>[\/vc_column_text][\/vc_column][\/vc_row][vc_row][vc_column width=&#8220;1\/4&#8243; el_class=&#8220;main-col&#8220; css=&#8220;.vc_custom_1612431923475{margin-bottom: 20px !important;}&#8220;][vc_column_text css=&#8220;.vc_custom_1612433291524{background-image: url(https:\/\/rivierabarcrawltours.com\/wp-content\/uploads\/2020\/04\/private-tours-paris-france-1-1.jpg?id=53673) !important;}&#8220;]<a href=\"\/concept\/riviera-private-tours\">Private Touren<\/a>[\/vc_column_text][\/vc_column][vc_column width=&#8220;1\/4&#8243; el_class=&#8220;main-col&#8220; css=&#8220;.vc_custom_1612432008756{margin-bottom: 20px !important;}&#8220;][vc_column_text css=&#8220;.vc_custom_1612433943747{background-image: url(https:\/\/rivierabarcrawltours.com\/wp-content\/uploads\/2021\/01\/teambuilding-nice.jpg?id=63064) !important;}&#8220;]<a href=\"\/concept\/riviera-team-building\">Teambildung<\/a>[\/vc_column_text][\/vc_column][vc_column width=&#8220;1\/4&#8243; el_class=&#8220;main-col&#8220; css=&#8220;.vc_custom_1613118716288{margin-bottom: 20px !important;}&#8220;][vc_column_text css=&#8220;.vc_custom_1712854665597{background-image: url(https:\/\/rivierabarcrawltours.com\/wp-content\/uploads\/2024\/04\/walking-tours.jpg?id=111976) !important;}&#8220;]<a href=\"\/concept\/riviera-walking-tours\">Wanderungen<\/a>[\/vc_column_text][\/vc_column][vc_column width=&#8220;1\/4&#8243; el_class=&#8220;main-col&#8220; css=&#8220;.vc_custom_1612432062266{margin-bottom: 20px !important;}&#8220;][vc_column_text css=&#8220;.vc_custom_1712924583170{background-image: url(https:\/\/rivierabarcrawltours.com\/wp-content\/uploads\/2021\/02\/nice-pub-crawls-300&#215;300-1.jpg?id=106823) !important;}&#8220;]<a href=\"https:\/\/rivierabarcrawltours.com\/de\/?attachment_id=108042\">Kneipenbummel<\/a>[\/vc_column_text][\/vc_column][\/vc_row][vc_row][vc_column width=&#8220;1\/4&#8243; el_class=&#8220;main-col&#8220; css=&#8220;.vc_custom_1612431923475{margin-bottom: 20px !important;}&#8220;][vc_column_text css=&#8220;.vc_custom_1712924798017{background-image: url(https:\/\/rivierabarcrawltours.com\/wp-content\/uploads\/2022\/01\/Cannes-Food-Tours-2022.mp4_000037866.png?id=106646) !important;}&#8220;]<a href=\"\/concept\/riviera-food-tours\">Essen Touren<\/a>[\/vc_column_text][\/vc_column][vc_column width=&#8220;1\/4&#8243; el_class=&#8220;main-col&#8220; css=&#8220;.vc_custom_1612432008756{margin-bottom: 20px !important;}&#8220;][vc_column_text css=&#8220;.vc_custom_1612437069872{background-image: url(https:\/\/rivierabarcrawltours.com\/wp-content\/uploads\/2020\/03\/vineyard-tours-nice-france.pic-2.jpg?id=51786) !important;}&#8220;]<\/p>\n<p><a href=\"\/concept\/riviera-wine-tasting\">Weinverkostung<\/a><\/p>\n<p>[\/vc_column_text][\/vc_column][vc_column width=&#8220;1\/4&#8243; el_class=&#8220;main-col&#8220; css=&#8220;.vc_custom_1613118716288{margin-bottom: 20px !important;}&#8220;][vc_column_text css=&#8220;.vc_custom_1770904298989{background-image: url(https:\/\/rivierabarcrawltours.com\/wp-content\/uploads\/2026\/02\/Sightseeing-tours.jpg?id=125346) !important;}&#8220;]<a href=\"https:\/\/rivierabarcrawltours.com\/tour\/sightseeing-tour%E2%80%A6o-antibes-cannes\/\">Sightseeing Touren<\/a>[\/vc_column_text][\/vc_column][vc_column width=&#8220;1\/4&#8243; el_class=&#8220;main-col&#8220; css=&#8220;.vc_custom_1612432062266{margin-bottom: 20px !important;}&#8220;][vc_column_text css=&#8220;.vc_custom_1771495644174{background-image: url(https:\/\/rivierabarcrawltours.com\/wp-content\/uploads\/2026\/02\/Party-bus-.webp?id=125347) !important;}&#8220;]<a href=\"https:\/\/rivierabarcrawltours.com\/de\/tour\/partybus-paris-frankreich\/\">Party Bus<\/a>[\/vc_column_text][\/vc_column][\/vc_row][vc_row][vc_column width=&#8220;1\/4&#8243; el_class=&#8220;main-col&#8220; css=&#8220;.vc_custom_1612431923475{margin-bottom: 20px !important;}&#8220;][vc_column_text css=&#8220;.vc_custom_1770972442520{background-image: url(https:\/\/rivierabarcrawltours.com\/wp-content\/uploads\/2026\/02\/Photo-walk-scaled.jpg?id=125348) !important;}&#8220;]<a href=\"https:\/\/rivierabarcrawltours.com\/de\/tour\/capture-paris-ein-unvergesslicher-fotospaziergang-durch-das-quartier-latin\/\">Fotospaziergang<\/a>[\/vc_column_text][\/vc_column][vc_column width=&#8220;1\/4&#8243; el_class=&#8220;main-col&#8220; css=&#8220;.vc_custom_1612432008756{margin-bottom: 20px !important;}&#8220;][vc_column_text css=&#8220;.vc_custom_1770972476163{background-image: url(https:\/\/rivierabarcrawltours.com\/wp-content\/uploads\/2026\/02\/Treasure-Hunt-.webp?id=125349) !important;}&#8220;]<a href=\"https:\/\/rivierabarcrawltours.com\/tour\/treasure-hunting\/\">Schnitzeljagd<\/a>[\/vc_column_text][\/vc_column][vc_column width=&#8220;1\/4&#8243; el_class=&#8220;main-col&#8220; css=&#8220;.vc_custom_1613118716288{margin-bottom: 20px !important;}&#8220;][vc_column_text css=&#8220;.vc_custom_1771512526046{background-image: url(https:\/\/rivierabarcrawltours.com\/wp-content\/uploads\/2026\/02\/Outdoor-escape-game-.jpg?id=125350) !important;}&#8220;]<a href=\"https:\/\/rivierabarcrawltours.com\/tour\/heist-of-the-cen%E2%80%A6y-escape-game-38\/\">Fluchtspiel<\/a>[\/vc_column_text][\/vc_column][vc_column width=&#8220;1\/4&#8243; el_class=&#8220;main-col&#8220; css=&#8220;.vc_custom_1612432062266{margin-bottom: 20px !important;}&#8220;][vc_column_text css=&#8220;.vc_custom_1770973038691{background-image: url(https:\/\/rivierabarcrawltours.com\/wp-content\/uploads\/2023\/05\/Riviera-boat-party-1.jpg?id=109905) !important;}&#8220;]<a href=\"https:\/\/rivierabarcrawltours.com\/de\/tour\/boat-party-nizza-frankreich-2\/\">Boot Party<\/a>[\/vc_column_text][\/vc_column][\/vc_row][vc_row][vc_column width=&#8220;1\/4&#8243; el_class=&#8220;main-col&#8220; css=&#8220;.vc_custom_1612431923475{margin-bottom: 20px !important;}&#8220;][vc_column_text css=&#8220;.vc_custom_1770973071243{background-image: url(https:\/\/rivierabarcrawltours.com\/wp-content\/uploads\/2021\/08\/Cocktail-Masterclass-Niza-4.jpg?id=107887) !important;}&#8220;]<a href=\"https:\/\/rivierabarcrawltours.com\/tour\/cocktail-making-%E2%80%A6e-french-riviera\/\">Cocktail-Kurs<\/a>[\/vc_column_text][\/vc_column][vc_column width=&#8220;1\/4&#8243; el_class=&#8220;main-col&#8220; css=&#8220;.vc_custom_1612432008756{margin-bottom: 20px !important;}&#8220;][\/vc_column][vc_column width=&#8220;1\/4&#8243; el_class=&#8220;main-col&#8220; css=&#8220;.vc_custom_1613118716288{margin-bottom: 20px !important;}&#8220;][\/vc_column][vc_column width=&#8220;1\/4&#8243; el_class=&#8220;main-col&#8220; css=&#8220;.vc_custom_1612432062266{margin-bottom: 20px !important;}&#8220;][\/vc_column][\/vc_row]<\/p>\n<\/div>","protected":false},"excerpt":{"rendered":"<p>[vc_row css=&#8220;.vc_custom_1612431259800{margin-top: 40px !important;}&#8220;][vc_column][vc_column_text css=&#8220;&#8220;] Touren &amp; Erlebnisse [\/vc_column_text][vc_column_text css=&#8220;&#8220;] Entdecken Sie Europa (und dar\u00fcber hinaus) mit Riviera Bar Crawl &amp; Tours Erleben Sie Ihr Reiseziel wie ein Einheimischer mit Riviera Bar Crawl &amp; Tours &#8211; unterhaltsame, freundliche und fachkundig organisierte Erlebnisse f\u00fcr Reisende, Kreuzfahrtg\u00e4ste, Freundesgruppen und Unternehmen, die etwas wirklich Unvergessliches suchen. Ob Sie [&hellip;]<\/p>\n","protected":false},"author":2,"featured_media":125561,"parent":0,"menu_order":0,"comment_status":"closed","ping_status":"closed","template":"template-home-modern.php","meta":{"_acf_changed":false,"footnotes":""},"class_list":["post-125562","page","type-page","status-publish","has-post-thumbnail","hentry"],"acf":[],"yoast_head":"<!-- This site is optimized with the Yoast SEO plugin v27.3 - https:\/\/yoast.com\/product\/yoast-seo-wordpress\/ -->\n<title>Touren &amp; Erlebnisse | Riviera Bar Crawl Tours<\/title>\n<meta name=\"description\" content=\"Riviera Bar Crawl &amp; Tours erweckt die Riviera zum Leben. Wir sind spezialisiert auf gro\u00dfartige Aktivit\u00e4ten, superlustige Partys und rasante Touren an der franz\u00f6sischen Riviera.\" \/>\n<meta name=\"robots\" content=\"index, follow, max-snippet:-1, max-image-preview:large, max-video-preview:-1\" \/>\n<link rel=\"canonical\" href=\"https:\/\/rivierabarcrawltours.com\/de\/touren-erlebnisse-2\/\" \/>\n<meta property=\"og:locale\" content=\"de_DE\" \/>\n<meta property=\"og:type\" content=\"article\" \/>\n<meta property=\"og:title\" content=\"Touren &amp; Erlebnisse | Riviera Bar Crawl Tours\" \/>\n<meta property=\"og:description\" content=\"Riviera Bar Crawl &amp; Tours erweckt die Riviera zum Leben. Wir sind spezialisiert auf gro\u00dfartige Aktivit\u00e4ten, superlustige Partys und rasante Touren an der franz\u00f6sischen Riviera.\" \/>\n<meta property=\"og:url\" content=\"https:\/\/rivierabarcrawltours.com\/de\/touren-erlebnisse-2\/\" \/>\n<meta property=\"og:site_name\" content=\"Riviera Bar Crawl Tours\" \/>\n<meta property=\"article:publisher\" content=\"https:\/\/www.facebook.com\/RivieraBarCrawltours\/\" \/>\n<meta property=\"article:modified_time\" content=\"2026-02-19T14:52:00+00:00\" \/>\n<meta property=\"og:image\" content=\"https:\/\/rivierabarcrawltours.com\/wp-content\/uploads\/2024\/07\/riviera-pub-crawls-1024x1024.jpg\" \/>\n<meta name=\"twitter:card\" content=\"summary_large_image\" \/>\n<meta name=\"twitter:site\" content=\"@rivierabarcrawl\" \/>\n<meta name=\"twitter:label1\" content=\"Gesch\u00e4tzte Lesezeit\" \/>\n\t<meta name=\"twitter:data1\" content=\"5\u00a0Minuten\" \/>\n<!-- \/ Yoast SEO plugin. -->","yoast_head_json":{"title":"Touren &amp; Erlebnisse | Riviera Bar Crawl Tours","description":"Riviera Bar Crawl & Tours erweckt die Riviera zum Leben. Wir sind spezialisiert auf gro\u00dfartige Aktivit\u00e4ten, superlustige Partys und rasante Touren an der franz\u00f6sischen Riviera.","robots":{"index":"index","follow":"follow","max-snippet":"max-snippet:-1","max-image-preview":"max-image-preview:large","max-video-preview":"max-video-preview:-1"},"canonical":"https:\/\/rivierabarcrawltours.com\/de\/touren-erlebnisse-2\/","og_locale":"de_DE","og_type":"article","og_title":"Touren &amp; Erlebnisse | Riviera Bar Crawl Tours","og_description":"Riviera Bar Crawl & Tours erweckt die Riviera zum Leben. Wir sind spezialisiert auf gro\u00dfartige Aktivit\u00e4ten, superlustige Partys und rasante Touren an der franz\u00f6sischen Riviera.","og_url":"https:\/\/rivierabarcrawltours.com\/de\/touren-erlebnisse-2\/","og_site_name":"Riviera Bar Crawl Tours","article_publisher":"https:\/\/www.facebook.com\/RivieraBarCrawltours\/","article_modified_time":"2026-02-19T14:52:00+00:00","og_image":[{"url":"https:\/\/rivierabarcrawltours.com\/wp-content\/uploads\/2024\/07\/riviera-pub-crawls-1024x1024.jpg","type":"","width":"","height":""}],"twitter_card":"summary_large_image","twitter_site":"@rivierabarcrawl","twitter_misc":{"Gesch\u00e4tzte Lesezeit":"5\u00a0Minuten"},"schema":{"@context":"https:\/\/schema.org","@graph":[{"@type":"WebPage","@id":"https:\/\/rivierabarcrawltours.com\/de\/touren-erlebnisse-2\/","url":"https:\/\/rivierabarcrawltours.com\/de\/touren-erlebnisse-2\/","name":"Touren &amp; Erlebnisse | Riviera Bar Crawl Tours","isPartOf":{"@id":"https:\/\/rivierabarcrawltours.com\/#website"},"primaryImageOfPage":{"@id":"https:\/\/rivierabarcrawltours.com\/de\/touren-erlebnisse-2\/#primaryimage"},"image":{"@id":"https:\/\/rivierabarcrawltours.com\/de\/touren-erlebnisse-2\/#primaryimage"},"thumbnailUrl":"https:\/\/rivierabarcrawltours.com\/wp-content\/uploads\/2026\/02\/french-riviera.jpeg","datePublished":"2026-02-16T11:23:57+00:00","dateModified":"2026-02-19T14:52:00+00:00","description":"Riviera Bar Crawl & Tours erweckt die Riviera zum Leben. Wir sind spezialisiert auf gro\u00dfartige Aktivit\u00e4ten, superlustige Partys und rasante Touren an der franz\u00f6sischen Riviera.","breadcrumb":{"@id":"https:\/\/rivierabarcrawltours.com\/de\/touren-erlebnisse-2\/#breadcrumb"},"inLanguage":"de","potentialAction":[{"@type":"ReadAction","target":["https:\/\/rivierabarcrawltours.com\/de\/touren-erlebnisse-2\/"]}]},{"@type":"ImageObject","inLanguage":"de","@id":"https:\/\/rivierabarcrawltours.com\/de\/touren-erlebnisse-2\/#primaryimage","url":"https:\/\/rivierabarcrawltours.com\/wp-content\/uploads\/2026\/02\/french-riviera.jpeg","contentUrl":"https:\/\/rivierabarcrawltours.com\/wp-content\/uploads\/2026\/02\/french-riviera.jpeg","width":1440,"height":764},{"@type":"BreadcrumbList","@id":"https:\/\/rivierabarcrawltours.com\/de\/touren-erlebnisse-2\/#breadcrumb","itemListElement":[{"@type":"ListItem","position":1,"name":"Home","item":"https:\/\/rivierabarcrawltours.com\/de\/"},{"@type":"ListItem","position":2,"name":"Touren &amp; Erlebnisse"}]},{"@type":"WebSite","@id":"https:\/\/rivierabarcrawltours.com\/#website","url":"https:\/\/rivierabarcrawltours.com\/","name":"Riviera Bar Crawl Tours","description":"Fun Day &amp; Night Experiences I Tour operator I Guided Tours I Bar Crawls I Food Tours I","publisher":{"@id":"https:\/\/rivierabarcrawltours.com\/#organization"},"potentialAction":[{"@type":"SearchAction","target":{"@type":"EntryPoint","urlTemplate":"https:\/\/rivierabarcrawltours.com\/?s={search_term_string}"},"query-input":{"@type":"PropertyValueSpecification","valueRequired":true,"valueName":"search_term_string"}}],"inLanguage":"de"},{"@type":"Organization","@id":"https:\/\/rivierabarcrawltours.com\/#organization","name":"Riviera Bar Crawl Tours","url":"https:\/\/rivierabarcrawltours.com\/","logo":{"@type":"ImageObject","inLanguage":"de","@id":"https:\/\/rivierabarcrawltours.com\/#\/schema\/logo\/image\/","url":"https:\/\/rivierabarcrawltours.com\/wp-content\/uploads\/2019\/07\/logo.png","contentUrl":"https:\/\/rivierabarcrawltours.com\/wp-content\/uploads\/2019\/07\/logo.png","width":479,"height":453,"caption":"Riviera Bar Crawl Tours"},"image":{"@id":"https:\/\/rivierabarcrawltours.com\/#\/schema\/logo\/image\/"},"sameAs":["https:\/\/www.facebook.com\/RivieraBarCrawltours\/","https:\/\/x.com\/rivierabarcrawl"]}]}},"_links":{"self":[{"href":"https:\/\/rivierabarcrawltours.com\/de\/wp-json\/wp\/v2\/pages\/125562","targetHints":{"allow":["GET"]}}],"collection":[{"href":"https:\/\/rivierabarcrawltours.com\/de\/wp-json\/wp\/v2\/pages"}],"about":[{"href":"https:\/\/rivierabarcrawltours.com\/de\/wp-json\/wp\/v2\/types\/page"}],"author":[{"embeddable":true,"href":"https:\/\/rivierabarcrawltours.com\/de\/wp-json\/wp\/v2\/users\/2"}],"replies":[{"embeddable":true,"href":"https:\/\/rivierabarcrawltours.com\/de\/wp-json\/wp\/v2\/comments?post=125562"}],"version-history":[{"count":5,"href":"https:\/\/rivierabarcrawltours.com\/de\/wp-json\/wp\/v2\/pages\/125562\/revisions"}],"predecessor-version":[{"id":126911,"href":"https:\/\/rivierabarcrawltours.com\/de\/wp-json\/wp\/v2\/pages\/125562\/revisions\/126911"}],"wp:featuredmedia":[{"embeddable":true,"href":"https:\/\/rivierabarcrawltours.com\/de\/wp-json\/wp\/v2\/media\/125561"}],"wp:attachment":[{"href":"https:\/\/rivierabarcrawltours.com\/de\/wp-json\/wp\/v2\/media?parent=125562"}],"curies":[{"name":"wp","href":"https:\/\/api.w.org\/{rel}","templated":true}]}}