{"id":125536,"date":"2026-02-16T12:04:20","date_gmt":"2026-02-16T11:04:20","guid":{"rendered":"https:\/\/rivierabarcrawltours.com\/bar-crawls\/"},"modified":"2026-02-16T12:04:21","modified_gmt":"2026-02-16T11:04:21","slug":"bar-crawls","status":"publish","type":"page","link":"https:\/\/rivierabarcrawltours.com\/de\/bar-crawls\/","title":{"rendered":"Bar Crawls"},"content":{"rendered":"<div class=\"wpb-content-wrapper\"><p>[vc_row css=&#8220;.vc_custom_1612431259800{margin-top: 40px !important;}&#8220;][vc_column][vc_column_text css=&#8220;&#8220;]<\/p>\n<h1><strong>Epische Bar-Crawl-Abenteuer in ganz Europa und auf der ganzen Welt<\/strong><\/h1>\n<p>[\/vc_column_text][vc_column_text css=&#8220;&#8220;]<strong>Entdecken Sie die besten Pub Crawls in den angesagtesten St\u00e4dten Europas<\/strong><\/p>\n<p>Sind Sie bereit, ein legend\u00e4res Nachtleben zu erleben? Riviera Bar Crawl &amp; Tours bietet Ihnen unvergessliche Bar Crawl Erlebnisse in Frankreich, Italien und Belgien. Seit 2012 haben wir mehr als 100.000 Reisende auf der Suche nach authentischen Abenteuern im europ\u00e4ischen Nachtleben beherbergt.  <\/p>\n<p><strong>Was bei jedem Bar Crawl inbegriffen ist:<\/strong><\/p>\n<ul>\n<li><strong>VIP-Club-Zugang<\/strong> &#8211; \u00dcberspringen Sie die Warteschlangen und betreten Sie die besten Veranstaltungsorte problemlos.<\/li>\n<li><strong>Welcome Shots &amp; Drink Specials<\/strong> &#8211; Exklusive Angebote an jeder Haltestelle<\/li>\n<li><strong>Fachkundige lokale F\u00fchrer<\/strong> &#8211; Unterhaltsame, sachkundige Gastgeber, die die besten Pl\u00e4tze kennen<\/li>\n<li><strong>International Crowd<\/strong> &#8211; Treffen Sie Reisende aus aller Welt<\/li>\n<li><b>Buchen Sie Ihre Tour <\/b>&#8211; mit \u00f6ffentlicher Gruppe oder auch privat<\/li>\n<\/ul>\n<p>Ob Sie die glamour\u00f6se franz\u00f6sische Riviera erkunden, das italienische Nachtleben entdecken oder in die belgische Partykultur eintauchen, unsere Bar Crawls bieten erstklassige Erlebnisse zu erschwinglichen Preisen. Genie\u00dfen Sie die ultimative Nacht mit gleichgesinnten Abenteurern. <\/p>\n<p><strong>Schlie\u00dfen Sie sich Tausenden von zufriedenen G\u00e4sten an, die mit \u00fcber 1.291 F\u00fcnf-Sterne-Bewertungen &#8222;AUSGEZEICHNET&#8220; sind. Ihre epische europ\u00e4ische Nacht beginnt hier. <\/strong><\/p>\n<p><strong>W\u00e4hlen Sie Ihr Bar Crawl Abenteuer:<\/strong>[\/vc_column_text][\/vc_column][\/vc_row][vc_row][vc_column width=&#8220;1\/4&#8243; el_class=&#8220;main-col&#8220; css=&#8220;.vc_custom_1612431923475{margin-bottom: 20px !important;}&#8220;][vc_column_text css=&#8220;.vc_custom_1770901483761{background-image: url(https:\/\/rivierabarcrawltours.com\/wp-content\/uploads\/2023\/02\/RBCT-Friday-night-in-Paris.jpeg?id=105557) !important;}&#8220;]<a href=\"https:\/\/rivierabarcrawltours.com\/de\/frankreich-bar-crawls\/\">Frankreich Bar Crawl<\/a>[\/vc_column_text][\/vc_column][vc_column width=&#8220;1\/4&#8243; el_class=&#8220;main-col&#8220; css=&#8220;.vc_custom_1612432008756{margin-bottom: 20px !important;}&#8220;][vc_column_text css=&#8220;.vc_custom_1770901538292{background-image: url(https:\/\/rivierabarcrawltours.com\/wp-content\/uploads\/2020\/09\/Colosseum-Rome-Italy-1.jpg?id=61082) !important;}&#8220;]<a href=\"https:\/\/rivierabarcrawltours.com\/de\/italien-bar-crawls\/\">Italien Bar Crawl<\/a>[\/vc_column_text][\/vc_column][vc_column width=&#8220;1\/4&#8243; el_class=&#8220;main-col&#8220; css=&#8220;.vc_custom_1613118716288{margin-bottom: 20px !important;}&#8220;][vc_column_text css=&#8220;.vc_custom_1770901576537{background-image: url(https:\/\/rivierabarcrawltours.com\/wp-content\/uploads\/2026\/02\/Brussels-by-night-.jpg?id=125280) !important;}&#8220;]<a href=\"https:\/\/rivierabarcrawltours.com\/de\/belgien-bar-crawls\/\">Belgien Bar Crawl<\/a>[\/vc_column_text][\/vc_column][vc_column width=&#8220;1\/4&#8243; el_class=&#8220;main-col&#8220; css=&#8220;.vc_custom_1612432062266{margin-bottom: 20px !important;}&#8220;][vc_column_text css=&#8220;.vc_custom_1770901609224{background-image: url(https:\/\/rivierabarcrawltours.com\/wp-content\/uploads\/2026\/02\/instagram-post-Nice-NYE-2027.jpg?id=125284) !important;}&#8220;]<a href=\"https:\/\/rivierabarcrawltours.com\/de\/besondere-bar-crawls\/\">Spezial Bar Crawl<\/a>[\/vc_column_text][\/vc_column][\/vc_row][vc_row][vc_column][vc_column_text css=&#8220;&#8220;]<a href=\"https:\/\/rivierabarcrawltours.com\/de\/kontaktiere-uns\/\">Kontaktieren Sie uns f\u00fcr spezifische Anfragen <\/a><\/p>\n<p><b>WhatsApp Telefon<\/b> +33 649 244 407<\/p>\n<p><b>Email<\/b> info@rivierabarcrawltours.com[\/vc_column_text][\/vc_column][\/vc_row]<\/p>\n<\/div>","protected":false},"excerpt":{"rendered":"<p>[vc_row css=&#8220;.vc_custom_1612431259800{margin-top: 40px !important;}&#8220;][vc_column][vc_column_text css=&#8220;&#8220;] Epische Bar-Crawl-Abenteuer in ganz Europa und auf der ganzen Welt [\/vc_column_text][vc_column_text css=&#8220;&#8220;]Entdecken Sie die besten Pub Crawls in den angesagtesten St\u00e4dten Europas Sind Sie bereit, ein legend\u00e4res Nachtleben zu erleben? Riviera Bar Crawl &amp; Tours bietet Ihnen unvergessliche Bar Crawl Erlebnisse in Frankreich, Italien und Belgien. Seit 2012 haben wir [&hellip;]<\/p>\n","protected":false},"author":2,"featured_media":108042,"parent":0,"menu_order":0,"comment_status":"closed","ping_status":"closed","template":"template-home-modern.php","meta":{"_acf_changed":false,"footnotes":""},"class_list":["post-125536","page","type-page","status-publish","has-post-thumbnail","hentry"],"acf":[],"yoast_head":"<!-- This site is optimized with the Yoast SEO plugin v27.3 - https:\/\/yoast.com\/product\/yoast-seo-wordpress\/ -->\n<title>Riviera Bar Crawl Tours I Buchen Sie Ihre lustigen Bar Crawls<\/title>\n<meta name=\"description\" content=\"Suchen Sie nach einer guten Zeit? Nehmen Sie an den Riviera Bar Crawls teil und genie\u00dfen Sie die besten Kneipentouren in Europa und der ganzen Welt\" \/>\n<meta name=\"robots\" content=\"index, follow, max-snippet:-1, max-image-preview:large, max-video-preview:-1\" \/>\n<link rel=\"canonical\" href=\"https:\/\/rivierabarcrawltours.com\/de\/bar-crawls\/\" \/>\n<meta property=\"og:locale\" content=\"de_DE\" \/>\n<meta property=\"og:type\" content=\"article\" \/>\n<meta property=\"og:title\" content=\"Besondere Kneipentour\" \/>\n<meta property=\"og:description\" content=\"Besondere Kneipentour\" \/>\n<meta property=\"og:url\" content=\"https:\/\/rivierabarcrawltours.com\/de\/bar-crawls\/\" \/>\n<meta property=\"og:site_name\" content=\"Riviera Bar Crawl Tours\" \/>\n<meta property=\"article:publisher\" content=\"https:\/\/www.facebook.com\/RivieraBarCrawltours\/\" \/>\n<meta property=\"article:modified_time\" content=\"2026-02-16T11:04:21+00:00\" \/>\n<meta property=\"og:image\" content=\"https:\/\/rivierabarcrawltours.com\/wp-content\/uploads\/2024\/07\/riviera-pub-crawls-1024x1024.jpg\" \/>\n<meta name=\"twitter:card\" content=\"summary_large_image\" \/>\n<meta name=\"twitter:site\" content=\"@rivierabarcrawl\" \/>\n<meta name=\"twitter:label1\" content=\"Gesch\u00e4tzte Lesezeit\" \/>\n\t<meta name=\"twitter:data1\" content=\"2\u00a0Minuten\" \/>\n<!-- \/ Yoast SEO plugin. -->","yoast_head_json":{"title":"Riviera Bar Crawl Tours I Buchen Sie Ihre lustigen Bar Crawls","description":"Suchen Sie nach einer guten Zeit? Nehmen Sie an den Riviera Bar Crawls teil und genie\u00dfen Sie die besten Kneipentouren in Europa und der ganzen Welt","robots":{"index":"index","follow":"follow","max-snippet":"max-snippet:-1","max-image-preview":"max-image-preview:large","max-video-preview":"max-video-preview:-1"},"canonical":"https:\/\/rivierabarcrawltours.com\/de\/bar-crawls\/","og_locale":"de_DE","og_type":"article","og_title":"Besondere Kneipentour","og_description":"Besondere Kneipentour","og_url":"https:\/\/rivierabarcrawltours.com\/de\/bar-crawls\/","og_site_name":"Riviera Bar Crawl Tours","article_publisher":"https:\/\/www.facebook.com\/RivieraBarCrawltours\/","article_modified_time":"2026-02-16T11:04:21+00:00","og_image":[{"url":"https:\/\/rivierabarcrawltours.com\/wp-content\/uploads\/2024\/07\/riviera-pub-crawls-1024x1024.jpg","type":"","width":"","height":""}],"twitter_card":"summary_large_image","twitter_site":"@rivierabarcrawl","twitter_misc":{"Gesch\u00e4tzte Lesezeit":"2\u00a0Minuten"},"schema":{"@context":"https:\/\/schema.org","@graph":[{"@type":"WebPage","@id":"https:\/\/rivierabarcrawltours.com\/de\/bar-crawls\/","url":"https:\/\/rivierabarcrawltours.com\/de\/bar-crawls\/","name":"Riviera Bar Crawl Tours I Buchen Sie Ihre lustigen Bar Crawls","isPartOf":{"@id":"https:\/\/rivierabarcrawltours.com\/#website"},"primaryImageOfPage":{"@id":"https:\/\/rivierabarcrawltours.com\/de\/bar-crawls\/#primaryimage"},"image":{"@id":"https:\/\/rivierabarcrawltours.com\/de\/bar-crawls\/#primaryimage"},"thumbnailUrl":"https:\/\/rivierabarcrawltours.com\/wp-content\/uploads\/2023\/06\/riviera-pub-crawls.jpg","datePublished":"2026-02-16T11:04:20+00:00","dateModified":"2026-02-16T11:04:21+00:00","description":"Suchen Sie nach einer guten Zeit? Nehmen Sie an den Riviera Bar Crawls teil und genie\u00dfen Sie die besten Kneipentouren in Europa und der ganzen Welt","breadcrumb":{"@id":"https:\/\/rivierabarcrawltours.com\/de\/bar-crawls\/#breadcrumb"},"inLanguage":"de","potentialAction":[{"@type":"ReadAction","target":["https:\/\/rivierabarcrawltours.com\/de\/bar-crawls\/"]}]},{"@type":"ImageObject","inLanguage":"de","@id":"https:\/\/rivierabarcrawltours.com\/de\/bar-crawls\/#primaryimage","url":"https:\/\/rivierabarcrawltours.com\/wp-content\/uploads\/2023\/06\/riviera-pub-crawls.jpg","contentUrl":"https:\/\/rivierabarcrawltours.com\/wp-content\/uploads\/2023\/06\/riviera-pub-crawls.jpg","width":1920,"height":1113,"caption":"sch\u00f6ne Erlebnisse im Nachtleben"},{"@type":"BreadcrumbList","@id":"https:\/\/rivierabarcrawltours.com\/de\/bar-crawls\/#breadcrumb","itemListElement":[{"@type":"ListItem","position":1,"name":"Home","item":"https:\/\/rivierabarcrawltours.com\/de\/"},{"@type":"ListItem","position":2,"name":"Bar Crawls"}]},{"@type":"WebSite","@id":"https:\/\/rivierabarcrawltours.com\/#website","url":"https:\/\/rivierabarcrawltours.com\/","name":"Riviera Bar Crawl Tours","description":"Fun Day &amp; Night Experiences I Tour operator I Guided Tours I Bar Crawls I Food Tours I","publisher":{"@id":"https:\/\/rivierabarcrawltours.com\/#organization"},"potentialAction":[{"@type":"SearchAction","target":{"@type":"EntryPoint","urlTemplate":"https:\/\/rivierabarcrawltours.com\/?s={search_term_string}"},"query-input":{"@type":"PropertyValueSpecification","valueRequired":true,"valueName":"search_term_string"}}],"inLanguage":"de"},{"@type":"Organization","@id":"https:\/\/rivierabarcrawltours.com\/#organization","name":"Riviera Bar Crawl Tours","url":"https:\/\/rivierabarcrawltours.com\/","logo":{"@type":"ImageObject","inLanguage":"de","@id":"https:\/\/rivierabarcrawltours.com\/#\/schema\/logo\/image\/","url":"https:\/\/rivierabarcrawltours.com\/wp-content\/uploads\/2019\/07\/logo.png","contentUrl":"https:\/\/rivierabarcrawltours.com\/wp-content\/uploads\/2019\/07\/logo.png","width":479,"height":453,"caption":"Riviera Bar Crawl Tours"},"image":{"@id":"https:\/\/rivierabarcrawltours.com\/#\/schema\/logo\/image\/"},"sameAs":["https:\/\/www.facebook.com\/RivieraBarCrawltours\/","https:\/\/x.com\/rivierabarcrawl"]}]}},"_links":{"self":[{"href":"https:\/\/rivierabarcrawltours.com\/de\/wp-json\/wp\/v2\/pages\/125536","targetHints":{"allow":["GET"]}}],"collection":[{"href":"https:\/\/rivierabarcrawltours.com\/de\/wp-json\/wp\/v2\/pages"}],"about":[{"href":"https:\/\/rivierabarcrawltours.com\/de\/wp-json\/wp\/v2\/types\/page"}],"author":[{"embeddable":true,"href":"https:\/\/rivierabarcrawltours.com\/de\/wp-json\/wp\/v2\/users\/2"}],"replies":[{"embeddable":true,"href":"https:\/\/rivierabarcrawltours.com\/de\/wp-json\/wp\/v2\/comments?post=125536"}],"version-history":[{"count":2,"href":"https:\/\/rivierabarcrawltours.com\/de\/wp-json\/wp\/v2\/pages\/125536\/revisions"}],"predecessor-version":[{"id":125538,"href":"https:\/\/rivierabarcrawltours.com\/de\/wp-json\/wp\/v2\/pages\/125536\/revisions\/125538"}],"wp:featuredmedia":[{"embeddable":true,"href":"https:\/\/rivierabarcrawltours.com\/de\/wp-json\/wp\/v2\/media\/108042"}],"wp:attachment":[{"href":"https:\/\/rivierabarcrawltours.com\/de\/wp-json\/wp\/v2\/media?parent=125536"}],"curies":[{"name":"wp","href":"https:\/\/api.w.org\/{rel}","templated":true}]}}