{"id":125415,"date":"2026-02-16T10:14:40","date_gmt":"2026-02-16T09:14:40","guid":{"rendered":"https:\/\/rivierabarcrawltours.com\/hen-do-junggesellinnenabschied\/"},"modified":"2026-02-16T10:17:27","modified_gmt":"2026-02-16T09:17:27","slug":"hen-do-junggesellinnenabschied","status":"publish","type":"page","link":"https:\/\/rivierabarcrawltours.com\/de\/hen-do-junggesellinnenabschied\/","title":{"rendered":"Hen Do &#8211; Junggesellinnenabschied"},"content":{"rendered":"<div class=\"wpb-content-wrapper\"><p>[vc_row css=&#8220;.vc_custom_1612431259800{margin-top: 40px !important;}&#8220;][vc_column][vc_column_text css=&#8220;&#8220;]<\/p>\n<h1>Alle unsere Junggesellinnenabschiede Hen Do Destinationen<\/h1>\n<p>[\/vc_column_text][vc_column_text css=&#8220;&#8220;]<\/p>\n<h2><strong>Junggesellinnenabschiede und Junggesellenabschiede im Ausland<\/strong><\/h2>\n<p><strong>Planen Sie einen einmaligen Junggesellenabschied &#8211; ohne Stress und mit 100% unvergesslichen Momenten.<\/strong><\/p>\n<p>Die Planung eines Junggesellinnenabschieds im Ausland sollte aufregend und nicht \u00fcberw\u00e4ltigend sein. Wir von <strong>Riviera Bar Crawl &amp; Tours<\/strong> helfen Ihnen dabei, eine Feier zu organisieren, von der Ihre Gruppe noch jahrelang sprechen wird &#8211; ganz gleich, ob Sie von einer glamour\u00f6sen Nacht an der <strong>C\u00f4te d&#8217;Azur<\/strong> oder einer energiegeladenen St\u00e4dtereise tr\u00e4umen. <\/p>\n<p>Von kultigen Party-Hotspots bis hin zu luxuri\u00f6seren Reisezielen wie <strong>Saint-Tropez<\/strong> bieten wir Ihnen Erlebnisse, die zu Ihrer Stimmung passen: stilvolle Cocktails, wildes Nachtleben oder eine perfekte Mischung aus beidem. Sie m\u00f6chten etwas Abwechslung? W\u00e4hlen Sie aus einer Reihe von unterhaltsamen Ideen und gruppenfreundlichen Unterhaltungsangeboten &#8211; z.B. <strong>private Barbesuche<\/strong>, Nachtleben und vieles mehr &#8211; die auf Ihr Reiseziel und Ihren Zeitplan zugeschnitten sind.  <\/p>\n<h3><strong>Warum sollten Sie Ihren Junggesellenabschied mit uns planen?<\/strong><\/h3>\n<ul>\n<li><strong>Wie geschaffen f\u00fcr Gruppen:<\/strong> einfache Planung, reibungslose Koordination und ein Programm, das allen Spa\u00df macht<\/li>\n<li><strong>Lokale Expertise:<\/strong> Wir wissen, wo man hingeht, wann man hingeht und wie man den Abend gestaltet<\/li>\n<li><strong>Flexible Vibes:<\/strong> von schickem Feiern bis zum Party-Modus<\/li>\n<li><strong>Erinnerungen an erster Stelle:<\/strong> Das Ziel ist einfach &#8211; schenken Sie der zuk\u00fcnftigen Braut die sch\u00f6nste Nacht (oder das sch\u00f6nste Wochenende) der Reise.<\/li>\n<\/ul>\n<h3><strong>Wie es funktioniert<\/strong><\/h3>\n<p>Nennen Sie uns Ihr <strong>Reiseziel<\/strong>, die <strong>Gruppengr\u00f6\u00dfe<\/strong> und die Art der Feier, die Sie w\u00fcnschen (entspannt, erstklassig, Party oder alles zusammen). Wir zeigen Ihnen die besten Optionen auf und helfen Ihnen dabei, den Plan schnell zu fixieren, damit Sie sich auf Outfits, Playlists und das Beste aus dem Moment machen k\u00f6nnen. <\/p>\n<p><strong>W\u00e4hlen Sie unten Ihr Reiseziel aus<\/strong>, um die besten Optionen f\u00fcr Junggesellinnenabschiede und Junggesellenabschiede zu entdecken &#8211; und beginnen Sie jetzt mit der Planung Ihrer perfekten Feier.<\/p>\n<p><a href=\"https:\/\/rivierabarcrawltours.com\/de\/kontaktiere-uns\/\">F\u00fcr besondere Anfragen:  <\/a><\/p>\n<p><b>WhatsApp Telefon<\/b> +33 649 244 407<\/p>\n<p><b>E-Mail<\/b> info@rivierabarcrawltours.com[\/vc_column_text][\/vc_column][\/vc_row][vc_row][vc_column width=&#8220;1\/4&#8243; el_class=&#8220;main-col&#8220; css=&#8220;.vc_custom_1612431923475{margin-bottom: 20px !important;}&#8220;][vc_column_text css=&#8220;.vc_custom_1771231985934{background-image: url(https:\/\/rivierabarcrawltours.com\/wp-content\/uploads\/2021\/08\/antibes.jpg?id=79220) !important;}&#8220;]<a href=\"https:\/\/rivierabarcrawltours.com\/hen-do-bachelorette-party\/in-antibes\/\">Antibes<\/a>[\/vc_column_text][\/vc_column][vc_column width=&#8220;1\/4&#8243; el_class=&#8220;main-col&#8220; css=&#8220;.vc_custom_1612432008756{margin-bottom: 20px !important;}&#8220;][vc_column_text css=&#8220;.vc_custom_1771232055030{background-image: url(https:\/\/rivierabarcrawltours.com\/wp-content\/uploads\/2026\/02\/Cannes-by-night.jpg?id=125263) !important;}&#8220;]<a href=\"https:\/\/rivierabarcrawltours.com\/hen-do-bachelorette-party\/in-cannes\/\">Cannes<\/a>[\/vc_column_text][\/vc_column][vc_column width=&#8220;1\/4&#8243; el_class=&#8220;main-col&#8220; css=&#8220;.vc_custom_1613118716288{margin-bottom: 20px !important;}&#8220;][vc_column_text css=&#8220;.vc_custom_1771232172813{background-image: url(https:\/\/rivierabarcrawltours.com\/wp-content\/uploads\/2021\/02\/excursions-a-terre-monaco-1.jpg?id=81495) !important;}&#8220;]<a href=\"https:\/\/rivierabarcrawltours.com\/hen-do-bachelorette-party\/in-monaco\/\">Monaco<\/a>[\/vc_column_text][\/vc_column][vc_column width=&#8220;1\/4&#8243; el_class=&#8220;main-col&#8220; css=&#8220;.vc_custom_1612432062266{margin-bottom: 20px !important;}&#8220;][vc_column_text css=&#8220;.vc_custom_1771232274220{background-image: url(https:\/\/rivierabarcrawltours.com\/wp-content\/uploads\/2026\/02\/paris-by-night.jpg?id=125255) !important;}&#8220;]<a href=\"https:\/\/rivierabarcrawltours.com\/hen-do-bachelorette-party\/in-paris\/\">Paris<\/a>[\/vc_column_text][\/vc_column][\/vc_row][vc_row][vc_column width=&#8220;1\/4&#8243; el_class=&#8220;main-col&#8220; css=&#8220;.vc_custom_1612431923475{margin-bottom: 20px !important;}&#8220;][vc_column_text css=&#8220;.vc_custom_1771232367233{background-image: url(https:\/\/rivierabarcrawltours.com\/wp-content\/uploads\/2021\/08\/visite-touristique-privee-saint-tropez-port-grimaud-2.jpg?id=82248) !important;}&#8220;]<a href=\"https:\/\/rivierabarcrawltours.com\/hen-do-bachelorette-party\/in-saint-tropez\/\">Saint-Tropez<\/a>[\/vc_column_text][\/vc_column][vc_column width=&#8220;1\/4&#8243; el_class=&#8220;main-col&#8220; css=&#8220;.vc_custom_1612432008756{margin-bottom: 20px !important;}&#8220;][vc_column_text css=&#8220;.vc_custom_1771232709521{background-image: url(https:\/\/rivierabarcrawltours.com\/wp-content\/uploads\/2025\/03\/Nice-France-1.jpeg?id=115748) !important;}&#8220;]<a href=\"https:\/\/rivierabarcrawltours.com\/hen-do-bachelorette-party\/hen-do-in-nice-france\/\">Nice<\/a>[\/vc_column_text][\/vc_column][\/vc_row]<\/p>\n<\/div>","protected":false},"excerpt":{"rendered":"<p>[vc_row css=&#8220;.vc_custom_1612431259800{margin-top: 40px !important;}&#8220;][vc_column][vc_column_text css=&#8220;&#8220;] Alle unsere Junggesellinnenabschiede Hen Do Destinationen [\/vc_column_text][vc_column_text css=&#8220;&#8220;] Junggesellinnenabschiede und Junggesellenabschiede im Ausland Planen Sie einen einmaligen Junggesellenabschied &#8211; ohne Stress und mit 100% unvergesslichen Momenten. Die Planung eines Junggesellinnenabschieds im Ausland sollte aufregend und nicht \u00fcberw\u00e4ltigend sein. Wir von Riviera Bar Crawl &amp; Tours helfen Ihnen dabei, eine Feier [&hellip;]<\/p>\n","protected":false},"author":2,"featured_media":103230,"parent":0,"menu_order":0,"comment_status":"closed","ping_status":"closed","template":"template-home-modern.php","meta":{"_acf_changed":false,"footnotes":""},"class_list":["post-125415","page","type-page","status-publish","has-post-thumbnail","hentry"],"acf":[],"yoast_head":"<!-- This site is optimized with the Yoast SEO plugin v27.6 - https:\/\/yoast.com\/product\/yoast-seo-wordpress\/ -->\n<title>Veranstalten Sie den perfekten Junggesellinnenabschied - Hen Do im Ausland mit uns!<\/title>\n<meta name=\"description\" content=\"M\u00f6chten Sie an den Strand fahren? Ein verr\u00fcckter &quot;letzter Trinkspruch&quot;? Ein Weinerlebnis? Wir sind hier, um Sie mit den besten Reisezielen und Ideen f\u00fcr Ihren Junggesellinnenabschied zu inspirieren!\" \/>\n<meta name=\"robots\" content=\"index, follow, max-snippet:-1, max-image-preview:large, max-video-preview:-1\" \/>\n<link rel=\"canonical\" href=\"https:\/\/rivierabarcrawltours.com\/de\/hen-do-junggesellinnenabschied\/\" \/>\n<meta property=\"og:locale\" content=\"de_DE\" \/>\n<meta property=\"og:type\" content=\"article\" \/>\n<meta property=\"og:title\" content=\"Hen Do - Junggesellinnenabschied\" \/>\n<meta property=\"og:description\" content=\"Hen Do - Junggesellinnenabschied\" \/>\n<meta property=\"og:url\" content=\"https:\/\/rivierabarcrawltours.com\/de\/hen-do-junggesellinnenabschied\/\" \/>\n<meta property=\"og:site_name\" content=\"Riviera Bar Crawl Tours\" \/>\n<meta property=\"article:publisher\" content=\"https:\/\/www.facebook.com\/RivieraBarCrawltours\/\" \/>\n<meta property=\"article:modified_time\" content=\"2026-02-16T09:17:27+00:00\" \/>\n<meta property=\"og:image\" content=\"https:\/\/rivierabarcrawltours.com\/wp-content\/uploads\/2022\/10\/Hen-Do-Bachelorette-Party-e1666621066263-1024x1024.jpeg\" \/>\n<meta name=\"twitter:card\" content=\"summary_large_image\" \/>\n<meta name=\"twitter:site\" content=\"@rivierabarcrawl\" \/>\n<meta name=\"twitter:label1\" content=\"Gesch\u00e4tzte Lesezeit\" \/>\n\t<meta name=\"twitter:data1\" content=\"3\u00a0Minuten\" \/>\n<!-- \/ Yoast SEO plugin. -->","yoast_head_json":{"title":"Veranstalten Sie den perfekten Junggesellinnenabschied - Hen Do im Ausland mit uns!","description":"M\u00f6chten Sie an den Strand fahren? Ein verr\u00fcckter \"letzter Trinkspruch\"? Ein Weinerlebnis? Wir sind hier, um Sie mit den besten Reisezielen und Ideen f\u00fcr Ihren Junggesellinnenabschied zu inspirieren!","robots":{"index":"index","follow":"follow","max-snippet":"max-snippet:-1","max-image-preview":"max-image-preview:large","max-video-preview":"max-video-preview:-1"},"canonical":"https:\/\/rivierabarcrawltours.com\/de\/hen-do-junggesellinnenabschied\/","og_locale":"de_DE","og_type":"article","og_title":"Hen Do - Junggesellinnenabschied","og_description":"Hen Do - Junggesellinnenabschied","og_url":"https:\/\/rivierabarcrawltours.com\/de\/hen-do-junggesellinnenabschied\/","og_site_name":"Riviera Bar Crawl Tours","article_publisher":"https:\/\/www.facebook.com\/RivieraBarCrawltours\/","article_modified_time":"2026-02-16T09:17:27+00:00","og_image":[{"url":"https:\/\/rivierabarcrawltours.com\/wp-content\/uploads\/2022\/10\/Hen-Do-Bachelorette-Party-e1666621066263-1024x1024.jpeg","type":"","width":"","height":""}],"twitter_card":"summary_large_image","twitter_site":"@rivierabarcrawl","twitter_misc":{"Gesch\u00e4tzte Lesezeit":"3\u00a0Minuten"},"schema":{"@context":"https:\/\/schema.org","@graph":[{"@type":"WebPage","@id":"https:\/\/rivierabarcrawltours.com\/de\/hen-do-junggesellinnenabschied\/","url":"https:\/\/rivierabarcrawltours.com\/de\/hen-do-junggesellinnenabschied\/","name":"Veranstalten Sie den perfekten Junggesellinnenabschied - Hen Do im Ausland mit uns!","isPartOf":{"@id":"https:\/\/rivierabarcrawltours.com\/#website"},"primaryImageOfPage":{"@id":"https:\/\/rivierabarcrawltours.com\/de\/hen-do-junggesellinnenabschied\/#primaryimage"},"image":{"@id":"https:\/\/rivierabarcrawltours.com\/de\/hen-do-junggesellinnenabschied\/#primaryimage"},"thumbnailUrl":"https:\/\/rivierabarcrawltours.com\/wp-content\/uploads\/2022\/10\/Hen-Do-Bachelorette-Party-e1666621066263.jpeg","datePublished":"2026-02-16T09:14:40+00:00","dateModified":"2026-02-16T09:17:27+00:00","description":"M\u00f6chten Sie an den Strand fahren? Ein verr\u00fcckter \"letzter Trinkspruch\"? Ein Weinerlebnis? Wir sind hier, um Sie mit den besten Reisezielen und Ideen f\u00fcr Ihren Junggesellinnenabschied zu inspirieren!","breadcrumb":{"@id":"https:\/\/rivierabarcrawltours.com\/de\/hen-do-junggesellinnenabschied\/#breadcrumb"},"inLanguage":"de","potentialAction":[{"@type":"ReadAction","target":["https:\/\/rivierabarcrawltours.com\/de\/hen-do-junggesellinnenabschied\/"]}]},{"@type":"ImageObject","inLanguage":"de","@id":"https:\/\/rivierabarcrawltours.com\/de\/hen-do-junggesellinnenabschied\/#primaryimage","url":"https:\/\/rivierabarcrawltours.com\/wp-content\/uploads\/2022\/10\/Hen-Do-Bachelorette-Party-e1666621066263.jpeg","contentUrl":"https:\/\/rivierabarcrawltours.com\/wp-content\/uploads\/2022\/10\/Hen-Do-Bachelorette-Party-e1666621066263.jpeg","width":1620,"height":1080,"caption":"happy beautiful girlfriends having a great time at the hen party. Attractive young women bride floating on a big inflatable swan in pool."},{"@type":"BreadcrumbList","@id":"https:\/\/rivierabarcrawltours.com\/de\/hen-do-junggesellinnenabschied\/#breadcrumb","itemListElement":[{"@type":"ListItem","position":1,"name":"Home","item":"https:\/\/rivierabarcrawltours.com\/de\/"},{"@type":"ListItem","position":2,"name":"Hen Do &#8211; Junggesellinnenabschied"}]},{"@type":"WebSite","@id":"https:\/\/rivierabarcrawltours.com\/#website","url":"https:\/\/rivierabarcrawltours.com\/","name":"Riviera Bar Crawl Tours","description":"Fun Day &amp; Night Experiences I Tour operator I Guided Tours I Bar Crawls I Food Tours I","publisher":{"@id":"https:\/\/rivierabarcrawltours.com\/#organization"},"potentialAction":[{"@type":"SearchAction","target":{"@type":"EntryPoint","urlTemplate":"https:\/\/rivierabarcrawltours.com\/?s={search_term_string}"},"query-input":{"@type":"PropertyValueSpecification","valueRequired":true,"valueName":"search_term_string"}}],"inLanguage":"de"},{"@type":"Organization","@id":"https:\/\/rivierabarcrawltours.com\/#organization","name":"Riviera Bar Crawl Tours","url":"https:\/\/rivierabarcrawltours.com\/","logo":{"@type":"ImageObject","inLanguage":"de","@id":"https:\/\/rivierabarcrawltours.com\/#\/schema\/logo\/image\/","url":"https:\/\/rivierabarcrawltours.com\/wp-content\/uploads\/2019\/07\/logo.png","contentUrl":"https:\/\/rivierabarcrawltours.com\/wp-content\/uploads\/2019\/07\/logo.png","width":479,"height":453,"caption":"Riviera Bar Crawl Tours"},"image":{"@id":"https:\/\/rivierabarcrawltours.com\/#\/schema\/logo\/image\/"},"sameAs":["https:\/\/www.facebook.com\/RivieraBarCrawltours\/","https:\/\/x.com\/rivierabarcrawl"]}]}},"_links":{"self":[{"href":"https:\/\/rivierabarcrawltours.com\/de\/wp-json\/wp\/v2\/pages\/125415","targetHints":{"allow":["GET"]}}],"collection":[{"href":"https:\/\/rivierabarcrawltours.com\/de\/wp-json\/wp\/v2\/pages"}],"about":[{"href":"https:\/\/rivierabarcrawltours.com\/de\/wp-json\/wp\/v2\/types\/page"}],"author":[{"embeddable":true,"href":"https:\/\/rivierabarcrawltours.com\/de\/wp-json\/wp\/v2\/users\/2"}],"replies":[{"embeddable":true,"href":"https:\/\/rivierabarcrawltours.com\/de\/wp-json\/wp\/v2\/comments?post=125415"}],"version-history":[{"count":6,"href":"https:\/\/rivierabarcrawltours.com\/de\/wp-json\/wp\/v2\/pages\/125415\/revisions"}],"predecessor-version":[{"id":125451,"href":"https:\/\/rivierabarcrawltours.com\/de\/wp-json\/wp\/v2\/pages\/125415\/revisions\/125451"}],"wp:featuredmedia":[{"embeddable":true,"href":"https:\/\/rivierabarcrawltours.com\/de\/wp-json\/wp\/v2\/media\/103230"}],"wp:attachment":[{"href":"https:\/\/rivierabarcrawltours.com\/de\/wp-json\/wp\/v2\/media?parent=125415"}],"curies":[{"name":"wp","href":"https:\/\/api.w.org\/{rel}","templated":true}]}}