{"id":123290,"date":"2026-01-27T14:59:08","date_gmt":"2026-01-27T13:59:08","guid":{"rendered":"https:\/\/rivierabarcrawltours.com\/besondere-bar-crawls\/"},"modified":"2026-02-16T13:00:22","modified_gmt":"2026-02-16T12:00:22","slug":"besondere-bar-crawls","status":"publish","type":"page","link":"https:\/\/rivierabarcrawltours.com\/de\/besondere-bar-crawls\/","title":{"rendered":"Besondere Bar Crawls"},"content":{"rendered":"<div class=\"wpb-content-wrapper\"><p>[vc_row css=&#8220;.vc_custom_1612431259800{margin-top: 40px !important;}&#8220;][vc_column][vc_column_text css=&#8220;&#8220;]<\/p>\n<h2><strong>Spezielle Bar Crawl : Silvester, Halloween, St. Patrick &amp; Valentinstag<\/strong><\/h2>\n<p>[\/vc_column_text][vc_column_text css=&#8220;&#8220;]<\/p>\n<h2 data-start=\"115\" data-end=\"192\"><strong data-start=\"115\" data-end=\"192\">Spezielle Bar Crawls: unvergessliche N\u00e4chte f\u00fcr die gr\u00f6\u00dften Anl\u00e4sse<\/strong><\/h2>\n<p data-start=\"194\" data-end=\"550\">Sind Sie auf der Suche nach einem Abend, der wirklich au\u00dfergew\u00f6hnlich ist? Entdecken Sie unsere <strong data-start=\"250\" data-end=\"282\">speziellen Bar Crawls<\/strong>, die f\u00fcr die aufregendsten Termine des Jahres konzipiert sind: <strong data-start=\"334\" data-end=\"403\">Silvester, Halloween, St. Patrick&#8217;s Day und Valentinstag<\/strong>. Ganz gleich, ob Sie auf der Suche nach einer <strong data-start=\"431\" data-end=\"452\">geselligen Party<\/strong> sind oder ein <strong data-start=\"458\" data-end=\"494\">ruhiges, ganz privates Erlebnis<\/strong> suchen, wir k\u00fcmmern uns um alles &#8211; Sie m\u00fcssen nur die Nacht genie\u00dfen.  <\/p>\n<h3 data-start=\"552\" data-end=\"600\">Bar Crawls f\u00fcr die Stimmung&#8230; oder 100% ma\u00dfgeschneidert<\/h3>\n<p data-start=\"602\" data-end=\"856\"><strong data-start=\"602\" data-end=\"622\">\u00d6ffentliche Kneipentour<\/strong>: Schlie\u00dfen Sie sich einer lustigen Gruppe an, perfekt, um neue Leute kennenzulernen und die Atmosph\u00e4re des Nachtlebens zu genie\u00dfen.<br data-start=\"714\" data-end=\"717\"><strong data-start=\"717\" data-end=\"738\">Private Kneipentour<\/strong>: ein <strong data-start=\"742\" data-end=\"778\">ma\u00dfgeschneidertes Format f\u00fcr Ihre Gruppe<\/strong> (Freunde, Paare, Kollegen), mit einem auf Ihre Vorlieben zugeschnittenen Programm.<\/p>\n<h3 data-start=\"858\" data-end=\"909\">Perfekt f\u00fcr Ihre Veranstaltungen: professionell verarbeitet<\/h3>\n<p data-start=\"911\" data-end=\"984\">Unsere <strong data-start=\"915\" data-end=\"937\">speziellen Bar Crawls<\/strong> sind so konzipiert, dass Sie stressfrei feiern k\u00f6nnen:<\/p>\n<ul data-start=\"986\" data-end=\"1431\">\n<li data-start=\"986\" data-end=\"1084\">\n<p data-start=\"988\" data-end=\"1084\"><strong data-start=\"988\" data-end=\"1006\">Silvester<\/strong>: Beginnen Sie das neue Jahr mit einer gut organisierten, festlichen Nacht &#8211; kein Stress, nur Spa\u00df.<\/p>\n<\/li>\n<li data-start=\"1085\" data-end=\"1185\">\n<p data-start=\"1087\" data-end=\"1185\"><strong data-start=\"1087\" data-end=\"1110\">Halloween Bar Crawl<\/strong>: ein unvergesslicher Abend, ideal f\u00fcr Gruppen, die auf der Suche nach Energie und Aufregung sind.<\/p>\n<\/li>\n<li data-start=\"1186\" data-end=\"1305\">\n<p data-start=\"1188\" data-end=\"1305\"><strong data-start=\"1188\" data-end=\"1219\">St. Patrick&#8217;s Day Bar Crawl<\/strong>: hohe Energie garantiert &#8211; wir k\u00fcmmern uns um die Route und das Timing f\u00fcr eine Nacht, die es in sich hat.<\/p>\n<\/li>\n<li data-start=\"1306\" data-end=\"1431\">\n<p data-start=\"1308\" data-end=\"1431\"><strong data-start=\"1308\" data-end=\"1327\">Valentinstag<\/strong>: eine andere Art des Ausgehens, eleganter oder festlicher, je nach Ihrem Stil (Paar oder Gruppe).<\/p>\n<\/li>\n<\/ul>\n<h3 data-start=\"1433\" data-end=\"1478\">&#8222;Was ist mit der Logistik?&#8220; \u00dcberlassen Sie das uns. <\/h3>\n<p data-start=\"1480\" data-end=\"1704\">Enge Zeitpl\u00e4ne, Transport, Reservierungen, Gruppenkoordination&#8230; genau da kommen wir ins Spiel. <strong data-start=\"1580\" data-end=\"1630\">Wir planen, koordinieren und optimieren alles<\/strong>, damit Ihre Kneipentour von Anfang bis Ende <strong data-start=\"1652\" data-end=\"1682\">einfach, unterhaltsam und stressfrei<\/strong> ist.<\/p>\n<h3 data-start=\"1706\" data-end=\"1763\">Gruppen und Tourismusfachleute: zuverl\u00e4ssige Koordination<\/h3>\n<p data-start=\"1765\" data-end=\"1943\">Sind Sie eine Agentur, ein Reiseveranstalter oder ein Gruppenleiter? Wir bieten Ihnen <strong data-start=\"1826\" data-end=\"1853\">gruppenfertige Erlebnisse<\/strong> mit klarer Organisation und effizienter Kommunikation, die einen reibungslosen Ablauf der N\u00e4chte gew\u00e4hrleisten. <\/p>\n<h3 data-start=\"1945\" data-end=\"1986\">Buchen Sie Ihren speziellen Bar Crawl<\/h3>\n<p data-start=\"1988\" data-end=\"2128\">W\u00e4hlen Sie eine <strong data-start=\"1997\" data-end=\"2017\">\u00f6ffentliche Kneipentour<\/strong> oder <strong data-start=\"2021\" data-end=\"2048\">fordern Sie ein privates Angebot<\/strong> f\u00fcr Ihre Gruppe <strong data-start=\"2021\" data-end=\"2048\">an<\/strong> (Silvester, Halloween, St. Patrick&#8217;s Day, Valentinstag).<\/p>\n<p data-start=\"2130\" data-end=\"2210\"><strong data-start=\"2130\" data-end=\"2151\">WhatsApp \/ Telefon:<\/strong> +33 649 244 407<br data-start=\"2167\" data-end=\"2170\"><strong data-start=\"2170\" data-end=\"2180\">E-Mail:<\/strong> <a class=\"decorated-link cursor-pointer\" rel=\"noopener\" data-start=\"2181\" data-end=\"2210\">info@rivierabarcrawltours.com<\/a><\/p>\n<p>[\/vc_column_text][\/vc_column][\/vc_row][vc_row][vc_column width=&#8220;1\/4&#8243; el_class=&#8220;main-col&#8220; css=&#8220;.vc_custom_1612431923475{margin-bottom: 20px !important;}&#8220;][vc_column_text css=&#8220;.vc_custom_1770892806967{background-image: url(https:\/\/rivierabarcrawltours.com\/wp-content\/uploads\/2026\/02\/instagram-post-Nice-NYE-2027.jpg?id=125284) !important;}&#8220;]<a href=\"https:\/\/rivierabarcrawltours.com\/de\/silvester-bar-crawls\/\">Silvester<\/a>[\/vc_column_text][\/vc_column][vc_column width=&#8220;1\/4&#8243; el_class=&#8220;main-col&#8220; css=&#8220;.vc_custom_1612432008756{margin-bottom: 20px !important;}&#8220;][vc_column_text css=&#8220;.vc_custom_1770902930828{background-image: url(https:\/\/rivierabarcrawltours.com\/wp-content\/uploads\/2026\/02\/Halloween-bar-crawl.jpg?id=125285) !important;}&#8220;]<a href=\"https:\/\/rivierabarcrawltours.com\/de\/halloween-bar-crawls\/\">Halloween<\/a>[\/vc_column_text][\/vc_column][vc_column width=&#8220;1\/4&#8243; el_class=&#8220;main-col&#8220; css=&#8220;.vc_custom_1613118716288{margin-bottom: 20px !important;}&#8220;][vc_column_text css=&#8220;.vc_custom_1769509882813{background-image: url(https:\/\/rivierabarcrawltours.com\/wp-content\/uploads\/2021\/12\/Saint-patricks-day-bar-crawl-nice-france.jpg?id=86234) !important;}&#8220;]<a href=\"https:\/\/rivierabarcrawltours.com\/de\/tour\/st-patricks-day-kneipentour-nizza-frankreich\/\">St. Patrick<\/a>[\/vc_column_text][\/vc_column][vc_column width=&#8220;1\/4&#8243; el_class=&#8220;main-col&#8220; css=&#8220;.vc_custom_1612432062266{margin-bottom: 20px !important;}&#8220;][vc_column_text css=&#8220;.vc_custom_1769510166860{background-image: url(https:\/\/rivierabarcrawltours.com\/wp-content\/uploads\/2023\/01\/Valentines-Day-Bar-Crawl-Paris.png?id=111219) !important;}&#8220;]<a href=\"https:\/\/rivierabarcrawltours.com\/de\/tour\/valentinstag-bar-crawl-nizza-frankreich\/\">Valentinstag<\/a>[\/vc_column_text][\/vc_column][\/vc_row]<\/p>\n<\/div>","protected":false},"excerpt":{"rendered":"<p>[vc_row css=&#8220;.vc_custom_1612431259800{margin-top: 40px !important;}&#8220;][vc_column][vc_column_text css=&#8220;&#8220;] Spezielle Bar Crawl : Silvester, Halloween, St. Patrick &amp; Valentinstag [\/vc_column_text][vc_column_text css=&#8220;&#8220;] Spezielle Bar Crawls: unvergessliche N\u00e4chte f\u00fcr die gr\u00f6\u00dften Anl\u00e4sse Sind Sie auf der Suche nach einem Abend, der wirklich au\u00dfergew\u00f6hnlich ist? Entdecken Sie unsere speziellen Bar Crawls, die f\u00fcr die aufregendsten Termine des Jahres konzipiert sind: Silvester, Halloween, [&hellip;]<\/p>\n","protected":false},"author":2,"featured_media":108042,"parent":0,"menu_order":0,"comment_status":"closed","ping_status":"closed","template":"template-home-modern.php","meta":{"_acf_changed":false,"footnotes":""},"class_list":["post-123290","page","type-page","status-publish","has-post-thumbnail","hentry"],"acf":[],"yoast_head":"<!-- This site is optimized with the Yoast SEO plugin v27.5 - https:\/\/yoast.com\/product\/yoast-seo-wordpress\/ -->\n<title>Besondere Bar Crawls | Riviera Bar Crawl Tours<\/title>\n<meta name=\"description\" content=\"Riviera Bar Crawl Touren: Spezielle Bar Crawls - \u00d6ffentliche Bar Crawls f\u00fcr NYE, Halloween, St. Patrick &amp; Valentinstag.\" \/>\n<meta name=\"robots\" content=\"index, follow, max-snippet:-1, max-image-preview:large, max-video-preview:-1\" \/>\n<link rel=\"canonical\" href=\"https:\/\/rivierabarcrawltours.com\/de\/besondere-bar-crawls\/\" \/>\n<meta property=\"og:locale\" content=\"de_DE\" \/>\n<meta property=\"og:type\" content=\"article\" \/>\n<meta property=\"og:title\" content=\"Besondere Kneipentour\" \/>\n<meta property=\"og:description\" content=\"Besondere Kneipentour\" \/>\n<meta property=\"og:url\" content=\"https:\/\/rivierabarcrawltours.com\/de\/besondere-bar-crawls\/\" \/>\n<meta property=\"og:site_name\" content=\"Riviera Bar Crawl Tours\" \/>\n<meta property=\"article:publisher\" content=\"https:\/\/www.facebook.com\/RivieraBarCrawltours\/\" \/>\n<meta property=\"article:modified_time\" content=\"2026-02-16T12:00:22+00:00\" \/>\n<meta property=\"og:image\" content=\"https:\/\/rivierabarcrawltours.com\/wp-content\/uploads\/2024\/07\/riviera-pub-crawls-1024x1024.jpg\" \/>\n<meta name=\"twitter:card\" content=\"summary_large_image\" \/>\n<meta name=\"twitter:site\" content=\"@rivierabarcrawl\" \/>\n<meta name=\"twitter:label1\" content=\"Gesch\u00e4tzte Lesezeit\" \/>\n\t<meta name=\"twitter:data1\" content=\"3\u00a0Minuten\" \/>\n<!-- \/ Yoast SEO plugin. -->","yoast_head_json":{"title":"Besondere Bar Crawls | Riviera Bar Crawl Tours","description":"Riviera Bar Crawl Touren: Spezielle Bar Crawls - \u00d6ffentliche Bar Crawls f\u00fcr NYE, Halloween, St. Patrick & Valentinstag.","robots":{"index":"index","follow":"follow","max-snippet":"max-snippet:-1","max-image-preview":"max-image-preview:large","max-video-preview":"max-video-preview:-1"},"canonical":"https:\/\/rivierabarcrawltours.com\/de\/besondere-bar-crawls\/","og_locale":"de_DE","og_type":"article","og_title":"Besondere Kneipentour","og_description":"Besondere Kneipentour","og_url":"https:\/\/rivierabarcrawltours.com\/de\/besondere-bar-crawls\/","og_site_name":"Riviera Bar Crawl Tours","article_publisher":"https:\/\/www.facebook.com\/RivieraBarCrawltours\/","article_modified_time":"2026-02-16T12:00:22+00:00","og_image":[{"url":"https:\/\/rivierabarcrawltours.com\/wp-content\/uploads\/2024\/07\/riviera-pub-crawls-1024x1024.jpg","type":"","width":"","height":""}],"twitter_card":"summary_large_image","twitter_site":"@rivierabarcrawl","twitter_misc":{"Gesch\u00e4tzte Lesezeit":"3\u00a0Minuten"},"schema":{"@context":"https:\/\/schema.org","@graph":[{"@type":"WebPage","@id":"https:\/\/rivierabarcrawltours.com\/de\/besondere-bar-crawls\/","url":"https:\/\/rivierabarcrawltours.com\/de\/besondere-bar-crawls\/","name":"Besondere Bar Crawls | Riviera Bar Crawl Tours","isPartOf":{"@id":"https:\/\/rivierabarcrawltours.com\/#website"},"primaryImageOfPage":{"@id":"https:\/\/rivierabarcrawltours.com\/de\/besondere-bar-crawls\/#primaryimage"},"image":{"@id":"https:\/\/rivierabarcrawltours.com\/de\/besondere-bar-crawls\/#primaryimage"},"thumbnailUrl":"https:\/\/rivierabarcrawltours.com\/wp-content\/uploads\/2023\/06\/riviera-pub-crawls.jpg","datePublished":"2026-01-27T13:59:08+00:00","dateModified":"2026-02-16T12:00:22+00:00","description":"Riviera Bar Crawl Touren: Spezielle Bar Crawls - \u00d6ffentliche Bar Crawls f\u00fcr NYE, Halloween, St. Patrick & Valentinstag.","breadcrumb":{"@id":"https:\/\/rivierabarcrawltours.com\/de\/besondere-bar-crawls\/#breadcrumb"},"inLanguage":"de","potentialAction":[{"@type":"ReadAction","target":["https:\/\/rivierabarcrawltours.com\/de\/besondere-bar-crawls\/"]}]},{"@type":"ImageObject","inLanguage":"de","@id":"https:\/\/rivierabarcrawltours.com\/de\/besondere-bar-crawls\/#primaryimage","url":"https:\/\/rivierabarcrawltours.com\/wp-content\/uploads\/2023\/06\/riviera-pub-crawls.jpg","contentUrl":"https:\/\/rivierabarcrawltours.com\/wp-content\/uploads\/2023\/06\/riviera-pub-crawls.jpg","width":1920,"height":1113,"caption":"sch\u00f6ne Erlebnisse im Nachtleben"},{"@type":"BreadcrumbList","@id":"https:\/\/rivierabarcrawltours.com\/de\/besondere-bar-crawls\/#breadcrumb","itemListElement":[{"@type":"ListItem","position":1,"name":"Home","item":"https:\/\/rivierabarcrawltours.com\/de\/"},{"@type":"ListItem","position":2,"name":"Besondere Bar Crawls"}]},{"@type":"WebSite","@id":"https:\/\/rivierabarcrawltours.com\/#website","url":"https:\/\/rivierabarcrawltours.com\/","name":"Riviera Bar Crawl Tours","description":"Fun Day &amp; Night Experiences I Tour operator I Guided Tours I Bar Crawls I Food Tours I","publisher":{"@id":"https:\/\/rivierabarcrawltours.com\/#organization"},"potentialAction":[{"@type":"SearchAction","target":{"@type":"EntryPoint","urlTemplate":"https:\/\/rivierabarcrawltours.com\/?s={search_term_string}"},"query-input":{"@type":"PropertyValueSpecification","valueRequired":true,"valueName":"search_term_string"}}],"inLanguage":"de"},{"@type":"Organization","@id":"https:\/\/rivierabarcrawltours.com\/#organization","name":"Riviera Bar Crawl Tours","url":"https:\/\/rivierabarcrawltours.com\/","logo":{"@type":"ImageObject","inLanguage":"de","@id":"https:\/\/rivierabarcrawltours.com\/#\/schema\/logo\/image\/","url":"https:\/\/rivierabarcrawltours.com\/wp-content\/uploads\/2019\/07\/logo.png","contentUrl":"https:\/\/rivierabarcrawltours.com\/wp-content\/uploads\/2019\/07\/logo.png","width":479,"height":453,"caption":"Riviera Bar Crawl Tours"},"image":{"@id":"https:\/\/rivierabarcrawltours.com\/#\/schema\/logo\/image\/"},"sameAs":["https:\/\/www.facebook.com\/RivieraBarCrawltours\/","https:\/\/x.com\/rivierabarcrawl"]}]}},"_links":{"self":[{"href":"https:\/\/rivierabarcrawltours.com\/de\/wp-json\/wp\/v2\/pages\/123290","targetHints":{"allow":["GET"]}}],"collection":[{"href":"https:\/\/rivierabarcrawltours.com\/de\/wp-json\/wp\/v2\/pages"}],"about":[{"href":"https:\/\/rivierabarcrawltours.com\/de\/wp-json\/wp\/v2\/types\/page"}],"author":[{"embeddable":true,"href":"https:\/\/rivierabarcrawltours.com\/de\/wp-json\/wp\/v2\/users\/2"}],"replies":[{"embeddable":true,"href":"https:\/\/rivierabarcrawltours.com\/de\/wp-json\/wp\/v2\/comments?post=123290"}],"version-history":[{"count":4,"href":"https:\/\/rivierabarcrawltours.com\/de\/wp-json\/wp\/v2\/pages\/123290\/revisions"}],"predecessor-version":[{"id":125953,"href":"https:\/\/rivierabarcrawltours.com\/de\/wp-json\/wp\/v2\/pages\/123290\/revisions\/125953"}],"wp:featuredmedia":[{"embeddable":true,"href":"https:\/\/rivierabarcrawltours.com\/de\/wp-json\/wp\/v2\/media\/108042"}],"wp:attachment":[{"href":"https:\/\/rivierabarcrawltours.com\/de\/wp-json\/wp\/v2\/media?parent=123290"}],"curies":[{"name":"wp","href":"https:\/\/api.w.org\/{rel}","templated":true}]}}