{"id":123177,"date":"2026-01-27T10:53:34","date_gmt":"2026-01-27T09:53:34","guid":{"rendered":"https:\/\/rivierabarcrawltours.com\/italien-bar-crawls\/"},"modified":"2026-02-16T12:43:11","modified_gmt":"2026-02-16T11:43:11","slug":"italien-bar-crawls","status":"publish","type":"page","link":"https:\/\/rivierabarcrawltours.com\/de\/italien-bar-crawls\/","title":{"rendered":"Italien Bar Crawls"},"content":{"rendered":"<div class=\"wpb-content-wrapper\"><p>[vc_row css=&#8220;.vc_custom_1612431259800{margin-top: 40px !important;}&#8220;][vc_column][vc_column_text css=&#8220;&#8220;]<\/p>\n<h1>Erleben Sie die besten Bar Crawls und Pub Crawls in Italien<\/h1>\n<p>[\/vc_column_text][vc_column_text css=&#8220;&#8220;]<\/p>\n<h2>Italien Private Bar Crawl &#8211; 3 Bars + 1 Club in Italiens besten St\u00e4dten \ud83c\uddee\ud83c\uddf9\ud83c\udf78\ud83d\udd25<\/h2>\n<p>Willkommen bei <strong>Riviera Bar Crawl &amp; Tour<\/strong> in Italien! Ganz gleich, ob Sie nach Rom, Florenz, Neapel oder zu einem der legend\u00e4ren Partyziele Italiens reisen, wir bieten Ihnen <strong>private Bar Crawls<\/strong> f\u00fcr Gruppen, die eine Nacht erleben m\u00f6chten, die einfach zu planen und unm\u00f6glich zu vergessen ist. \ud83c\udf89 <\/p>\n<p>Einfach und transparent:<\/p>\n<ul>\n<li><strong>Ab 35\u20ac pro Person<\/strong><\/li>\n<li><strong>Mindestens 10 Teilnehmer<\/strong> (nur private F\u00fchrungen)<\/li>\n<li><strong>\u00d6ffentliche F\u00fchrung in Mailand ab 25\u20ac<\/strong><\/li>\n<\/ul>\n<p>Das funktioniert perfekt f\u00fcr:<\/p>\n<ul>\n<li><strong>Bachelor \/ Bachelorette Partys<\/strong> \ud83e\udd42<\/li>\n<li><strong>Geburtstage<\/strong> \ud83c\udf82<\/li>\n<li><strong>Ausfl\u00fcge mit Freunden<\/strong> \ud83d\udc6f<\/li>\n<li><strong>Gemeinsame Teamabende<\/strong> \ud83d\udcbc.<\/li>\n<\/ul>\n<h2>Warum sollten Sie eine private Kneipentour in Italien mit Riviera buchen?<\/h2>\n<p>Denn die Planung eines Gruppenausflugs in einer fremden Stadt kann ein Alptraum sein. Unterschiedliche Meinungen, Sprachbarrieren und das klassische &#8222;Wohin gehen wir als n\u00e4chstes?&#8220;-Problem. <\/p>\n<p><strong>Wir bringen das alles in Ordnung:<\/strong><\/p>\n<ol>\n<li><strong>Kein Planungsstress<\/strong> &#8211; wir haben die beste Route zum Nachtleben in jeder Stadt kartiert. Sie tauchen einfach auf. <\/li>\n<li><strong>Die Gruppe bleibt zusammen<\/strong> &#8211; keine Aufteilung, kein Warten, keine verlorenen Freunde. \ud83d\ude4c<\/li>\n<li><strong>Ortskenntnis<\/strong> &#8211; wir wissen, wo die Stimmung ist, so dass Sie keine Zeit mit Touristenfallen verschwenden m\u00fcssen.<\/li>\n<li><strong>A Proper Finale<\/strong> &#8211; der Club Stop macht aus einer guten Nacht ein <em>Ereignis<\/em>. \ud83d\udd25 <\/li>\n<\/ol>\n<h2>&#8222;Welche italienische Stadt hat das beste Nachtleben?&#8220;<\/h2>\n<p>Ganz ehrlich? Sie sind alle auf unterschiedliche Weise erstaunlich: <\/p>\n<ul>\n<li>Wollen Sie <strong>Geschichte + Nachtleben<\/strong>? \u2192 <strong>Rom<\/strong> oder <strong>Florenz<\/strong> <\/li>\n<li>Lust auf <strong>eine Strandparty<\/strong>? \u2192 <strong>Rimini<\/strong> <\/li>\n<li>Sie wollen <strong>authentische s\u00fcdliche Energie<\/strong>? \u2192 <strong>Neapel<\/strong> oder <strong>Palermo<\/strong> <\/li>\n<li>Wollen Sie <strong>untersch\u00e4tzt und stilvoll<\/strong> sein? \u2192 <strong>Turin<\/strong> <\/li>\n<li>Lust auf <strong>Romantik + Spa\u00df<\/strong>? \u2192 <strong>Verona<\/strong> <\/li>\n<\/ul>\n<p>Wo auch immer Ihre Reise hingeht, wir haben einen Bar Crawl f\u00fcr Sie vorbereitet. \ud83d\ude0e<\/p>\n<h2>Wie es funktioniert<\/h2>\n<ol>\n<li><strong>W\u00e4hlen Sie Ihre Stadt<\/strong> \ud83d\udccd.<\/li>\n<li><strong>Senden Sie uns Ihr Datum, Ihre Gruppengr\u00f6\u00dfe und Ihren Anlass<\/strong> \ud83d\udce9.<\/li>\n<li><strong>Wir best\u00e4tigen Ihre private Kneipentour<\/strong> \u2705.<\/li>\n<li><strong>Kommen Sie und genie\u00dfen Sie die Nacht<\/strong> \ud83c\udf89.<\/li>\n<\/ol>\n<p>Das war&#8217;s. Einfach. <\/p>\n<h2>Buchen Sie jetzt Ihren privaten Barbesuch in Italien \ud83d\ude80.<\/h2>\n<p>Wochenenden und Feiertage sind schnell ausgebucht &#8211; vor allem im Sommer und w\u00e4hrend gro\u00dfer Veranstaltungen.<\/p>\n<p><a href=\"https:\/\/rivierabarcrawltours.com\/de\/kontaktiere-uns\/\"><strong>Kontaktieren Sie uns mit:<\/strong><\/a><\/p>\n<ul>\n<li>Ihre Stadt<\/li>\n<li>Ihr Datum<\/li>\n<li>Ihre Gruppengr\u00f6\u00dfe (10+)<\/li>\n<li>Ihr Anlass<\/li>\n<\/ul>\n<p>&#8230;und wir buchen Ihre <strong>Italien Private Bar Crawl (3 Bars + 1 Club)<\/strong>.<\/p>\n<p><b>WhatsApp Telefon<\/b> +33 649 244 407<\/p>\n<p><b>E-Mail<\/b> info@rivierabarcrawltours.com<\/p>\n<p>Wir k\u00f6nnen auch individuelle Ziele anbieten, Sie m\u00fcssen nur fragen.<\/p>\n<p>\ud83c\uddee\ud83c\uddf9  <strong>Ihr italienisches Abenteuer verdient einen legend\u00e4ren Abend. Lassen Sie es uns geschehen. <\/strong>[\/vc_column_text][\/vc_column][\/vc_row][vc_row][vc_column width=&#8220;1\/4&#8243; el_class=&#8220;main-col&#8220; css=&#8220;.vc_custom_1612431923475{margin-bottom: 20px !important;}&#8220;][vc_column_text css=&#8220;.vc_custom_1770892014081{background-image: url(https:\/\/rivierabarcrawltours.com\/wp-content\/uploads\/2026\/02\/Milan-by-night.jpg?id=125268) !important;}&#8220;]<a href=\"https:\/\/rivierabarcrawltours.com\/de\/tour\/riviera-bar-crawl-mailand\/\">Milan<\/a>[\/vc_column_text][\/vc_column][vc_column width=&#8220;1\/4&#8243; el_class=&#8220;main-col&#8220; css=&#8220;.vc_custom_1612432008756{margin-bottom: 20px !important;}&#8220;][vc_column_text css=&#8220;.vc_custom_1770892039863{background-image: url(https:\/\/rivierabarcrawltours.com\/wp-content\/uploads\/2026\/02\/Florence-Night-Italy.jpg?id=125269) !important;}&#8220;]<a href=\"https:\/\/rivierabarcrawltours.com\/de\/tour\/florenz-privat-bar-crawl\/\">Florenz<\/a>[\/vc_column_text][\/vc_column][vc_column width=&#8220;1\/4&#8243; el_class=&#8220;main-col&#8220; css=&#8220;.vc_custom_1613118716288{margin-bottom: 20px !important;}&#8220;][vc_column_text css=&#8220;.vc_custom_1770892073096{background-image: url(https:\/\/rivierabarcrawltours.com\/wp-content\/uploads\/2026\/02\/Rome-by-night.jpg?id=125270) !important;}&#8220;]<a href=\"https:\/\/rivierabarcrawltours.com\/de\/tour\/rom-privat-bar-crawl\/\">Rom<\/a>[\/vc_column_text][\/vc_column][vc_column width=&#8220;1\/4&#8243; el_class=&#8220;main-col&#8220; css=&#8220;.vc_custom_1612432062266{margin-bottom: 20px !important;}&#8220;][vc_column_text css=&#8220;.vc_custom_1770892101914{background-image: url(https:\/\/rivierabarcrawltours.com\/wp-content\/uploads\/2026\/02\/palermo-by-night.jpg?id=125271) !important;}&#8220;]<a href=\"https:\/\/rivierabarcrawltours.com\/de\/tour\/palermo-privat-bar-crawl\/\">Palermo<\/a>[\/vc_column_text][\/vc_column][\/vc_row][vc_row][vc_column width=&#8220;1\/4&#8243; el_class=&#8220;main-col&#8220; css=&#8220;.vc_custom_1612431923475{margin-bottom: 20px !important;}&#8220;][vc_column_text css=&#8220;.vc_custom_1770892195648{background-image: url(https:\/\/rivierabarcrawltours.com\/wp-content\/uploads\/2026\/02\/Turin-by-night.webp?id=125273) !important;}&#8220;]<a href=\"https:\/\/rivierabarcrawltours.com\/de\/tour\/private-kneipentour-durch-turin\/\">Turin<\/a>[\/vc_column_text][\/vc_column][vc_column width=&#8220;1\/4&#8243; el_class=&#8220;main-col&#8220; css=&#8220;.vc_custom_1612432008756{margin-bottom: 20px !important;}&#8220;][vc_column_text css=&#8220;.vc_custom_1770892261863{background-image: url(https:\/\/rivierabarcrawltours.com\/wp-content\/uploads\/2026\/02\/Napoli-by-night.jpg?id=125275) !important;}&#8220;]<a href=\"https:\/\/rivierabarcrawltours.com\/de\/tour\/napoli-privat-bar-crawl\/\">Neapel<\/a>[\/vc_column_text][\/vc_column][vc_column width=&#8220;1\/4&#8243; el_class=&#8220;main-col&#8220; css=&#8220;.vc_custom_1613118716288{margin-bottom: 20px !important;}&#8220;][vc_column_text css=&#8220;.vc_custom_1770892396862{background-image: url(https:\/\/rivierabarcrawltours.com\/wp-content\/uploads\/2026\/02\/rimini-by-night.jpg?id=125276) !important;}&#8220;]<a href=\"https:\/\/rivierabarcrawltours.com\/de\/tour\/rimini-privat-bar-crawl\/\">Rimini<\/a>[\/vc_column_text][\/vc_column][vc_column width=&#8220;1\/4&#8243; el_class=&#8220;main-col&#8220; css=&#8220;.vc_custom_1612432062266{margin-bottom: 20px !important;}&#8220;][vc_column_text css=&#8220;.vc_custom_1770892463990{background-image: url(https:\/\/rivierabarcrawltours.com\/wp-content\/uploads\/2026\/02\/Verone-by-night-.jpg?id=125277) !important;}&#8220;]<a href=\"https:\/\/rivierabarcrawltours.com\/de\/tour\/verona-privat-bar-crawl\/\">Verona<\/a>[\/vc_column_text][\/vc_column][\/vc_row]<\/p>\n<\/div>","protected":false},"excerpt":{"rendered":"<p>[vc_row css=&#8220;.vc_custom_1612431259800{margin-top: 40px !important;}&#8220;][vc_column][vc_column_text css=&#8220;&#8220;] Erleben Sie die besten Bar Crawls und Pub Crawls in Italien [\/vc_column_text][vc_column_text css=&#8220;&#8220;] Italien Private Bar Crawl &#8211; 3 Bars + 1 Club in Italiens besten St\u00e4dten \ud83c\uddee\ud83c\uddf9\ud83c\udf78\ud83d\udd25 Willkommen bei Riviera Bar Crawl &amp; Tour in Italien! Ganz gleich, ob Sie nach Rom, Florenz, Neapel oder zu einem der legend\u00e4ren [&hellip;]<\/p>\n","protected":false},"author":2,"featured_media":108042,"parent":0,"menu_order":0,"comment_status":"closed","ping_status":"closed","template":"template-home-modern.php","meta":{"_acf_changed":false,"footnotes":""},"class_list":["post-123177","page","type-page","status-publish","has-post-thumbnail","hentry"],"acf":[],"yoast_head":"<!-- This site is optimized with the Yoast SEO plugin v27.5 - https:\/\/yoast.com\/product\/yoast-seo-wordpress\/ -->\n<title>Italien Bar Crawls | Riviera Bar Crawl Tours<\/title>\n<meta name=\"description\" content=\"Riviera Bar Crawl Touren: Bar Crawls in Frankreich - \u00f6ffentliche und private Bar Crawls f\u00fcr Junggesellinnen, Geburtstage, Firmengruppen und Reiseveranstalter.\" \/>\n<meta name=\"robots\" content=\"index, follow, max-snippet:-1, max-image-preview:large, max-video-preview:-1\" \/>\n<link rel=\"canonical\" href=\"https:\/\/rivierabarcrawltours.com\/de\/italien-bar-crawls\/\" \/>\n<meta property=\"og:locale\" content=\"de_DE\" \/>\n<meta property=\"og:type\" content=\"article\" \/>\n<meta property=\"og:title\" content=\"Italien Bar Crawls | Riviera Bar Crawl Tours\" \/>\n<meta property=\"og:description\" content=\"Riviera Bar Crawl Touren: Bar Crawls in Frankreich - \u00f6ffentliche und private Bar Crawls f\u00fcr Junggesellinnen, Geburtstage, Firmengruppen und Reiseveranstalter.\" \/>\n<meta property=\"og:url\" content=\"https:\/\/rivierabarcrawltours.com\/de\/italien-bar-crawls\/\" \/>\n<meta property=\"og:site_name\" content=\"Riviera Bar Crawl Tours\" \/>\n<meta property=\"article:publisher\" content=\"https:\/\/www.facebook.com\/RivieraBarCrawltours\/\" \/>\n<meta property=\"article:modified_time\" content=\"2026-02-16T11:43:11+00:00\" \/>\n<meta property=\"og:image\" content=\"https:\/\/rivierabarcrawltours.com\/wp-content\/uploads\/2024\/07\/riviera-pub-crawls-1024x1024.jpg\" \/>\n<meta name=\"twitter:card\" content=\"summary_large_image\" \/>\n<meta name=\"twitter:site\" content=\"@rivierabarcrawl\" \/>\n<meta name=\"twitter:label1\" content=\"Gesch\u00e4tzte Lesezeit\" \/>\n\t<meta name=\"twitter:data1\" content=\"4\u00a0Minuten\" \/>\n<!-- \/ Yoast SEO plugin. -->","yoast_head_json":{"title":"Italien Bar Crawls | Riviera Bar Crawl Tours","description":"Riviera Bar Crawl Touren: Bar Crawls in Frankreich - \u00f6ffentliche und private Bar Crawls f\u00fcr Junggesellinnen, Geburtstage, Firmengruppen und Reiseveranstalter.","robots":{"index":"index","follow":"follow","max-snippet":"max-snippet:-1","max-image-preview":"max-image-preview:large","max-video-preview":"max-video-preview:-1"},"canonical":"https:\/\/rivierabarcrawltours.com\/de\/italien-bar-crawls\/","og_locale":"de_DE","og_type":"article","og_title":"Italien Bar Crawls | Riviera Bar Crawl Tours","og_description":"Riviera Bar Crawl Touren: Bar Crawls in Frankreich - \u00f6ffentliche und private Bar Crawls f\u00fcr Junggesellinnen, Geburtstage, Firmengruppen und Reiseveranstalter.","og_url":"https:\/\/rivierabarcrawltours.com\/de\/italien-bar-crawls\/","og_site_name":"Riviera Bar Crawl Tours","article_publisher":"https:\/\/www.facebook.com\/RivieraBarCrawltours\/","article_modified_time":"2026-02-16T11:43:11+00:00","og_image":[{"url":"https:\/\/rivierabarcrawltours.com\/wp-content\/uploads\/2024\/07\/riviera-pub-crawls-1024x1024.jpg","type":"","width":"","height":""}],"twitter_card":"summary_large_image","twitter_site":"@rivierabarcrawl","twitter_misc":{"Gesch\u00e4tzte Lesezeit":"4\u00a0Minuten"},"schema":{"@context":"https:\/\/schema.org","@graph":[{"@type":"WebPage","@id":"https:\/\/rivierabarcrawltours.com\/de\/italien-bar-crawls\/","url":"https:\/\/rivierabarcrawltours.com\/de\/italien-bar-crawls\/","name":"Italien Bar Crawls | Riviera Bar Crawl Tours","isPartOf":{"@id":"https:\/\/rivierabarcrawltours.com\/#website"},"primaryImageOfPage":{"@id":"https:\/\/rivierabarcrawltours.com\/de\/italien-bar-crawls\/#primaryimage"},"image":{"@id":"https:\/\/rivierabarcrawltours.com\/de\/italien-bar-crawls\/#primaryimage"},"thumbnailUrl":"https:\/\/rivierabarcrawltours.com\/wp-content\/uploads\/2023\/06\/riviera-pub-crawls.jpg","datePublished":"2026-01-27T09:53:34+00:00","dateModified":"2026-02-16T11:43:11+00:00","description":"Riviera Bar Crawl Touren: Bar Crawls in Frankreich - \u00f6ffentliche und private Bar Crawls f\u00fcr Junggesellinnen, Geburtstage, Firmengruppen und Reiseveranstalter.","breadcrumb":{"@id":"https:\/\/rivierabarcrawltours.com\/de\/italien-bar-crawls\/#breadcrumb"},"inLanguage":"de","potentialAction":[{"@type":"ReadAction","target":["https:\/\/rivierabarcrawltours.com\/de\/italien-bar-crawls\/"]}]},{"@type":"ImageObject","inLanguage":"de","@id":"https:\/\/rivierabarcrawltours.com\/de\/italien-bar-crawls\/#primaryimage","url":"https:\/\/rivierabarcrawltours.com\/wp-content\/uploads\/2023\/06\/riviera-pub-crawls.jpg","contentUrl":"https:\/\/rivierabarcrawltours.com\/wp-content\/uploads\/2023\/06\/riviera-pub-crawls.jpg","width":1920,"height":1113,"caption":"sch\u00f6ne Erlebnisse im Nachtleben"},{"@type":"BreadcrumbList","@id":"https:\/\/rivierabarcrawltours.com\/de\/italien-bar-crawls\/#breadcrumb","itemListElement":[{"@type":"ListItem","position":1,"name":"Home","item":"https:\/\/rivierabarcrawltours.com\/de\/"},{"@type":"ListItem","position":2,"name":"Italien Bar Crawls"}]},{"@type":"WebSite","@id":"https:\/\/rivierabarcrawltours.com\/#website","url":"https:\/\/rivierabarcrawltours.com\/","name":"Riviera Bar Crawl Tours","description":"Fun Day &amp; Night Experiences I Tour operator I Guided Tours I Bar Crawls I Food Tours I","publisher":{"@id":"https:\/\/rivierabarcrawltours.com\/#organization"},"potentialAction":[{"@type":"SearchAction","target":{"@type":"EntryPoint","urlTemplate":"https:\/\/rivierabarcrawltours.com\/?s={search_term_string}"},"query-input":{"@type":"PropertyValueSpecification","valueRequired":true,"valueName":"search_term_string"}}],"inLanguage":"de"},{"@type":"Organization","@id":"https:\/\/rivierabarcrawltours.com\/#organization","name":"Riviera Bar Crawl Tours","url":"https:\/\/rivierabarcrawltours.com\/","logo":{"@type":"ImageObject","inLanguage":"de","@id":"https:\/\/rivierabarcrawltours.com\/#\/schema\/logo\/image\/","url":"https:\/\/rivierabarcrawltours.com\/wp-content\/uploads\/2019\/07\/logo.png","contentUrl":"https:\/\/rivierabarcrawltours.com\/wp-content\/uploads\/2019\/07\/logo.png","width":479,"height":453,"caption":"Riviera Bar Crawl Tours"},"image":{"@id":"https:\/\/rivierabarcrawltours.com\/#\/schema\/logo\/image\/"},"sameAs":["https:\/\/www.facebook.com\/RivieraBarCrawltours\/","https:\/\/x.com\/rivierabarcrawl"]}]}},"_links":{"self":[{"href":"https:\/\/rivierabarcrawltours.com\/de\/wp-json\/wp\/v2\/pages\/123177","targetHints":{"allow":["GET"]}}],"collection":[{"href":"https:\/\/rivierabarcrawltours.com\/de\/wp-json\/wp\/v2\/pages"}],"about":[{"href":"https:\/\/rivierabarcrawltours.com\/de\/wp-json\/wp\/v2\/types\/page"}],"author":[{"embeddable":true,"href":"https:\/\/rivierabarcrawltours.com\/de\/wp-json\/wp\/v2\/users\/2"}],"replies":[{"embeddable":true,"href":"https:\/\/rivierabarcrawltours.com\/de\/wp-json\/wp\/v2\/comments?post=123177"}],"version-history":[{"count":24,"href":"https:\/\/rivierabarcrawltours.com\/de\/wp-json\/wp\/v2\/pages\/123177\/revisions"}],"predecessor-version":[{"id":125805,"href":"https:\/\/rivierabarcrawltours.com\/de\/wp-json\/wp\/v2\/pages\/123177\/revisions\/125805"}],"wp:featuredmedia":[{"embeddable":true,"href":"https:\/\/rivierabarcrawltours.com\/de\/wp-json\/wp\/v2\/media\/108042"}],"wp:attachment":[{"href":"https:\/\/rivierabarcrawltours.com\/de\/wp-json\/wp\/v2\/media?parent=123177"}],"curies":[{"name":"wp","href":"https:\/\/api.w.org\/{rel}","templated":true}]}}