{"id":122963,"date":"2026-01-23T14:47:33","date_gmt":"2026-01-23T13:47:33","guid":{"rendered":"https:\/\/rivierabarcrawltours.com\/halloween-bar-crawls\/"},"modified":"2026-02-17T09:44:09","modified_gmt":"2026-02-17T08:44:09","slug":"halloween-bar-crawls","status":"publish","type":"page","link":"https:\/\/rivierabarcrawltours.com\/de\/halloween-bar-crawls\/","title":{"rendered":"Halloween Bar Crawls"},"content":{"rendered":"<div class=\"wpb-content-wrapper\"><p>[vc_row css=&#8220;.vc_custom_1612431259800{margin-top: 40px !important;}&#8220;][vc_column][vc_column_text css=&#8220;&#8220;]<\/p>\n<h1><strong>Halloween Bar Crawl (2026) &#8211; Gro\u00dfe Party-Stimmung, neue Freunde, null Stress<\/strong><\/h1>\n<p>[\/vc_column_text][vc_column_text css=&#8220;&#8220;]<\/p>\n<h2>Halloween Bar Crawl in Frankreich &#8211; Kost\u00fcme an, Nachtmodus aktiviert<\/h2>\n<p>Sind Sie auf der Suche nach der <strong>besten Halloween-Bar-Crawl in Frankreich<\/strong>? Dies ist Ihre Ausrede, um alles zu geben: Kost\u00fcme, gro\u00dfe soziale Energie und eine Nacht, die wirklich flie\u00dft. Anstatt Halloween damit zu vergeuden, herauszufinden, wohin Sie als n\u00e4chstes gehen sollen, schlie\u00dfen Sie sich einem <strong>Halloween Bar Crawl<\/strong> an, der f\u00fcr gute Stimmung sorgt und die Logistik vereinfacht.  <\/p>\n<p>Egal, ob Sie auf Reisen sind, mit Freunden kommen oder alleine kommen, dies ist ein <strong>\u00f6ffentlicher Bar Crawl f\u00fcr Gruppen<\/strong>, bei dem Sie Leute treffen und Halloween auf unterhaltsame Art und Weise feiern k\u00f6nnen.<\/p>\n<h3>Warum sollten Sie an unserem Halloween Bar Crawl teilnehmen?<\/h3>\n<p><strong>1) Reine Halloween-Stimmung &#8211; gesellig, laut, unvergesslich<\/strong><br \/>\nHalloween ist besser in einer Gruppe. Freuen Sie sich auf eine lebhafte Gruppenatmosph\u00e4re, in der es leicht ist, Kontakte zu kn\u00fcpfen, zu lachen und &#8222;nur einen Abend&#8220; in eine echte Feier zu verwandeln. <\/p>\n<p><strong>2) Kein Planungsstress (wir organisieren die Nacht)<\/strong><br \/>\nHalloween-N\u00e4chte k\u00f6nnen chaotisch sein &#8211; verstopfte Stra\u00dfen, \u00fcberf\u00fcllte Veranstaltungsorte, verlorene Zeit zum Entscheiden. Wir k\u00fcmmern uns um die Strukturierung, damit Sie mehr Zeit zum Feiern und weniger Zeit zum Organisieren haben. <\/p>\n<p><strong>3) Perfekt f\u00fcr Gruppen und Reisende<\/strong><br \/>\nSie kommen mit einer Crew? Prima. Kommen Sie allein? Noch besser &#8211; dies ist ein geselliger, einladender Ort, an dem man leicht mitmachen kann.   <\/p>\n<h3>Machen Sie sich Sorgen um die Logistik? Sie sind nicht allein. <\/h3>\n<ul>\n<li><strong>&#8222;Halloween ist \u00fcberf\u00fcllt &#8211; wird es unordentlich sein?&#8220;<\/strong>  Wir haben einen klaren Plan, damit die Nacht reibungslos verl\u00e4uft.<\/li>\n<li><strong>&#8222;Werde ich tats\u00e4chlich Leute treffen?&#8220;<\/strong>  Das ist der Punkt: Es ist ein Gruppenerlebnis, das f\u00fcr eine gesellige Stimmung sorgt.<\/li>\n<li><strong>&#8222;Ich m\u00f6chte nicht die ganze Nacht damit verbringen, Entscheidungen zu treffen.&#8220;<\/strong>  Das werden Sie nicht. Seien Sie einfach bereit. <\/li>\n<\/ul>\n<h2><a href=\"https:\/\/rivierabarcrawltours.com\/de\/kontaktiere-uns\/\">Buchen Sie Ihren Halloween Bar Crawl in Frankreich<\/a><\/h2>\n<p>Die Pl\u00e4tze f\u00fcr Halloween sind schnell vergeben. Senden Sie uns jetzt eine Nachricht, um die Details zu erfahren und sich einen Platz zu sichern. <\/p>\n<p><strong>WhatsApp \/ Telefon:<\/strong> +33 649 244 407<br \/>\n<strong>E-Mail:<\/strong> <a class=\"not-prose group inline break-all rounded-md px-1 text-sm font-medium text-blue-600 focus-visible:outline-none focus-visible:ring-1 focus-visible:ring-ring dark:text-blue-400 md:text-base\" href=\"mailto:info@rivierabarcrawltours.com\"><span class=\"underline\">info@rivierabarcrawltours.com<\/span><\/a>[\/vc_column_text][\/vc_column][\/vc_row][vc_row][vc_column width=&#8220;1\/4&#8243; el_class=&#8220;main-col&#8220; css=&#8220;.vc_custom_1612431923475{margin-bottom: 20px !important;}&#8220;][vc_column_text css=&#8220;.vc_custom_1770902281515{background-image: url(https:\/\/rivierabarcrawltours.com\/wp-content\/uploads\/2026\/02\/Halloween-bar-crawl-Nice.jpg?id=125320) !important;}&#8220;]<a href=\"https:\/\/rivierabarcrawltours.com\/de\/tour\/halloween-party-bar-crawl-nizza-frankreich\/\">Sch\u00f6n<\/a>[\/vc_column_text][\/vc_column][vc_column width=&#8220;1\/4&#8243; el_class=&#8220;main-col&#8220; css=&#8220;.vc_custom_1612432008756{margin-bottom: 20px !important;}&#8220;][vc_column_text css=&#8220;.vc_custom_1770902372623{background-image: url(https:\/\/rivierabarcrawltours.com\/wp-content\/uploads\/2026\/02\/Halloween-bar-crawl-Paris.jpg?id=125321) !important;}&#8220;]<a href=\"https:\/\/rivierabarcrawltours.com\/de\/tour\/halloween-party-in-paris-bar-crawl\/\">Paris<\/a>[\/vc_column_text][\/vc_column][vc_column width=&#8220;1\/4&#8243; el_class=&#8220;main-col&#8220; css=&#8220;.vc_custom_1613118716288{margin-bottom: 20px !important;}&#8220;][vc_column_text css=&#8220;.vc_custom_1770902425652{background-image: url(https:\/\/rivierabarcrawltours.com\/wp-content\/uploads\/2026\/02\/Halloween-bar-crawl-Marseille.jpg?id=125322) !important;}&#8220;]<a href=\"https:\/\/rivierabarcrawltours.com\/de\/tour\/halloween-bar-crawl-party-in-marseille-2026\/\">Marseille<\/a>[\/vc_column_text][\/vc_column][vc_column width=&#8220;1\/4&#8243; el_class=&#8220;main-col&#8220; css=&#8220;.vc_custom_1612432062266{margin-bottom: 20px !important;}&#8220;][vc_column_text css=&#8220;.vc_custom_1770902461054{background-image: url(https:\/\/rivierabarcrawltours.com\/wp-content\/uploads\/2026\/02\/Halloween-bar-crawl-Milan.jpg?id=125323) !important;}&#8220;]<a href=\"https:\/\/rivierabarcrawltours.com\/de\/tour\/halloween-bar-crawl-party-in-mailand-2026\/\">Milan<\/a>[\/vc_column_text][\/vc_column][\/vc_row][vc_row][vc_column width=&#8220;1\/4&#8243; el_class=&#8220;main-col&#8220; css=&#8220;.vc_custom_1612431923475{margin-bottom: 20px !important;}&#8220;][vc_column_text css=&#8220;.vc_custom_1770902498269{background-image: url(https:\/\/rivierabarcrawltours.com\/wp-content\/uploads\/2026\/02\/Halloween-bar-crawl-Lyon.jpg?id=125324) !important;}&#8220;]<a href=\"https:\/\/rivierabarcrawltours.com\/de\/tour\/halloween-bar-crawl-party-in-lyon-2026\/\">Lyon<\/a>[\/vc_column_text][\/vc_column][vc_column width=&#8220;1\/4&#8243; el_class=&#8220;main-col&#8220; css=&#8220;.vc_custom_1612432008756{margin-bottom: 20px !important;}&#8220;][vc_column_text css=&#8220;.vc_custom_1770902518348{background-image: url(https:\/\/rivierabarcrawltours.com\/wp-content\/uploads\/2026\/02\/Halloween-bar-crawl-Lille.jpg?id=125325) !important;}&#8220;]<a href=\"https:\/\/rivierabarcrawltours.com\/de\/tour\/halloween-bar-crawl-party-in-lille-2026\/\">Lille<\/a>[\/vc_column_text][\/vc_column][vc_column width=&#8220;1\/4&#8243; el_class=&#8220;main-col&#8220; css=&#8220;.vc_custom_1613118716288{margin-bottom: 20px !important;}&#8220;][vc_column_text css=&#8220;.vc_custom_1770902539488{background-image: url(https:\/\/rivierabarcrawltours.com\/wp-content\/uploads\/2026\/02\/Halloween-bar-crawl-Brussels.jpg?id=125326) !important;}&#8220;]<a href=\"https:\/\/rivierabarcrawltours.com\/de\/tour\/halloween-bar-crawl-party-in-bruessel-2026\/\">Br\u00fcssel<\/a>[\/vc_column_text][\/vc_column][vc_column width=&#8220;1\/4&#8243; el_class=&#8220;main-col&#8220; css=&#8220;.vc_custom_1612432062266{margin-bottom: 20px !important;}&#8220;][vc_column_text css=&#8220;.vc_custom_1770902567102{background-image: url(https:\/\/rivierabarcrawltours.com\/wp-content\/uploads\/2026\/02\/Halloween-bar-crawl-Strasbourg.jpg?id=125327) !important;}&#8220;]<a href=\"https:\/\/rivierabarcrawltours.com\/de\/tour\/halloween-bar-crawl-party-in-strasbourg-2026\/\">Stra\u00dfburg<\/a>[\/vc_column_text][\/vc_column][\/vc_row][vc_row][vc_column width=&#8220;1\/4&#8243; el_class=&#8220;main-col&#8220; css=&#8220;.vc_custom_1612432008756{margin-bottom: 20px !important;}&#8220;][vc_column_text css=&#8220;.vc_custom_1770902591754{background-image: url(https:\/\/rivierabarcrawltours.com\/wp-content\/uploads\/2026\/02\/Halloween-bar-crawl-Toulouse.jpg?id=125328) !important;}&#8220;]<a href=\"https:\/\/rivierabarcrawltours.com\/de\/tour\/halloween-bar-crawl-party-in-toulouse-2026\/\">Toulouse<\/a>[\/vc_column_text][\/vc_column][vc_column width=&#8220;1\/4&#8243; el_class=&#8220;main-col&#8220; css=&#8220;.vc_custom_1613118716288{margin-bottom: 20px !important;}&#8220;][vc_column_text css=&#8220;.vc_custom_1770902820001{background-image: url(https:\/\/rivierabarcrawltours.com\/wp-content\/uploads\/2026\/02\/Halloween-bar-crawl-Bordeaux.jpg?id=125329) !important;}&#8220;]<a href=\"https:\/\/rivierabarcrawltours.com\/de\/tour\/halloween-bar-crawl-party-in-bordeaux-2026\/\">Bordeaux<\/a>[\/vc_column_text][\/vc_column][\/vc_row]<\/p>\n<\/div>","protected":false},"excerpt":{"rendered":"<p>[vc_row css=&#8220;.vc_custom_1612431259800{margin-top: 40px !important;}&#8220;][vc_column][vc_column_text css=&#8220;&#8220;] Halloween Bar Crawl (2026) &#8211; Gro\u00dfe Party-Stimmung, neue Freunde, null Stress [\/vc_column_text][vc_column_text css=&#8220;&#8220;] Halloween Bar Crawl in Frankreich &#8211; Kost\u00fcme an, Nachtmodus aktiviert Sind Sie auf der Suche nach der besten Halloween-Bar-Crawl in Frankreich? Dies ist Ihre Ausrede, um alles zu geben: Kost\u00fcme, gro\u00dfe soziale Energie und eine Nacht, die [&hellip;]<\/p>\n","protected":false},"author":2,"featured_media":94203,"parent":0,"menu_order":0,"comment_status":"closed","ping_status":"closed","template":"template-home-modern.php","meta":{"_acf_changed":false,"footnotes":""},"class_list":["post-122963","page","type-page","status-publish","has-post-thumbnail","hentry"],"acf":[],"yoast_head":"<!-- This site is optimized with the Yoast SEO plugin v27.4 - https:\/\/yoast.com\/product\/yoast-seo-wordpress\/ -->\n<title>Halloween Bar Crawls 2026 |<\/title>\n<meta name=\"description\" content=\"Machen Sie Ihre Halloween Bar Crawls Party 2026 unvergesslich mit einer geplanten Nacht voller Energie und Feiern.\" \/>\n<meta name=\"robots\" content=\"index, follow, max-snippet:-1, max-image-preview:large, max-video-preview:-1\" \/>\n<link rel=\"canonical\" href=\"https:\/\/rivierabarcrawltours.com\/de\/halloween-bar-crawls\/\" \/>\n<meta property=\"og:locale\" content=\"de_DE\" \/>\n<meta property=\"og:type\" content=\"article\" \/>\n<meta property=\"og:title\" content=\"Halloween Bar Crawls 2026 |\" \/>\n<meta property=\"og:description\" content=\"Machen Sie Ihre Halloween Bar Crawls Party 2026 unvergesslich mit einer geplanten Nacht voller Energie und Feiern.\" \/>\n<meta property=\"og:url\" content=\"https:\/\/rivierabarcrawltours.com\/de\/halloween-bar-crawls\/\" \/>\n<meta property=\"og:site_name\" content=\"Riviera Bar Crawl Tours\" \/>\n<meta property=\"article:publisher\" content=\"https:\/\/www.facebook.com\/RivieraBarCrawltours\/\" \/>\n<meta property=\"article:modified_time\" content=\"2026-02-17T08:44:09+00:00\" \/>\n<meta property=\"og:image\" content=\"https:\/\/rivierabarcrawltours.com\/wp-content\/uploads\/2024\/07\/riviera-pub-crawls-1024x1024.jpg\" \/>\n<meta name=\"twitter:card\" content=\"summary_large_image\" \/>\n<meta name=\"twitter:site\" content=\"@rivierabarcrawl\" \/>\n<meta name=\"twitter:label1\" content=\"Gesch\u00e4tzte Lesezeit\" \/>\n\t<meta name=\"twitter:data1\" content=\"4\u00a0Minuten\" \/>\n<!-- \/ Yoast SEO plugin. -->","yoast_head_json":{"title":"Halloween Bar Crawls 2026 |","description":"Machen Sie Ihre Halloween Bar Crawls Party 2026 unvergesslich mit einer geplanten Nacht voller Energie und Feiern.","robots":{"index":"index","follow":"follow","max-snippet":"max-snippet:-1","max-image-preview":"max-image-preview:large","max-video-preview":"max-video-preview:-1"},"canonical":"https:\/\/rivierabarcrawltours.com\/de\/halloween-bar-crawls\/","og_locale":"de_DE","og_type":"article","og_title":"Halloween Bar Crawls 2026 |","og_description":"Machen Sie Ihre Halloween Bar Crawls Party 2026 unvergesslich mit einer geplanten Nacht voller Energie und Feiern.","og_url":"https:\/\/rivierabarcrawltours.com\/de\/halloween-bar-crawls\/","og_site_name":"Riviera Bar Crawl Tours","article_publisher":"https:\/\/www.facebook.com\/RivieraBarCrawltours\/","article_modified_time":"2026-02-17T08:44:09+00:00","og_image":[{"url":"https:\/\/rivierabarcrawltours.com\/wp-content\/uploads\/2024\/07\/riviera-pub-crawls-1024x1024.jpg","type":"","width":"","height":""}],"twitter_card":"summary_large_image","twitter_site":"@rivierabarcrawl","twitter_misc":{"Gesch\u00e4tzte Lesezeit":"4\u00a0Minuten"},"schema":{"@context":"https:\/\/schema.org","@graph":[{"@type":"WebPage","@id":"https:\/\/rivierabarcrawltours.com\/de\/halloween-bar-crawls\/","url":"https:\/\/rivierabarcrawltours.com\/de\/halloween-bar-crawls\/","name":"Halloween Bar Crawls 2026 |","isPartOf":{"@id":"https:\/\/rivierabarcrawltours.com\/#website"},"primaryImageOfPage":{"@id":"https:\/\/rivierabarcrawltours.com\/de\/halloween-bar-crawls\/#primaryimage"},"image":{"@id":"https:\/\/rivierabarcrawltours.com\/de\/halloween-bar-crawls\/#primaryimage"},"thumbnailUrl":"https:\/\/rivierabarcrawltours.com\/wp-content\/uploads\/2021\/12\/halloween-bar-crawl-Nice.jpg","datePublished":"2026-01-23T13:47:33+00:00","dateModified":"2026-02-17T08:44:09+00:00","description":"Machen Sie Ihre Halloween Bar Crawls Party 2026 unvergesslich mit einer geplanten Nacht voller Energie und Feiern.","breadcrumb":{"@id":"https:\/\/rivierabarcrawltours.com\/de\/halloween-bar-crawls\/#breadcrumb"},"inLanguage":"de","potentialAction":[{"@type":"ReadAction","target":["https:\/\/rivierabarcrawltours.com\/de\/halloween-bar-crawls\/"]}]},{"@type":"ImageObject","inLanguage":"de","@id":"https:\/\/rivierabarcrawltours.com\/de\/halloween-bar-crawls\/#primaryimage","url":"https:\/\/rivierabarcrawltours.com\/wp-content\/uploads\/2021\/12\/halloween-bar-crawl-Nice.jpg","contentUrl":"https:\/\/rivierabarcrawltours.com\/wp-content\/uploads\/2021\/12\/halloween-bar-crawl-Nice.jpg","width":1920,"height":1080,"caption":"gente bailando en Halloween en Niza"},{"@type":"BreadcrumbList","@id":"https:\/\/rivierabarcrawltours.com\/de\/halloween-bar-crawls\/#breadcrumb","itemListElement":[{"@type":"ListItem","position":1,"name":"Home","item":"https:\/\/rivierabarcrawltours.com\/de\/"},{"@type":"ListItem","position":2,"name":"Halloween Bar Crawls"}]},{"@type":"WebSite","@id":"https:\/\/rivierabarcrawltours.com\/#website","url":"https:\/\/rivierabarcrawltours.com\/","name":"Riviera Bar Crawl Tours","description":"Fun Day &amp; Night Experiences I Tour operator I Guided Tours I Bar Crawls I Food Tours I","publisher":{"@id":"https:\/\/rivierabarcrawltours.com\/#organization"},"potentialAction":[{"@type":"SearchAction","target":{"@type":"EntryPoint","urlTemplate":"https:\/\/rivierabarcrawltours.com\/?s={search_term_string}"},"query-input":{"@type":"PropertyValueSpecification","valueRequired":true,"valueName":"search_term_string"}}],"inLanguage":"de"},{"@type":"Organization","@id":"https:\/\/rivierabarcrawltours.com\/#organization","name":"Riviera Bar Crawl Tours","url":"https:\/\/rivierabarcrawltours.com\/","logo":{"@type":"ImageObject","inLanguage":"de","@id":"https:\/\/rivierabarcrawltours.com\/#\/schema\/logo\/image\/","url":"https:\/\/rivierabarcrawltours.com\/wp-content\/uploads\/2019\/07\/logo.png","contentUrl":"https:\/\/rivierabarcrawltours.com\/wp-content\/uploads\/2019\/07\/logo.png","width":479,"height":453,"caption":"Riviera Bar Crawl Tours"},"image":{"@id":"https:\/\/rivierabarcrawltours.com\/#\/schema\/logo\/image\/"},"sameAs":["https:\/\/www.facebook.com\/RivieraBarCrawltours\/","https:\/\/x.com\/rivierabarcrawl"]}]}},"_links":{"self":[{"href":"https:\/\/rivierabarcrawltours.com\/de\/wp-json\/wp\/v2\/pages\/122963","targetHints":{"allow":["GET"]}}],"collection":[{"href":"https:\/\/rivierabarcrawltours.com\/de\/wp-json\/wp\/v2\/pages"}],"about":[{"href":"https:\/\/rivierabarcrawltours.com\/de\/wp-json\/wp\/v2\/types\/page"}],"author":[{"embeddable":true,"href":"https:\/\/rivierabarcrawltours.com\/de\/wp-json\/wp\/v2\/users\/2"}],"replies":[{"embeddable":true,"href":"https:\/\/rivierabarcrawltours.com\/de\/wp-json\/wp\/v2\/comments?post=122963"}],"version-history":[{"count":20,"href":"https:\/\/rivierabarcrawltours.com\/de\/wp-json\/wp\/v2\/pages\/122963\/revisions"}],"predecessor-version":[{"id":126655,"href":"https:\/\/rivierabarcrawltours.com\/de\/wp-json\/wp\/v2\/pages\/122963\/revisions\/126655"}],"wp:featuredmedia":[{"embeddable":true,"href":"https:\/\/rivierabarcrawltours.com\/de\/wp-json\/wp\/v2\/media\/94203"}],"wp:attachment":[{"href":"https:\/\/rivierabarcrawltours.com\/de\/wp-json\/wp\/v2\/media?parent=122963"}],"curies":[{"name":"wp","href":"https:\/\/api.w.org\/{rel}","templated":true}]}}