{"id":122820,"date":"2026-01-23T13:01:11","date_gmt":"2026-01-23T12:01:11","guid":{"rendered":"https:\/\/rivierabarcrawltours.com\/silvester-bar-crawls\/"},"modified":"2026-02-16T12:54:26","modified_gmt":"2026-02-16T11:54:26","slug":"silvester-bar-crawls","status":"publish","type":"page","link":"https:\/\/rivierabarcrawltours.com\/de\/silvester-bar-crawls\/","title":{"rendered":"Silvester Bar Crawls"},"content":{"rendered":"<div class=\"wpb-content-wrapper\"><p>[vc_row css=&#8220;.vc_custom_1612431259800{margin-top: 40px !important;}&#8220;][vc_column][vc_column_text css=&#8220;&#8220;]<\/p>\n<h1><strong>  Silvester Bar Crawl &#8211; Countdown Party Nacht<\/strong><\/h1>\n<p>[\/vc_column_text][vc_column_text css=&#8220;&#8220;]<\/p>\n<h2>Silvester Bar Crawl in Frankreich &#8211; Der Countdown beginnt hier<\/h2>\n<p>Ersparen Sie sich das Chaos in letzter Minute und begeben Sie sich auf eine <strong>Silvester-Bartour in Frankreich<\/strong>, die ganz auf das Feiern ausgerichtet ist. Dies ist ein <strong>geselliger, energiegeladener Gruppenabend<\/strong> mit einem klaren Plan, so dass Sie sich auf den Spa\u00df, die Fotos und den mittern\u00e4chtlichen Moment konzentrieren k\u00f6nnen. <\/p>\n<p>Wenn Sie auf Reisen sind, Freunde besuchen oder einfach nur eine garantierte Party-Atmosph\u00e4re suchen, dann ist dieser NYE-Bar-Crawl genau das Richtige, um Ihre Nacht <strong>einfach, reibungslos und unvergesslich<\/strong> zu machen.<\/p>\n<h3>Warum sollten Sie an unserem Silvester Bar Crawl teilnehmen?<\/h3>\n<p><strong>Ein echter NYE-Plan (kein wahlloses Bar-Hopping)<\/strong><br \/>\nSilvester ist anstrengend &#8211; Linien, Timing und Koordination k\u00f6nnen die Stimmung zerst\u00f6ren. Wir halten die Nacht mit einem strukturierten Ablauf in Gang, damit Sie weniger Zeit damit verbringen, sich Gedanken zu machen und mehr Zeit zum Feiern haben. <\/p>\n<p><strong>Gemacht f\u00fcr gesellige Partystimmung<\/strong><br \/>\nDies ist die Nacht, um Leute zu treffen. Erwarten Sie eine lebhafte Gruppenatmosph\u00e4re, die sich von der ersten Station bis zum Countdown wie eine Feier anf\u00fchlt. <\/p>\n<p><strong>Weniger Stress, mehr Erinnerungen<\/strong><br \/>\nMachen Sie sich Sorgen \u00fcber die Logistik, das Timing oder die Koordination aller Beteiligten? Wir k\u00fcmmern uns um die Planung, damit Sie den guten Teil genie\u00dfen k\u00f6nnen: einen Abend, \u00fcber den Sie das ganze Jahr \u00fcber sprechen werden. <\/p>\n<h3>H\u00e4ufige Fragen (und warum es einfach ist)<\/h3>\n<ul>\n<li><strong>&#8222;Verlieren wir Zeit bei der Entscheidung, wohin wir gehen?&#8220;<\/strong>  Nein &#8211; Ihre Nacht folgt einem klaren Plan.<\/li>\n<li><strong>&#8222;Ist es gut, wenn ich mit einer kleinen Gruppe \/ als Reisender komme?&#8220;<\/strong>  Ja &#8211; dies ist ein Ort der Geselligkeit und des Empfangs.<\/li>\n<li><strong>&#8222;NYE wird chaotisch&#8230; wird das organisiert werden?&#8220;<\/strong>  Darum geht es ja: Wir sorgen f\u00fcr einen reibungslosen Ablauf, damit die Party Spa\u00df macht.<\/li>\n<\/ul>\n<h2><a href=\"https:\/\/rivierabarcrawltours.com\/de\/kontaktiere-uns\/\">Buchen Sie Ihren Silvester Bar Crawl in Frankreich<\/a><\/h2>\n<p>Die Pl\u00e4tze f\u00fcr Silvester sind schnell vergeben. Schreiben Sie uns jetzt eine Nachricht, um sich Ihren Platz zu sichern und die Details zu erfahren. <\/p>\n<p><strong>WhatsApp \/ Telefon:<\/strong> +33 6 49 24 44 07<br \/>\n<strong>E-Mail:<\/strong> <a class=\"not-prose group inline break-all rounded-md px-1 text-sm font-medium text-blue-600 focus-visible:outline-none focus-visible:ring-1 focus-visible:ring-ring dark:text-blue-400 md:text-base\" href=\"mailto:info@rivierabarcrawltours.com\"><span class=\"underline\">info@rivierabarcrawltours.com<\/span><\/a>[\/vc_column_text][\/vc_column][\/vc_row][vc_row][vc_column width=&#8220;1\/4&#8243; el_class=&#8220;main-col&#8220; css=&#8220;.vc_custom_1612431923475{margin-bottom: 20px !important;}&#8220;][vc_column_text css=&#8220;.vc_custom_1770903103377{background-image: url(https:\/\/rivierabarcrawltours.com\/wp-content\/uploads\/2026\/02\/instagram-post-Nice-NYE-2027-1.jpg?id=125332) !important;}&#8220;]<a href=\"https:\/\/rivierabarcrawltours.com\/de\/tour\/silvester-bar-crawl-nizza-frankreich-2026\/\">Nice<\/a>[\/vc_column_text][\/vc_column][vc_column width=&#8220;1\/4&#8243; el_class=&#8220;main-col&#8220; css=&#8220;.vc_custom_1612432008756{margin-bottom: 20px !important;}&#8220;][vc_column_text css=&#8220;.vc_custom_1770903158459{background-image: url(https:\/\/rivierabarcrawltours.com\/wp-content\/uploads\/2026\/02\/Instagram-post-Paris-NYE-2027.jpg?id=125333) !important;}&#8220;]<a href=\"https:\/\/rivierabarcrawltours.com\/de\/tour\/silvesterparty-in-paris\/\">Paris<\/a>[\/vc_column_text][\/vc_column][vc_column width=&#8220;1\/4&#8243; el_class=&#8220;main-col&#8220; css=&#8220;.vc_custom_1613118716288{margin-bottom: 20px !important;}&#8220;][vc_column_text css=&#8220;.vc_custom_1770903190390{background-image: url(https:\/\/rivierabarcrawltours.com\/wp-content\/uploads\/2026\/02\/Instagram-post-Marseille-NYE-2027-1.jpg?id=125334) !important;}&#8220;]<a href=\"https:\/\/rivierabarcrawltours.com\/de\/tour\/silvester-bar-crawl-marseille-frankreich\/\">Marseille<\/a>[\/vc_column_text][\/vc_column][vc_column width=&#8220;1\/4&#8243; el_class=&#8220;main-col&#8220; css=&#8220;.vc_custom_1612432062266{margin-bottom: 20px !important;}&#8220;][vc_column_text css=&#8220;.vc_custom_1770903223040{background-image: url(https:\/\/rivierabarcrawltours.com\/wp-content\/uploads\/2026\/02\/Instagram-post-Milan-NYE-2027.jpg?id=125335) !important;}&#8220;]<a href=\"https:\/\/rivierabarcrawltours.com\/de\/tour\/silvester-bar-crawl-party-mailand-italien-2027\/\">Milan<\/a>[\/vc_column_text][\/vc_column][\/vc_row][vc_row][vc_column width=&#8220;1\/4&#8243; el_class=&#8220;main-col&#8220; css=&#8220;.vc_custom_1612431923475{margin-bottom: 20px !important;}&#8220;][vc_column_text css=&#8220;.vc_custom_1770903434523{background-image: url(https:\/\/rivierabarcrawltours.com\/wp-content\/uploads\/2026\/02\/Instagram-post-Lyon-NYE-2027.png?id=125338) !important;}&#8220;]<a href=\"https:\/\/rivierabarcrawltours.com\/de\/tour\/silvesterparty-in-lyon-riviera-bar-crawl-lyon\/\">Lyon<\/a>[\/vc_column_text][\/vc_column][vc_column width=&#8220;1\/4&#8243; el_class=&#8220;main-col&#8220; css=&#8220;.vc_custom_1612432008756{margin-bottom: 20px !important;}&#8220;][vc_column_text css=&#8220;.vc_custom_1770903453950{background-image: url(https:\/\/rivierabarcrawltours.com\/wp-content\/uploads\/2026\/02\/Instagram-post-Lille-NYE-2027.jpg?id=125336) !important;}&#8220;]<a href=\"https:\/\/rivierabarcrawltours.com\/de\/tour\/new-years-eve-party-in-lille-riviera-bar-crawl-lille\/\">Lille<\/a>[\/vc_column_text][\/vc_column][vc_column width=&#8220;1\/4&#8243; el_class=&#8220;main-col&#8220; css=&#8220;.vc_custom_1613118716288{margin-bottom: 20px !important;}&#8220;][vc_column_text css=&#8220;.vc_custom_1770903592246{background-image: url(https:\/\/rivierabarcrawltours.com\/wp-content\/uploads\/2026\/02\/Instagram-post-Bruxelles-NYE-2027.jpg?id=125339) !important;}&#8220;]<a href=\"https:\/\/rivierabarcrawltours.com\/de\/tour\/silvester-bar-crawl-party-bruessel-2027\/\">Br\u00fcssel<\/a>[\/vc_column_text][\/vc_column][vc_column width=&#8220;1\/4&#8243; el_class=&#8220;main-col&#8220; css=&#8220;.vc_custom_1612432062266{margin-bottom: 20px !important;}&#8220;][vc_column_text css=&#8220;.vc_custom_1770903541253{background-image: url(https:\/\/rivierabarcrawltours.com\/wp-content\/uploads\/2026\/02\/Instagram-post-Strasbourg-NYE-2027.jpg?id=125340) !important;}&#8220;]<a href=\"https:\/\/rivierabarcrawltours.com\/de\/tour\/silvesterparty-in-nizza-frankreich\/\">Stra\u00dfburg<\/a>[\/vc_column_text][\/vc_column][\/vc_row][vc_row][vc_column width=&#8220;1\/4&#8243; el_class=&#8220;main-col&#8220; css=&#8220;.vc_custom_1612432008756{margin-bottom: 20px !important;}&#8220;][vc_column_text css=&#8220;.vc_custom_1770903581215{background-image: url(https:\/\/rivierabarcrawltours.com\/wp-content\/uploads\/2026\/02\/Instagram-post-Toulouse-NYE-2027.jpg?id=125341) !important;}&#8220;]<a href=\"https:\/\/rivierabarcrawltours.com\/de\/tour\/silvesterparty-in-toulouse-riviera-bar-crawl-toulouse\/\">Toulouse<\/a>[\/vc_column_text][\/vc_column][vc_column width=&#8220;1\/4&#8243; el_class=&#8220;main-col&#8220; css=&#8220;.vc_custom_1613118716288{margin-bottom: 20px !important;}&#8220;][vc_column_text css=&#8220;.vc_custom_1770903614983{background-image: url(https:\/\/rivierabarcrawltours.com\/wp-content\/uploads\/2026\/02\/Instagram-post-Bordeaux-NYE-2027.jpg?id=125342) !important;}&#8220;]<a href=\"https:\/\/rivierabarcrawltours.com\/tour\/new-years-eve-bordeux-pub-crawl\/\">Bordeaux<\/a>[\/vc_column_text][\/vc_column][\/vc_row]<\/p>\n<\/div>","protected":false},"excerpt":{"rendered":"<p>[vc_row css=&#8220;.vc_custom_1612431259800{margin-top: 40px !important;}&#8220;][vc_column][vc_column_text css=&#8220;&#8220;] Silvester Bar Crawl &#8211; Countdown Party Nacht [\/vc_column_text][vc_column_text css=&#8220;&#8220;] Silvester Bar Crawl in Frankreich &#8211; Der Countdown beginnt hier Ersparen Sie sich das Chaos in letzter Minute und begeben Sie sich auf eine Silvester-Bartour in Frankreich, die ganz auf das Feiern ausgerichtet ist. Dies ist ein geselliger, energiegeladener Gruppenabend mit [&hellip;]<\/p>\n","protected":false},"author":2,"featured_media":103403,"parent":0,"menu_order":0,"comment_status":"closed","ping_status":"closed","template":"template-home-modern.php","meta":{"_acf_changed":false,"footnotes":""},"class_list":["post-122820","page","type-page","status-publish","has-post-thumbnail","hentry"],"acf":[],"yoast_head":"<!-- This site is optimized with the Yoast SEO plugin v27.5 - https:\/\/yoast.com\/product\/yoast-seo-wordpress\/ -->\n<title>Silvester Bar Crawls 2027 |<\/title>\n<meta name=\"description\" content=\"Machen Sie Ihr Silvester Bar Crawls 2027 unvergesslich mit einer geplanten Nacht voller Energie und Feiern.\" \/>\n<meta name=\"robots\" content=\"index, follow, max-snippet:-1, max-image-preview:large, max-video-preview:-1\" \/>\n<link rel=\"canonical\" href=\"https:\/\/rivierabarcrawltours.com\/de\/silvester-bar-crawls\/\" \/>\n<meta property=\"og:locale\" content=\"de_DE\" \/>\n<meta property=\"og:type\" content=\"article\" \/>\n<meta property=\"og:title\" content=\"Silvester Bar Crawls 2027 |\" \/>\n<meta property=\"og:description\" content=\"Machen Sie Ihr Silvester Bar Crawls 2027 unvergesslich mit einer geplanten Nacht voller Energie und Feiern.\" \/>\n<meta property=\"og:url\" content=\"https:\/\/rivierabarcrawltours.com\/de\/silvester-bar-crawls\/\" \/>\n<meta property=\"og:site_name\" content=\"Riviera Bar Crawl Tours\" \/>\n<meta property=\"article:publisher\" content=\"https:\/\/www.facebook.com\/RivieraBarCrawltours\/\" \/>\n<meta property=\"article:modified_time\" content=\"2026-02-16T11:54:26+00:00\" \/>\n<meta property=\"og:image\" content=\"https:\/\/rivierabarcrawltours.com\/wp-content\/uploads\/2024\/07\/riviera-pub-crawls-1024x1024.jpg\" \/>\n<meta name=\"twitter:card\" content=\"summary_large_image\" \/>\n<meta name=\"twitter:site\" content=\"@rivierabarcrawl\" \/>\n<meta name=\"twitter:label1\" content=\"Gesch\u00e4tzte Lesezeit\" \/>\n\t<meta name=\"twitter:data1\" content=\"4\u00a0Minuten\" \/>\n<!-- \/ Yoast SEO plugin. -->","yoast_head_json":{"title":"Silvester Bar Crawls 2027 |","description":"Machen Sie Ihr Silvester Bar Crawls 2027 unvergesslich mit einer geplanten Nacht voller Energie und Feiern.","robots":{"index":"index","follow":"follow","max-snippet":"max-snippet:-1","max-image-preview":"max-image-preview:large","max-video-preview":"max-video-preview:-1"},"canonical":"https:\/\/rivierabarcrawltours.com\/de\/silvester-bar-crawls\/","og_locale":"de_DE","og_type":"article","og_title":"Silvester Bar Crawls 2027 |","og_description":"Machen Sie Ihr Silvester Bar Crawls 2027 unvergesslich mit einer geplanten Nacht voller Energie und Feiern.","og_url":"https:\/\/rivierabarcrawltours.com\/de\/silvester-bar-crawls\/","og_site_name":"Riviera Bar Crawl Tours","article_publisher":"https:\/\/www.facebook.com\/RivieraBarCrawltours\/","article_modified_time":"2026-02-16T11:54:26+00:00","og_image":[{"url":"https:\/\/rivierabarcrawltours.com\/wp-content\/uploads\/2024\/07\/riviera-pub-crawls-1024x1024.jpg","type":"","width":"","height":""}],"twitter_card":"summary_large_image","twitter_site":"@rivierabarcrawl","twitter_misc":{"Gesch\u00e4tzte Lesezeit":"4\u00a0Minuten"},"schema":{"@context":"https:\/\/schema.org","@graph":[{"@type":"WebPage","@id":"https:\/\/rivierabarcrawltours.com\/de\/silvester-bar-crawls\/","url":"https:\/\/rivierabarcrawltours.com\/de\/silvester-bar-crawls\/","name":"Silvester Bar Crawls 2027 |","isPartOf":{"@id":"https:\/\/rivierabarcrawltours.com\/#website"},"primaryImageOfPage":{"@id":"https:\/\/rivierabarcrawltours.com\/de\/silvester-bar-crawls\/#primaryimage"},"image":{"@id":"https:\/\/rivierabarcrawltours.com\/de\/silvester-bar-crawls\/#primaryimage"},"thumbnailUrl":"https:\/\/rivierabarcrawltours.com\/wp-content\/uploads\/2022\/11\/New-Years-Eve-party-in-Paris-Fireworks-e1669967522806.jpg","datePublished":"2026-01-23T12:01:11+00:00","dateModified":"2026-02-16T11:54:26+00:00","description":"Machen Sie Ihr Silvester Bar Crawls 2027 unvergesslich mit einer geplanten Nacht voller Energie und Feiern.","breadcrumb":{"@id":"https:\/\/rivierabarcrawltours.com\/de\/silvester-bar-crawls\/#breadcrumb"},"inLanguage":"de","potentialAction":[{"@type":"ReadAction","target":["https:\/\/rivierabarcrawltours.com\/de\/silvester-bar-crawls\/"]}]},{"@type":"ImageObject","inLanguage":"de","@id":"https:\/\/rivierabarcrawltours.com\/de\/silvester-bar-crawls\/#primaryimage","url":"https:\/\/rivierabarcrawltours.com\/wp-content\/uploads\/2022\/11\/New-Years-Eve-party-in-Paris-Fireworks-e1669967522806.jpg","contentUrl":"https:\/\/rivierabarcrawltours.com\/wp-content\/uploads\/2022\/11\/New-Years-Eve-party-in-Paris-Fireworks-e1669967522806.jpg","width":4372,"height":2567,"caption":"Urlaubshintergrund - Eiffelturm mit Feuerwerk, Neujahrsfeier in Paris, Frankreich"},{"@type":"BreadcrumbList","@id":"https:\/\/rivierabarcrawltours.com\/de\/silvester-bar-crawls\/#breadcrumb","itemListElement":[{"@type":"ListItem","position":1,"name":"Home","item":"https:\/\/rivierabarcrawltours.com\/de\/"},{"@type":"ListItem","position":2,"name":"Silvester Bar Crawls"}]},{"@type":"WebSite","@id":"https:\/\/rivierabarcrawltours.com\/#website","url":"https:\/\/rivierabarcrawltours.com\/","name":"Riviera Bar Crawl Tours","description":"Fun Day &amp; Night Experiences I Tour operator I Guided Tours I Bar Crawls I Food Tours I","publisher":{"@id":"https:\/\/rivierabarcrawltours.com\/#organization"},"potentialAction":[{"@type":"SearchAction","target":{"@type":"EntryPoint","urlTemplate":"https:\/\/rivierabarcrawltours.com\/?s={search_term_string}"},"query-input":{"@type":"PropertyValueSpecification","valueRequired":true,"valueName":"search_term_string"}}],"inLanguage":"de"},{"@type":"Organization","@id":"https:\/\/rivierabarcrawltours.com\/#organization","name":"Riviera Bar Crawl Tours","url":"https:\/\/rivierabarcrawltours.com\/","logo":{"@type":"ImageObject","inLanguage":"de","@id":"https:\/\/rivierabarcrawltours.com\/#\/schema\/logo\/image\/","url":"https:\/\/rivierabarcrawltours.com\/wp-content\/uploads\/2019\/07\/logo.png","contentUrl":"https:\/\/rivierabarcrawltours.com\/wp-content\/uploads\/2019\/07\/logo.png","width":479,"height":453,"caption":"Riviera Bar Crawl Tours"},"image":{"@id":"https:\/\/rivierabarcrawltours.com\/#\/schema\/logo\/image\/"},"sameAs":["https:\/\/www.facebook.com\/RivieraBarCrawltours\/","https:\/\/x.com\/rivierabarcrawl"]}]}},"_links":{"self":[{"href":"https:\/\/rivierabarcrawltours.com\/de\/wp-json\/wp\/v2\/pages\/122820","targetHints":{"allow":["GET"]}}],"collection":[{"href":"https:\/\/rivierabarcrawltours.com\/de\/wp-json\/wp\/v2\/pages"}],"about":[{"href":"https:\/\/rivierabarcrawltours.com\/de\/wp-json\/wp\/v2\/types\/page"}],"author":[{"embeddable":true,"href":"https:\/\/rivierabarcrawltours.com\/de\/wp-json\/wp\/v2\/users\/2"}],"replies":[{"embeddable":true,"href":"https:\/\/rivierabarcrawltours.com\/de\/wp-json\/wp\/v2\/comments?post=122820"}],"version-history":[{"count":20,"href":"https:\/\/rivierabarcrawltours.com\/de\/wp-json\/wp\/v2\/pages\/122820\/revisions"}],"predecessor-version":[{"id":125889,"href":"https:\/\/rivierabarcrawltours.com\/de\/wp-json\/wp\/v2\/pages\/122820\/revisions\/125889"}],"wp:featuredmedia":[{"embeddable":true,"href":"https:\/\/rivierabarcrawltours.com\/de\/wp-json\/wp\/v2\/media\/103403"}],"wp:attachment":[{"href":"https:\/\/rivierabarcrawltours.com\/de\/wp-json\/wp\/v2\/media?parent=122820"}],"curies":[{"name":"wp","href":"https:\/\/api.w.org\/{rel}","templated":true}]}}