{"id":122674,"date":"2026-01-23T10:57:53","date_gmt":"2026-01-23T09:57:53","guid":{"rendered":"https:\/\/rivierabarcrawltours.com\/frankreich-bar-crawls\/"},"modified":"2026-02-16T12:32:36","modified_gmt":"2026-02-16T11:32:36","slug":"frankreich-bar-crawls","status":"publish","type":"page","link":"https:\/\/rivierabarcrawltours.com\/de\/frankreich-bar-crawls\/","title":{"rendered":"Frankreich Bar Crawls"},"content":{"rendered":"<div class=\"wpb-content-wrapper\"><p>[vc_row css=&#8220;.vc_custom_1612431259800{margin-top: 40px !important;}&#8220;][vc_column][vc_column_text css=&#8220;&#8220;]<\/p>\n<h2>Erleben Sie die besten Bar Crawls und Pub Crawls in Frankreich<\/h2>\n<p>[\/vc_column_text][vc_column_text css=&#8220;&#8220;]Entdecken Sie die besten <strong>Bar Crawls in Frankreich<\/strong>, mit <strong>\u00f6ffentlichen Bar Crawls<\/strong> f\u00fcr gesellige Partys und <strong>privaten Bar Crawls<\/strong>, die auf Ihre Gruppe zugeschnitten sind. Ganz gleich, ob Sie die Feierlichkeiten <strong>zum St. Patrick&#8217;s Day<\/strong>, einen <strong>Junggesellinnenabschied<\/strong>, eine <strong>Barbesichtigung zum Geburtstag<\/strong> oder einen ausgefeilten <strong>Firmenausflug<\/strong> planen, wir sorgen daf\u00fcr, dass alles von Anfang bis Ende einfach, unterhaltsam und reibungslos verl\u00e4uft. <\/p>\n<p><strong>Warum bei uns buchen?<\/strong><\/p>\n<ul>\n<li><strong>\u00d6ffentliche oder private Optionen<\/strong>: Schlie\u00dfen Sie sich einer lebhaften Gruppe an oder w\u00e4hlen Sie eine ganz individuelle L\u00f6sung f\u00fcr Ihre Crew.<\/li>\n<li><strong>Gebaut f\u00fcr Feiern<\/strong>: St. Patrick&#8217;s, Junggesellinnenabschied, Geburtstage, Firmengruppen &#8211; wie Profis behandelt<\/li>\n<li><strong>Reiseveranstalterfreundlich<\/strong>: zuverl\u00e4ssige Planung, reibungslose Koordination und gruppenf\u00e4hige Erlebnisse<\/li>\n<\/ul>\n<p>Machen Sie sich Sorgen um die Logistik, das Timing oder den Zusammenhalt einer Gruppe? Wir k\u00fcmmern uns um die Planung, damit Sie sich auf den guten Teil konzentrieren k\u00f6nnen: einen unvergesslichen Abend. <\/p>\n<p><strong>Buchen Sie Ihren Bar Crawl in Frankreich noch heute<\/strong> &#8211; w\u00e4hlen Sie einen \u00f6ffentlichen Crawl oder fordern Sie <a href=\"https:\/\/rivierabarcrawltours.com\/de\/kontaktiere-uns\/\">jetzt ein Angebot f\u00fcr eine private Gruppe an<\/a><\/p>\n<p><b>WhatsApp Telefon<\/b> +33 649 244 407<\/p>\n<p><b>E-Mail<\/b> info@rivierabarcrawltours.com[\/vc_column_text][\/vc_column][\/vc_row][vc_row][vc_column width=&#8220;1\/4&#8243; el_class=&#8220;main-col&#8220; css=&#8220;.vc_custom_1612431923475{margin-bottom: 20px !important;}&#8220;][vc_column_text css=&#8220;.vc_custom_1770901873235{background-image: url(https:\/\/rivierabarcrawltours.com\/wp-content\/uploads\/2026\/02\/nice-de-nuit-.jpg?id=125254) !important;}&#8220;]<a href=\"https:\/\/rivierabarcrawltours.com\/de\/tour\/nizza-kneipentour\/\">Nice<\/a>[\/vc_column_text][\/vc_column][vc_column width=&#8220;1\/4&#8243; el_class=&#8220;main-col&#8220; css=&#8220;.vc_custom_1612432008756{margin-bottom: 20px !important;}&#8220;][vc_column_text css=&#8220;.vc_custom_1770890986081{background-image: url(https:\/\/rivierabarcrawltours.com\/wp-content\/uploads\/2026\/02\/paris-by-night.jpg?id=125255) !important;}&#8220;]<a href=\"https:\/\/rivierabarcrawltours.com\/de\/tour\/kneipentour-paris\/\">Paris<\/a>[\/vc_column_text][\/vc_column][vc_column width=&#8220;1\/4&#8243; el_class=&#8220;main-col&#8220; css=&#8220;.vc_custom_1613118716288{margin-bottom: 20px !important;}&#8220;][vc_column_text css=&#8220;.vc_custom_1770891012364{background-image: url(https:\/\/rivierabarcrawltours.com\/wp-content\/uploads\/2026\/02\/Marseille-by-night-.jpg?id=125256) !important;}&#8220;]<a href=\"https:\/\/rivierabarcrawltours.com\/de\/tour\/riviera-bar-crawl-marseille\/\">Marseille<\/a>[\/vc_column_text][\/vc_column][vc_column width=&#8220;1\/4&#8243; el_class=&#8220;main-col&#8220; css=&#8220;.vc_custom_1612432062266{margin-bottom: 20px !important;}&#8220;][vc_column_text css=&#8220;.vc_custom_1770891040645{background-image: url(https:\/\/rivierabarcrawltours.com\/wp-content\/uploads\/2026\/02\/Monaco-by-night.jpg?id=125257) !important;}&#8220;]<a href=\"https:\/\/rivierabarcrawltours.com\/de\/tour\/monaco-kneipentour\/\">Monaco<\/a>[\/vc_column_text][\/vc_column][\/vc_row][vc_row][vc_column width=&#8220;1\/4&#8243; el_class=&#8220;main-col&#8220; css=&#8220;.vc_custom_1612431923475{margin-bottom: 20px !important;}&#8220;][vc_column_text css=&#8220;.vc_custom_1770891093079{background-image: url(https:\/\/rivierabarcrawltours.com\/wp-content\/uploads\/2026\/02\/Lyon-by-night.jpg?id=125258) !important;}&#8220;]<a href=\"https:\/\/rivierabarcrawltours.com\/de\/tour\/riviera-kneipentour-lyon\/\">Lyon<\/a>[\/vc_column_text][\/vc_column][vc_column width=&#8220;1\/4&#8243; el_class=&#8220;main-col&#8220; css=&#8220;.vc_custom_1612432008756{margin-bottom: 20px !important;}&#8220;][vc_column_text css=&#8220;.vc_custom_1770891194594{background-image: url(https:\/\/rivierabarcrawltours.com\/wp-content\/uploads\/2026\/02\/Lille-by-night&#8211;scaled.jpg?id=125259) !important;}&#8220;]<a href=\"https:\/\/rivierabarcrawltours.com\/de\/tour\/riviera-bar-crawl-lille\/\">Lille<\/a>[\/vc_column_text][\/vc_column][vc_column width=&#8220;1\/4&#8243; el_class=&#8220;main-col&#8220; css=&#8220;.vc_custom_1613118716288{margin-bottom: 20px !important;}&#8220;][vc_column_text css=&#8220;.vc_custom_1770891214697{background-image: url(https:\/\/rivierabarcrawltours.com\/wp-content\/uploads\/2026\/02\/Bordeaux-by-night-.jpg?id=125260) !important;}&#8220;]<a href=\"https:\/\/rivierabarcrawltours.com\/de\/tour\/riviera-bar-crawl-bordeaux\/\">Bordeaux<\/a>[\/vc_column_text][\/vc_column][vc_column width=&#8220;1\/4&#8243; el_class=&#8220;main-col&#8220; css=&#8220;.vc_custom_1612432062266{margin-bottom: 20px !important;}&#8220;][vc_column_text css=&#8220;.vc_custom_1770891240060{background-image: url(https:\/\/rivierabarcrawltours.com\/wp-content\/uploads\/2026\/02\/strasbourg-by-night.jpg?id=125261) !important;}&#8220;]<a href=\"https:\/\/rivierabarcrawltours.com\/de\/tour\/riviera-bar-crawl-strassburg\/\">Stra\u00dfburg<\/a>[\/vc_column_text][\/vc_column][\/vc_row][vc_row][vc_column width=&#8220;1\/4&#8243; el_class=&#8220;main-col&#8220; css=&#8220;.vc_custom_1612431923475{margin-bottom: 20px !important;}&#8220;][vc_column_text css=&#8220;.vc_custom_1770891320113{background-image: url(https:\/\/rivierabarcrawltours.com\/wp-content\/uploads\/2026\/02\/Cannes-by-night.jpg?id=125263) !important;}&#8220;]<a href=\"https:\/\/rivierabarcrawltours.com\/de\/tour\/private-kneipentour-in-cannes\/\">Cannes<\/a>[\/vc_column_text][\/vc_column][vc_column width=&#8220;1\/4&#8243; el_class=&#8220;main-col&#8220; css=&#8220;.vc_custom_1612432008756{margin-bottom: 20px !important;}&#8220;][vc_column_text css=&#8220;.vc_custom_1770891329742{background-image: url(https:\/\/rivierabarcrawltours.com\/wp-content\/uploads\/2026\/02\/toulouse-by-night.png?id=125262) !important;}&#8220;]<a href=\"https:\/\/rivierabarcrawltours.com\/de\/tour\/riviera-kneipentour-toulouse\/\">Toulouse<\/a>[\/vc_column_text][\/vc_column][\/vc_row]<\/p>\n<\/div>","protected":false},"excerpt":{"rendered":"<p>[vc_row css=&#8220;.vc_custom_1612431259800{margin-top: 40px !important;}&#8220;][vc_column][vc_column_text css=&#8220;&#8220;] Erleben Sie die besten Bar Crawls und Pub Crawls in Frankreich [\/vc_column_text][vc_column_text css=&#8220;&#8220;]Entdecken Sie die besten Bar Crawls in Frankreich, mit \u00f6ffentlichen Bar Crawls f\u00fcr gesellige Partys und privaten Bar Crawls, die auf Ihre Gruppe zugeschnitten sind. Ganz gleich, ob Sie die Feierlichkeiten zum St. Patrick&#8217;s Day, einen Junggesellinnenabschied, eine [&hellip;]<\/p>\n","protected":false},"author":2,"featured_media":108042,"parent":0,"menu_order":0,"comment_status":"closed","ping_status":"closed","template":"template-home-modern.php","meta":{"_acf_changed":false,"footnotes":""},"class_list":["post-122674","page","type-page","status-publish","has-post-thumbnail","hentry"],"acf":[],"yoast_head":"<!-- This site is optimized with the Yoast SEO plugin v27.4 - https:\/\/yoast.com\/product\/yoast-seo-wordpress\/ -->\n<title>Frankreich Bar Crawls | Riviera Bar Crawl Tours<\/title>\n<meta name=\"description\" content=\"Riviera Bar Crawl Touren: Bar Crawls in Frankreich - \u00f6ffentliche und private Bar Crawls f\u00fcr Junggesellinnen, Geburtstage, Firmengruppen und Reiseveranstalter.\" \/>\n<meta name=\"robots\" content=\"index, follow, max-snippet:-1, max-image-preview:large, max-video-preview:-1\" \/>\n<link rel=\"canonical\" href=\"https:\/\/rivierabarcrawltours.com\/de\/frankreich-bar-crawls\/\" \/>\n<meta property=\"og:locale\" content=\"de_DE\" \/>\n<meta property=\"og:type\" content=\"article\" \/>\n<meta property=\"og:title\" content=\"Frankreich Bar Crawls | Riviera Bar Crawl Tours\" \/>\n<meta property=\"og:description\" content=\"Riviera Bar Crawl Touren: Bar Crawls in Frankreich - \u00f6ffentliche und private Bar Crawls f\u00fcr Junggesellinnen, Geburtstage, Firmengruppen und Reiseveranstalter.\" \/>\n<meta property=\"og:url\" content=\"https:\/\/rivierabarcrawltours.com\/de\/frankreich-bar-crawls\/\" \/>\n<meta property=\"og:site_name\" content=\"Riviera Bar Crawl Tours\" \/>\n<meta property=\"article:publisher\" content=\"https:\/\/www.facebook.com\/RivieraBarCrawltours\/\" \/>\n<meta property=\"article:modified_time\" content=\"2026-02-16T11:32:36+00:00\" \/>\n<meta property=\"og:image\" content=\"https:\/\/rivierabarcrawltours.com\/wp-content\/uploads\/2024\/07\/riviera-pub-crawls-1024x1024.jpg\" \/>\n<meta name=\"twitter:card\" content=\"summary_large_image\" \/>\n<meta name=\"twitter:site\" content=\"@rivierabarcrawl\" \/>\n<meta name=\"twitter:label1\" content=\"Gesch\u00e4tzte Lesezeit\" \/>\n\t<meta name=\"twitter:data1\" content=\"3\u00a0Minuten\" \/>\n<!-- \/ Yoast SEO plugin. -->","yoast_head_json":{"title":"Frankreich Bar Crawls | Riviera Bar Crawl Tours","description":"Riviera Bar Crawl Touren: Bar Crawls in Frankreich - \u00f6ffentliche und private Bar Crawls f\u00fcr Junggesellinnen, Geburtstage, Firmengruppen und Reiseveranstalter.","robots":{"index":"index","follow":"follow","max-snippet":"max-snippet:-1","max-image-preview":"max-image-preview:large","max-video-preview":"max-video-preview:-1"},"canonical":"https:\/\/rivierabarcrawltours.com\/de\/frankreich-bar-crawls\/","og_locale":"de_DE","og_type":"article","og_title":"Frankreich Bar Crawls | Riviera Bar Crawl Tours","og_description":"Riviera Bar Crawl Touren: Bar Crawls in Frankreich - \u00f6ffentliche und private Bar Crawls f\u00fcr Junggesellinnen, Geburtstage, Firmengruppen und Reiseveranstalter.","og_url":"https:\/\/rivierabarcrawltours.com\/de\/frankreich-bar-crawls\/","og_site_name":"Riviera Bar Crawl Tours","article_publisher":"https:\/\/www.facebook.com\/RivieraBarCrawltours\/","article_modified_time":"2026-02-16T11:32:36+00:00","og_image":[{"url":"https:\/\/rivierabarcrawltours.com\/wp-content\/uploads\/2024\/07\/riviera-pub-crawls-1024x1024.jpg","type":"","width":"","height":""}],"twitter_card":"summary_large_image","twitter_site":"@rivierabarcrawl","twitter_misc":{"Gesch\u00e4tzte Lesezeit":"3\u00a0Minuten"},"schema":{"@context":"https:\/\/schema.org","@graph":[{"@type":"WebPage","@id":"https:\/\/rivierabarcrawltours.com\/de\/frankreich-bar-crawls\/","url":"https:\/\/rivierabarcrawltours.com\/de\/frankreich-bar-crawls\/","name":"Frankreich Bar Crawls | Riviera Bar Crawl Tours","isPartOf":{"@id":"https:\/\/rivierabarcrawltours.com\/#website"},"primaryImageOfPage":{"@id":"https:\/\/rivierabarcrawltours.com\/de\/frankreich-bar-crawls\/#primaryimage"},"image":{"@id":"https:\/\/rivierabarcrawltours.com\/de\/frankreich-bar-crawls\/#primaryimage"},"thumbnailUrl":"https:\/\/rivierabarcrawltours.com\/wp-content\/uploads\/2023\/06\/riviera-pub-crawls.jpg","datePublished":"2026-01-23T09:57:53+00:00","dateModified":"2026-02-16T11:32:36+00:00","description":"Riviera Bar Crawl Touren: Bar Crawls in Frankreich - \u00f6ffentliche und private Bar Crawls f\u00fcr Junggesellinnen, Geburtstage, Firmengruppen und Reiseveranstalter.","breadcrumb":{"@id":"https:\/\/rivierabarcrawltours.com\/de\/frankreich-bar-crawls\/#breadcrumb"},"inLanguage":"de","potentialAction":[{"@type":"ReadAction","target":["https:\/\/rivierabarcrawltours.com\/de\/frankreich-bar-crawls\/"]}]},{"@type":"ImageObject","inLanguage":"de","@id":"https:\/\/rivierabarcrawltours.com\/de\/frankreich-bar-crawls\/#primaryimage","url":"https:\/\/rivierabarcrawltours.com\/wp-content\/uploads\/2023\/06\/riviera-pub-crawls.jpg","contentUrl":"https:\/\/rivierabarcrawltours.com\/wp-content\/uploads\/2023\/06\/riviera-pub-crawls.jpg","width":1920,"height":1113,"caption":"sch\u00f6ne Erlebnisse im Nachtleben"},{"@type":"BreadcrumbList","@id":"https:\/\/rivierabarcrawltours.com\/de\/frankreich-bar-crawls\/#breadcrumb","itemListElement":[{"@type":"ListItem","position":1,"name":"Home","item":"https:\/\/rivierabarcrawltours.com\/de\/"},{"@type":"ListItem","position":2,"name":"Frankreich Bar Crawls"}]},{"@type":"WebSite","@id":"https:\/\/rivierabarcrawltours.com\/#website","url":"https:\/\/rivierabarcrawltours.com\/","name":"Riviera Bar Crawl Tours","description":"Fun Day &amp; Night Experiences I Tour operator I Guided Tours I Bar Crawls I Food Tours I","publisher":{"@id":"https:\/\/rivierabarcrawltours.com\/#organization"},"potentialAction":[{"@type":"SearchAction","target":{"@type":"EntryPoint","urlTemplate":"https:\/\/rivierabarcrawltours.com\/?s={search_term_string}"},"query-input":{"@type":"PropertyValueSpecification","valueRequired":true,"valueName":"search_term_string"}}],"inLanguage":"de"},{"@type":"Organization","@id":"https:\/\/rivierabarcrawltours.com\/#organization","name":"Riviera Bar Crawl Tours","url":"https:\/\/rivierabarcrawltours.com\/","logo":{"@type":"ImageObject","inLanguage":"de","@id":"https:\/\/rivierabarcrawltours.com\/#\/schema\/logo\/image\/","url":"https:\/\/rivierabarcrawltours.com\/wp-content\/uploads\/2019\/07\/logo.png","contentUrl":"https:\/\/rivierabarcrawltours.com\/wp-content\/uploads\/2019\/07\/logo.png","width":479,"height":453,"caption":"Riviera Bar Crawl Tours"},"image":{"@id":"https:\/\/rivierabarcrawltours.com\/#\/schema\/logo\/image\/"},"sameAs":["https:\/\/www.facebook.com\/RivieraBarCrawltours\/","https:\/\/x.com\/rivierabarcrawl"]}]}},"_links":{"self":[{"href":"https:\/\/rivierabarcrawltours.com\/de\/wp-json\/wp\/v2\/pages\/122674","targetHints":{"allow":["GET"]}}],"collection":[{"href":"https:\/\/rivierabarcrawltours.com\/de\/wp-json\/wp\/v2\/pages"}],"about":[{"href":"https:\/\/rivierabarcrawltours.com\/de\/wp-json\/wp\/v2\/types\/page"}],"author":[{"embeddable":true,"href":"https:\/\/rivierabarcrawltours.com\/de\/wp-json\/wp\/v2\/users\/2"}],"replies":[{"embeddable":true,"href":"https:\/\/rivierabarcrawltours.com\/de\/wp-json\/wp\/v2\/comments?post=122674"}],"version-history":[{"count":8,"href":"https:\/\/rivierabarcrawltours.com\/de\/wp-json\/wp\/v2\/pages\/122674\/revisions"}],"predecessor-version":[{"id":125640,"href":"https:\/\/rivierabarcrawltours.com\/de\/wp-json\/wp\/v2\/pages\/122674\/revisions\/125640"}],"wp:featuredmedia":[{"embeddable":true,"href":"https:\/\/rivierabarcrawltours.com\/de\/wp-json\/wp\/v2\/media\/108042"}],"wp:attachment":[{"href":"https:\/\/rivierabarcrawltours.com\/de\/wp-json\/wp\/v2\/media?parent=122674"}],"curies":[{"name":"wp","href":"https:\/\/api.w.org\/{rel}","templated":true}]}}